{"id":27651,"date":"2024-06-28T18:40:28","date_gmt":"2024-06-28T18:40:28","guid":{"rendered":"https:\/\/www.danby.com\/fr\/products\/non%20class\u00e9\/dbmw0721bww\/"},"modified":"2026-04-27T10:07:26","modified_gmt":"2026-04-27T10:07:26","slug":"dbmw0721bww","status":"publish","type":"product","link":"https:\/\/www.danby.com\/fr\/products\/fours-a-micro-ondes\/dbmw0721bww\/","title":{"rendered":"Danby 0.7 cu. ft. Countertop Microwave in White"},"content":{"rendered":"","protected":false},"excerpt":{"rendered":"<ul>\n<li>Capacit\u00e9 de 0,7 pi\u00b3, 700 Watts, 10 niveaux de puissance<\/li>\n<li>6 Options de cuisson automatique pratiques : pop-corn, pomme de terre, pizza, l\u00e9gumes surgel\u00e9s, boisson, assiette de d\u00eener<\/li>\n<li>Boutons de cuisson express : 1 \u2013 6 minutes<\/li>\n<li>Ajouter 30 secondes : ajouter du temps de cuisson suppl\u00e9mentaire par tranches de 30 secondes<\/li>\n<li>Options de d\u00e9cong\u00e9lation automatique : D\u00e9cong\u00e9lation par temps ou par poids<\/li>\n<li>Cuisson par dur\u00e9e : cuire selon le temps de cuisson d\u00e9sir\u00e9<\/li>\n<li>Option de verrouillage enfant\/contr\u00f4le : verrouiller le panneau de contr\u00f4le en appuyant sur STOP pendant 3 secondes. Activer le verrouillage de porte en deux \u00e9tapes en appuyant sur 7, 9 et Ouvrir la porte.<\/li>\n<li>Garantie de 12 mois sur les pi\u00e8ces et la main-d&#8217;\u0153uvre avec un service de retour en atelier<\/li>\n<\/ul>\n","protected":false},"featured_media":35313,"comment_status":"open","ping_status":"closed","template":"","meta":{"_acf_changed":false},"product_brand":[],"product_cat":[32],"product_tag":[],"class_list":{"0":"post-27651","1":"product","2":"type-product","3":"status-publish","4":"has-post-thumbnail","6":"product_cat-fours-a-micro-ondes","8":"first","9":"instock","10":"taxable","11":"shipping-taxable","12":"purchasable","13":"product-type-simple"},"acf":[],"yoast_head":"<!-- This site is optimized with the Yoast SEO plugin v27.4 - https:\/\/yoast.com\/product\/yoast-seo-wordpress\/ -->\n<title>Danby 0.7 cu. ft. Countertop Microwave in White - DBMW0721BWW | Danby Canada<\/title>\n<meta name=\"description\" content=\"Le four \u00e0 micro-ondes de comptoir Danby DBMW0721BBB de 0,7 pi\u00b3 en blanc combine fonctionnalit\u00e9 et commodit\u00e9 dans un design \u00e9l\u00e9gant. Avec 700 watts de puissance et 10 niveaux de puissance, il offre un contr\u00f4le pr\u00e9cis de la cuisson. Il dispose de six options de cuisson automatique, y compris popcorn, pomme de terre, pizza, l\u00e9gumes surgel\u00e9s, boisson et assiette de d\u00eener, pour une pr\u00e9paration rapide des repas. Les boutons de cuisson express permettent une cuisson rapide programm\u00e9e de 1 \u00e0 6 minutes, tandis que la fonction ajouter 30 secondes vous permet de prolonger facilement le temps de cuisson. Les options de d\u00e9givrage automatique garantissent un d\u00e9givrage parfait par temps ou par poids. Les fonctionnalit\u00e9s de s\u00e9curit\u00e9 comprennent un verrouillage enfant\/contr\u00f4le et un verrouillage de s\u00e9curit\u00e9 \u00e0 deux \u00e9tapes pour la porte. Ce four \u00e0 micro-ondes est couvert par une garantie de 12 mois sur les pi\u00e8ces et la main-d&#039;\u0153uvre avec service en magasin, ce qui en fait un choix fiable pour toute cuisine.\" \/>\n<meta name=\"robots\" content=\"index, follow, max-snippet:-1, max-image-preview:large, max-video-preview:-1\" \/>\n<link rel=\"canonical\" href=\"https:\/\/www.danby.com\/fr\/products\/fours-a-micro-ondes\/dbmw0721bww\/\" \/>\n<meta property=\"og:locale\" content=\"fr_CA\" \/>\n<meta property=\"og:type\" content=\"article\" \/>\n<meta property=\"og:title\" content=\"Danby 0.7 cu. ft. Countertop Microwave in White - DBMW0721BWW | Danby Canada\" \/>\n<meta property=\"og:description\" content=\"Le four \u00e0 micro-ondes de comptoir Danby DBMW0721BBB de 0,7 pi\u00b3 en blanc combine fonctionnalit\u00e9 et commodit\u00e9 dans un design \u00e9l\u00e9gant. Avec 700 watts de puissance et 10 niveaux de puissance, il offre un contr\u00f4le pr\u00e9cis de la cuisson. Il dispose de six options de cuisson automatique, y compris popcorn, pomme de terre, pizza, l\u00e9gumes surgel\u00e9s, boisson et assiette de d\u00eener, pour une pr\u00e9paration rapide des repas. Les boutons de cuisson express permettent une cuisson rapide programm\u00e9e de 1 \u00e0 6 minutes, tandis que la fonction ajouter 30 secondes vous permet de prolonger facilement le temps de cuisson. Les options de d\u00e9givrage automatique garantissent un d\u00e9givrage parfait par temps ou par poids. Les fonctionnalit\u00e9s de s\u00e9curit\u00e9 comprennent un verrouillage enfant\/contr\u00f4le et un verrouillage de s\u00e9curit\u00e9 \u00e0 deux \u00e9tapes pour la porte. Ce four \u00e0 micro-ondes est couvert par une garantie de 12 mois sur les pi\u00e8ces et la main-d&#039;\u0153uvre avec service en magasin, ce qui en fait un choix fiable pour toute cuisine.\" \/>\n<meta property=\"og:url\" content=\"https:\/\/www.danby.com\/fr\/products\/fours-a-micro-ondes\/dbmw0721bww\/\" \/>\n<meta property=\"og:site_name\" content=\"Danby - Canada - French\" \/>\n<meta property=\"article:publisher\" content=\"https:\/\/www.facebook.com\/DanbyAppliances\" \/>\n<meta property=\"article:modified_time\" content=\"2026-04-27T10:07:26+00:00\" \/>\n<meta property=\"og:image\" content=\"https:\/\/www.danby.com\/fr\/wp-content\/uploads\/sites\/2\/2024\/07\/DBMW0721BWW-002.jpg\" \/>\n\t<meta property=\"og:image:width\" content=\"1885\" \/>\n\t<meta property=\"og:image:height\" content=\"2514\" \/>\n\t<meta property=\"og:image:type\" content=\"image\/jpeg\" \/>\n<meta name=\"twitter:card\" content=\"summary_large_image\" \/>\n<meta name=\"twitter:site\" content=\"@DanbyAppliance\" \/>\n<script type=\"application\/ld+json\" class=\"yoast-schema-graph\">{\"@context\":\"https:\\\/\\\/schema.org\",\"@graph\":[{\"@type\":[\"WebPage\",\"ItemPage\"],\"url\":\"https:\\\/\\\/www.danby.com\\\/fr\\\/products\\\/fours-a-micro-ondes\\\/dbmw0721bww\\\/\",\"name\":\"Danby 0.7 cu. ft. Countertop Microwave in White - DBMW0721BWW | Danby Canada\",\"isPartOf\":[],\"primaryImageOfPage\":[],\"image\":[],\"thumbnailUrl\":\"https:\\\/\\\/www.danby.com\\\/fr\\\/wp-content\\\/uploads\\\/sites\\\/2\\\/2025\\\/10\\\/dbmw0721bww-thumbnail.jpg\",\"datePublished\":\"2024-06-28T18:40:28+00:00\",\"dateModified\":\"2026-04-27T10:07:26+00:00\",\"description\":\"Le four \u00e0 micro-ondes de comptoir Danby DBMW0721BBB de 0,7 pi\u00b3 en blanc combine fonctionnalit\u00e9 et commodit\u00e9 dans un design \u00e9l\u00e9gant. Avec 700 watts de puissance et 10 niveaux de puissance, il offre un contr\u00f4le pr\u00e9cis de la cuisson. Il dispose de six options de cuisson automatique, y compris popcorn, pomme de terre, pizza, l\u00e9gumes surgel\u00e9s, boisson et assiette de d\u00eener, pour une pr\u00e9paration rapide des repas. Les boutons de cuisson express permettent une cuisson rapide programm\u00e9e de 1 \u00e0 6 minutes, tandis que la fonction ajouter 30 secondes vous permet de prolonger facilement le temps de cuisson. Les options de d\u00e9givrage automatique garantissent un d\u00e9givrage parfait par temps ou par poids. Les fonctionnalit\u00e9s de s\u00e9curit\u00e9 comprennent un verrouillage enfant\\\/contr\u00f4le et un verrouillage de s\u00e9curit\u00e9 \u00e0 deux \u00e9tapes pour la porte. Ce four \u00e0 micro-ondes est couvert par une garantie de 12 mois sur les pi\u00e8ces et la main-d'\u0153uvre avec service en magasin, ce qui en fait un choix fiable pour toute cuisine.\",\"breadcrumb\":[],\"inLanguage\":\"fr-CA\",\"potentialAction\":[{\"@type\":\"ReadAction\",\"target\":[\"https:\\\/\\\/www.danby.com\\\/fr\\\/products\\\/fours-a-micro-ondes\\\/dbmw0721bww\\\/\"]}]},{\"@type\":\"ImageObject\",\"inLanguage\":\"fr-CA\",\"url\":\"https:\\\/\\\/www.danby.com\\\/fr\\\/wp-content\\\/uploads\\\/sites\\\/2\\\/2025\\\/10\\\/dbmw0721bww-thumbnail.jpg\",\"contentUrl\":\"https:\\\/\\\/www.danby.com\\\/fr\\\/wp-content\\\/uploads\\\/sites\\\/2\\\/2025\\\/10\\\/dbmw0721bww-thumbnail.jpg\",\"width\":768,\"height\":1024},{\"@type\":\"BreadcrumbList\",\"itemListElement\":[{\"@type\":\"ListItem\",\"position\":1,\"name\":\"Home\",\"item\":\"https:\\\/\\\/www.danby.com\\\/fr\\\/\"},{\"@type\":\"ListItem\",\"position\":2,\"name\":\"Boutique\",\"item\":\"https:\\\/\\\/www.danby.com\\\/fr\\\/boutique\\\/\"},{\"@type\":\"ListItem\",\"position\":3,\"name\":\"Danby 0.7 cu. ft. Countertop Microwave in White\"}]},{\"@type\":\"WebSite\",\"url\":\"https:\\\/\\\/www.danby.com\\\/fr\\\/\",\"name\":\"Danby - Canada - French\",\"description\":\"Leader dans le domaine de la r\u00e9frig\u00e9ration et des appareils sp\u00e9cialis\u00e9s\",\"publisher\":[],\"potentialAction\":[{\"@type\":\"SearchAction\",\"target\":{\"@type\":\"EntryPoint\",\"urlTemplate\":\"https:\\\/\\\/www.danby.com\\\/fr\\\/?s={search_term_string}\"},\"query-input\":{\"@type\":\"PropertyValueSpecification\",\"valueRequired\":true,\"valueName\":\"search_term_string\"}}],\"inLanguage\":\"fr-CA\"},{\"@type\":\"Organization\",\"name\":\"Danby Appliances\",\"url\":\"https:\\\/\\\/www.danby.com\\\/fr\\\/\",\"logo\":{\"@type\":\"ImageObject\",\"inLanguage\":\"fr-CA\",\"url\":\"https:\\\/\\\/cdnweb.danby.com\\\/wp-content\\\/uploads\\\/sites\\\/2\\\/2022\\\/02\\\/10141906\\\/Danby75Ans_Blue.png\",\"contentUrl\":\"https:\\\/\\\/cdnweb.danby.com\\\/wp-content\\\/uploads\\\/sites\\\/2\\\/2022\\\/02\\\/10141906\\\/Danby75Ans_Blue.png\",\"width\":470,\"height\":110,\"caption\":\"Danby Appliances\"},\"image\":[],\"sameAs\":[\"https:\\\/\\\/www.facebook.com\\\/DanbyAppliances\",\"https:\\\/\\\/x.com\\\/DanbyAppliance\",\"https:\\\/\\\/instagram.com\\\/danbyappliances\\\/\",\"https:\\\/\\\/www.linkedin.com\\\/company\\\/danbyappliances\",\"https:\\\/\\\/www.pinterest.ca\\\/danbyappliances\\\/\",\"https:\\\/\\\/www.youtube.com\\\/user\\\/DanbyProducts\",\"https:\\\/\\\/en.wikipedia.org\\\/wiki\\\/Danby_(appliances)\"]}]}<\/script>\n<!-- \/ Yoast SEO plugin. -->","yoast_head_json":{"title":"Danby 0.7 cu. ft. Countertop Microwave in White - DBMW0721BWW | Danby Canada","description":"Le four \u00e0 micro-ondes de comptoir Danby DBMW0721BBB de 0,7 pi\u00b3 en blanc combine fonctionnalit\u00e9 et commodit\u00e9 dans un design \u00e9l\u00e9gant. Avec 700 watts de puissance et 10 niveaux de puissance, il offre un contr\u00f4le pr\u00e9cis de la cuisson. Il dispose de six options de cuisson automatique, y compris popcorn, pomme de terre, pizza, l\u00e9gumes surgel\u00e9s, boisson et assiette de d\u00eener, pour une pr\u00e9paration rapide des repas. Les boutons de cuisson express permettent une cuisson rapide programm\u00e9e de 1 \u00e0 6 minutes, tandis que la fonction ajouter 30 secondes vous permet de prolonger facilement le temps de cuisson. Les options de d\u00e9givrage automatique garantissent un d\u00e9givrage parfait par temps ou par poids. Les fonctionnalit\u00e9s de s\u00e9curit\u00e9 comprennent un verrouillage enfant\/contr\u00f4le et un verrouillage de s\u00e9curit\u00e9 \u00e0 deux \u00e9tapes pour la porte. Ce four \u00e0 micro-ondes est couvert par une garantie de 12 mois sur les pi\u00e8ces et la main-d'\u0153uvre avec service en magasin, ce qui en fait un choix fiable pour toute cuisine.","robots":{"index":"index","follow":"follow","max-snippet":"max-snippet:-1","max-image-preview":"max-image-preview:large","max-video-preview":"max-video-preview:-1"},"canonical":"https:\/\/www.danby.com\/fr\/products\/fours-a-micro-ondes\/dbmw0721bww\/","og_locale":"fr_CA","og_type":"article","og_title":"Danby 0.7 cu. ft. Countertop Microwave in White - DBMW0721BWW | Danby Canada","og_description":"Le four \u00e0 micro-ondes de comptoir Danby DBMW0721BBB de 0,7 pi\u00b3 en blanc combine fonctionnalit\u00e9 et commodit\u00e9 dans un design \u00e9l\u00e9gant. Avec 700 watts de puissance et 10 niveaux de puissance, il offre un contr\u00f4le pr\u00e9cis de la cuisson. Il dispose de six options de cuisson automatique, y compris popcorn, pomme de terre, pizza, l\u00e9gumes surgel\u00e9s, boisson et assiette de d\u00eener, pour une pr\u00e9paration rapide des repas. Les boutons de cuisson express permettent une cuisson rapide programm\u00e9e de 1 \u00e0 6 minutes, tandis que la fonction ajouter 30 secondes vous permet de prolonger facilement le temps de cuisson. Les options de d\u00e9givrage automatique garantissent un d\u00e9givrage parfait par temps ou par poids. Les fonctionnalit\u00e9s de s\u00e9curit\u00e9 comprennent un verrouillage enfant\/contr\u00f4le et un verrouillage de s\u00e9curit\u00e9 \u00e0 deux \u00e9tapes pour la porte. Ce four \u00e0 micro-ondes est couvert par une garantie de 12 mois sur les pi\u00e8ces et la main-d'\u0153uvre avec service en magasin, ce qui en fait un choix fiable pour toute cuisine.","og_url":"https:\/\/www.danby.com\/fr\/products\/fours-a-micro-ondes\/dbmw0721bww\/","og_site_name":"Danby - Canada - French","article_publisher":"https:\/\/www.facebook.com\/DanbyAppliances","article_modified_time":"2026-04-27T10:07:26+00:00","og_image":[{"width":1885,"height":2514,"url":"https:\/\/www.danby.com\/fr\/wp-content\/uploads\/sites\/2\/2024\/07\/DBMW0721BWW-002.jpg","type":"image\/jpeg"}],"twitter_card":"summary_large_image","twitter_site":"@DanbyAppliance","schema":{"@context":"https:\/\/schema.org","@graph":[{"@type":["WebPage","ItemPage"],"url":"https:\/\/www.danby.com\/fr\/products\/fours-a-micro-ondes\/dbmw0721bww\/","name":"Danby 0.7 cu. ft. Countertop Microwave in White - DBMW0721BWW | Danby Canada","isPartOf":[],"primaryImageOfPage":[],"image":[],"thumbnailUrl":"https:\/\/www.danby.com\/fr\/wp-content\/uploads\/sites\/2\/2025\/10\/dbmw0721bww-thumbnail.jpg","datePublished":"2024-06-28T18:40:28+00:00","dateModified":"2026-04-27T10:07:26+00:00","description":"Le four \u00e0 micro-ondes de comptoir Danby DBMW0721BBB de 0,7 pi\u00b3 en blanc combine fonctionnalit\u00e9 et commodit\u00e9 dans un design \u00e9l\u00e9gant. Avec 700 watts de puissance et 10 niveaux de puissance, il offre un contr\u00f4le pr\u00e9cis de la cuisson. Il dispose de six options de cuisson automatique, y compris popcorn, pomme de terre, pizza, l\u00e9gumes surgel\u00e9s, boisson et assiette de d\u00eener, pour une pr\u00e9paration rapide des repas. Les boutons de cuisson express permettent une cuisson rapide programm\u00e9e de 1 \u00e0 6 minutes, tandis que la fonction ajouter 30 secondes vous permet de prolonger facilement le temps de cuisson. Les options de d\u00e9givrage automatique garantissent un d\u00e9givrage parfait par temps ou par poids. Les fonctionnalit\u00e9s de s\u00e9curit\u00e9 comprennent un verrouillage enfant\/contr\u00f4le et un verrouillage de s\u00e9curit\u00e9 \u00e0 deux \u00e9tapes pour la porte. Ce four \u00e0 micro-ondes est couvert par une garantie de 12 mois sur les pi\u00e8ces et la main-d'\u0153uvre avec service en magasin, ce qui en fait un choix fiable pour toute cuisine.","breadcrumb":[],"inLanguage":"fr-CA","potentialAction":[{"@type":"ReadAction","target":["https:\/\/www.danby.com\/fr\/products\/fours-a-micro-ondes\/dbmw0721bww\/"]}]},{"@type":"ImageObject","inLanguage":"fr-CA","url":"https:\/\/www.danby.com\/fr\/wp-content\/uploads\/sites\/2\/2025\/10\/dbmw0721bww-thumbnail.jpg","contentUrl":"https:\/\/www.danby.com\/fr\/wp-content\/uploads\/sites\/2\/2025\/10\/dbmw0721bww-thumbnail.jpg","width":768,"height":1024},{"@type":"BreadcrumbList","itemListElement":[{"@type":"ListItem","position":1,"name":"Home","item":"https:\/\/www.danby.com\/fr\/"},{"@type":"ListItem","position":2,"name":"Boutique","item":"https:\/\/www.danby.com\/fr\/boutique\/"},{"@type":"ListItem","position":3,"name":"Danby 0.7 cu. ft. Countertop Microwave in White"}]},{"@type":"WebSite","url":"https:\/\/www.danby.com\/fr\/","name":"Danby - Canada - French","description":"Leader dans le domaine de la r\u00e9frig\u00e9ration et des appareils sp\u00e9cialis\u00e9s","publisher":[],"potentialAction":[{"@type":"SearchAction","target":{"@type":"EntryPoint","urlTemplate":"https:\/\/www.danby.com\/fr\/?s={search_term_string}"},"query-input":{"@type":"PropertyValueSpecification","valueRequired":true,"valueName":"search_term_string"}}],"inLanguage":"fr-CA"},{"@type":"Organization","name":"Danby Appliances","url":"https:\/\/www.danby.com\/fr\/","logo":{"@type":"ImageObject","inLanguage":"fr-CA","url":"https:\/\/cdnweb.danby.com\/wp-content\/uploads\/sites\/2\/2022\/02\/10141906\/Danby75Ans_Blue.png","contentUrl":"https:\/\/cdnweb.danby.com\/wp-content\/uploads\/sites\/2\/2022\/02\/10141906\/Danby75Ans_Blue.png","width":470,"height":110,"caption":"Danby Appliances"},"image":[],"sameAs":["https:\/\/www.facebook.com\/DanbyAppliances","https:\/\/x.com\/DanbyAppliance","https:\/\/instagram.com\/danbyappliances\/","https:\/\/www.linkedin.com\/company\/danbyappliances","https:\/\/www.pinterest.ca\/danbyappliances\/","https:\/\/www.youtube.com\/user\/DanbyProducts","https:\/\/en.wikipedia.org\/wiki\/Danby_(appliances)"]}]}},"post_mailing_queue_ids":[],"_links":{"self":[{"href":"https:\/\/www.danby.com\/fr\/wp-json\/wp\/v2\/product\/27651","targetHints":{"allow":["GET"]}}],"collection":[{"href":"https:\/\/www.danby.com\/fr\/wp-json\/wp\/v2\/product"}],"about":[{"href":"https:\/\/www.danby.com\/fr\/wp-json\/wp\/v2\/types\/product"}],"replies":[{"embeddable":true,"href":"https:\/\/www.danby.com\/fr\/wp-json\/wp\/v2\/comments?post=27651"}],"wp:featuredmedia":[{"embeddable":true,"href":"https:\/\/www.danby.com\/fr\/wp-json\/wp\/v2\/media\/35313"}],"wp:attachment":[{"href":"https:\/\/www.danby.com\/fr\/wp-json\/wp\/v2\/media?parent=27651"}],"wp:term":[{"taxonomy":"product_brand","embeddable":true,"href":"https:\/\/www.danby.com\/fr\/wp-json\/wp\/v2\/product_brand?post=27651"},{"taxonomy":"product_cat","embeddable":true,"href":"https:\/\/www.danby.com\/fr\/wp-json\/wp\/v2\/product_cat?post=27651"},{"taxonomy":"product_tag","embeddable":true,"href":"https:\/\/www.danby.com\/fr\/wp-json\/wp\/v2\/product_tag?post=27651"}],"curies":[{"name":"wp","href":"https:\/\/api.w.org\/{rel}","templated":true}]}}