{"id":27628,"date":"2024-06-28T13:57:24","date_gmt":"2024-06-28T13:57:24","guid":{"rendered":"https:\/\/www.danby.com\/fr\/products\/non%20class\u00e9\/dbpd07d21bl\/"},"modified":"2026-04-21T10:10:40","modified_gmt":"2026-04-21T10:10:40","slug":"dbpd07d21bl","status":"publish","type":"product","link":"https:\/\/www.danby.com\/fr\/products\/ventilateurs\/dbpd07d21bl\/","title":{"rendered":"Danby Ventilateur de circulation d\u2019air ultra silencieux \u00e0 9 vitesses de 7 pouces avec moteur \u00e0 courant continu en bleu nuit"},"content":{"rendered":"","protected":false},"excerpt":{"rendered":"<ul>\n<li>Design pratique 2-en-1 pour une utilisation sur pied ou sur table.<\/li>\n<li>Oscillation multidirectionnelle : de haut en bas &#8211; 30-60-135\u00b0 (auto) et de c\u00f4t\u00e9 \u00e0 c\u00f4t\u00e9 85\u00b0.<\/li>\n<li>Aromath\u00e9rapie pour une senteur rafra\u00eechissante \u00e0 chaque brise.<\/li>\n<li>Conception \u00e0 double h\u00e9lice pour un refroidissement ultra-silencieux (29 dB).<\/li>\n<li>\u00c9cran tactile LED et t\u00e9l\u00e9commande.<\/li>\n<li>Ventilateur puissant \u00e0 9 vitesses avec un mode vent turbo.<\/li>\n<li>Minuterie de 9 heures.<\/li>\n<li>5 pales de ventilateur.<\/li>\n<li>Filtre \u00e0 air r\u00e9utilisable et lavable.<\/li>\n<li>Moteur DC puissant.<\/li>\n<li>L&#8217;appareil s&#8217;\u00e9teindra automatiquement apr\u00e8s 15 heures d&#8217;utilisation continue pour des raisons de s\u00e9curit\u00e9<\/li>\n<li>Garantie de 5 ans avec service en atelier.<\/li>\n<\/ul>\n","protected":false},"featured_media":35259,"comment_status":"open","ping_status":"closed","template":"","meta":{"_acf_changed":false},"product_brand":[],"product_cat":[1404],"product_tag":[],"class_list":{"0":"post-27628","1":"product","2":"type-product","3":"status-publish","4":"has-post-thumbnail","6":"product_cat-ventilateurs","8":"first","9":"instock","10":"taxable","11":"shipping-taxable","12":"product-type-simple"},"acf":[],"yoast_head":"<!-- This site is optimized with the Yoast SEO plugin v26.7 - https:\/\/yoast.com\/wordpress\/plugins\/seo\/ -->\n<title>Danby Ventilateur de circulation d\u2019air ultra silencieux \u00e0 9 vitesses de 7 pouces avec moteur \u00e0 courant continu en bleu nuit - DBPD07D21BL | Danby Canada<\/title>\n<meta name=\"description\" content=\"D\u00e9couvrez un confort in\u00e9gal\u00e9 avec le ventilateur d&#039;air circulant ultra-silencieux Danby DBPD07D21BL 7 pouces \u00e0 9 vitesses. Con\u00e7u pour \u00eatre polyvalent, son design 2-en-1 pratique permet une utilisation sur pied et sur table. Profitez d&#039;un refroidissement pr\u00e9cis avec une oscillation multidirectionnelle, offrant des mouvements de 30-60-135\u00b0 de haut en bas et 85\u00b0 de c\u00f4t\u00e9 \u00e0 c\u00f4t\u00e9. Am\u00e9liorez votre environnement avec la fonction d&#039;aromath\u00e9rapie int\u00e9gr\u00e9e, diffusant une senteur rafra\u00eechissante \u00e0 chaque brise. La conception \u00e0 double h\u00e9lice garantit un fonctionnement ultra-silencieux \u00e0 seulement 29 dB, parfait pour tous les environnements. Contr\u00f4lez facilement le ventilateur avec l&#039;\u00e9cran tactile LED et la t\u00e9l\u00e9commande, en s\u00e9lectionnant parmi 9 vitesses puissantes et un mode vent turbo. Le ventilateur comprend \u00e9galement une minuterie de 9 heures et un filtre \u00e0 air r\u00e9utilisable et lavable pour plus de commodit\u00e9. Aliment\u00e9 par un moteur DC robuste, ce ventilateur est con\u00e7u pour durer, avec une garantie de 5 ans incluant le service en atelier. Restez au frais et confortable avec le ventilateur d&#039;air circulant innovant de Danby.\" \/>\n<meta name=\"robots\" content=\"index, follow, max-snippet:-1, max-image-preview:large, max-video-preview:-1\" \/>\n<link rel=\"canonical\" href=\"https:\/\/www.danby.com\/fr\/products\/ventilateurs\/dbpd07d21bl\/\" \/>\n<meta property=\"og:locale\" content=\"fr_CA\" \/>\n<meta property=\"og:type\" content=\"article\" \/>\n<meta property=\"og:title\" content=\"Danby Ventilateur de circulation d\u2019air ultra silencieux \u00e0 9 vitesses de 7 pouces avec moteur \u00e0 courant continu en bleu nuit - DBPD07D21BL | Danby Canada\" \/>\n<meta property=\"og:description\" content=\"D\u00e9couvrez un confort in\u00e9gal\u00e9 avec le ventilateur d&#039;air circulant ultra-silencieux Danby DBPD07D21BL 7 pouces \u00e0 9 vitesses. Con\u00e7u pour \u00eatre polyvalent, son design 2-en-1 pratique permet une utilisation sur pied et sur table. Profitez d&#039;un refroidissement pr\u00e9cis avec une oscillation multidirectionnelle, offrant des mouvements de 30-60-135\u00b0 de haut en bas et 85\u00b0 de c\u00f4t\u00e9 \u00e0 c\u00f4t\u00e9. Am\u00e9liorez votre environnement avec la fonction d&#039;aromath\u00e9rapie int\u00e9gr\u00e9e, diffusant une senteur rafra\u00eechissante \u00e0 chaque brise. La conception \u00e0 double h\u00e9lice garantit un fonctionnement ultra-silencieux \u00e0 seulement 29 dB, parfait pour tous les environnements. Contr\u00f4lez facilement le ventilateur avec l&#039;\u00e9cran tactile LED et la t\u00e9l\u00e9commande, en s\u00e9lectionnant parmi 9 vitesses puissantes et un mode vent turbo. Le ventilateur comprend \u00e9galement une minuterie de 9 heures et un filtre \u00e0 air r\u00e9utilisable et lavable pour plus de commodit\u00e9. Aliment\u00e9 par un moteur DC robuste, ce ventilateur est con\u00e7u pour durer, avec une garantie de 5 ans incluant le service en atelier. Restez au frais et confortable avec le ventilateur d&#039;air circulant innovant de Danby.\" \/>\n<meta property=\"og:url\" content=\"https:\/\/www.danby.com\/fr\/products\/ventilateurs\/dbpd07d21bl\/\" \/>\n<meta property=\"og:site_name\" content=\"Danby - Canada - French\" \/>\n<meta property=\"article:publisher\" content=\"https:\/\/www.facebook.com\/DanbyAppliances\" \/>\n<meta property=\"article:modified_time\" content=\"2026-04-21T10:10:40+00:00\" \/>\n<meta property=\"og:image\" content=\"https:\/\/cdnweb.danby.com\/wp-content\/uploads\/sites\/2\/2025\/01\/06124154\/FanThumbnail__0001_DBPD07D21BL.jpg\" \/>\n\t<meta property=\"og:image:width\" content=\"1125\" \/>\n\t<meta property=\"og:image:height\" content=\"1500\" \/>\n\t<meta property=\"og:image:type\" content=\"image\/jpeg\" \/>\n<meta name=\"twitter:card\" content=\"summary_large_image\" \/>\n<meta name=\"twitter:site\" content=\"@DanbyAppliance\" \/>\n<meta name=\"twitter:label1\" content=\"Estimation du temps de lecture\" \/>\n\t<meta name=\"twitter:data1\" content=\"1 minute\" \/>\n<script type=\"application\/ld+json\" class=\"yoast-schema-graph\">{\"@context\":\"https:\/\/schema.org\",\"@graph\":[{\"@type\":[\"WebPage\",\"ItemPage\"],\"url\":\"https:\/\/www.danby.com\/fr\/products\/ventilateurs\/dbpd07d21bl\/\",\"name\":\"Danby Ventilateur de circulation d\u2019air ultra silencieux \u00e0 9 vitesses de 7 pouces avec moteur \u00e0 courant continu en bleu nuit - DBPD07D21BL | Danby Canada\",\"isPartOf\":[],\"primaryImageOfPage\":[],\"image\":[],\"thumbnailUrl\":\"https:\/\/www.danby.com\/fr\/wp-content\/uploads\/sites\/2\/2025\/09\/dbpd07d21bl-thumbnail.jpg\",\"datePublished\":\"2024-06-28T13:57:24+00:00\",\"dateModified\":\"2026-04-21T10:10:40+00:00\",\"description\":\"D\u00e9couvrez un confort in\u00e9gal\u00e9 avec le ventilateur d'air circulant ultra-silencieux Danby DBPD07D21BL 7 pouces \u00e0 9 vitesses. Con\u00e7u pour \u00eatre polyvalent, son design 2-en-1 pratique permet une utilisation sur pied et sur table. Profitez d'un refroidissement pr\u00e9cis avec une oscillation multidirectionnelle, offrant des mouvements de 30-60-135\u00b0 de haut en bas et 85\u00b0 de c\u00f4t\u00e9 \u00e0 c\u00f4t\u00e9. Am\u00e9liorez votre environnement avec la fonction d'aromath\u00e9rapie int\u00e9gr\u00e9e, diffusant une senteur rafra\u00eechissante \u00e0 chaque brise. La conception \u00e0 double h\u00e9lice garantit un fonctionnement ultra-silencieux \u00e0 seulement 29 dB, parfait pour tous les environnements. Contr\u00f4lez facilement le ventilateur avec l'\u00e9cran tactile LED et la t\u00e9l\u00e9commande, en s\u00e9lectionnant parmi 9 vitesses puissantes et un mode vent turbo. Le ventilateur comprend \u00e9galement une minuterie de 9 heures et un filtre \u00e0 air r\u00e9utilisable et lavable pour plus de commodit\u00e9. Aliment\u00e9 par un moteur DC robuste, ce ventilateur est con\u00e7u pour durer, avec une garantie de 5 ans incluant le service en atelier. Restez au frais et confortable avec le ventilateur d'air circulant innovant de Danby.\",\"breadcrumb\":[],\"inLanguage\":\"fr-CA\",\"potentialAction\":[{\"@type\":\"ReadAction\",\"target\":[\"https:\/\/www.danby.com\/fr\/products\/ventilateurs\/dbpd07d21bl\/\"]}]},{\"@type\":\"ImageObject\",\"inLanguage\":\"fr-CA\",\"url\":\"https:\/\/www.danby.com\/fr\/wp-content\/uploads\/sites\/2\/2025\/09\/dbpd07d21bl-thumbnail.jpg\",\"contentUrl\":\"https:\/\/www.danby.com\/fr\/wp-content\/uploads\/sites\/2\/2025\/09\/dbpd07d21bl-thumbnail.jpg\",\"width\":768,\"height\":1024},{\"@type\":\"BreadcrumbList\",\"itemListElement\":[{\"@type\":\"ListItem\",\"position\":1,\"name\":\"Home\",\"item\":\"https:\/\/www.danby.com\/fr\/\"},{\"@type\":\"ListItem\",\"position\":2,\"name\":\"Boutique\",\"item\":\"https:\/\/www.danby.com\/fr\/boutique\/\"},{\"@type\":\"ListItem\",\"position\":3,\"name\":\"Danby Ventilateur de circulation d\u2019air ultra silencieux \u00e0 9 vitesses de 7 pouces avec moteur \u00e0 courant continu en bleu nuit\"}]},{\"@type\":\"WebSite\",\"url\":\"https:\/\/www.danby.com\/fr\/\",\"name\":\"Danby - Canada - French\",\"description\":\"Leader dans le domaine de la r\u00e9frig\u00e9ration et des appareils sp\u00e9cialis\u00e9s\",\"publisher\":[],\"potentialAction\":[{\"@type\":\"SearchAction\",\"target\":{\"@type\":\"EntryPoint\",\"urlTemplate\":\"https:\/\/www.danby.com\/fr\/?s={search_term_string}\"},\"query-input\":{\"@type\":\"PropertyValueSpecification\",\"valueRequired\":true,\"valueName\":\"search_term_string\"}}],\"inLanguage\":\"fr-CA\"},{\"@type\":\"Organization\",\"name\":\"Danby Appliances\",\"url\":\"https:\/\/www.danby.com\/fr\/\",\"logo\":{\"@type\":\"ImageObject\",\"inLanguage\":\"fr-CA\",\"url\":\"https:\/\/cdnweb.danby.com\/wp-content\/uploads\/sites\/2\/2022\/02\/10141906\/Danby75Ans_Blue.png\",\"contentUrl\":\"https:\/\/cdnweb.danby.com\/wp-content\/uploads\/sites\/2\/2022\/02\/10141906\/Danby75Ans_Blue.png\",\"width\":470,\"height\":110,\"caption\":\"Danby Appliances\"},\"image\":[],\"sameAs\":[\"https:\/\/www.facebook.com\/DanbyAppliances\",\"https:\/\/x.com\/DanbyAppliance\",\"https:\/\/instagram.com\/danbyappliances\/\",\"https:\/\/www.linkedin.com\/company\/danbyappliances\",\"https:\/\/www.pinterest.ca\/danbyappliances\/\",\"https:\/\/www.youtube.com\/user\/DanbyProducts\",\"https:\/\/en.wikipedia.org\/wiki\/Danby_(appliances)\"]}]}<\/script>\n<!-- \/ Yoast SEO plugin. -->","yoast_head_json":{"title":"Danby Ventilateur de circulation d\u2019air ultra silencieux \u00e0 9 vitesses de 7 pouces avec moteur \u00e0 courant continu en bleu nuit - DBPD07D21BL | Danby Canada","description":"D\u00e9couvrez un confort in\u00e9gal\u00e9 avec le ventilateur d'air circulant ultra-silencieux Danby DBPD07D21BL 7 pouces \u00e0 9 vitesses. Con\u00e7u pour \u00eatre polyvalent, son design 2-en-1 pratique permet une utilisation sur pied et sur table. Profitez d'un refroidissement pr\u00e9cis avec une oscillation multidirectionnelle, offrant des mouvements de 30-60-135\u00b0 de haut en bas et 85\u00b0 de c\u00f4t\u00e9 \u00e0 c\u00f4t\u00e9. Am\u00e9liorez votre environnement avec la fonction d'aromath\u00e9rapie int\u00e9gr\u00e9e, diffusant une senteur rafra\u00eechissante \u00e0 chaque brise. La conception \u00e0 double h\u00e9lice garantit un fonctionnement ultra-silencieux \u00e0 seulement 29 dB, parfait pour tous les environnements. Contr\u00f4lez facilement le ventilateur avec l'\u00e9cran tactile LED et la t\u00e9l\u00e9commande, en s\u00e9lectionnant parmi 9 vitesses puissantes et un mode vent turbo. Le ventilateur comprend \u00e9galement une minuterie de 9 heures et un filtre \u00e0 air r\u00e9utilisable et lavable pour plus de commodit\u00e9. Aliment\u00e9 par un moteur DC robuste, ce ventilateur est con\u00e7u pour durer, avec une garantie de 5 ans incluant le service en atelier. Restez au frais et confortable avec le ventilateur d'air circulant innovant de Danby.","robots":{"index":"index","follow":"follow","max-snippet":"max-snippet:-1","max-image-preview":"max-image-preview:large","max-video-preview":"max-video-preview:-1"},"canonical":"https:\/\/www.danby.com\/fr\/products\/ventilateurs\/dbpd07d21bl\/","og_locale":"fr_CA","og_type":"article","og_title":"Danby Ventilateur de circulation d\u2019air ultra silencieux \u00e0 9 vitesses de 7 pouces avec moteur \u00e0 courant continu en bleu nuit - DBPD07D21BL | Danby Canada","og_description":"D\u00e9couvrez un confort in\u00e9gal\u00e9 avec le ventilateur d'air circulant ultra-silencieux Danby DBPD07D21BL 7 pouces \u00e0 9 vitesses. Con\u00e7u pour \u00eatre polyvalent, son design 2-en-1 pratique permet une utilisation sur pied et sur table. Profitez d'un refroidissement pr\u00e9cis avec une oscillation multidirectionnelle, offrant des mouvements de 30-60-135\u00b0 de haut en bas et 85\u00b0 de c\u00f4t\u00e9 \u00e0 c\u00f4t\u00e9. Am\u00e9liorez votre environnement avec la fonction d'aromath\u00e9rapie int\u00e9gr\u00e9e, diffusant une senteur rafra\u00eechissante \u00e0 chaque brise. La conception \u00e0 double h\u00e9lice garantit un fonctionnement ultra-silencieux \u00e0 seulement 29 dB, parfait pour tous les environnements. Contr\u00f4lez facilement le ventilateur avec l'\u00e9cran tactile LED et la t\u00e9l\u00e9commande, en s\u00e9lectionnant parmi 9 vitesses puissantes et un mode vent turbo. Le ventilateur comprend \u00e9galement une minuterie de 9 heures et un filtre \u00e0 air r\u00e9utilisable et lavable pour plus de commodit\u00e9. Aliment\u00e9 par un moteur DC robuste, ce ventilateur est con\u00e7u pour durer, avec une garantie de 5 ans incluant le service en atelier. Restez au frais et confortable avec le ventilateur d'air circulant innovant de Danby.","og_url":"https:\/\/www.danby.com\/fr\/products\/ventilateurs\/dbpd07d21bl\/","og_site_name":"Danby - Canada - French","article_publisher":"https:\/\/www.facebook.com\/DanbyAppliances","article_modified_time":"2026-04-21T10:10:40+00:00","og_image":[{"width":1125,"height":1500,"url":"https:\/\/cdnweb.danby.com\/wp-content\/uploads\/sites\/2\/2025\/01\/06124154\/FanThumbnail__0001_DBPD07D21BL.jpg","type":"image\/jpeg"}],"twitter_card":"summary_large_image","twitter_site":"@DanbyAppliance","twitter_misc":{"Estimation du temps de lecture":"1 minute"},"schema":{"@context":"https:\/\/schema.org","@graph":[{"@type":["WebPage","ItemPage"],"url":"https:\/\/www.danby.com\/fr\/products\/ventilateurs\/dbpd07d21bl\/","name":"Danby Ventilateur de circulation d\u2019air ultra silencieux \u00e0 9 vitesses de 7 pouces avec moteur \u00e0 courant continu en bleu nuit - DBPD07D21BL | Danby Canada","isPartOf":[],"primaryImageOfPage":[],"image":[],"thumbnailUrl":"https:\/\/www.danby.com\/fr\/wp-content\/uploads\/sites\/2\/2025\/09\/dbpd07d21bl-thumbnail.jpg","datePublished":"2024-06-28T13:57:24+00:00","dateModified":"2026-04-21T10:10:40+00:00","description":"D\u00e9couvrez un confort in\u00e9gal\u00e9 avec le ventilateur d'air circulant ultra-silencieux Danby DBPD07D21BL 7 pouces \u00e0 9 vitesses. Con\u00e7u pour \u00eatre polyvalent, son design 2-en-1 pratique permet une utilisation sur pied et sur table. Profitez d'un refroidissement pr\u00e9cis avec une oscillation multidirectionnelle, offrant des mouvements de 30-60-135\u00b0 de haut en bas et 85\u00b0 de c\u00f4t\u00e9 \u00e0 c\u00f4t\u00e9. Am\u00e9liorez votre environnement avec la fonction d'aromath\u00e9rapie int\u00e9gr\u00e9e, diffusant une senteur rafra\u00eechissante \u00e0 chaque brise. La conception \u00e0 double h\u00e9lice garantit un fonctionnement ultra-silencieux \u00e0 seulement 29 dB, parfait pour tous les environnements. Contr\u00f4lez facilement le ventilateur avec l'\u00e9cran tactile LED et la t\u00e9l\u00e9commande, en s\u00e9lectionnant parmi 9 vitesses puissantes et un mode vent turbo. Le ventilateur comprend \u00e9galement une minuterie de 9 heures et un filtre \u00e0 air r\u00e9utilisable et lavable pour plus de commodit\u00e9. Aliment\u00e9 par un moteur DC robuste, ce ventilateur est con\u00e7u pour durer, avec une garantie de 5 ans incluant le service en atelier. Restez au frais et confortable avec le ventilateur d'air circulant innovant de Danby.","breadcrumb":[],"inLanguage":"fr-CA","potentialAction":[{"@type":"ReadAction","target":["https:\/\/www.danby.com\/fr\/products\/ventilateurs\/dbpd07d21bl\/"]}]},{"@type":"ImageObject","inLanguage":"fr-CA","url":"https:\/\/www.danby.com\/fr\/wp-content\/uploads\/sites\/2\/2025\/09\/dbpd07d21bl-thumbnail.jpg","contentUrl":"https:\/\/www.danby.com\/fr\/wp-content\/uploads\/sites\/2\/2025\/09\/dbpd07d21bl-thumbnail.jpg","width":768,"height":1024},{"@type":"BreadcrumbList","itemListElement":[{"@type":"ListItem","position":1,"name":"Home","item":"https:\/\/www.danby.com\/fr\/"},{"@type":"ListItem","position":2,"name":"Boutique","item":"https:\/\/www.danby.com\/fr\/boutique\/"},{"@type":"ListItem","position":3,"name":"Danby Ventilateur de circulation d\u2019air ultra silencieux \u00e0 9 vitesses de 7 pouces avec moteur \u00e0 courant continu en bleu nuit"}]},{"@type":"WebSite","url":"https:\/\/www.danby.com\/fr\/","name":"Danby - Canada - French","description":"Leader dans le domaine de la r\u00e9frig\u00e9ration et des appareils sp\u00e9cialis\u00e9s","publisher":[],"potentialAction":[{"@type":"SearchAction","target":{"@type":"EntryPoint","urlTemplate":"https:\/\/www.danby.com\/fr\/?s={search_term_string}"},"query-input":{"@type":"PropertyValueSpecification","valueRequired":true,"valueName":"search_term_string"}}],"inLanguage":"fr-CA"},{"@type":"Organization","name":"Danby Appliances","url":"https:\/\/www.danby.com\/fr\/","logo":{"@type":"ImageObject","inLanguage":"fr-CA","url":"https:\/\/cdnweb.danby.com\/wp-content\/uploads\/sites\/2\/2022\/02\/10141906\/Danby75Ans_Blue.png","contentUrl":"https:\/\/cdnweb.danby.com\/wp-content\/uploads\/sites\/2\/2022\/02\/10141906\/Danby75Ans_Blue.png","width":470,"height":110,"caption":"Danby Appliances"},"image":[],"sameAs":["https:\/\/www.facebook.com\/DanbyAppliances","https:\/\/x.com\/DanbyAppliance","https:\/\/instagram.com\/danbyappliances\/","https:\/\/www.linkedin.com\/company\/danbyappliances","https:\/\/www.pinterest.ca\/danbyappliances\/","https:\/\/www.youtube.com\/user\/DanbyProducts","https:\/\/en.wikipedia.org\/wiki\/Danby_(appliances)"]}]}},"post_mailing_queue_ids":[],"_links":{"self":[{"href":"https:\/\/www.danby.com\/fr\/wp-json\/wp\/v2\/product\/27628","targetHints":{"allow":["GET"]}}],"collection":[{"href":"https:\/\/www.danby.com\/fr\/wp-json\/wp\/v2\/product"}],"about":[{"href":"https:\/\/www.danby.com\/fr\/wp-json\/wp\/v2\/types\/product"}],"replies":[{"embeddable":true,"href":"https:\/\/www.danby.com\/fr\/wp-json\/wp\/v2\/comments?post=27628"}],"wp:featuredmedia":[{"embeddable":true,"href":"https:\/\/www.danby.com\/fr\/wp-json\/wp\/v2\/media\/35259"}],"wp:attachment":[{"href":"https:\/\/www.danby.com\/fr\/wp-json\/wp\/v2\/media?parent=27628"}],"wp:term":[{"taxonomy":"product_brand","embeddable":true,"href":"https:\/\/www.danby.com\/fr\/wp-json\/wp\/v2\/product_brand?post=27628"},{"taxonomy":"product_cat","embeddable":true,"href":"https:\/\/www.danby.com\/fr\/wp-json\/wp\/v2\/product_cat?post=27628"},{"taxonomy":"product_tag","embeddable":true,"href":"https:\/\/www.danby.com\/fr\/wp-json\/wp\/v2\/product_tag?post=27628"}],"curies":[{"name":"wp","href":"https:\/\/api.w.org\/{rel}","templated":true}]}}