{"id":27473,"date":"2024-06-17T19:35:07","date_gmt":"2024-06-17T19:35:07","guid":{"rendered":"https:\/\/www.danby.com\/fr\/products\/non%20class\u00e9\/dac140ebibdb\/"},"modified":"2026-04-06T10:03:54","modified_gmt":"2026-04-06T10:03:54","slug":"dac140ebibdb","status":"publish","type":"product","link":"https:\/\/www.danby.com\/fr\/products\/climatiseurs-de-fenetre\/dac140ebibdb\/","title":{"rendered":"Climatiseur de fen\u00eatre Danby de 14 000 BTU avec inverseur et Wi-Fi en noir"},"content":{"rendered":"","protected":false},"excerpt":{"rendered":"<ul>\n<li>Climatiseur de fen\u00eatre \u00e0 inverseur de 14 000 BTU refroidit jusqu&#8217;\u00e0 650 pieds carr\u00e9s.<\/li>\n<li>Compresseur \u00e0 inverseur : Super silencieux, efficace et \u00e9conome en \u00e9nergie.<\/li>\n<li>Capacit\u00e9 Wi-Fi &#8211; Google et Alexa.<\/li>\n<li>Niveau de bruit &#8211; aussi bas que 52 dB.<\/li>\n<li>T\u00e9l\u00e9commande avec pile de 8 ans de dur\u00e9e de vie (piles Duracell).<\/li>\n<li>Mode veille.<\/li>\n<li>Interrupteur \u00e9conomiseur d&#8217;\u00e9nergie.<\/li>\n<li>Soupape d&#8217;air frais permettant \u00e0 l&#8217;air ext\u00e9rieur d&#8217;entrer dans la pi\u00e8ce.<\/li>\n<li>Mode sec.<\/li>\n<li>Mode de refroidissement rapide.<\/li>\n<li>Direction de l&#8217;air \u00e0 quatre voies.<\/li>\n<li>Minuterie de 24 heures.<\/li>\n<\/ul>\n","protected":false},"featured_media":35481,"comment_status":"open","ping_status":"closed","template":"","meta":{"_acf_changed":false},"product_brand":[],"product_cat":[40],"product_tag":[],"class_list":{"0":"post-27473","1":"product","2":"type-product","3":"status-publish","4":"has-post-thumbnail","6":"product_cat-climatiseurs-de-fenetre","8":"first","9":"outofstock","10":"taxable","11":"shipping-taxable","12":"product-type-simple"},"acf":[],"yoast_head":"<!-- This site is optimized with the Yoast SEO plugin v26.7 - https:\/\/yoast.com\/wordpress\/plugins\/seo\/ -->\n<title>Climatiseur de fen\u00eatre Danby de 14 000 BTU avec inverseur et Wi-Fi en noir - DAC140EBIBDB | Danby Canada<\/title>\n<meta name=\"description\" content=\"Voici notre climatiseur de fen\u00eatre avanc\u00e9 de 14 000 BTU avec technologie d&#039;inverseur et connectivit\u00e9 Wi-Fi, con\u00e7u pour rafra\u00eechir facilement des espaces jusqu&#039;\u00e0 650 pieds carr\u00e9s. Dot\u00e9 d&#039;un compresseur \u00e0 inverseur ultra-silencieux et \u00e9conome en \u00e9nergie, cet appareil garantit des performances optimales tout en maintenant le niveau sonore aussi bas que 52 dB. Gr\u00e2ce \u00e0 sa capacit\u00e9 Wi-Fi compatible avec Google et Alexa, vous pouvez contr\u00f4ler l&#039;appareil de n&#039;importe o\u00f9 via votre smartphone. Profitez d&#039;un confort personnalis\u00e9 avec des fonctionnalit\u00e9s telles que le mode sommeil, l&#039;interrupteur d&#039;\u00e9conomie d&#039;\u00e9nergie et une vanne d&#039;air frais pour une meilleure circulation de l&#039;air. L&#039;appareil offre \u00e9galement des options de refroidissement polyvalentes, y compris le mode sec et le mode refroidissement rapide, ainsi qu&#039;un minuteur de 24 heures et une fonction &quot;suivez-moi&quot; pour plus de commodit\u00e9. Avec sa certification Energy Star, ce climatiseur est id\u00e9al pour \u00e9conomiser l&#039;\u00e9nergie. De plus, avec des commandes LED, un filtre \u00e0 air lavable r\u00e9utilisable et une garantie de 2 ans avec service \u00e0 domicile, c&#039;est le choix parfait pour rafra\u00eechir votre maison efficacement.\" \/>\n<meta name=\"robots\" content=\"index, follow, max-snippet:-1, max-image-preview:large, max-video-preview:-1\" \/>\n<link rel=\"canonical\" href=\"https:\/\/www.danby.com\/fr\/products\/climatiseurs-de-fenetre\/dac140ebibdb\/\" \/>\n<meta property=\"og:locale\" content=\"fr_CA\" \/>\n<meta property=\"og:type\" content=\"article\" \/>\n<meta property=\"og:title\" content=\"Climatiseur de fen\u00eatre Danby de 14 000 BTU avec inverseur et Wi-Fi en noir - DAC140EBIBDB | Danby Canada\" \/>\n<meta property=\"og:description\" content=\"Voici notre climatiseur de fen\u00eatre avanc\u00e9 de 14 000 BTU avec technologie d&#039;inverseur et connectivit\u00e9 Wi-Fi, con\u00e7u pour rafra\u00eechir facilement des espaces jusqu&#039;\u00e0 650 pieds carr\u00e9s. Dot\u00e9 d&#039;un compresseur \u00e0 inverseur ultra-silencieux et \u00e9conome en \u00e9nergie, cet appareil garantit des performances optimales tout en maintenant le niveau sonore aussi bas que 52 dB. Gr\u00e2ce \u00e0 sa capacit\u00e9 Wi-Fi compatible avec Google et Alexa, vous pouvez contr\u00f4ler l&#039;appareil de n&#039;importe o\u00f9 via votre smartphone. Profitez d&#039;un confort personnalis\u00e9 avec des fonctionnalit\u00e9s telles que le mode sommeil, l&#039;interrupteur d&#039;\u00e9conomie d&#039;\u00e9nergie et une vanne d&#039;air frais pour une meilleure circulation de l&#039;air. L&#039;appareil offre \u00e9galement des options de refroidissement polyvalentes, y compris le mode sec et le mode refroidissement rapide, ainsi qu&#039;un minuteur de 24 heures et une fonction &quot;suivez-moi&quot; pour plus de commodit\u00e9. Avec sa certification Energy Star, ce climatiseur est id\u00e9al pour \u00e9conomiser l&#039;\u00e9nergie. De plus, avec des commandes LED, un filtre \u00e0 air lavable r\u00e9utilisable et une garantie de 2 ans avec service \u00e0 domicile, c&#039;est le choix parfait pour rafra\u00eechir votre maison efficacement.\" \/>\n<meta property=\"og:url\" content=\"https:\/\/www.danby.com\/fr\/products\/climatiseurs-de-fenetre\/dac140ebibdb\/\" \/>\n<meta property=\"og:site_name\" content=\"Danby - Canada - French\" \/>\n<meta property=\"article:publisher\" content=\"https:\/\/www.facebook.com\/DanbyAppliances\" \/>\n<meta property=\"article:modified_time\" content=\"2026-04-06T10:03:54+00:00\" \/>\n<meta property=\"og:image\" content=\"https:\/\/cdnweb.danby.com\/wp-content\/uploads\/sites\/2\/2024\/06\/21144744\/DAC140EBIBDB-005.jpg\" \/>\n\t<meta property=\"og:image:width\" content=\"1499\" \/>\n\t<meta property=\"og:image:height\" content=\"1999\" \/>\n\t<meta property=\"og:image:type\" content=\"image\/jpeg\" \/>\n<meta name=\"twitter:card\" content=\"summary_large_image\" \/>\n<meta name=\"twitter:site\" content=\"@DanbyAppliance\" \/>\n<meta name=\"twitter:label1\" content=\"Estimation du temps de lecture\" \/>\n\t<meta name=\"twitter:data1\" content=\"1 minute\" \/>\n<script type=\"application\/ld+json\" class=\"yoast-schema-graph\">{\"@context\":\"https:\/\/schema.org\",\"@graph\":[{\"@type\":[\"WebPage\",\"ItemPage\"],\"url\":\"https:\/\/www.danby.com\/fr\/products\/climatiseurs-de-fenetre\/dac140ebibdb\/\",\"name\":\"Climatiseur de fen\u00eatre Danby de 14 000 BTU avec inverseur et Wi-Fi en noir - DAC140EBIBDB | Danby Canada\",\"isPartOf\":[],\"primaryImageOfPage\":[],\"image\":[],\"thumbnailUrl\":\"https:\/\/www.danby.com\/fr\/wp-content\/uploads\/sites\/2\/2025\/10\/dac140ebibdb-thumbnail.jpg\",\"datePublished\":\"2024-06-17T19:35:07+00:00\",\"dateModified\":\"2026-04-06T10:03:54+00:00\",\"description\":\"Voici notre climatiseur de fen\u00eatre avanc\u00e9 de 14 000 BTU avec technologie d'inverseur et connectivit\u00e9 Wi-Fi, con\u00e7u pour rafra\u00eechir facilement des espaces jusqu'\u00e0 650 pieds carr\u00e9s. Dot\u00e9 d'un compresseur \u00e0 inverseur ultra-silencieux et \u00e9conome en \u00e9nergie, cet appareil garantit des performances optimales tout en maintenant le niveau sonore aussi bas que 52 dB. Gr\u00e2ce \u00e0 sa capacit\u00e9 Wi-Fi compatible avec Google et Alexa, vous pouvez contr\u00f4ler l'appareil de n'importe o\u00f9 via votre smartphone. Profitez d'un confort personnalis\u00e9 avec des fonctionnalit\u00e9s telles que le mode sommeil, l'interrupteur d'\u00e9conomie d'\u00e9nergie et une vanne d'air frais pour une meilleure circulation de l'air. L'appareil offre \u00e9galement des options de refroidissement polyvalentes, y compris le mode sec et le mode refroidissement rapide, ainsi qu'un minuteur de 24 heures et une fonction \\\"suivez-moi\\\" pour plus de commodit\u00e9. Avec sa certification Energy Star, ce climatiseur est id\u00e9al pour \u00e9conomiser l'\u00e9nergie. De plus, avec des commandes LED, un filtre \u00e0 air lavable r\u00e9utilisable et une garantie de 2 ans avec service \u00e0 domicile, c'est le choix parfait pour rafra\u00eechir votre maison efficacement.\",\"breadcrumb\":[],\"inLanguage\":\"fr-CA\",\"potentialAction\":[{\"@type\":\"ReadAction\",\"target\":[\"https:\/\/www.danby.com\/fr\/products\/climatiseurs-de-fenetre\/dac140ebibdb\/\"]}]},{\"@type\":\"ImageObject\",\"inLanguage\":\"fr-CA\",\"url\":\"https:\/\/www.danby.com\/fr\/wp-content\/uploads\/sites\/2\/2025\/10\/dac140ebibdb-thumbnail.jpg\",\"contentUrl\":\"https:\/\/www.danby.com\/fr\/wp-content\/uploads\/sites\/2\/2025\/10\/dac140ebibdb-thumbnail.jpg\",\"width\":768,\"height\":1024},{\"@type\":\"BreadcrumbList\",\"itemListElement\":[{\"@type\":\"ListItem\",\"position\":1,\"name\":\"Home\",\"item\":\"https:\/\/www.danby.com\/fr\/\"},{\"@type\":\"ListItem\",\"position\":2,\"name\":\"Boutique\",\"item\":\"https:\/\/www.danby.com\/fr\/boutique\/\"},{\"@type\":\"ListItem\",\"position\":3,\"name\":\"Climatiseur de fen\u00eatre Danby de 14 000 BTU avec inverseur et Wi-Fi en noir\"}]},{\"@type\":\"WebSite\",\"url\":\"https:\/\/www.danby.com\/fr\/\",\"name\":\"Danby - Canada - French\",\"description\":\"Leader dans le domaine de la r\u00e9frig\u00e9ration et des appareils sp\u00e9cialis\u00e9s\",\"publisher\":[],\"potentialAction\":[{\"@type\":\"SearchAction\",\"target\":{\"@type\":\"EntryPoint\",\"urlTemplate\":\"https:\/\/www.danby.com\/fr\/?s={search_term_string}\"},\"query-input\":{\"@type\":\"PropertyValueSpecification\",\"valueRequired\":true,\"valueName\":\"search_term_string\"}}],\"inLanguage\":\"fr-CA\"},{\"@type\":\"Organization\",\"name\":\"Danby Appliances\",\"url\":\"https:\/\/www.danby.com\/fr\/\",\"logo\":{\"@type\":\"ImageObject\",\"inLanguage\":\"fr-CA\",\"url\":\"https:\/\/cdnweb.danby.com\/wp-content\/uploads\/sites\/2\/2022\/02\/10141906\/Danby75Ans_Blue.png\",\"contentUrl\":\"https:\/\/cdnweb.danby.com\/wp-content\/uploads\/sites\/2\/2022\/02\/10141906\/Danby75Ans_Blue.png\",\"width\":470,\"height\":110,\"caption\":\"Danby Appliances\"},\"image\":[],\"sameAs\":[\"https:\/\/www.facebook.com\/DanbyAppliances\",\"https:\/\/x.com\/DanbyAppliance\",\"https:\/\/instagram.com\/danbyappliances\/\",\"https:\/\/www.linkedin.com\/company\/danbyappliances\",\"https:\/\/www.pinterest.ca\/danbyappliances\/\",\"https:\/\/www.youtube.com\/user\/DanbyProducts\",\"https:\/\/en.wikipedia.org\/wiki\/Danby_(appliances)\"]}]}<\/script>\n<!-- \/ Yoast SEO plugin. -->","yoast_head_json":{"title":"Climatiseur de fen\u00eatre Danby de 14 000 BTU avec inverseur et Wi-Fi en noir - DAC140EBIBDB | Danby Canada","description":"Voici notre climatiseur de fen\u00eatre avanc\u00e9 de 14 000 BTU avec technologie d'inverseur et connectivit\u00e9 Wi-Fi, con\u00e7u pour rafra\u00eechir facilement des espaces jusqu'\u00e0 650 pieds carr\u00e9s. Dot\u00e9 d'un compresseur \u00e0 inverseur ultra-silencieux et \u00e9conome en \u00e9nergie, cet appareil garantit des performances optimales tout en maintenant le niveau sonore aussi bas que 52 dB. Gr\u00e2ce \u00e0 sa capacit\u00e9 Wi-Fi compatible avec Google et Alexa, vous pouvez contr\u00f4ler l'appareil de n'importe o\u00f9 via votre smartphone. Profitez d'un confort personnalis\u00e9 avec des fonctionnalit\u00e9s telles que le mode sommeil, l'interrupteur d'\u00e9conomie d'\u00e9nergie et une vanne d'air frais pour une meilleure circulation de l'air. L'appareil offre \u00e9galement des options de refroidissement polyvalentes, y compris le mode sec et le mode refroidissement rapide, ainsi qu'un minuteur de 24 heures et une fonction \"suivez-moi\" pour plus de commodit\u00e9. Avec sa certification Energy Star, ce climatiseur est id\u00e9al pour \u00e9conomiser l'\u00e9nergie. De plus, avec des commandes LED, un filtre \u00e0 air lavable r\u00e9utilisable et une garantie de 2 ans avec service \u00e0 domicile, c'est le choix parfait pour rafra\u00eechir votre maison efficacement.","robots":{"index":"index","follow":"follow","max-snippet":"max-snippet:-1","max-image-preview":"max-image-preview:large","max-video-preview":"max-video-preview:-1"},"canonical":"https:\/\/www.danby.com\/fr\/products\/climatiseurs-de-fenetre\/dac140ebibdb\/","og_locale":"fr_CA","og_type":"article","og_title":"Climatiseur de fen\u00eatre Danby de 14 000 BTU avec inverseur et Wi-Fi en noir - DAC140EBIBDB | Danby Canada","og_description":"Voici notre climatiseur de fen\u00eatre avanc\u00e9 de 14 000 BTU avec technologie d'inverseur et connectivit\u00e9 Wi-Fi, con\u00e7u pour rafra\u00eechir facilement des espaces jusqu'\u00e0 650 pieds carr\u00e9s. Dot\u00e9 d'un compresseur \u00e0 inverseur ultra-silencieux et \u00e9conome en \u00e9nergie, cet appareil garantit des performances optimales tout en maintenant le niveau sonore aussi bas que 52 dB. Gr\u00e2ce \u00e0 sa capacit\u00e9 Wi-Fi compatible avec Google et Alexa, vous pouvez contr\u00f4ler l'appareil de n'importe o\u00f9 via votre smartphone. Profitez d'un confort personnalis\u00e9 avec des fonctionnalit\u00e9s telles que le mode sommeil, l'interrupteur d'\u00e9conomie d'\u00e9nergie et une vanne d'air frais pour une meilleure circulation de l'air. L'appareil offre \u00e9galement des options de refroidissement polyvalentes, y compris le mode sec et le mode refroidissement rapide, ainsi qu'un minuteur de 24 heures et une fonction \"suivez-moi\" pour plus de commodit\u00e9. Avec sa certification Energy Star, ce climatiseur est id\u00e9al pour \u00e9conomiser l'\u00e9nergie. De plus, avec des commandes LED, un filtre \u00e0 air lavable r\u00e9utilisable et une garantie de 2 ans avec service \u00e0 domicile, c'est le choix parfait pour rafra\u00eechir votre maison efficacement.","og_url":"https:\/\/www.danby.com\/fr\/products\/climatiseurs-de-fenetre\/dac140ebibdb\/","og_site_name":"Danby - Canada - French","article_publisher":"https:\/\/www.facebook.com\/DanbyAppliances","article_modified_time":"2026-04-06T10:03:54+00:00","og_image":[{"width":1499,"height":1999,"url":"https:\/\/cdnweb.danby.com\/wp-content\/uploads\/sites\/2\/2024\/06\/21144744\/DAC140EBIBDB-005.jpg","type":"image\/jpeg"}],"twitter_card":"summary_large_image","twitter_site":"@DanbyAppliance","twitter_misc":{"Estimation du temps de lecture":"1 minute"},"schema":{"@context":"https:\/\/schema.org","@graph":[{"@type":["WebPage","ItemPage"],"url":"https:\/\/www.danby.com\/fr\/products\/climatiseurs-de-fenetre\/dac140ebibdb\/","name":"Climatiseur de fen\u00eatre Danby de 14 000 BTU avec inverseur et Wi-Fi en noir - DAC140EBIBDB | Danby Canada","isPartOf":[],"primaryImageOfPage":[],"image":[],"thumbnailUrl":"https:\/\/www.danby.com\/fr\/wp-content\/uploads\/sites\/2\/2025\/10\/dac140ebibdb-thumbnail.jpg","datePublished":"2024-06-17T19:35:07+00:00","dateModified":"2026-04-06T10:03:54+00:00","description":"Voici notre climatiseur de fen\u00eatre avanc\u00e9 de 14 000 BTU avec technologie d'inverseur et connectivit\u00e9 Wi-Fi, con\u00e7u pour rafra\u00eechir facilement des espaces jusqu'\u00e0 650 pieds carr\u00e9s. Dot\u00e9 d'un compresseur \u00e0 inverseur ultra-silencieux et \u00e9conome en \u00e9nergie, cet appareil garantit des performances optimales tout en maintenant le niveau sonore aussi bas que 52 dB. Gr\u00e2ce \u00e0 sa capacit\u00e9 Wi-Fi compatible avec Google et Alexa, vous pouvez contr\u00f4ler l'appareil de n'importe o\u00f9 via votre smartphone. Profitez d'un confort personnalis\u00e9 avec des fonctionnalit\u00e9s telles que le mode sommeil, l'interrupteur d'\u00e9conomie d'\u00e9nergie et une vanne d'air frais pour une meilleure circulation de l'air. L'appareil offre \u00e9galement des options de refroidissement polyvalentes, y compris le mode sec et le mode refroidissement rapide, ainsi qu'un minuteur de 24 heures et une fonction \"suivez-moi\" pour plus de commodit\u00e9. Avec sa certification Energy Star, ce climatiseur est id\u00e9al pour \u00e9conomiser l'\u00e9nergie. De plus, avec des commandes LED, un filtre \u00e0 air lavable r\u00e9utilisable et une garantie de 2 ans avec service \u00e0 domicile, c'est le choix parfait pour rafra\u00eechir votre maison efficacement.","breadcrumb":[],"inLanguage":"fr-CA","potentialAction":[{"@type":"ReadAction","target":["https:\/\/www.danby.com\/fr\/products\/climatiseurs-de-fenetre\/dac140ebibdb\/"]}]},{"@type":"ImageObject","inLanguage":"fr-CA","url":"https:\/\/www.danby.com\/fr\/wp-content\/uploads\/sites\/2\/2025\/10\/dac140ebibdb-thumbnail.jpg","contentUrl":"https:\/\/www.danby.com\/fr\/wp-content\/uploads\/sites\/2\/2025\/10\/dac140ebibdb-thumbnail.jpg","width":768,"height":1024},{"@type":"BreadcrumbList","itemListElement":[{"@type":"ListItem","position":1,"name":"Home","item":"https:\/\/www.danby.com\/fr\/"},{"@type":"ListItem","position":2,"name":"Boutique","item":"https:\/\/www.danby.com\/fr\/boutique\/"},{"@type":"ListItem","position":3,"name":"Climatiseur de fen\u00eatre Danby de 14 000 BTU avec inverseur et Wi-Fi en noir"}]},{"@type":"WebSite","url":"https:\/\/www.danby.com\/fr\/","name":"Danby - Canada - French","description":"Leader dans le domaine de la r\u00e9frig\u00e9ration et des appareils sp\u00e9cialis\u00e9s","publisher":[],"potentialAction":[{"@type":"SearchAction","target":{"@type":"EntryPoint","urlTemplate":"https:\/\/www.danby.com\/fr\/?s={search_term_string}"},"query-input":{"@type":"PropertyValueSpecification","valueRequired":true,"valueName":"search_term_string"}}],"inLanguage":"fr-CA"},{"@type":"Organization","name":"Danby Appliances","url":"https:\/\/www.danby.com\/fr\/","logo":{"@type":"ImageObject","inLanguage":"fr-CA","url":"https:\/\/cdnweb.danby.com\/wp-content\/uploads\/sites\/2\/2022\/02\/10141906\/Danby75Ans_Blue.png","contentUrl":"https:\/\/cdnweb.danby.com\/wp-content\/uploads\/sites\/2\/2022\/02\/10141906\/Danby75Ans_Blue.png","width":470,"height":110,"caption":"Danby Appliances"},"image":[],"sameAs":["https:\/\/www.facebook.com\/DanbyAppliances","https:\/\/x.com\/DanbyAppliance","https:\/\/instagram.com\/danbyappliances\/","https:\/\/www.linkedin.com\/company\/danbyappliances","https:\/\/www.pinterest.ca\/danbyappliances\/","https:\/\/www.youtube.com\/user\/DanbyProducts","https:\/\/en.wikipedia.org\/wiki\/Danby_(appliances)"]}]}},"post_mailing_queue_ids":[],"_links":{"self":[{"href":"https:\/\/www.danby.com\/fr\/wp-json\/wp\/v2\/product\/27473","targetHints":{"allow":["GET"]}}],"collection":[{"href":"https:\/\/www.danby.com\/fr\/wp-json\/wp\/v2\/product"}],"about":[{"href":"https:\/\/www.danby.com\/fr\/wp-json\/wp\/v2\/types\/product"}],"replies":[{"embeddable":true,"href":"https:\/\/www.danby.com\/fr\/wp-json\/wp\/v2\/comments?post=27473"}],"wp:featuredmedia":[{"embeddable":true,"href":"https:\/\/www.danby.com\/fr\/wp-json\/wp\/v2\/media\/35481"}],"wp:attachment":[{"href":"https:\/\/www.danby.com\/fr\/wp-json\/wp\/v2\/media?parent=27473"}],"wp:term":[{"taxonomy":"product_brand","embeddable":true,"href":"https:\/\/www.danby.com\/fr\/wp-json\/wp\/v2\/product_brand?post=27473"},{"taxonomy":"product_cat","embeddable":true,"href":"https:\/\/www.danby.com\/fr\/wp-json\/wp\/v2\/product_cat?post=27473"},{"taxonomy":"product_tag","embeddable":true,"href":"https:\/\/www.danby.com\/fr\/wp-json\/wp\/v2\/product_tag?post=27473"}],"curies":[{"name":"wp","href":"https:\/\/api.w.org\/{rel}","templated":true}]}}