{"id":27152,"date":"2024-05-08T12:10:32","date_gmt":"2024-05-08T12:10:32","guid":{"rendered":"https:\/\/www.danby.com\/fr\/products\/non%20class\u00e9\/ddr050bswdb\/"},"modified":"2026-04-28T10:08:53","modified_gmt":"2026-04-28T10:08:53","slug":"ddr050bswdb","status":"publish","type":"product","link":"https:\/\/www.danby.com\/fr\/products\/deshumidificateurs\/ddr050bswdb\/","title":{"rendered":"Danby D\u00e9shumidificateur de 50 pintes avec Wi-Fi en blanc"},"content":{"rendered":"","protected":false},"excerpt":{"rendered":"<ul>\n<li>D\u00e9shumidificateur de 50 pintes (23,6 L) : contr\u00f4le l&#8217;humidit\u00e9 dans des espaces allant jusqu&#8217;\u00e0 3 000 pieds carr\u00e9s<\/li>\n<li>Connexion Wi-Fi avec indicateur de bac plein dans l&#8217;application<\/li>\n<li>Fonction de vidange directe permettant un fonctionnement continu<\/li>\n<li>Fonctionnement silencieux &#8211; 49 dB<\/li>\n<li>Ventilateur puissant \u00e0 2 vitesses permettant d&#8217;ajuster le confort<\/li>\n<li>Commandes \u00e9lectroniques avec affichage \u00e0 LED<\/li>\n<li>Minuterie de 24 heures<\/li>\n<li>Red\u00e9marrage automatique : l&#8217;unit\u00e9 red\u00e9marre automatiquement apr\u00e8s une panne de courant<\/li>\n<li>D\u00e9givreur automatique emp\u00eachant la formation de givre<\/li>\n<li>Fonction de basse temp\u00e9rature : l&#8217;unit\u00e9 fonctionne \u00e0 des temp\u00e9ratures aussi basses que 5\u00b0C<\/li>\n<li>D\u00e9shumidification intelligente : l&#8217;unit\u00e9 contr\u00f4lera automatiquement l&#8217;humidit\u00e9 de la pi\u00e8ce en tenant compte de la temp\u00e9rature ambiante<\/li>\n<\/ul>\n","protected":false},"featured_media":35212,"comment_status":"open","ping_status":"closed","template":"","meta":{"_acf_changed":false},"product_brand":[],"product_cat":[23],"product_tag":[],"class_list":{"0":"post-27152","1":"product","2":"type-product","3":"status-publish","4":"has-post-thumbnail","6":"product_cat-deshumidificateurs","8":"first","9":"instock","10":"taxable","11":"shipping-taxable","12":"purchasable","13":"product-type-simple"},"acf":[],"yoast_head":"<!-- This site is optimized with the Yoast SEO plugin v27.5 - https:\/\/yoast.com\/product\/yoast-seo-wordpress\/ -->\n<title>Danby D\u00e9shumidificateur de 50 pintes avec Wi-Fi en blanc - DDR050BSWDB | Danby Canada<\/title>\n<meta name=\"description\" content=\"Voici notre d\u00e9shumidificateur avanc\u00e9 de 50 pintes (23,6 L), con\u00e7u pour contr\u00f4ler efficacement l\u2019humidit\u00e9 dans des espaces allant jusqu\u2019\u00e0 3 000 pieds carr\u00e9s. Profitez de la commodit\u00e9 de la connexion Wi-Fi avec un indicateur de r\u00e9servoir plein dans l\u2019application, vous tenant toujours inform\u00e9. B\u00e9n\u00e9ficiez d\u2019un fonctionnement continu gr\u00e2ce \u00e0 la fonction de vidange directe, tout en profitant d\u2019un fonctionnement silencieux \u00e0 seulement 49 dB. Surveillez et ajustez facilement les param\u00e8tres avec les commandes \u00e9lectroniques et l\u2019affichage LED, compl\u00e9t\u00e9s par une minuterie de 24 heures pour plus de commodit\u00e9. Profitez d\u2019un fonctionnement ininterrompu gr\u00e2ce \u00e0 la fonction de red\u00e9marrage automatique apr\u00e8s une panne de courant, tandis que l\u2019auto-d\u00e9givreur emp\u00eache la formation de givre. M\u00eame par des temp\u00e9ratures aussi basses que 5\u00b0C, notre d\u00e9shumidificateur fonctionne efficacement gr\u00e2ce \u00e0 la fonction de basse temp\u00e9rature. La technologie Smart Dehumidify contr\u00f4le automatiquement l\u2019humidit\u00e9 de la pi\u00e8ce en fonction de la temp\u00e9rature ambiante, garantissant un confort optimal. Avec un filtre r\u00e9utilisable et lavable, l\u2019entretien est un jeu d\u2019enfant. Transportez facilement l\u2019appareil entre les pi\u00e8ces gr\u00e2ce aux roulettes faciles \u00e0 d\u00e9placer et aux poign\u00e9es int\u00e9gr\u00e9es. De plus, profitez de la tranquillit\u00e9 d\u2019esprit offerte par notre garantie de 2 ans sur les pi\u00e8ces et la main-d\u2019\u0153uvre avec service en magasin.\" \/>\n<meta name=\"robots\" content=\"index, follow, max-snippet:-1, max-image-preview:large, max-video-preview:-1\" \/>\n<link rel=\"canonical\" href=\"https:\/\/www.danby.com\/fr\/products\/deshumidificateurs\/ddr050bswdb\/\" \/>\n<meta property=\"og:locale\" content=\"fr_CA\" \/>\n<meta property=\"og:type\" content=\"article\" \/>\n<meta property=\"og:title\" content=\"Danby D\u00e9shumidificateur de 50 pintes avec Wi-Fi en blanc - DDR050BSWDB | Danby Canada\" \/>\n<meta property=\"og:description\" content=\"Voici notre d\u00e9shumidificateur avanc\u00e9 de 50 pintes (23,6 L), con\u00e7u pour contr\u00f4ler efficacement l\u2019humidit\u00e9 dans des espaces allant jusqu\u2019\u00e0 3 000 pieds carr\u00e9s. Profitez de la commodit\u00e9 de la connexion Wi-Fi avec un indicateur de r\u00e9servoir plein dans l\u2019application, vous tenant toujours inform\u00e9. B\u00e9n\u00e9ficiez d\u2019un fonctionnement continu gr\u00e2ce \u00e0 la fonction de vidange directe, tout en profitant d\u2019un fonctionnement silencieux \u00e0 seulement 49 dB. Surveillez et ajustez facilement les param\u00e8tres avec les commandes \u00e9lectroniques et l\u2019affichage LED, compl\u00e9t\u00e9s par une minuterie de 24 heures pour plus de commodit\u00e9. Profitez d\u2019un fonctionnement ininterrompu gr\u00e2ce \u00e0 la fonction de red\u00e9marrage automatique apr\u00e8s une panne de courant, tandis que l\u2019auto-d\u00e9givreur emp\u00eache la formation de givre. M\u00eame par des temp\u00e9ratures aussi basses que 5\u00b0C, notre d\u00e9shumidificateur fonctionne efficacement gr\u00e2ce \u00e0 la fonction de basse temp\u00e9rature. La technologie Smart Dehumidify contr\u00f4le automatiquement l\u2019humidit\u00e9 de la pi\u00e8ce en fonction de la temp\u00e9rature ambiante, garantissant un confort optimal. Avec un filtre r\u00e9utilisable et lavable, l\u2019entretien est un jeu d\u2019enfant. Transportez facilement l\u2019appareil entre les pi\u00e8ces gr\u00e2ce aux roulettes faciles \u00e0 d\u00e9placer et aux poign\u00e9es int\u00e9gr\u00e9es. De plus, profitez de la tranquillit\u00e9 d\u2019esprit offerte par notre garantie de 2 ans sur les pi\u00e8ces et la main-d\u2019\u0153uvre avec service en magasin.\" \/>\n<meta property=\"og:url\" content=\"https:\/\/www.danby.com\/fr\/products\/deshumidificateurs\/ddr050bswdb\/\" \/>\n<meta property=\"og:site_name\" content=\"Danby - Canada - French\" \/>\n<meta property=\"article:publisher\" content=\"https:\/\/www.facebook.com\/DanbyAppliances\" \/>\n<meta property=\"article:modified_time\" content=\"2026-04-28T10:08:53+00:00\" \/>\n<meta property=\"og:image\" content=\"https:\/\/cdnweb.danby.com\/wp-content\/uploads\/sites\/2\/2022\/03\/14160239\/Danby75Ans_OG_FB.png\" \/>\n\t<meta property=\"og:image:width\" content=\"1200\" \/>\n\t<meta property=\"og:image:height\" content=\"630\" \/>\n\t<meta property=\"og:image:type\" content=\"image\/png\" \/>\n<meta name=\"twitter:card\" content=\"summary_large_image\" \/>\n<meta name=\"twitter:site\" content=\"@DanbyAppliance\" \/>\n<script type=\"application\/ld+json\" class=\"yoast-schema-graph\">{\"@context\":\"https:\\\/\\\/schema.org\",\"@graph\":[{\"@type\":[\"WebPage\",\"ItemPage\"],\"url\":\"https:\\\/\\\/www.danby.com\\\/fr\\\/products\\\/deshumidificateurs\\\/ddr050bswdb\\\/\",\"name\":\"Danby D\u00e9shumidificateur de 50 pintes avec Wi-Fi en blanc - DDR050BSWDB | Danby Canada\",\"isPartOf\":[],\"primaryImageOfPage\":[],\"image\":[],\"thumbnailUrl\":\"https:\\\/\\\/www.danby.com\\\/fr\\\/wp-content\\\/uploads\\\/sites\\\/2\\\/2025\\\/09\\\/ddr050bswdb-thumbnail.jpg\",\"datePublished\":\"2024-05-08T12:10:32+00:00\",\"dateModified\":\"2026-04-28T10:08:53+00:00\",\"description\":\"Voici notre d\u00e9shumidificateur avanc\u00e9 de 50 pintes (23,6 L), con\u00e7u pour contr\u00f4ler efficacement l\u2019humidit\u00e9 dans des espaces allant jusqu\u2019\u00e0 3 000 pieds carr\u00e9s. Profitez de la commodit\u00e9 de la connexion Wi-Fi avec un indicateur de r\u00e9servoir plein dans l\u2019application, vous tenant toujours inform\u00e9. B\u00e9n\u00e9ficiez d\u2019un fonctionnement continu gr\u00e2ce \u00e0 la fonction de vidange directe, tout en profitant d\u2019un fonctionnement silencieux \u00e0 seulement 49 dB. Surveillez et ajustez facilement les param\u00e8tres avec les commandes \u00e9lectroniques et l\u2019affichage LED, compl\u00e9t\u00e9s par une minuterie de 24 heures pour plus de commodit\u00e9. Profitez d\u2019un fonctionnement ininterrompu gr\u00e2ce \u00e0 la fonction de red\u00e9marrage automatique apr\u00e8s une panne de courant, tandis que l\u2019auto-d\u00e9givreur emp\u00eache la formation de givre. M\u00eame par des temp\u00e9ratures aussi basses que 5\u00b0C, notre d\u00e9shumidificateur fonctionne efficacement gr\u00e2ce \u00e0 la fonction de basse temp\u00e9rature. La technologie Smart Dehumidify contr\u00f4le automatiquement l\u2019humidit\u00e9 de la pi\u00e8ce en fonction de la temp\u00e9rature ambiante, garantissant un confort optimal. Avec un filtre r\u00e9utilisable et lavable, l\u2019entretien est un jeu d\u2019enfant. Transportez facilement l\u2019appareil entre les pi\u00e8ces gr\u00e2ce aux roulettes faciles \u00e0 d\u00e9placer et aux poign\u00e9es int\u00e9gr\u00e9es. De plus, profitez de la tranquillit\u00e9 d\u2019esprit offerte par notre garantie de 2 ans sur les pi\u00e8ces et la main-d\u2019\u0153uvre avec service en magasin.\",\"breadcrumb\":[],\"inLanguage\":\"fr-CA\",\"potentialAction\":[{\"@type\":\"ReadAction\",\"target\":[\"https:\\\/\\\/www.danby.com\\\/fr\\\/products\\\/deshumidificateurs\\\/ddr050bswdb\\\/\"]}]},{\"@type\":\"ImageObject\",\"inLanguage\":\"fr-CA\",\"url\":\"https:\\\/\\\/www.danby.com\\\/fr\\\/wp-content\\\/uploads\\\/sites\\\/2\\\/2025\\\/09\\\/ddr050bswdb-thumbnail.jpg\",\"contentUrl\":\"https:\\\/\\\/www.danby.com\\\/fr\\\/wp-content\\\/uploads\\\/sites\\\/2\\\/2025\\\/09\\\/ddr050bswdb-thumbnail.jpg\",\"width\":768,\"height\":1024},{\"@type\":\"BreadcrumbList\",\"itemListElement\":[{\"@type\":\"ListItem\",\"position\":1,\"name\":\"Home\",\"item\":\"https:\\\/\\\/www.danby.com\\\/fr\\\/\"},{\"@type\":\"ListItem\",\"position\":2,\"name\":\"Boutique\",\"item\":\"https:\\\/\\\/www.danby.com\\\/fr\\\/boutique\\\/\"},{\"@type\":\"ListItem\",\"position\":3,\"name\":\"Danby D\u00e9shumidificateur de 50 pintes avec Wi-Fi en blanc\"}]},{\"@type\":\"WebSite\",\"url\":\"https:\\\/\\\/www.danby.com\\\/fr\\\/\",\"name\":\"Danby - Canada - French\",\"description\":\"Leader dans le domaine de la r\u00e9frig\u00e9ration et des appareils sp\u00e9cialis\u00e9s\",\"publisher\":[],\"potentialAction\":[{\"@type\":\"SearchAction\",\"target\":{\"@type\":\"EntryPoint\",\"urlTemplate\":\"https:\\\/\\\/www.danby.com\\\/fr\\\/?s={search_term_string}\"},\"query-input\":{\"@type\":\"PropertyValueSpecification\",\"valueRequired\":true,\"valueName\":\"search_term_string\"}}],\"inLanguage\":\"fr-CA\"},{\"@type\":\"Organization\",\"name\":\"Danby Appliances\",\"url\":\"https:\\\/\\\/www.danby.com\\\/fr\\\/\",\"logo\":{\"@type\":\"ImageObject\",\"inLanguage\":\"fr-CA\",\"url\":\"https:\\\/\\\/cdnweb.danby.com\\\/wp-content\\\/uploads\\\/sites\\\/2\\\/2022\\\/02\\\/10141906\\\/Danby75Ans_Blue.png\",\"contentUrl\":\"https:\\\/\\\/cdnweb.danby.com\\\/wp-content\\\/uploads\\\/sites\\\/2\\\/2022\\\/02\\\/10141906\\\/Danby75Ans_Blue.png\",\"width\":470,\"height\":110,\"caption\":\"Danby Appliances\"},\"image\":[],\"sameAs\":[\"https:\\\/\\\/www.facebook.com\\\/DanbyAppliances\",\"https:\\\/\\\/x.com\\\/DanbyAppliance\",\"https:\\\/\\\/instagram.com\\\/danbyappliances\\\/\",\"https:\\\/\\\/www.linkedin.com\\\/company\\\/danbyappliances\",\"https:\\\/\\\/www.pinterest.ca\\\/danbyappliances\\\/\",\"https:\\\/\\\/www.youtube.com\\\/user\\\/DanbyProducts\",\"https:\\\/\\\/en.wikipedia.org\\\/wiki\\\/Danby_(appliances)\"]}]}<\/script>\n<!-- \/ Yoast SEO plugin. -->","yoast_head_json":{"title":"Danby D\u00e9shumidificateur de 50 pintes avec Wi-Fi en blanc - DDR050BSWDB | Danby Canada","description":"Voici notre d\u00e9shumidificateur avanc\u00e9 de 50 pintes (23,6 L), con\u00e7u pour contr\u00f4ler efficacement l\u2019humidit\u00e9 dans des espaces allant jusqu\u2019\u00e0 3 000 pieds carr\u00e9s. Profitez de la commodit\u00e9 de la connexion Wi-Fi avec un indicateur de r\u00e9servoir plein dans l\u2019application, vous tenant toujours inform\u00e9. B\u00e9n\u00e9ficiez d\u2019un fonctionnement continu gr\u00e2ce \u00e0 la fonction de vidange directe, tout en profitant d\u2019un fonctionnement silencieux \u00e0 seulement 49 dB. Surveillez et ajustez facilement les param\u00e8tres avec les commandes \u00e9lectroniques et l\u2019affichage LED, compl\u00e9t\u00e9s par une minuterie de 24 heures pour plus de commodit\u00e9. Profitez d\u2019un fonctionnement ininterrompu gr\u00e2ce \u00e0 la fonction de red\u00e9marrage automatique apr\u00e8s une panne de courant, tandis que l\u2019auto-d\u00e9givreur emp\u00eache la formation de givre. M\u00eame par des temp\u00e9ratures aussi basses que 5\u00b0C, notre d\u00e9shumidificateur fonctionne efficacement gr\u00e2ce \u00e0 la fonction de basse temp\u00e9rature. La technologie Smart Dehumidify contr\u00f4le automatiquement l\u2019humidit\u00e9 de la pi\u00e8ce en fonction de la temp\u00e9rature ambiante, garantissant un confort optimal. Avec un filtre r\u00e9utilisable et lavable, l\u2019entretien est un jeu d\u2019enfant. Transportez facilement l\u2019appareil entre les pi\u00e8ces gr\u00e2ce aux roulettes faciles \u00e0 d\u00e9placer et aux poign\u00e9es int\u00e9gr\u00e9es. De plus, profitez de la tranquillit\u00e9 d\u2019esprit offerte par notre garantie de 2 ans sur les pi\u00e8ces et la main-d\u2019\u0153uvre avec service en magasin.","robots":{"index":"index","follow":"follow","max-snippet":"max-snippet:-1","max-image-preview":"max-image-preview:large","max-video-preview":"max-video-preview:-1"},"canonical":"https:\/\/www.danby.com\/fr\/products\/deshumidificateurs\/ddr050bswdb\/","og_locale":"fr_CA","og_type":"article","og_title":"Danby D\u00e9shumidificateur de 50 pintes avec Wi-Fi en blanc - DDR050BSWDB | Danby Canada","og_description":"Voici notre d\u00e9shumidificateur avanc\u00e9 de 50 pintes (23,6 L), con\u00e7u pour contr\u00f4ler efficacement l\u2019humidit\u00e9 dans des espaces allant jusqu\u2019\u00e0 3 000 pieds carr\u00e9s. Profitez de la commodit\u00e9 de la connexion Wi-Fi avec un indicateur de r\u00e9servoir plein dans l\u2019application, vous tenant toujours inform\u00e9. B\u00e9n\u00e9ficiez d\u2019un fonctionnement continu gr\u00e2ce \u00e0 la fonction de vidange directe, tout en profitant d\u2019un fonctionnement silencieux \u00e0 seulement 49 dB. Surveillez et ajustez facilement les param\u00e8tres avec les commandes \u00e9lectroniques et l\u2019affichage LED, compl\u00e9t\u00e9s par une minuterie de 24 heures pour plus de commodit\u00e9. Profitez d\u2019un fonctionnement ininterrompu gr\u00e2ce \u00e0 la fonction de red\u00e9marrage automatique apr\u00e8s une panne de courant, tandis que l\u2019auto-d\u00e9givreur emp\u00eache la formation de givre. M\u00eame par des temp\u00e9ratures aussi basses que 5\u00b0C, notre d\u00e9shumidificateur fonctionne efficacement gr\u00e2ce \u00e0 la fonction de basse temp\u00e9rature. La technologie Smart Dehumidify contr\u00f4le automatiquement l\u2019humidit\u00e9 de la pi\u00e8ce en fonction de la temp\u00e9rature ambiante, garantissant un confort optimal. Avec un filtre r\u00e9utilisable et lavable, l\u2019entretien est un jeu d\u2019enfant. Transportez facilement l\u2019appareil entre les pi\u00e8ces gr\u00e2ce aux roulettes faciles \u00e0 d\u00e9placer et aux poign\u00e9es int\u00e9gr\u00e9es. De plus, profitez de la tranquillit\u00e9 d\u2019esprit offerte par notre garantie de 2 ans sur les pi\u00e8ces et la main-d\u2019\u0153uvre avec service en magasin.","og_url":"https:\/\/www.danby.com\/fr\/products\/deshumidificateurs\/ddr050bswdb\/","og_site_name":"Danby - Canada - French","article_publisher":"https:\/\/www.facebook.com\/DanbyAppliances","article_modified_time":"2026-04-28T10:08:53+00:00","og_image":[{"width":1200,"height":630,"url":"https:\/\/cdnweb.danby.com\/wp-content\/uploads\/sites\/2\/2022\/03\/14160239\/Danby75Ans_OG_FB.png","type":"image\/png"}],"twitter_card":"summary_large_image","twitter_site":"@DanbyAppliance","schema":{"@context":"https:\/\/schema.org","@graph":[{"@type":["WebPage","ItemPage"],"url":"https:\/\/www.danby.com\/fr\/products\/deshumidificateurs\/ddr050bswdb\/","name":"Danby D\u00e9shumidificateur de 50 pintes avec Wi-Fi en blanc - DDR050BSWDB | Danby Canada","isPartOf":[],"primaryImageOfPage":[],"image":[],"thumbnailUrl":"https:\/\/www.danby.com\/fr\/wp-content\/uploads\/sites\/2\/2025\/09\/ddr050bswdb-thumbnail.jpg","datePublished":"2024-05-08T12:10:32+00:00","dateModified":"2026-04-28T10:08:53+00:00","description":"Voici notre d\u00e9shumidificateur avanc\u00e9 de 50 pintes (23,6 L), con\u00e7u pour contr\u00f4ler efficacement l\u2019humidit\u00e9 dans des espaces allant jusqu\u2019\u00e0 3 000 pieds carr\u00e9s. Profitez de la commodit\u00e9 de la connexion Wi-Fi avec un indicateur de r\u00e9servoir plein dans l\u2019application, vous tenant toujours inform\u00e9. B\u00e9n\u00e9ficiez d\u2019un fonctionnement continu gr\u00e2ce \u00e0 la fonction de vidange directe, tout en profitant d\u2019un fonctionnement silencieux \u00e0 seulement 49 dB. Surveillez et ajustez facilement les param\u00e8tres avec les commandes \u00e9lectroniques et l\u2019affichage LED, compl\u00e9t\u00e9s par une minuterie de 24 heures pour plus de commodit\u00e9. Profitez d\u2019un fonctionnement ininterrompu gr\u00e2ce \u00e0 la fonction de red\u00e9marrage automatique apr\u00e8s une panne de courant, tandis que l\u2019auto-d\u00e9givreur emp\u00eache la formation de givre. M\u00eame par des temp\u00e9ratures aussi basses que 5\u00b0C, notre d\u00e9shumidificateur fonctionne efficacement gr\u00e2ce \u00e0 la fonction de basse temp\u00e9rature. La technologie Smart Dehumidify contr\u00f4le automatiquement l\u2019humidit\u00e9 de la pi\u00e8ce en fonction de la temp\u00e9rature ambiante, garantissant un confort optimal. Avec un filtre r\u00e9utilisable et lavable, l\u2019entretien est un jeu d\u2019enfant. Transportez facilement l\u2019appareil entre les pi\u00e8ces gr\u00e2ce aux roulettes faciles \u00e0 d\u00e9placer et aux poign\u00e9es int\u00e9gr\u00e9es. De plus, profitez de la tranquillit\u00e9 d\u2019esprit offerte par notre garantie de 2 ans sur les pi\u00e8ces et la main-d\u2019\u0153uvre avec service en magasin.","breadcrumb":[],"inLanguage":"fr-CA","potentialAction":[{"@type":"ReadAction","target":["https:\/\/www.danby.com\/fr\/products\/deshumidificateurs\/ddr050bswdb\/"]}]},{"@type":"ImageObject","inLanguage":"fr-CA","url":"https:\/\/www.danby.com\/fr\/wp-content\/uploads\/sites\/2\/2025\/09\/ddr050bswdb-thumbnail.jpg","contentUrl":"https:\/\/www.danby.com\/fr\/wp-content\/uploads\/sites\/2\/2025\/09\/ddr050bswdb-thumbnail.jpg","width":768,"height":1024},{"@type":"BreadcrumbList","itemListElement":[{"@type":"ListItem","position":1,"name":"Home","item":"https:\/\/www.danby.com\/fr\/"},{"@type":"ListItem","position":2,"name":"Boutique","item":"https:\/\/www.danby.com\/fr\/boutique\/"},{"@type":"ListItem","position":3,"name":"Danby D\u00e9shumidificateur de 50 pintes avec Wi-Fi en blanc"}]},{"@type":"WebSite","url":"https:\/\/www.danby.com\/fr\/","name":"Danby - Canada - French","description":"Leader dans le domaine de la r\u00e9frig\u00e9ration et des appareils sp\u00e9cialis\u00e9s","publisher":[],"potentialAction":[{"@type":"SearchAction","target":{"@type":"EntryPoint","urlTemplate":"https:\/\/www.danby.com\/fr\/?s={search_term_string}"},"query-input":{"@type":"PropertyValueSpecification","valueRequired":true,"valueName":"search_term_string"}}],"inLanguage":"fr-CA"},{"@type":"Organization","name":"Danby Appliances","url":"https:\/\/www.danby.com\/fr\/","logo":{"@type":"ImageObject","inLanguage":"fr-CA","url":"https:\/\/cdnweb.danby.com\/wp-content\/uploads\/sites\/2\/2022\/02\/10141906\/Danby75Ans_Blue.png","contentUrl":"https:\/\/cdnweb.danby.com\/wp-content\/uploads\/sites\/2\/2022\/02\/10141906\/Danby75Ans_Blue.png","width":470,"height":110,"caption":"Danby Appliances"},"image":[],"sameAs":["https:\/\/www.facebook.com\/DanbyAppliances","https:\/\/x.com\/DanbyAppliance","https:\/\/instagram.com\/danbyappliances\/","https:\/\/www.linkedin.com\/company\/danbyappliances","https:\/\/www.pinterest.ca\/danbyappliances\/","https:\/\/www.youtube.com\/user\/DanbyProducts","https:\/\/en.wikipedia.org\/wiki\/Danby_(appliances)"]}]}},"post_mailing_queue_ids":[],"_links":{"self":[{"href":"https:\/\/www.danby.com\/fr\/wp-json\/wp\/v2\/product\/27152","targetHints":{"allow":["GET"]}}],"collection":[{"href":"https:\/\/www.danby.com\/fr\/wp-json\/wp\/v2\/product"}],"about":[{"href":"https:\/\/www.danby.com\/fr\/wp-json\/wp\/v2\/types\/product"}],"replies":[{"embeddable":true,"href":"https:\/\/www.danby.com\/fr\/wp-json\/wp\/v2\/comments?post=27152"}],"wp:featuredmedia":[{"embeddable":true,"href":"https:\/\/www.danby.com\/fr\/wp-json\/wp\/v2\/media\/35212"}],"wp:attachment":[{"href":"https:\/\/www.danby.com\/fr\/wp-json\/wp\/v2\/media?parent=27152"}],"wp:term":[{"taxonomy":"product_brand","embeddable":true,"href":"https:\/\/www.danby.com\/fr\/wp-json\/wp\/v2\/product_brand?post=27152"},{"taxonomy":"product_cat","embeddable":true,"href":"https:\/\/www.danby.com\/fr\/wp-json\/wp\/v2\/product_cat?post=27152"},{"taxonomy":"product_tag","embeddable":true,"href":"https:\/\/www.danby.com\/fr\/wp-json\/wp\/v2\/product_tag?post=27152"}],"curies":[{"name":"wp","href":"https:\/\/api.w.org\/{rel}","templated":true}]}}