{"id":26730,"date":"2024-03-07T18:34:45","date_gmt":"2024-03-07T18:34:45","guid":{"rendered":"https:\/\/www.danby.com\/fr\/products\/non%20class\u00e9\/dpa120dchiwdb\/"},"modified":"2026-04-23T09:08:40","modified_gmt":"2026-04-23T09:08:40","slug":"dpa120dchiwdb","status":"publish","type":"product","link":"https:\/\/www.danby.com\/fr\/products\/climatiseurs-portatifs\/dpa120dchiwdb\/","title":{"rendered":"Climatiseur portatif Danby 12 000 BTU SACC avec double tuyau, onduleur et Wi-Fi, en blanc"},"content":{"rendered":"","protected":false},"excerpt":{"rendered":"<ul>\n<li>Le climatiseur portatif de 12 000 BTU SACC (DOE) (14 000 BTU ASHRAE) rafra\u00eechit des espaces jusqu\u2019\u00e0 550 pieds carr\u00e9s<\/li>\n<li>Conception 3-en-1 \u2013 ventilateur, climatisation et d\u00e9shumidification<\/li>\n<li>Technologie inverter pour un refroidissement rapide, silencieux et \u00e9co\u00e9nerg\u00e9tique<\/li>\n<li>Connectivit\u00e9 Wi-Fi<\/li>\n<li>Commandes \u00e9lectroniques avec affichage \u00e0 DEL<\/li>\n<li>T\u00e9l\u00e9commande<\/li>\n<li>Double tuyau \u2013 refroidissement rapide et \u00e9conomie d\u2019\u00e9nergie<\/li>\n<li>Ventilateur \u00e0 3 vitesses<\/li>\n<li>Mode automatique<\/li>\n<li>CEER = 11,9<\/li>\n<li>Mode sommeil<\/li>\n<li>Minuterie de 24 heures<\/li>\n<\/ul>\n","protected":false},"featured_media":34884,"comment_status":"open","ping_status":"closed","template":"","meta":{"_acf_changed":false},"product_brand":[],"product_cat":[35],"product_tag":[],"class_list":{"0":"post-26730","1":"product","2":"type-product","3":"status-publish","4":"has-post-thumbnail","6":"product_cat-climatiseurs-portatifs","8":"first","9":"outofstock","10":"taxable","11":"shipping-taxable","12":"product-type-simple"},"acf":[],"yoast_head":"<!-- This site is optimized with the Yoast SEO plugin v27.4 - https:\/\/yoast.com\/product\/yoast-seo-wordpress\/ -->\n<title>Climatiseur portatif Danby 12 000 BTU SACC avec double tuyau, onduleur et Wi-Fi, en blanc - DPA120DCHIWDB | Danby Canada<\/title>\n<meta name=\"description\" content=\"Rafra\u00eechissez-vous avec le climatiseur portatif Danby DPA120DCHIWDB de 12 000 BTU SACC (14 000 BTU), id\u00e9al pour les espaces allant jusqu\u2019\u00e0 550 pieds carr\u00e9s. Son design 3-en-1 \u2014 climatiseur, ventilateur et d\u00e9shumidificateur \u2014 vous assure un confort optimal, peu importe la m\u00e9t\u00e9o. D\u00e9placez-le facilement d\u2019une pi\u00e8ce \u00e0 l\u2019autre gr\u00e2ce \u00e0 ses poign\u00e9es int\u00e9gr\u00e9es et ses roulettes, tandis que le tuyau unique \u00e9vacue efficacement l\u2019air chaud. Dot\u00e9 d\u2019une connectivit\u00e9 Wi-Fi, d\u2019une minuterie programmable sur 24 heures et d\u2019un syst\u00e8me d\u2019auto-\u00e9vaporation, cet appareil est \u00e0 la fois pratique et \u00e9co\u00e9nerg\u00e9tique.\" \/>\n<meta name=\"robots\" content=\"index, follow, max-snippet:-1, max-image-preview:large, max-video-preview:-1\" \/>\n<link rel=\"canonical\" href=\"https:\/\/www.danby.com\/fr\/products\/climatiseurs-portatifs\/dpa120dchiwdb\/\" \/>\n<meta property=\"og:locale\" content=\"fr_CA\" \/>\n<meta property=\"og:type\" content=\"article\" \/>\n<meta property=\"og:title\" content=\"Climatiseur portatif Danby 12 000 BTU SACC avec double tuyau, onduleur et Wi-Fi, en blanc - DPA120DCHIWDB | Danby Canada\" \/>\n<meta property=\"og:description\" content=\"Rafra\u00eechissez-vous avec le climatiseur portatif Danby DPA120DCHIWDB de 12 000 BTU SACC (14 000 BTU), id\u00e9al pour les espaces allant jusqu\u2019\u00e0 550 pieds carr\u00e9s. Son design 3-en-1 \u2014 climatiseur, ventilateur et d\u00e9shumidificateur \u2014 vous assure un confort optimal, peu importe la m\u00e9t\u00e9o. D\u00e9placez-le facilement d\u2019une pi\u00e8ce \u00e0 l\u2019autre gr\u00e2ce \u00e0 ses poign\u00e9es int\u00e9gr\u00e9es et ses roulettes, tandis que le tuyau unique \u00e9vacue efficacement l\u2019air chaud. Dot\u00e9 d\u2019une connectivit\u00e9 Wi-Fi, d\u2019une minuterie programmable sur 24 heures et d\u2019un syst\u00e8me d\u2019auto-\u00e9vaporation, cet appareil est \u00e0 la fois pratique et \u00e9co\u00e9nerg\u00e9tique.\" \/>\n<meta property=\"og:url\" content=\"https:\/\/www.danby.com\/fr\/products\/climatiseurs-portatifs\/dpa120dchiwdb\/\" \/>\n<meta property=\"og:site_name\" content=\"Danby - Canada - French\" \/>\n<meta property=\"article:publisher\" content=\"https:\/\/www.facebook.com\/DanbyAppliances\" \/>\n<meta property=\"article:modified_time\" content=\"2026-04-23T09:08:40+00:00\" \/>\n<meta property=\"og:image\" content=\"https:\/\/cdnweb.danby.com\/wp-content\/uploads\/sites\/2\/2024\/03\/14141712\/DPA120DCHIWDB-000100-scaled.jpg\" \/>\n\t<meta property=\"og:image:width\" content=\"1920\" \/>\n\t<meta property=\"og:image:height\" content=\"2560\" \/>\n\t<meta property=\"og:image:type\" content=\"image\/jpeg\" \/>\n<meta name=\"twitter:card\" content=\"summary_large_image\" \/>\n<meta name=\"twitter:site\" content=\"@DanbyAppliance\" \/>\n<script type=\"application\/ld+json\" class=\"yoast-schema-graph\">{\"@context\":\"https:\\\/\\\/schema.org\",\"@graph\":[{\"@type\":[\"WebPage\",\"ItemPage\"],\"url\":\"https:\\\/\\\/www.danby.com\\\/fr\\\/products\\\/climatiseurs-portatifs\\\/dpa120dchiwdb\\\/\",\"name\":\"Climatiseur portatif Danby 12 000 BTU SACC avec double tuyau, onduleur et Wi-Fi, en blanc - DPA120DCHIWDB | Danby Canada\",\"isPartOf\":[],\"primaryImageOfPage\":[],\"image\":[],\"thumbnailUrl\":\"https:\\\/\\\/www.danby.com\\\/fr\\\/wp-content\\\/uploads\\\/sites\\\/2\\\/2025\\\/09\\\/dpa120dchiwdb-thumbnail.jpg\",\"datePublished\":\"2024-03-07T18:34:45+00:00\",\"dateModified\":\"2026-04-23T09:08:40+00:00\",\"description\":\"Rafra\u00eechissez-vous avec le climatiseur portatif Danby DPA120DCHIWDB de 12 000 BTU SACC (14 000 BTU), id\u00e9al pour les espaces allant jusqu\u2019\u00e0 550 pieds carr\u00e9s. Son design 3-en-1 \u2014 climatiseur, ventilateur et d\u00e9shumidificateur \u2014 vous assure un confort optimal, peu importe la m\u00e9t\u00e9o. D\u00e9placez-le facilement d\u2019une pi\u00e8ce \u00e0 l\u2019autre gr\u00e2ce \u00e0 ses poign\u00e9es int\u00e9gr\u00e9es et ses roulettes, tandis que le tuyau unique \u00e9vacue efficacement l\u2019air chaud. Dot\u00e9 d\u2019une connectivit\u00e9 Wi-Fi, d\u2019une minuterie programmable sur 24 heures et d\u2019un syst\u00e8me d\u2019auto-\u00e9vaporation, cet appareil est \u00e0 la fois pratique et \u00e9co\u00e9nerg\u00e9tique.\",\"breadcrumb\":[],\"inLanguage\":\"fr-CA\",\"potentialAction\":[{\"@type\":\"ReadAction\",\"target\":[\"https:\\\/\\\/www.danby.com\\\/fr\\\/products\\\/climatiseurs-portatifs\\\/dpa120dchiwdb\\\/\"]}]},{\"@type\":\"ImageObject\",\"inLanguage\":\"fr-CA\",\"url\":\"https:\\\/\\\/www.danby.com\\\/fr\\\/wp-content\\\/uploads\\\/sites\\\/2\\\/2025\\\/09\\\/dpa120dchiwdb-thumbnail.jpg\",\"contentUrl\":\"https:\\\/\\\/www.danby.com\\\/fr\\\/wp-content\\\/uploads\\\/sites\\\/2\\\/2025\\\/09\\\/dpa120dchiwdb-thumbnail.jpg\",\"width\":768,\"height\":1024},{\"@type\":\"BreadcrumbList\",\"itemListElement\":[{\"@type\":\"ListItem\",\"position\":1,\"name\":\"Home\",\"item\":\"https:\\\/\\\/www.danby.com\\\/fr\\\/\"},{\"@type\":\"ListItem\",\"position\":2,\"name\":\"Boutique\",\"item\":\"https:\\\/\\\/www.danby.com\\\/fr\\\/boutique\\\/\"},{\"@type\":\"ListItem\",\"position\":3,\"name\":\"Danby Climatiseur portable 12 000 BTU SACC avec double tuyau, onduleur et Wi-Fi\"}]},{\"@type\":\"WebSite\",\"url\":\"https:\\\/\\\/www.danby.com\\\/fr\\\/\",\"name\":\"Danby - Canada - French\",\"description\":\"Leader dans le domaine de la r\u00e9frig\u00e9ration et des appareils sp\u00e9cialis\u00e9s\",\"publisher\":[],\"potentialAction\":[{\"@type\":\"SearchAction\",\"target\":{\"@type\":\"EntryPoint\",\"urlTemplate\":\"https:\\\/\\\/www.danby.com\\\/fr\\\/?s={search_term_string}\"},\"query-input\":{\"@type\":\"PropertyValueSpecification\",\"valueRequired\":true,\"valueName\":\"search_term_string\"}}],\"inLanguage\":\"fr-CA\"},{\"@type\":\"Organization\",\"name\":\"Danby Appliances\",\"url\":\"https:\\\/\\\/www.danby.com\\\/fr\\\/\",\"logo\":{\"@type\":\"ImageObject\",\"inLanguage\":\"fr-CA\",\"url\":\"https:\\\/\\\/cdnweb.danby.com\\\/wp-content\\\/uploads\\\/sites\\\/2\\\/2022\\\/02\\\/10141906\\\/Danby75Ans_Blue.png\",\"contentUrl\":\"https:\\\/\\\/cdnweb.danby.com\\\/wp-content\\\/uploads\\\/sites\\\/2\\\/2022\\\/02\\\/10141906\\\/Danby75Ans_Blue.png\",\"width\":470,\"height\":110,\"caption\":\"Danby Appliances\"},\"image\":[],\"sameAs\":[\"https:\\\/\\\/www.facebook.com\\\/DanbyAppliances\",\"https:\\\/\\\/x.com\\\/DanbyAppliance\",\"https:\\\/\\\/instagram.com\\\/danbyappliances\\\/\",\"https:\\\/\\\/www.linkedin.com\\\/company\\\/danbyappliances\",\"https:\\\/\\\/www.pinterest.ca\\\/danbyappliances\\\/\",\"https:\\\/\\\/www.youtube.com\\\/user\\\/DanbyProducts\",\"https:\\\/\\\/en.wikipedia.org\\\/wiki\\\/Danby_(appliances)\"]}]}<\/script>\n<!-- \/ Yoast SEO plugin. -->","yoast_head_json":{"title":"Climatiseur portatif Danby 12 000 BTU SACC avec double tuyau, onduleur et Wi-Fi, en blanc - DPA120DCHIWDB | Danby Canada","description":"Rafra\u00eechissez-vous avec le climatiseur portatif Danby DPA120DCHIWDB de 12 000 BTU SACC (14 000 BTU), id\u00e9al pour les espaces allant jusqu\u2019\u00e0 550 pieds carr\u00e9s. Son design 3-en-1 \u2014 climatiseur, ventilateur et d\u00e9shumidificateur \u2014 vous assure un confort optimal, peu importe la m\u00e9t\u00e9o. D\u00e9placez-le facilement d\u2019une pi\u00e8ce \u00e0 l\u2019autre gr\u00e2ce \u00e0 ses poign\u00e9es int\u00e9gr\u00e9es et ses roulettes, tandis que le tuyau unique \u00e9vacue efficacement l\u2019air chaud. Dot\u00e9 d\u2019une connectivit\u00e9 Wi-Fi, d\u2019une minuterie programmable sur 24 heures et d\u2019un syst\u00e8me d\u2019auto-\u00e9vaporation, cet appareil est \u00e0 la fois pratique et \u00e9co\u00e9nerg\u00e9tique.","robots":{"index":"index","follow":"follow","max-snippet":"max-snippet:-1","max-image-preview":"max-image-preview:large","max-video-preview":"max-video-preview:-1"},"canonical":"https:\/\/www.danby.com\/fr\/products\/climatiseurs-portatifs\/dpa120dchiwdb\/","og_locale":"fr_CA","og_type":"article","og_title":"Climatiseur portatif Danby 12 000 BTU SACC avec double tuyau, onduleur et Wi-Fi, en blanc - DPA120DCHIWDB | Danby Canada","og_description":"Rafra\u00eechissez-vous avec le climatiseur portatif Danby DPA120DCHIWDB de 12 000 BTU SACC (14 000 BTU), id\u00e9al pour les espaces allant jusqu\u2019\u00e0 550 pieds carr\u00e9s. Son design 3-en-1 \u2014 climatiseur, ventilateur et d\u00e9shumidificateur \u2014 vous assure un confort optimal, peu importe la m\u00e9t\u00e9o. D\u00e9placez-le facilement d\u2019une pi\u00e8ce \u00e0 l\u2019autre gr\u00e2ce \u00e0 ses poign\u00e9es int\u00e9gr\u00e9es et ses roulettes, tandis que le tuyau unique \u00e9vacue efficacement l\u2019air chaud. Dot\u00e9 d\u2019une connectivit\u00e9 Wi-Fi, d\u2019une minuterie programmable sur 24 heures et d\u2019un syst\u00e8me d\u2019auto-\u00e9vaporation, cet appareil est \u00e0 la fois pratique et \u00e9co\u00e9nerg\u00e9tique.","og_url":"https:\/\/www.danby.com\/fr\/products\/climatiseurs-portatifs\/dpa120dchiwdb\/","og_site_name":"Danby - Canada - French","article_publisher":"https:\/\/www.facebook.com\/DanbyAppliances","article_modified_time":"2026-04-23T09:08:40+00:00","og_image":[{"width":1920,"height":2560,"url":"https:\/\/cdnweb.danby.com\/wp-content\/uploads\/sites\/2\/2024\/03\/14141712\/DPA120DCHIWDB-000100-scaled.jpg","type":"image\/jpeg"}],"twitter_card":"summary_large_image","twitter_site":"@DanbyAppliance","schema":{"@context":"https:\/\/schema.org","@graph":[{"@type":["WebPage","ItemPage"],"url":"https:\/\/www.danby.com\/fr\/products\/climatiseurs-portatifs\/dpa120dchiwdb\/","name":"Climatiseur portatif Danby 12 000 BTU SACC avec double tuyau, onduleur et Wi-Fi, en blanc - DPA120DCHIWDB | Danby Canada","isPartOf":[],"primaryImageOfPage":[],"image":[],"thumbnailUrl":"https:\/\/www.danby.com\/fr\/wp-content\/uploads\/sites\/2\/2025\/09\/dpa120dchiwdb-thumbnail.jpg","datePublished":"2024-03-07T18:34:45+00:00","dateModified":"2026-04-23T09:08:40+00:00","description":"Rafra\u00eechissez-vous avec le climatiseur portatif Danby DPA120DCHIWDB de 12 000 BTU SACC (14 000 BTU), id\u00e9al pour les espaces allant jusqu\u2019\u00e0 550 pieds carr\u00e9s. Son design 3-en-1 \u2014 climatiseur, ventilateur et d\u00e9shumidificateur \u2014 vous assure un confort optimal, peu importe la m\u00e9t\u00e9o. D\u00e9placez-le facilement d\u2019une pi\u00e8ce \u00e0 l\u2019autre gr\u00e2ce \u00e0 ses poign\u00e9es int\u00e9gr\u00e9es et ses roulettes, tandis que le tuyau unique \u00e9vacue efficacement l\u2019air chaud. Dot\u00e9 d\u2019une connectivit\u00e9 Wi-Fi, d\u2019une minuterie programmable sur 24 heures et d\u2019un syst\u00e8me d\u2019auto-\u00e9vaporation, cet appareil est \u00e0 la fois pratique et \u00e9co\u00e9nerg\u00e9tique.","breadcrumb":[],"inLanguage":"fr-CA","potentialAction":[{"@type":"ReadAction","target":["https:\/\/www.danby.com\/fr\/products\/climatiseurs-portatifs\/dpa120dchiwdb\/"]}]},{"@type":"ImageObject","inLanguage":"fr-CA","url":"https:\/\/www.danby.com\/fr\/wp-content\/uploads\/sites\/2\/2025\/09\/dpa120dchiwdb-thumbnail.jpg","contentUrl":"https:\/\/www.danby.com\/fr\/wp-content\/uploads\/sites\/2\/2025\/09\/dpa120dchiwdb-thumbnail.jpg","width":768,"height":1024},{"@type":"BreadcrumbList","itemListElement":[{"@type":"ListItem","position":1,"name":"Home","item":"https:\/\/www.danby.com\/fr\/"},{"@type":"ListItem","position":2,"name":"Boutique","item":"https:\/\/www.danby.com\/fr\/boutique\/"},{"@type":"ListItem","position":3,"name":"Danby Climatiseur portable 12 000 BTU SACC avec double tuyau, onduleur et Wi-Fi"}]},{"@type":"WebSite","url":"https:\/\/www.danby.com\/fr\/","name":"Danby - Canada - French","description":"Leader dans le domaine de la r\u00e9frig\u00e9ration et des appareils sp\u00e9cialis\u00e9s","publisher":[],"potentialAction":[{"@type":"SearchAction","target":{"@type":"EntryPoint","urlTemplate":"https:\/\/www.danby.com\/fr\/?s={search_term_string}"},"query-input":{"@type":"PropertyValueSpecification","valueRequired":true,"valueName":"search_term_string"}}],"inLanguage":"fr-CA"},{"@type":"Organization","name":"Danby Appliances","url":"https:\/\/www.danby.com\/fr\/","logo":{"@type":"ImageObject","inLanguage":"fr-CA","url":"https:\/\/cdnweb.danby.com\/wp-content\/uploads\/sites\/2\/2022\/02\/10141906\/Danby75Ans_Blue.png","contentUrl":"https:\/\/cdnweb.danby.com\/wp-content\/uploads\/sites\/2\/2022\/02\/10141906\/Danby75Ans_Blue.png","width":470,"height":110,"caption":"Danby Appliances"},"image":[],"sameAs":["https:\/\/www.facebook.com\/DanbyAppliances","https:\/\/x.com\/DanbyAppliance","https:\/\/instagram.com\/danbyappliances\/","https:\/\/www.linkedin.com\/company\/danbyappliances","https:\/\/www.pinterest.ca\/danbyappliances\/","https:\/\/www.youtube.com\/user\/DanbyProducts","https:\/\/en.wikipedia.org\/wiki\/Danby_(appliances)"]}]}},"post_mailing_queue_ids":[],"_links":{"self":[{"href":"https:\/\/www.danby.com\/fr\/wp-json\/wp\/v2\/product\/26730","targetHints":{"allow":["GET"]}}],"collection":[{"href":"https:\/\/www.danby.com\/fr\/wp-json\/wp\/v2\/product"}],"about":[{"href":"https:\/\/www.danby.com\/fr\/wp-json\/wp\/v2\/types\/product"}],"replies":[{"embeddable":true,"href":"https:\/\/www.danby.com\/fr\/wp-json\/wp\/v2\/comments?post=26730"}],"wp:featuredmedia":[{"embeddable":true,"href":"https:\/\/www.danby.com\/fr\/wp-json\/wp\/v2\/media\/34884"}],"wp:attachment":[{"href":"https:\/\/www.danby.com\/fr\/wp-json\/wp\/v2\/media?parent=26730"}],"wp:term":[{"taxonomy":"product_brand","embeddable":true,"href":"https:\/\/www.danby.com\/fr\/wp-json\/wp\/v2\/product_brand?post=26730"},{"taxonomy":"product_cat","embeddable":true,"href":"https:\/\/www.danby.com\/fr\/wp-json\/wp\/v2\/product_cat?post=26730"},{"taxonomy":"product_tag","embeddable":true,"href":"https:\/\/www.danby.com\/fr\/wp-json\/wp\/v2\/product_tag?post=26730"}],"curies":[{"name":"wp","href":"https:\/\/api.w.org\/{rel}","templated":true}]}}