{"id":26274,"date":"2024-01-04T14:11:07","date_gmt":"2024-01-04T14:11:07","guid":{"rendered":"https:\/\/www.danby.com\/fr\/products\/non%20class\u00e9\/dwm022d1dsdb\/"},"modified":"2026-04-21T10:12:49","modified_gmt":"2026-04-21T10:12:49","slug":"dwm022d1dsdb","status":"publish","type":"product","link":"https:\/\/www.danby.com\/fr\/products\/machines-a-laver-le-linge\/dwm022d1dsdb\/","title":{"rendered":"Danby 24 pouces, 2,2 pi cu. laveuse \u00e0 chargement frontal empilable avec vapeur en en argent fonc\u00e9"},"content":{"rendered":"","protected":false},"excerpt":{"rendered":"<ul>\n<li>Double Jet Danby pour un lavage efficace et performant<\/li>\n<li>Lavez \u00e0 votre fa\u00e7on : 15 cycles de lavage avec 5 r\u00e9glages de temp\u00e9rature<\/li>\n<li>Retard (1-24 heures) : Vous permet de planifier votre lessive selon votre emploi du temps<\/li>\n<li>Fonction de lavage \u00e0 la vapeur : R\u00e9duit les virus et les bact\u00e9ries tout en \u00e9tant doux pour les tissus<\/li>\n<li>Tambour en acier inoxydable : Efficace contre les taches, mais doux pour les v\u00eatements<\/li>\n<li>Essorage rapide : Vitesse d&#8217;essorage de 1400 tours\/min pour faire plus de lessive plus rapidement en r\u00e9duisant le temps de s\u00e9chage<\/li>\n<li>certifi\u00e9 ENERGY STAR\u00ae : \u00c9conome en \u00e9nergie et en eau sans compromis sur les performances<\/li>\n<li>Garantie de 24 mois \u00e0 domicile : Garantie leader de l&#8217;industrie pour une tranquillit\u00e9 d&#8217;esprit<\/li>\n<li>Design empilable avec s\u00e8che-linge assorti<\/li>\n<\/ul>\n","protected":false},"featured_media":35293,"comment_status":"open","ping_status":"closed","template":"","meta":{"_acf_changed":false},"product_brand":[],"product_cat":[39],"product_tag":[],"class_list":{"0":"post-26274","1":"product","2":"type-product","3":"status-publish","4":"has-post-thumbnail","6":"product_cat-machines-a-laver-le-linge","8":"first","9":"instock","10":"taxable","11":"shipping-taxable","12":"product-type-simple"},"acf":[],"yoast_head":"<!-- This site is optimized with the Yoast SEO plugin v26.7 - https:\/\/yoast.com\/wordpress\/plugins\/seo\/ -->\n<title>Danby 24 pouces, 2,2 pi cu. laveuse \u00e0 chargement frontal empilable avec vapeur en en argent fonc\u00e9 - DWM022D1DSDB | Danby Canada<\/title>\n<meta name=\"robots\" content=\"index, follow, max-snippet:-1, max-image-preview:large, max-video-preview:-1\" \/>\n<link rel=\"canonical\" href=\"https:\/\/www.danby.com\/fr\/products\/machines-a-laver-le-linge\/dwm022d1dsdb\/\" \/>\n<meta property=\"og:locale\" content=\"fr_CA\" \/>\n<meta property=\"og:type\" content=\"article\" \/>\n<meta property=\"og:title\" content=\"Danby 24 pouces, 2,2 pi cu. laveuse \u00e0 chargement frontal empilable avec vapeur en en argent fonc\u00e9 - DWM022D1DSDB | Danby Canada\" \/>\n<meta property=\"og:url\" content=\"https:\/\/www.danby.com\/fr\/products\/machines-a-laver-le-linge\/dwm022d1dsdb\/\" \/>\n<meta property=\"og:site_name\" content=\"Danby - Canada - French\" \/>\n<meta property=\"article:publisher\" content=\"https:\/\/www.facebook.com\/DanbyAppliances\" \/>\n<meta property=\"article:modified_time\" content=\"2026-04-21T10:12:49+00:00\" \/>\n<meta property=\"og:image\" content=\"https:\/\/cdnweb.danby.com\/wp-content\/uploads\/sites\/2\/2024\/01\/09143215\/DWM022D1DSDB_Primary-scaled.jpg\" \/>\n\t<meta property=\"og:image:width\" content=\"1920\" \/>\n\t<meta property=\"og:image:height\" content=\"2560\" \/>\n\t<meta property=\"og:image:type\" content=\"image\/jpeg\" \/>\n<meta name=\"twitter:card\" content=\"summary_large_image\" \/>\n<meta name=\"twitter:site\" content=\"@DanbyAppliance\" \/>\n<script type=\"application\/ld+json\" class=\"yoast-schema-graph\">{\"@context\":\"https:\/\/schema.org\",\"@graph\":[{\"@type\":[\"WebPage\",\"ItemPage\"],\"url\":\"https:\/\/www.danby.com\/fr\/products\/machines-a-laver-le-linge\/dwm022d1dsdb\/\",\"name\":\"Danby 24 pouces, 2,2 pi cu. laveuse \u00e0 chargement frontal empilable avec vapeur en en argent fonc\u00e9 - DWM022D1DSDB | Danby Canada\",\"isPartOf\":[],\"primaryImageOfPage\":[],\"image\":[],\"thumbnailUrl\":\"https:\/\/www.danby.com\/fr\/wp-content\/uploads\/sites\/2\/2025\/10\/dwm022d1dsdb-thumbnail.jpg\",\"datePublished\":\"2024-01-04T14:11:07+00:00\",\"dateModified\":\"2026-04-21T10:12:49+00:00\",\"breadcrumb\":[],\"inLanguage\":\"fr-CA\",\"potentialAction\":[{\"@type\":\"ReadAction\",\"target\":[\"https:\/\/www.danby.com\/fr\/products\/machines-a-laver-le-linge\/dwm022d1dsdb\/\"]}]},{\"@type\":\"ImageObject\",\"inLanguage\":\"fr-CA\",\"url\":\"https:\/\/www.danby.com\/fr\/wp-content\/uploads\/sites\/2\/2025\/10\/dwm022d1dsdb-thumbnail.jpg\",\"contentUrl\":\"https:\/\/www.danby.com\/fr\/wp-content\/uploads\/sites\/2\/2025\/10\/dwm022d1dsdb-thumbnail.jpg\",\"width\":768,\"height\":1024},{\"@type\":\"BreadcrumbList\",\"itemListElement\":[{\"@type\":\"ListItem\",\"position\":1,\"name\":\"Home\",\"item\":\"https:\/\/www.danby.com\/fr\/\"},{\"@type\":\"ListItem\",\"position\":2,\"name\":\"Boutique\",\"item\":\"https:\/\/www.danby.com\/fr\/boutique\/\"},{\"@type\":\"ListItem\",\"position\":3,\"name\":\"DWM022D1DSDB\"}]},{\"@type\":\"WebSite\",\"url\":\"https:\/\/www.danby.com\/fr\/\",\"name\":\"Danby - Canada - French\",\"description\":\"Leader dans le domaine de la r\u00e9frig\u00e9ration et des appareils sp\u00e9cialis\u00e9s\",\"publisher\":[],\"potentialAction\":[{\"@type\":\"SearchAction\",\"target\":{\"@type\":\"EntryPoint\",\"urlTemplate\":\"https:\/\/www.danby.com\/fr\/?s={search_term_string}\"},\"query-input\":{\"@type\":\"PropertyValueSpecification\",\"valueRequired\":true,\"valueName\":\"search_term_string\"}}],\"inLanguage\":\"fr-CA\"},{\"@type\":\"Organization\",\"name\":\"Danby Appliances\",\"url\":\"https:\/\/www.danby.com\/fr\/\",\"logo\":{\"@type\":\"ImageObject\",\"inLanguage\":\"fr-CA\",\"url\":\"https:\/\/cdnweb.danby.com\/wp-content\/uploads\/sites\/2\/2022\/02\/10141906\/Danby75Ans_Blue.png\",\"contentUrl\":\"https:\/\/cdnweb.danby.com\/wp-content\/uploads\/sites\/2\/2022\/02\/10141906\/Danby75Ans_Blue.png\",\"width\":470,\"height\":110,\"caption\":\"Danby Appliances\"},\"image\":[],\"sameAs\":[\"https:\/\/www.facebook.com\/DanbyAppliances\",\"https:\/\/x.com\/DanbyAppliance\",\"https:\/\/instagram.com\/danbyappliances\/\",\"https:\/\/www.linkedin.com\/company\/danbyappliances\",\"https:\/\/www.pinterest.ca\/danbyappliances\/\",\"https:\/\/www.youtube.com\/user\/DanbyProducts\",\"https:\/\/en.wikipedia.org\/wiki\/Danby_(appliances)\"]}]}<\/script>\n<!-- \/ Yoast SEO plugin. -->","yoast_head_json":{"title":"Danby 24 pouces, 2,2 pi cu. laveuse \u00e0 chargement frontal empilable avec vapeur en en argent fonc\u00e9 - DWM022D1DSDB | Danby Canada","robots":{"index":"index","follow":"follow","max-snippet":"max-snippet:-1","max-image-preview":"max-image-preview:large","max-video-preview":"max-video-preview:-1"},"canonical":"https:\/\/www.danby.com\/fr\/products\/machines-a-laver-le-linge\/dwm022d1dsdb\/","og_locale":"fr_CA","og_type":"article","og_title":"Danby 24 pouces, 2,2 pi cu. laveuse \u00e0 chargement frontal empilable avec vapeur en en argent fonc\u00e9 - DWM022D1DSDB | Danby Canada","og_url":"https:\/\/www.danby.com\/fr\/products\/machines-a-laver-le-linge\/dwm022d1dsdb\/","og_site_name":"Danby - Canada - French","article_publisher":"https:\/\/www.facebook.com\/DanbyAppliances","article_modified_time":"2026-04-21T10:12:49+00:00","og_image":[{"width":1920,"height":2560,"url":"https:\/\/cdnweb.danby.com\/wp-content\/uploads\/sites\/2\/2024\/01\/09143215\/DWM022D1DSDB_Primary-scaled.jpg","type":"image\/jpeg"}],"twitter_card":"summary_large_image","twitter_site":"@DanbyAppliance","schema":{"@context":"https:\/\/schema.org","@graph":[{"@type":["WebPage","ItemPage"],"url":"https:\/\/www.danby.com\/fr\/products\/machines-a-laver-le-linge\/dwm022d1dsdb\/","name":"Danby 24 pouces, 2,2 pi cu. laveuse \u00e0 chargement frontal empilable avec vapeur en en argent fonc\u00e9 - DWM022D1DSDB | Danby Canada","isPartOf":[],"primaryImageOfPage":[],"image":[],"thumbnailUrl":"https:\/\/www.danby.com\/fr\/wp-content\/uploads\/sites\/2\/2025\/10\/dwm022d1dsdb-thumbnail.jpg","datePublished":"2024-01-04T14:11:07+00:00","dateModified":"2026-04-21T10:12:49+00:00","breadcrumb":[],"inLanguage":"fr-CA","potentialAction":[{"@type":"ReadAction","target":["https:\/\/www.danby.com\/fr\/products\/machines-a-laver-le-linge\/dwm022d1dsdb\/"]}]},{"@type":"ImageObject","inLanguage":"fr-CA","url":"https:\/\/www.danby.com\/fr\/wp-content\/uploads\/sites\/2\/2025\/10\/dwm022d1dsdb-thumbnail.jpg","contentUrl":"https:\/\/www.danby.com\/fr\/wp-content\/uploads\/sites\/2\/2025\/10\/dwm022d1dsdb-thumbnail.jpg","width":768,"height":1024},{"@type":"BreadcrumbList","itemListElement":[{"@type":"ListItem","position":1,"name":"Home","item":"https:\/\/www.danby.com\/fr\/"},{"@type":"ListItem","position":2,"name":"Boutique","item":"https:\/\/www.danby.com\/fr\/boutique\/"},{"@type":"ListItem","position":3,"name":"DWM022D1DSDB"}]},{"@type":"WebSite","url":"https:\/\/www.danby.com\/fr\/","name":"Danby - Canada - French","description":"Leader dans le domaine de la r\u00e9frig\u00e9ration et des appareils sp\u00e9cialis\u00e9s","publisher":[],"potentialAction":[{"@type":"SearchAction","target":{"@type":"EntryPoint","urlTemplate":"https:\/\/www.danby.com\/fr\/?s={search_term_string}"},"query-input":{"@type":"PropertyValueSpecification","valueRequired":true,"valueName":"search_term_string"}}],"inLanguage":"fr-CA"},{"@type":"Organization","name":"Danby Appliances","url":"https:\/\/www.danby.com\/fr\/","logo":{"@type":"ImageObject","inLanguage":"fr-CA","url":"https:\/\/cdnweb.danby.com\/wp-content\/uploads\/sites\/2\/2022\/02\/10141906\/Danby75Ans_Blue.png","contentUrl":"https:\/\/cdnweb.danby.com\/wp-content\/uploads\/sites\/2\/2022\/02\/10141906\/Danby75Ans_Blue.png","width":470,"height":110,"caption":"Danby Appliances"},"image":[],"sameAs":["https:\/\/www.facebook.com\/DanbyAppliances","https:\/\/x.com\/DanbyAppliance","https:\/\/instagram.com\/danbyappliances\/","https:\/\/www.linkedin.com\/company\/danbyappliances","https:\/\/www.pinterest.ca\/danbyappliances\/","https:\/\/www.youtube.com\/user\/DanbyProducts","https:\/\/en.wikipedia.org\/wiki\/Danby_(appliances)"]}]}},"post_mailing_queue_ids":[],"_links":{"self":[{"href":"https:\/\/www.danby.com\/fr\/wp-json\/wp\/v2\/product\/26274","targetHints":{"allow":["GET"]}}],"collection":[{"href":"https:\/\/www.danby.com\/fr\/wp-json\/wp\/v2\/product"}],"about":[{"href":"https:\/\/www.danby.com\/fr\/wp-json\/wp\/v2\/types\/product"}],"replies":[{"embeddable":true,"href":"https:\/\/www.danby.com\/fr\/wp-json\/wp\/v2\/comments?post=26274"}],"wp:featuredmedia":[{"embeddable":true,"href":"https:\/\/www.danby.com\/fr\/wp-json\/wp\/v2\/media\/35293"}],"wp:attachment":[{"href":"https:\/\/www.danby.com\/fr\/wp-json\/wp\/v2\/media?parent=26274"}],"wp:term":[{"taxonomy":"product_brand","embeddable":true,"href":"https:\/\/www.danby.com\/fr\/wp-json\/wp\/v2\/product_brand?post=26274"},{"taxonomy":"product_cat","embeddable":true,"href":"https:\/\/www.danby.com\/fr\/wp-json\/wp\/v2\/product_cat?post=26274"},{"taxonomy":"product_tag","embeddable":true,"href":"https:\/\/www.danby.com\/fr\/wp-json\/wp\/v2\/product_tag?post=26274"}],"curies":[{"name":"wp","href":"https:\/\/api.w.org\/{rel}","templated":true}]}}