{"id":25496,"date":"2023-11-09T21:11:06","date_gmt":"2023-11-09T21:11:06","guid":{"rendered":"https:\/\/www.danby.com\/fr\/products\/non%20class\u00e9\/dac080b5wdb-rf\/"},"modified":"2026-04-12T10:03:57","modified_gmt":"2026-04-12T10:03:57","slug":"dac080b5wdb-rf","status":"publish","type":"product","link":"https:\/\/www.danby.com\/fr\/products\/climatiseurs-de-fenetre\/dac080b5wdb-rf\/","title":{"rendered":"Danby Fen\u00eatre AC 8,000 BTU avec WIFI en blanc &#8211; Remis \u00e0 neuf"},"content":{"rendered":"","protected":false},"excerpt":{"rendered":"<ul>\n<li>8 000 BTU refroidissent l&#8217;espace jusqu&#8217;\u00e0 350 pieds carr\u00e9s<\/li>\n<li>Connexion sans fil : contr\u00f4lez facilement votre appareil de n&#8217;importe o\u00f9 gr\u00e2ce \u00e0 la fonction de connexion sans fil<\/li>\n<li>Commande num\u00e9rique avec brillance gr\u00e2ce \u00e0 l&#8217;\u00e9cran et \u00e0 la t\u00e9l\u00e9commande<\/li>\n<li>Un puissant ventilateur \u00e0 3 vitesses fait circuler l&#8217;air<\/li>\n<li>Direction de l&#8217;air \u00e0 4 voies<\/li>\n<li>Red\u00e9marrage automatique : l&#8217;unit\u00e9 red\u00e9marre automatiquement apr\u00e8s une panne de courant<\/li>\n<li>Filtre \u00e0 air r\u00e9utilisable et lavable<\/li>\n<li>Mode veille : emp\u00eache la pi\u00e8ce de devenir trop froide pendant que vous dormez<\/li>\n<li>Energy Saver Switch: cycles the fan on and off to reduce energy consumption<\/li>\n<\/ul>\n","protected":false},"featured_media":21709,"comment_status":"open","ping_status":"closed","template":"","meta":{"_acf_changed":false},"product_brand":[],"product_cat":[40],"product_tag":[],"class_list":{"0":"post-25496","1":"product","2":"type-product","3":"status-publish","4":"has-post-thumbnail","6":"product_cat-climatiseurs-de-fenetre","8":"first","9":"instock","10":"taxable","11":"shipping-taxable","12":"purchasable","13":"product-type-simple"},"acf":[],"yoast_head":"<!-- This site is optimized with the Yoast SEO plugin v26.7 - https:\/\/yoast.com\/wordpress\/plugins\/seo\/ -->\n<title>Danby Fen\u00eatre AC 8,000 BTU avec WIFI en blanc - Remis \u00e0 neuf - DAC080B5WDB-RF | Danby Canada<\/title>\n<meta name=\"description\" content=\"Cet appareil de climatisation de fen\u00eatre de 8 000 BTU de Danby est parfait pour les chambres et les petits espaces de vie jusqu&#039;\u00e0 350 pieds carr\u00e9s. En plus d&#039;\u00eatre frais et confortable, ce climatiseur dispose d&#039;un affichage num\u00e9rique avec t\u00e9l\u00e9commande et peut \u00eatre contr\u00f4l\u00e9 \u00e0 distance gr\u00e2ce \u00e0 sa fonction de connexion sans fil. Cet appareil est \u00e9quip\u00e9 d&#039;une minuterie programmable de 24 heures, d&#039;un mode sommeil et d&#039;un interrupteur \u00e9conomiseur d&#039;\u00e9nergie, r\u00e9duisant ainsi les co\u00fbts d&#039;exploitation globaux et \u00e9conomisant sur vos factures mensuelles d&#039;hydro\u00e9lectricit\u00e9. Pour maximiser le refroidissement, cette unit\u00e9 est dot\u00e9e d&#039;une direction d&#039;air \u00e0 4 voies et d&#039;un puissant ventilateur \u00e0 3 vitesses.\" \/>\n<meta name=\"robots\" content=\"index, follow, max-snippet:-1, max-image-preview:large, max-video-preview:-1\" \/>\n<link rel=\"canonical\" href=\"https:\/\/www.danby.com\/fr\/products\/climatiseurs-de-fenetre\/dac080b5wdb-rf\/\" \/>\n<meta property=\"og:locale\" content=\"fr_CA\" \/>\n<meta property=\"og:type\" content=\"article\" \/>\n<meta property=\"og:title\" content=\"Danby Fen\u00eatre AC 8,000 BTU avec WIFI en blanc - Remis \u00e0 neuf - DAC080B5WDB-RF | Danby Canada\" \/>\n<meta property=\"og:description\" content=\"Cet appareil de climatisation de fen\u00eatre de 8 000 BTU de Danby est parfait pour les chambres et les petits espaces de vie jusqu&#039;\u00e0 350 pieds carr\u00e9s. En plus d&#039;\u00eatre frais et confortable, ce climatiseur dispose d&#039;un affichage num\u00e9rique avec t\u00e9l\u00e9commande et peut \u00eatre contr\u00f4l\u00e9 \u00e0 distance gr\u00e2ce \u00e0 sa fonction de connexion sans fil. Cet appareil est \u00e9quip\u00e9 d&#039;une minuterie programmable de 24 heures, d&#039;un mode sommeil et d&#039;un interrupteur \u00e9conomiseur d&#039;\u00e9nergie, r\u00e9duisant ainsi les co\u00fbts d&#039;exploitation globaux et \u00e9conomisant sur vos factures mensuelles d&#039;hydro\u00e9lectricit\u00e9. Pour maximiser le refroidissement, cette unit\u00e9 est dot\u00e9e d&#039;une direction d&#039;air \u00e0 4 voies et d&#039;un puissant ventilateur \u00e0 3 vitesses.\" \/>\n<meta property=\"og:url\" content=\"https:\/\/www.danby.com\/fr\/products\/climatiseurs-de-fenetre\/dac080b5wdb-rf\/\" \/>\n<meta property=\"og:site_name\" content=\"Danby - Canada - French\" \/>\n<meta property=\"article:publisher\" content=\"https:\/\/www.facebook.com\/DanbyAppliances\" \/>\n<meta property=\"article:modified_time\" content=\"2026-04-12T10:03:57+00:00\" \/>\n<meta property=\"og:image\" content=\"https:\/\/cdnweb.danby.com\/wp-content\/uploads\/sites\/2\/2023\/04\/27195248\/DAC080B5WDB_front.jpg\" \/>\n\t<meta property=\"og:image:width\" content=\"2000\" \/>\n\t<meta property=\"og:image:height\" content=\"2000\" \/>\n\t<meta property=\"og:image:type\" content=\"image\/jpeg\" \/>\n<meta name=\"twitter:card\" content=\"summary_large_image\" \/>\n<meta name=\"twitter:site\" content=\"@DanbyAppliance\" \/>\n<meta name=\"twitter:label1\" content=\"Estimation du temps de lecture\" \/>\n\t<meta name=\"twitter:data1\" content=\"1 minute\" \/>\n<script type=\"application\/ld+json\" class=\"yoast-schema-graph\">{\"@context\":\"https:\/\/schema.org\",\"@graph\":[{\"@type\":[\"WebPage\",\"ItemPage\"],\"url\":\"https:\/\/www.danby.com\/fr\/products\/climatiseurs-de-fenetre\/dac080b5wdb-rf\/\",\"name\":\"Danby Fen\u00eatre AC 8,000 BTU avec WIFI en blanc - Remis \u00e0 neuf - DAC080B5WDB-RF | Danby Canada\",\"isPartOf\":[],\"primaryImageOfPage\":[],\"image\":[],\"thumbnailUrl\":\"https:\/\/cdnweb.danby.com\/wp-content\/uploads\/sites\/2\/2023\/04\/27195248\/DAC080B5WDB_front.jpg\",\"datePublished\":\"2023-11-09T21:11:06+00:00\",\"dateModified\":\"2026-04-12T10:03:57+00:00\",\"description\":\"Cet appareil de climatisation de fen\u00eatre de 8 000 BTU de Danby est parfait pour les chambres et les petits espaces de vie jusqu'\u00e0 350 pieds carr\u00e9s. En plus d'\u00eatre frais et confortable, ce climatiseur dispose d'un affichage num\u00e9rique avec t\u00e9l\u00e9commande et peut \u00eatre contr\u00f4l\u00e9 \u00e0 distance gr\u00e2ce \u00e0 sa fonction de connexion sans fil. Cet appareil est \u00e9quip\u00e9 d'une minuterie programmable de 24 heures, d'un mode sommeil et d'un interrupteur \u00e9conomiseur d'\u00e9nergie, r\u00e9duisant ainsi les co\u00fbts d'exploitation globaux et \u00e9conomisant sur vos factures mensuelles d'hydro\u00e9lectricit\u00e9. Pour maximiser le refroidissement, cette unit\u00e9 est dot\u00e9e d'une direction d'air \u00e0 4 voies et d'un puissant ventilateur \u00e0 3 vitesses.\",\"breadcrumb\":[],\"inLanguage\":\"fr-CA\",\"potentialAction\":[{\"@type\":\"ReadAction\",\"target\":[\"https:\/\/www.danby.com\/fr\/products\/climatiseurs-de-fenetre\/dac080b5wdb-rf\/\"]}]},{\"@type\":\"ImageObject\",\"inLanguage\":\"fr-CA\",\"url\":\"https:\/\/cdnweb.danby.com\/wp-content\/uploads\/sites\/2\/2023\/04\/27195248\/DAC080B5WDB_front.jpg\",\"contentUrl\":\"https:\/\/cdnweb.danby.com\/wp-content\/uploads\/sites\/2\/2023\/04\/27195248\/DAC080B5WDB_front.jpg\",\"width\":2000,\"height\":2000},{\"@type\":\"BreadcrumbList\",\"itemListElement\":[{\"@type\":\"ListItem\",\"position\":1,\"name\":\"Home\",\"item\":\"https:\/\/www.danby.com\/fr\/\"},{\"@type\":\"ListItem\",\"position\":2,\"name\":\"Boutique\",\"item\":\"https:\/\/www.danby.com\/fr\/boutique\/\"},{\"@type\":\"ListItem\",\"position\":3,\"name\":\"Danby Fen\u00eatre AC 8,000 BTU avec WIFI en blanc &#8211; Remis \u00e0 neuf\"}]},{\"@type\":\"WebSite\",\"url\":\"https:\/\/www.danby.com\/fr\/\",\"name\":\"Danby - Canada - French\",\"description\":\"Leader dans le domaine de la r\u00e9frig\u00e9ration et des appareils sp\u00e9cialis\u00e9s\",\"publisher\":[],\"potentialAction\":[{\"@type\":\"SearchAction\",\"target\":{\"@type\":\"EntryPoint\",\"urlTemplate\":\"https:\/\/www.danby.com\/fr\/?s={search_term_string}\"},\"query-input\":{\"@type\":\"PropertyValueSpecification\",\"valueRequired\":true,\"valueName\":\"search_term_string\"}}],\"inLanguage\":\"fr-CA\"},{\"@type\":\"Organization\",\"name\":\"Danby Appliances\",\"url\":\"https:\/\/www.danby.com\/fr\/\",\"logo\":{\"@type\":\"ImageObject\",\"inLanguage\":\"fr-CA\",\"url\":\"https:\/\/cdnweb.danby.com\/wp-content\/uploads\/sites\/2\/2022\/02\/10141906\/Danby75Ans_Blue.png\",\"contentUrl\":\"https:\/\/cdnweb.danby.com\/wp-content\/uploads\/sites\/2\/2022\/02\/10141906\/Danby75Ans_Blue.png\",\"width\":470,\"height\":110,\"caption\":\"Danby Appliances\"},\"image\":[],\"sameAs\":[\"https:\/\/www.facebook.com\/DanbyAppliances\",\"https:\/\/x.com\/DanbyAppliance\",\"https:\/\/instagram.com\/danbyappliances\/\",\"https:\/\/www.linkedin.com\/company\/danbyappliances\",\"https:\/\/www.pinterest.ca\/danbyappliances\/\",\"https:\/\/www.youtube.com\/user\/DanbyProducts\",\"https:\/\/en.wikipedia.org\/wiki\/Danby_(appliances)\"]}]}<\/script>\n<!-- \/ Yoast SEO plugin. -->","yoast_head_json":{"title":"Danby Fen\u00eatre AC 8,000 BTU avec WIFI en blanc - Remis \u00e0 neuf - DAC080B5WDB-RF | Danby Canada","description":"Cet appareil de climatisation de fen\u00eatre de 8 000 BTU de Danby est parfait pour les chambres et les petits espaces de vie jusqu'\u00e0 350 pieds carr\u00e9s. En plus d'\u00eatre frais et confortable, ce climatiseur dispose d'un affichage num\u00e9rique avec t\u00e9l\u00e9commande et peut \u00eatre contr\u00f4l\u00e9 \u00e0 distance gr\u00e2ce \u00e0 sa fonction de connexion sans fil. Cet appareil est \u00e9quip\u00e9 d'une minuterie programmable de 24 heures, d'un mode sommeil et d'un interrupteur \u00e9conomiseur d'\u00e9nergie, r\u00e9duisant ainsi les co\u00fbts d'exploitation globaux et \u00e9conomisant sur vos factures mensuelles d'hydro\u00e9lectricit\u00e9. Pour maximiser le refroidissement, cette unit\u00e9 est dot\u00e9e d'une direction d'air \u00e0 4 voies et d'un puissant ventilateur \u00e0 3 vitesses.","robots":{"index":"index","follow":"follow","max-snippet":"max-snippet:-1","max-image-preview":"max-image-preview:large","max-video-preview":"max-video-preview:-1"},"canonical":"https:\/\/www.danby.com\/fr\/products\/climatiseurs-de-fenetre\/dac080b5wdb-rf\/","og_locale":"fr_CA","og_type":"article","og_title":"Danby Fen\u00eatre AC 8,000 BTU avec WIFI en blanc - Remis \u00e0 neuf - DAC080B5WDB-RF | Danby Canada","og_description":"Cet appareil de climatisation de fen\u00eatre de 8 000 BTU de Danby est parfait pour les chambres et les petits espaces de vie jusqu'\u00e0 350 pieds carr\u00e9s. En plus d'\u00eatre frais et confortable, ce climatiseur dispose d'un affichage num\u00e9rique avec t\u00e9l\u00e9commande et peut \u00eatre contr\u00f4l\u00e9 \u00e0 distance gr\u00e2ce \u00e0 sa fonction de connexion sans fil. Cet appareil est \u00e9quip\u00e9 d'une minuterie programmable de 24 heures, d'un mode sommeil et d'un interrupteur \u00e9conomiseur d'\u00e9nergie, r\u00e9duisant ainsi les co\u00fbts d'exploitation globaux et \u00e9conomisant sur vos factures mensuelles d'hydro\u00e9lectricit\u00e9. Pour maximiser le refroidissement, cette unit\u00e9 est dot\u00e9e d'une direction d'air \u00e0 4 voies et d'un puissant ventilateur \u00e0 3 vitesses.","og_url":"https:\/\/www.danby.com\/fr\/products\/climatiseurs-de-fenetre\/dac080b5wdb-rf\/","og_site_name":"Danby - Canada - French","article_publisher":"https:\/\/www.facebook.com\/DanbyAppliances","article_modified_time":"2026-04-12T10:03:57+00:00","og_image":[{"width":2000,"height":2000,"url":"https:\/\/cdnweb.danby.com\/wp-content\/uploads\/sites\/2\/2023\/04\/27195248\/DAC080B5WDB_front.jpg","type":"image\/jpeg"}],"twitter_card":"summary_large_image","twitter_site":"@DanbyAppliance","twitter_misc":{"Estimation du temps de lecture":"1 minute"},"schema":{"@context":"https:\/\/schema.org","@graph":[{"@type":["WebPage","ItemPage"],"url":"https:\/\/www.danby.com\/fr\/products\/climatiseurs-de-fenetre\/dac080b5wdb-rf\/","name":"Danby Fen\u00eatre AC 8,000 BTU avec WIFI en blanc - Remis \u00e0 neuf - DAC080B5WDB-RF | Danby Canada","isPartOf":[],"primaryImageOfPage":[],"image":[],"thumbnailUrl":"https:\/\/cdnweb.danby.com\/wp-content\/uploads\/sites\/2\/2023\/04\/27195248\/DAC080B5WDB_front.jpg","datePublished":"2023-11-09T21:11:06+00:00","dateModified":"2026-04-12T10:03:57+00:00","description":"Cet appareil de climatisation de fen\u00eatre de 8 000 BTU de Danby est parfait pour les chambres et les petits espaces de vie jusqu'\u00e0 350 pieds carr\u00e9s. En plus d'\u00eatre frais et confortable, ce climatiseur dispose d'un affichage num\u00e9rique avec t\u00e9l\u00e9commande et peut \u00eatre contr\u00f4l\u00e9 \u00e0 distance gr\u00e2ce \u00e0 sa fonction de connexion sans fil. Cet appareil est \u00e9quip\u00e9 d'une minuterie programmable de 24 heures, d'un mode sommeil et d'un interrupteur \u00e9conomiseur d'\u00e9nergie, r\u00e9duisant ainsi les co\u00fbts d'exploitation globaux et \u00e9conomisant sur vos factures mensuelles d'hydro\u00e9lectricit\u00e9. Pour maximiser le refroidissement, cette unit\u00e9 est dot\u00e9e d'une direction d'air \u00e0 4 voies et d'un puissant ventilateur \u00e0 3 vitesses.","breadcrumb":[],"inLanguage":"fr-CA","potentialAction":[{"@type":"ReadAction","target":["https:\/\/www.danby.com\/fr\/products\/climatiseurs-de-fenetre\/dac080b5wdb-rf\/"]}]},{"@type":"ImageObject","inLanguage":"fr-CA","url":"https:\/\/cdnweb.danby.com\/wp-content\/uploads\/sites\/2\/2023\/04\/27195248\/DAC080B5WDB_front.jpg","contentUrl":"https:\/\/cdnweb.danby.com\/wp-content\/uploads\/sites\/2\/2023\/04\/27195248\/DAC080B5WDB_front.jpg","width":2000,"height":2000},{"@type":"BreadcrumbList","itemListElement":[{"@type":"ListItem","position":1,"name":"Home","item":"https:\/\/www.danby.com\/fr\/"},{"@type":"ListItem","position":2,"name":"Boutique","item":"https:\/\/www.danby.com\/fr\/boutique\/"},{"@type":"ListItem","position":3,"name":"Danby Fen\u00eatre AC 8,000 BTU avec WIFI en blanc &#8211; Remis \u00e0 neuf"}]},{"@type":"WebSite","url":"https:\/\/www.danby.com\/fr\/","name":"Danby - Canada - French","description":"Leader dans le domaine de la r\u00e9frig\u00e9ration et des appareils sp\u00e9cialis\u00e9s","publisher":[],"potentialAction":[{"@type":"SearchAction","target":{"@type":"EntryPoint","urlTemplate":"https:\/\/www.danby.com\/fr\/?s={search_term_string}"},"query-input":{"@type":"PropertyValueSpecification","valueRequired":true,"valueName":"search_term_string"}}],"inLanguage":"fr-CA"},{"@type":"Organization","name":"Danby Appliances","url":"https:\/\/www.danby.com\/fr\/","logo":{"@type":"ImageObject","inLanguage":"fr-CA","url":"https:\/\/cdnweb.danby.com\/wp-content\/uploads\/sites\/2\/2022\/02\/10141906\/Danby75Ans_Blue.png","contentUrl":"https:\/\/cdnweb.danby.com\/wp-content\/uploads\/sites\/2\/2022\/02\/10141906\/Danby75Ans_Blue.png","width":470,"height":110,"caption":"Danby Appliances"},"image":[],"sameAs":["https:\/\/www.facebook.com\/DanbyAppliances","https:\/\/x.com\/DanbyAppliance","https:\/\/instagram.com\/danbyappliances\/","https:\/\/www.linkedin.com\/company\/danbyappliances","https:\/\/www.pinterest.ca\/danbyappliances\/","https:\/\/www.youtube.com\/user\/DanbyProducts","https:\/\/en.wikipedia.org\/wiki\/Danby_(appliances)"]}]}},"post_mailing_queue_ids":[],"_links":{"self":[{"href":"https:\/\/www.danby.com\/fr\/wp-json\/wp\/v2\/product\/25496","targetHints":{"allow":["GET"]}}],"collection":[{"href":"https:\/\/www.danby.com\/fr\/wp-json\/wp\/v2\/product"}],"about":[{"href":"https:\/\/www.danby.com\/fr\/wp-json\/wp\/v2\/types\/product"}],"replies":[{"embeddable":true,"href":"https:\/\/www.danby.com\/fr\/wp-json\/wp\/v2\/comments?post=25496"}],"wp:featuredmedia":[{"embeddable":true,"href":"https:\/\/www.danby.com\/fr\/wp-json\/wp\/v2\/media\/21709"}],"wp:attachment":[{"href":"https:\/\/www.danby.com\/fr\/wp-json\/wp\/v2\/media?parent=25496"}],"wp:term":[{"taxonomy":"product_brand","embeddable":true,"href":"https:\/\/www.danby.com\/fr\/wp-json\/wp\/v2\/product_brand?post=25496"},{"taxonomy":"product_cat","embeddable":true,"href":"https:\/\/www.danby.com\/fr\/wp-json\/wp\/v2\/product_cat?post=25496"},{"taxonomy":"product_tag","embeddable":true,"href":"https:\/\/www.danby.com\/fr\/wp-json\/wp\/v2\/product_tag?post=25496"}],"curies":[{"name":"wp","href":"https:\/\/api.w.org\/{rel}","templated":true}]}}