{"id":25487,"date":"2023-11-09T20:31:39","date_gmt":"2023-11-09T20:31:39","guid":{"rendered":"https:\/\/www.danby.com\/fr\/products\/non%20class\u00e9\/dpa100he5bdb-rf\/"},"modified":"2026-04-15T10:07:38","modified_gmt":"2026-04-15T10:07:38","slug":"dpa100he5bdb-rf","status":"publish","type":"product","link":"https:\/\/www.danby.com\/fr\/products\/climatiseurs-portatifs\/dpa100he5bdb-rf\/","title":{"rendered":"Danby Climatiseur portable 3-en-1 de 12,000 BTU (10,000 SACC) &#8211; Remis \u00e0 neuf"},"content":{"rendered":"","protected":false},"excerpt":{"rendered":"<ul>\n<li>Conception pratique 3 en 1 : climatiseur, ventilateur, et d\u00e9shumidificateur.<\/li>\n<li>Le climatiseur portable SACC 10 000 refroidit les espaces jusqu&#8217;\u00e0 500 pieds carr\u00e9s.<\/li>\n<li>Conception \u00e0 double tuyau : Une nouvelle conception innovante garantit une fuite de chaleur minimale et un refroidissement maximal.<\/li>\n<li>Contr\u00f4le intelligent : Contr\u00f4lez la temp\u00e9rature de votre espace \u00e0 tout moment et de n&#8217;importe o\u00f9 gr\u00e2ce \u00e0 la fonction de contr\u00f4le vocal.<\/li>\n<li>R\u00e9frig\u00e9rant R32 : Respectueux de l&#8217;environnement, le PRG (potentiel de r\u00e9chauffement de la plan\u00e8te) du R32 est 3 fois inf\u00e9rieur \u00e0 celui du R410a.<\/li>\n<li>Commandes \u00e9lectroniques avec affichage LED et t\u00e9l\u00e9commande<\/li>\n<li>L&#8217;angle de l&#8217;\u00e9vent d&#8217;air est 80 degr\u00e9s plus large que celui des anciens mod\u00e8les et fournit un flux d&#8217;air plus puissant qui atteint plus loin et refroidit plus rapidement.<\/li>\n<li>Compresseur Inverter : Super silencieux et efficace<\/li>\n<li>Red\u00e9marrage automatique : L&#8217;unit\u00e9 red\u00e9marre automatiquement apr\u00e8s une panne de courant<\/li>\n<li>Minuterie de 24 heures<\/li>\n<li>Facile \u00e0 d\u00e9placer : Roulettes et poign\u00e9es int\u00e9gr\u00e9es pour un transport facile d&#8217;une pi\u00e8ce \u00e0 l&#8217;autre.<\/li>\n<li>Facile \u00e0 installer<\/li>\n<\/ul>\n","protected":false},"featured_media":21400,"comment_status":"open","ping_status":"closed","template":"","meta":{"_acf_changed":false},"product_brand":[],"product_cat":[35,1450,1449],"product_tag":[],"class_list":{"0":"post-25487","1":"product","2":"type-product","3":"status-publish","4":"has-post-thumbnail","6":"product_cat-climatiseurs-portatifs","7":"product_cat-home-comfort","8":"product_cat-sales","9":"product_shipping_class-home-comfort","11":"first","12":"instock","13":"sale","14":"taxable","15":"shipping-taxable","16":"purchasable","17":"product-type-simple"},"acf":[],"yoast_head":"<!-- This site is optimized with the Yoast SEO plugin v26.7 - https:\/\/yoast.com\/wordpress\/plugins\/seo\/ -->\n<title>Danby Climatiseur portable 3-en-1 de 12,000 BTU (10,000 SACC) - Remis \u00e0 neuf - DPA100HE5BDB-RF | Danby Canada<\/title>\n<meta name=\"description\" content=\"Rafra\u00eechissez-vous avec ce climatiseur portable de 12 000 BTU (10 000 SACC) de Danby, parfait pour rafra\u00eechir des espaces allant jusqu&#039;\u00e0 500 pieds carr\u00e9s. Pour vous aider \u00e0 maximiser votre confort, la conception 3 en 1 : climatiseur, ventilateur et d\u00e9shumidificateur vous permet de vous sentir \u00e0 l&#039;aise peu importe le temps qu&#039;il fait dehors ! Profitez d&#039;une nouvelle conception de maison double qui fournit une fuite de chaleur minimale et un refroidissement maximal. Utilisez les fonctions Smart Control pour r\u00e9gler la temp\u00e9rature de n&#039;importe o\u00f9 et \u00e0 tout moment, gr\u00e2ce \u00e0 la commande vocale ! Ses quatre roulettes rendent cet appareil facile \u00e0 d\u00e9placer d&#039;une pi\u00e8ce \u00e0 l&#039;autre et \u00e0 installer. Con\u00e7u avec un compresseur \u00e0 inverseur, ce mod\u00e8le est silencieux et efficace. L&#039;angle de ventilation de ce mod\u00e8le est \u00e9galement plus large de 80 degr\u00e9s que celui des anciens mod\u00e8les et fournit un flux d&#039;air plus important qui atteint plus loin et refroidit plus rapidement. SACC est l&#039;abr\u00e9viation de Seasonally Adjusted Cooling Capacity.\" \/>\n<meta name=\"robots\" content=\"index, follow, max-snippet:-1, max-image-preview:large, max-video-preview:-1\" \/>\n<link rel=\"canonical\" href=\"https:\/\/www.danby.com\/fr\/products\/climatiseurs-portatifs\/dpa100he5bdb-rf\/\" \/>\n<meta property=\"og:locale\" content=\"fr_CA\" \/>\n<meta property=\"og:type\" content=\"article\" \/>\n<meta property=\"og:title\" content=\"Danby Climatiseur portable 3-en-1 de 12,000 BTU (10,000 SACC) - Remis \u00e0 neuf - DPA100HE5BDB-RF | Danby Canada\" \/>\n<meta property=\"og:description\" content=\"Rafra\u00eechissez-vous avec ce climatiseur portable de 12 000 BTU (10 000 SACC) de Danby, parfait pour rafra\u00eechir des espaces allant jusqu&#039;\u00e0 500 pieds carr\u00e9s. Pour vous aider \u00e0 maximiser votre confort, la conception 3 en 1 : climatiseur, ventilateur et d\u00e9shumidificateur vous permet de vous sentir \u00e0 l&#039;aise peu importe le temps qu&#039;il fait dehors ! Profitez d&#039;une nouvelle conception de maison double qui fournit une fuite de chaleur minimale et un refroidissement maximal. Utilisez les fonctions Smart Control pour r\u00e9gler la temp\u00e9rature de n&#039;importe o\u00f9 et \u00e0 tout moment, gr\u00e2ce \u00e0 la commande vocale ! Ses quatre roulettes rendent cet appareil facile \u00e0 d\u00e9placer d&#039;une pi\u00e8ce \u00e0 l&#039;autre et \u00e0 installer. Con\u00e7u avec un compresseur \u00e0 inverseur, ce mod\u00e8le est silencieux et efficace. L&#039;angle de ventilation de ce mod\u00e8le est \u00e9galement plus large de 80 degr\u00e9s que celui des anciens mod\u00e8les et fournit un flux d&#039;air plus important qui atteint plus loin et refroidit plus rapidement. SACC est l&#039;abr\u00e9viation de Seasonally Adjusted Cooling Capacity.\" \/>\n<meta property=\"og:url\" content=\"https:\/\/www.danby.com\/fr\/products\/climatiseurs-portatifs\/dpa100he5bdb-rf\/\" \/>\n<meta property=\"og:site_name\" content=\"Danby - Canada - French\" \/>\n<meta property=\"article:publisher\" content=\"https:\/\/www.facebook.com\/DanbyAppliances\" \/>\n<meta property=\"article:modified_time\" content=\"2026-04-15T10:07:38+00:00\" \/>\n<meta property=\"og:image\" content=\"https:\/\/cdnweb.danby.com\/wp-content\/uploads\/sites\/2\/2023\/04\/25182438\/DPA100B9IWDB-6_Front_Closed.jpg\" \/>\n\t<meta property=\"og:image:width\" content=\"2000\" \/>\n\t<meta property=\"og:image:height\" content=\"2000\" \/>\n\t<meta property=\"og:image:type\" content=\"image\/jpeg\" \/>\n<meta name=\"twitter:card\" content=\"summary_large_image\" \/>\n<meta name=\"twitter:site\" content=\"@DanbyAppliance\" \/>\n<meta name=\"twitter:label1\" content=\"Estimation du temps de lecture\" \/>\n\t<meta name=\"twitter:data1\" content=\"1 minute\" \/>\n<script type=\"application\/ld+json\" class=\"yoast-schema-graph\">{\"@context\":\"https:\/\/schema.org\",\"@graph\":[{\"@type\":[\"WebPage\",\"ItemPage\"],\"url\":\"https:\/\/www.danby.com\/fr\/products\/climatiseurs-portatifs\/dpa100he5bdb-rf\/\",\"name\":\"Danby Climatiseur portable 3-en-1 de 12,000 BTU (10,000 SACC) - Remis \u00e0 neuf - DPA100HE5BDB-RF | Danby Canada\",\"isPartOf\":[],\"primaryImageOfPage\":[],\"image\":[],\"thumbnailUrl\":\"https:\/\/cdnweb.danby.com\/wp-content\/uploads\/sites\/2\/2023\/04\/25182438\/DPA100B9IWDB-6_Front_Closed.jpg\",\"datePublished\":\"2023-11-09T20:31:39+00:00\",\"dateModified\":\"2026-04-15T10:07:38+00:00\",\"description\":\"Rafra\u00eechissez-vous avec ce climatiseur portable de 12 000 BTU (10 000 SACC) de Danby, parfait pour rafra\u00eechir des espaces allant jusqu'\u00e0 500 pieds carr\u00e9s. Pour vous aider \u00e0 maximiser votre confort, la conception 3 en 1 : climatiseur, ventilateur et d\u00e9shumidificateur vous permet de vous sentir \u00e0 l'aise peu importe le temps qu'il fait dehors ! Profitez d'une nouvelle conception de maison double qui fournit une fuite de chaleur minimale et un refroidissement maximal. Utilisez les fonctions Smart Control pour r\u00e9gler la temp\u00e9rature de n'importe o\u00f9 et \u00e0 tout moment, gr\u00e2ce \u00e0 la commande vocale ! Ses quatre roulettes rendent cet appareil facile \u00e0 d\u00e9placer d'une pi\u00e8ce \u00e0 l'autre et \u00e0 installer. Con\u00e7u avec un compresseur \u00e0 inverseur, ce mod\u00e8le est silencieux et efficace. L'angle de ventilation de ce mod\u00e8le est \u00e9galement plus large de 80 degr\u00e9s que celui des anciens mod\u00e8les et fournit un flux d'air plus important qui atteint plus loin et refroidit plus rapidement. SACC est l'abr\u00e9viation de Seasonally Adjusted Cooling Capacity.\",\"breadcrumb\":[],\"inLanguage\":\"fr-CA\",\"potentialAction\":[{\"@type\":\"ReadAction\",\"target\":[\"https:\/\/www.danby.com\/fr\/products\/climatiseurs-portatifs\/dpa100he5bdb-rf\/\"]}]},{\"@type\":\"ImageObject\",\"inLanguage\":\"fr-CA\",\"url\":\"https:\/\/cdnweb.danby.com\/wp-content\/uploads\/sites\/2\/2023\/04\/25182438\/DPA100B9IWDB-6_Front_Closed.jpg\",\"contentUrl\":\"https:\/\/cdnweb.danby.com\/wp-content\/uploads\/sites\/2\/2023\/04\/25182438\/DPA100B9IWDB-6_Front_Closed.jpg\",\"width\":2000,\"height\":2000},{\"@type\":\"BreadcrumbList\",\"itemListElement\":[{\"@type\":\"ListItem\",\"position\":1,\"name\":\"Home\",\"item\":\"https:\/\/www.danby.com\/fr\/\"},{\"@type\":\"ListItem\",\"position\":2,\"name\":\"Boutique\",\"item\":\"https:\/\/www.danby.com\/fr\/boutique\/\"},{\"@type\":\"ListItem\",\"position\":3,\"name\":\"Danby Climatiseur portable 3-en-1 de 12,000 BTU (10,000 SACC) &#8211; Remis \u00e0 neuf\"}]},{\"@type\":\"WebSite\",\"url\":\"https:\/\/www.danby.com\/fr\/\",\"name\":\"Danby - Canada - French\",\"description\":\"Leader dans le domaine de la r\u00e9frig\u00e9ration et des appareils sp\u00e9cialis\u00e9s\",\"publisher\":[],\"potentialAction\":[{\"@type\":\"SearchAction\",\"target\":{\"@type\":\"EntryPoint\",\"urlTemplate\":\"https:\/\/www.danby.com\/fr\/?s={search_term_string}\"},\"query-input\":{\"@type\":\"PropertyValueSpecification\",\"valueRequired\":true,\"valueName\":\"search_term_string\"}}],\"inLanguage\":\"fr-CA\"},{\"@type\":\"Organization\",\"name\":\"Danby Appliances\",\"url\":\"https:\/\/www.danby.com\/fr\/\",\"logo\":{\"@type\":\"ImageObject\",\"inLanguage\":\"fr-CA\",\"url\":\"https:\/\/cdnweb.danby.com\/wp-content\/uploads\/sites\/2\/2022\/02\/10141906\/Danby75Ans_Blue.png\",\"contentUrl\":\"https:\/\/cdnweb.danby.com\/wp-content\/uploads\/sites\/2\/2022\/02\/10141906\/Danby75Ans_Blue.png\",\"width\":470,\"height\":110,\"caption\":\"Danby Appliances\"},\"image\":[],\"sameAs\":[\"https:\/\/www.facebook.com\/DanbyAppliances\",\"https:\/\/x.com\/DanbyAppliance\",\"https:\/\/instagram.com\/danbyappliances\/\",\"https:\/\/www.linkedin.com\/company\/danbyappliances\",\"https:\/\/www.pinterest.ca\/danbyappliances\/\",\"https:\/\/www.youtube.com\/user\/DanbyProducts\",\"https:\/\/en.wikipedia.org\/wiki\/Danby_(appliances)\"]}]}<\/script>\n<!-- \/ Yoast SEO plugin. -->","yoast_head_json":{"title":"Danby Climatiseur portable 3-en-1 de 12,000 BTU (10,000 SACC) - Remis \u00e0 neuf - DPA100HE5BDB-RF | Danby Canada","description":"Rafra\u00eechissez-vous avec ce climatiseur portable de 12 000 BTU (10 000 SACC) de Danby, parfait pour rafra\u00eechir des espaces allant jusqu'\u00e0 500 pieds carr\u00e9s. Pour vous aider \u00e0 maximiser votre confort, la conception 3 en 1 : climatiseur, ventilateur et d\u00e9shumidificateur vous permet de vous sentir \u00e0 l'aise peu importe le temps qu'il fait dehors ! Profitez d'une nouvelle conception de maison double qui fournit une fuite de chaleur minimale et un refroidissement maximal. Utilisez les fonctions Smart Control pour r\u00e9gler la temp\u00e9rature de n'importe o\u00f9 et \u00e0 tout moment, gr\u00e2ce \u00e0 la commande vocale ! Ses quatre roulettes rendent cet appareil facile \u00e0 d\u00e9placer d'une pi\u00e8ce \u00e0 l'autre et \u00e0 installer. Con\u00e7u avec un compresseur \u00e0 inverseur, ce mod\u00e8le est silencieux et efficace. L'angle de ventilation de ce mod\u00e8le est \u00e9galement plus large de 80 degr\u00e9s que celui des anciens mod\u00e8les et fournit un flux d'air plus important qui atteint plus loin et refroidit plus rapidement. SACC est l'abr\u00e9viation de Seasonally Adjusted Cooling Capacity.","robots":{"index":"index","follow":"follow","max-snippet":"max-snippet:-1","max-image-preview":"max-image-preview:large","max-video-preview":"max-video-preview:-1"},"canonical":"https:\/\/www.danby.com\/fr\/products\/climatiseurs-portatifs\/dpa100he5bdb-rf\/","og_locale":"fr_CA","og_type":"article","og_title":"Danby Climatiseur portable 3-en-1 de 12,000 BTU (10,000 SACC) - Remis \u00e0 neuf - DPA100HE5BDB-RF | Danby Canada","og_description":"Rafra\u00eechissez-vous avec ce climatiseur portable de 12 000 BTU (10 000 SACC) de Danby, parfait pour rafra\u00eechir des espaces allant jusqu'\u00e0 500 pieds carr\u00e9s. Pour vous aider \u00e0 maximiser votre confort, la conception 3 en 1 : climatiseur, ventilateur et d\u00e9shumidificateur vous permet de vous sentir \u00e0 l'aise peu importe le temps qu'il fait dehors ! Profitez d'une nouvelle conception de maison double qui fournit une fuite de chaleur minimale et un refroidissement maximal. Utilisez les fonctions Smart Control pour r\u00e9gler la temp\u00e9rature de n'importe o\u00f9 et \u00e0 tout moment, gr\u00e2ce \u00e0 la commande vocale ! Ses quatre roulettes rendent cet appareil facile \u00e0 d\u00e9placer d'une pi\u00e8ce \u00e0 l'autre et \u00e0 installer. Con\u00e7u avec un compresseur \u00e0 inverseur, ce mod\u00e8le est silencieux et efficace. L'angle de ventilation de ce mod\u00e8le est \u00e9galement plus large de 80 degr\u00e9s que celui des anciens mod\u00e8les et fournit un flux d'air plus important qui atteint plus loin et refroidit plus rapidement. SACC est l'abr\u00e9viation de Seasonally Adjusted Cooling Capacity.","og_url":"https:\/\/www.danby.com\/fr\/products\/climatiseurs-portatifs\/dpa100he5bdb-rf\/","og_site_name":"Danby - Canada - French","article_publisher":"https:\/\/www.facebook.com\/DanbyAppliances","article_modified_time":"2026-04-15T10:07:38+00:00","og_image":[{"width":2000,"height":2000,"url":"https:\/\/cdnweb.danby.com\/wp-content\/uploads\/sites\/2\/2023\/04\/25182438\/DPA100B9IWDB-6_Front_Closed.jpg","type":"image\/jpeg"}],"twitter_card":"summary_large_image","twitter_site":"@DanbyAppliance","twitter_misc":{"Estimation du temps de lecture":"1 minute"},"schema":{"@context":"https:\/\/schema.org","@graph":[{"@type":["WebPage","ItemPage"],"url":"https:\/\/www.danby.com\/fr\/products\/climatiseurs-portatifs\/dpa100he5bdb-rf\/","name":"Danby Climatiseur portable 3-en-1 de 12,000 BTU (10,000 SACC) - Remis \u00e0 neuf - DPA100HE5BDB-RF | Danby Canada","isPartOf":[],"primaryImageOfPage":[],"image":[],"thumbnailUrl":"https:\/\/cdnweb.danby.com\/wp-content\/uploads\/sites\/2\/2023\/04\/25182438\/DPA100B9IWDB-6_Front_Closed.jpg","datePublished":"2023-11-09T20:31:39+00:00","dateModified":"2026-04-15T10:07:38+00:00","description":"Rafra\u00eechissez-vous avec ce climatiseur portable de 12 000 BTU (10 000 SACC) de Danby, parfait pour rafra\u00eechir des espaces allant jusqu'\u00e0 500 pieds carr\u00e9s. Pour vous aider \u00e0 maximiser votre confort, la conception 3 en 1 : climatiseur, ventilateur et d\u00e9shumidificateur vous permet de vous sentir \u00e0 l'aise peu importe le temps qu'il fait dehors ! Profitez d'une nouvelle conception de maison double qui fournit une fuite de chaleur minimale et un refroidissement maximal. Utilisez les fonctions Smart Control pour r\u00e9gler la temp\u00e9rature de n'importe o\u00f9 et \u00e0 tout moment, gr\u00e2ce \u00e0 la commande vocale ! Ses quatre roulettes rendent cet appareil facile \u00e0 d\u00e9placer d'une pi\u00e8ce \u00e0 l'autre et \u00e0 installer. Con\u00e7u avec un compresseur \u00e0 inverseur, ce mod\u00e8le est silencieux et efficace. L'angle de ventilation de ce mod\u00e8le est \u00e9galement plus large de 80 degr\u00e9s que celui des anciens mod\u00e8les et fournit un flux d'air plus important qui atteint plus loin et refroidit plus rapidement. SACC est l'abr\u00e9viation de Seasonally Adjusted Cooling Capacity.","breadcrumb":[],"inLanguage":"fr-CA","potentialAction":[{"@type":"ReadAction","target":["https:\/\/www.danby.com\/fr\/products\/climatiseurs-portatifs\/dpa100he5bdb-rf\/"]}]},{"@type":"ImageObject","inLanguage":"fr-CA","url":"https:\/\/cdnweb.danby.com\/wp-content\/uploads\/sites\/2\/2023\/04\/25182438\/DPA100B9IWDB-6_Front_Closed.jpg","contentUrl":"https:\/\/cdnweb.danby.com\/wp-content\/uploads\/sites\/2\/2023\/04\/25182438\/DPA100B9IWDB-6_Front_Closed.jpg","width":2000,"height":2000},{"@type":"BreadcrumbList","itemListElement":[{"@type":"ListItem","position":1,"name":"Home","item":"https:\/\/www.danby.com\/fr\/"},{"@type":"ListItem","position":2,"name":"Boutique","item":"https:\/\/www.danby.com\/fr\/boutique\/"},{"@type":"ListItem","position":3,"name":"Danby Climatiseur portable 3-en-1 de 12,000 BTU (10,000 SACC) &#8211; Remis \u00e0 neuf"}]},{"@type":"WebSite","url":"https:\/\/www.danby.com\/fr\/","name":"Danby - Canada - French","description":"Leader dans le domaine de la r\u00e9frig\u00e9ration et des appareils sp\u00e9cialis\u00e9s","publisher":[],"potentialAction":[{"@type":"SearchAction","target":{"@type":"EntryPoint","urlTemplate":"https:\/\/www.danby.com\/fr\/?s={search_term_string}"},"query-input":{"@type":"PropertyValueSpecification","valueRequired":true,"valueName":"search_term_string"}}],"inLanguage":"fr-CA"},{"@type":"Organization","name":"Danby Appliances","url":"https:\/\/www.danby.com\/fr\/","logo":{"@type":"ImageObject","inLanguage":"fr-CA","url":"https:\/\/cdnweb.danby.com\/wp-content\/uploads\/sites\/2\/2022\/02\/10141906\/Danby75Ans_Blue.png","contentUrl":"https:\/\/cdnweb.danby.com\/wp-content\/uploads\/sites\/2\/2022\/02\/10141906\/Danby75Ans_Blue.png","width":470,"height":110,"caption":"Danby Appliances"},"image":[],"sameAs":["https:\/\/www.facebook.com\/DanbyAppliances","https:\/\/x.com\/DanbyAppliance","https:\/\/instagram.com\/danbyappliances\/","https:\/\/www.linkedin.com\/company\/danbyappliances","https:\/\/www.pinterest.ca\/danbyappliances\/","https:\/\/www.youtube.com\/user\/DanbyProducts","https:\/\/en.wikipedia.org\/wiki\/Danby_(appliances)"]}]}},"post_mailing_queue_ids":[],"_links":{"self":[{"href":"https:\/\/www.danby.com\/fr\/wp-json\/wp\/v2\/product\/25487","targetHints":{"allow":["GET"]}}],"collection":[{"href":"https:\/\/www.danby.com\/fr\/wp-json\/wp\/v2\/product"}],"about":[{"href":"https:\/\/www.danby.com\/fr\/wp-json\/wp\/v2\/types\/product"}],"replies":[{"embeddable":true,"href":"https:\/\/www.danby.com\/fr\/wp-json\/wp\/v2\/comments?post=25487"}],"wp:featuredmedia":[{"embeddable":true,"href":"https:\/\/www.danby.com\/fr\/wp-json\/wp\/v2\/media\/21400"}],"wp:attachment":[{"href":"https:\/\/www.danby.com\/fr\/wp-json\/wp\/v2\/media?parent=25487"}],"wp:term":[{"taxonomy":"product_brand","embeddable":true,"href":"https:\/\/www.danby.com\/fr\/wp-json\/wp\/v2\/product_brand?post=25487"},{"taxonomy":"product_cat","embeddable":true,"href":"https:\/\/www.danby.com\/fr\/wp-json\/wp\/v2\/product_cat?post=25487"},{"taxonomy":"product_tag","embeddable":true,"href":"https:\/\/www.danby.com\/fr\/wp-json\/wp\/v2\/product_tag?post=25487"}],"curies":[{"name":"wp","href":"https:\/\/api.w.org\/{rel}","templated":true}]}}