{"id":25485,"date":"2023-11-09T19:37:39","date_gmt":"2023-11-09T19:37:39","guid":{"rendered":"https:\/\/www.danby.com\/fr\/products\/non%20class\u00e9\/dpa050b7bdb-rf\/"},"modified":"2026-04-30T10:06:47","modified_gmt":"2026-04-30T10:06:47","slug":"dpa050b7bdb-rf","status":"publish","type":"product","link":"https:\/\/www.danby.com\/fr\/products\/climatiseurs-portatifs\/dpa050b7bdb-rf\/","title":{"rendered":"Danby Climatiseur portable 3-en-1 8,500 BTU (5,000 SACC) en noir &#8211; Refurbished"},"content":{"rendered":"","protected":false},"excerpt":{"rendered":"<ul>\n<li>Conception pratique 3 en 1 : climatiseur, ventilateur et d\u00e9shumidificateur.<\/li>\n<li>Le climatiseur portable de 8,500 BTU (5 000 SACC) refroidit les espaces jusqu&#8217;\u00e0 150 pieds carr\u00e9s.<\/li>\n<li>R\u00e9frig\u00e9rant R32<\/li>\n<li>Puissant ventilateur \u00e0 2 vitesses<\/li>\n<li>Mode d\u00e9shumidificateur avec vidange directe pour un fonctionnement continu<\/li>\n<li>Dehumidifier mode with direct drain for continuous operation<\/li>\n<li>Red\u00e9marrage automatique : l&#8217;unit\u00e9 red\u00e9marre automatiquement apr\u00e8s une panne de courant.<\/li>\n<li>Minuterie de 24 heures<\/li>\n<li>La conception du tuyau unique permet d&#8217;\u00e9vacuer efficacement l&#8217;air chaud et humide \u00e0 l&#8217;ext\u00e9rieur.<\/li>\n<li>Filtre \u00e0 air r\u00e9utilisable et lavable<\/li>\n<li>Roulettes faciles \u00e0 d\u00e9placer et poign\u00e9es int\u00e9gr\u00e9es pour un transport ais\u00e9 d&#8217;une pi\u00e8ce \u00e0 l&#8217;autre.<\/li>\n<\/ul>\n","protected":false},"featured_media":34869,"comment_status":"open","ping_status":"closed","template":"","meta":{"_acf_changed":false},"product_brand":[],"product_cat":[35,1450,1449],"product_tag":[],"class_list":{"0":"post-25485","1":"product","2":"type-product","3":"status-publish","4":"has-post-thumbnail","6":"product_cat-climatiseurs-portatifs","7":"product_cat-home-comfort","8":"product_cat-sales","9":"product_shipping_class-home-comfort","11":"first","12":"outofstock","13":"sale","14":"taxable","15":"shipping-taxable","16":"purchasable","17":"product-type-simple"},"acf":[],"yoast_head":"<!-- This site is optimized with the Yoast SEO plugin v27.5 - https:\/\/yoast.com\/product\/yoast-seo-wordpress\/ -->\n<title>Danby Climatiseur portable 3-en-1 8,500 BTU (5,000 SACC) en noir - Refurbished - DPA050B7BDB-RF | Danby Canada<\/title>\n<meta name=\"description\" content=\"Rafra\u00eechissez-vous avec le climatiseur portatif de 8,500 BTU (5 000 SACC) de Danby, parfait pour les espaces allant jusqu&#039;\u00e0 150 pieds carr\u00e9s ! Gr\u00e2ce \u00e0 ses quatre roulettes, cet appareil est facile \u00e0 d\u00e9placer d&#039;une pi\u00e8ce \u00e0 l&#039;autre, et la conception \u00e0 tuyau unique \u00e9vacue efficacement l&#039;air chaud et humide \u00e0 l&#039;ext\u00e9rieur. De plus, la minuterie programmable de 24 heures aide \u00e0 r\u00e9duire les co\u00fbts en vous permettant de d\u00e9cider quand il fonctionne et quand il peut s&#039;\u00e9teindre. Pour maximiser votre confort \u00e0 la maison, ce mod\u00e8le est \u00e9galement \u00e9quip\u00e9 d&#039;un climatiseur, d&#039;un ventilateur et d&#039;un d\u00e9shumidificateur, afin que vous et vos invit\u00e9s soyez \u00e0 l&#039;aise, quel que soit le temps qu&#039;il fait dehors. SACC est l&#039;abr\u00e9viation de Seasonally Adjusted Cooling Capacity.\" \/>\n<meta name=\"robots\" content=\"index, follow, max-snippet:-1, max-image-preview:large, max-video-preview:-1\" \/>\n<link rel=\"canonical\" href=\"https:\/\/www.danby.com\/fr\/products\/climatiseurs-portatifs\/dpa050b7bdb-rf\/\" \/>\n<meta property=\"og:locale\" content=\"fr_CA\" \/>\n<meta property=\"og:type\" content=\"article\" \/>\n<meta property=\"og:title\" content=\"Danby Climatiseur portable 3-en-1 8,500 BTU (5,000 SACC) en noir - Refurbished - DPA050B7BDB-RF | Danby Canada\" \/>\n<meta property=\"og:description\" content=\"Rafra\u00eechissez-vous avec le climatiseur portatif de 8,500 BTU (5 000 SACC) de Danby, parfait pour les espaces allant jusqu&#039;\u00e0 150 pieds carr\u00e9s ! Gr\u00e2ce \u00e0 ses quatre roulettes, cet appareil est facile \u00e0 d\u00e9placer d&#039;une pi\u00e8ce \u00e0 l&#039;autre, et la conception \u00e0 tuyau unique \u00e9vacue efficacement l&#039;air chaud et humide \u00e0 l&#039;ext\u00e9rieur. De plus, la minuterie programmable de 24 heures aide \u00e0 r\u00e9duire les co\u00fbts en vous permettant de d\u00e9cider quand il fonctionne et quand il peut s&#039;\u00e9teindre. Pour maximiser votre confort \u00e0 la maison, ce mod\u00e8le est \u00e9galement \u00e9quip\u00e9 d&#039;un climatiseur, d&#039;un ventilateur et d&#039;un d\u00e9shumidificateur, afin que vous et vos invit\u00e9s soyez \u00e0 l&#039;aise, quel que soit le temps qu&#039;il fait dehors. SACC est l&#039;abr\u00e9viation de Seasonally Adjusted Cooling Capacity.\" \/>\n<meta property=\"og:url\" content=\"https:\/\/www.danby.com\/fr\/products\/climatiseurs-portatifs\/dpa050b7bdb-rf\/\" \/>\n<meta property=\"og:site_name\" content=\"Danby - Canada - French\" \/>\n<meta property=\"article:publisher\" content=\"https:\/\/www.facebook.com\/DanbyAppliances\" \/>\n<meta property=\"article:modified_time\" content=\"2026-04-30T10:06:47+00:00\" \/>\n<meta property=\"og:image\" content=\"https:\/\/cdnweb.danby.com\/wp-content\/uploads\/sites\/2\/2024\/01\/12192435\/PAC__0001_DPA050B7BDB.jpg\" \/>\n\t<meta property=\"og:image:width\" content=\"1125\" \/>\n\t<meta property=\"og:image:height\" content=\"1500\" \/>\n\t<meta property=\"og:image:type\" content=\"image\/jpeg\" \/>\n<meta name=\"twitter:card\" content=\"summary_large_image\" \/>\n<meta name=\"twitter:site\" content=\"@DanbyAppliance\" \/>\n<script type=\"application\/ld+json\" class=\"yoast-schema-graph\">{\"@context\":\"https:\\\/\\\/schema.org\",\"@graph\":[{\"@type\":[\"WebPage\",\"ItemPage\"],\"url\":\"https:\\\/\\\/www.danby.com\\\/fr\\\/products\\\/climatiseurs-portatifs\\\/dpa050b7bdb-rf\\\/\",\"name\":\"Danby Climatiseur portable 3-en-1 8,500 BTU (5,000 SACC) en noir - Refurbished - DPA050B7BDB-RF | Danby Canada\",\"isPartOf\":[],\"primaryImageOfPage\":[],\"image\":[],\"thumbnailUrl\":\"https:\\\/\\\/www.danby.com\\\/fr\\\/wp-content\\\/uploads\\\/sites\\\/2\\\/2025\\\/09\\\/dpa050b7bdb-thumbnail.jpg\",\"datePublished\":\"2023-11-09T19:37:39+00:00\",\"dateModified\":\"2026-04-30T10:06:47+00:00\",\"description\":\"Rafra\u00eechissez-vous avec le climatiseur portatif de 8,500 BTU (5 000 SACC) de Danby, parfait pour les espaces allant jusqu'\u00e0 150 pieds carr\u00e9s ! Gr\u00e2ce \u00e0 ses quatre roulettes, cet appareil est facile \u00e0 d\u00e9placer d'une pi\u00e8ce \u00e0 l'autre, et la conception \u00e0 tuyau unique \u00e9vacue efficacement l'air chaud et humide \u00e0 l'ext\u00e9rieur. De plus, la minuterie programmable de 24 heures aide \u00e0 r\u00e9duire les co\u00fbts en vous permettant de d\u00e9cider quand il fonctionne et quand il peut s'\u00e9teindre. Pour maximiser votre confort \u00e0 la maison, ce mod\u00e8le est \u00e9galement \u00e9quip\u00e9 d'un climatiseur, d'un ventilateur et d'un d\u00e9shumidificateur, afin que vous et vos invit\u00e9s soyez \u00e0 l'aise, quel que soit le temps qu'il fait dehors. SACC est l'abr\u00e9viation de Seasonally Adjusted Cooling Capacity.\",\"breadcrumb\":[],\"inLanguage\":\"fr-CA\",\"potentialAction\":[{\"@type\":\"ReadAction\",\"target\":[\"https:\\\/\\\/www.danby.com\\\/fr\\\/products\\\/climatiseurs-portatifs\\\/dpa050b7bdb-rf\\\/\"]}]},{\"@type\":\"ImageObject\",\"inLanguage\":\"fr-CA\",\"url\":\"https:\\\/\\\/www.danby.com\\\/fr\\\/wp-content\\\/uploads\\\/sites\\\/2\\\/2025\\\/09\\\/dpa050b7bdb-thumbnail.jpg\",\"contentUrl\":\"https:\\\/\\\/www.danby.com\\\/fr\\\/wp-content\\\/uploads\\\/sites\\\/2\\\/2025\\\/09\\\/dpa050b7bdb-thumbnail.jpg\",\"width\":768,\"height\":1024},{\"@type\":\"BreadcrumbList\",\"itemListElement\":[{\"@type\":\"ListItem\",\"position\":1,\"name\":\"Home\",\"item\":\"https:\\\/\\\/www.danby.com\\\/fr\\\/\"},{\"@type\":\"ListItem\",\"position\":2,\"name\":\"Boutique\",\"item\":\"https:\\\/\\\/www.danby.com\\\/fr\\\/boutique\\\/\"},{\"@type\":\"ListItem\",\"position\":3,\"name\":\"Danby Climatiseur portable 3-en-1 8,500 BTU (5,000 SACC) &#8211; Refurbished\"}]},{\"@type\":\"WebSite\",\"url\":\"https:\\\/\\\/www.danby.com\\\/fr\\\/\",\"name\":\"Danby - Canada - French\",\"description\":\"Leader dans le domaine de la r\u00e9frig\u00e9ration et des appareils sp\u00e9cialis\u00e9s\",\"publisher\":[],\"potentialAction\":[{\"@type\":\"SearchAction\",\"target\":{\"@type\":\"EntryPoint\",\"urlTemplate\":\"https:\\\/\\\/www.danby.com\\\/fr\\\/?s={search_term_string}\"},\"query-input\":{\"@type\":\"PropertyValueSpecification\",\"valueRequired\":true,\"valueName\":\"search_term_string\"}}],\"inLanguage\":\"fr-CA\"},{\"@type\":\"Organization\",\"name\":\"Danby Appliances\",\"url\":\"https:\\\/\\\/www.danby.com\\\/fr\\\/\",\"logo\":{\"@type\":\"ImageObject\",\"inLanguage\":\"fr-CA\",\"url\":\"https:\\\/\\\/cdnweb.danby.com\\\/wp-content\\\/uploads\\\/sites\\\/2\\\/2022\\\/02\\\/10141906\\\/Danby75Ans_Blue.png\",\"contentUrl\":\"https:\\\/\\\/cdnweb.danby.com\\\/wp-content\\\/uploads\\\/sites\\\/2\\\/2022\\\/02\\\/10141906\\\/Danby75Ans_Blue.png\",\"width\":470,\"height\":110,\"caption\":\"Danby Appliances\"},\"image\":[],\"sameAs\":[\"https:\\\/\\\/www.facebook.com\\\/DanbyAppliances\",\"https:\\\/\\\/x.com\\\/DanbyAppliance\",\"https:\\\/\\\/instagram.com\\\/danbyappliances\\\/\",\"https:\\\/\\\/www.linkedin.com\\\/company\\\/danbyappliances\",\"https:\\\/\\\/www.pinterest.ca\\\/danbyappliances\\\/\",\"https:\\\/\\\/www.youtube.com\\\/user\\\/DanbyProducts\",\"https:\\\/\\\/en.wikipedia.org\\\/wiki\\\/Danby_(appliances)\"]}]}<\/script>\n<!-- \/ Yoast SEO plugin. -->","yoast_head_json":{"title":"Danby Climatiseur portable 3-en-1 8,500 BTU (5,000 SACC) en noir - Refurbished - DPA050B7BDB-RF | Danby Canada","description":"Rafra\u00eechissez-vous avec le climatiseur portatif de 8,500 BTU (5 000 SACC) de Danby, parfait pour les espaces allant jusqu'\u00e0 150 pieds carr\u00e9s ! Gr\u00e2ce \u00e0 ses quatre roulettes, cet appareil est facile \u00e0 d\u00e9placer d'une pi\u00e8ce \u00e0 l'autre, et la conception \u00e0 tuyau unique \u00e9vacue efficacement l'air chaud et humide \u00e0 l'ext\u00e9rieur. De plus, la minuterie programmable de 24 heures aide \u00e0 r\u00e9duire les co\u00fbts en vous permettant de d\u00e9cider quand il fonctionne et quand il peut s'\u00e9teindre. Pour maximiser votre confort \u00e0 la maison, ce mod\u00e8le est \u00e9galement \u00e9quip\u00e9 d'un climatiseur, d'un ventilateur et d'un d\u00e9shumidificateur, afin que vous et vos invit\u00e9s soyez \u00e0 l'aise, quel que soit le temps qu'il fait dehors. SACC est l'abr\u00e9viation de Seasonally Adjusted Cooling Capacity.","robots":{"index":"index","follow":"follow","max-snippet":"max-snippet:-1","max-image-preview":"max-image-preview:large","max-video-preview":"max-video-preview:-1"},"canonical":"https:\/\/www.danby.com\/fr\/products\/climatiseurs-portatifs\/dpa050b7bdb-rf\/","og_locale":"fr_CA","og_type":"article","og_title":"Danby Climatiseur portable 3-en-1 8,500 BTU (5,000 SACC) en noir - Refurbished - DPA050B7BDB-RF | Danby Canada","og_description":"Rafra\u00eechissez-vous avec le climatiseur portatif de 8,500 BTU (5 000 SACC) de Danby, parfait pour les espaces allant jusqu'\u00e0 150 pieds carr\u00e9s ! Gr\u00e2ce \u00e0 ses quatre roulettes, cet appareil est facile \u00e0 d\u00e9placer d'une pi\u00e8ce \u00e0 l'autre, et la conception \u00e0 tuyau unique \u00e9vacue efficacement l'air chaud et humide \u00e0 l'ext\u00e9rieur. De plus, la minuterie programmable de 24 heures aide \u00e0 r\u00e9duire les co\u00fbts en vous permettant de d\u00e9cider quand il fonctionne et quand il peut s'\u00e9teindre. Pour maximiser votre confort \u00e0 la maison, ce mod\u00e8le est \u00e9galement \u00e9quip\u00e9 d'un climatiseur, d'un ventilateur et d'un d\u00e9shumidificateur, afin que vous et vos invit\u00e9s soyez \u00e0 l'aise, quel que soit le temps qu'il fait dehors. SACC est l'abr\u00e9viation de Seasonally Adjusted Cooling Capacity.","og_url":"https:\/\/www.danby.com\/fr\/products\/climatiseurs-portatifs\/dpa050b7bdb-rf\/","og_site_name":"Danby - Canada - French","article_publisher":"https:\/\/www.facebook.com\/DanbyAppliances","article_modified_time":"2026-04-30T10:06:47+00:00","og_image":[{"width":1125,"height":1500,"url":"https:\/\/cdnweb.danby.com\/wp-content\/uploads\/sites\/2\/2024\/01\/12192435\/PAC__0001_DPA050B7BDB.jpg","type":"image\/jpeg"}],"twitter_card":"summary_large_image","twitter_site":"@DanbyAppliance","schema":{"@context":"https:\/\/schema.org","@graph":[{"@type":["WebPage","ItemPage"],"url":"https:\/\/www.danby.com\/fr\/products\/climatiseurs-portatifs\/dpa050b7bdb-rf\/","name":"Danby Climatiseur portable 3-en-1 8,500 BTU (5,000 SACC) en noir - Refurbished - DPA050B7BDB-RF | Danby Canada","isPartOf":[],"primaryImageOfPage":[],"image":[],"thumbnailUrl":"https:\/\/www.danby.com\/fr\/wp-content\/uploads\/sites\/2\/2025\/09\/dpa050b7bdb-thumbnail.jpg","datePublished":"2023-11-09T19:37:39+00:00","dateModified":"2026-04-30T10:06:47+00:00","description":"Rafra\u00eechissez-vous avec le climatiseur portatif de 8,500 BTU (5 000 SACC) de Danby, parfait pour les espaces allant jusqu'\u00e0 150 pieds carr\u00e9s ! Gr\u00e2ce \u00e0 ses quatre roulettes, cet appareil est facile \u00e0 d\u00e9placer d'une pi\u00e8ce \u00e0 l'autre, et la conception \u00e0 tuyau unique \u00e9vacue efficacement l'air chaud et humide \u00e0 l'ext\u00e9rieur. De plus, la minuterie programmable de 24 heures aide \u00e0 r\u00e9duire les co\u00fbts en vous permettant de d\u00e9cider quand il fonctionne et quand il peut s'\u00e9teindre. Pour maximiser votre confort \u00e0 la maison, ce mod\u00e8le est \u00e9galement \u00e9quip\u00e9 d'un climatiseur, d'un ventilateur et d'un d\u00e9shumidificateur, afin que vous et vos invit\u00e9s soyez \u00e0 l'aise, quel que soit le temps qu'il fait dehors. SACC est l'abr\u00e9viation de Seasonally Adjusted Cooling Capacity.","breadcrumb":[],"inLanguage":"fr-CA","potentialAction":[{"@type":"ReadAction","target":["https:\/\/www.danby.com\/fr\/products\/climatiseurs-portatifs\/dpa050b7bdb-rf\/"]}]},{"@type":"ImageObject","inLanguage":"fr-CA","url":"https:\/\/www.danby.com\/fr\/wp-content\/uploads\/sites\/2\/2025\/09\/dpa050b7bdb-thumbnail.jpg","contentUrl":"https:\/\/www.danby.com\/fr\/wp-content\/uploads\/sites\/2\/2025\/09\/dpa050b7bdb-thumbnail.jpg","width":768,"height":1024},{"@type":"BreadcrumbList","itemListElement":[{"@type":"ListItem","position":1,"name":"Home","item":"https:\/\/www.danby.com\/fr\/"},{"@type":"ListItem","position":2,"name":"Boutique","item":"https:\/\/www.danby.com\/fr\/boutique\/"},{"@type":"ListItem","position":3,"name":"Danby Climatiseur portable 3-en-1 8,500 BTU (5,000 SACC) &#8211; Refurbished"}]},{"@type":"WebSite","url":"https:\/\/www.danby.com\/fr\/","name":"Danby - Canada - French","description":"Leader dans le domaine de la r\u00e9frig\u00e9ration et des appareils sp\u00e9cialis\u00e9s","publisher":[],"potentialAction":[{"@type":"SearchAction","target":{"@type":"EntryPoint","urlTemplate":"https:\/\/www.danby.com\/fr\/?s={search_term_string}"},"query-input":{"@type":"PropertyValueSpecification","valueRequired":true,"valueName":"search_term_string"}}],"inLanguage":"fr-CA"},{"@type":"Organization","name":"Danby Appliances","url":"https:\/\/www.danby.com\/fr\/","logo":{"@type":"ImageObject","inLanguage":"fr-CA","url":"https:\/\/cdnweb.danby.com\/wp-content\/uploads\/sites\/2\/2022\/02\/10141906\/Danby75Ans_Blue.png","contentUrl":"https:\/\/cdnweb.danby.com\/wp-content\/uploads\/sites\/2\/2022\/02\/10141906\/Danby75Ans_Blue.png","width":470,"height":110,"caption":"Danby Appliances"},"image":[],"sameAs":["https:\/\/www.facebook.com\/DanbyAppliances","https:\/\/x.com\/DanbyAppliance","https:\/\/instagram.com\/danbyappliances\/","https:\/\/www.linkedin.com\/company\/danbyappliances","https:\/\/www.pinterest.ca\/danbyappliances\/","https:\/\/www.youtube.com\/user\/DanbyProducts","https:\/\/en.wikipedia.org\/wiki\/Danby_(appliances)"]}]}},"post_mailing_queue_ids":[],"_links":{"self":[{"href":"https:\/\/www.danby.com\/fr\/wp-json\/wp\/v2\/product\/25485","targetHints":{"allow":["GET"]}}],"collection":[{"href":"https:\/\/www.danby.com\/fr\/wp-json\/wp\/v2\/product"}],"about":[{"href":"https:\/\/www.danby.com\/fr\/wp-json\/wp\/v2\/types\/product"}],"replies":[{"embeddable":true,"href":"https:\/\/www.danby.com\/fr\/wp-json\/wp\/v2\/comments?post=25485"}],"wp:featuredmedia":[{"embeddable":true,"href":"https:\/\/www.danby.com\/fr\/wp-json\/wp\/v2\/media\/34869"}],"wp:attachment":[{"href":"https:\/\/www.danby.com\/fr\/wp-json\/wp\/v2\/media?parent=25485"}],"wp:term":[{"taxonomy":"product_brand","embeddable":true,"href":"https:\/\/www.danby.com\/fr\/wp-json\/wp\/v2\/product_brand?post=25485"},{"taxonomy":"product_cat","embeddable":true,"href":"https:\/\/www.danby.com\/fr\/wp-json\/wp\/v2\/product_cat?post=25485"},{"taxonomy":"product_tag","embeddable":true,"href":"https:\/\/www.danby.com\/fr\/wp-json\/wp\/v2\/product_tag?post=25485"}],"curies":[{"name":"wp","href":"https:\/\/api.w.org\/{rel}","templated":true}]}}