{"id":24263,"date":"2023-07-18T18:28:05","date_gmt":"2023-07-18T18:28:05","guid":{"rendered":"https:\/\/www.danby.com\/fr\/products\/uncategorized\/dcr033b2slm\/"},"modified":"2026-04-26T10:03:19","modified_gmt":"2026-04-26T10:03:19","slug":"dcr033b2slm","status":"publish","type":"product","link":"https:\/\/www.danby.com\/fr\/products\/refrigeration-compact\/dcr033b2slm\/","title":{"rendered":"Danby Diplomat R\u00e9frig\u00e9rateur compact de 3,2 pi3 aspect Acier Inoxydable"},"content":{"rendered":"","protected":false},"excerpt":{"rendered":"<ul>\n<li>R\u00e9frig\u00e9rateur compact autoportant de 3,2 pi3 (89,5 L) au look inoxydable<\/li>\n<li>Certifi\u00e9 ENERGY STAR\u00ae<\/li>\n<li>D\u00e9givrage manuel <\/li>\n<li>Thermostat m\u00e9canique<\/li>\n<li>R\u00e9frig\u00e9rant R600a<\/li>\n<li>Porte noire lisse avec poign\u00e9e int\u00e9gr\u00e9e<\/li>\n<li>Int\u00e9rieur blanc avec 2 \u00e9tag\u00e8res en verre r\u00e9glables sur toute la largeur <\/li>\n<li>3 \u00e9tag\u00e8res int\u00e9gr\u00e9es sur toute la largeur de la porte avec rangement pour les grandes bouteilles<\/li>\n<li>Charni\u00e8re de porte r\u00e9versible pour ouverture \u00e0 gauche ou \u00e0 droite<\/li>\n<li>Bac \u00e0 l\u00e9gumes et couvercle<\/li>\n<li>Dos lisse<\/li>\n<\/ul>\n","protected":false},"featured_media":35389,"comment_status":"open","ping_status":"closed","template":"","meta":{"_acf_changed":false},"product_brand":[],"product_cat":[22,1449],"product_tag":[],"class_list":{"0":"post-24263","1":"product","2":"type-product","3":"status-publish","4":"has-post-thumbnail","6":"product_cat-refrigeration-compact","7":"product_cat-sales","9":"first","10":"instock","11":"sale","12":"taxable","13":"shipping-taxable","14":"purchasable","15":"product-type-simple"},"acf":[],"yoast_head":"<!-- This site is optimized with the Yoast SEO plugin v27.4 - https:\/\/yoast.com\/product\/yoast-seo-wordpress\/ -->\n<title>Danby Diplomat R\u00e9frig\u00e9rateur compact de 3,2 pi3 aspect Acier Inoxydable - DCR033B2SLM | Danby Canada<\/title>\n<meta name=\"description\" content=\"Gardez vos boissons fra\u00eeches et vos collations \u00e0 port\u00e9e de main gr\u00e2ce au r\u00e9frig\u00e9rateur compact de Danby d&#039;une capacit\u00e9 de 89,5 L (3,2 pi3). Parfait pour les salles de jeux, les dortoirs, les bureaux et autres, ce r\u00e9frig\u00e9rateur compact est dot\u00e9 d&#039;un compartiment r\u00e9frig\u00e9rateur s\u00e9par\u00e9 et d&#039;un compartiment r\u00e9frig\u00e9rant sur toute la largeur, d&#039;une \u00e9tag\u00e8re r\u00e9glable et demie, d&#039;une \u00e9tag\u00e8re de porte int\u00e9gr\u00e9e avec rangement pour les grandes bouteilles et d&#039;un bac \u00e0 l\u00e9gumes, afin de garder vos aliments et vos boissons organis\u00e9s et faciles d&#039;acc\u00e8s. Une autre caract\u00e9ristique int\u00e9ressante est la charni\u00e8re de porte r\u00e9versible, qui permet aux utilisateurs d&#039;ouvrir le r\u00e9frig\u00e9rateur \u00e0 gauche ou \u00e0 droite via la poign\u00e9e de porte int\u00e9gr\u00e9e, selon l&#039;espace dont vous disposez.\" \/>\n<meta name=\"robots\" content=\"index, follow, max-snippet:-1, max-image-preview:large, max-video-preview:-1\" \/>\n<link rel=\"canonical\" href=\"https:\/\/www.danby.com\/fr\/products\/refrigeration-compact\/dcr033b2slm\/\" \/>\n<meta property=\"og:locale\" content=\"fr_CA\" \/>\n<meta property=\"og:type\" content=\"article\" \/>\n<meta property=\"og:title\" content=\"Danby Diplomat R\u00e9frig\u00e9rateur compact de 3,2 pi3 aspect Acier Inoxydable - DCR033B2SLM | Danby Canada\" \/>\n<meta property=\"og:description\" content=\"Gardez vos boissons fra\u00eeches et vos collations \u00e0 port\u00e9e de main gr\u00e2ce au r\u00e9frig\u00e9rateur compact de Danby d&#039;une capacit\u00e9 de 89,5 L (3,2 pi3). Parfait pour les salles de jeux, les dortoirs, les bureaux et autres, ce r\u00e9frig\u00e9rateur compact est dot\u00e9 d&#039;un compartiment r\u00e9frig\u00e9rateur s\u00e9par\u00e9 et d&#039;un compartiment r\u00e9frig\u00e9rant sur toute la largeur, d&#039;une \u00e9tag\u00e8re r\u00e9glable et demie, d&#039;une \u00e9tag\u00e8re de porte int\u00e9gr\u00e9e avec rangement pour les grandes bouteilles et d&#039;un bac \u00e0 l\u00e9gumes, afin de garder vos aliments et vos boissons organis\u00e9s et faciles d&#039;acc\u00e8s. Une autre caract\u00e9ristique int\u00e9ressante est la charni\u00e8re de porte r\u00e9versible, qui permet aux utilisateurs d&#039;ouvrir le r\u00e9frig\u00e9rateur \u00e0 gauche ou \u00e0 droite via la poign\u00e9e de porte int\u00e9gr\u00e9e, selon l&#039;espace dont vous disposez.\" \/>\n<meta property=\"og:url\" content=\"https:\/\/www.danby.com\/fr\/products\/refrigeration-compact\/dcr033b2slm\/\" \/>\n<meta property=\"og:site_name\" content=\"Danby - Canada - French\" \/>\n<meta property=\"article:publisher\" content=\"https:\/\/www.facebook.com\/DanbyAppliances\" \/>\n<meta property=\"article:modified_time\" content=\"2026-04-26T10:03:19+00:00\" \/>\n<meta property=\"og:image\" content=\"https:\/\/cdnweb.danby.com\/wp-content\/uploads\/sites\/2\/2024\/04\/24180226\/Thumbnail__0000_DCR033B2SLM.jpg\" \/>\n\t<meta property=\"og:image:width\" content=\"1125\" \/>\n\t<meta property=\"og:image:height\" content=\"1500\" \/>\n\t<meta property=\"og:image:type\" content=\"image\/jpeg\" \/>\n<meta name=\"twitter:card\" content=\"summary_large_image\" \/>\n<meta name=\"twitter:site\" content=\"@DanbyAppliance\" \/>\n<script type=\"application\/ld+json\" class=\"yoast-schema-graph\">{\"@context\":\"https:\\\/\\\/schema.org\",\"@graph\":[{\"@type\":[\"WebPage\",\"ItemPage\"],\"url\":\"https:\\\/\\\/www.danby.com\\\/fr\\\/products\\\/refrigeration-compact\\\/dcr033b2slm\\\/\",\"name\":\"Danby Diplomat R\u00e9frig\u00e9rateur compact de 3,2 pi3 aspect Acier Inoxydable - DCR033B2SLM | Danby Canada\",\"isPartOf\":[],\"primaryImageOfPage\":[],\"image\":[],\"thumbnailUrl\":\"https:\\\/\\\/www.danby.com\\\/fr\\\/wp-content\\\/uploads\\\/sites\\\/2\\\/2025\\\/10\\\/DCR033B2SLM_Front.jpg\",\"datePublished\":\"2023-07-18T18:28:05+00:00\",\"dateModified\":\"2026-04-26T10:03:19+00:00\",\"description\":\"Gardez vos boissons fra\u00eeches et vos collations \u00e0 port\u00e9e de main gr\u00e2ce au r\u00e9frig\u00e9rateur compact de Danby d'une capacit\u00e9 de 89,5 L (3,2 pi3). Parfait pour les salles de jeux, les dortoirs, les bureaux et autres, ce r\u00e9frig\u00e9rateur compact est dot\u00e9 d'un compartiment r\u00e9frig\u00e9rateur s\u00e9par\u00e9 et d'un compartiment r\u00e9frig\u00e9rant sur toute la largeur, d'une \u00e9tag\u00e8re r\u00e9glable et demie, d'une \u00e9tag\u00e8re de porte int\u00e9gr\u00e9e avec rangement pour les grandes bouteilles et d'un bac \u00e0 l\u00e9gumes, afin de garder vos aliments et vos boissons organis\u00e9s et faciles d'acc\u00e8s. Une autre caract\u00e9ristique int\u00e9ressante est la charni\u00e8re de porte r\u00e9versible, qui permet aux utilisateurs d'ouvrir le r\u00e9frig\u00e9rateur \u00e0 gauche ou \u00e0 droite via la poign\u00e9e de porte int\u00e9gr\u00e9e, selon l'espace dont vous disposez.\",\"breadcrumb\":[],\"inLanguage\":\"fr-CA\",\"potentialAction\":[{\"@type\":\"ReadAction\",\"target\":[\"https:\\\/\\\/www.danby.com\\\/fr\\\/products\\\/refrigeration-compact\\\/dcr033b2slm\\\/\"]}]},{\"@type\":\"ImageObject\",\"inLanguage\":\"fr-CA\",\"url\":\"https:\\\/\\\/www.danby.com\\\/fr\\\/wp-content\\\/uploads\\\/sites\\\/2\\\/2025\\\/10\\\/DCR033B2SLM_Front.jpg\",\"contentUrl\":\"https:\\\/\\\/www.danby.com\\\/fr\\\/wp-content\\\/uploads\\\/sites\\\/2\\\/2025\\\/10\\\/DCR033B2SLM_Front.jpg\",\"width\":1875,\"height\":2500},{\"@type\":\"BreadcrumbList\",\"itemListElement\":[{\"@type\":\"ListItem\",\"position\":1,\"name\":\"Home\",\"item\":\"https:\\\/\\\/www.danby.com\\\/fr\\\/\"},{\"@type\":\"ListItem\",\"position\":2,\"name\":\"Boutique\",\"item\":\"https:\\\/\\\/www.danby.com\\\/fr\\\/boutique\\\/\"},{\"@type\":\"ListItem\",\"position\":3,\"name\":\"R\u00e9frig\u00e9rateur compact Danby Diplomat de 3,3 pi cu, aspect acier inoxydable\"}]},{\"@type\":\"WebSite\",\"url\":\"https:\\\/\\\/www.danby.com\\\/fr\\\/\",\"name\":\"Danby - Canada - French\",\"description\":\"Leader dans le domaine de la r\u00e9frig\u00e9ration et des appareils sp\u00e9cialis\u00e9s\",\"publisher\":[],\"potentialAction\":[{\"@type\":\"SearchAction\",\"target\":{\"@type\":\"EntryPoint\",\"urlTemplate\":\"https:\\\/\\\/www.danby.com\\\/fr\\\/?s={search_term_string}\"},\"query-input\":{\"@type\":\"PropertyValueSpecification\",\"valueRequired\":true,\"valueName\":\"search_term_string\"}}],\"inLanguage\":\"fr-CA\"},{\"@type\":\"Organization\",\"name\":\"Danby Appliances\",\"url\":\"https:\\\/\\\/www.danby.com\\\/fr\\\/\",\"logo\":{\"@type\":\"ImageObject\",\"inLanguage\":\"fr-CA\",\"url\":\"https:\\\/\\\/cdnweb.danby.com\\\/wp-content\\\/uploads\\\/sites\\\/2\\\/2022\\\/02\\\/10141906\\\/Danby75Ans_Blue.png\",\"contentUrl\":\"https:\\\/\\\/cdnweb.danby.com\\\/wp-content\\\/uploads\\\/sites\\\/2\\\/2022\\\/02\\\/10141906\\\/Danby75Ans_Blue.png\",\"width\":470,\"height\":110,\"caption\":\"Danby Appliances\"},\"image\":[],\"sameAs\":[\"https:\\\/\\\/www.facebook.com\\\/DanbyAppliances\",\"https:\\\/\\\/x.com\\\/DanbyAppliance\",\"https:\\\/\\\/instagram.com\\\/danbyappliances\\\/\",\"https:\\\/\\\/www.linkedin.com\\\/company\\\/danbyappliances\",\"https:\\\/\\\/www.pinterest.ca\\\/danbyappliances\\\/\",\"https:\\\/\\\/www.youtube.com\\\/user\\\/DanbyProducts\",\"https:\\\/\\\/en.wikipedia.org\\\/wiki\\\/Danby_(appliances)\"]}]}<\/script>\n<!-- \/ Yoast SEO plugin. -->","yoast_head_json":{"title":"Danby Diplomat R\u00e9frig\u00e9rateur compact de 3,2 pi3 aspect Acier Inoxydable - DCR033B2SLM | Danby Canada","description":"Gardez vos boissons fra\u00eeches et vos collations \u00e0 port\u00e9e de main gr\u00e2ce au r\u00e9frig\u00e9rateur compact de Danby d'une capacit\u00e9 de 89,5 L (3,2 pi3). Parfait pour les salles de jeux, les dortoirs, les bureaux et autres, ce r\u00e9frig\u00e9rateur compact est dot\u00e9 d'un compartiment r\u00e9frig\u00e9rateur s\u00e9par\u00e9 et d'un compartiment r\u00e9frig\u00e9rant sur toute la largeur, d'une \u00e9tag\u00e8re r\u00e9glable et demie, d'une \u00e9tag\u00e8re de porte int\u00e9gr\u00e9e avec rangement pour les grandes bouteilles et d'un bac \u00e0 l\u00e9gumes, afin de garder vos aliments et vos boissons organis\u00e9s et faciles d'acc\u00e8s. Une autre caract\u00e9ristique int\u00e9ressante est la charni\u00e8re de porte r\u00e9versible, qui permet aux utilisateurs d'ouvrir le r\u00e9frig\u00e9rateur \u00e0 gauche ou \u00e0 droite via la poign\u00e9e de porte int\u00e9gr\u00e9e, selon l'espace dont vous disposez.","robots":{"index":"index","follow":"follow","max-snippet":"max-snippet:-1","max-image-preview":"max-image-preview:large","max-video-preview":"max-video-preview:-1"},"canonical":"https:\/\/www.danby.com\/fr\/products\/refrigeration-compact\/dcr033b2slm\/","og_locale":"fr_CA","og_type":"article","og_title":"Danby Diplomat R\u00e9frig\u00e9rateur compact de 3,2 pi3 aspect Acier Inoxydable - DCR033B2SLM | Danby Canada","og_description":"Gardez vos boissons fra\u00eeches et vos collations \u00e0 port\u00e9e de main gr\u00e2ce au r\u00e9frig\u00e9rateur compact de Danby d'une capacit\u00e9 de 89,5 L (3,2 pi3). Parfait pour les salles de jeux, les dortoirs, les bureaux et autres, ce r\u00e9frig\u00e9rateur compact est dot\u00e9 d'un compartiment r\u00e9frig\u00e9rateur s\u00e9par\u00e9 et d'un compartiment r\u00e9frig\u00e9rant sur toute la largeur, d'une \u00e9tag\u00e8re r\u00e9glable et demie, d'une \u00e9tag\u00e8re de porte int\u00e9gr\u00e9e avec rangement pour les grandes bouteilles et d'un bac \u00e0 l\u00e9gumes, afin de garder vos aliments et vos boissons organis\u00e9s et faciles d'acc\u00e8s. Une autre caract\u00e9ristique int\u00e9ressante est la charni\u00e8re de porte r\u00e9versible, qui permet aux utilisateurs d'ouvrir le r\u00e9frig\u00e9rateur \u00e0 gauche ou \u00e0 droite via la poign\u00e9e de porte int\u00e9gr\u00e9e, selon l'espace dont vous disposez.","og_url":"https:\/\/www.danby.com\/fr\/products\/refrigeration-compact\/dcr033b2slm\/","og_site_name":"Danby - Canada - French","article_publisher":"https:\/\/www.facebook.com\/DanbyAppliances","article_modified_time":"2026-04-26T10:03:19+00:00","og_image":[{"width":1125,"height":1500,"url":"https:\/\/cdnweb.danby.com\/wp-content\/uploads\/sites\/2\/2024\/04\/24180226\/Thumbnail__0000_DCR033B2SLM.jpg","type":"image\/jpeg"}],"twitter_card":"summary_large_image","twitter_site":"@DanbyAppliance","schema":{"@context":"https:\/\/schema.org","@graph":[{"@type":["WebPage","ItemPage"],"url":"https:\/\/www.danby.com\/fr\/products\/refrigeration-compact\/dcr033b2slm\/","name":"Danby Diplomat R\u00e9frig\u00e9rateur compact de 3,2 pi3 aspect Acier Inoxydable - DCR033B2SLM | Danby Canada","isPartOf":[],"primaryImageOfPage":[],"image":[],"thumbnailUrl":"https:\/\/www.danby.com\/fr\/wp-content\/uploads\/sites\/2\/2025\/10\/DCR033B2SLM_Front.jpg","datePublished":"2023-07-18T18:28:05+00:00","dateModified":"2026-04-26T10:03:19+00:00","description":"Gardez vos boissons fra\u00eeches et vos collations \u00e0 port\u00e9e de main gr\u00e2ce au r\u00e9frig\u00e9rateur compact de Danby d'une capacit\u00e9 de 89,5 L (3,2 pi3). Parfait pour les salles de jeux, les dortoirs, les bureaux et autres, ce r\u00e9frig\u00e9rateur compact est dot\u00e9 d'un compartiment r\u00e9frig\u00e9rateur s\u00e9par\u00e9 et d'un compartiment r\u00e9frig\u00e9rant sur toute la largeur, d'une \u00e9tag\u00e8re r\u00e9glable et demie, d'une \u00e9tag\u00e8re de porte int\u00e9gr\u00e9e avec rangement pour les grandes bouteilles et d'un bac \u00e0 l\u00e9gumes, afin de garder vos aliments et vos boissons organis\u00e9s et faciles d'acc\u00e8s. Une autre caract\u00e9ristique int\u00e9ressante est la charni\u00e8re de porte r\u00e9versible, qui permet aux utilisateurs d'ouvrir le r\u00e9frig\u00e9rateur \u00e0 gauche ou \u00e0 droite via la poign\u00e9e de porte int\u00e9gr\u00e9e, selon l'espace dont vous disposez.","breadcrumb":[],"inLanguage":"fr-CA","potentialAction":[{"@type":"ReadAction","target":["https:\/\/www.danby.com\/fr\/products\/refrigeration-compact\/dcr033b2slm\/"]}]},{"@type":"ImageObject","inLanguage":"fr-CA","url":"https:\/\/www.danby.com\/fr\/wp-content\/uploads\/sites\/2\/2025\/10\/DCR033B2SLM_Front.jpg","contentUrl":"https:\/\/www.danby.com\/fr\/wp-content\/uploads\/sites\/2\/2025\/10\/DCR033B2SLM_Front.jpg","width":1875,"height":2500},{"@type":"BreadcrumbList","itemListElement":[{"@type":"ListItem","position":1,"name":"Home","item":"https:\/\/www.danby.com\/fr\/"},{"@type":"ListItem","position":2,"name":"Boutique","item":"https:\/\/www.danby.com\/fr\/boutique\/"},{"@type":"ListItem","position":3,"name":"R\u00e9frig\u00e9rateur compact Danby Diplomat de 3,3 pi cu, aspect acier inoxydable"}]},{"@type":"WebSite","url":"https:\/\/www.danby.com\/fr\/","name":"Danby - Canada - French","description":"Leader dans le domaine de la r\u00e9frig\u00e9ration et des appareils sp\u00e9cialis\u00e9s","publisher":[],"potentialAction":[{"@type":"SearchAction","target":{"@type":"EntryPoint","urlTemplate":"https:\/\/www.danby.com\/fr\/?s={search_term_string}"},"query-input":{"@type":"PropertyValueSpecification","valueRequired":true,"valueName":"search_term_string"}}],"inLanguage":"fr-CA"},{"@type":"Organization","name":"Danby Appliances","url":"https:\/\/www.danby.com\/fr\/","logo":{"@type":"ImageObject","inLanguage":"fr-CA","url":"https:\/\/cdnweb.danby.com\/wp-content\/uploads\/sites\/2\/2022\/02\/10141906\/Danby75Ans_Blue.png","contentUrl":"https:\/\/cdnweb.danby.com\/wp-content\/uploads\/sites\/2\/2022\/02\/10141906\/Danby75Ans_Blue.png","width":470,"height":110,"caption":"Danby Appliances"},"image":[],"sameAs":["https:\/\/www.facebook.com\/DanbyAppliances","https:\/\/x.com\/DanbyAppliance","https:\/\/instagram.com\/danbyappliances\/","https:\/\/www.linkedin.com\/company\/danbyappliances","https:\/\/www.pinterest.ca\/danbyappliances\/","https:\/\/www.youtube.com\/user\/DanbyProducts","https:\/\/en.wikipedia.org\/wiki\/Danby_(appliances)"]}]}},"post_mailing_queue_ids":[],"_links":{"self":[{"href":"https:\/\/www.danby.com\/fr\/wp-json\/wp\/v2\/product\/24263","targetHints":{"allow":["GET"]}}],"collection":[{"href":"https:\/\/www.danby.com\/fr\/wp-json\/wp\/v2\/product"}],"about":[{"href":"https:\/\/www.danby.com\/fr\/wp-json\/wp\/v2\/types\/product"}],"replies":[{"embeddable":true,"href":"https:\/\/www.danby.com\/fr\/wp-json\/wp\/v2\/comments?post=24263"}],"wp:featuredmedia":[{"embeddable":true,"href":"https:\/\/www.danby.com\/fr\/wp-json\/wp\/v2\/media\/35389"}],"wp:attachment":[{"href":"https:\/\/www.danby.com\/fr\/wp-json\/wp\/v2\/media?parent=24263"}],"wp:term":[{"taxonomy":"product_brand","embeddable":true,"href":"https:\/\/www.danby.com\/fr\/wp-json\/wp\/v2\/product_brand?post=24263"},{"taxonomy":"product_cat","embeddable":true,"href":"https:\/\/www.danby.com\/fr\/wp-json\/wp\/v2\/product_cat?post=24263"},{"taxonomy":"product_tag","embeddable":true,"href":"https:\/\/www.danby.com\/fr\/wp-json\/wp\/v2\/product_tag?post=24263"}],"curies":[{"name":"wp","href":"https:\/\/api.w.org\/{rel}","templated":true}]}}