{"id":24262,"date":"2023-07-18T18:23:46","date_gmt":"2023-07-18T18:23:46","guid":{"rendered":"https:\/\/www.danby.com\/fr\/products\/uncategorized\/dcr033b2bm\/"},"modified":"2026-04-19T09:07:45","modified_gmt":"2026-04-19T09:07:45","slug":"dcr033b2bm","status":"publish","type":"product","link":"https:\/\/www.danby.com\/fr\/products\/refrigeration-compact\/dcr033b2bm\/","title":{"rendered":"Danby Diplomat R\u00e9frig\u00e9rateur compact de 3,2 pi3 en Noir"},"content":{"rendered":"","protected":false},"excerpt":{"rendered":"<ul>\n<li>3,2 pi3 (89,5 L) R\u00e9frig\u00e9rateur compact autoportant noir<\/li>\n<li>Certifi\u00e9 ENERGY STAR\u00ae<\/li>\n<li>D\u00e9givrage manuel <\/li>\n<li>Thermostat m\u00e9canique<\/li>\n<li>R\u00e9frig\u00e9rant R600a <\/li>\n<li>Porte noire lisse avec poign\u00e9e de porte int\u00e9gr\u00e9e<\/li>\n<li>Int\u00e9rieur blanc avec 2 \u00e9tag\u00e8res en verre r\u00e9glables sur toute la largeur <\/li>\n<li>3 \u00e9tag\u00e8res int\u00e9gr\u00e9es sur toute la largeur de la porte avec rangement pour les grandes bouteilles<\/li>\n<li>Charni\u00e8re de porte r\u00e9versible pour ouverture \u00e0 gauche ou \u00e0 droite<\/li>\n<li>Tiroir \u00e0 l\u00e9gumes et couvercle<\/li>\n<li>Dos lisse<\/li>\n<li>Garantie de 12 mois avec service \u00e0 domicile<\/li>\n<\/ul>\n","protected":false},"featured_media":34808,"comment_status":"open","ping_status":"closed","template":"","meta":{"_acf_changed":false},"product_brand":[],"product_cat":[22],"product_tag":[],"class_list":{"0":"post-24262","1":"product","2":"type-product","3":"status-publish","4":"has-post-thumbnail","6":"product_cat-refrigeration-compact","8":"first","9":"outofstock","10":"taxable","11":"shipping-taxable","12":"purchasable","13":"product-type-simple"},"acf":[],"yoast_head":"<!-- This site is optimized with the Yoast SEO plugin v26.7 - https:\/\/yoast.com\/wordpress\/plugins\/seo\/ -->\n<title>Danby Diplomat R\u00e9frig\u00e9rateur compact de 3,2 pi3 en Noir - DCR033B2BM | Danby Canada<\/title>\n<meta name=\"description\" content=\"Gardez les boissons froides et les grignotines \u00e0 port\u00e9e de main gr\u00e2ce au r\u00e9frig\u00e9rateur compact Danby d\u2019une capacit\u00e9 de 3,2 pi3 (89,5 L). Un choix parfait pour les studios d\u2019enregistrement, les bureaux, et plus encore, ce r\u00e9frig\u00e9rateur compact offre des compartiments individuels de r\u00e9frig\u00e9ration et de refroidissement, une tablette et une demi-tablette r\u00e9glables, du rayonnage de porte int\u00e9gr\u00e9 pour le rangement de bouteilles, un bac \u00e0 l\u00e9gumes, pour garder vos boissons et vos aliments organis\u00e9s et faciles d\u2019acc\u00e8s. Les charni\u00e8res r\u00e9versibles sont une autre excellente caract\u00e9ristique qui permet aux utilisateurs d\u2019ouvrir le r\u00e9frig\u00e9rateur \u00e0 partir de la droite ou de la gauche, selon les exigences de votre pi\u00e8ce.\" \/>\n<meta name=\"robots\" content=\"index, follow, max-snippet:-1, max-image-preview:large, max-video-preview:-1\" \/>\n<link rel=\"canonical\" href=\"https:\/\/www.danby.com\/fr\/products\/refrigeration-compact\/dcr033b2bm\/\" \/>\n<meta property=\"og:locale\" content=\"fr_CA\" \/>\n<meta property=\"og:type\" content=\"article\" \/>\n<meta property=\"og:title\" content=\"Danby Diplomat R\u00e9frig\u00e9rateur compact de 3,2 pi3 en Noir - DCR033B2BM | Danby Canada\" \/>\n<meta property=\"og:description\" content=\"Gardez les boissons froides et les grignotines \u00e0 port\u00e9e de main gr\u00e2ce au r\u00e9frig\u00e9rateur compact Danby d\u2019une capacit\u00e9 de 3,2 pi3 (89,5 L). Un choix parfait pour les studios d\u2019enregistrement, les bureaux, et plus encore, ce r\u00e9frig\u00e9rateur compact offre des compartiments individuels de r\u00e9frig\u00e9ration et de refroidissement, une tablette et une demi-tablette r\u00e9glables, du rayonnage de porte int\u00e9gr\u00e9 pour le rangement de bouteilles, un bac \u00e0 l\u00e9gumes, pour garder vos boissons et vos aliments organis\u00e9s et faciles d\u2019acc\u00e8s. Les charni\u00e8res r\u00e9versibles sont une autre excellente caract\u00e9ristique qui permet aux utilisateurs d\u2019ouvrir le r\u00e9frig\u00e9rateur \u00e0 partir de la droite ou de la gauche, selon les exigences de votre pi\u00e8ce.\" \/>\n<meta property=\"og:url\" content=\"https:\/\/www.danby.com\/fr\/products\/refrigeration-compact\/dcr033b2bm\/\" \/>\n<meta property=\"og:site_name\" content=\"Danby - Canada - French\" \/>\n<meta property=\"article:publisher\" content=\"https:\/\/www.facebook.com\/DanbyAppliances\" \/>\n<meta property=\"article:modified_time\" content=\"2026-04-19T09:07:45+00:00\" \/>\n<meta property=\"og:image\" content=\"https:\/\/cdnweb.danby.com\/wp-content\/uploads\/sites\/2\/2024\/04\/24180301\/Thumbnail__0001_DCR033B2BM.jpg\" \/>\n\t<meta property=\"og:image:width\" content=\"1125\" \/>\n\t<meta property=\"og:image:height\" content=\"1500\" \/>\n\t<meta property=\"og:image:type\" content=\"image\/jpeg\" \/>\n<meta name=\"twitter:card\" content=\"summary_large_image\" \/>\n<meta name=\"twitter:site\" content=\"@DanbyAppliance\" \/>\n<script type=\"application\/ld+json\" class=\"yoast-schema-graph\">{\"@context\":\"https:\/\/schema.org\",\"@graph\":[{\"@type\":[\"WebPage\",\"ItemPage\"],\"url\":\"https:\/\/www.danby.com\/fr\/products\/refrigeration-compact\/dcr033b2bm\/\",\"name\":\"Danby Diplomat R\u00e9frig\u00e9rateur compact de 3,2 pi3 en Noir - DCR033B2BM | Danby Canada\",\"isPartOf\":[],\"primaryImageOfPage\":[],\"image\":[],\"thumbnailUrl\":\"https:\/\/www.danby.com\/fr\/wp-content\/uploads\/sites\/2\/2025\/09\/dcr033b2bm-thumbnail.jpg\",\"datePublished\":\"2023-07-18T18:23:46+00:00\",\"dateModified\":\"2026-04-19T09:07:45+00:00\",\"description\":\"Gardez les boissons froides et les grignotines \u00e0 port\u00e9e de main gr\u00e2ce au r\u00e9frig\u00e9rateur compact Danby d\u2019une capacit\u00e9 de 3,2 pi3 (89,5 L). Un choix parfait pour les studios d\u2019enregistrement, les bureaux, et plus encore, ce r\u00e9frig\u00e9rateur compact offre des compartiments individuels de r\u00e9frig\u00e9ration et de refroidissement, une tablette et une demi-tablette r\u00e9glables, du rayonnage de porte int\u00e9gr\u00e9 pour le rangement de bouteilles, un bac \u00e0 l\u00e9gumes, pour garder vos boissons et vos aliments organis\u00e9s et faciles d\u2019acc\u00e8s. Les charni\u00e8res r\u00e9versibles sont une autre excellente caract\u00e9ristique qui permet aux utilisateurs d\u2019ouvrir le r\u00e9frig\u00e9rateur \u00e0 partir de la droite ou de la gauche, selon les exigences de votre pi\u00e8ce.\",\"breadcrumb\":[],\"inLanguage\":\"fr-CA\",\"potentialAction\":[{\"@type\":\"ReadAction\",\"target\":[\"https:\/\/www.danby.com\/fr\/products\/refrigeration-compact\/dcr033b2bm\/\"]}]},{\"@type\":\"ImageObject\",\"inLanguage\":\"fr-CA\",\"url\":\"https:\/\/www.danby.com\/fr\/wp-content\/uploads\/sites\/2\/2025\/09\/dcr033b2bm-thumbnail.jpg\",\"contentUrl\":\"https:\/\/www.danby.com\/fr\/wp-content\/uploads\/sites\/2\/2025\/09\/dcr033b2bm-thumbnail.jpg\",\"width\":768,\"height\":1024},{\"@type\":\"BreadcrumbList\",\"itemListElement\":[{\"@type\":\"ListItem\",\"position\":1,\"name\":\"Home\",\"item\":\"https:\/\/www.danby.com\/fr\/\"},{\"@type\":\"ListItem\",\"position\":2,\"name\":\"Boutique\",\"item\":\"https:\/\/www.danby.com\/fr\/boutique\/\"},{\"@type\":\"ListItem\",\"position\":3,\"name\":\"R\u00e9frig\u00e9rateur compact Danby Diplomat noir 3.3 cu ft\"}]},{\"@type\":\"WebSite\",\"url\":\"https:\/\/www.danby.com\/fr\/\",\"name\":\"Danby - Canada - French\",\"description\":\"Leader dans le domaine de la r\u00e9frig\u00e9ration et des appareils sp\u00e9cialis\u00e9s\",\"publisher\":[],\"potentialAction\":[{\"@type\":\"SearchAction\",\"target\":{\"@type\":\"EntryPoint\",\"urlTemplate\":\"https:\/\/www.danby.com\/fr\/?s={search_term_string}\"},\"query-input\":{\"@type\":\"PropertyValueSpecification\",\"valueRequired\":true,\"valueName\":\"search_term_string\"}}],\"inLanguage\":\"fr-CA\"},{\"@type\":\"Organization\",\"name\":\"Danby Appliances\",\"url\":\"https:\/\/www.danby.com\/fr\/\",\"logo\":{\"@type\":\"ImageObject\",\"inLanguage\":\"fr-CA\",\"url\":\"https:\/\/cdnweb.danby.com\/wp-content\/uploads\/sites\/2\/2022\/02\/10141906\/Danby75Ans_Blue.png\",\"contentUrl\":\"https:\/\/cdnweb.danby.com\/wp-content\/uploads\/sites\/2\/2022\/02\/10141906\/Danby75Ans_Blue.png\",\"width\":470,\"height\":110,\"caption\":\"Danby Appliances\"},\"image\":[],\"sameAs\":[\"https:\/\/www.facebook.com\/DanbyAppliances\",\"https:\/\/x.com\/DanbyAppliance\",\"https:\/\/instagram.com\/danbyappliances\/\",\"https:\/\/www.linkedin.com\/company\/danbyappliances\",\"https:\/\/www.pinterest.ca\/danbyappliances\/\",\"https:\/\/www.youtube.com\/user\/DanbyProducts\",\"https:\/\/en.wikipedia.org\/wiki\/Danby_(appliances)\"]}]}<\/script>\n<!-- \/ Yoast SEO plugin. -->","yoast_head_json":{"title":"Danby Diplomat R\u00e9frig\u00e9rateur compact de 3,2 pi3 en Noir - DCR033B2BM | Danby Canada","description":"Gardez les boissons froides et les grignotines \u00e0 port\u00e9e de main gr\u00e2ce au r\u00e9frig\u00e9rateur compact Danby d\u2019une capacit\u00e9 de 3,2 pi3 (89,5 L). Un choix parfait pour les studios d\u2019enregistrement, les bureaux, et plus encore, ce r\u00e9frig\u00e9rateur compact offre des compartiments individuels de r\u00e9frig\u00e9ration et de refroidissement, une tablette et une demi-tablette r\u00e9glables, du rayonnage de porte int\u00e9gr\u00e9 pour le rangement de bouteilles, un bac \u00e0 l\u00e9gumes, pour garder vos boissons et vos aliments organis\u00e9s et faciles d\u2019acc\u00e8s. Les charni\u00e8res r\u00e9versibles sont une autre excellente caract\u00e9ristique qui permet aux utilisateurs d\u2019ouvrir le r\u00e9frig\u00e9rateur \u00e0 partir de la droite ou de la gauche, selon les exigences de votre pi\u00e8ce.","robots":{"index":"index","follow":"follow","max-snippet":"max-snippet:-1","max-image-preview":"max-image-preview:large","max-video-preview":"max-video-preview:-1"},"canonical":"https:\/\/www.danby.com\/fr\/products\/refrigeration-compact\/dcr033b2bm\/","og_locale":"fr_CA","og_type":"article","og_title":"Danby Diplomat R\u00e9frig\u00e9rateur compact de 3,2 pi3 en Noir - DCR033B2BM | Danby Canada","og_description":"Gardez les boissons froides et les grignotines \u00e0 port\u00e9e de main gr\u00e2ce au r\u00e9frig\u00e9rateur compact Danby d\u2019une capacit\u00e9 de 3,2 pi3 (89,5 L). Un choix parfait pour les studios d\u2019enregistrement, les bureaux, et plus encore, ce r\u00e9frig\u00e9rateur compact offre des compartiments individuels de r\u00e9frig\u00e9ration et de refroidissement, une tablette et une demi-tablette r\u00e9glables, du rayonnage de porte int\u00e9gr\u00e9 pour le rangement de bouteilles, un bac \u00e0 l\u00e9gumes, pour garder vos boissons et vos aliments organis\u00e9s et faciles d\u2019acc\u00e8s. Les charni\u00e8res r\u00e9versibles sont une autre excellente caract\u00e9ristique qui permet aux utilisateurs d\u2019ouvrir le r\u00e9frig\u00e9rateur \u00e0 partir de la droite ou de la gauche, selon les exigences de votre pi\u00e8ce.","og_url":"https:\/\/www.danby.com\/fr\/products\/refrigeration-compact\/dcr033b2bm\/","og_site_name":"Danby - Canada - French","article_publisher":"https:\/\/www.facebook.com\/DanbyAppliances","article_modified_time":"2026-04-19T09:07:45+00:00","og_image":[{"width":1125,"height":1500,"url":"https:\/\/cdnweb.danby.com\/wp-content\/uploads\/sites\/2\/2024\/04\/24180301\/Thumbnail__0001_DCR033B2BM.jpg","type":"image\/jpeg"}],"twitter_card":"summary_large_image","twitter_site":"@DanbyAppliance","schema":{"@context":"https:\/\/schema.org","@graph":[{"@type":["WebPage","ItemPage"],"url":"https:\/\/www.danby.com\/fr\/products\/refrigeration-compact\/dcr033b2bm\/","name":"Danby Diplomat R\u00e9frig\u00e9rateur compact de 3,2 pi3 en Noir - DCR033B2BM | Danby Canada","isPartOf":[],"primaryImageOfPage":[],"image":[],"thumbnailUrl":"https:\/\/www.danby.com\/fr\/wp-content\/uploads\/sites\/2\/2025\/09\/dcr033b2bm-thumbnail.jpg","datePublished":"2023-07-18T18:23:46+00:00","dateModified":"2026-04-19T09:07:45+00:00","description":"Gardez les boissons froides et les grignotines \u00e0 port\u00e9e de main gr\u00e2ce au r\u00e9frig\u00e9rateur compact Danby d\u2019une capacit\u00e9 de 3,2 pi3 (89,5 L). Un choix parfait pour les studios d\u2019enregistrement, les bureaux, et plus encore, ce r\u00e9frig\u00e9rateur compact offre des compartiments individuels de r\u00e9frig\u00e9ration et de refroidissement, une tablette et une demi-tablette r\u00e9glables, du rayonnage de porte int\u00e9gr\u00e9 pour le rangement de bouteilles, un bac \u00e0 l\u00e9gumes, pour garder vos boissons et vos aliments organis\u00e9s et faciles d\u2019acc\u00e8s. Les charni\u00e8res r\u00e9versibles sont une autre excellente caract\u00e9ristique qui permet aux utilisateurs d\u2019ouvrir le r\u00e9frig\u00e9rateur \u00e0 partir de la droite ou de la gauche, selon les exigences de votre pi\u00e8ce.","breadcrumb":[],"inLanguage":"fr-CA","potentialAction":[{"@type":"ReadAction","target":["https:\/\/www.danby.com\/fr\/products\/refrigeration-compact\/dcr033b2bm\/"]}]},{"@type":"ImageObject","inLanguage":"fr-CA","url":"https:\/\/www.danby.com\/fr\/wp-content\/uploads\/sites\/2\/2025\/09\/dcr033b2bm-thumbnail.jpg","contentUrl":"https:\/\/www.danby.com\/fr\/wp-content\/uploads\/sites\/2\/2025\/09\/dcr033b2bm-thumbnail.jpg","width":768,"height":1024},{"@type":"BreadcrumbList","itemListElement":[{"@type":"ListItem","position":1,"name":"Home","item":"https:\/\/www.danby.com\/fr\/"},{"@type":"ListItem","position":2,"name":"Boutique","item":"https:\/\/www.danby.com\/fr\/boutique\/"},{"@type":"ListItem","position":3,"name":"R\u00e9frig\u00e9rateur compact Danby Diplomat noir 3.3 cu ft"}]},{"@type":"WebSite","url":"https:\/\/www.danby.com\/fr\/","name":"Danby - Canada - French","description":"Leader dans le domaine de la r\u00e9frig\u00e9ration et des appareils sp\u00e9cialis\u00e9s","publisher":[],"potentialAction":[{"@type":"SearchAction","target":{"@type":"EntryPoint","urlTemplate":"https:\/\/www.danby.com\/fr\/?s={search_term_string}"},"query-input":{"@type":"PropertyValueSpecification","valueRequired":true,"valueName":"search_term_string"}}],"inLanguage":"fr-CA"},{"@type":"Organization","name":"Danby Appliances","url":"https:\/\/www.danby.com\/fr\/","logo":{"@type":"ImageObject","inLanguage":"fr-CA","url":"https:\/\/cdnweb.danby.com\/wp-content\/uploads\/sites\/2\/2022\/02\/10141906\/Danby75Ans_Blue.png","contentUrl":"https:\/\/cdnweb.danby.com\/wp-content\/uploads\/sites\/2\/2022\/02\/10141906\/Danby75Ans_Blue.png","width":470,"height":110,"caption":"Danby Appliances"},"image":[],"sameAs":["https:\/\/www.facebook.com\/DanbyAppliances","https:\/\/x.com\/DanbyAppliance","https:\/\/instagram.com\/danbyappliances\/","https:\/\/www.linkedin.com\/company\/danbyappliances","https:\/\/www.pinterest.ca\/danbyappliances\/","https:\/\/www.youtube.com\/user\/DanbyProducts","https:\/\/en.wikipedia.org\/wiki\/Danby_(appliances)"]}]}},"post_mailing_queue_ids":[],"_links":{"self":[{"href":"https:\/\/www.danby.com\/fr\/wp-json\/wp\/v2\/product\/24262","targetHints":{"allow":["GET"]}}],"collection":[{"href":"https:\/\/www.danby.com\/fr\/wp-json\/wp\/v2\/product"}],"about":[{"href":"https:\/\/www.danby.com\/fr\/wp-json\/wp\/v2\/types\/product"}],"replies":[{"embeddable":true,"href":"https:\/\/www.danby.com\/fr\/wp-json\/wp\/v2\/comments?post=24262"}],"wp:featuredmedia":[{"embeddable":true,"href":"https:\/\/www.danby.com\/fr\/wp-json\/wp\/v2\/media\/34808"}],"wp:attachment":[{"href":"https:\/\/www.danby.com\/fr\/wp-json\/wp\/v2\/media?parent=24262"}],"wp:term":[{"taxonomy":"product_brand","embeddable":true,"href":"https:\/\/www.danby.com\/fr\/wp-json\/wp\/v2\/product_brand?post=24262"},{"taxonomy":"product_cat","embeddable":true,"href":"https:\/\/www.danby.com\/fr\/wp-json\/wp\/v2\/product_cat?post=24262"},{"taxonomy":"product_tag","embeddable":true,"href":"https:\/\/www.danby.com\/fr\/wp-json\/wp\/v2\/product_tag?post=24262"}],"curies":[{"name":"wp","href":"https:\/\/api.w.org\/{rel}","templated":true}]}}