{"id":24261,"date":"2023-07-18T18:07:51","date_gmt":"2023-07-18T18:07:51","guid":{"rendered":"https:\/\/www.danby.com\/fr\/products\/uncategorized\/dcr033b2wm\/"},"modified":"2026-04-24T10:12:56","modified_gmt":"2026-04-24T10:12:56","slug":"dcr033b2wm","status":"publish","type":"product","link":"https:\/\/www.danby.com\/fr\/products\/refrigeration-compact\/dcr033b2wm\/","title":{"rendered":"Danby Diplomat R\u00e9frig\u00e9rateur compact de 3,2 pi3 en Blanc"},"content":{"rendered":"","protected":false},"excerpt":{"rendered":"<ul>\n<li>3,2 pi3 (89,5 L) R\u00e9frig\u00e9rateur compact autoportant blanc<\/li>\n<li>Certifi\u00e9 ENERGY STAR\u00ae<\/li>\n<li>D\u00e9givrage manuel<\/li>\n<li>Thermostat m\u00e9canique<\/li>\n<li>R\u00e9frig\u00e9rant R600a <\/li>\n<li>Porte noire lisse avec poign\u00e9e de porte int\u00e9gr\u00e9e<\/li>\n<li>Int\u00e9rieur blanc avec 2 \u00e9tag\u00e8res en verre r\u00e9glables sur toute la largeur<\/li>\n<li>3 \u00e9tag\u00e8res int\u00e9gr\u00e9es sur toute la largeur de la porte avec rangement pour les grandes bouteilles<\/li>\n<li>Charni\u00e8re de porte r\u00e9versible pour ouverture \u00e0 gauche ou \u00e0 droite<\/li>\n<li>Tiroir \u00e0 l\u00e9gumes et couvercle<\/li>\n<li>Dos lisse<\/li>\n<li>Garantie de 12 mois avec service \u00e0 domicile<\/li>\n<\/ul>\n","protected":false},"featured_media":34810,"comment_status":"open","ping_status":"closed","template":"","meta":{"_acf_changed":false},"product_brand":[],"product_cat":[22],"product_tag":[],"class_list":{"0":"post-24261","1":"product","2":"type-product","3":"status-publish","4":"has-post-thumbnail","6":"product_cat-refrigeration-compact","8":"first","9":"instock","10":"taxable","11":"shipping-taxable","12":"purchasable","13":"product-type-simple"},"acf":[],"yoast_head":"<!-- This site is optimized with the Yoast SEO plugin v27.4 - https:\/\/yoast.com\/product\/yoast-seo-wordpress\/ -->\n<title>Danby Diplomat R\u00e9frig\u00e9rateur compact de 3,2 pi3 en Blanc - DCR033B2WM | Danby Canada<\/title>\n<meta name=\"description\" content=\"Si vous \u00eates \u00e0 la recherche d&#039;un r\u00e9frig\u00e9rateur compact dot\u00e9 d&#039;une section de cong\u00e9lation compl\u00e8te, ce mod\u00e8le Danby est celui qu&#039;il vous faut ! Ce mod\u00e8le offre 89,5 litres (3,2 pi3) d&#039;espace de rangement, ce qui en fait l&#039;appareil id\u00e9al pour les salles \u00e0 manger, les dortoirs, les petites cuisines, les bars et m\u00eame le bureau \u00e0 domicile ! Toutes vos boissons pr\u00e9f\u00e9r\u00e9es peuvent \u00eatre conserv\u00e9es au froid gr\u00e2ce \u00e0 l&#039;espace de rangement pour les grandes bouteilles et \u00e0 notre distributeur de boissons Danby CanStor tr\u00e8s pratique. Il y a aussi beaucoup d&#039;espace pour une vari\u00e9t\u00e9 d&#039;aliments sur une tablette amovible et demie et sur les tablettes de porte int\u00e9gr\u00e9es. La charni\u00e8re de porte r\u00e9versible permet aux utilisateurs d&#039;ouvrir le r\u00e9frig\u00e9rateur \u00e0 gauche ou \u00e0 droite, ce qui vous permet de le placer n&#039;importe o\u00f9 dans votre maison. Le DCR033B1WM b\u00e9n\u00e9ficie \u00e9galement d&#039;une garantie de 12 mois sur toutes les pi\u00e8ces et la main-d&#039;\u0153uvre. Si votre r\u00e9frig\u00e9rateur principal commence \u00e0 d\u00e9border, voici l&#039;option de r\u00e9frig\u00e9rateur secondaire qu&#039;il vous faut !\" \/>\n<meta name=\"robots\" content=\"index, follow, max-snippet:-1, max-image-preview:large, max-video-preview:-1\" \/>\n<link rel=\"canonical\" href=\"https:\/\/www.danby.com\/fr\/products\/refrigeration-compact\/dcr033b2wm\/\" \/>\n<meta property=\"og:locale\" content=\"fr_CA\" \/>\n<meta property=\"og:type\" content=\"article\" \/>\n<meta property=\"og:title\" content=\"Danby Diplomat R\u00e9frig\u00e9rateur compact de 3,2 pi3 en Blanc - DCR033B2WM | Danby Canada\" \/>\n<meta property=\"og:description\" content=\"Si vous \u00eates \u00e0 la recherche d&#039;un r\u00e9frig\u00e9rateur compact dot\u00e9 d&#039;une section de cong\u00e9lation compl\u00e8te, ce mod\u00e8le Danby est celui qu&#039;il vous faut ! Ce mod\u00e8le offre 89,5 litres (3,2 pi3) d&#039;espace de rangement, ce qui en fait l&#039;appareil id\u00e9al pour les salles \u00e0 manger, les dortoirs, les petites cuisines, les bars et m\u00eame le bureau \u00e0 domicile ! Toutes vos boissons pr\u00e9f\u00e9r\u00e9es peuvent \u00eatre conserv\u00e9es au froid gr\u00e2ce \u00e0 l&#039;espace de rangement pour les grandes bouteilles et \u00e0 notre distributeur de boissons Danby CanStor tr\u00e8s pratique. Il y a aussi beaucoup d&#039;espace pour une vari\u00e9t\u00e9 d&#039;aliments sur une tablette amovible et demie et sur les tablettes de porte int\u00e9gr\u00e9es. La charni\u00e8re de porte r\u00e9versible permet aux utilisateurs d&#039;ouvrir le r\u00e9frig\u00e9rateur \u00e0 gauche ou \u00e0 droite, ce qui vous permet de le placer n&#039;importe o\u00f9 dans votre maison. Le DCR033B1WM b\u00e9n\u00e9ficie \u00e9galement d&#039;une garantie de 12 mois sur toutes les pi\u00e8ces et la main-d&#039;\u0153uvre. Si votre r\u00e9frig\u00e9rateur principal commence \u00e0 d\u00e9border, voici l&#039;option de r\u00e9frig\u00e9rateur secondaire qu&#039;il vous faut !\" \/>\n<meta property=\"og:url\" content=\"https:\/\/www.danby.com\/fr\/products\/refrigeration-compact\/dcr033b2wm\/\" \/>\n<meta property=\"og:site_name\" content=\"Danby - Canada - French\" \/>\n<meta property=\"article:publisher\" content=\"https:\/\/www.facebook.com\/DanbyAppliances\" \/>\n<meta property=\"article:modified_time\" content=\"2026-04-24T10:12:56+00:00\" \/>\n<meta property=\"og:image\" content=\"https:\/\/cdnweb.danby.com\/wp-content\/uploads\/sites\/2\/2024\/04\/24180341\/Thumbnail__0002_DCR033B2WM.jpg\" \/>\n\t<meta property=\"og:image:width\" content=\"1125\" \/>\n\t<meta property=\"og:image:height\" content=\"1500\" \/>\n\t<meta property=\"og:image:type\" content=\"image\/jpeg\" \/>\n<meta name=\"twitter:card\" content=\"summary_large_image\" \/>\n<meta name=\"twitter:site\" content=\"@DanbyAppliance\" \/>\n<script type=\"application\/ld+json\" class=\"yoast-schema-graph\">{\"@context\":\"https:\\\/\\\/schema.org\",\"@graph\":[{\"@type\":[\"WebPage\",\"ItemPage\"],\"url\":\"https:\\\/\\\/www.danby.com\\\/fr\\\/products\\\/refrigeration-compact\\\/dcr033b2wm\\\/\",\"name\":\"Danby Diplomat R\u00e9frig\u00e9rateur compact de 3,2 pi3 en Blanc - DCR033B2WM | Danby Canada\",\"isPartOf\":[],\"primaryImageOfPage\":[],\"image\":[],\"thumbnailUrl\":\"https:\\\/\\\/www.danby.com\\\/fr\\\/wp-content\\\/uploads\\\/sites\\\/2\\\/2025\\\/09\\\/dcr033b2wm-thumbnail.jpg\",\"datePublished\":\"2023-07-18T18:07:51+00:00\",\"dateModified\":\"2026-04-24T10:12:56+00:00\",\"description\":\"Si vous \u00eates \u00e0 la recherche d'un r\u00e9frig\u00e9rateur compact dot\u00e9 d'une section de cong\u00e9lation compl\u00e8te, ce mod\u00e8le Danby est celui qu'il vous faut ! Ce mod\u00e8le offre 89,5 litres (3,2 pi3) d'espace de rangement, ce qui en fait l'appareil id\u00e9al pour les salles \u00e0 manger, les dortoirs, les petites cuisines, les bars et m\u00eame le bureau \u00e0 domicile ! Toutes vos boissons pr\u00e9f\u00e9r\u00e9es peuvent \u00eatre conserv\u00e9es au froid gr\u00e2ce \u00e0 l'espace de rangement pour les grandes bouteilles et \u00e0 notre distributeur de boissons Danby CanStor tr\u00e8s pratique. Il y a aussi beaucoup d'espace pour une vari\u00e9t\u00e9 d'aliments sur une tablette amovible et demie et sur les tablettes de porte int\u00e9gr\u00e9es. La charni\u00e8re de porte r\u00e9versible permet aux utilisateurs d'ouvrir le r\u00e9frig\u00e9rateur \u00e0 gauche ou \u00e0 droite, ce qui vous permet de le placer n'importe o\u00f9 dans votre maison. Le DCR033B1WM b\u00e9n\u00e9ficie \u00e9galement d'une garantie de 12 mois sur toutes les pi\u00e8ces et la main-d'\u0153uvre. Si votre r\u00e9frig\u00e9rateur principal commence \u00e0 d\u00e9border, voici l'option de r\u00e9frig\u00e9rateur secondaire qu'il vous faut !\",\"breadcrumb\":[],\"inLanguage\":\"fr-CA\",\"potentialAction\":[{\"@type\":\"ReadAction\",\"target\":[\"https:\\\/\\\/www.danby.com\\\/fr\\\/products\\\/refrigeration-compact\\\/dcr033b2wm\\\/\"]}]},{\"@type\":\"ImageObject\",\"inLanguage\":\"fr-CA\",\"url\":\"https:\\\/\\\/www.danby.com\\\/fr\\\/wp-content\\\/uploads\\\/sites\\\/2\\\/2025\\\/09\\\/dcr033b2wm-thumbnail.jpg\",\"contentUrl\":\"https:\\\/\\\/www.danby.com\\\/fr\\\/wp-content\\\/uploads\\\/sites\\\/2\\\/2025\\\/09\\\/dcr033b2wm-thumbnail.jpg\",\"width\":768,\"height\":1024},{\"@type\":\"BreadcrumbList\",\"itemListElement\":[{\"@type\":\"ListItem\",\"position\":1,\"name\":\"Home\",\"item\":\"https:\\\/\\\/www.danby.com\\\/fr\\\/\"},{\"@type\":\"ListItem\",\"position\":2,\"name\":\"Boutique\",\"item\":\"https:\\\/\\\/www.danby.com\\\/fr\\\/boutique\\\/\"},{\"@type\":\"ListItem\",\"position\":3,\"name\":\"R\u00e9frig\u00e9rateur compact Danby Diplomat de 3,3 pi3 en blanc\"}]},{\"@type\":\"WebSite\",\"url\":\"https:\\\/\\\/www.danby.com\\\/fr\\\/\",\"name\":\"Danby - Canada - French\",\"description\":\"Leader dans le domaine de la r\u00e9frig\u00e9ration et des appareils sp\u00e9cialis\u00e9s\",\"publisher\":[],\"potentialAction\":[{\"@type\":\"SearchAction\",\"target\":{\"@type\":\"EntryPoint\",\"urlTemplate\":\"https:\\\/\\\/www.danby.com\\\/fr\\\/?s={search_term_string}\"},\"query-input\":{\"@type\":\"PropertyValueSpecification\",\"valueRequired\":true,\"valueName\":\"search_term_string\"}}],\"inLanguage\":\"fr-CA\"},{\"@type\":\"Organization\",\"name\":\"Danby Appliances\",\"url\":\"https:\\\/\\\/www.danby.com\\\/fr\\\/\",\"logo\":{\"@type\":\"ImageObject\",\"inLanguage\":\"fr-CA\",\"url\":\"https:\\\/\\\/cdnweb.danby.com\\\/wp-content\\\/uploads\\\/sites\\\/2\\\/2022\\\/02\\\/10141906\\\/Danby75Ans_Blue.png\",\"contentUrl\":\"https:\\\/\\\/cdnweb.danby.com\\\/wp-content\\\/uploads\\\/sites\\\/2\\\/2022\\\/02\\\/10141906\\\/Danby75Ans_Blue.png\",\"width\":470,\"height\":110,\"caption\":\"Danby Appliances\"},\"image\":[],\"sameAs\":[\"https:\\\/\\\/www.facebook.com\\\/DanbyAppliances\",\"https:\\\/\\\/x.com\\\/DanbyAppliance\",\"https:\\\/\\\/instagram.com\\\/danbyappliances\\\/\",\"https:\\\/\\\/www.linkedin.com\\\/company\\\/danbyappliances\",\"https:\\\/\\\/www.pinterest.ca\\\/danbyappliances\\\/\",\"https:\\\/\\\/www.youtube.com\\\/user\\\/DanbyProducts\",\"https:\\\/\\\/en.wikipedia.org\\\/wiki\\\/Danby_(appliances)\"]}]}<\/script>\n<!-- \/ Yoast SEO plugin. -->","yoast_head_json":{"title":"Danby Diplomat R\u00e9frig\u00e9rateur compact de 3,2 pi3 en Blanc - DCR033B2WM | Danby Canada","description":"Si vous \u00eates \u00e0 la recherche d'un r\u00e9frig\u00e9rateur compact dot\u00e9 d'une section de cong\u00e9lation compl\u00e8te, ce mod\u00e8le Danby est celui qu'il vous faut ! Ce mod\u00e8le offre 89,5 litres (3,2 pi3) d'espace de rangement, ce qui en fait l'appareil id\u00e9al pour les salles \u00e0 manger, les dortoirs, les petites cuisines, les bars et m\u00eame le bureau \u00e0 domicile ! Toutes vos boissons pr\u00e9f\u00e9r\u00e9es peuvent \u00eatre conserv\u00e9es au froid gr\u00e2ce \u00e0 l'espace de rangement pour les grandes bouteilles et \u00e0 notre distributeur de boissons Danby CanStor tr\u00e8s pratique. Il y a aussi beaucoup d'espace pour une vari\u00e9t\u00e9 d'aliments sur une tablette amovible et demie et sur les tablettes de porte int\u00e9gr\u00e9es. La charni\u00e8re de porte r\u00e9versible permet aux utilisateurs d'ouvrir le r\u00e9frig\u00e9rateur \u00e0 gauche ou \u00e0 droite, ce qui vous permet de le placer n'importe o\u00f9 dans votre maison. Le DCR033B1WM b\u00e9n\u00e9ficie \u00e9galement d'une garantie de 12 mois sur toutes les pi\u00e8ces et la main-d'\u0153uvre. Si votre r\u00e9frig\u00e9rateur principal commence \u00e0 d\u00e9border, voici l'option de r\u00e9frig\u00e9rateur secondaire qu'il vous faut !","robots":{"index":"index","follow":"follow","max-snippet":"max-snippet:-1","max-image-preview":"max-image-preview:large","max-video-preview":"max-video-preview:-1"},"canonical":"https:\/\/www.danby.com\/fr\/products\/refrigeration-compact\/dcr033b2wm\/","og_locale":"fr_CA","og_type":"article","og_title":"Danby Diplomat R\u00e9frig\u00e9rateur compact de 3,2 pi3 en Blanc - DCR033B2WM | Danby Canada","og_description":"Si vous \u00eates \u00e0 la recherche d'un r\u00e9frig\u00e9rateur compact dot\u00e9 d'une section de cong\u00e9lation compl\u00e8te, ce mod\u00e8le Danby est celui qu'il vous faut ! Ce mod\u00e8le offre 89,5 litres (3,2 pi3) d'espace de rangement, ce qui en fait l'appareil id\u00e9al pour les salles \u00e0 manger, les dortoirs, les petites cuisines, les bars et m\u00eame le bureau \u00e0 domicile ! Toutes vos boissons pr\u00e9f\u00e9r\u00e9es peuvent \u00eatre conserv\u00e9es au froid gr\u00e2ce \u00e0 l'espace de rangement pour les grandes bouteilles et \u00e0 notre distributeur de boissons Danby CanStor tr\u00e8s pratique. Il y a aussi beaucoup d'espace pour une vari\u00e9t\u00e9 d'aliments sur une tablette amovible et demie et sur les tablettes de porte int\u00e9gr\u00e9es. La charni\u00e8re de porte r\u00e9versible permet aux utilisateurs d'ouvrir le r\u00e9frig\u00e9rateur \u00e0 gauche ou \u00e0 droite, ce qui vous permet de le placer n'importe o\u00f9 dans votre maison. Le DCR033B1WM b\u00e9n\u00e9ficie \u00e9galement d'une garantie de 12 mois sur toutes les pi\u00e8ces et la main-d'\u0153uvre. Si votre r\u00e9frig\u00e9rateur principal commence \u00e0 d\u00e9border, voici l'option de r\u00e9frig\u00e9rateur secondaire qu'il vous faut !","og_url":"https:\/\/www.danby.com\/fr\/products\/refrigeration-compact\/dcr033b2wm\/","og_site_name":"Danby - Canada - French","article_publisher":"https:\/\/www.facebook.com\/DanbyAppliances","article_modified_time":"2026-04-24T10:12:56+00:00","og_image":[{"width":1125,"height":1500,"url":"https:\/\/cdnweb.danby.com\/wp-content\/uploads\/sites\/2\/2024\/04\/24180341\/Thumbnail__0002_DCR033B2WM.jpg","type":"image\/jpeg"}],"twitter_card":"summary_large_image","twitter_site":"@DanbyAppliance","schema":{"@context":"https:\/\/schema.org","@graph":[{"@type":["WebPage","ItemPage"],"url":"https:\/\/www.danby.com\/fr\/products\/refrigeration-compact\/dcr033b2wm\/","name":"Danby Diplomat R\u00e9frig\u00e9rateur compact de 3,2 pi3 en Blanc - DCR033B2WM | Danby Canada","isPartOf":[],"primaryImageOfPage":[],"image":[],"thumbnailUrl":"https:\/\/www.danby.com\/fr\/wp-content\/uploads\/sites\/2\/2025\/09\/dcr033b2wm-thumbnail.jpg","datePublished":"2023-07-18T18:07:51+00:00","dateModified":"2026-04-24T10:12:56+00:00","description":"Si vous \u00eates \u00e0 la recherche d'un r\u00e9frig\u00e9rateur compact dot\u00e9 d'une section de cong\u00e9lation compl\u00e8te, ce mod\u00e8le Danby est celui qu'il vous faut ! Ce mod\u00e8le offre 89,5 litres (3,2 pi3) d'espace de rangement, ce qui en fait l'appareil id\u00e9al pour les salles \u00e0 manger, les dortoirs, les petites cuisines, les bars et m\u00eame le bureau \u00e0 domicile ! Toutes vos boissons pr\u00e9f\u00e9r\u00e9es peuvent \u00eatre conserv\u00e9es au froid gr\u00e2ce \u00e0 l'espace de rangement pour les grandes bouteilles et \u00e0 notre distributeur de boissons Danby CanStor tr\u00e8s pratique. Il y a aussi beaucoup d'espace pour une vari\u00e9t\u00e9 d'aliments sur une tablette amovible et demie et sur les tablettes de porte int\u00e9gr\u00e9es. La charni\u00e8re de porte r\u00e9versible permet aux utilisateurs d'ouvrir le r\u00e9frig\u00e9rateur \u00e0 gauche ou \u00e0 droite, ce qui vous permet de le placer n'importe o\u00f9 dans votre maison. Le DCR033B1WM b\u00e9n\u00e9ficie \u00e9galement d'une garantie de 12 mois sur toutes les pi\u00e8ces et la main-d'\u0153uvre. Si votre r\u00e9frig\u00e9rateur principal commence \u00e0 d\u00e9border, voici l'option de r\u00e9frig\u00e9rateur secondaire qu'il vous faut !","breadcrumb":[],"inLanguage":"fr-CA","potentialAction":[{"@type":"ReadAction","target":["https:\/\/www.danby.com\/fr\/products\/refrigeration-compact\/dcr033b2wm\/"]}]},{"@type":"ImageObject","inLanguage":"fr-CA","url":"https:\/\/www.danby.com\/fr\/wp-content\/uploads\/sites\/2\/2025\/09\/dcr033b2wm-thumbnail.jpg","contentUrl":"https:\/\/www.danby.com\/fr\/wp-content\/uploads\/sites\/2\/2025\/09\/dcr033b2wm-thumbnail.jpg","width":768,"height":1024},{"@type":"BreadcrumbList","itemListElement":[{"@type":"ListItem","position":1,"name":"Home","item":"https:\/\/www.danby.com\/fr\/"},{"@type":"ListItem","position":2,"name":"Boutique","item":"https:\/\/www.danby.com\/fr\/boutique\/"},{"@type":"ListItem","position":3,"name":"R\u00e9frig\u00e9rateur compact Danby Diplomat de 3,3 pi3 en blanc"}]},{"@type":"WebSite","url":"https:\/\/www.danby.com\/fr\/","name":"Danby - Canada - French","description":"Leader dans le domaine de la r\u00e9frig\u00e9ration et des appareils sp\u00e9cialis\u00e9s","publisher":[],"potentialAction":[{"@type":"SearchAction","target":{"@type":"EntryPoint","urlTemplate":"https:\/\/www.danby.com\/fr\/?s={search_term_string}"},"query-input":{"@type":"PropertyValueSpecification","valueRequired":true,"valueName":"search_term_string"}}],"inLanguage":"fr-CA"},{"@type":"Organization","name":"Danby Appliances","url":"https:\/\/www.danby.com\/fr\/","logo":{"@type":"ImageObject","inLanguage":"fr-CA","url":"https:\/\/cdnweb.danby.com\/wp-content\/uploads\/sites\/2\/2022\/02\/10141906\/Danby75Ans_Blue.png","contentUrl":"https:\/\/cdnweb.danby.com\/wp-content\/uploads\/sites\/2\/2022\/02\/10141906\/Danby75Ans_Blue.png","width":470,"height":110,"caption":"Danby Appliances"},"image":[],"sameAs":["https:\/\/www.facebook.com\/DanbyAppliances","https:\/\/x.com\/DanbyAppliance","https:\/\/instagram.com\/danbyappliances\/","https:\/\/www.linkedin.com\/company\/danbyappliances","https:\/\/www.pinterest.ca\/danbyappliances\/","https:\/\/www.youtube.com\/user\/DanbyProducts","https:\/\/en.wikipedia.org\/wiki\/Danby_(appliances)"]}]}},"post_mailing_queue_ids":[],"_links":{"self":[{"href":"https:\/\/www.danby.com\/fr\/wp-json\/wp\/v2\/product\/24261","targetHints":{"allow":["GET"]}}],"collection":[{"href":"https:\/\/www.danby.com\/fr\/wp-json\/wp\/v2\/product"}],"about":[{"href":"https:\/\/www.danby.com\/fr\/wp-json\/wp\/v2\/types\/product"}],"replies":[{"embeddable":true,"href":"https:\/\/www.danby.com\/fr\/wp-json\/wp\/v2\/comments?post=24261"}],"wp:featuredmedia":[{"embeddable":true,"href":"https:\/\/www.danby.com\/fr\/wp-json\/wp\/v2\/media\/34810"}],"wp:attachment":[{"href":"https:\/\/www.danby.com\/fr\/wp-json\/wp\/v2\/media?parent=24261"}],"wp:term":[{"taxonomy":"product_brand","embeddable":true,"href":"https:\/\/www.danby.com\/fr\/wp-json\/wp\/v2\/product_brand?post=24261"},{"taxonomy":"product_cat","embeddable":true,"href":"https:\/\/www.danby.com\/fr\/wp-json\/wp\/v2\/product_cat?post=24261"},{"taxonomy":"product_tag","embeddable":true,"href":"https:\/\/www.danby.com\/fr\/wp-json\/wp\/v2\/product_tag?post=24261"}],"curies":[{"name":"wp","href":"https:\/\/api.w.org\/{rel}","templated":true}]}}