{"id":24237,"date":"2023-07-18T13:23:36","date_gmt":"2023-07-18T13:23:36","guid":{"rendered":"https:\/\/www.danby.com\/fr\/products\/uncategorized\/ddr050bj2wdb-me\/"},"modified":"2026-04-19T09:07:59","modified_gmt":"2026-04-19T09:07:59","slug":"ddr050bj2wdb-me","status":"publish","type":"product","link":"https:\/\/www.danby.com\/fr\/products\/deshumidificateurs\/ddr050bj2wdb-me\/","title":{"rendered":"Danby D\u00e9shumidificateur 50 pintes en blanc"},"content":{"rendered":"","protected":false},"excerpt":{"rendered":"<ul>\n<li>D\u00e9shumidificateur pinte (23,6 L) : contr\u00f4le l&#8217;humidit\u00e9 dans les espaces jusqu&#8217;\u00e0 3 000 pieds carr\u00e9s.<\/li>\n<li>D\u00e9shumidification intelligente : l&#8217;unit\u00e9 contr\u00f4le automatiquement l&#8217;humidit\u00e9 de la pi\u00e8ce en tenant compte de la temp\u00e9rature ambiante<\/li>\n<li>La fonction de vidange directe permet un fonctionnement continu<\/li>\n<li>ENERGY STAR\u00ae Certifi\u00e9<\/li>\n<li>Commandes \u00e9lectroniques avec affichage LED<\/li>\n<li>Ventilateur puissant \u00e0 2 vitesses<\/li>\n<li>Red\u00e9marrage automatique : l&#8217;unit\u00e9 red\u00e9marre automatiquement apr\u00e8s une panne de courant<\/li>\n<li>D\u00e9givreur automatique : emp\u00eache l&#8217;accumulation de givre<\/li>\n<li>Minuterie programmable 24 heures<\/li>\n<li>Fonction basse temp\u00e9rature : l&#8217;unit\u00e9 fonctionne \u00e0 des temp\u00e9ratures aussi basses que 5 \u00b0C<\/li>\n<li>4 roulettes pour un transport facile d&#8217;une pi\u00e8ce \u00e0 l&#8217;autre<\/li>\n<li>Filtre r\u00e9utilisable et lavable<\/li>\n<\/ul>\n","protected":false},"featured_media":35209,"comment_status":"open","ping_status":"closed","template":"","meta":{"_acf_changed":false},"product_brand":[],"product_cat":[23],"product_tag":[],"class_list":{"0":"post-24237","1":"product","2":"type-product","3":"status-publish","4":"has-post-thumbnail","6":"product_cat-deshumidificateurs","7":"pa_couleur-white","8":"pa_duree-de-la-garantie-en-mois-1169","10":"first","11":"outofstock","12":"taxable","13":"shipping-taxable","14":"purchasable","15":"product-type-simple"},"acf":[],"yoast_head":"<!-- This site is optimized with the Yoast SEO plugin v26.7 - https:\/\/yoast.com\/wordpress\/plugins\/seo\/ -->\n<title>Danby D\u00e9shumidificateur 50 pintes en blanc - DDR050BJ2WDB-ME | Danby Canada<\/title>\n<meta name=\"description\" content=\"Ce d\u00e9shumidificateur Danby de 50 pintes aide \u00e0 prot\u00e9ger votre maison de l&#039;humidit\u00e9 en \u00e9liminant jusqu&#039;\u00e0 23,6 L d&#039;humidit\u00e9 par jour. Id\u00e9al pour les espaces jusqu&#039;\u00e0 3 000 pieds carr\u00e9s, le d\u00e9shumidificateur Danby dispose d&#039;une fonction de red\u00e9marrage automatique qui red\u00e9marre votre appareil apr\u00e8s une panne de courant et d&#039;un d\u00e9givreur automatique pour \u00e9viter l&#039;accumulation de givre. Les 4 roulettes facilitent le d\u00e9placement d&#039;une pi\u00e8ce \u00e0 l&#039;autre et la fonction Smart Dehumidify lui permet de contr\u00f4ler automatiquement l&#039;humidit\u00e9 de la pi\u00e8ce en tenant compte des temp\u00e9ratures ambiantes. L&#039;unit\u00e9 est certifi\u00e9e Energy Star\u00ae, elle fonctionne donc de mani\u00e8re \u00e9conomique, m\u00eame dans des environnements tr\u00e8s humides. Ce mod\u00e8le est \u00e9galement dot\u00e9 de commandes \u00e9lectroniques faciles \u00e0 utiliser avec affichage \u00e0 DEL, d&#039;un filtre r\u00e9utilisable\/lavable et d&#039;un puissant ventilateur \u00e0 2 vitesses!\" \/>\n<meta name=\"robots\" content=\"index, follow, max-snippet:-1, max-image-preview:large, max-video-preview:-1\" \/>\n<link rel=\"canonical\" href=\"https:\/\/www.danby.com\/fr\/products\/deshumidificateurs\/ddr050bj2wdb-me\/\" \/>\n<meta property=\"og:locale\" content=\"fr_CA\" \/>\n<meta property=\"og:type\" content=\"article\" \/>\n<meta property=\"og:title\" content=\"Danby D\u00e9shumidificateur 50 pintes en blanc - DDR050BJ2WDB-ME | Danby Canada\" \/>\n<meta property=\"og:description\" content=\"Ce d\u00e9shumidificateur Danby de 50 pintes aide \u00e0 prot\u00e9ger votre maison de l&#039;humidit\u00e9 en \u00e9liminant jusqu&#039;\u00e0 23,6 L d&#039;humidit\u00e9 par jour. Id\u00e9al pour les espaces jusqu&#039;\u00e0 3 000 pieds carr\u00e9s, le d\u00e9shumidificateur Danby dispose d&#039;une fonction de red\u00e9marrage automatique qui red\u00e9marre votre appareil apr\u00e8s une panne de courant et d&#039;un d\u00e9givreur automatique pour \u00e9viter l&#039;accumulation de givre. Les 4 roulettes facilitent le d\u00e9placement d&#039;une pi\u00e8ce \u00e0 l&#039;autre et la fonction Smart Dehumidify lui permet de contr\u00f4ler automatiquement l&#039;humidit\u00e9 de la pi\u00e8ce en tenant compte des temp\u00e9ratures ambiantes. L&#039;unit\u00e9 est certifi\u00e9e Energy Star\u00ae, elle fonctionne donc de mani\u00e8re \u00e9conomique, m\u00eame dans des environnements tr\u00e8s humides. Ce mod\u00e8le est \u00e9galement dot\u00e9 de commandes \u00e9lectroniques faciles \u00e0 utiliser avec affichage \u00e0 DEL, d&#039;un filtre r\u00e9utilisable\/lavable et d&#039;un puissant ventilateur \u00e0 2 vitesses!\" \/>\n<meta property=\"og:url\" content=\"https:\/\/www.danby.com\/fr\/products\/deshumidificateurs\/ddr050bj2wdb-me\/\" \/>\n<meta property=\"og:site_name\" content=\"Danby - Canada - French\" \/>\n<meta property=\"article:publisher\" content=\"https:\/\/www.facebook.com\/DanbyAppliances\" \/>\n<meta property=\"article:modified_time\" content=\"2026-04-19T09:07:59+00:00\" \/>\n<meta property=\"og:image\" content=\"https:\/\/cdnweb.danby.com\/wp-content\/uploads\/sites\/2\/2023\/11\/29214202\/Thumbnail__0004_DDR050BJ2WDB-ME_WP.jpg\" \/>\n\t<meta property=\"og:image:width\" content=\"1125\" \/>\n\t<meta property=\"og:image:height\" content=\"1500\" \/>\n\t<meta property=\"og:image:type\" content=\"image\/jpeg\" \/>\n<meta name=\"twitter:card\" content=\"summary_large_image\" \/>\n<meta name=\"twitter:site\" content=\"@DanbyAppliance\" \/>\n<script type=\"application\/ld+json\" class=\"yoast-schema-graph\">{\"@context\":\"https:\/\/schema.org\",\"@graph\":[{\"@type\":[\"WebPage\",\"ItemPage\"],\"url\":\"https:\/\/www.danby.com\/fr\/products\/deshumidificateurs\/ddr050bj2wdb-me\/\",\"name\":\"Danby D\u00e9shumidificateur 50 pintes en blanc - DDR050BJ2WDB-ME | Danby Canada\",\"isPartOf\":[],\"primaryImageOfPage\":[],\"image\":[],\"thumbnailUrl\":\"https:\/\/www.danby.com\/fr\/wp-content\/uploads\/sites\/2\/2025\/09\/ddr050bj2wdb-me-thumbnail.jpg\",\"datePublished\":\"2023-07-18T13:23:36+00:00\",\"dateModified\":\"2026-04-19T09:07:59+00:00\",\"description\":\"Ce d\u00e9shumidificateur Danby de 50 pintes aide \u00e0 prot\u00e9ger votre maison de l'humidit\u00e9 en \u00e9liminant jusqu'\u00e0 23,6 L d'humidit\u00e9 par jour. Id\u00e9al pour les espaces jusqu'\u00e0 3 000 pieds carr\u00e9s, le d\u00e9shumidificateur Danby dispose d'une fonction de red\u00e9marrage automatique qui red\u00e9marre votre appareil apr\u00e8s une panne de courant et d'un d\u00e9givreur automatique pour \u00e9viter l'accumulation de givre. Les 4 roulettes facilitent le d\u00e9placement d'une pi\u00e8ce \u00e0 l'autre et la fonction Smart Dehumidify lui permet de contr\u00f4ler automatiquement l'humidit\u00e9 de la pi\u00e8ce en tenant compte des temp\u00e9ratures ambiantes. L'unit\u00e9 est certifi\u00e9e Energy Star\u00ae, elle fonctionne donc de mani\u00e8re \u00e9conomique, m\u00eame dans des environnements tr\u00e8s humides. Ce mod\u00e8le est \u00e9galement dot\u00e9 de commandes \u00e9lectroniques faciles \u00e0 utiliser avec affichage \u00e0 DEL, d'un filtre r\u00e9utilisable\/lavable et d'un puissant ventilateur \u00e0 2 vitesses!\",\"breadcrumb\":[],\"inLanguage\":\"fr-CA\",\"potentialAction\":[{\"@type\":\"ReadAction\",\"target\":[\"https:\/\/www.danby.com\/fr\/products\/deshumidificateurs\/ddr050bj2wdb-me\/\"]}]},{\"@type\":\"ImageObject\",\"inLanguage\":\"fr-CA\",\"url\":\"https:\/\/www.danby.com\/fr\/wp-content\/uploads\/sites\/2\/2025\/09\/ddr050bj2wdb-me-thumbnail.jpg\",\"contentUrl\":\"https:\/\/www.danby.com\/fr\/wp-content\/uploads\/sites\/2\/2025\/09\/ddr050bj2wdb-me-thumbnail.jpg\",\"width\":768,\"height\":1024},{\"@type\":\"BreadcrumbList\",\"itemListElement\":[{\"@type\":\"ListItem\",\"position\":1,\"name\":\"Home\",\"item\":\"https:\/\/www.danby.com\/fr\/\"},{\"@type\":\"ListItem\",\"position\":2,\"name\":\"Boutique\",\"item\":\"https:\/\/www.danby.com\/fr\/boutique\/\"},{\"@type\":\"ListItem\",\"position\":3,\"name\":\"Danby D\u00e9shumidificateur 50 pintes\"}]},{\"@type\":\"WebSite\",\"url\":\"https:\/\/www.danby.com\/fr\/\",\"name\":\"Danby - Canada - French\",\"description\":\"Leader dans le domaine de la r\u00e9frig\u00e9ration et des appareils sp\u00e9cialis\u00e9s\",\"publisher\":[],\"potentialAction\":[{\"@type\":\"SearchAction\",\"target\":{\"@type\":\"EntryPoint\",\"urlTemplate\":\"https:\/\/www.danby.com\/fr\/?s={search_term_string}\"},\"query-input\":{\"@type\":\"PropertyValueSpecification\",\"valueRequired\":true,\"valueName\":\"search_term_string\"}}],\"inLanguage\":\"fr-CA\"},{\"@type\":\"Organization\",\"name\":\"Danby Appliances\",\"url\":\"https:\/\/www.danby.com\/fr\/\",\"logo\":{\"@type\":\"ImageObject\",\"inLanguage\":\"fr-CA\",\"url\":\"https:\/\/cdnweb.danby.com\/wp-content\/uploads\/sites\/2\/2022\/02\/10141906\/Danby75Ans_Blue.png\",\"contentUrl\":\"https:\/\/cdnweb.danby.com\/wp-content\/uploads\/sites\/2\/2022\/02\/10141906\/Danby75Ans_Blue.png\",\"width\":470,\"height\":110,\"caption\":\"Danby Appliances\"},\"image\":[],\"sameAs\":[\"https:\/\/www.facebook.com\/DanbyAppliances\",\"https:\/\/x.com\/DanbyAppliance\",\"https:\/\/instagram.com\/danbyappliances\/\",\"https:\/\/www.linkedin.com\/company\/danbyappliances\",\"https:\/\/www.pinterest.ca\/danbyappliances\/\",\"https:\/\/www.youtube.com\/user\/DanbyProducts\",\"https:\/\/en.wikipedia.org\/wiki\/Danby_(appliances)\"]}]}<\/script>\n<!-- \/ Yoast SEO plugin. -->","yoast_head_json":{"title":"Danby D\u00e9shumidificateur 50 pintes en blanc - DDR050BJ2WDB-ME | Danby Canada","description":"Ce d\u00e9shumidificateur Danby de 50 pintes aide \u00e0 prot\u00e9ger votre maison de l'humidit\u00e9 en \u00e9liminant jusqu'\u00e0 23,6 L d'humidit\u00e9 par jour. Id\u00e9al pour les espaces jusqu'\u00e0 3 000 pieds carr\u00e9s, le d\u00e9shumidificateur Danby dispose d'une fonction de red\u00e9marrage automatique qui red\u00e9marre votre appareil apr\u00e8s une panne de courant et d'un d\u00e9givreur automatique pour \u00e9viter l'accumulation de givre. Les 4 roulettes facilitent le d\u00e9placement d'une pi\u00e8ce \u00e0 l'autre et la fonction Smart Dehumidify lui permet de contr\u00f4ler automatiquement l'humidit\u00e9 de la pi\u00e8ce en tenant compte des temp\u00e9ratures ambiantes. L'unit\u00e9 est certifi\u00e9e Energy Star\u00ae, elle fonctionne donc de mani\u00e8re \u00e9conomique, m\u00eame dans des environnements tr\u00e8s humides. Ce mod\u00e8le est \u00e9galement dot\u00e9 de commandes \u00e9lectroniques faciles \u00e0 utiliser avec affichage \u00e0 DEL, d'un filtre r\u00e9utilisable\/lavable et d'un puissant ventilateur \u00e0 2 vitesses!","robots":{"index":"index","follow":"follow","max-snippet":"max-snippet:-1","max-image-preview":"max-image-preview:large","max-video-preview":"max-video-preview:-1"},"canonical":"https:\/\/www.danby.com\/fr\/products\/deshumidificateurs\/ddr050bj2wdb-me\/","og_locale":"fr_CA","og_type":"article","og_title":"Danby D\u00e9shumidificateur 50 pintes en blanc - DDR050BJ2WDB-ME | Danby Canada","og_description":"Ce d\u00e9shumidificateur Danby de 50 pintes aide \u00e0 prot\u00e9ger votre maison de l'humidit\u00e9 en \u00e9liminant jusqu'\u00e0 23,6 L d'humidit\u00e9 par jour. Id\u00e9al pour les espaces jusqu'\u00e0 3 000 pieds carr\u00e9s, le d\u00e9shumidificateur Danby dispose d'une fonction de red\u00e9marrage automatique qui red\u00e9marre votre appareil apr\u00e8s une panne de courant et d'un d\u00e9givreur automatique pour \u00e9viter l'accumulation de givre. Les 4 roulettes facilitent le d\u00e9placement d'une pi\u00e8ce \u00e0 l'autre et la fonction Smart Dehumidify lui permet de contr\u00f4ler automatiquement l'humidit\u00e9 de la pi\u00e8ce en tenant compte des temp\u00e9ratures ambiantes. L'unit\u00e9 est certifi\u00e9e Energy Star\u00ae, elle fonctionne donc de mani\u00e8re \u00e9conomique, m\u00eame dans des environnements tr\u00e8s humides. Ce mod\u00e8le est \u00e9galement dot\u00e9 de commandes \u00e9lectroniques faciles \u00e0 utiliser avec affichage \u00e0 DEL, d'un filtre r\u00e9utilisable\/lavable et d'un puissant ventilateur \u00e0 2 vitesses!","og_url":"https:\/\/www.danby.com\/fr\/products\/deshumidificateurs\/ddr050bj2wdb-me\/","og_site_name":"Danby - Canada - French","article_publisher":"https:\/\/www.facebook.com\/DanbyAppliances","article_modified_time":"2026-04-19T09:07:59+00:00","og_image":[{"width":1125,"height":1500,"url":"https:\/\/cdnweb.danby.com\/wp-content\/uploads\/sites\/2\/2023\/11\/29214202\/Thumbnail__0004_DDR050BJ2WDB-ME_WP.jpg","type":"image\/jpeg"}],"twitter_card":"summary_large_image","twitter_site":"@DanbyAppliance","schema":{"@context":"https:\/\/schema.org","@graph":[{"@type":["WebPage","ItemPage"],"url":"https:\/\/www.danby.com\/fr\/products\/deshumidificateurs\/ddr050bj2wdb-me\/","name":"Danby D\u00e9shumidificateur 50 pintes en blanc - DDR050BJ2WDB-ME | Danby Canada","isPartOf":[],"primaryImageOfPage":[],"image":[],"thumbnailUrl":"https:\/\/www.danby.com\/fr\/wp-content\/uploads\/sites\/2\/2025\/09\/ddr050bj2wdb-me-thumbnail.jpg","datePublished":"2023-07-18T13:23:36+00:00","dateModified":"2026-04-19T09:07:59+00:00","description":"Ce d\u00e9shumidificateur Danby de 50 pintes aide \u00e0 prot\u00e9ger votre maison de l'humidit\u00e9 en \u00e9liminant jusqu'\u00e0 23,6 L d'humidit\u00e9 par jour. Id\u00e9al pour les espaces jusqu'\u00e0 3 000 pieds carr\u00e9s, le d\u00e9shumidificateur Danby dispose d'une fonction de red\u00e9marrage automatique qui red\u00e9marre votre appareil apr\u00e8s une panne de courant et d'un d\u00e9givreur automatique pour \u00e9viter l'accumulation de givre. Les 4 roulettes facilitent le d\u00e9placement d'une pi\u00e8ce \u00e0 l'autre et la fonction Smart Dehumidify lui permet de contr\u00f4ler automatiquement l'humidit\u00e9 de la pi\u00e8ce en tenant compte des temp\u00e9ratures ambiantes. L'unit\u00e9 est certifi\u00e9e Energy Star\u00ae, elle fonctionne donc de mani\u00e8re \u00e9conomique, m\u00eame dans des environnements tr\u00e8s humides. Ce mod\u00e8le est \u00e9galement dot\u00e9 de commandes \u00e9lectroniques faciles \u00e0 utiliser avec affichage \u00e0 DEL, d'un filtre r\u00e9utilisable\/lavable et d'un puissant ventilateur \u00e0 2 vitesses!","breadcrumb":[],"inLanguage":"fr-CA","potentialAction":[{"@type":"ReadAction","target":["https:\/\/www.danby.com\/fr\/products\/deshumidificateurs\/ddr050bj2wdb-me\/"]}]},{"@type":"ImageObject","inLanguage":"fr-CA","url":"https:\/\/www.danby.com\/fr\/wp-content\/uploads\/sites\/2\/2025\/09\/ddr050bj2wdb-me-thumbnail.jpg","contentUrl":"https:\/\/www.danby.com\/fr\/wp-content\/uploads\/sites\/2\/2025\/09\/ddr050bj2wdb-me-thumbnail.jpg","width":768,"height":1024},{"@type":"BreadcrumbList","itemListElement":[{"@type":"ListItem","position":1,"name":"Home","item":"https:\/\/www.danby.com\/fr\/"},{"@type":"ListItem","position":2,"name":"Boutique","item":"https:\/\/www.danby.com\/fr\/boutique\/"},{"@type":"ListItem","position":3,"name":"Danby D\u00e9shumidificateur 50 pintes"}]},{"@type":"WebSite","url":"https:\/\/www.danby.com\/fr\/","name":"Danby - Canada - French","description":"Leader dans le domaine de la r\u00e9frig\u00e9ration et des appareils sp\u00e9cialis\u00e9s","publisher":[],"potentialAction":[{"@type":"SearchAction","target":{"@type":"EntryPoint","urlTemplate":"https:\/\/www.danby.com\/fr\/?s={search_term_string}"},"query-input":{"@type":"PropertyValueSpecification","valueRequired":true,"valueName":"search_term_string"}}],"inLanguage":"fr-CA"},{"@type":"Organization","name":"Danby Appliances","url":"https:\/\/www.danby.com\/fr\/","logo":{"@type":"ImageObject","inLanguage":"fr-CA","url":"https:\/\/cdnweb.danby.com\/wp-content\/uploads\/sites\/2\/2022\/02\/10141906\/Danby75Ans_Blue.png","contentUrl":"https:\/\/cdnweb.danby.com\/wp-content\/uploads\/sites\/2\/2022\/02\/10141906\/Danby75Ans_Blue.png","width":470,"height":110,"caption":"Danby Appliances"},"image":[],"sameAs":["https:\/\/www.facebook.com\/DanbyAppliances","https:\/\/x.com\/DanbyAppliance","https:\/\/instagram.com\/danbyappliances\/","https:\/\/www.linkedin.com\/company\/danbyappliances","https:\/\/www.pinterest.ca\/danbyappliances\/","https:\/\/www.youtube.com\/user\/DanbyProducts","https:\/\/en.wikipedia.org\/wiki\/Danby_(appliances)"]}]}},"post_mailing_queue_ids":[],"_links":{"self":[{"href":"https:\/\/www.danby.com\/fr\/wp-json\/wp\/v2\/product\/24237","targetHints":{"allow":["GET"]}}],"collection":[{"href":"https:\/\/www.danby.com\/fr\/wp-json\/wp\/v2\/product"}],"about":[{"href":"https:\/\/www.danby.com\/fr\/wp-json\/wp\/v2\/types\/product"}],"replies":[{"embeddable":true,"href":"https:\/\/www.danby.com\/fr\/wp-json\/wp\/v2\/comments?post=24237"}],"wp:featuredmedia":[{"embeddable":true,"href":"https:\/\/www.danby.com\/fr\/wp-json\/wp\/v2\/media\/35209"}],"wp:attachment":[{"href":"https:\/\/www.danby.com\/fr\/wp-json\/wp\/v2\/media?parent=24237"}],"wp:term":[{"taxonomy":"product_brand","embeddable":true,"href":"https:\/\/www.danby.com\/fr\/wp-json\/wp\/v2\/product_brand?post=24237"},{"taxonomy":"product_cat","embeddable":true,"href":"https:\/\/www.danby.com\/fr\/wp-json\/wp\/v2\/product_cat?post=24237"},{"taxonomy":"product_tag","embeddable":true,"href":"https:\/\/www.danby.com\/fr\/wp-json\/wp\/v2\/product_tag?post=24237"}],"curies":[{"name":"wp","href":"https:\/\/api.w.org\/{rel}","templated":true}]}}