{"id":20768,"date":"2023-04-04T19:40:57","date_gmt":"2023-04-04T19:40:57","guid":{"rendered":"https:\/\/www.danby.com\/fr\/products\/uncategorized\/dcf100a6wm\/"},"modified":"2026-04-05T10:05:10","modified_gmt":"2026-04-05T10:05:10","slug":"dcf100a6wm","status":"publish","type":"product","link":"https:\/\/www.danby.com\/fr\/products\/congelateurs\/dcf100a6wm\/","title":{"rendered":"Danby Mod\u00e8le carr\u00e9 de cong\u00e9lateur coffre de 10,0 pi3"},"content":{"rendered":"","protected":false},"excerpt":{"rendered":"<ul>\n<li>Capacit\u00e9 de 10 pi3 (283,17 litres) : Stockez davantage de vos aliments surgel\u00e9s pr\u00e9f\u00e9r\u00e9s et optimisez le stockage des aliments en vrac.<\/li>\n<li>Thermostat m\u00e9canique mont\u00e9 \u00e0 l&#8217;avant : Facile \u00e0 utiliser, plage de temp\u00e9rature variable r\u00e9glable<\/li>\n<li>D\u00e9givrage manuel avec drain mont\u00e9 \u00e0 l&#8217;avant : Le drain permet d&#8217;\u00e9vacuer facilement l&#8217;eau pendant le d\u00e9givrage.<\/li>\n<li>2 pattes de mise \u00e0 niveau \u00e0 l&#8217;avant et 2 roulettes \u00e0 l&#8217;arri\u00e8re pour faciliter les d\u00e9placements.<\/li>\n<li>T\u00e9moin lumineux de mise sous tension : vous permet de savoir que votre cong\u00e9lateur fonctionne.<\/li>\n<li>Conforme au DOE : Efficacit\u00e9 \u00e9nerg\u00e9tique pour vous aider \u00e0 \u00e9conomiser de l&#8217;argent sans sacrifier les performances.<\/li>\n<li>Pr\u00eat pour le garage : Le cong\u00e9lateur peut fonctionner \u00e0 des temp\u00e9ratures allant de 0 \u00b0F \u00e0 110 \u00b0F (-17 \u00b0C \u00e0 43 \u00b0C).<\/li>\n<li>Garantie de 12 mois sur le transport : Garantie leader du secteur pour une tranquillit\u00e9 d&#8217;esprit.<\/li>\n<\/ul>\n","protected":false},"featured_media":35090,"comment_status":"open","ping_status":"closed","template":"","meta":{"_acf_changed":false},"product_brand":[],"product_cat":[27],"product_tag":[],"class_list":{"0":"post-20768","1":"product","2":"type-product","3":"status-publish","4":"has-post-thumbnail","6":"product_cat-congelateurs","8":"first","9":"instock","10":"taxable","11":"shipping-taxable","12":"product-type-simple"},"acf":[],"yoast_head":"<!-- This site is optimized with the Yoast SEO plugin v26.7 - https:\/\/yoast.com\/wordpress\/plugins\/seo\/ -->\n<title>Danby Mod\u00e8le carr\u00e9 de cong\u00e9lateur coffre de 10,0 pi3 - DCF100A6WM | Danby Canada<\/title>\n<meta name=\"description\" content=\"Le cong\u00e9lateur coffre Danby Diplomat 10,0 pi3 est une solution id\u00e9ale pour les m\u00e9nages, les chalets, les bureaux ou tout autre endroit n\u00e9cessitant un espace de stockage suppl\u00e9mentaire pour les aliments congel\u00e9s. Notre voyant de mise en marche vous permet de confirmer la s\u00e9curit\u00e9 de la conservation de vos aliments congel\u00e9s de fa\u00e7on rapide et pratique. Ce mod\u00e8le est pr\u00eat pour le garage et peut maintenir une operation optimale avec des fluctuations de temp\u00e9rature externes de 0 \u00b0F \u00e0 110 \u00b0F (-17 \u00b0C \u00e0 43 \u00b0C). Le syst\u00e8me de refroidissement \u00e0 360 degr\u00e9s utilise des serpentins en forme de D qui \u00e9pousent parfaitement la paroi int\u00e9rieure afin d&#039;optimiser le temps de cong\u00e9lation des aliments nouvellement ajout\u00e9s dans le cong\u00e9lateur, ce qui am\u00e9liore la preservation des nutriments. Ce mod\u00e8le est conforme aux normes DOE, ce qui vous permet d&#039;\u00e9conomiser de l&#039;\u00e9nergie et de l&#039;argent. Ce cong\u00e9lateur peut \u00eatre plac\u00e9 plus pr\u00e8s des murs gr\u00e2ce aux nouvelles charni\u00e8res \u00e0 contrepoids \u00e0 profil plus fin. En outre, les charni\u00e8res permettent au couvercle de rester ouvert \u00e0 n&#039;importe quel angle, ce qui facilite l&#039;acc\u00e8s. Le cong\u00e9lateur est \u00e9quip\u00e9 d&#039;un panier de rangement amovible pour vous aider \u00e0 s\u00e9parer et \u00e0 organiser vos aliments.\" \/>\n<meta name=\"robots\" content=\"index, follow, max-snippet:-1, max-image-preview:large, max-video-preview:-1\" \/>\n<link rel=\"canonical\" href=\"https:\/\/www.danby.com\/fr\/products\/congelateurs\/dcf100a6wm\/\" \/>\n<meta property=\"og:locale\" content=\"fr_CA\" \/>\n<meta property=\"og:type\" content=\"article\" \/>\n<meta property=\"og:title\" content=\"Danby Mod\u00e8le carr\u00e9 de cong\u00e9lateur coffre de 10,0 pi3 - DCF100A6WM | Danby Canada\" \/>\n<meta property=\"og:description\" content=\"Le cong\u00e9lateur coffre Danby Diplomat 10,0 pi3 est une solution id\u00e9ale pour les m\u00e9nages, les chalets, les bureaux ou tout autre endroit n\u00e9cessitant un espace de stockage suppl\u00e9mentaire pour les aliments congel\u00e9s. Notre voyant de mise en marche vous permet de confirmer la s\u00e9curit\u00e9 de la conservation de vos aliments congel\u00e9s de fa\u00e7on rapide et pratique. Ce mod\u00e8le est pr\u00eat pour le garage et peut maintenir une operation optimale avec des fluctuations de temp\u00e9rature externes de 0 \u00b0F \u00e0 110 \u00b0F (-17 \u00b0C \u00e0 43 \u00b0C). Le syst\u00e8me de refroidissement \u00e0 360 degr\u00e9s utilise des serpentins en forme de D qui \u00e9pousent parfaitement la paroi int\u00e9rieure afin d&#039;optimiser le temps de cong\u00e9lation des aliments nouvellement ajout\u00e9s dans le cong\u00e9lateur, ce qui am\u00e9liore la preservation des nutriments. Ce mod\u00e8le est conforme aux normes DOE, ce qui vous permet d&#039;\u00e9conomiser de l&#039;\u00e9nergie et de l&#039;argent. Ce cong\u00e9lateur peut \u00eatre plac\u00e9 plus pr\u00e8s des murs gr\u00e2ce aux nouvelles charni\u00e8res \u00e0 contrepoids \u00e0 profil plus fin. En outre, les charni\u00e8res permettent au couvercle de rester ouvert \u00e0 n&#039;importe quel angle, ce qui facilite l&#039;acc\u00e8s. Le cong\u00e9lateur est \u00e9quip\u00e9 d&#039;un panier de rangement amovible pour vous aider \u00e0 s\u00e9parer et \u00e0 organiser vos aliments.\" \/>\n<meta property=\"og:url\" content=\"https:\/\/www.danby.com\/fr\/products\/congelateurs\/dcf100a6wm\/\" \/>\n<meta property=\"og:site_name\" content=\"Danby - Canada - French\" \/>\n<meta property=\"article:publisher\" content=\"https:\/\/www.facebook.com\/DanbyAppliances\" \/>\n<meta property=\"article:modified_time\" content=\"2026-04-05T10:05:10+00:00\" \/>\n<meta property=\"og:image\" content=\"https:\/\/cdnweb.danby.com\/wp-content\/uploads\/sites\/2\/2023\/11\/22143552\/Thumbnail__0040_DCF100A6WM.jpg\" \/>\n\t<meta property=\"og:image:width\" content=\"1125\" \/>\n\t<meta property=\"og:image:height\" content=\"1500\" \/>\n\t<meta property=\"og:image:type\" content=\"image\/jpeg\" \/>\n<meta name=\"twitter:card\" content=\"summary_large_image\" \/>\n<meta name=\"twitter:site\" content=\"@DanbyAppliance\" \/>\n<script type=\"application\/ld+json\" class=\"yoast-schema-graph\">{\"@context\":\"https:\/\/schema.org\",\"@graph\":[{\"@type\":[\"WebPage\",\"ItemPage\"],\"url\":\"https:\/\/www.danby.com\/fr\/products\/congelateurs\/dcf100a6wm\/\",\"name\":\"Danby Mod\u00e8le carr\u00e9 de cong\u00e9lateur coffre de 10,0 pi3 - DCF100A6WM | Danby Canada\",\"isPartOf\":[],\"primaryImageOfPage\":[],\"image\":[],\"thumbnailUrl\":\"https:\/\/www.danby.com\/fr\/wp-content\/uploads\/sites\/2\/2025\/09\/dcf100a6wm-front.jpg\",\"datePublished\":\"2023-04-04T19:40:57+00:00\",\"dateModified\":\"2026-04-05T10:05:10+00:00\",\"description\":\"Le cong\u00e9lateur coffre Danby Diplomat 10,0 pi3 est une solution id\u00e9ale pour les m\u00e9nages, les chalets, les bureaux ou tout autre endroit n\u00e9cessitant un espace de stockage suppl\u00e9mentaire pour les aliments congel\u00e9s. Notre voyant de mise en marche vous permet de confirmer la s\u00e9curit\u00e9 de la conservation de vos aliments congel\u00e9s de fa\u00e7on rapide et pratique. Ce mod\u00e8le est pr\u00eat pour le garage et peut maintenir une operation optimale avec des fluctuations de temp\u00e9rature externes de 0 \u00b0F \u00e0 110 \u00b0F (-17 \u00b0C \u00e0 43 \u00b0C). Le syst\u00e8me de refroidissement \u00e0 360 degr\u00e9s utilise des serpentins en forme de D qui \u00e9pousent parfaitement la paroi int\u00e9rieure afin d'optimiser le temps de cong\u00e9lation des aliments nouvellement ajout\u00e9s dans le cong\u00e9lateur, ce qui am\u00e9liore la preservation des nutriments. Ce mod\u00e8le est conforme aux normes DOE, ce qui vous permet d'\u00e9conomiser de l'\u00e9nergie et de l'argent. Ce cong\u00e9lateur peut \u00eatre plac\u00e9 plus pr\u00e8s des murs gr\u00e2ce aux nouvelles charni\u00e8res \u00e0 contrepoids \u00e0 profil plus fin. En outre, les charni\u00e8res permettent au couvercle de rester ouvert \u00e0 n'importe quel angle, ce qui facilite l'acc\u00e8s. Le cong\u00e9lateur est \u00e9quip\u00e9 d'un panier de rangement amovible pour vous aider \u00e0 s\u00e9parer et \u00e0 organiser vos aliments.\",\"breadcrumb\":[],\"inLanguage\":\"fr-CA\",\"potentialAction\":[{\"@type\":\"ReadAction\",\"target\":[\"https:\/\/www.danby.com\/fr\/products\/congelateurs\/dcf100a6wm\/\"]}]},{\"@type\":\"ImageObject\",\"inLanguage\":\"fr-CA\",\"url\":\"https:\/\/www.danby.com\/fr\/wp-content\/uploads\/sites\/2\/2025\/09\/dcf100a6wm-front.jpg\",\"contentUrl\":\"https:\/\/www.danby.com\/fr\/wp-content\/uploads\/sites\/2\/2025\/09\/dcf100a6wm-front.jpg\",\"width\":810,\"height\":1080},{\"@type\":\"BreadcrumbList\",\"itemListElement\":[{\"@type\":\"ListItem\",\"position\":1,\"name\":\"Home\",\"item\":\"https:\/\/www.danby.com\/fr\/\"},{\"@type\":\"ListItem\",\"position\":2,\"name\":\"Boutique\",\"item\":\"https:\/\/www.danby.com\/fr\/boutique\/\"},{\"@type\":\"ListItem\",\"position\":3,\"name\":\"Danby Mod\u00e8le carr\u00e9 de cong\u00e9lateur coffre de 10,0 pi3 DOE\"}]},{\"@type\":\"WebSite\",\"url\":\"https:\/\/www.danby.com\/fr\/\",\"name\":\"Danby - Canada - French\",\"description\":\"Leader dans le domaine de la r\u00e9frig\u00e9ration et des appareils sp\u00e9cialis\u00e9s\",\"publisher\":[],\"potentialAction\":[{\"@type\":\"SearchAction\",\"target\":{\"@type\":\"EntryPoint\",\"urlTemplate\":\"https:\/\/www.danby.com\/fr\/?s={search_term_string}\"},\"query-input\":{\"@type\":\"PropertyValueSpecification\",\"valueRequired\":true,\"valueName\":\"search_term_string\"}}],\"inLanguage\":\"fr-CA\"},{\"@type\":\"Organization\",\"name\":\"Danby Appliances\",\"url\":\"https:\/\/www.danby.com\/fr\/\",\"logo\":{\"@type\":\"ImageObject\",\"inLanguage\":\"fr-CA\",\"url\":\"https:\/\/cdnweb.danby.com\/wp-content\/uploads\/sites\/2\/2022\/02\/10141906\/Danby75Ans_Blue.png\",\"contentUrl\":\"https:\/\/cdnweb.danby.com\/wp-content\/uploads\/sites\/2\/2022\/02\/10141906\/Danby75Ans_Blue.png\",\"width\":470,\"height\":110,\"caption\":\"Danby Appliances\"},\"image\":[],\"sameAs\":[\"https:\/\/www.facebook.com\/DanbyAppliances\",\"https:\/\/x.com\/DanbyAppliance\",\"https:\/\/instagram.com\/danbyappliances\/\",\"https:\/\/www.linkedin.com\/company\/danbyappliances\",\"https:\/\/www.pinterest.ca\/danbyappliances\/\",\"https:\/\/www.youtube.com\/user\/DanbyProducts\",\"https:\/\/en.wikipedia.org\/wiki\/Danby_(appliances)\"]}]}<\/script>\n<!-- \/ Yoast SEO plugin. -->","yoast_head_json":{"title":"Danby Mod\u00e8le carr\u00e9 de cong\u00e9lateur coffre de 10,0 pi3 - DCF100A6WM | Danby Canada","description":"Le cong\u00e9lateur coffre Danby Diplomat 10,0 pi3 est une solution id\u00e9ale pour les m\u00e9nages, les chalets, les bureaux ou tout autre endroit n\u00e9cessitant un espace de stockage suppl\u00e9mentaire pour les aliments congel\u00e9s. Notre voyant de mise en marche vous permet de confirmer la s\u00e9curit\u00e9 de la conservation de vos aliments congel\u00e9s de fa\u00e7on rapide et pratique. Ce mod\u00e8le est pr\u00eat pour le garage et peut maintenir une operation optimale avec des fluctuations de temp\u00e9rature externes de 0 \u00b0F \u00e0 110 \u00b0F (-17 \u00b0C \u00e0 43 \u00b0C). Le syst\u00e8me de refroidissement \u00e0 360 degr\u00e9s utilise des serpentins en forme de D qui \u00e9pousent parfaitement la paroi int\u00e9rieure afin d'optimiser le temps de cong\u00e9lation des aliments nouvellement ajout\u00e9s dans le cong\u00e9lateur, ce qui am\u00e9liore la preservation des nutriments. Ce mod\u00e8le est conforme aux normes DOE, ce qui vous permet d'\u00e9conomiser de l'\u00e9nergie et de l'argent. Ce cong\u00e9lateur peut \u00eatre plac\u00e9 plus pr\u00e8s des murs gr\u00e2ce aux nouvelles charni\u00e8res \u00e0 contrepoids \u00e0 profil plus fin. En outre, les charni\u00e8res permettent au couvercle de rester ouvert \u00e0 n'importe quel angle, ce qui facilite l'acc\u00e8s. Le cong\u00e9lateur est \u00e9quip\u00e9 d'un panier de rangement amovible pour vous aider \u00e0 s\u00e9parer et \u00e0 organiser vos aliments.","robots":{"index":"index","follow":"follow","max-snippet":"max-snippet:-1","max-image-preview":"max-image-preview:large","max-video-preview":"max-video-preview:-1"},"canonical":"https:\/\/www.danby.com\/fr\/products\/congelateurs\/dcf100a6wm\/","og_locale":"fr_CA","og_type":"article","og_title":"Danby Mod\u00e8le carr\u00e9 de cong\u00e9lateur coffre de 10,0 pi3 - DCF100A6WM | Danby Canada","og_description":"Le cong\u00e9lateur coffre Danby Diplomat 10,0 pi3 est une solution id\u00e9ale pour les m\u00e9nages, les chalets, les bureaux ou tout autre endroit n\u00e9cessitant un espace de stockage suppl\u00e9mentaire pour les aliments congel\u00e9s. Notre voyant de mise en marche vous permet de confirmer la s\u00e9curit\u00e9 de la conservation de vos aliments congel\u00e9s de fa\u00e7on rapide et pratique. Ce mod\u00e8le est pr\u00eat pour le garage et peut maintenir une operation optimale avec des fluctuations de temp\u00e9rature externes de 0 \u00b0F \u00e0 110 \u00b0F (-17 \u00b0C \u00e0 43 \u00b0C). Le syst\u00e8me de refroidissement \u00e0 360 degr\u00e9s utilise des serpentins en forme de D qui \u00e9pousent parfaitement la paroi int\u00e9rieure afin d'optimiser le temps de cong\u00e9lation des aliments nouvellement ajout\u00e9s dans le cong\u00e9lateur, ce qui am\u00e9liore la preservation des nutriments. Ce mod\u00e8le est conforme aux normes DOE, ce qui vous permet d'\u00e9conomiser de l'\u00e9nergie et de l'argent. Ce cong\u00e9lateur peut \u00eatre plac\u00e9 plus pr\u00e8s des murs gr\u00e2ce aux nouvelles charni\u00e8res \u00e0 contrepoids \u00e0 profil plus fin. En outre, les charni\u00e8res permettent au couvercle de rester ouvert \u00e0 n'importe quel angle, ce qui facilite l'acc\u00e8s. Le cong\u00e9lateur est \u00e9quip\u00e9 d'un panier de rangement amovible pour vous aider \u00e0 s\u00e9parer et \u00e0 organiser vos aliments.","og_url":"https:\/\/www.danby.com\/fr\/products\/congelateurs\/dcf100a6wm\/","og_site_name":"Danby - Canada - French","article_publisher":"https:\/\/www.facebook.com\/DanbyAppliances","article_modified_time":"2026-04-05T10:05:10+00:00","og_image":[{"width":1125,"height":1500,"url":"https:\/\/cdnweb.danby.com\/wp-content\/uploads\/sites\/2\/2023\/11\/22143552\/Thumbnail__0040_DCF100A6WM.jpg","type":"image\/jpeg"}],"twitter_card":"summary_large_image","twitter_site":"@DanbyAppliance","schema":{"@context":"https:\/\/schema.org","@graph":[{"@type":["WebPage","ItemPage"],"url":"https:\/\/www.danby.com\/fr\/products\/congelateurs\/dcf100a6wm\/","name":"Danby Mod\u00e8le carr\u00e9 de cong\u00e9lateur coffre de 10,0 pi3 - DCF100A6WM | Danby Canada","isPartOf":[],"primaryImageOfPage":[],"image":[],"thumbnailUrl":"https:\/\/www.danby.com\/fr\/wp-content\/uploads\/sites\/2\/2025\/09\/dcf100a6wm-front.jpg","datePublished":"2023-04-04T19:40:57+00:00","dateModified":"2026-04-05T10:05:10+00:00","description":"Le cong\u00e9lateur coffre Danby Diplomat 10,0 pi3 est une solution id\u00e9ale pour les m\u00e9nages, les chalets, les bureaux ou tout autre endroit n\u00e9cessitant un espace de stockage suppl\u00e9mentaire pour les aliments congel\u00e9s. Notre voyant de mise en marche vous permet de confirmer la s\u00e9curit\u00e9 de la conservation de vos aliments congel\u00e9s de fa\u00e7on rapide et pratique. Ce mod\u00e8le est pr\u00eat pour le garage et peut maintenir une operation optimale avec des fluctuations de temp\u00e9rature externes de 0 \u00b0F \u00e0 110 \u00b0F (-17 \u00b0C \u00e0 43 \u00b0C). Le syst\u00e8me de refroidissement \u00e0 360 degr\u00e9s utilise des serpentins en forme de D qui \u00e9pousent parfaitement la paroi int\u00e9rieure afin d'optimiser le temps de cong\u00e9lation des aliments nouvellement ajout\u00e9s dans le cong\u00e9lateur, ce qui am\u00e9liore la preservation des nutriments. Ce mod\u00e8le est conforme aux normes DOE, ce qui vous permet d'\u00e9conomiser de l'\u00e9nergie et de l'argent. Ce cong\u00e9lateur peut \u00eatre plac\u00e9 plus pr\u00e8s des murs gr\u00e2ce aux nouvelles charni\u00e8res \u00e0 contrepoids \u00e0 profil plus fin. En outre, les charni\u00e8res permettent au couvercle de rester ouvert \u00e0 n'importe quel angle, ce qui facilite l'acc\u00e8s. Le cong\u00e9lateur est \u00e9quip\u00e9 d'un panier de rangement amovible pour vous aider \u00e0 s\u00e9parer et \u00e0 organiser vos aliments.","breadcrumb":[],"inLanguage":"fr-CA","potentialAction":[{"@type":"ReadAction","target":["https:\/\/www.danby.com\/fr\/products\/congelateurs\/dcf100a6wm\/"]}]},{"@type":"ImageObject","inLanguage":"fr-CA","url":"https:\/\/www.danby.com\/fr\/wp-content\/uploads\/sites\/2\/2025\/09\/dcf100a6wm-front.jpg","contentUrl":"https:\/\/www.danby.com\/fr\/wp-content\/uploads\/sites\/2\/2025\/09\/dcf100a6wm-front.jpg","width":810,"height":1080},{"@type":"BreadcrumbList","itemListElement":[{"@type":"ListItem","position":1,"name":"Home","item":"https:\/\/www.danby.com\/fr\/"},{"@type":"ListItem","position":2,"name":"Boutique","item":"https:\/\/www.danby.com\/fr\/boutique\/"},{"@type":"ListItem","position":3,"name":"Danby Mod\u00e8le carr\u00e9 de cong\u00e9lateur coffre de 10,0 pi3 DOE"}]},{"@type":"WebSite","url":"https:\/\/www.danby.com\/fr\/","name":"Danby - Canada - French","description":"Leader dans le domaine de la r\u00e9frig\u00e9ration et des appareils sp\u00e9cialis\u00e9s","publisher":[],"potentialAction":[{"@type":"SearchAction","target":{"@type":"EntryPoint","urlTemplate":"https:\/\/www.danby.com\/fr\/?s={search_term_string}"},"query-input":{"@type":"PropertyValueSpecification","valueRequired":true,"valueName":"search_term_string"}}],"inLanguage":"fr-CA"},{"@type":"Organization","name":"Danby Appliances","url":"https:\/\/www.danby.com\/fr\/","logo":{"@type":"ImageObject","inLanguage":"fr-CA","url":"https:\/\/cdnweb.danby.com\/wp-content\/uploads\/sites\/2\/2022\/02\/10141906\/Danby75Ans_Blue.png","contentUrl":"https:\/\/cdnweb.danby.com\/wp-content\/uploads\/sites\/2\/2022\/02\/10141906\/Danby75Ans_Blue.png","width":470,"height":110,"caption":"Danby Appliances"},"image":[],"sameAs":["https:\/\/www.facebook.com\/DanbyAppliances","https:\/\/x.com\/DanbyAppliance","https:\/\/instagram.com\/danbyappliances\/","https:\/\/www.linkedin.com\/company\/danbyappliances","https:\/\/www.pinterest.ca\/danbyappliances\/","https:\/\/www.youtube.com\/user\/DanbyProducts","https:\/\/en.wikipedia.org\/wiki\/Danby_(appliances)"]}]}},"post_mailing_queue_ids":[],"_links":{"self":[{"href":"https:\/\/www.danby.com\/fr\/wp-json\/wp\/v2\/product\/20768","targetHints":{"allow":["GET"]}}],"collection":[{"href":"https:\/\/www.danby.com\/fr\/wp-json\/wp\/v2\/product"}],"about":[{"href":"https:\/\/www.danby.com\/fr\/wp-json\/wp\/v2\/types\/product"}],"replies":[{"embeddable":true,"href":"https:\/\/www.danby.com\/fr\/wp-json\/wp\/v2\/comments?post=20768"}],"wp:featuredmedia":[{"embeddable":true,"href":"https:\/\/www.danby.com\/fr\/wp-json\/wp\/v2\/media\/35090"}],"wp:attachment":[{"href":"https:\/\/www.danby.com\/fr\/wp-json\/wp\/v2\/media?parent=20768"}],"wp:term":[{"taxonomy":"product_brand","embeddable":true,"href":"https:\/\/www.danby.com\/fr\/wp-json\/wp\/v2\/product_brand?post=20768"},{"taxonomy":"product_cat","embeddable":true,"href":"https:\/\/www.danby.com\/fr\/wp-json\/wp\/v2\/product_cat?post=20768"},{"taxonomy":"product_tag","embeddable":true,"href":"https:\/\/www.danby.com\/fr\/wp-json\/wp\/v2\/product_tag?post=20768"}],"curies":[{"name":"wp","href":"https:\/\/api.w.org\/{rel}","templated":true}]}}