{"id":20762,"date":"2023-04-04T19:34:54","date_gmt":"2023-04-04T19:34:54","guid":{"rendered":"https:\/\/www.danby.com\/fr\/products\/uncategorized\/dcf050a5wdb\/"},"modified":"2026-04-05T10:05:04","modified_gmt":"2026-04-05T10:05:04","slug":"dcf050a5wdb","status":"publish","type":"product","link":"https:\/\/www.danby.com\/fr\/products\/congelateurs\/dcf050a5wdb\/","title":{"rendered":"Danby DCF050A6WM Mod\u00e8le carr\u00e9 de cong\u00e9lateur coffre 5.0 cu.ft"},"content":{"rendered":"","protected":false},"excerpt":{"rendered":"<ul>\n<li>5 ans de garantie pi\u00e8ces et main d&#8217;\u0153uvre \u00e0 domicile : La meilleure garantie de l&#8217;industrie pour une tranquillit\u00e9 d&#8217;esprit<\/li>\n<li>Pr\u00eat pour le garage : Le cong\u00e9lateur peut fonctionner \u00e0 des temp\u00e9ratures allant de 0\u00b0F \u00e0 110\u00b0F (-17\u00b0C \u00e0 43\u00b0C)<\/li>\n<li>Certifi\u00e9 ENERGY STAR\u00ae : Efficacit\u00e9 \u00e9nerg\u00e9tique pour vous aider \u00e0 \u00e9conomiser de l&#8217;argent sans sacrifier la performance<\/li>\n<li>Protection contre les pannes de courant pendant 48 heures dans des conditions de fonctionnement normales et avec \u00be des aliments congel\u00e9s<\/li>\n<li>Syst\u00e8me de refroidissement complet avec tuyau en forme de D pour un refroidissement rapide et efficace<\/li>\n<li>T\u00e9moin lumineux de mise sous tension et de fonctionnement du compresseur : vous permet de savoir que votre cong\u00e9lateur est sous tension et que le compresseur fonctionne<\/li>\n<li>Charni\u00e8res contrebalanc\u00e9es pour faciliter l&#8217;utilisation et \u00e9conomiser de l&#8217;\u00e9nergie<\/li>\n<li>Facile \u00e0 nettoyer et \u00e0 organiser gr\u00e2ce au panier coulissant amovible et au rev\u00eatement int\u00e9rieur en aluminium antirouille<\/li>\n<\/ul>\n","protected":false},"featured_media":35015,"comment_status":"open","ping_status":"closed","template":"","meta":{"_acf_changed":false},"product_brand":[],"product_cat":[27],"product_tag":[],"class_list":{"0":"post-20762","1":"product","2":"type-product","3":"status-publish","4":"has-post-thumbnail","6":"product_cat-congelateurs","8":"first","9":"instock","10":"taxable","11":"shipping-taxable","12":"product-type-simple"},"acf":[],"yoast_head":"<!-- This site is optimized with the Yoast SEO plugin v26.7 - https:\/\/yoast.com\/wordpress\/plugins\/seo\/ -->\n<title>Danby DCF050A6WM Mod\u00e8le carr\u00e9 de cong\u00e9lateur coffre 5.0 cu.ft - DCF050A5WDB | Danby Canada<\/title>\n<meta name=\"description\" content=\"Conservez davantage de vos aliments congel\u00e9s pr\u00e9f\u00e9r\u00e9s et optimisez l&#039;entreposage des aliments en vrac gr\u00e2ce au cong\u00e9lateur coffre fiable et durable de Danby, d&#039;une capacit\u00e9 de 5,0 pi3. D\u00e9terminez facilement si vos articles congel\u00e9s sont conserv\u00e9s en toute s\u00e9curit\u00e9 gr\u00e2ce \u00e0 notre t\u00e9moin lumineux de mise en marche, qui fournit une confirmation visuelle rapide et pratique. Ce mod\u00e8le est pr\u00eat pour le garage gr\u00e2ce \u00e0 la technologie efficace du compresseur qui maintient une performance optimale m\u00eame \u00e0 des temp\u00e9ratures externes entre 0 \u00b0F et 110 \u00b0F (-17 \u00b0C et 43 \u00b0C). Vous \u00e9conomiserez de l&#039;argent avec ce produit homologu\u00e9 Energy Star et vous \u00e9viterez les aliments avari\u00e9s gr\u00e2ce \u00e0 notre protection 48 heures, les aliments stock\u00e9s resteront congel\u00e9s jusqu&#039;\u00e0 48 heures en cas de panne de courant dans des conditions de fonctionnement normales. Les serpentins en forme de D sont con\u00e7us pour \u00e9pouser \u00e9troitement les parois internes, optimisant ainsi le temps de cong\u00e9lation, et le drain mont\u00e9 \u00e0 l&#039;avant permet de d\u00e9givrer ou de nettoyer le cong\u00e9lateur sans probl\u00e8me, tout en minimisant le d\u00e9sordre potentiel. Le panier amovible vous permet d&#039;organiser efficacement le contenu, et les charni\u00e8res \u00e0 contrepoids permettent d&#039;ouvrir le couvercle \u00e0 n&#039;importe quel angle, pour un acc\u00e8s sans effort.\" \/>\n<meta name=\"robots\" content=\"index, follow, max-snippet:-1, max-image-preview:large, max-video-preview:-1\" \/>\n<link rel=\"canonical\" href=\"https:\/\/www.danby.com\/fr\/products\/congelateurs\/dcf050a5wdb\/\" \/>\n<meta property=\"og:locale\" content=\"fr_CA\" \/>\n<meta property=\"og:type\" content=\"article\" \/>\n<meta property=\"og:title\" content=\"Danby DCF050A6WM Mod\u00e8le carr\u00e9 de cong\u00e9lateur coffre 5.0 cu.ft - DCF050A5WDB | Danby Canada\" \/>\n<meta property=\"og:description\" content=\"Conservez davantage de vos aliments congel\u00e9s pr\u00e9f\u00e9r\u00e9s et optimisez l&#039;entreposage des aliments en vrac gr\u00e2ce au cong\u00e9lateur coffre fiable et durable de Danby, d&#039;une capacit\u00e9 de 5,0 pi3. D\u00e9terminez facilement si vos articles congel\u00e9s sont conserv\u00e9s en toute s\u00e9curit\u00e9 gr\u00e2ce \u00e0 notre t\u00e9moin lumineux de mise en marche, qui fournit une confirmation visuelle rapide et pratique. Ce mod\u00e8le est pr\u00eat pour le garage gr\u00e2ce \u00e0 la technologie efficace du compresseur qui maintient une performance optimale m\u00eame \u00e0 des temp\u00e9ratures externes entre 0 \u00b0F et 110 \u00b0F (-17 \u00b0C et 43 \u00b0C). Vous \u00e9conomiserez de l&#039;argent avec ce produit homologu\u00e9 Energy Star et vous \u00e9viterez les aliments avari\u00e9s gr\u00e2ce \u00e0 notre protection 48 heures, les aliments stock\u00e9s resteront congel\u00e9s jusqu&#039;\u00e0 48 heures en cas de panne de courant dans des conditions de fonctionnement normales. Les serpentins en forme de D sont con\u00e7us pour \u00e9pouser \u00e9troitement les parois internes, optimisant ainsi le temps de cong\u00e9lation, et le drain mont\u00e9 \u00e0 l&#039;avant permet de d\u00e9givrer ou de nettoyer le cong\u00e9lateur sans probl\u00e8me, tout en minimisant le d\u00e9sordre potentiel. Le panier amovible vous permet d&#039;organiser efficacement le contenu, et les charni\u00e8res \u00e0 contrepoids permettent d&#039;ouvrir le couvercle \u00e0 n&#039;importe quel angle, pour un acc\u00e8s sans effort.\" \/>\n<meta property=\"og:url\" content=\"https:\/\/www.danby.com\/fr\/products\/congelateurs\/dcf050a5wdb\/\" \/>\n<meta property=\"og:site_name\" content=\"Danby - Canada - French\" \/>\n<meta property=\"article:publisher\" content=\"https:\/\/www.facebook.com\/DanbyAppliances\" \/>\n<meta property=\"article:modified_time\" content=\"2026-04-05T10:05:04+00:00\" \/>\n<meta property=\"og:image\" content=\"https:\/\/cdnweb.danby.com\/wp-content\/uploads\/sites\/2\/2023\/11\/22144841\/Thumbnail__0021_DCF050A5WDB.jpg\" \/>\n\t<meta property=\"og:image:width\" content=\"1125\" \/>\n\t<meta property=\"og:image:height\" content=\"1500\" \/>\n\t<meta property=\"og:image:type\" content=\"image\/jpeg\" \/>\n<meta name=\"twitter:card\" content=\"summary_large_image\" \/>\n<meta name=\"twitter:site\" content=\"@DanbyAppliance\" \/>\n<script type=\"application\/ld+json\" class=\"yoast-schema-graph\">{\"@context\":\"https:\/\/schema.org\",\"@graph\":[{\"@type\":[\"WebPage\",\"ItemPage\"],\"url\":\"https:\/\/www.danby.com\/fr\/products\/congelateurs\/dcf050a5wdb\/\",\"name\":\"Danby DCF050A6WM Mod\u00e8le carr\u00e9 de cong\u00e9lateur coffre 5.0 cu.ft - DCF050A5WDB | Danby Canada\",\"isPartOf\":[],\"primaryImageOfPage\":[],\"image\":[],\"thumbnailUrl\":\"https:\/\/www.danby.com\/fr\/wp-content\/uploads\/sites\/2\/2025\/09\/dcf050a5wdb-front.jpg\",\"datePublished\":\"2023-04-04T19:34:54+00:00\",\"dateModified\":\"2026-04-05T10:05:04+00:00\",\"description\":\"Conservez davantage de vos aliments congel\u00e9s pr\u00e9f\u00e9r\u00e9s et optimisez l'entreposage des aliments en vrac gr\u00e2ce au cong\u00e9lateur coffre fiable et durable de Danby, d'une capacit\u00e9 de 5,0 pi3. D\u00e9terminez facilement si vos articles congel\u00e9s sont conserv\u00e9s en toute s\u00e9curit\u00e9 gr\u00e2ce \u00e0 notre t\u00e9moin lumineux de mise en marche, qui fournit une confirmation visuelle rapide et pratique. Ce mod\u00e8le est pr\u00eat pour le garage gr\u00e2ce \u00e0 la technologie efficace du compresseur qui maintient une performance optimale m\u00eame \u00e0 des temp\u00e9ratures externes entre 0 \u00b0F et 110 \u00b0F (-17 \u00b0C et 43 \u00b0C). Vous \u00e9conomiserez de l'argent avec ce produit homologu\u00e9 Energy Star et vous \u00e9viterez les aliments avari\u00e9s gr\u00e2ce \u00e0 notre protection 48 heures, les aliments stock\u00e9s resteront congel\u00e9s jusqu'\u00e0 48 heures en cas de panne de courant dans des conditions de fonctionnement normales. Les serpentins en forme de D sont con\u00e7us pour \u00e9pouser \u00e9troitement les parois internes, optimisant ainsi le temps de cong\u00e9lation, et le drain mont\u00e9 \u00e0 l'avant permet de d\u00e9givrer ou de nettoyer le cong\u00e9lateur sans probl\u00e8me, tout en minimisant le d\u00e9sordre potentiel. Le panier amovible vous permet d'organiser efficacement le contenu, et les charni\u00e8res \u00e0 contrepoids permettent d'ouvrir le couvercle \u00e0 n'importe quel angle, pour un acc\u00e8s sans effort.\",\"breadcrumb\":[],\"inLanguage\":\"fr-CA\",\"potentialAction\":[{\"@type\":\"ReadAction\",\"target\":[\"https:\/\/www.danby.com\/fr\/products\/congelateurs\/dcf050a5wdb\/\"]}]},{\"@type\":\"ImageObject\",\"inLanguage\":\"fr-CA\",\"url\":\"https:\/\/www.danby.com\/fr\/wp-content\/uploads\/sites\/2\/2025\/09\/dcf050a5wdb-front.jpg\",\"contentUrl\":\"https:\/\/www.danby.com\/fr\/wp-content\/uploads\/sites\/2\/2025\/09\/dcf050a5wdb-front.jpg\",\"width\":768,\"height\":1024},{\"@type\":\"BreadcrumbList\",\"itemListElement\":[{\"@type\":\"ListItem\",\"position\":1,\"name\":\"Home\",\"item\":\"https:\/\/www.danby.com\/fr\/\"},{\"@type\":\"ListItem\",\"position\":2,\"name\":\"Boutique\",\"item\":\"https:\/\/www.danby.com\/fr\/boutique\/\"},{\"@type\":\"ListItem\",\"position\":3,\"name\":\"Danby DCF050A6WM Mod\u00e8le carr\u00e9 de cong\u00e9lateur coffre 5.0 cu.ft DOE\"}]},{\"@type\":\"WebSite\",\"url\":\"https:\/\/www.danby.com\/fr\/\",\"name\":\"Danby - Canada - French\",\"description\":\"Leader dans le domaine de la r\u00e9frig\u00e9ration et des appareils sp\u00e9cialis\u00e9s\",\"publisher\":[],\"potentialAction\":[{\"@type\":\"SearchAction\",\"target\":{\"@type\":\"EntryPoint\",\"urlTemplate\":\"https:\/\/www.danby.com\/fr\/?s={search_term_string}\"},\"query-input\":{\"@type\":\"PropertyValueSpecification\",\"valueRequired\":true,\"valueName\":\"search_term_string\"}}],\"inLanguage\":\"fr-CA\"},{\"@type\":\"Organization\",\"name\":\"Danby Appliances\",\"url\":\"https:\/\/www.danby.com\/fr\/\",\"logo\":{\"@type\":\"ImageObject\",\"inLanguage\":\"fr-CA\",\"url\":\"https:\/\/cdnweb.danby.com\/wp-content\/uploads\/sites\/2\/2022\/02\/10141906\/Danby75Ans_Blue.png\",\"contentUrl\":\"https:\/\/cdnweb.danby.com\/wp-content\/uploads\/sites\/2\/2022\/02\/10141906\/Danby75Ans_Blue.png\",\"width\":470,\"height\":110,\"caption\":\"Danby Appliances\"},\"image\":[],\"sameAs\":[\"https:\/\/www.facebook.com\/DanbyAppliances\",\"https:\/\/x.com\/DanbyAppliance\",\"https:\/\/instagram.com\/danbyappliances\/\",\"https:\/\/www.linkedin.com\/company\/danbyappliances\",\"https:\/\/www.pinterest.ca\/danbyappliances\/\",\"https:\/\/www.youtube.com\/user\/DanbyProducts\",\"https:\/\/en.wikipedia.org\/wiki\/Danby_(appliances)\"]}]}<\/script>\n<!-- \/ Yoast SEO plugin. -->","yoast_head_json":{"title":"Danby DCF050A6WM Mod\u00e8le carr\u00e9 de cong\u00e9lateur coffre 5.0 cu.ft - DCF050A5WDB | Danby Canada","description":"Conservez davantage de vos aliments congel\u00e9s pr\u00e9f\u00e9r\u00e9s et optimisez l'entreposage des aliments en vrac gr\u00e2ce au cong\u00e9lateur coffre fiable et durable de Danby, d'une capacit\u00e9 de 5,0 pi3. D\u00e9terminez facilement si vos articles congel\u00e9s sont conserv\u00e9s en toute s\u00e9curit\u00e9 gr\u00e2ce \u00e0 notre t\u00e9moin lumineux de mise en marche, qui fournit une confirmation visuelle rapide et pratique. Ce mod\u00e8le est pr\u00eat pour le garage gr\u00e2ce \u00e0 la technologie efficace du compresseur qui maintient une performance optimale m\u00eame \u00e0 des temp\u00e9ratures externes entre 0 \u00b0F et 110 \u00b0F (-17 \u00b0C et 43 \u00b0C). Vous \u00e9conomiserez de l'argent avec ce produit homologu\u00e9 Energy Star et vous \u00e9viterez les aliments avari\u00e9s gr\u00e2ce \u00e0 notre protection 48 heures, les aliments stock\u00e9s resteront congel\u00e9s jusqu'\u00e0 48 heures en cas de panne de courant dans des conditions de fonctionnement normales. Les serpentins en forme de D sont con\u00e7us pour \u00e9pouser \u00e9troitement les parois internes, optimisant ainsi le temps de cong\u00e9lation, et le drain mont\u00e9 \u00e0 l'avant permet de d\u00e9givrer ou de nettoyer le cong\u00e9lateur sans probl\u00e8me, tout en minimisant le d\u00e9sordre potentiel. Le panier amovible vous permet d'organiser efficacement le contenu, et les charni\u00e8res \u00e0 contrepoids permettent d'ouvrir le couvercle \u00e0 n'importe quel angle, pour un acc\u00e8s sans effort.","robots":{"index":"index","follow":"follow","max-snippet":"max-snippet:-1","max-image-preview":"max-image-preview:large","max-video-preview":"max-video-preview:-1"},"canonical":"https:\/\/www.danby.com\/fr\/products\/congelateurs\/dcf050a5wdb\/","og_locale":"fr_CA","og_type":"article","og_title":"Danby DCF050A6WM Mod\u00e8le carr\u00e9 de cong\u00e9lateur coffre 5.0 cu.ft - DCF050A5WDB | Danby Canada","og_description":"Conservez davantage de vos aliments congel\u00e9s pr\u00e9f\u00e9r\u00e9s et optimisez l'entreposage des aliments en vrac gr\u00e2ce au cong\u00e9lateur coffre fiable et durable de Danby, d'une capacit\u00e9 de 5,0 pi3. D\u00e9terminez facilement si vos articles congel\u00e9s sont conserv\u00e9s en toute s\u00e9curit\u00e9 gr\u00e2ce \u00e0 notre t\u00e9moin lumineux de mise en marche, qui fournit une confirmation visuelle rapide et pratique. Ce mod\u00e8le est pr\u00eat pour le garage gr\u00e2ce \u00e0 la technologie efficace du compresseur qui maintient une performance optimale m\u00eame \u00e0 des temp\u00e9ratures externes entre 0 \u00b0F et 110 \u00b0F (-17 \u00b0C et 43 \u00b0C). Vous \u00e9conomiserez de l'argent avec ce produit homologu\u00e9 Energy Star et vous \u00e9viterez les aliments avari\u00e9s gr\u00e2ce \u00e0 notre protection 48 heures, les aliments stock\u00e9s resteront congel\u00e9s jusqu'\u00e0 48 heures en cas de panne de courant dans des conditions de fonctionnement normales. Les serpentins en forme de D sont con\u00e7us pour \u00e9pouser \u00e9troitement les parois internes, optimisant ainsi le temps de cong\u00e9lation, et le drain mont\u00e9 \u00e0 l'avant permet de d\u00e9givrer ou de nettoyer le cong\u00e9lateur sans probl\u00e8me, tout en minimisant le d\u00e9sordre potentiel. Le panier amovible vous permet d'organiser efficacement le contenu, et les charni\u00e8res \u00e0 contrepoids permettent d'ouvrir le couvercle \u00e0 n'importe quel angle, pour un acc\u00e8s sans effort.","og_url":"https:\/\/www.danby.com\/fr\/products\/congelateurs\/dcf050a5wdb\/","og_site_name":"Danby - Canada - French","article_publisher":"https:\/\/www.facebook.com\/DanbyAppliances","article_modified_time":"2026-04-05T10:05:04+00:00","og_image":[{"width":1125,"height":1500,"url":"https:\/\/cdnweb.danby.com\/wp-content\/uploads\/sites\/2\/2023\/11\/22144841\/Thumbnail__0021_DCF050A5WDB.jpg","type":"image\/jpeg"}],"twitter_card":"summary_large_image","twitter_site":"@DanbyAppliance","schema":{"@context":"https:\/\/schema.org","@graph":[{"@type":["WebPage","ItemPage"],"url":"https:\/\/www.danby.com\/fr\/products\/congelateurs\/dcf050a5wdb\/","name":"Danby DCF050A6WM Mod\u00e8le carr\u00e9 de cong\u00e9lateur coffre 5.0 cu.ft - DCF050A5WDB | Danby Canada","isPartOf":[],"primaryImageOfPage":[],"image":[],"thumbnailUrl":"https:\/\/www.danby.com\/fr\/wp-content\/uploads\/sites\/2\/2025\/09\/dcf050a5wdb-front.jpg","datePublished":"2023-04-04T19:34:54+00:00","dateModified":"2026-04-05T10:05:04+00:00","description":"Conservez davantage de vos aliments congel\u00e9s pr\u00e9f\u00e9r\u00e9s et optimisez l'entreposage des aliments en vrac gr\u00e2ce au cong\u00e9lateur coffre fiable et durable de Danby, d'une capacit\u00e9 de 5,0 pi3. D\u00e9terminez facilement si vos articles congel\u00e9s sont conserv\u00e9s en toute s\u00e9curit\u00e9 gr\u00e2ce \u00e0 notre t\u00e9moin lumineux de mise en marche, qui fournit une confirmation visuelle rapide et pratique. Ce mod\u00e8le est pr\u00eat pour le garage gr\u00e2ce \u00e0 la technologie efficace du compresseur qui maintient une performance optimale m\u00eame \u00e0 des temp\u00e9ratures externes entre 0 \u00b0F et 110 \u00b0F (-17 \u00b0C et 43 \u00b0C). Vous \u00e9conomiserez de l'argent avec ce produit homologu\u00e9 Energy Star et vous \u00e9viterez les aliments avari\u00e9s gr\u00e2ce \u00e0 notre protection 48 heures, les aliments stock\u00e9s resteront congel\u00e9s jusqu'\u00e0 48 heures en cas de panne de courant dans des conditions de fonctionnement normales. Les serpentins en forme de D sont con\u00e7us pour \u00e9pouser \u00e9troitement les parois internes, optimisant ainsi le temps de cong\u00e9lation, et le drain mont\u00e9 \u00e0 l'avant permet de d\u00e9givrer ou de nettoyer le cong\u00e9lateur sans probl\u00e8me, tout en minimisant le d\u00e9sordre potentiel. Le panier amovible vous permet d'organiser efficacement le contenu, et les charni\u00e8res \u00e0 contrepoids permettent d'ouvrir le couvercle \u00e0 n'importe quel angle, pour un acc\u00e8s sans effort.","breadcrumb":[],"inLanguage":"fr-CA","potentialAction":[{"@type":"ReadAction","target":["https:\/\/www.danby.com\/fr\/products\/congelateurs\/dcf050a5wdb\/"]}]},{"@type":"ImageObject","inLanguage":"fr-CA","url":"https:\/\/www.danby.com\/fr\/wp-content\/uploads\/sites\/2\/2025\/09\/dcf050a5wdb-front.jpg","contentUrl":"https:\/\/www.danby.com\/fr\/wp-content\/uploads\/sites\/2\/2025\/09\/dcf050a5wdb-front.jpg","width":768,"height":1024},{"@type":"BreadcrumbList","itemListElement":[{"@type":"ListItem","position":1,"name":"Home","item":"https:\/\/www.danby.com\/fr\/"},{"@type":"ListItem","position":2,"name":"Boutique","item":"https:\/\/www.danby.com\/fr\/boutique\/"},{"@type":"ListItem","position":3,"name":"Danby DCF050A6WM Mod\u00e8le carr\u00e9 de cong\u00e9lateur coffre 5.0 cu.ft DOE"}]},{"@type":"WebSite","url":"https:\/\/www.danby.com\/fr\/","name":"Danby - Canada - French","description":"Leader dans le domaine de la r\u00e9frig\u00e9ration et des appareils sp\u00e9cialis\u00e9s","publisher":[],"potentialAction":[{"@type":"SearchAction","target":{"@type":"EntryPoint","urlTemplate":"https:\/\/www.danby.com\/fr\/?s={search_term_string}"},"query-input":{"@type":"PropertyValueSpecification","valueRequired":true,"valueName":"search_term_string"}}],"inLanguage":"fr-CA"},{"@type":"Organization","name":"Danby Appliances","url":"https:\/\/www.danby.com\/fr\/","logo":{"@type":"ImageObject","inLanguage":"fr-CA","url":"https:\/\/cdnweb.danby.com\/wp-content\/uploads\/sites\/2\/2022\/02\/10141906\/Danby75Ans_Blue.png","contentUrl":"https:\/\/cdnweb.danby.com\/wp-content\/uploads\/sites\/2\/2022\/02\/10141906\/Danby75Ans_Blue.png","width":470,"height":110,"caption":"Danby Appliances"},"image":[],"sameAs":["https:\/\/www.facebook.com\/DanbyAppliances","https:\/\/x.com\/DanbyAppliance","https:\/\/instagram.com\/danbyappliances\/","https:\/\/www.linkedin.com\/company\/danbyappliances","https:\/\/www.pinterest.ca\/danbyappliances\/","https:\/\/www.youtube.com\/user\/DanbyProducts","https:\/\/en.wikipedia.org\/wiki\/Danby_(appliances)"]}]}},"post_mailing_queue_ids":[],"_links":{"self":[{"href":"https:\/\/www.danby.com\/fr\/wp-json\/wp\/v2\/product\/20762","targetHints":{"allow":["GET"]}}],"collection":[{"href":"https:\/\/www.danby.com\/fr\/wp-json\/wp\/v2\/product"}],"about":[{"href":"https:\/\/www.danby.com\/fr\/wp-json\/wp\/v2\/types\/product"}],"replies":[{"embeddable":true,"href":"https:\/\/www.danby.com\/fr\/wp-json\/wp\/v2\/comments?post=20762"}],"wp:featuredmedia":[{"embeddable":true,"href":"https:\/\/www.danby.com\/fr\/wp-json\/wp\/v2\/media\/35015"}],"wp:attachment":[{"href":"https:\/\/www.danby.com\/fr\/wp-json\/wp\/v2\/media?parent=20762"}],"wp:term":[{"taxonomy":"product_brand","embeddable":true,"href":"https:\/\/www.danby.com\/fr\/wp-json\/wp\/v2\/product_brand?post=20762"},{"taxonomy":"product_cat","embeddable":true,"href":"https:\/\/www.danby.com\/fr\/wp-json\/wp\/v2\/product_cat?post=20762"},{"taxonomy":"product_tag","embeddable":true,"href":"https:\/\/www.danby.com\/fr\/wp-json\/wp\/v2\/product_tag?post=20762"}],"curies":[{"name":"wp","href":"https:\/\/api.w.org\/{rel}","templated":true}]}}