{"id":19858,"date":"2023-03-07T02:22:03","date_gmt":"2023-03-07T02:22:03","guid":{"rendered":"https:\/\/www.danby.com\/fr\/products\/uncategorized\/dufm068a1scdb\/"},"modified":"2026-04-09T10:08:01","modified_gmt":"2026-04-09T10:08:01","slug":"dufm068a1scdb","status":"publish","type":"product","link":"https:\/\/www.danby.com\/fr\/products\/congelateurs\/dufm068a1scdb\/","title":{"rendered":"Cong\u00e9lateur vertical convertible Danby"},"content":{"rendered":"","protected":false},"excerpt":{"rendered":"<ul>\n<li>Capacit\u00e9 de 6,8 pi3 (193 litres) : Cong\u00e9lateur vertical compact, id\u00e9al pour les petits espaces.<\/li>\n<li>Convertible : Fonctionne comme r\u00e9frig\u00e9rateur ou cong\u00e9lateur<\/li>\n<li>Certifi\u00e9 ENERGY STAR\u00ae : L&#8217;efficacit\u00e9 \u00e9nerg\u00e9tique vous permet d&#8217;\u00e9conomiser de l&#8217;argent sans sacrifier les performances.<\/li>\n<li>La fonction de cong\u00e9lation rapide permet d&#8217;abaisser rapidement la temp\u00e9rature \u00e0 l&#8217;int\u00e9rieur du cong\u00e9lateur pour que le contenu g\u00e8le plus vite.<\/li>\n<li>Pr\u00eat pour le garage : Le cong\u00e9lateur peut fonctionner \u00e0 des temp\u00e9ratures allant de 0\u00b0F \u00e0 110\u00b0F (-17\u00b0C \u00e0 43\u00b0C).<\/li>\n<li>Organisation flexible des aliments surgel\u00e9s : 5 \u00e9tag\u00e8res en verre pleine largeur et 3 tiroirs pour faciliter le stockage des aliments.<\/li>\n<li>Thermostat m\u00e9canique : Facilit\u00e9 d&#8217;utilisation pour le r\u00e9glage de la plage de temp\u00e9rature variable.<\/li>\n<li>La porte r\u00e9versible vous permet de choisir le sens d&#8217;ouverture de la porte<\/li>\n<li>D\u00e9givrage manuel : Facile \u00e0 nettoyer.<\/li>\n<li>5 ans de garantie pi\u00e8ces et main d&#8217;\u0153uvre \u00e0 domicile : La meilleure garantie de l&#8217;industrie pour une tranquillit\u00e9 d&#8217;esprit.<\/li>\n<\/ul>\n","protected":false},"featured_media":35142,"comment_status":"open","ping_status":"closed","template":"","meta":{"_acf_changed":false},"product_brand":[],"product_cat":[27],"product_tag":[],"class_list":{"0":"post-19858","1":"product","2":"type-product","3":"status-publish","4":"has-post-thumbnail","6":"product_cat-congelateurs","8":"first","9":"instock","10":"taxable","11":"shipping-taxable","12":"product-type-external"},"acf":[],"yoast_head":"<!-- This site is optimized with the Yoast SEO plugin v26.7 - https:\/\/yoast.com\/wordpress\/plugins\/seo\/ -->\n<title>Cong\u00e9lateur vertical convertible Danby - DUFM068A1SCDB | Danby Canada<\/title>\n<meta name=\"description\" content=\"Obtenez le meilleur des deux mondes avec ce r\u00e9frig\u00e9rateur vertical convertible ! Nos appareils convertibles permettent de passer facilement d&#039;un r\u00e9frig\u00e9rateur \u00e0 un cong\u00e9lateur, en fonction de vos besoins. Que vous ayez besoin d&#039;un espace de r\u00e9frig\u00e9ration suppl\u00e9mentaire pour les courses ou d&#039;un espace de cong\u00e9lation plus grand pour la cr\u00e8me glac\u00e9e, ce r\u00e9frig\u00e9rateur vertical convertible a tout ce qu&#039;il vous faut. De plus, notre fonction de conversion facile \u00e0 utiliser facilite le passage d&#039;un mode \u00e0 l&#039;autre.\" \/>\n<meta name=\"robots\" content=\"index, follow, max-snippet:-1, max-image-preview:large, max-video-preview:-1\" \/>\n<link rel=\"canonical\" href=\"https:\/\/www.danby.com\/fr\/products\/congelateurs\/dufm068a1scdb\/\" \/>\n<meta property=\"og:locale\" content=\"fr_CA\" \/>\n<meta property=\"og:type\" content=\"article\" \/>\n<meta property=\"og:title\" content=\"Cong\u00e9lateur vertical convertible Danby - DUFM068A1SCDB | Danby Canada\" \/>\n<meta property=\"og:description\" content=\"Obtenez le meilleur des deux mondes avec ce r\u00e9frig\u00e9rateur vertical convertible ! Nos appareils convertibles permettent de passer facilement d&#039;un r\u00e9frig\u00e9rateur \u00e0 un cong\u00e9lateur, en fonction de vos besoins. Que vous ayez besoin d&#039;un espace de r\u00e9frig\u00e9ration suppl\u00e9mentaire pour les courses ou d&#039;un espace de cong\u00e9lation plus grand pour la cr\u00e8me glac\u00e9e, ce r\u00e9frig\u00e9rateur vertical convertible a tout ce qu&#039;il vous faut. De plus, notre fonction de conversion facile \u00e0 utiliser facilite le passage d&#039;un mode \u00e0 l&#039;autre.\" \/>\n<meta property=\"og:url\" content=\"https:\/\/www.danby.com\/fr\/products\/congelateurs\/dufm068a1scdb\/\" \/>\n<meta property=\"og:site_name\" content=\"Danby - Canada - French\" \/>\n<meta property=\"article:publisher\" content=\"https:\/\/www.facebook.com\/DanbyAppliances\" \/>\n<meta property=\"article:modified_time\" content=\"2026-04-09T10:08:01+00:00\" \/>\n<meta property=\"og:image\" content=\"https:\/\/cdnweb.danby.com\/wp-content\/uploads\/sites\/2\/2023\/11\/22150509\/Thumbnail__0012_DUFM068A1SCDB.jpg\" \/>\n\t<meta property=\"og:image:width\" content=\"1125\" \/>\n\t<meta property=\"og:image:height\" content=\"1500\" \/>\n\t<meta property=\"og:image:type\" content=\"image\/jpeg\" \/>\n<meta name=\"twitter:card\" content=\"summary_large_image\" \/>\n<meta name=\"twitter:site\" content=\"@DanbyAppliance\" \/>\n<meta name=\"twitter:label1\" content=\"Estimation du temps de lecture\" \/>\n\t<meta name=\"twitter:data1\" content=\"1 minute\" \/>\n<script type=\"application\/ld+json\" class=\"yoast-schema-graph\">{\"@context\":\"https:\/\/schema.org\",\"@graph\":[{\"@type\":[\"WebPage\",\"ItemPage\"],\"url\":\"https:\/\/www.danby.com\/fr\/products\/congelateurs\/dufm068a1scdb\/\",\"name\":\"Cong\u00e9lateur vertical convertible Danby - DUFM068A1SCDB | Danby Canada\",\"isPartOf\":[],\"primaryImageOfPage\":[],\"image\":[],\"thumbnailUrl\":\"https:\/\/www.danby.com\/fr\/wp-content\/uploads\/sites\/2\/2025\/09\/dufm068a1scdb-front.jpg\",\"datePublished\":\"2023-03-07T02:22:03+00:00\",\"dateModified\":\"2026-04-09T10:08:01+00:00\",\"description\":\"Obtenez le meilleur des deux mondes avec ce r\u00e9frig\u00e9rateur vertical convertible ! Nos appareils convertibles permettent de passer facilement d'un r\u00e9frig\u00e9rateur \u00e0 un cong\u00e9lateur, en fonction de vos besoins. Que vous ayez besoin d'un espace de r\u00e9frig\u00e9ration suppl\u00e9mentaire pour les courses ou d'un espace de cong\u00e9lation plus grand pour la cr\u00e8me glac\u00e9e, ce r\u00e9frig\u00e9rateur vertical convertible a tout ce qu'il vous faut. De plus, notre fonction de conversion facile \u00e0 utiliser facilite le passage d'un mode \u00e0 l'autre.\",\"breadcrumb\":[],\"inLanguage\":\"fr-CA\",\"potentialAction\":[{\"@type\":\"ReadAction\",\"target\":[\"https:\/\/www.danby.com\/fr\/products\/congelateurs\/dufm068a1scdb\/\"]}]},{\"@type\":\"ImageObject\",\"inLanguage\":\"fr-CA\",\"url\":\"https:\/\/www.danby.com\/fr\/wp-content\/uploads\/sites\/2\/2025\/09\/dufm068a1scdb-front.jpg\",\"contentUrl\":\"https:\/\/www.danby.com\/fr\/wp-content\/uploads\/sites\/2\/2025\/09\/dufm068a1scdb-front.jpg\",\"width\":810,\"height\":1080},{\"@type\":\"BreadcrumbList\",\"itemListElement\":[{\"@type\":\"ListItem\",\"position\":1,\"name\":\"Home\",\"item\":\"https:\/\/www.danby.com\/fr\/\"},{\"@type\":\"ListItem\",\"position\":2,\"name\":\"Boutique\",\"item\":\"https:\/\/www.danby.com\/fr\/boutique\/\"},{\"@type\":\"ListItem\",\"position\":3,\"name\":\"Cong\u00e9lateur vertical convertible Danby\"}]},{\"@type\":\"WebSite\",\"url\":\"https:\/\/www.danby.com\/fr\/\",\"name\":\"Danby - Canada - French\",\"description\":\"Leader dans le domaine de la r\u00e9frig\u00e9ration et des appareils sp\u00e9cialis\u00e9s\",\"publisher\":[],\"potentialAction\":[{\"@type\":\"SearchAction\",\"target\":{\"@type\":\"EntryPoint\",\"urlTemplate\":\"https:\/\/www.danby.com\/fr\/?s={search_term_string}\"},\"query-input\":{\"@type\":\"PropertyValueSpecification\",\"valueRequired\":true,\"valueName\":\"search_term_string\"}}],\"inLanguage\":\"fr-CA\"},{\"@type\":\"Organization\",\"name\":\"Danby Appliances\",\"url\":\"https:\/\/www.danby.com\/fr\/\",\"logo\":{\"@type\":\"ImageObject\",\"inLanguage\":\"fr-CA\",\"url\":\"https:\/\/cdnweb.danby.com\/wp-content\/uploads\/sites\/2\/2022\/02\/10141906\/Danby75Ans_Blue.png\",\"contentUrl\":\"https:\/\/cdnweb.danby.com\/wp-content\/uploads\/sites\/2\/2022\/02\/10141906\/Danby75Ans_Blue.png\",\"width\":470,\"height\":110,\"caption\":\"Danby Appliances\"},\"image\":[],\"sameAs\":[\"https:\/\/www.facebook.com\/DanbyAppliances\",\"https:\/\/x.com\/DanbyAppliance\",\"https:\/\/instagram.com\/danbyappliances\/\",\"https:\/\/www.linkedin.com\/company\/danbyappliances\",\"https:\/\/www.pinterest.ca\/danbyappliances\/\",\"https:\/\/www.youtube.com\/user\/DanbyProducts\",\"https:\/\/en.wikipedia.org\/wiki\/Danby_(appliances)\"]}]}<\/script>\n<!-- \/ Yoast SEO plugin. -->","yoast_head_json":{"title":"Cong\u00e9lateur vertical convertible Danby - DUFM068A1SCDB | Danby Canada","description":"Obtenez le meilleur des deux mondes avec ce r\u00e9frig\u00e9rateur vertical convertible ! Nos appareils convertibles permettent de passer facilement d'un r\u00e9frig\u00e9rateur \u00e0 un cong\u00e9lateur, en fonction de vos besoins. Que vous ayez besoin d'un espace de r\u00e9frig\u00e9ration suppl\u00e9mentaire pour les courses ou d'un espace de cong\u00e9lation plus grand pour la cr\u00e8me glac\u00e9e, ce r\u00e9frig\u00e9rateur vertical convertible a tout ce qu'il vous faut. De plus, notre fonction de conversion facile \u00e0 utiliser facilite le passage d'un mode \u00e0 l'autre.","robots":{"index":"index","follow":"follow","max-snippet":"max-snippet:-1","max-image-preview":"max-image-preview:large","max-video-preview":"max-video-preview:-1"},"canonical":"https:\/\/www.danby.com\/fr\/products\/congelateurs\/dufm068a1scdb\/","og_locale":"fr_CA","og_type":"article","og_title":"Cong\u00e9lateur vertical convertible Danby - DUFM068A1SCDB | Danby Canada","og_description":"Obtenez le meilleur des deux mondes avec ce r\u00e9frig\u00e9rateur vertical convertible ! Nos appareils convertibles permettent de passer facilement d'un r\u00e9frig\u00e9rateur \u00e0 un cong\u00e9lateur, en fonction de vos besoins. Que vous ayez besoin d'un espace de r\u00e9frig\u00e9ration suppl\u00e9mentaire pour les courses ou d'un espace de cong\u00e9lation plus grand pour la cr\u00e8me glac\u00e9e, ce r\u00e9frig\u00e9rateur vertical convertible a tout ce qu'il vous faut. De plus, notre fonction de conversion facile \u00e0 utiliser facilite le passage d'un mode \u00e0 l'autre.","og_url":"https:\/\/www.danby.com\/fr\/products\/congelateurs\/dufm068a1scdb\/","og_site_name":"Danby - Canada - French","article_publisher":"https:\/\/www.facebook.com\/DanbyAppliances","article_modified_time":"2026-04-09T10:08:01+00:00","og_image":[{"width":1125,"height":1500,"url":"https:\/\/cdnweb.danby.com\/wp-content\/uploads\/sites\/2\/2023\/11\/22150509\/Thumbnail__0012_DUFM068A1SCDB.jpg","type":"image\/jpeg"}],"twitter_card":"summary_large_image","twitter_site":"@DanbyAppliance","twitter_misc":{"Estimation du temps de lecture":"1 minute"},"schema":{"@context":"https:\/\/schema.org","@graph":[{"@type":["WebPage","ItemPage"],"url":"https:\/\/www.danby.com\/fr\/products\/congelateurs\/dufm068a1scdb\/","name":"Cong\u00e9lateur vertical convertible Danby - DUFM068A1SCDB | Danby Canada","isPartOf":[],"primaryImageOfPage":[],"image":[],"thumbnailUrl":"https:\/\/www.danby.com\/fr\/wp-content\/uploads\/sites\/2\/2025\/09\/dufm068a1scdb-front.jpg","datePublished":"2023-03-07T02:22:03+00:00","dateModified":"2026-04-09T10:08:01+00:00","description":"Obtenez le meilleur des deux mondes avec ce r\u00e9frig\u00e9rateur vertical convertible ! Nos appareils convertibles permettent de passer facilement d'un r\u00e9frig\u00e9rateur \u00e0 un cong\u00e9lateur, en fonction de vos besoins. Que vous ayez besoin d'un espace de r\u00e9frig\u00e9ration suppl\u00e9mentaire pour les courses ou d'un espace de cong\u00e9lation plus grand pour la cr\u00e8me glac\u00e9e, ce r\u00e9frig\u00e9rateur vertical convertible a tout ce qu'il vous faut. De plus, notre fonction de conversion facile \u00e0 utiliser facilite le passage d'un mode \u00e0 l'autre.","breadcrumb":[],"inLanguage":"fr-CA","potentialAction":[{"@type":"ReadAction","target":["https:\/\/www.danby.com\/fr\/products\/congelateurs\/dufm068a1scdb\/"]}]},{"@type":"ImageObject","inLanguage":"fr-CA","url":"https:\/\/www.danby.com\/fr\/wp-content\/uploads\/sites\/2\/2025\/09\/dufm068a1scdb-front.jpg","contentUrl":"https:\/\/www.danby.com\/fr\/wp-content\/uploads\/sites\/2\/2025\/09\/dufm068a1scdb-front.jpg","width":810,"height":1080},{"@type":"BreadcrumbList","itemListElement":[{"@type":"ListItem","position":1,"name":"Home","item":"https:\/\/www.danby.com\/fr\/"},{"@type":"ListItem","position":2,"name":"Boutique","item":"https:\/\/www.danby.com\/fr\/boutique\/"},{"@type":"ListItem","position":3,"name":"Cong\u00e9lateur vertical convertible Danby"}]},{"@type":"WebSite","url":"https:\/\/www.danby.com\/fr\/","name":"Danby - Canada - French","description":"Leader dans le domaine de la r\u00e9frig\u00e9ration et des appareils sp\u00e9cialis\u00e9s","publisher":[],"potentialAction":[{"@type":"SearchAction","target":{"@type":"EntryPoint","urlTemplate":"https:\/\/www.danby.com\/fr\/?s={search_term_string}"},"query-input":{"@type":"PropertyValueSpecification","valueRequired":true,"valueName":"search_term_string"}}],"inLanguage":"fr-CA"},{"@type":"Organization","name":"Danby Appliances","url":"https:\/\/www.danby.com\/fr\/","logo":{"@type":"ImageObject","inLanguage":"fr-CA","url":"https:\/\/cdnweb.danby.com\/wp-content\/uploads\/sites\/2\/2022\/02\/10141906\/Danby75Ans_Blue.png","contentUrl":"https:\/\/cdnweb.danby.com\/wp-content\/uploads\/sites\/2\/2022\/02\/10141906\/Danby75Ans_Blue.png","width":470,"height":110,"caption":"Danby Appliances"},"image":[],"sameAs":["https:\/\/www.facebook.com\/DanbyAppliances","https:\/\/x.com\/DanbyAppliance","https:\/\/instagram.com\/danbyappliances\/","https:\/\/www.linkedin.com\/company\/danbyappliances","https:\/\/www.pinterest.ca\/danbyappliances\/","https:\/\/www.youtube.com\/user\/DanbyProducts","https:\/\/en.wikipedia.org\/wiki\/Danby_(appliances)"]}]}},"post_mailing_queue_ids":[],"_links":{"self":[{"href":"https:\/\/www.danby.com\/fr\/wp-json\/wp\/v2\/product\/19858","targetHints":{"allow":["GET"]}}],"collection":[{"href":"https:\/\/www.danby.com\/fr\/wp-json\/wp\/v2\/product"}],"about":[{"href":"https:\/\/www.danby.com\/fr\/wp-json\/wp\/v2\/types\/product"}],"replies":[{"embeddable":true,"href":"https:\/\/www.danby.com\/fr\/wp-json\/wp\/v2\/comments?post=19858"}],"wp:featuredmedia":[{"embeddable":true,"href":"https:\/\/www.danby.com\/fr\/wp-json\/wp\/v2\/media\/35142"}],"wp:attachment":[{"href":"https:\/\/www.danby.com\/fr\/wp-json\/wp\/v2\/media?parent=19858"}],"wp:term":[{"taxonomy":"product_brand","embeddable":true,"href":"https:\/\/www.danby.com\/fr\/wp-json\/wp\/v2\/product_brand?post=19858"},{"taxonomy":"product_cat","embeddable":true,"href":"https:\/\/www.danby.com\/fr\/wp-json\/wp\/v2\/product_cat?post=19858"},{"taxonomy":"product_tag","embeddable":true,"href":"https:\/\/www.danby.com\/fr\/wp-json\/wp\/v2\/product_tag?post=19858"}],"curies":[{"name":"wp","href":"https:\/\/api.w.org\/{rel}","templated":true}]}}