{"id":19855,"date":"2023-03-06T23:57:37","date_gmt":"2023-03-06T23:57:37","guid":{"rendered":"https:\/\/www.danby.com\/fr\/products\/uncategorized\/dac080b8iwdb-6\/"},"modified":"2026-04-06T10:03:46","modified_gmt":"2026-04-06T10:03:46","slug":"dac080b8iwdb-6","status":"publish","type":"product","link":"https:\/\/www.danby.com\/fr\/products\/climatiseurs-de-fenetre\/dac080b8iwdb-6\/","title":{"rendered":"Danby Climatiseur de fen\u00eatre 8,000 BTU en blanc"},"content":{"rendered":"","protected":false},"excerpt":{"rendered":"<ul>\n<li>8 000 BTU refroidissent un espace jusqu&#8217;\u00e0 350 pieds carr\u00e9s.<\/li>\n<li>R\u00e9frig\u00e9rant R32<\/li>\n<li>Compresseur \u00e0 onduleur : 35 % d&#8217;\u00e9conomies d&#8217;\u00e9nergie gr\u00e2ce \u00e0 la technologie avanc\u00e9e de l&#8217;onduleur \u00e0 courant continu.<\/li>\n<li>Mode d\u00e9shumidificateur<\/li>\n<li>Technologie silencieuse : fonctionne \u00e0 partir de 42dB. L&#8217;unit\u00e9 est 9x plus silencieuse que les unit\u00e9s traditionnelles.<\/li>\n<li>certifi\u00e9 ENERGY STAR\u00ae<\/li>\n<li>Connexion sans fil : contr\u00f4lez la temp\u00e9rature de votre espace \u00e0 tout moment et de n&#8217;importe o\u00f9.<\/li>\n<li>Commandes \u00e9lectroniques avec affichage LED et t\u00e9l\u00e9commande<\/li>\n<li>Un puissant ventilateur \u00e0 3 vitesses fait circuler l&#8217;air<\/li>\n<li>Red\u00e9marrage automatique : L&#8217;unit\u00e9 red\u00e9marre automatiquement apr\u00e8s une panne de courant<\/li>\n<li>Mode veille : Emp\u00eache la pi\u00e8ce de devenir trop froide pendant que vous dormez.<\/li>\n<li>Interrupteur d&#8217;\u00e9conomie d&#8217;\u00e9nergie : active et d\u00e9sactive le ventilateur pour r\u00e9duire la consommation d&#8217;\u00e9nergie.<\/li>\n<\/ul>\n","protected":false},"featured_media":35431,"comment_status":"open","ping_status":"closed","template":"","meta":{"_acf_changed":false},"product_brand":[],"product_cat":[40,1449],"product_tag":[],"class_list":{"0":"post-19855","1":"product","2":"type-product","3":"status-publish","4":"has-post-thumbnail","6":"product_cat-climatiseurs-de-fenetre","7":"product_cat-sales","8":"pa_btu-78","10":"first","11":"instock","12":"sale","13":"taxable","14":"shipping-taxable","15":"purchasable","16":"product-type-simple"},"acf":[],"yoast_head":"<!-- This site is optimized with the Yoast SEO plugin v26.7 - https:\/\/yoast.com\/wordpress\/plugins\/seo\/ -->\n<title>Danby Climatiseur de fen\u00eatre 8,000 BTU en blanc - DAC080B8IWDB-6 | Danby Canada<\/title>\n<meta name=\"description\" content=\"Ce climatiseur de fen\u00eatre de 8 000 BTU de Danby est parfait pour rafra\u00eechir des pi\u00e8ces allant jusqu&#039;\u00e0 350 pieds carr\u00e9s ! Pour vous aider \u00e0 maximiser votre confort, cet appareil est \u00e9quip\u00e9 d&#039;une conception 3 en 1 : climatiseur, ventilateur et d\u00e9shumidificateur pour que vous soyez \u00e0 l&#039;aise, peu importe le temps qu&#039;il fait dehors ! Ce climatiseur de fen\u00eatre est conforme \u00e0 la norme Energy Star\u00ae et est \u00e9quip\u00e9 d&#039;un mode veille et d&#039;un interrupteur d&#039;\u00e9conomie d&#039;\u00e9nergie, ce qui vous permet d&#039;\u00e9conomiser sur vos factures mensuelles. Con\u00e7u avec la technologie des silencieux, ce mod\u00e8le fonctionne \u00e0 42 d\u00e9cibels, ce qui est 9 fois plus silencieux que les unit\u00e9s traditionnelles. Utilisez la fonction de connexion sans fil pour contr\u00f4ler la temp\u00e9rature de votre espace \u00e0 tout moment et de n&#039;importe o\u00f9. Pour aider \u00e0 maximiser le refroidissement, cette unit\u00e9 est livr\u00e9e avec un puissant ventilateur \u00e0 3 vitesses pour faire circuler l&#039;air. L&#039;entretien est facile gr\u00e2ce \u00e0 son filtre \u00e0 air lavable et r\u00e9utilisable.\" \/>\n<meta name=\"robots\" content=\"index, follow, max-snippet:-1, max-image-preview:large, max-video-preview:-1\" \/>\n<link rel=\"canonical\" href=\"https:\/\/www.danby.com\/fr\/products\/climatiseurs-de-fenetre\/dac080b8iwdb-6\/\" \/>\n<meta property=\"og:locale\" content=\"fr_CA\" \/>\n<meta property=\"og:type\" content=\"article\" \/>\n<meta property=\"og:title\" content=\"Danby Climatiseur de fen\u00eatre 8,000 BTU en blanc - DAC080B8IWDB-6 | Danby Canada\" \/>\n<meta property=\"og:description\" content=\"Ce climatiseur de fen\u00eatre de 8 000 BTU de Danby est parfait pour rafra\u00eechir des pi\u00e8ces allant jusqu&#039;\u00e0 350 pieds carr\u00e9s ! Pour vous aider \u00e0 maximiser votre confort, cet appareil est \u00e9quip\u00e9 d&#039;une conception 3 en 1 : climatiseur, ventilateur et d\u00e9shumidificateur pour que vous soyez \u00e0 l&#039;aise, peu importe le temps qu&#039;il fait dehors ! Ce climatiseur de fen\u00eatre est conforme \u00e0 la norme Energy Star\u00ae et est \u00e9quip\u00e9 d&#039;un mode veille et d&#039;un interrupteur d&#039;\u00e9conomie d&#039;\u00e9nergie, ce qui vous permet d&#039;\u00e9conomiser sur vos factures mensuelles. Con\u00e7u avec la technologie des silencieux, ce mod\u00e8le fonctionne \u00e0 42 d\u00e9cibels, ce qui est 9 fois plus silencieux que les unit\u00e9s traditionnelles. Utilisez la fonction de connexion sans fil pour contr\u00f4ler la temp\u00e9rature de votre espace \u00e0 tout moment et de n&#039;importe o\u00f9. Pour aider \u00e0 maximiser le refroidissement, cette unit\u00e9 est livr\u00e9e avec un puissant ventilateur \u00e0 3 vitesses pour faire circuler l&#039;air. L&#039;entretien est facile gr\u00e2ce \u00e0 son filtre \u00e0 air lavable et r\u00e9utilisable.\" \/>\n<meta property=\"og:url\" content=\"https:\/\/www.danby.com\/fr\/products\/climatiseurs-de-fenetre\/dac080b8iwdb-6\/\" \/>\n<meta property=\"og:site_name\" content=\"Danby - Canada - French\" \/>\n<meta property=\"article:publisher\" content=\"https:\/\/www.facebook.com\/DanbyAppliances\" \/>\n<meta property=\"article:modified_time\" content=\"2026-04-06T10:03:46+00:00\" \/>\n<meta property=\"og:image\" content=\"https:\/\/cdnweb.danby.com\/wp-content\/uploads\/sites\/2\/2024\/01\/16131433\/WAC__0003_DAC080B8IWDB-6.jpg\" \/>\n\t<meta property=\"og:image:width\" content=\"1125\" \/>\n\t<meta property=\"og:image:height\" content=\"1500\" \/>\n\t<meta property=\"og:image:type\" content=\"image\/jpeg\" \/>\n<meta name=\"twitter:card\" content=\"summary_large_image\" \/>\n<meta name=\"twitter:site\" content=\"@DanbyAppliance\" \/>\n<script type=\"application\/ld+json\" class=\"yoast-schema-graph\">{\"@context\":\"https:\/\/schema.org\",\"@graph\":[{\"@type\":[\"WebPage\",\"ItemPage\"],\"url\":\"https:\/\/www.danby.com\/fr\/products\/climatiseurs-de-fenetre\/dac080b8iwdb-6\/\",\"name\":\"Danby Climatiseur de fen\u00eatre 8,000 BTU en blanc - DAC080B8IWDB-6 | Danby Canada\",\"isPartOf\":[],\"primaryImageOfPage\":[],\"image\":[],\"thumbnailUrl\":\"https:\/\/www.danby.com\/fr\/wp-content\/uploads\/sites\/2\/2025\/10\/dac080b8iwdb-6-thumbnail.jpg\",\"datePublished\":\"2023-03-06T23:57:37+00:00\",\"dateModified\":\"2026-04-06T10:03:46+00:00\",\"description\":\"Ce climatiseur de fen\u00eatre de 8 000 BTU de Danby est parfait pour rafra\u00eechir des pi\u00e8ces allant jusqu'\u00e0 350 pieds carr\u00e9s ! Pour vous aider \u00e0 maximiser votre confort, cet appareil est \u00e9quip\u00e9 d'une conception 3 en 1 : climatiseur, ventilateur et d\u00e9shumidificateur pour que vous soyez \u00e0 l'aise, peu importe le temps qu'il fait dehors ! Ce climatiseur de fen\u00eatre est conforme \u00e0 la norme Energy Star\u00ae et est \u00e9quip\u00e9 d'un mode veille et d'un interrupteur d'\u00e9conomie d'\u00e9nergie, ce qui vous permet d'\u00e9conomiser sur vos factures mensuelles. Con\u00e7u avec la technologie des silencieux, ce mod\u00e8le fonctionne \u00e0 42 d\u00e9cibels, ce qui est 9 fois plus silencieux que les unit\u00e9s traditionnelles. Utilisez la fonction de connexion sans fil pour contr\u00f4ler la temp\u00e9rature de votre espace \u00e0 tout moment et de n'importe o\u00f9. Pour aider \u00e0 maximiser le refroidissement, cette unit\u00e9 est livr\u00e9e avec un puissant ventilateur \u00e0 3 vitesses pour faire circuler l'air. L'entretien est facile gr\u00e2ce \u00e0 son filtre \u00e0 air lavable et r\u00e9utilisable.\",\"breadcrumb\":[],\"inLanguage\":\"fr-CA\",\"potentialAction\":[{\"@type\":\"ReadAction\",\"target\":[\"https:\/\/www.danby.com\/fr\/products\/climatiseurs-de-fenetre\/dac080b8iwdb-6\/\"]}]},{\"@type\":\"ImageObject\",\"inLanguage\":\"fr-CA\",\"url\":\"https:\/\/www.danby.com\/fr\/wp-content\/uploads\/sites\/2\/2025\/10\/dac080b8iwdb-6-thumbnail.jpg\",\"contentUrl\":\"https:\/\/www.danby.com\/fr\/wp-content\/uploads\/sites\/2\/2025\/10\/dac080b8iwdb-6-thumbnail.jpg\",\"width\":768,\"height\":1024},{\"@type\":\"BreadcrumbList\",\"itemListElement\":[{\"@type\":\"ListItem\",\"position\":1,\"name\":\"Home\",\"item\":\"https:\/\/www.danby.com\/fr\/\"},{\"@type\":\"ListItem\",\"position\":2,\"name\":\"Boutique\",\"item\":\"https:\/\/www.danby.com\/fr\/boutique\/\"},{\"@type\":\"ListItem\",\"position\":3,\"name\":\"Danby Climatiseur de fen\u00eatre 8,000 BTU en blanc\"}]},{\"@type\":\"WebSite\",\"url\":\"https:\/\/www.danby.com\/fr\/\",\"name\":\"Danby - Canada - French\",\"description\":\"Leader dans le domaine de la r\u00e9frig\u00e9ration et des appareils sp\u00e9cialis\u00e9s\",\"publisher\":[],\"potentialAction\":[{\"@type\":\"SearchAction\",\"target\":{\"@type\":\"EntryPoint\",\"urlTemplate\":\"https:\/\/www.danby.com\/fr\/?s={search_term_string}\"},\"query-input\":{\"@type\":\"PropertyValueSpecification\",\"valueRequired\":true,\"valueName\":\"search_term_string\"}}],\"inLanguage\":\"fr-CA\"},{\"@type\":\"Organization\",\"name\":\"Danby Appliances\",\"url\":\"https:\/\/www.danby.com\/fr\/\",\"logo\":{\"@type\":\"ImageObject\",\"inLanguage\":\"fr-CA\",\"url\":\"https:\/\/cdnweb.danby.com\/wp-content\/uploads\/sites\/2\/2022\/02\/10141906\/Danby75Ans_Blue.png\",\"contentUrl\":\"https:\/\/cdnweb.danby.com\/wp-content\/uploads\/sites\/2\/2022\/02\/10141906\/Danby75Ans_Blue.png\",\"width\":470,\"height\":110,\"caption\":\"Danby Appliances\"},\"image\":[],\"sameAs\":[\"https:\/\/www.facebook.com\/DanbyAppliances\",\"https:\/\/x.com\/DanbyAppliance\",\"https:\/\/instagram.com\/danbyappliances\/\",\"https:\/\/www.linkedin.com\/company\/danbyappliances\",\"https:\/\/www.pinterest.ca\/danbyappliances\/\",\"https:\/\/www.youtube.com\/user\/DanbyProducts\",\"https:\/\/en.wikipedia.org\/wiki\/Danby_(appliances)\"]}]}<\/script>\n<!-- \/ Yoast SEO plugin. -->","yoast_head_json":{"title":"Danby Climatiseur de fen\u00eatre 8,000 BTU en blanc - DAC080B8IWDB-6 | Danby Canada","description":"Ce climatiseur de fen\u00eatre de 8 000 BTU de Danby est parfait pour rafra\u00eechir des pi\u00e8ces allant jusqu'\u00e0 350 pieds carr\u00e9s ! Pour vous aider \u00e0 maximiser votre confort, cet appareil est \u00e9quip\u00e9 d'une conception 3 en 1 : climatiseur, ventilateur et d\u00e9shumidificateur pour que vous soyez \u00e0 l'aise, peu importe le temps qu'il fait dehors ! Ce climatiseur de fen\u00eatre est conforme \u00e0 la norme Energy Star\u00ae et est \u00e9quip\u00e9 d'un mode veille et d'un interrupteur d'\u00e9conomie d'\u00e9nergie, ce qui vous permet d'\u00e9conomiser sur vos factures mensuelles. Con\u00e7u avec la technologie des silencieux, ce mod\u00e8le fonctionne \u00e0 42 d\u00e9cibels, ce qui est 9 fois plus silencieux que les unit\u00e9s traditionnelles. Utilisez la fonction de connexion sans fil pour contr\u00f4ler la temp\u00e9rature de votre espace \u00e0 tout moment et de n'importe o\u00f9. Pour aider \u00e0 maximiser le refroidissement, cette unit\u00e9 est livr\u00e9e avec un puissant ventilateur \u00e0 3 vitesses pour faire circuler l'air. L'entretien est facile gr\u00e2ce \u00e0 son filtre \u00e0 air lavable et r\u00e9utilisable.","robots":{"index":"index","follow":"follow","max-snippet":"max-snippet:-1","max-image-preview":"max-image-preview:large","max-video-preview":"max-video-preview:-1"},"canonical":"https:\/\/www.danby.com\/fr\/products\/climatiseurs-de-fenetre\/dac080b8iwdb-6\/","og_locale":"fr_CA","og_type":"article","og_title":"Danby Climatiseur de fen\u00eatre 8,000 BTU en blanc - DAC080B8IWDB-6 | Danby Canada","og_description":"Ce climatiseur de fen\u00eatre de 8 000 BTU de Danby est parfait pour rafra\u00eechir des pi\u00e8ces allant jusqu'\u00e0 350 pieds carr\u00e9s ! Pour vous aider \u00e0 maximiser votre confort, cet appareil est \u00e9quip\u00e9 d'une conception 3 en 1 : climatiseur, ventilateur et d\u00e9shumidificateur pour que vous soyez \u00e0 l'aise, peu importe le temps qu'il fait dehors ! Ce climatiseur de fen\u00eatre est conforme \u00e0 la norme Energy Star\u00ae et est \u00e9quip\u00e9 d'un mode veille et d'un interrupteur d'\u00e9conomie d'\u00e9nergie, ce qui vous permet d'\u00e9conomiser sur vos factures mensuelles. Con\u00e7u avec la technologie des silencieux, ce mod\u00e8le fonctionne \u00e0 42 d\u00e9cibels, ce qui est 9 fois plus silencieux que les unit\u00e9s traditionnelles. Utilisez la fonction de connexion sans fil pour contr\u00f4ler la temp\u00e9rature de votre espace \u00e0 tout moment et de n'importe o\u00f9. Pour aider \u00e0 maximiser le refroidissement, cette unit\u00e9 est livr\u00e9e avec un puissant ventilateur \u00e0 3 vitesses pour faire circuler l'air. L'entretien est facile gr\u00e2ce \u00e0 son filtre \u00e0 air lavable et r\u00e9utilisable.","og_url":"https:\/\/www.danby.com\/fr\/products\/climatiseurs-de-fenetre\/dac080b8iwdb-6\/","og_site_name":"Danby - Canada - French","article_publisher":"https:\/\/www.facebook.com\/DanbyAppliances","article_modified_time":"2026-04-06T10:03:46+00:00","og_image":[{"width":1125,"height":1500,"url":"https:\/\/cdnweb.danby.com\/wp-content\/uploads\/sites\/2\/2024\/01\/16131433\/WAC__0003_DAC080B8IWDB-6.jpg","type":"image\/jpeg"}],"twitter_card":"summary_large_image","twitter_site":"@DanbyAppliance","schema":{"@context":"https:\/\/schema.org","@graph":[{"@type":["WebPage","ItemPage"],"url":"https:\/\/www.danby.com\/fr\/products\/climatiseurs-de-fenetre\/dac080b8iwdb-6\/","name":"Danby Climatiseur de fen\u00eatre 8,000 BTU en blanc - DAC080B8IWDB-6 | Danby Canada","isPartOf":[],"primaryImageOfPage":[],"image":[],"thumbnailUrl":"https:\/\/www.danby.com\/fr\/wp-content\/uploads\/sites\/2\/2025\/10\/dac080b8iwdb-6-thumbnail.jpg","datePublished":"2023-03-06T23:57:37+00:00","dateModified":"2026-04-06T10:03:46+00:00","description":"Ce climatiseur de fen\u00eatre de 8 000 BTU de Danby est parfait pour rafra\u00eechir des pi\u00e8ces allant jusqu'\u00e0 350 pieds carr\u00e9s ! Pour vous aider \u00e0 maximiser votre confort, cet appareil est \u00e9quip\u00e9 d'une conception 3 en 1 : climatiseur, ventilateur et d\u00e9shumidificateur pour que vous soyez \u00e0 l'aise, peu importe le temps qu'il fait dehors ! Ce climatiseur de fen\u00eatre est conforme \u00e0 la norme Energy Star\u00ae et est \u00e9quip\u00e9 d'un mode veille et d'un interrupteur d'\u00e9conomie d'\u00e9nergie, ce qui vous permet d'\u00e9conomiser sur vos factures mensuelles. Con\u00e7u avec la technologie des silencieux, ce mod\u00e8le fonctionne \u00e0 42 d\u00e9cibels, ce qui est 9 fois plus silencieux que les unit\u00e9s traditionnelles. Utilisez la fonction de connexion sans fil pour contr\u00f4ler la temp\u00e9rature de votre espace \u00e0 tout moment et de n'importe o\u00f9. Pour aider \u00e0 maximiser le refroidissement, cette unit\u00e9 est livr\u00e9e avec un puissant ventilateur \u00e0 3 vitesses pour faire circuler l'air. L'entretien est facile gr\u00e2ce \u00e0 son filtre \u00e0 air lavable et r\u00e9utilisable.","breadcrumb":[],"inLanguage":"fr-CA","potentialAction":[{"@type":"ReadAction","target":["https:\/\/www.danby.com\/fr\/products\/climatiseurs-de-fenetre\/dac080b8iwdb-6\/"]}]},{"@type":"ImageObject","inLanguage":"fr-CA","url":"https:\/\/www.danby.com\/fr\/wp-content\/uploads\/sites\/2\/2025\/10\/dac080b8iwdb-6-thumbnail.jpg","contentUrl":"https:\/\/www.danby.com\/fr\/wp-content\/uploads\/sites\/2\/2025\/10\/dac080b8iwdb-6-thumbnail.jpg","width":768,"height":1024},{"@type":"BreadcrumbList","itemListElement":[{"@type":"ListItem","position":1,"name":"Home","item":"https:\/\/www.danby.com\/fr\/"},{"@type":"ListItem","position":2,"name":"Boutique","item":"https:\/\/www.danby.com\/fr\/boutique\/"},{"@type":"ListItem","position":3,"name":"Danby Climatiseur de fen\u00eatre 8,000 BTU en blanc"}]},{"@type":"WebSite","url":"https:\/\/www.danby.com\/fr\/","name":"Danby - Canada - French","description":"Leader dans le domaine de la r\u00e9frig\u00e9ration et des appareils sp\u00e9cialis\u00e9s","publisher":[],"potentialAction":[{"@type":"SearchAction","target":{"@type":"EntryPoint","urlTemplate":"https:\/\/www.danby.com\/fr\/?s={search_term_string}"},"query-input":{"@type":"PropertyValueSpecification","valueRequired":true,"valueName":"search_term_string"}}],"inLanguage":"fr-CA"},{"@type":"Organization","name":"Danby Appliances","url":"https:\/\/www.danby.com\/fr\/","logo":{"@type":"ImageObject","inLanguage":"fr-CA","url":"https:\/\/cdnweb.danby.com\/wp-content\/uploads\/sites\/2\/2022\/02\/10141906\/Danby75Ans_Blue.png","contentUrl":"https:\/\/cdnweb.danby.com\/wp-content\/uploads\/sites\/2\/2022\/02\/10141906\/Danby75Ans_Blue.png","width":470,"height":110,"caption":"Danby Appliances"},"image":[],"sameAs":["https:\/\/www.facebook.com\/DanbyAppliances","https:\/\/x.com\/DanbyAppliance","https:\/\/instagram.com\/danbyappliances\/","https:\/\/www.linkedin.com\/company\/danbyappliances","https:\/\/www.pinterest.ca\/danbyappliances\/","https:\/\/www.youtube.com\/user\/DanbyProducts","https:\/\/en.wikipedia.org\/wiki\/Danby_(appliances)"]}]}},"post_mailing_queue_ids":[],"_links":{"self":[{"href":"https:\/\/www.danby.com\/fr\/wp-json\/wp\/v2\/product\/19855","targetHints":{"allow":["GET"]}}],"collection":[{"href":"https:\/\/www.danby.com\/fr\/wp-json\/wp\/v2\/product"}],"about":[{"href":"https:\/\/www.danby.com\/fr\/wp-json\/wp\/v2\/types\/product"}],"replies":[{"embeddable":true,"href":"https:\/\/www.danby.com\/fr\/wp-json\/wp\/v2\/comments?post=19855"}],"wp:featuredmedia":[{"embeddable":true,"href":"https:\/\/www.danby.com\/fr\/wp-json\/wp\/v2\/media\/35431"}],"wp:attachment":[{"href":"https:\/\/www.danby.com\/fr\/wp-json\/wp\/v2\/media?parent=19855"}],"wp:term":[{"taxonomy":"product_brand","embeddable":true,"href":"https:\/\/www.danby.com\/fr\/wp-json\/wp\/v2\/product_brand?post=19855"},{"taxonomy":"product_cat","embeddable":true,"href":"https:\/\/www.danby.com\/fr\/wp-json\/wp\/v2\/product_cat?post=19855"},{"taxonomy":"product_tag","embeddable":true,"href":"https:\/\/www.danby.com\/fr\/wp-json\/wp\/v2\/product_tag?post=19855"}],"curies":[{"name":"wp","href":"https:\/\/api.w.org\/{rel}","templated":true}]}}