{"id":19851,"date":"2023-03-06T23:48:26","date_gmt":"2023-03-06T23:48:26","guid":{"rendered":"https:\/\/www.danby.com\/fr\/products\/uncategorized\/dac100eb9wdb\/"},"modified":"2026-05-01T10:06:25","modified_gmt":"2026-05-01T10:06:25","slug":"dac100eb9wdb","status":"publish","type":"product","link":"https:\/\/www.danby.com\/fr\/products\/climatiseurs-de-fenetre\/dac100eb9wdb\/","title":{"rendered":"Danby Climatiseur de fen\u00eatre 10,000 BTU en blanc"},"content":{"rendered":"","protected":false},"excerpt":{"rendered":"<ul>\n<li>10 000 BTU refroidissent un espace jusqu&#8217;\u00e0 450 pieds carr\u00e9s.<\/li>\n<li>R\u00e9frig\u00e9rant R32 : Respectueux de l&#8217;environnement, le PRG (potentiel de r\u00e9chauffement de la plan\u00e8te) du R32 est 3 fois inf\u00e9rieur \u00e0 celui du R410a.<\/li>\n<li>Commandes \u00e9lectroniques avec affichage LED et t\u00e9l\u00e9commande<\/li>\n<li>Le puissant ventilateur \u00e0 3 vitesses vous permet de l&#8217;ajuster \u00e0 votre confort.<\/li>\n<li>Direction de l&#8217;air \u00e0 4 voies<\/li>\n<li>Synchronisez la minuterie de 24 heures avec votre programme pour \u00e9conomiser de l&#8217;\u00e9nergie.<\/li>\n<li>Red\u00e9marrage automatique : L&#8217;unit\u00e9 red\u00e9marre automatiquement apr\u00e8s une panne de courant<\/li>\n<li>Fonction Follow Me : La t\u00e9l\u00e9commande agit comme un thermostat permettant un contr\u00f4le plus pr\u00e9cis de la temp\u00e9rature.<\/li>\n<li>Mode veille : Emp\u00eache la pi\u00e8ce de devenir trop froide pendant que vous dormez.<\/li>\n<li>Interrupteur d&#8217;\u00e9conomie d&#8217;\u00e9nergie : active et d\u00e9sactive le ventilateur pour r\u00e9duire la consommation d&#8217;\u00e9nergie.<\/li>\n<li>Filtre \u00e0 air r\u00e9utilisable et lavable.<\/li>\n<\/ul>\n","protected":false},"featured_media":26560,"comment_status":"open","ping_status":"closed","template":"","meta":{"_acf_changed":false},"product_brand":[],"product_cat":[40,1449],"product_tag":[],"class_list":{"0":"post-19851","1":"product","2":"type-product","3":"status-publish","4":"has-post-thumbnail","6":"product_cat-climatiseurs-de-fenetre","7":"product_cat-sales","8":"pa_btu-75","10":"first","11":"outofstock","12":"sale","13":"taxable","14":"shipping-taxable","15":"purchasable","16":"product-type-simple"},"acf":[],"yoast_head":"<!-- This site is optimized with the Yoast SEO plugin v27.5 - https:\/\/yoast.com\/product\/yoast-seo-wordpress\/ -->\n<title>Danby Climatiseur de fen\u00eatre 10,000 BTU en blanc - DAC100EB9WDB | Danby Canada<\/title>\n<meta name=\"description\" content=\"Rafra\u00eechissez-vous avec ce climatiseur de fen\u00eatre de 10 000 BTU de Danby, id\u00e9al pour les espaces jusqu&#039;\u00e0 450 pieds carr\u00e9s. Trois puissantes vitesses de ventilateur et une direction d&#039;air \u00e0 quatre voies vous permettront de personnaliser votre exp\u00e9rience de refroidissement. Profitez de la fonction &#039;suivez-moi&#039; o\u00f9 la t\u00e9l\u00e9commande poss\u00e8de un thermostat int\u00e9gr\u00e9, permettant un refroidissement plus pr\u00e9cis. Cet appareil est \u00e9quip\u00e9 de commandes \u00e9lectroniques \u00e0 LED, tandis que le filtre lavable facilite l&#039;entretien. Le mode sommeil \u00e9vite que la pi\u00e8ce ne devienne trop froide pendant votre sommeil. Synchronisez la minuterie de 24 heures avec votre horaire et l&#039;interrupteur \u00e9conomiseur d&#039;\u00e9nergie fait fonctionner le ventilateur en cycles pour r\u00e9duire la consommation d&#039;\u00e9nergie. Cet appareil utilise le r\u00e9frig\u00e9rant R32, r\u00e9duisant le potentiel de r\u00e9chauffement global de 3 fois par rapport au r\u00e9frig\u00e9rant R410a. *Antes, cumpl\u00eda con los est\u00e1ndares de Energy Star antes del cambio de normativa del 30 de octubre de 2023.\" \/>\n<meta name=\"robots\" content=\"index, follow, max-snippet:-1, max-image-preview:large, max-video-preview:-1\" \/>\n<link rel=\"canonical\" href=\"https:\/\/www.danby.com\/fr\/products\/climatiseurs-de-fenetre\/dac100eb9wdb\/\" \/>\n<meta property=\"og:locale\" content=\"fr_CA\" \/>\n<meta property=\"og:type\" content=\"article\" \/>\n<meta property=\"og:title\" content=\"Danby Climatiseur de fen\u00eatre 10,000 BTU en blanc - DAC100EB9WDB | Danby Canada\" \/>\n<meta property=\"og:description\" content=\"Rafra\u00eechissez-vous avec ce climatiseur de fen\u00eatre de 10 000 BTU de Danby, id\u00e9al pour les espaces jusqu&#039;\u00e0 450 pieds carr\u00e9s. Trois puissantes vitesses de ventilateur et une direction d&#039;air \u00e0 quatre voies vous permettront de personnaliser votre exp\u00e9rience de refroidissement. Profitez de la fonction &#039;suivez-moi&#039; o\u00f9 la t\u00e9l\u00e9commande poss\u00e8de un thermostat int\u00e9gr\u00e9, permettant un refroidissement plus pr\u00e9cis. Cet appareil est \u00e9quip\u00e9 de commandes \u00e9lectroniques \u00e0 LED, tandis que le filtre lavable facilite l&#039;entretien. Le mode sommeil \u00e9vite que la pi\u00e8ce ne devienne trop froide pendant votre sommeil. Synchronisez la minuterie de 24 heures avec votre horaire et l&#039;interrupteur \u00e9conomiseur d&#039;\u00e9nergie fait fonctionner le ventilateur en cycles pour r\u00e9duire la consommation d&#039;\u00e9nergie. Cet appareil utilise le r\u00e9frig\u00e9rant R32, r\u00e9duisant le potentiel de r\u00e9chauffement global de 3 fois par rapport au r\u00e9frig\u00e9rant R410a. *Antes, cumpl\u00eda con los est\u00e1ndares de Energy Star antes del cambio de normativa del 30 de octubre de 2023.\" \/>\n<meta property=\"og:url\" content=\"https:\/\/www.danby.com\/fr\/products\/climatiseurs-de-fenetre\/dac100eb9wdb\/\" \/>\n<meta property=\"og:site_name\" content=\"Danby - Canada - French\" \/>\n<meta property=\"article:publisher\" content=\"https:\/\/www.facebook.com\/DanbyAppliances\" \/>\n<meta property=\"article:modified_time\" content=\"2026-05-01T10:06:25+00:00\" \/>\n<meta property=\"og:image\" content=\"https:\/\/cdnweb.danby.com\/wp-content\/uploads\/sites\/2\/2024\/01\/16132342\/WAC__0020_DAC100EB9WDB.jpg\" \/>\n\t<meta property=\"og:image:width\" content=\"1125\" \/>\n\t<meta property=\"og:image:height\" content=\"1500\" \/>\n\t<meta property=\"og:image:type\" content=\"image\/jpeg\" \/>\n<meta name=\"twitter:card\" content=\"summary_large_image\" \/>\n<meta name=\"twitter:site\" content=\"@DanbyAppliance\" \/>\n<script type=\"application\/ld+json\" class=\"yoast-schema-graph\">{\"@context\":\"https:\\\/\\\/schema.org\",\"@graph\":[{\"@type\":[\"WebPage\",\"ItemPage\"],\"url\":\"https:\\\/\\\/www.danby.com\\\/fr\\\/products\\\/climatiseurs-de-fenetre\\\/dac100eb9wdb\\\/\",\"name\":\"Danby Climatiseur de fen\u00eatre 10,000 BTU en blanc - DAC100EB9WDB | Danby Canada\",\"isPartOf\":[],\"primaryImageOfPage\":[],\"image\":[],\"thumbnailUrl\":\"https:\\\/\\\/cdnweb.danby.com\\\/wp-content\\\/uploads\\\/sites\\\/2\\\/2024\\\/01\\\/16132342\\\/WAC__0020_DAC100EB9WDB.jpg\",\"datePublished\":\"2023-03-06T23:48:26+00:00\",\"dateModified\":\"2026-05-01T10:06:25+00:00\",\"description\":\"Rafra\u00eechissez-vous avec ce climatiseur de fen\u00eatre de 10 000 BTU de Danby, id\u00e9al pour les espaces jusqu'\u00e0 450 pieds carr\u00e9s. Trois puissantes vitesses de ventilateur et une direction d'air \u00e0 quatre voies vous permettront de personnaliser votre exp\u00e9rience de refroidissement. Profitez de la fonction 'suivez-moi' o\u00f9 la t\u00e9l\u00e9commande poss\u00e8de un thermostat int\u00e9gr\u00e9, permettant un refroidissement plus pr\u00e9cis. Cet appareil est \u00e9quip\u00e9 de commandes \u00e9lectroniques \u00e0 LED, tandis que le filtre lavable facilite l'entretien. Le mode sommeil \u00e9vite que la pi\u00e8ce ne devienne trop froide pendant votre sommeil. Synchronisez la minuterie de 24 heures avec votre horaire et l'interrupteur \u00e9conomiseur d'\u00e9nergie fait fonctionner le ventilateur en cycles pour r\u00e9duire la consommation d'\u00e9nergie. Cet appareil utilise le r\u00e9frig\u00e9rant R32, r\u00e9duisant le potentiel de r\u00e9chauffement global de 3 fois par rapport au r\u00e9frig\u00e9rant R410a. *Antes, cumpl\u00eda con los est\u00e1ndares de Energy Star antes del cambio de normativa del 30 de octubre de 2023.\",\"breadcrumb\":[],\"inLanguage\":\"fr-CA\",\"potentialAction\":[{\"@type\":\"ReadAction\",\"target\":[\"https:\\\/\\\/www.danby.com\\\/fr\\\/products\\\/climatiseurs-de-fenetre\\\/dac100eb9wdb\\\/\"]}]},{\"@type\":\"ImageObject\",\"inLanguage\":\"fr-CA\",\"url\":\"https:\\\/\\\/cdnweb.danby.com\\\/wp-content\\\/uploads\\\/sites\\\/2\\\/2024\\\/01\\\/16132342\\\/WAC__0020_DAC100EB9WDB.jpg\",\"contentUrl\":\"https:\\\/\\\/cdnweb.danby.com\\\/wp-content\\\/uploads\\\/sites\\\/2\\\/2024\\\/01\\\/16132342\\\/WAC__0020_DAC100EB9WDB.jpg\",\"width\":1125,\"height\":1500},{\"@type\":\"BreadcrumbList\",\"itemListElement\":[{\"@type\":\"ListItem\",\"position\":1,\"name\":\"Home\",\"item\":\"https:\\\/\\\/www.danby.com\\\/fr\\\/\"},{\"@type\":\"ListItem\",\"position\":2,\"name\":\"Boutique\",\"item\":\"https:\\\/\\\/www.danby.com\\\/fr\\\/boutique\\\/\"},{\"@type\":\"ListItem\",\"position\":3,\"name\":\"Danby Climatiseur de fen\u00eatre 10,000 BTU en blanc\"}]},{\"@type\":\"WebSite\",\"url\":\"https:\\\/\\\/www.danby.com\\\/fr\\\/\",\"name\":\"Danby - Canada - French\",\"description\":\"Leader dans le domaine de la r\u00e9frig\u00e9ration et des appareils sp\u00e9cialis\u00e9s\",\"publisher\":[],\"potentialAction\":[{\"@type\":\"SearchAction\",\"target\":{\"@type\":\"EntryPoint\",\"urlTemplate\":\"https:\\\/\\\/www.danby.com\\\/fr\\\/?s={search_term_string}\"},\"query-input\":{\"@type\":\"PropertyValueSpecification\",\"valueRequired\":true,\"valueName\":\"search_term_string\"}}],\"inLanguage\":\"fr-CA\"},{\"@type\":\"Organization\",\"name\":\"Danby Appliances\",\"url\":\"https:\\\/\\\/www.danby.com\\\/fr\\\/\",\"logo\":{\"@type\":\"ImageObject\",\"inLanguage\":\"fr-CA\",\"url\":\"https:\\\/\\\/cdnweb.danby.com\\\/wp-content\\\/uploads\\\/sites\\\/2\\\/2022\\\/02\\\/10141906\\\/Danby75Ans_Blue.png\",\"contentUrl\":\"https:\\\/\\\/cdnweb.danby.com\\\/wp-content\\\/uploads\\\/sites\\\/2\\\/2022\\\/02\\\/10141906\\\/Danby75Ans_Blue.png\",\"width\":470,\"height\":110,\"caption\":\"Danby Appliances\"},\"image\":[],\"sameAs\":[\"https:\\\/\\\/www.facebook.com\\\/DanbyAppliances\",\"https:\\\/\\\/x.com\\\/DanbyAppliance\",\"https:\\\/\\\/instagram.com\\\/danbyappliances\\\/\",\"https:\\\/\\\/www.linkedin.com\\\/company\\\/danbyappliances\",\"https:\\\/\\\/www.pinterest.ca\\\/danbyappliances\\\/\",\"https:\\\/\\\/www.youtube.com\\\/user\\\/DanbyProducts\",\"https:\\\/\\\/en.wikipedia.org\\\/wiki\\\/Danby_(appliances)\"]}]}<\/script>\n<!-- \/ Yoast SEO plugin. -->","yoast_head_json":{"title":"Danby Climatiseur de fen\u00eatre 10,000 BTU en blanc - DAC100EB9WDB | Danby Canada","description":"Rafra\u00eechissez-vous avec ce climatiseur de fen\u00eatre de 10 000 BTU de Danby, id\u00e9al pour les espaces jusqu'\u00e0 450 pieds carr\u00e9s. Trois puissantes vitesses de ventilateur et une direction d'air \u00e0 quatre voies vous permettront de personnaliser votre exp\u00e9rience de refroidissement. Profitez de la fonction 'suivez-moi' o\u00f9 la t\u00e9l\u00e9commande poss\u00e8de un thermostat int\u00e9gr\u00e9, permettant un refroidissement plus pr\u00e9cis. Cet appareil est \u00e9quip\u00e9 de commandes \u00e9lectroniques \u00e0 LED, tandis que le filtre lavable facilite l'entretien. Le mode sommeil \u00e9vite que la pi\u00e8ce ne devienne trop froide pendant votre sommeil. Synchronisez la minuterie de 24 heures avec votre horaire et l'interrupteur \u00e9conomiseur d'\u00e9nergie fait fonctionner le ventilateur en cycles pour r\u00e9duire la consommation d'\u00e9nergie. Cet appareil utilise le r\u00e9frig\u00e9rant R32, r\u00e9duisant le potentiel de r\u00e9chauffement global de 3 fois par rapport au r\u00e9frig\u00e9rant R410a. *Antes, cumpl\u00eda con los est\u00e1ndares de Energy Star antes del cambio de normativa del 30 de octubre de 2023.","robots":{"index":"index","follow":"follow","max-snippet":"max-snippet:-1","max-image-preview":"max-image-preview:large","max-video-preview":"max-video-preview:-1"},"canonical":"https:\/\/www.danby.com\/fr\/products\/climatiseurs-de-fenetre\/dac100eb9wdb\/","og_locale":"fr_CA","og_type":"article","og_title":"Danby Climatiseur de fen\u00eatre 10,000 BTU en blanc - DAC100EB9WDB | Danby Canada","og_description":"Rafra\u00eechissez-vous avec ce climatiseur de fen\u00eatre de 10 000 BTU de Danby, id\u00e9al pour les espaces jusqu'\u00e0 450 pieds carr\u00e9s. Trois puissantes vitesses de ventilateur et une direction d'air \u00e0 quatre voies vous permettront de personnaliser votre exp\u00e9rience de refroidissement. Profitez de la fonction 'suivez-moi' o\u00f9 la t\u00e9l\u00e9commande poss\u00e8de un thermostat int\u00e9gr\u00e9, permettant un refroidissement plus pr\u00e9cis. Cet appareil est \u00e9quip\u00e9 de commandes \u00e9lectroniques \u00e0 LED, tandis que le filtre lavable facilite l'entretien. Le mode sommeil \u00e9vite que la pi\u00e8ce ne devienne trop froide pendant votre sommeil. Synchronisez la minuterie de 24 heures avec votre horaire et l'interrupteur \u00e9conomiseur d'\u00e9nergie fait fonctionner le ventilateur en cycles pour r\u00e9duire la consommation d'\u00e9nergie. Cet appareil utilise le r\u00e9frig\u00e9rant R32, r\u00e9duisant le potentiel de r\u00e9chauffement global de 3 fois par rapport au r\u00e9frig\u00e9rant R410a. *Antes, cumpl\u00eda con los est\u00e1ndares de Energy Star antes del cambio de normativa del 30 de octubre de 2023.","og_url":"https:\/\/www.danby.com\/fr\/products\/climatiseurs-de-fenetre\/dac100eb9wdb\/","og_site_name":"Danby - Canada - French","article_publisher":"https:\/\/www.facebook.com\/DanbyAppliances","article_modified_time":"2026-05-01T10:06:25+00:00","og_image":[{"width":1125,"height":1500,"url":"https:\/\/cdnweb.danby.com\/wp-content\/uploads\/sites\/2\/2024\/01\/16132342\/WAC__0020_DAC100EB9WDB.jpg","type":"image\/jpeg"}],"twitter_card":"summary_large_image","twitter_site":"@DanbyAppliance","schema":{"@context":"https:\/\/schema.org","@graph":[{"@type":["WebPage","ItemPage"],"url":"https:\/\/www.danby.com\/fr\/products\/climatiseurs-de-fenetre\/dac100eb9wdb\/","name":"Danby Climatiseur de fen\u00eatre 10,000 BTU en blanc - DAC100EB9WDB | Danby Canada","isPartOf":[],"primaryImageOfPage":[],"image":[],"thumbnailUrl":"https:\/\/cdnweb.danby.com\/wp-content\/uploads\/sites\/2\/2024\/01\/16132342\/WAC__0020_DAC100EB9WDB.jpg","datePublished":"2023-03-06T23:48:26+00:00","dateModified":"2026-05-01T10:06:25+00:00","description":"Rafra\u00eechissez-vous avec ce climatiseur de fen\u00eatre de 10 000 BTU de Danby, id\u00e9al pour les espaces jusqu'\u00e0 450 pieds carr\u00e9s. Trois puissantes vitesses de ventilateur et une direction d'air \u00e0 quatre voies vous permettront de personnaliser votre exp\u00e9rience de refroidissement. Profitez de la fonction 'suivez-moi' o\u00f9 la t\u00e9l\u00e9commande poss\u00e8de un thermostat int\u00e9gr\u00e9, permettant un refroidissement plus pr\u00e9cis. Cet appareil est \u00e9quip\u00e9 de commandes \u00e9lectroniques \u00e0 LED, tandis que le filtre lavable facilite l'entretien. Le mode sommeil \u00e9vite que la pi\u00e8ce ne devienne trop froide pendant votre sommeil. Synchronisez la minuterie de 24 heures avec votre horaire et l'interrupteur \u00e9conomiseur d'\u00e9nergie fait fonctionner le ventilateur en cycles pour r\u00e9duire la consommation d'\u00e9nergie. Cet appareil utilise le r\u00e9frig\u00e9rant R32, r\u00e9duisant le potentiel de r\u00e9chauffement global de 3 fois par rapport au r\u00e9frig\u00e9rant R410a. *Antes, cumpl\u00eda con los est\u00e1ndares de Energy Star antes del cambio de normativa del 30 de octubre de 2023.","breadcrumb":[],"inLanguage":"fr-CA","potentialAction":[{"@type":"ReadAction","target":["https:\/\/www.danby.com\/fr\/products\/climatiseurs-de-fenetre\/dac100eb9wdb\/"]}]},{"@type":"ImageObject","inLanguage":"fr-CA","url":"https:\/\/cdnweb.danby.com\/wp-content\/uploads\/sites\/2\/2024\/01\/16132342\/WAC__0020_DAC100EB9WDB.jpg","contentUrl":"https:\/\/cdnweb.danby.com\/wp-content\/uploads\/sites\/2\/2024\/01\/16132342\/WAC__0020_DAC100EB9WDB.jpg","width":1125,"height":1500},{"@type":"BreadcrumbList","itemListElement":[{"@type":"ListItem","position":1,"name":"Home","item":"https:\/\/www.danby.com\/fr\/"},{"@type":"ListItem","position":2,"name":"Boutique","item":"https:\/\/www.danby.com\/fr\/boutique\/"},{"@type":"ListItem","position":3,"name":"Danby Climatiseur de fen\u00eatre 10,000 BTU en blanc"}]},{"@type":"WebSite","url":"https:\/\/www.danby.com\/fr\/","name":"Danby - Canada - French","description":"Leader dans le domaine de la r\u00e9frig\u00e9ration et des appareils sp\u00e9cialis\u00e9s","publisher":[],"potentialAction":[{"@type":"SearchAction","target":{"@type":"EntryPoint","urlTemplate":"https:\/\/www.danby.com\/fr\/?s={search_term_string}"},"query-input":{"@type":"PropertyValueSpecification","valueRequired":true,"valueName":"search_term_string"}}],"inLanguage":"fr-CA"},{"@type":"Organization","name":"Danby Appliances","url":"https:\/\/www.danby.com\/fr\/","logo":{"@type":"ImageObject","inLanguage":"fr-CA","url":"https:\/\/cdnweb.danby.com\/wp-content\/uploads\/sites\/2\/2022\/02\/10141906\/Danby75Ans_Blue.png","contentUrl":"https:\/\/cdnweb.danby.com\/wp-content\/uploads\/sites\/2\/2022\/02\/10141906\/Danby75Ans_Blue.png","width":470,"height":110,"caption":"Danby Appliances"},"image":[],"sameAs":["https:\/\/www.facebook.com\/DanbyAppliances","https:\/\/x.com\/DanbyAppliance","https:\/\/instagram.com\/danbyappliances\/","https:\/\/www.linkedin.com\/company\/danbyappliances","https:\/\/www.pinterest.ca\/danbyappliances\/","https:\/\/www.youtube.com\/user\/DanbyProducts","https:\/\/en.wikipedia.org\/wiki\/Danby_(appliances)"]}]}},"post_mailing_queue_ids":[],"_links":{"self":[{"href":"https:\/\/www.danby.com\/fr\/wp-json\/wp\/v2\/product\/19851","targetHints":{"allow":["GET"]}}],"collection":[{"href":"https:\/\/www.danby.com\/fr\/wp-json\/wp\/v2\/product"}],"about":[{"href":"https:\/\/www.danby.com\/fr\/wp-json\/wp\/v2\/types\/product"}],"replies":[{"embeddable":true,"href":"https:\/\/www.danby.com\/fr\/wp-json\/wp\/v2\/comments?post=19851"}],"wp:featuredmedia":[{"embeddable":true,"href":"https:\/\/www.danby.com\/fr\/wp-json\/wp\/v2\/media\/26560"}],"wp:attachment":[{"href":"https:\/\/www.danby.com\/fr\/wp-json\/wp\/v2\/media?parent=19851"}],"wp:term":[{"taxonomy":"product_brand","embeddable":true,"href":"https:\/\/www.danby.com\/fr\/wp-json\/wp\/v2\/product_brand?post=19851"},{"taxonomy":"product_cat","embeddable":true,"href":"https:\/\/www.danby.com\/fr\/wp-json\/wp\/v2\/product_cat?post=19851"},{"taxonomy":"product_tag","embeddable":true,"href":"https:\/\/www.danby.com\/fr\/wp-json\/wp\/v2\/product_tag?post=19851"}],"curies":[{"name":"wp","href":"https:\/\/api.w.org\/{rel}","templated":true}]}}