{"id":19840,"date":"2023-03-06T18:24:57","date_gmt":"2023-03-06T18:24:57","guid":{"rendered":"https:\/\/www.danby.com\/fr\/products\/uncategorized\/dom16a2ssdb\/"},"modified":"2026-04-13T10:04:52","modified_gmt":"2026-04-13T10:04:52","slug":"dom16a2ssdb","status":"publish","type":"product","link":"https:\/\/www.danby.com\/fr\/products\/fours-a-micro-ondes\/dom16a2ssdb\/","title":{"rendered":"Danby Four \u00e0 micro-ondes au-dessus de la cuisini\u00e8re de 1,6 pi3 en Acier Inoxydable"},"content":{"rendered":"","protected":false},"excerpt":{"rendered":"<ul>\n<li>Capacit\u00e9 de 1,6 pi3 (48 L)<\/li>\n<li>1 000 watts de puissance<\/li>\n<li>7 menus de cuisson \u00e0 capteur : Pizza, Pomme de terre, Viande, R\u00e9chauffer, Popcorn, Boisson, L\u00e9gumes<\/li>\n<li>3 options d&#8217;adoucissement &#8211; fromage, cr\u00e8me glac\u00e9e, beurre<\/li>\n<li>Vitesse D\u00e9givrage par poids, d\u00e9givrage par poids<\/li>\n<li>Cuisson au poids<\/li>\n<li>300 CFM<\/li>\n<li>Acier inoxydable Porte et poign\u00e9e<\/li>\n<li>10 niveaux de puissance<\/li>\n<li>Capteur d&#8217;humidit\u00e9 pour un chauffage parfait<\/li>\n<li>Ventilation \u00e0 l&#8217;ext\u00e9rieur ou utilisation d&#8217;un filtre \u00e0 charbon \u00e0 l&#8217;int\u00e9rieur.<\/li>\n<li>Supports de montage inclus<\/li>\n<\/ul>\n","protected":false},"featured_media":35343,"comment_status":"open","ping_status":"closed","template":"","meta":{"_acf_changed":false},"product_brand":[],"product_cat":[32],"product_tag":[],"class_list":{"0":"post-19840","1":"product","2":"type-product","3":"status-publish","4":"has-post-thumbnail","6":"product_cat-fours-a-micro-ondes","8":"first","9":"instock","10":"taxable","11":"shipping-taxable","12":"purchasable","13":"product-type-simple"},"acf":[],"yoast_head":"<!-- This site is optimized with the Yoast SEO plugin v26.7 - https:\/\/yoast.com\/wordpress\/plugins\/seo\/ -->\n<title>Danby Four \u00e0 micro-ondes au-dessus de la cuisini\u00e8re de 1,6 pi3 en Acier Inoxydable - DOM16A2SSDB | Danby Canada<\/title>\n<meta name=\"description\" content=\"Pour de nombreuses cuisines et cuisiniers, l&#039;endroit id\u00e9al pour un four \u00e0 micro-ondes est au-dessus de la cuisini\u00e8re. C&#039;est exactement ce que vous obtenez avec ce mod\u00e8le populaire de Danby. Cet appareil polyvalent offre un g\u00e9n\u00e9reux espace de cuisson et de r\u00e9chauffage de 1,6 pied cube et peut fournir une puissance de 1000 watts. Il est dot\u00e9 de deux vitesses de ventilation diff\u00e9rentes pour aider \u00e0 \u00e9liminer les odeurs et les 10 niveaux de puissance distincts peuvent \u00eatre facilement programm\u00e9s \u00e0 l&#039;aide d&#039;un simple bouton. En outre, ce four \u00e0 micro-ondes rapide est dot\u00e9 de quatre boutons de cuisson \u00e0 touche unique, d&#039;une minuterie pr\u00e9cise et d&#039;une horloge num\u00e9rique. Vos plats pr\u00e9f\u00e9r\u00e9s seront cuits \u00e0 la perfection avec ce mod\u00e8le sup\u00e9rieur, car vous pouvez \u00e9galement d\u00e9congeler vos aliments en fonction du poids ou du temps et les maintenir au chaud une fois qu&#039;ils sont pr\u00eats \u00e0 \u00eatre servis. Ce four \u00e0 micro-ondes chic est dot\u00e9 d&#039;une porte en verre noir et en acier inoxydable ainsi que de lampes encastr\u00e9es qui \u00e9clairent directement la cuisini\u00e8re en dessous. Le filtre du ventilateur est con\u00e7u pour un nettoyage facile et la fermeture intelligente \u00e0 l&#039;\u00e9preuve des enfants offre une tranquillit\u00e9 d&#039;esprit suppl\u00e9mentaire. Ce four \u00e0 micro-ondes raffin\u00e9 b\u00e9n\u00e9ficie \u00e9galement d&#039;une garantie de 18 mois sur les pi\u00e8ces et la main-d&#039;\u0153uvre.\" \/>\n<meta name=\"robots\" content=\"index, follow, max-snippet:-1, max-image-preview:large, max-video-preview:-1\" \/>\n<link rel=\"canonical\" href=\"https:\/\/www.danby.com\/fr\/products\/fours-a-micro-ondes\/dom16a2ssdb\/\" \/>\n<meta property=\"og:locale\" content=\"fr_CA\" \/>\n<meta property=\"og:type\" content=\"article\" \/>\n<meta property=\"og:title\" content=\"Danby Four \u00e0 micro-ondes au-dessus de la cuisini\u00e8re de 1,6 pi3 en Acier Inoxydable - DOM16A2SSDB | Danby Canada\" \/>\n<meta property=\"og:description\" content=\"Pour de nombreuses cuisines et cuisiniers, l&#039;endroit id\u00e9al pour un four \u00e0 micro-ondes est au-dessus de la cuisini\u00e8re. C&#039;est exactement ce que vous obtenez avec ce mod\u00e8le populaire de Danby. Cet appareil polyvalent offre un g\u00e9n\u00e9reux espace de cuisson et de r\u00e9chauffage de 1,6 pied cube et peut fournir une puissance de 1000 watts. Il est dot\u00e9 de deux vitesses de ventilation diff\u00e9rentes pour aider \u00e0 \u00e9liminer les odeurs et les 10 niveaux de puissance distincts peuvent \u00eatre facilement programm\u00e9s \u00e0 l&#039;aide d&#039;un simple bouton. En outre, ce four \u00e0 micro-ondes rapide est dot\u00e9 de quatre boutons de cuisson \u00e0 touche unique, d&#039;une minuterie pr\u00e9cise et d&#039;une horloge num\u00e9rique. Vos plats pr\u00e9f\u00e9r\u00e9s seront cuits \u00e0 la perfection avec ce mod\u00e8le sup\u00e9rieur, car vous pouvez \u00e9galement d\u00e9congeler vos aliments en fonction du poids ou du temps et les maintenir au chaud une fois qu&#039;ils sont pr\u00eats \u00e0 \u00eatre servis. Ce four \u00e0 micro-ondes chic est dot\u00e9 d&#039;une porte en verre noir et en acier inoxydable ainsi que de lampes encastr\u00e9es qui \u00e9clairent directement la cuisini\u00e8re en dessous. Le filtre du ventilateur est con\u00e7u pour un nettoyage facile et la fermeture intelligente \u00e0 l&#039;\u00e9preuve des enfants offre une tranquillit\u00e9 d&#039;esprit suppl\u00e9mentaire. Ce four \u00e0 micro-ondes raffin\u00e9 b\u00e9n\u00e9ficie \u00e9galement d&#039;une garantie de 18 mois sur les pi\u00e8ces et la main-d&#039;\u0153uvre.\" \/>\n<meta property=\"og:url\" content=\"https:\/\/www.danby.com\/fr\/products\/fours-a-micro-ondes\/dom16a2ssdb\/\" \/>\n<meta property=\"og:site_name\" content=\"Danby - Canada - French\" \/>\n<meta property=\"article:publisher\" content=\"https:\/\/www.facebook.com\/DanbyAppliances\" \/>\n<meta property=\"article:modified_time\" content=\"2026-04-13T10:04:52+00:00\" \/>\n<meta property=\"og:image\" content=\"https:\/\/cdnweb.danby.com\/wp-content\/uploads\/sites\/2\/2023\/11\/07162012\/DOM16A2SSDB_Front.jpg\" \/>\n\t<meta property=\"og:image:width\" content=\"1125\" \/>\n\t<meta property=\"og:image:height\" content=\"1500\" \/>\n\t<meta property=\"og:image:type\" content=\"image\/jpeg\" \/>\n<meta name=\"twitter:card\" content=\"summary_large_image\" \/>\n<meta name=\"twitter:site\" content=\"@DanbyAppliance\" \/>\n<script type=\"application\/ld+json\" class=\"yoast-schema-graph\">{\"@context\":\"https:\/\/schema.org\",\"@graph\":[{\"@type\":[\"WebPage\",\"ItemPage\"],\"url\":\"https:\/\/www.danby.com\/fr\/products\/fours-a-micro-ondes\/dom16a2ssdb\/\",\"name\":\"Danby Four \u00e0 micro-ondes au-dessus de la cuisini\u00e8re de 1,6 pi3 en Acier Inoxydable - DOM16A2SSDB | Danby Canada\",\"isPartOf\":[],\"primaryImageOfPage\":[],\"image\":[],\"thumbnailUrl\":\"https:\/\/www.danby.com\/fr\/wp-content\/uploads\/sites\/2\/2025\/10\/dom16a2ssdb-thumbnail.jpg\",\"datePublished\":\"2023-03-06T18:24:57+00:00\",\"dateModified\":\"2026-04-13T10:04:52+00:00\",\"description\":\"Pour de nombreuses cuisines et cuisiniers, l'endroit id\u00e9al pour un four \u00e0 micro-ondes est au-dessus de la cuisini\u00e8re. C'est exactement ce que vous obtenez avec ce mod\u00e8le populaire de Danby. Cet appareil polyvalent offre un g\u00e9n\u00e9reux espace de cuisson et de r\u00e9chauffage de 1,6 pied cube et peut fournir une puissance de 1000 watts. Il est dot\u00e9 de deux vitesses de ventilation diff\u00e9rentes pour aider \u00e0 \u00e9liminer les odeurs et les 10 niveaux de puissance distincts peuvent \u00eatre facilement programm\u00e9s \u00e0 l'aide d'un simple bouton. En outre, ce four \u00e0 micro-ondes rapide est dot\u00e9 de quatre boutons de cuisson \u00e0 touche unique, d'une minuterie pr\u00e9cise et d'une horloge num\u00e9rique. Vos plats pr\u00e9f\u00e9r\u00e9s seront cuits \u00e0 la perfection avec ce mod\u00e8le sup\u00e9rieur, car vous pouvez \u00e9galement d\u00e9congeler vos aliments en fonction du poids ou du temps et les maintenir au chaud une fois qu'ils sont pr\u00eats \u00e0 \u00eatre servis. Ce four \u00e0 micro-ondes chic est dot\u00e9 d'une porte en verre noir et en acier inoxydable ainsi que de lampes encastr\u00e9es qui \u00e9clairent directement la cuisini\u00e8re en dessous. Le filtre du ventilateur est con\u00e7u pour un nettoyage facile et la fermeture intelligente \u00e0 l'\u00e9preuve des enfants offre une tranquillit\u00e9 d'esprit suppl\u00e9mentaire. Ce four \u00e0 micro-ondes raffin\u00e9 b\u00e9n\u00e9ficie \u00e9galement d'une garantie de 18 mois sur les pi\u00e8ces et la main-d'\u0153uvre.\",\"breadcrumb\":[],\"inLanguage\":\"fr-CA\",\"potentialAction\":[{\"@type\":\"ReadAction\",\"target\":[\"https:\/\/www.danby.com\/fr\/products\/fours-a-micro-ondes\/dom16a2ssdb\/\"]}]},{\"@type\":\"ImageObject\",\"inLanguage\":\"fr-CA\",\"url\":\"https:\/\/www.danby.com\/fr\/wp-content\/uploads\/sites\/2\/2025\/10\/dom16a2ssdb-thumbnail.jpg\",\"contentUrl\":\"https:\/\/www.danby.com\/fr\/wp-content\/uploads\/sites\/2\/2025\/10\/dom16a2ssdb-thumbnail.jpg\",\"width\":768,\"height\":1024},{\"@type\":\"BreadcrumbList\",\"itemListElement\":[{\"@type\":\"ListItem\",\"position\":1,\"name\":\"Home\",\"item\":\"https:\/\/www.danby.com\/fr\/\"},{\"@type\":\"ListItem\",\"position\":2,\"name\":\"Boutique\",\"item\":\"https:\/\/www.danby.com\/fr\/boutique\/\"},{\"@type\":\"ListItem\",\"position\":3,\"name\":\"Danby Four \u00e0 micro-ondes au-dessus de la cuisini\u00e8re de 1,6 pi3 en acier inoxydable\"}]},{\"@type\":\"WebSite\",\"url\":\"https:\/\/www.danby.com\/fr\/\",\"name\":\"Danby - Canada - French\",\"description\":\"Leader dans le domaine de la r\u00e9frig\u00e9ration et des appareils sp\u00e9cialis\u00e9s\",\"publisher\":[],\"potentialAction\":[{\"@type\":\"SearchAction\",\"target\":{\"@type\":\"EntryPoint\",\"urlTemplate\":\"https:\/\/www.danby.com\/fr\/?s={search_term_string}\"},\"query-input\":{\"@type\":\"PropertyValueSpecification\",\"valueRequired\":true,\"valueName\":\"search_term_string\"}}],\"inLanguage\":\"fr-CA\"},{\"@type\":\"Organization\",\"name\":\"Danby Appliances\",\"url\":\"https:\/\/www.danby.com\/fr\/\",\"logo\":{\"@type\":\"ImageObject\",\"inLanguage\":\"fr-CA\",\"url\":\"https:\/\/cdnweb.danby.com\/wp-content\/uploads\/sites\/2\/2022\/02\/10141906\/Danby75Ans_Blue.png\",\"contentUrl\":\"https:\/\/cdnweb.danby.com\/wp-content\/uploads\/sites\/2\/2022\/02\/10141906\/Danby75Ans_Blue.png\",\"width\":470,\"height\":110,\"caption\":\"Danby Appliances\"},\"image\":[],\"sameAs\":[\"https:\/\/www.facebook.com\/DanbyAppliances\",\"https:\/\/x.com\/DanbyAppliance\",\"https:\/\/instagram.com\/danbyappliances\/\",\"https:\/\/www.linkedin.com\/company\/danbyappliances\",\"https:\/\/www.pinterest.ca\/danbyappliances\/\",\"https:\/\/www.youtube.com\/user\/DanbyProducts\",\"https:\/\/en.wikipedia.org\/wiki\/Danby_(appliances)\"]}]}<\/script>\n<!-- \/ Yoast SEO plugin. -->","yoast_head_json":{"title":"Danby Four \u00e0 micro-ondes au-dessus de la cuisini\u00e8re de 1,6 pi3 en Acier Inoxydable - DOM16A2SSDB | Danby Canada","description":"Pour de nombreuses cuisines et cuisiniers, l'endroit id\u00e9al pour un four \u00e0 micro-ondes est au-dessus de la cuisini\u00e8re. C'est exactement ce que vous obtenez avec ce mod\u00e8le populaire de Danby. Cet appareil polyvalent offre un g\u00e9n\u00e9reux espace de cuisson et de r\u00e9chauffage de 1,6 pied cube et peut fournir une puissance de 1000 watts. Il est dot\u00e9 de deux vitesses de ventilation diff\u00e9rentes pour aider \u00e0 \u00e9liminer les odeurs et les 10 niveaux de puissance distincts peuvent \u00eatre facilement programm\u00e9s \u00e0 l'aide d'un simple bouton. En outre, ce four \u00e0 micro-ondes rapide est dot\u00e9 de quatre boutons de cuisson \u00e0 touche unique, d'une minuterie pr\u00e9cise et d'une horloge num\u00e9rique. Vos plats pr\u00e9f\u00e9r\u00e9s seront cuits \u00e0 la perfection avec ce mod\u00e8le sup\u00e9rieur, car vous pouvez \u00e9galement d\u00e9congeler vos aliments en fonction du poids ou du temps et les maintenir au chaud une fois qu'ils sont pr\u00eats \u00e0 \u00eatre servis. Ce four \u00e0 micro-ondes chic est dot\u00e9 d'une porte en verre noir et en acier inoxydable ainsi que de lampes encastr\u00e9es qui \u00e9clairent directement la cuisini\u00e8re en dessous. Le filtre du ventilateur est con\u00e7u pour un nettoyage facile et la fermeture intelligente \u00e0 l'\u00e9preuve des enfants offre une tranquillit\u00e9 d'esprit suppl\u00e9mentaire. Ce four \u00e0 micro-ondes raffin\u00e9 b\u00e9n\u00e9ficie \u00e9galement d'une garantie de 18 mois sur les pi\u00e8ces et la main-d'\u0153uvre.","robots":{"index":"index","follow":"follow","max-snippet":"max-snippet:-1","max-image-preview":"max-image-preview:large","max-video-preview":"max-video-preview:-1"},"canonical":"https:\/\/www.danby.com\/fr\/products\/fours-a-micro-ondes\/dom16a2ssdb\/","og_locale":"fr_CA","og_type":"article","og_title":"Danby Four \u00e0 micro-ondes au-dessus de la cuisini\u00e8re de 1,6 pi3 en Acier Inoxydable - DOM16A2SSDB | Danby Canada","og_description":"Pour de nombreuses cuisines et cuisiniers, l'endroit id\u00e9al pour un four \u00e0 micro-ondes est au-dessus de la cuisini\u00e8re. C'est exactement ce que vous obtenez avec ce mod\u00e8le populaire de Danby. Cet appareil polyvalent offre un g\u00e9n\u00e9reux espace de cuisson et de r\u00e9chauffage de 1,6 pied cube et peut fournir une puissance de 1000 watts. Il est dot\u00e9 de deux vitesses de ventilation diff\u00e9rentes pour aider \u00e0 \u00e9liminer les odeurs et les 10 niveaux de puissance distincts peuvent \u00eatre facilement programm\u00e9s \u00e0 l'aide d'un simple bouton. En outre, ce four \u00e0 micro-ondes rapide est dot\u00e9 de quatre boutons de cuisson \u00e0 touche unique, d'une minuterie pr\u00e9cise et d'une horloge num\u00e9rique. Vos plats pr\u00e9f\u00e9r\u00e9s seront cuits \u00e0 la perfection avec ce mod\u00e8le sup\u00e9rieur, car vous pouvez \u00e9galement d\u00e9congeler vos aliments en fonction du poids ou du temps et les maintenir au chaud une fois qu'ils sont pr\u00eats \u00e0 \u00eatre servis. Ce four \u00e0 micro-ondes chic est dot\u00e9 d'une porte en verre noir et en acier inoxydable ainsi que de lampes encastr\u00e9es qui \u00e9clairent directement la cuisini\u00e8re en dessous. Le filtre du ventilateur est con\u00e7u pour un nettoyage facile et la fermeture intelligente \u00e0 l'\u00e9preuve des enfants offre une tranquillit\u00e9 d'esprit suppl\u00e9mentaire. Ce four \u00e0 micro-ondes raffin\u00e9 b\u00e9n\u00e9ficie \u00e9galement d'une garantie de 18 mois sur les pi\u00e8ces et la main-d'\u0153uvre.","og_url":"https:\/\/www.danby.com\/fr\/products\/fours-a-micro-ondes\/dom16a2ssdb\/","og_site_name":"Danby - Canada - French","article_publisher":"https:\/\/www.facebook.com\/DanbyAppliances","article_modified_time":"2026-04-13T10:04:52+00:00","og_image":[{"width":1125,"height":1500,"url":"https:\/\/cdnweb.danby.com\/wp-content\/uploads\/sites\/2\/2023\/11\/07162012\/DOM16A2SSDB_Front.jpg","type":"image\/jpeg"}],"twitter_card":"summary_large_image","twitter_site":"@DanbyAppliance","schema":{"@context":"https:\/\/schema.org","@graph":[{"@type":["WebPage","ItemPage"],"url":"https:\/\/www.danby.com\/fr\/products\/fours-a-micro-ondes\/dom16a2ssdb\/","name":"Danby Four \u00e0 micro-ondes au-dessus de la cuisini\u00e8re de 1,6 pi3 en Acier Inoxydable - DOM16A2SSDB | Danby Canada","isPartOf":[],"primaryImageOfPage":[],"image":[],"thumbnailUrl":"https:\/\/www.danby.com\/fr\/wp-content\/uploads\/sites\/2\/2025\/10\/dom16a2ssdb-thumbnail.jpg","datePublished":"2023-03-06T18:24:57+00:00","dateModified":"2026-04-13T10:04:52+00:00","description":"Pour de nombreuses cuisines et cuisiniers, l'endroit id\u00e9al pour un four \u00e0 micro-ondes est au-dessus de la cuisini\u00e8re. C'est exactement ce que vous obtenez avec ce mod\u00e8le populaire de Danby. Cet appareil polyvalent offre un g\u00e9n\u00e9reux espace de cuisson et de r\u00e9chauffage de 1,6 pied cube et peut fournir une puissance de 1000 watts. Il est dot\u00e9 de deux vitesses de ventilation diff\u00e9rentes pour aider \u00e0 \u00e9liminer les odeurs et les 10 niveaux de puissance distincts peuvent \u00eatre facilement programm\u00e9s \u00e0 l'aide d'un simple bouton. En outre, ce four \u00e0 micro-ondes rapide est dot\u00e9 de quatre boutons de cuisson \u00e0 touche unique, d'une minuterie pr\u00e9cise et d'une horloge num\u00e9rique. Vos plats pr\u00e9f\u00e9r\u00e9s seront cuits \u00e0 la perfection avec ce mod\u00e8le sup\u00e9rieur, car vous pouvez \u00e9galement d\u00e9congeler vos aliments en fonction du poids ou du temps et les maintenir au chaud une fois qu'ils sont pr\u00eats \u00e0 \u00eatre servis. Ce four \u00e0 micro-ondes chic est dot\u00e9 d'une porte en verre noir et en acier inoxydable ainsi que de lampes encastr\u00e9es qui \u00e9clairent directement la cuisini\u00e8re en dessous. Le filtre du ventilateur est con\u00e7u pour un nettoyage facile et la fermeture intelligente \u00e0 l'\u00e9preuve des enfants offre une tranquillit\u00e9 d'esprit suppl\u00e9mentaire. Ce four \u00e0 micro-ondes raffin\u00e9 b\u00e9n\u00e9ficie \u00e9galement d'une garantie de 18 mois sur les pi\u00e8ces et la main-d'\u0153uvre.","breadcrumb":[],"inLanguage":"fr-CA","potentialAction":[{"@type":"ReadAction","target":["https:\/\/www.danby.com\/fr\/products\/fours-a-micro-ondes\/dom16a2ssdb\/"]}]},{"@type":"ImageObject","inLanguage":"fr-CA","url":"https:\/\/www.danby.com\/fr\/wp-content\/uploads\/sites\/2\/2025\/10\/dom16a2ssdb-thumbnail.jpg","contentUrl":"https:\/\/www.danby.com\/fr\/wp-content\/uploads\/sites\/2\/2025\/10\/dom16a2ssdb-thumbnail.jpg","width":768,"height":1024},{"@type":"BreadcrumbList","itemListElement":[{"@type":"ListItem","position":1,"name":"Home","item":"https:\/\/www.danby.com\/fr\/"},{"@type":"ListItem","position":2,"name":"Boutique","item":"https:\/\/www.danby.com\/fr\/boutique\/"},{"@type":"ListItem","position":3,"name":"Danby Four \u00e0 micro-ondes au-dessus de la cuisini\u00e8re de 1,6 pi3 en acier inoxydable"}]},{"@type":"WebSite","url":"https:\/\/www.danby.com\/fr\/","name":"Danby - Canada - French","description":"Leader dans le domaine de la r\u00e9frig\u00e9ration et des appareils sp\u00e9cialis\u00e9s","publisher":[],"potentialAction":[{"@type":"SearchAction","target":{"@type":"EntryPoint","urlTemplate":"https:\/\/www.danby.com\/fr\/?s={search_term_string}"},"query-input":{"@type":"PropertyValueSpecification","valueRequired":true,"valueName":"search_term_string"}}],"inLanguage":"fr-CA"},{"@type":"Organization","name":"Danby Appliances","url":"https:\/\/www.danby.com\/fr\/","logo":{"@type":"ImageObject","inLanguage":"fr-CA","url":"https:\/\/cdnweb.danby.com\/wp-content\/uploads\/sites\/2\/2022\/02\/10141906\/Danby75Ans_Blue.png","contentUrl":"https:\/\/cdnweb.danby.com\/wp-content\/uploads\/sites\/2\/2022\/02\/10141906\/Danby75Ans_Blue.png","width":470,"height":110,"caption":"Danby Appliances"},"image":[],"sameAs":["https:\/\/www.facebook.com\/DanbyAppliances","https:\/\/x.com\/DanbyAppliance","https:\/\/instagram.com\/danbyappliances\/","https:\/\/www.linkedin.com\/company\/danbyappliances","https:\/\/www.pinterest.ca\/danbyappliances\/","https:\/\/www.youtube.com\/user\/DanbyProducts","https:\/\/en.wikipedia.org\/wiki\/Danby_(appliances)"]}]}},"post_mailing_queue_ids":[],"_links":{"self":[{"href":"https:\/\/www.danby.com\/fr\/wp-json\/wp\/v2\/product\/19840","targetHints":{"allow":["GET"]}}],"collection":[{"href":"https:\/\/www.danby.com\/fr\/wp-json\/wp\/v2\/product"}],"about":[{"href":"https:\/\/www.danby.com\/fr\/wp-json\/wp\/v2\/types\/product"}],"replies":[{"embeddable":true,"href":"https:\/\/www.danby.com\/fr\/wp-json\/wp\/v2\/comments?post=19840"}],"wp:featuredmedia":[{"embeddable":true,"href":"https:\/\/www.danby.com\/fr\/wp-json\/wp\/v2\/media\/35343"}],"wp:attachment":[{"href":"https:\/\/www.danby.com\/fr\/wp-json\/wp\/v2\/media?parent=19840"}],"wp:term":[{"taxonomy":"product_brand","embeddable":true,"href":"https:\/\/www.danby.com\/fr\/wp-json\/wp\/v2\/product_brand?post=19840"},{"taxonomy":"product_cat","embeddable":true,"href":"https:\/\/www.danby.com\/fr\/wp-json\/wp\/v2\/product_cat?post=19840"},{"taxonomy":"product_tag","embeddable":true,"href":"https:\/\/www.danby.com\/fr\/wp-json\/wp\/v2\/product_tag?post=19840"}],"curies":[{"name":"wp","href":"https:\/\/api.w.org\/{rel}","templated":true}]}}