{"id":19828,"date":"2023-03-03T14:04:53","date_gmt":"2023-03-03T14:04:53","guid":{"rendered":"https:\/\/www.danby.com\/fr\/products\/uncategorized\/dff116b2ssdbl\/"},"modified":"2026-04-26T10:03:53","modified_gmt":"2026-04-26T10:03:53","slug":"dff116b2ssdbl","status":"publish","type":"product","link":"https:\/\/www.danby.com\/fr\/products\/refrigerateurs-pour-petites-surfaces\/dff116b2ssdbl\/","title":{"rendered":"Danby R\u00e9frig\u00e9rateur d&#8217;appartement \u00e0 montage par le haut de 11,6 pi3 en acier inoxydable"},"content":{"rendered":"","protected":false},"excerpt":{"rendered":"<ul>\n<li>R\u00e9frig\u00e9rateur de 11,6 pi3 \u00e0 montage sup\u00e9rieur sans givre<\/li>\n<li>R\u00e9frig\u00e9rant R600a<\/li>\n<li>2 \u00e9tag\u00e8res r\u00e9glables en fil de fer pour le r\u00e9frig\u00e9rateur et 6 bacs fixes (2 pleins et 4 d\u00e9li\u00e9s) pour la porte<\/li>\n<li>1 clayette r\u00e9glable pour le cong\u00e9lateur et 2 clayettes fixes pour la porte<\/li>\n<li>Thermostat \u00e9lectronique facile d&#8217;acc\u00e8s<\/li>\n<li>Lumi\u00e8re int\u00e9rieure LED blanche et brillante<\/li>\n<li>R\u00e9glage d&#8217;usine du swing gauche<\/li>\n<li>Porte r\u00e9versible pour une rotation \u00e0 gauche ou \u00e0 droite.<\/li>\n<li>Rangement pour boisson dans la porte<\/li>\n<li>Videz le bac \u00e0 l\u00e9gumes et couvrez-le<\/li>\n<li>12 mois de garantie avec service \u00e0 domicile<\/li>\n<\/ul>\n","protected":false},"featured_media":35758,"comment_status":"open","ping_status":"closed","template":"","meta":{"_acf_changed":false},"product_brand":[],"product_cat":[20],"product_tag":[],"class_list":{"0":"post-19828","1":"product","2":"type-product","3":"status-publish","4":"has-post-thumbnail","6":"product_cat-refrigerateurs-pour-petites-surfaces","8":"first","9":"instock","10":"taxable","11":"shipping-taxable","12":"product-type-simple"},"acf":[],"yoast_head":"<!-- This site is optimized with the Yoast SEO plugin v27.4 - https:\/\/yoast.com\/product\/yoast-seo-wordpress\/ -->\n<title>Danby R\u00e9frig\u00e9rateur d&#039;appartement \u00e0 montage par le haut de 11,6 pi3 en acier inoxydable - DFF116B2SSDBL | Danby Canada<\/title>\n<meta name=\"description\" content=\"Si vous recherchez plus d&#039;espace de rangement, le r\u00e9frig\u00e9rateur de taille moyenne Danby DFF116B2SSDBL est dot\u00e9 d&#039;un grand espace et donne \u00e0 toute cuisine un aspect plus haut de gamme. \u00c9vitez le d\u00e9givrage manuel gr\u00e2ce \u00e0 sa fonction sans givre et surveillez la temp\u00e9rature \u00e0 l&#039;aide du thermostat \u00e9lectronique. Il dispose \u00e9galement de 2 tiroirs \u00e0 l\u00e9gumes transparents, parfaits pour les fruits et l\u00e9gumes, de 2,5 \u00e9tag\u00e8res r\u00e9glables, de 6 bacs de porte transparents et d&#039;une \u00e9tag\u00e8re de cong\u00e9lation en fil m\u00e9tallique r\u00e9glable sur toute la largeur, offrant un espace de stockage important pour vos produits surgel\u00e9s pr\u00e9f\u00e9r\u00e9s. L&#039;apparence des aliments est aussi bonne que leur go\u00fbt. Un \u00e9clairage DEL blanc brillant est projet\u00e9 \u00e0 l&#039;int\u00e9rieur du r\u00e9frig\u00e9rateur, pour que les aliments aient l&#039;apparence qu&#039;ils sont cens\u00e9s avoir. Acc\u00e9dez \u00e0 vos snacks dans les deux sens gr\u00e2ce aux portes qui peuvent pivoter \u00e0 droite ou \u00e0 gauche.\" \/>\n<meta name=\"robots\" content=\"index, follow, max-snippet:-1, max-image-preview:large, max-video-preview:-1\" \/>\n<link rel=\"canonical\" href=\"https:\/\/www.danby.com\/fr\/products\/refrigerateurs-pour-petites-surfaces\/dff116b2ssdbl\/\" \/>\n<meta property=\"og:locale\" content=\"fr_CA\" \/>\n<meta property=\"og:type\" content=\"article\" \/>\n<meta property=\"og:title\" content=\"Danby R\u00e9frig\u00e9rateur d&#039;appartement \u00e0 montage par le haut de 11,6 pi3 en acier inoxydable - DFF116B2SSDBL | Danby Canada\" \/>\n<meta property=\"og:description\" content=\"Si vous recherchez plus d&#039;espace de rangement, le r\u00e9frig\u00e9rateur de taille moyenne Danby DFF116B2SSDBL est dot\u00e9 d&#039;un grand espace et donne \u00e0 toute cuisine un aspect plus haut de gamme. \u00c9vitez le d\u00e9givrage manuel gr\u00e2ce \u00e0 sa fonction sans givre et surveillez la temp\u00e9rature \u00e0 l&#039;aide du thermostat \u00e9lectronique. Il dispose \u00e9galement de 2 tiroirs \u00e0 l\u00e9gumes transparents, parfaits pour les fruits et l\u00e9gumes, de 2,5 \u00e9tag\u00e8res r\u00e9glables, de 6 bacs de porte transparents et d&#039;une \u00e9tag\u00e8re de cong\u00e9lation en fil m\u00e9tallique r\u00e9glable sur toute la largeur, offrant un espace de stockage important pour vos produits surgel\u00e9s pr\u00e9f\u00e9r\u00e9s. L&#039;apparence des aliments est aussi bonne que leur go\u00fbt. Un \u00e9clairage DEL blanc brillant est projet\u00e9 \u00e0 l&#039;int\u00e9rieur du r\u00e9frig\u00e9rateur, pour que les aliments aient l&#039;apparence qu&#039;ils sont cens\u00e9s avoir. Acc\u00e9dez \u00e0 vos snacks dans les deux sens gr\u00e2ce aux portes qui peuvent pivoter \u00e0 droite ou \u00e0 gauche.\" \/>\n<meta property=\"og:url\" content=\"https:\/\/www.danby.com\/fr\/products\/refrigerateurs-pour-petites-surfaces\/dff116b2ssdbl\/\" \/>\n<meta property=\"og:site_name\" content=\"Danby - Canada - French\" \/>\n<meta property=\"article:publisher\" content=\"https:\/\/www.facebook.com\/DanbyAppliances\" \/>\n<meta property=\"article:modified_time\" content=\"2026-04-26T10:03:53+00:00\" \/>\n<meta property=\"og:image\" content=\"https:\/\/www.danby.com\/fr\/wp-content\/uploads\/sites\/2\/2025\/11\/Fridge_Thumbnail__0022_DFF116B2SSDBL.jpg\" \/>\n\t<meta property=\"og:image:width\" content=\"1125\" \/>\n\t<meta property=\"og:image:height\" content=\"1500\" \/>\n\t<meta property=\"og:image:type\" content=\"image\/jpeg\" \/>\n<meta name=\"twitter:card\" content=\"summary_large_image\" \/>\n<meta name=\"twitter:site\" content=\"@DanbyAppliance\" \/>\n<meta name=\"twitter:label1\" content=\"Estimation du temps de lecture\" \/>\n\t<meta name=\"twitter:data1\" content=\"1 minute\" \/>\n<script type=\"application\/ld+json\" class=\"yoast-schema-graph\">{\"@context\":\"https:\\\/\\\/schema.org\",\"@graph\":[{\"@type\":[\"WebPage\",\"ItemPage\"],\"url\":\"https:\\\/\\\/www.danby.com\\\/fr\\\/products\\\/refrigerateurs-pour-petites-surfaces\\\/dff116b2ssdbl\\\/\",\"name\":\"Danby R\u00e9frig\u00e9rateur d'appartement \u00e0 montage par le haut de 11,6 pi3 en acier inoxydable - DFF116B2SSDBL | Danby Canada\",\"isPartOf\":[],\"primaryImageOfPage\":[],\"image\":[],\"thumbnailUrl\":\"https:\\\/\\\/www.danby.com\\\/fr\\\/wp-content\\\/uploads\\\/sites\\\/2\\\/2025\\\/11\\\/Fridge_Thumbnail__0022_DFF116B2SSDBL.jpg\",\"datePublished\":\"2023-03-03T14:04:53+00:00\",\"dateModified\":\"2026-04-26T10:03:53+00:00\",\"description\":\"Si vous recherchez plus d'espace de rangement, le r\u00e9frig\u00e9rateur de taille moyenne Danby DFF116B2SSDBL est dot\u00e9 d'un grand espace et donne \u00e0 toute cuisine un aspect plus haut de gamme. \u00c9vitez le d\u00e9givrage manuel gr\u00e2ce \u00e0 sa fonction sans givre et surveillez la temp\u00e9rature \u00e0 l'aide du thermostat \u00e9lectronique. Il dispose \u00e9galement de 2 tiroirs \u00e0 l\u00e9gumes transparents, parfaits pour les fruits et l\u00e9gumes, de 2,5 \u00e9tag\u00e8res r\u00e9glables, de 6 bacs de porte transparents et d'une \u00e9tag\u00e8re de cong\u00e9lation en fil m\u00e9tallique r\u00e9glable sur toute la largeur, offrant un espace de stockage important pour vos produits surgel\u00e9s pr\u00e9f\u00e9r\u00e9s. L'apparence des aliments est aussi bonne que leur go\u00fbt. Un \u00e9clairage DEL blanc brillant est projet\u00e9 \u00e0 l'int\u00e9rieur du r\u00e9frig\u00e9rateur, pour que les aliments aient l'apparence qu'ils sont cens\u00e9s avoir. Acc\u00e9dez \u00e0 vos snacks dans les deux sens gr\u00e2ce aux portes qui peuvent pivoter \u00e0 droite ou \u00e0 gauche.\",\"breadcrumb\":[],\"inLanguage\":\"fr-CA\",\"potentialAction\":[{\"@type\":\"ReadAction\",\"target\":[\"https:\\\/\\\/www.danby.com\\\/fr\\\/products\\\/refrigerateurs-pour-petites-surfaces\\\/dff116b2ssdbl\\\/\"]}]},{\"@type\":\"ImageObject\",\"inLanguage\":\"fr-CA\",\"url\":\"https:\\\/\\\/www.danby.com\\\/fr\\\/wp-content\\\/uploads\\\/sites\\\/2\\\/2025\\\/11\\\/Fridge_Thumbnail__0022_DFF116B2SSDBL.jpg\",\"contentUrl\":\"https:\\\/\\\/www.danby.com\\\/fr\\\/wp-content\\\/uploads\\\/sites\\\/2\\\/2025\\\/11\\\/Fridge_Thumbnail__0022_DFF116B2SSDBL.jpg\",\"width\":1125,\"height\":1500},{\"@type\":\"BreadcrumbList\",\"itemListElement\":[{\"@type\":\"ListItem\",\"position\":1,\"name\":\"Home\",\"item\":\"https:\\\/\\\/www.danby.com\\\/fr\\\/\"},{\"@type\":\"ListItem\",\"position\":2,\"name\":\"Boutique\",\"item\":\"https:\\\/\\\/www.danby.com\\\/fr\\\/boutique\\\/\"},{\"@type\":\"ListItem\",\"position\":3,\"name\":\"Danby R\u00e9frig\u00e9rateur d&#8217;appartement \u00e0 montage par le haut de 11,6 pi3 en acier inoxydable\"}]},{\"@type\":\"WebSite\",\"url\":\"https:\\\/\\\/www.danby.com\\\/fr\\\/\",\"name\":\"Danby - Canada - French\",\"description\":\"Leader dans le domaine de la r\u00e9frig\u00e9ration et des appareils sp\u00e9cialis\u00e9s\",\"publisher\":[],\"potentialAction\":[{\"@type\":\"SearchAction\",\"target\":{\"@type\":\"EntryPoint\",\"urlTemplate\":\"https:\\\/\\\/www.danby.com\\\/fr\\\/?s={search_term_string}\"},\"query-input\":{\"@type\":\"PropertyValueSpecification\",\"valueRequired\":true,\"valueName\":\"search_term_string\"}}],\"inLanguage\":\"fr-CA\"},{\"@type\":\"Organization\",\"name\":\"Danby Appliances\",\"url\":\"https:\\\/\\\/www.danby.com\\\/fr\\\/\",\"logo\":{\"@type\":\"ImageObject\",\"inLanguage\":\"fr-CA\",\"url\":\"https:\\\/\\\/cdnweb.danby.com\\\/wp-content\\\/uploads\\\/sites\\\/2\\\/2022\\\/02\\\/10141906\\\/Danby75Ans_Blue.png\",\"contentUrl\":\"https:\\\/\\\/cdnweb.danby.com\\\/wp-content\\\/uploads\\\/sites\\\/2\\\/2022\\\/02\\\/10141906\\\/Danby75Ans_Blue.png\",\"width\":470,\"height\":110,\"caption\":\"Danby Appliances\"},\"image\":[],\"sameAs\":[\"https:\\\/\\\/www.facebook.com\\\/DanbyAppliances\",\"https:\\\/\\\/x.com\\\/DanbyAppliance\",\"https:\\\/\\\/instagram.com\\\/danbyappliances\\\/\",\"https:\\\/\\\/www.linkedin.com\\\/company\\\/danbyappliances\",\"https:\\\/\\\/www.pinterest.ca\\\/danbyappliances\\\/\",\"https:\\\/\\\/www.youtube.com\\\/user\\\/DanbyProducts\",\"https:\\\/\\\/en.wikipedia.org\\\/wiki\\\/Danby_(appliances)\"]}]}<\/script>\n<!-- \/ Yoast SEO plugin. -->","yoast_head_json":{"title":"Danby R\u00e9frig\u00e9rateur d'appartement \u00e0 montage par le haut de 11,6 pi3 en acier inoxydable - DFF116B2SSDBL | Danby Canada","description":"Si vous recherchez plus d'espace de rangement, le r\u00e9frig\u00e9rateur de taille moyenne Danby DFF116B2SSDBL est dot\u00e9 d'un grand espace et donne \u00e0 toute cuisine un aspect plus haut de gamme. \u00c9vitez le d\u00e9givrage manuel gr\u00e2ce \u00e0 sa fonction sans givre et surveillez la temp\u00e9rature \u00e0 l'aide du thermostat \u00e9lectronique. Il dispose \u00e9galement de 2 tiroirs \u00e0 l\u00e9gumes transparents, parfaits pour les fruits et l\u00e9gumes, de 2,5 \u00e9tag\u00e8res r\u00e9glables, de 6 bacs de porte transparents et d'une \u00e9tag\u00e8re de cong\u00e9lation en fil m\u00e9tallique r\u00e9glable sur toute la largeur, offrant un espace de stockage important pour vos produits surgel\u00e9s pr\u00e9f\u00e9r\u00e9s. L'apparence des aliments est aussi bonne que leur go\u00fbt. Un \u00e9clairage DEL blanc brillant est projet\u00e9 \u00e0 l'int\u00e9rieur du r\u00e9frig\u00e9rateur, pour que les aliments aient l'apparence qu'ils sont cens\u00e9s avoir. Acc\u00e9dez \u00e0 vos snacks dans les deux sens gr\u00e2ce aux portes qui peuvent pivoter \u00e0 droite ou \u00e0 gauche.","robots":{"index":"index","follow":"follow","max-snippet":"max-snippet:-1","max-image-preview":"max-image-preview:large","max-video-preview":"max-video-preview:-1"},"canonical":"https:\/\/www.danby.com\/fr\/products\/refrigerateurs-pour-petites-surfaces\/dff116b2ssdbl\/","og_locale":"fr_CA","og_type":"article","og_title":"Danby R\u00e9frig\u00e9rateur d'appartement \u00e0 montage par le haut de 11,6 pi3 en acier inoxydable - DFF116B2SSDBL | Danby Canada","og_description":"Si vous recherchez plus d'espace de rangement, le r\u00e9frig\u00e9rateur de taille moyenne Danby DFF116B2SSDBL est dot\u00e9 d'un grand espace et donne \u00e0 toute cuisine un aspect plus haut de gamme. \u00c9vitez le d\u00e9givrage manuel gr\u00e2ce \u00e0 sa fonction sans givre et surveillez la temp\u00e9rature \u00e0 l'aide du thermostat \u00e9lectronique. Il dispose \u00e9galement de 2 tiroirs \u00e0 l\u00e9gumes transparents, parfaits pour les fruits et l\u00e9gumes, de 2,5 \u00e9tag\u00e8res r\u00e9glables, de 6 bacs de porte transparents et d'une \u00e9tag\u00e8re de cong\u00e9lation en fil m\u00e9tallique r\u00e9glable sur toute la largeur, offrant un espace de stockage important pour vos produits surgel\u00e9s pr\u00e9f\u00e9r\u00e9s. L'apparence des aliments est aussi bonne que leur go\u00fbt. Un \u00e9clairage DEL blanc brillant est projet\u00e9 \u00e0 l'int\u00e9rieur du r\u00e9frig\u00e9rateur, pour que les aliments aient l'apparence qu'ils sont cens\u00e9s avoir. Acc\u00e9dez \u00e0 vos snacks dans les deux sens gr\u00e2ce aux portes qui peuvent pivoter \u00e0 droite ou \u00e0 gauche.","og_url":"https:\/\/www.danby.com\/fr\/products\/refrigerateurs-pour-petites-surfaces\/dff116b2ssdbl\/","og_site_name":"Danby - Canada - French","article_publisher":"https:\/\/www.facebook.com\/DanbyAppliances","article_modified_time":"2026-04-26T10:03:53+00:00","og_image":[{"width":1125,"height":1500,"url":"https:\/\/www.danby.com\/fr\/wp-content\/uploads\/sites\/2\/2025\/11\/Fridge_Thumbnail__0022_DFF116B2SSDBL.jpg","type":"image\/jpeg"}],"twitter_card":"summary_large_image","twitter_site":"@DanbyAppliance","twitter_misc":{"Estimation du temps de lecture":"1 minute"},"schema":{"@context":"https:\/\/schema.org","@graph":[{"@type":["WebPage","ItemPage"],"url":"https:\/\/www.danby.com\/fr\/products\/refrigerateurs-pour-petites-surfaces\/dff116b2ssdbl\/","name":"Danby R\u00e9frig\u00e9rateur d'appartement \u00e0 montage par le haut de 11,6 pi3 en acier inoxydable - DFF116B2SSDBL | Danby Canada","isPartOf":[],"primaryImageOfPage":[],"image":[],"thumbnailUrl":"https:\/\/www.danby.com\/fr\/wp-content\/uploads\/sites\/2\/2025\/11\/Fridge_Thumbnail__0022_DFF116B2SSDBL.jpg","datePublished":"2023-03-03T14:04:53+00:00","dateModified":"2026-04-26T10:03:53+00:00","description":"Si vous recherchez plus d'espace de rangement, le r\u00e9frig\u00e9rateur de taille moyenne Danby DFF116B2SSDBL est dot\u00e9 d'un grand espace et donne \u00e0 toute cuisine un aspect plus haut de gamme. \u00c9vitez le d\u00e9givrage manuel gr\u00e2ce \u00e0 sa fonction sans givre et surveillez la temp\u00e9rature \u00e0 l'aide du thermostat \u00e9lectronique. Il dispose \u00e9galement de 2 tiroirs \u00e0 l\u00e9gumes transparents, parfaits pour les fruits et l\u00e9gumes, de 2,5 \u00e9tag\u00e8res r\u00e9glables, de 6 bacs de porte transparents et d'une \u00e9tag\u00e8re de cong\u00e9lation en fil m\u00e9tallique r\u00e9glable sur toute la largeur, offrant un espace de stockage important pour vos produits surgel\u00e9s pr\u00e9f\u00e9r\u00e9s. L'apparence des aliments est aussi bonne que leur go\u00fbt. Un \u00e9clairage DEL blanc brillant est projet\u00e9 \u00e0 l'int\u00e9rieur du r\u00e9frig\u00e9rateur, pour que les aliments aient l'apparence qu'ils sont cens\u00e9s avoir. Acc\u00e9dez \u00e0 vos snacks dans les deux sens gr\u00e2ce aux portes qui peuvent pivoter \u00e0 droite ou \u00e0 gauche.","breadcrumb":[],"inLanguage":"fr-CA","potentialAction":[{"@type":"ReadAction","target":["https:\/\/www.danby.com\/fr\/products\/refrigerateurs-pour-petites-surfaces\/dff116b2ssdbl\/"]}]},{"@type":"ImageObject","inLanguage":"fr-CA","url":"https:\/\/www.danby.com\/fr\/wp-content\/uploads\/sites\/2\/2025\/11\/Fridge_Thumbnail__0022_DFF116B2SSDBL.jpg","contentUrl":"https:\/\/www.danby.com\/fr\/wp-content\/uploads\/sites\/2\/2025\/11\/Fridge_Thumbnail__0022_DFF116B2SSDBL.jpg","width":1125,"height":1500},{"@type":"BreadcrumbList","itemListElement":[{"@type":"ListItem","position":1,"name":"Home","item":"https:\/\/www.danby.com\/fr\/"},{"@type":"ListItem","position":2,"name":"Boutique","item":"https:\/\/www.danby.com\/fr\/boutique\/"},{"@type":"ListItem","position":3,"name":"Danby R\u00e9frig\u00e9rateur d&#8217;appartement \u00e0 montage par le haut de 11,6 pi3 en acier inoxydable"}]},{"@type":"WebSite","url":"https:\/\/www.danby.com\/fr\/","name":"Danby - Canada - French","description":"Leader dans le domaine de la r\u00e9frig\u00e9ration et des appareils sp\u00e9cialis\u00e9s","publisher":[],"potentialAction":[{"@type":"SearchAction","target":{"@type":"EntryPoint","urlTemplate":"https:\/\/www.danby.com\/fr\/?s={search_term_string}"},"query-input":{"@type":"PropertyValueSpecification","valueRequired":true,"valueName":"search_term_string"}}],"inLanguage":"fr-CA"},{"@type":"Organization","name":"Danby Appliances","url":"https:\/\/www.danby.com\/fr\/","logo":{"@type":"ImageObject","inLanguage":"fr-CA","url":"https:\/\/cdnweb.danby.com\/wp-content\/uploads\/sites\/2\/2022\/02\/10141906\/Danby75Ans_Blue.png","contentUrl":"https:\/\/cdnweb.danby.com\/wp-content\/uploads\/sites\/2\/2022\/02\/10141906\/Danby75Ans_Blue.png","width":470,"height":110,"caption":"Danby Appliances"},"image":[],"sameAs":["https:\/\/www.facebook.com\/DanbyAppliances","https:\/\/x.com\/DanbyAppliance","https:\/\/instagram.com\/danbyappliances\/","https:\/\/www.linkedin.com\/company\/danbyappliances","https:\/\/www.pinterest.ca\/danbyappliances\/","https:\/\/www.youtube.com\/user\/DanbyProducts","https:\/\/en.wikipedia.org\/wiki\/Danby_(appliances)"]}]}},"post_mailing_queue_ids":[],"_links":{"self":[{"href":"https:\/\/www.danby.com\/fr\/wp-json\/wp\/v2\/product\/19828","targetHints":{"allow":["GET"]}}],"collection":[{"href":"https:\/\/www.danby.com\/fr\/wp-json\/wp\/v2\/product"}],"about":[{"href":"https:\/\/www.danby.com\/fr\/wp-json\/wp\/v2\/types\/product"}],"replies":[{"embeddable":true,"href":"https:\/\/www.danby.com\/fr\/wp-json\/wp\/v2\/comments?post=19828"}],"wp:featuredmedia":[{"embeddable":true,"href":"https:\/\/www.danby.com\/fr\/wp-json\/wp\/v2\/media\/35758"}],"wp:attachment":[{"href":"https:\/\/www.danby.com\/fr\/wp-json\/wp\/v2\/media?parent=19828"}],"wp:term":[{"taxonomy":"product_brand","embeddable":true,"href":"https:\/\/www.danby.com\/fr\/wp-json\/wp\/v2\/product_brand?post=19828"},{"taxonomy":"product_cat","embeddable":true,"href":"https:\/\/www.danby.com\/fr\/wp-json\/wp\/v2\/product_cat?post=19828"},{"taxonomy":"product_tag","embeddable":true,"href":"https:\/\/www.danby.com\/fr\/wp-json\/wp\/v2\/product_tag?post=19828"}],"curies":[{"name":"wp","href":"https:\/\/api.w.org\/{rel}","templated":true}]}}