{"id":19824,"date":"2023-03-01T22:07:14","date_gmt":"2023-03-01T22:07:14","guid":{"rendered":"https:\/\/www.danby.com\/fr\/products\/uncategorized\/dbkt12013bd11\/"},"modified":"2026-04-17T10:02:35","modified_gmt":"2026-04-17T10:02:35","slug":"dbkt12013bd11","status":"publish","type":"product","link":"https:\/\/www.danby.com\/fr\/products\/petits-appareils\/dbkt12013bd11\/","title":{"rendered":"Danby Bouilloire en verre de 1,2 l en noir"},"content":{"rendered":"","protected":false},"excerpt":{"rendered":"<ul>\n<li>Bouilloire en verre de 1,2 litre<\/li>\n<li>T\u00e9moin lumineux LED bleu \u00e9l\u00e9gant lorsqu&#8217;il est allum\u00e9<\/li>\n<li>Sans fil, la bouilloire se soul\u00e8ve sur une base pivotante \u00e0 360 degr\u00e9s.<\/li>\n<li>Filtre \u00e0 maille dans le bec<\/li>\n<li>Interrupteur manuel marche\/arr\u00eat sur la poign\u00e9e<\/li>\n<li>La s\u00e9curit\u00e9 avant tout &#8211; protection contre l&#8217;\u00e9bullition \u00e0 sec et arr\u00eat automatique lorsque l&#8217;eau bout.<\/li>\n<li>Noir et acier inoxydable <\/li>\n<li>1500W de puissance<\/li>\n<li>Marques de capacit\u00e9 sur le c\u00f4t\u00e9<\/li>\n<li>Couvercle \u00e0 ouverture automatique par simple pression d&#8217;un bouton<\/li>\n<li>Fond antid\u00e9rapant<\/li>\n<\/ul>\n","protected":false},"featured_media":35394,"comment_status":"open","ping_status":"closed","template":"","meta":{"_acf_changed":false},"product_brand":[],"product_cat":[157],"product_tag":[],"class_list":{"0":"post-19824","1":"product","2":"type-product","3":"status-publish","4":"has-post-thumbnail","6":"product_cat-petits-appareils","8":"first","9":"outofstock","10":"taxable","11":"shipping-taxable","12":"purchasable","13":"product-type-simple"},"acf":[],"yoast_head":"<!-- This site is optimized with the Yoast SEO plugin v26.7 - https:\/\/yoast.com\/wordpress\/plugins\/seo\/ -->\n<title>Danby Bouilloire en verre de 1,2 l en noir - DBKT12013BD11 | Danby Canada<\/title>\n<meta name=\"description\" content=\"Savourez une tasse de th\u00e9 ou de chocolat chaud parfaite ou pr\u00e9parez des repas instantan\u00e9s avec la bouilloire en verre d&#039;une capacit\u00e9 de 1,2 L de Danby. Id\u00e9ale pour les petits m\u00e9nages pour pr\u00e9parer une boisson rapide ou pour le coll\u00e9gien qui manque de temps mais a besoin d&#039;un repas rapide. Les caract\u00e9ristiques comprennent un \u00e9clairage DEL bleu brillant qui s&#039;allume pendant l&#039;\u00e9bullition et un design construit pour durer qui est compact, peu encombrant et qui a fi\u00e8re allure dans toute cuisine moderne. Avec ses 1500 watts, cette bouilloire \u00e9lectrique est facile \u00e0 utiliser et \u00e0 ranger et peut faire bouillir l&#039;eau plus rapidement qu&#039;un micro-ondes. Le puissant syst\u00e8me d&#039;\u00e9bullition rapide permet de chauffer rapidement l&#039;eau \u00e0 partir de n&#039;importe quelle prise standard et la fonction d&#039;arr\u00eat automatique emp\u00eache la bouilloire de bouillir \u00e0 sec. Cette bouilloire sans fil se soul\u00e8ve sur sa base pivotante \u00e0 360 degr\u00e9s pour faciliter le remplissage et le versement. Associez ce mod\u00e8le \u00e0 votre presse fran\u00e7aise et pr\u00e9parez la tasse de caf\u00e9 id\u00e9ale. Pr\u00e9parer votre boisson chaude pr\u00e9f\u00e9r\u00e9e n&#039;a jamais \u00e9t\u00e9 aussi pratique!\" \/>\n<meta name=\"robots\" content=\"index, follow, max-snippet:-1, max-image-preview:large, max-video-preview:-1\" \/>\n<link rel=\"canonical\" href=\"https:\/\/www.danby.com\/fr\/products\/petits-appareils\/dbkt12013bd11\/\" \/>\n<meta property=\"og:locale\" content=\"fr_CA\" \/>\n<meta property=\"og:type\" content=\"article\" \/>\n<meta property=\"og:title\" content=\"Danby Bouilloire en verre de 1,2 l en noir - DBKT12013BD11 | Danby Canada\" \/>\n<meta property=\"og:description\" content=\"Savourez une tasse de th\u00e9 ou de chocolat chaud parfaite ou pr\u00e9parez des repas instantan\u00e9s avec la bouilloire en verre d&#039;une capacit\u00e9 de 1,2 L de Danby. Id\u00e9ale pour les petits m\u00e9nages pour pr\u00e9parer une boisson rapide ou pour le coll\u00e9gien qui manque de temps mais a besoin d&#039;un repas rapide. Les caract\u00e9ristiques comprennent un \u00e9clairage DEL bleu brillant qui s&#039;allume pendant l&#039;\u00e9bullition et un design construit pour durer qui est compact, peu encombrant et qui a fi\u00e8re allure dans toute cuisine moderne. Avec ses 1500 watts, cette bouilloire \u00e9lectrique est facile \u00e0 utiliser et \u00e0 ranger et peut faire bouillir l&#039;eau plus rapidement qu&#039;un micro-ondes. Le puissant syst\u00e8me d&#039;\u00e9bullition rapide permet de chauffer rapidement l&#039;eau \u00e0 partir de n&#039;importe quelle prise standard et la fonction d&#039;arr\u00eat automatique emp\u00eache la bouilloire de bouillir \u00e0 sec. Cette bouilloire sans fil se soul\u00e8ve sur sa base pivotante \u00e0 360 degr\u00e9s pour faciliter le remplissage et le versement. Associez ce mod\u00e8le \u00e0 votre presse fran\u00e7aise et pr\u00e9parez la tasse de caf\u00e9 id\u00e9ale. Pr\u00e9parer votre boisson chaude pr\u00e9f\u00e9r\u00e9e n&#039;a jamais \u00e9t\u00e9 aussi pratique!\" \/>\n<meta property=\"og:url\" content=\"https:\/\/www.danby.com\/fr\/products\/petits-appareils\/dbkt12013bd11\/\" \/>\n<meta property=\"og:site_name\" content=\"Danby - Canada - French\" \/>\n<meta property=\"article:publisher\" content=\"https:\/\/www.facebook.com\/DanbyAppliances\" \/>\n<meta property=\"article:modified_time\" content=\"2026-04-17T10:02:35+00:00\" \/>\n<meta property=\"og:image\" content=\"https:\/\/cdnweb.danby.com\/wp-content\/uploads\/sites\/2\/2023\/06\/13152836\/DBKT12013BD11_Front-scaled.jpg\" \/>\n\t<meta property=\"og:image:width\" content=\"1920\" \/>\n\t<meta property=\"og:image:height\" content=\"2560\" \/>\n\t<meta property=\"og:image:type\" content=\"image\/jpeg\" \/>\n<meta name=\"twitter:card\" content=\"summary_large_image\" \/>\n<meta name=\"twitter:site\" content=\"@DanbyAppliance\" \/>\n<script type=\"application\/ld+json\" class=\"yoast-schema-graph\">{\"@context\":\"https:\/\/schema.org\",\"@graph\":[{\"@type\":[\"WebPage\",\"ItemPage\"],\"url\":\"https:\/\/www.danby.com\/fr\/products\/petits-appareils\/dbkt12013bd11\/\",\"name\":\"Danby Bouilloire en verre de 1,2 l en noir - DBKT12013BD11 | Danby Canada\",\"isPartOf\":[],\"primaryImageOfPage\":[],\"image\":[],\"thumbnailUrl\":\"https:\/\/www.danby.com\/fr\/wp-content\/uploads\/sites\/2\/2025\/10\/dbkt12013bd11-thumbnail.jpg\",\"datePublished\":\"2023-03-01T22:07:14+00:00\",\"dateModified\":\"2026-04-17T10:02:35+00:00\",\"description\":\"Savourez une tasse de th\u00e9 ou de chocolat chaud parfaite ou pr\u00e9parez des repas instantan\u00e9s avec la bouilloire en verre d'une capacit\u00e9 de 1,2 L de Danby. Id\u00e9ale pour les petits m\u00e9nages pour pr\u00e9parer une boisson rapide ou pour le coll\u00e9gien qui manque de temps mais a besoin d'un repas rapide. Les caract\u00e9ristiques comprennent un \u00e9clairage DEL bleu brillant qui s'allume pendant l'\u00e9bullition et un design construit pour durer qui est compact, peu encombrant et qui a fi\u00e8re allure dans toute cuisine moderne. Avec ses 1500 watts, cette bouilloire \u00e9lectrique est facile \u00e0 utiliser et \u00e0 ranger et peut faire bouillir l'eau plus rapidement qu'un micro-ondes. Le puissant syst\u00e8me d'\u00e9bullition rapide permet de chauffer rapidement l'eau \u00e0 partir de n'importe quelle prise standard et la fonction d'arr\u00eat automatique emp\u00eache la bouilloire de bouillir \u00e0 sec. Cette bouilloire sans fil se soul\u00e8ve sur sa base pivotante \u00e0 360 degr\u00e9s pour faciliter le remplissage et le versement. Associez ce mod\u00e8le \u00e0 votre presse fran\u00e7aise et pr\u00e9parez la tasse de caf\u00e9 id\u00e9ale. Pr\u00e9parer votre boisson chaude pr\u00e9f\u00e9r\u00e9e n'a jamais \u00e9t\u00e9 aussi pratique!\",\"breadcrumb\":[],\"inLanguage\":\"fr-CA\",\"potentialAction\":[{\"@type\":\"ReadAction\",\"target\":[\"https:\/\/www.danby.com\/fr\/products\/petits-appareils\/dbkt12013bd11\/\"]}]},{\"@type\":\"ImageObject\",\"inLanguage\":\"fr-CA\",\"url\":\"https:\/\/www.danby.com\/fr\/wp-content\/uploads\/sites\/2\/2025\/10\/dbkt12013bd11-thumbnail.jpg\",\"contentUrl\":\"https:\/\/www.danby.com\/fr\/wp-content\/uploads\/sites\/2\/2025\/10\/dbkt12013bd11-thumbnail.jpg\",\"width\":768,\"height\":1024},{\"@type\":\"BreadcrumbList\",\"itemListElement\":[{\"@type\":\"ListItem\",\"position\":1,\"name\":\"Home\",\"item\":\"https:\/\/www.danby.com\/fr\/\"},{\"@type\":\"ListItem\",\"position\":2,\"name\":\"Boutique\",\"item\":\"https:\/\/www.danby.com\/fr\/boutique\/\"},{\"@type\":\"ListItem\",\"position\":3,\"name\":\"Danby Bouilloire en verre de 1,2 l en noir\"}]},{\"@type\":\"WebSite\",\"url\":\"https:\/\/www.danby.com\/fr\/\",\"name\":\"Danby - Canada - French\",\"description\":\"Leader dans le domaine de la r\u00e9frig\u00e9ration et des appareils sp\u00e9cialis\u00e9s\",\"publisher\":[],\"potentialAction\":[{\"@type\":\"SearchAction\",\"target\":{\"@type\":\"EntryPoint\",\"urlTemplate\":\"https:\/\/www.danby.com\/fr\/?s={search_term_string}\"},\"query-input\":{\"@type\":\"PropertyValueSpecification\",\"valueRequired\":true,\"valueName\":\"search_term_string\"}}],\"inLanguage\":\"fr-CA\"},{\"@type\":\"Organization\",\"name\":\"Danby Appliances\",\"url\":\"https:\/\/www.danby.com\/fr\/\",\"logo\":{\"@type\":\"ImageObject\",\"inLanguage\":\"fr-CA\",\"url\":\"https:\/\/cdnweb.danby.com\/wp-content\/uploads\/sites\/2\/2022\/02\/10141906\/Danby75Ans_Blue.png\",\"contentUrl\":\"https:\/\/cdnweb.danby.com\/wp-content\/uploads\/sites\/2\/2022\/02\/10141906\/Danby75Ans_Blue.png\",\"width\":470,\"height\":110,\"caption\":\"Danby Appliances\"},\"image\":[],\"sameAs\":[\"https:\/\/www.facebook.com\/DanbyAppliances\",\"https:\/\/x.com\/DanbyAppliance\",\"https:\/\/instagram.com\/danbyappliances\/\",\"https:\/\/www.linkedin.com\/company\/danbyappliances\",\"https:\/\/www.pinterest.ca\/danbyappliances\/\",\"https:\/\/www.youtube.com\/user\/DanbyProducts\",\"https:\/\/en.wikipedia.org\/wiki\/Danby_(appliances)\"]}]}<\/script>\n<!-- \/ Yoast SEO plugin. -->","yoast_head_json":{"title":"Danby Bouilloire en verre de 1,2 l en noir - DBKT12013BD11 | Danby Canada","description":"Savourez une tasse de th\u00e9 ou de chocolat chaud parfaite ou pr\u00e9parez des repas instantan\u00e9s avec la bouilloire en verre d'une capacit\u00e9 de 1,2 L de Danby. Id\u00e9ale pour les petits m\u00e9nages pour pr\u00e9parer une boisson rapide ou pour le coll\u00e9gien qui manque de temps mais a besoin d'un repas rapide. Les caract\u00e9ristiques comprennent un \u00e9clairage DEL bleu brillant qui s'allume pendant l'\u00e9bullition et un design construit pour durer qui est compact, peu encombrant et qui a fi\u00e8re allure dans toute cuisine moderne. Avec ses 1500 watts, cette bouilloire \u00e9lectrique est facile \u00e0 utiliser et \u00e0 ranger et peut faire bouillir l'eau plus rapidement qu'un micro-ondes. Le puissant syst\u00e8me d'\u00e9bullition rapide permet de chauffer rapidement l'eau \u00e0 partir de n'importe quelle prise standard et la fonction d'arr\u00eat automatique emp\u00eache la bouilloire de bouillir \u00e0 sec. Cette bouilloire sans fil se soul\u00e8ve sur sa base pivotante \u00e0 360 degr\u00e9s pour faciliter le remplissage et le versement. Associez ce mod\u00e8le \u00e0 votre presse fran\u00e7aise et pr\u00e9parez la tasse de caf\u00e9 id\u00e9ale. Pr\u00e9parer votre boisson chaude pr\u00e9f\u00e9r\u00e9e n'a jamais \u00e9t\u00e9 aussi pratique!","robots":{"index":"index","follow":"follow","max-snippet":"max-snippet:-1","max-image-preview":"max-image-preview:large","max-video-preview":"max-video-preview:-1"},"canonical":"https:\/\/www.danby.com\/fr\/products\/petits-appareils\/dbkt12013bd11\/","og_locale":"fr_CA","og_type":"article","og_title":"Danby Bouilloire en verre de 1,2 l en noir - DBKT12013BD11 | Danby Canada","og_description":"Savourez une tasse de th\u00e9 ou de chocolat chaud parfaite ou pr\u00e9parez des repas instantan\u00e9s avec la bouilloire en verre d'une capacit\u00e9 de 1,2 L de Danby. Id\u00e9ale pour les petits m\u00e9nages pour pr\u00e9parer une boisson rapide ou pour le coll\u00e9gien qui manque de temps mais a besoin d'un repas rapide. Les caract\u00e9ristiques comprennent un \u00e9clairage DEL bleu brillant qui s'allume pendant l'\u00e9bullition et un design construit pour durer qui est compact, peu encombrant et qui a fi\u00e8re allure dans toute cuisine moderne. Avec ses 1500 watts, cette bouilloire \u00e9lectrique est facile \u00e0 utiliser et \u00e0 ranger et peut faire bouillir l'eau plus rapidement qu'un micro-ondes. Le puissant syst\u00e8me d'\u00e9bullition rapide permet de chauffer rapidement l'eau \u00e0 partir de n'importe quelle prise standard et la fonction d'arr\u00eat automatique emp\u00eache la bouilloire de bouillir \u00e0 sec. Cette bouilloire sans fil se soul\u00e8ve sur sa base pivotante \u00e0 360 degr\u00e9s pour faciliter le remplissage et le versement. Associez ce mod\u00e8le \u00e0 votre presse fran\u00e7aise et pr\u00e9parez la tasse de caf\u00e9 id\u00e9ale. Pr\u00e9parer votre boisson chaude pr\u00e9f\u00e9r\u00e9e n'a jamais \u00e9t\u00e9 aussi pratique!","og_url":"https:\/\/www.danby.com\/fr\/products\/petits-appareils\/dbkt12013bd11\/","og_site_name":"Danby - Canada - French","article_publisher":"https:\/\/www.facebook.com\/DanbyAppliances","article_modified_time":"2026-04-17T10:02:35+00:00","og_image":[{"width":1920,"height":2560,"url":"https:\/\/cdnweb.danby.com\/wp-content\/uploads\/sites\/2\/2023\/06\/13152836\/DBKT12013BD11_Front-scaled.jpg","type":"image\/jpeg"}],"twitter_card":"summary_large_image","twitter_site":"@DanbyAppliance","schema":{"@context":"https:\/\/schema.org","@graph":[{"@type":["WebPage","ItemPage"],"url":"https:\/\/www.danby.com\/fr\/products\/petits-appareils\/dbkt12013bd11\/","name":"Danby Bouilloire en verre de 1,2 l en noir - DBKT12013BD11 | Danby Canada","isPartOf":[],"primaryImageOfPage":[],"image":[],"thumbnailUrl":"https:\/\/www.danby.com\/fr\/wp-content\/uploads\/sites\/2\/2025\/10\/dbkt12013bd11-thumbnail.jpg","datePublished":"2023-03-01T22:07:14+00:00","dateModified":"2026-04-17T10:02:35+00:00","description":"Savourez une tasse de th\u00e9 ou de chocolat chaud parfaite ou pr\u00e9parez des repas instantan\u00e9s avec la bouilloire en verre d'une capacit\u00e9 de 1,2 L de Danby. Id\u00e9ale pour les petits m\u00e9nages pour pr\u00e9parer une boisson rapide ou pour le coll\u00e9gien qui manque de temps mais a besoin d'un repas rapide. Les caract\u00e9ristiques comprennent un \u00e9clairage DEL bleu brillant qui s'allume pendant l'\u00e9bullition et un design construit pour durer qui est compact, peu encombrant et qui a fi\u00e8re allure dans toute cuisine moderne. Avec ses 1500 watts, cette bouilloire \u00e9lectrique est facile \u00e0 utiliser et \u00e0 ranger et peut faire bouillir l'eau plus rapidement qu'un micro-ondes. Le puissant syst\u00e8me d'\u00e9bullition rapide permet de chauffer rapidement l'eau \u00e0 partir de n'importe quelle prise standard et la fonction d'arr\u00eat automatique emp\u00eache la bouilloire de bouillir \u00e0 sec. Cette bouilloire sans fil se soul\u00e8ve sur sa base pivotante \u00e0 360 degr\u00e9s pour faciliter le remplissage et le versement. Associez ce mod\u00e8le \u00e0 votre presse fran\u00e7aise et pr\u00e9parez la tasse de caf\u00e9 id\u00e9ale. Pr\u00e9parer votre boisson chaude pr\u00e9f\u00e9r\u00e9e n'a jamais \u00e9t\u00e9 aussi pratique!","breadcrumb":[],"inLanguage":"fr-CA","potentialAction":[{"@type":"ReadAction","target":["https:\/\/www.danby.com\/fr\/products\/petits-appareils\/dbkt12013bd11\/"]}]},{"@type":"ImageObject","inLanguage":"fr-CA","url":"https:\/\/www.danby.com\/fr\/wp-content\/uploads\/sites\/2\/2025\/10\/dbkt12013bd11-thumbnail.jpg","contentUrl":"https:\/\/www.danby.com\/fr\/wp-content\/uploads\/sites\/2\/2025\/10\/dbkt12013bd11-thumbnail.jpg","width":768,"height":1024},{"@type":"BreadcrumbList","itemListElement":[{"@type":"ListItem","position":1,"name":"Home","item":"https:\/\/www.danby.com\/fr\/"},{"@type":"ListItem","position":2,"name":"Boutique","item":"https:\/\/www.danby.com\/fr\/boutique\/"},{"@type":"ListItem","position":3,"name":"Danby Bouilloire en verre de 1,2 l en noir"}]},{"@type":"WebSite","url":"https:\/\/www.danby.com\/fr\/","name":"Danby - Canada - French","description":"Leader dans le domaine de la r\u00e9frig\u00e9ration et des appareils sp\u00e9cialis\u00e9s","publisher":[],"potentialAction":[{"@type":"SearchAction","target":{"@type":"EntryPoint","urlTemplate":"https:\/\/www.danby.com\/fr\/?s={search_term_string}"},"query-input":{"@type":"PropertyValueSpecification","valueRequired":true,"valueName":"search_term_string"}}],"inLanguage":"fr-CA"},{"@type":"Organization","name":"Danby Appliances","url":"https:\/\/www.danby.com\/fr\/","logo":{"@type":"ImageObject","inLanguage":"fr-CA","url":"https:\/\/cdnweb.danby.com\/wp-content\/uploads\/sites\/2\/2022\/02\/10141906\/Danby75Ans_Blue.png","contentUrl":"https:\/\/cdnweb.danby.com\/wp-content\/uploads\/sites\/2\/2022\/02\/10141906\/Danby75Ans_Blue.png","width":470,"height":110,"caption":"Danby Appliances"},"image":[],"sameAs":["https:\/\/www.facebook.com\/DanbyAppliances","https:\/\/x.com\/DanbyAppliance","https:\/\/instagram.com\/danbyappliances\/","https:\/\/www.linkedin.com\/company\/danbyappliances","https:\/\/www.pinterest.ca\/danbyappliances\/","https:\/\/www.youtube.com\/user\/DanbyProducts","https:\/\/en.wikipedia.org\/wiki\/Danby_(appliances)"]}]}},"post_mailing_queue_ids":[],"_links":{"self":[{"href":"https:\/\/www.danby.com\/fr\/wp-json\/wp\/v2\/product\/19824","targetHints":{"allow":["GET"]}}],"collection":[{"href":"https:\/\/www.danby.com\/fr\/wp-json\/wp\/v2\/product"}],"about":[{"href":"https:\/\/www.danby.com\/fr\/wp-json\/wp\/v2\/types\/product"}],"replies":[{"embeddable":true,"href":"https:\/\/www.danby.com\/fr\/wp-json\/wp\/v2\/comments?post=19824"}],"wp:featuredmedia":[{"embeddable":true,"href":"https:\/\/www.danby.com\/fr\/wp-json\/wp\/v2\/media\/35394"}],"wp:attachment":[{"href":"https:\/\/www.danby.com\/fr\/wp-json\/wp\/v2\/media?parent=19824"}],"wp:term":[{"taxonomy":"product_brand","embeddable":true,"href":"https:\/\/www.danby.com\/fr\/wp-json\/wp\/v2\/product_brand?post=19824"},{"taxonomy":"product_cat","embeddable":true,"href":"https:\/\/www.danby.com\/fr\/wp-json\/wp\/v2\/product_cat?post=19824"},{"taxonomy":"product_tag","embeddable":true,"href":"https:\/\/www.danby.com\/fr\/wp-json\/wp\/v2\/product_tag?post=19824"}],"curies":[{"name":"wp","href":"https:\/\/api.w.org\/{rel}","templated":true}]}}