{"id":19231,"date":"2022-10-17T16:00:00","date_gmt":"2022-10-17T16:00:00","guid":{"rendered":"https:\/\/www.danby.com\/fr\/?post_type=product&#038;p=19231"},"modified":"2026-04-05T10:06:40","modified_gmt":"2026-04-05T10:06:40","slug":"drca240bssc","status":"publish","type":"product","link":"https:\/\/www.danby.com\/fr\/products\/cuisinieres\/drca240bssc\/","title":{"rendered":"Cuisini\u00e8re \u00e0 dessus lisse Danby 24 po Air Fry en acier inoxydable"},"content":{"rendered":"","protected":false},"excerpt":{"rendered":"<ul>\n<li>Petit espace, grandes caract\u00e9ristiques Solution compacte pour la vie dans un petit espace, 24\u2033 fourneau coulissant\/libre \u00e0 dessus lisse en acier inoxydable avec friteuse \u00e0 air.<\/li>\n<li>Grand four d&#8217;une capacit\u00e9 de 2,5 pi3.<\/li>\n<li>True Air Fry : De d\u00e9licieux aliments &#8220;frits&#8221; \u00e0 une fraction de la culpabilit\u00e9 ! \u00c0 l&#8217;aide d&#8217;un \u00e9l\u00e9ment sup\u00e9rieur et d&#8217;un ventilateur, l&#8217;air chaud circule autour de vos aliments pour obtenir un croustillant parfait.<\/li>\n<li>Panier \u00e0 friture et poign\u00e9e<\/li>\n<li>\u00c9l\u00e9ments de la table de cuisson radiante : 2x 1 200 W, 2 x 1 800 W<\/li>\n<li>Porte en acier inoxydable avec fen\u00eatre XL et \u00e9clairage int\u00e9rieur du four pour vous aider \u00e0 suivre vos aliments dans le four.<\/li>\n<li>Cuisson puissante et uniforme : six \u00e9l\u00e9ments de cuisson (2 000 W) et de gril (2 200 W) dissimul\u00e9s pour une puissance de cuisson maximale. Plage de temp\u00e9rature du four de 200\u00b0F \u00e0 450\u00b0F.<\/li>\n<li>Flexibilit\u00e9 : deux grilles de four avec trois positions r\u00e9glables et des arr\u00eats de s\u00e9curit\u00e9 pour une cuisson optimale.<\/li>\n<li>Four manuel, facile \u00e0 nettoyer<\/li>\n<li>Minuterie de l&#8217;heure du jour facile \u00e0 utiliser<\/li>\n<\/ul>\n","protected":false},"featured_media":35369,"comment_status":"closed","ping_status":"closed","template":"","meta":{"_acf_changed":false},"product_brand":[],"product_cat":[36],"product_tag":[],"class_list":{"0":"post-19231","1":"product","2":"type-product","3":"status-publish","4":"has-post-thumbnail","6":"product_cat-cuisinieres","8":"first","9":"instock","10":"taxable","11":"shipping-taxable","12":"purchasable","13":"product-type-simple"},"acf":[],"yoast_head":"<!-- This site is optimized with the Yoast SEO plugin v26.7 - https:\/\/yoast.com\/wordpress\/plugins\/seo\/ -->\n<title>Cuisini\u00e8re \u00e0 dessus lisse Danby 24 po Air Fry en acier inoxydable - DRCA240BSSC | Danby Canada<\/title>\n<meta name=\"description\" content=\"Celui qui a dit qu&#039;il n&#039;\u00e9tait pas possible d&#039;avoir de petits appareils dot\u00e9s de nombreuses fonctions n&#039;avait pas rencontr\u00e9 cette cuisini\u00e8re \u00e0 dessus lisse. D&#039;une largeur de 24 pouces seulement, cet appareil est dot\u00e9 de caract\u00e9ristiques haut de gamme qui permettent d&#039;int\u00e9grer des caract\u00e9ristiques de luxe dans les petits espaces. Des caract\u00e9ristiques telles qu&#039;un four spacieux d&#039;une capacit\u00e9 de 2,5 pi3, avec plus qu&#039;assez d&#039;espace pour une dinde de 20 livres. Cet espace est rendu disponible par les deux grilles du four \u00e0 trois positions r\u00e9glables qui vous donnent la flexibilit\u00e9 n\u00e9cessaire pour tirer le meilleur parti de votre four. Ce four est \u00e9galement dot\u00e9 d&#039;une fen\u00eatre extra-large, vous permettant de v\u00e9rifier vos aliments sans rel\u00e2cher la chaleur et prolonger les temps de cuisson. Le nettoyage de cet appareil est un jeu d&#039;enfant gr\u00e2ce \u00e0 la plaque de cuisson en verre c\u00e9ramique et \u00e0 la sole du four amovible. Mais le meilleur atout de cette cuisini\u00e8re est qu&#039;elle peut remplacer votre friteuse de comptoir gr\u00e2ce \u00e0 sa technologie TruAirFry int\u00e9gr\u00e9e qui vous permet d&#039;obtenir des aliments frits plus croustillants et plus savoureux.\" \/>\n<meta name=\"robots\" content=\"index, follow, max-snippet:-1, max-image-preview:large, max-video-preview:-1\" \/>\n<link rel=\"canonical\" href=\"https:\/\/www.danby.com\/fr\/products\/cuisinieres\/drca240bssc\/\" \/>\n<meta property=\"og:locale\" content=\"fr_CA\" \/>\n<meta property=\"og:type\" content=\"article\" \/>\n<meta property=\"og:title\" content=\"Cuisini\u00e8re \u00e0 dessus lisse Danby 24 po Air Fry en acier inoxydable - DRCA240BSSC | Danby Canada\" \/>\n<meta property=\"og:description\" content=\"Celui qui a dit qu&#039;il n&#039;\u00e9tait pas possible d&#039;avoir de petits appareils dot\u00e9s de nombreuses fonctions n&#039;avait pas rencontr\u00e9 cette cuisini\u00e8re \u00e0 dessus lisse. D&#039;une largeur de 24 pouces seulement, cet appareil est dot\u00e9 de caract\u00e9ristiques haut de gamme qui permettent d&#039;int\u00e9grer des caract\u00e9ristiques de luxe dans les petits espaces. Des caract\u00e9ristiques telles qu&#039;un four spacieux d&#039;une capacit\u00e9 de 2,5 pi3, avec plus qu&#039;assez d&#039;espace pour une dinde de 20 livres. Cet espace est rendu disponible par les deux grilles du four \u00e0 trois positions r\u00e9glables qui vous donnent la flexibilit\u00e9 n\u00e9cessaire pour tirer le meilleur parti de votre four. Ce four est \u00e9galement dot\u00e9 d&#039;une fen\u00eatre extra-large, vous permettant de v\u00e9rifier vos aliments sans rel\u00e2cher la chaleur et prolonger les temps de cuisson. Le nettoyage de cet appareil est un jeu d&#039;enfant gr\u00e2ce \u00e0 la plaque de cuisson en verre c\u00e9ramique et \u00e0 la sole du four amovible. Mais le meilleur atout de cette cuisini\u00e8re est qu&#039;elle peut remplacer votre friteuse de comptoir gr\u00e2ce \u00e0 sa technologie TruAirFry int\u00e9gr\u00e9e qui vous permet d&#039;obtenir des aliments frits plus croustillants et plus savoureux.\" \/>\n<meta property=\"og:url\" content=\"https:\/\/www.danby.com\/fr\/products\/cuisinieres\/drca240bssc\/\" \/>\n<meta property=\"og:site_name\" content=\"Danby - Canada - French\" \/>\n<meta property=\"article:publisher\" content=\"https:\/\/www.facebook.com\/DanbyAppliances\" \/>\n<meta property=\"article:modified_time\" content=\"2026-04-05T10:06:40+00:00\" \/>\n<meta property=\"og:image\" content=\"https:\/\/cdnweb.danby.com\/wp-content\/uploads\/sites\/2\/2023\/06\/06192444\/DRCA240BSSC_Front-scaled.jpg\" \/>\n\t<meta property=\"og:image:width\" content=\"1920\" \/>\n\t<meta property=\"og:image:height\" content=\"2560\" \/>\n\t<meta property=\"og:image:type\" content=\"image\/jpeg\" \/>\n<meta name=\"twitter:card\" content=\"summary_large_image\" \/>\n<meta name=\"twitter:site\" content=\"@DanbyAppliance\" \/>\n<script type=\"application\/ld+json\" class=\"yoast-schema-graph\">{\"@context\":\"https:\/\/schema.org\",\"@graph\":[{\"@type\":[\"WebPage\",\"ItemPage\"],\"url\":\"https:\/\/www.danby.com\/fr\/products\/cuisinieres\/drca240bssc\/\",\"name\":\"Cuisini\u00e8re \u00e0 dessus lisse Danby 24 po Air Fry en acier inoxydable - DRCA240BSSC | Danby Canada\",\"isPartOf\":[],\"primaryImageOfPage\":[],\"image\":[],\"thumbnailUrl\":\"https:\/\/www.danby.com\/fr\/wp-content\/uploads\/sites\/2\/2025\/10\/drca240bssc-thumbnail.jpg\",\"datePublished\":\"2022-10-17T16:00:00+00:00\",\"dateModified\":\"2026-04-05T10:06:40+00:00\",\"description\":\"Celui qui a dit qu'il n'\u00e9tait pas possible d'avoir de petits appareils dot\u00e9s de nombreuses fonctions n'avait pas rencontr\u00e9 cette cuisini\u00e8re \u00e0 dessus lisse. D'une largeur de 24 pouces seulement, cet appareil est dot\u00e9 de caract\u00e9ristiques haut de gamme qui permettent d'int\u00e9grer des caract\u00e9ristiques de luxe dans les petits espaces. Des caract\u00e9ristiques telles qu'un four spacieux d'une capacit\u00e9 de 2,5 pi3, avec plus qu'assez d'espace pour une dinde de 20 livres. Cet espace est rendu disponible par les deux grilles du four \u00e0 trois positions r\u00e9glables qui vous donnent la flexibilit\u00e9 n\u00e9cessaire pour tirer le meilleur parti de votre four. Ce four est \u00e9galement dot\u00e9 d'une fen\u00eatre extra-large, vous permettant de v\u00e9rifier vos aliments sans rel\u00e2cher la chaleur et prolonger les temps de cuisson. Le nettoyage de cet appareil est un jeu d'enfant gr\u00e2ce \u00e0 la plaque de cuisson en verre c\u00e9ramique et \u00e0 la sole du four amovible. Mais le meilleur atout de cette cuisini\u00e8re est qu'elle peut remplacer votre friteuse de comptoir gr\u00e2ce \u00e0 sa technologie TruAirFry int\u00e9gr\u00e9e qui vous permet d'obtenir des aliments frits plus croustillants et plus savoureux.\",\"breadcrumb\":[],\"inLanguage\":\"fr-CA\",\"potentialAction\":[{\"@type\":\"ReadAction\",\"target\":[\"https:\/\/www.danby.com\/fr\/products\/cuisinieres\/drca240bssc\/\"]}]},{\"@type\":\"ImageObject\",\"inLanguage\":\"fr-CA\",\"url\":\"https:\/\/www.danby.com\/fr\/wp-content\/uploads\/sites\/2\/2025\/10\/drca240bssc-thumbnail.jpg\",\"contentUrl\":\"https:\/\/www.danby.com\/fr\/wp-content\/uploads\/sites\/2\/2025\/10\/drca240bssc-thumbnail.jpg\",\"width\":768,\"height\":1024},{\"@type\":\"BreadcrumbList\",\"itemListElement\":[{\"@type\":\"ListItem\",\"position\":1,\"name\":\"Home\",\"item\":\"https:\/\/www.danby.com\/fr\/\"},{\"@type\":\"ListItem\",\"position\":2,\"name\":\"Boutique\",\"item\":\"https:\/\/www.danby.com\/fr\/boutique\/\"},{\"@type\":\"ListItem\",\"position\":3,\"name\":\"Cuisini\u00e8re \u00e0 dessus lisse Danby 24 po Air Fry en acier inoxydable\"}]},{\"@type\":\"WebSite\",\"url\":\"https:\/\/www.danby.com\/fr\/\",\"name\":\"Danby - Canada - French\",\"description\":\"Leader dans le domaine de la r\u00e9frig\u00e9ration et des appareils sp\u00e9cialis\u00e9s\",\"publisher\":[],\"potentialAction\":[{\"@type\":\"SearchAction\",\"target\":{\"@type\":\"EntryPoint\",\"urlTemplate\":\"https:\/\/www.danby.com\/fr\/?s={search_term_string}\"},\"query-input\":{\"@type\":\"PropertyValueSpecification\",\"valueRequired\":true,\"valueName\":\"search_term_string\"}}],\"inLanguage\":\"fr-CA\"},{\"@type\":\"Organization\",\"name\":\"Danby Appliances\",\"url\":\"https:\/\/www.danby.com\/fr\/\",\"logo\":{\"@type\":\"ImageObject\",\"inLanguage\":\"fr-CA\",\"url\":\"https:\/\/cdnweb.danby.com\/wp-content\/uploads\/sites\/2\/2022\/02\/10141906\/Danby75Ans_Blue.png\",\"contentUrl\":\"https:\/\/cdnweb.danby.com\/wp-content\/uploads\/sites\/2\/2022\/02\/10141906\/Danby75Ans_Blue.png\",\"width\":470,\"height\":110,\"caption\":\"Danby Appliances\"},\"image\":[],\"sameAs\":[\"https:\/\/www.facebook.com\/DanbyAppliances\",\"https:\/\/x.com\/DanbyAppliance\",\"https:\/\/instagram.com\/danbyappliances\/\",\"https:\/\/www.linkedin.com\/company\/danbyappliances\",\"https:\/\/www.pinterest.ca\/danbyappliances\/\",\"https:\/\/www.youtube.com\/user\/DanbyProducts\",\"https:\/\/en.wikipedia.org\/wiki\/Danby_(appliances)\"]}]}<\/script>\n<!-- \/ Yoast SEO plugin. -->","yoast_head_json":{"title":"Cuisini\u00e8re \u00e0 dessus lisse Danby 24 po Air Fry en acier inoxydable - DRCA240BSSC | Danby Canada","description":"Celui qui a dit qu'il n'\u00e9tait pas possible d'avoir de petits appareils dot\u00e9s de nombreuses fonctions n'avait pas rencontr\u00e9 cette cuisini\u00e8re \u00e0 dessus lisse. D'une largeur de 24 pouces seulement, cet appareil est dot\u00e9 de caract\u00e9ristiques haut de gamme qui permettent d'int\u00e9grer des caract\u00e9ristiques de luxe dans les petits espaces. Des caract\u00e9ristiques telles qu'un four spacieux d'une capacit\u00e9 de 2,5 pi3, avec plus qu'assez d'espace pour une dinde de 20 livres. Cet espace est rendu disponible par les deux grilles du four \u00e0 trois positions r\u00e9glables qui vous donnent la flexibilit\u00e9 n\u00e9cessaire pour tirer le meilleur parti de votre four. Ce four est \u00e9galement dot\u00e9 d'une fen\u00eatre extra-large, vous permettant de v\u00e9rifier vos aliments sans rel\u00e2cher la chaleur et prolonger les temps de cuisson. Le nettoyage de cet appareil est un jeu d'enfant gr\u00e2ce \u00e0 la plaque de cuisson en verre c\u00e9ramique et \u00e0 la sole du four amovible. Mais le meilleur atout de cette cuisini\u00e8re est qu'elle peut remplacer votre friteuse de comptoir gr\u00e2ce \u00e0 sa technologie TruAirFry int\u00e9gr\u00e9e qui vous permet d'obtenir des aliments frits plus croustillants et plus savoureux.","robots":{"index":"index","follow":"follow","max-snippet":"max-snippet:-1","max-image-preview":"max-image-preview:large","max-video-preview":"max-video-preview:-1"},"canonical":"https:\/\/www.danby.com\/fr\/products\/cuisinieres\/drca240bssc\/","og_locale":"fr_CA","og_type":"article","og_title":"Cuisini\u00e8re \u00e0 dessus lisse Danby 24 po Air Fry en acier inoxydable - DRCA240BSSC | Danby Canada","og_description":"Celui qui a dit qu'il n'\u00e9tait pas possible d'avoir de petits appareils dot\u00e9s de nombreuses fonctions n'avait pas rencontr\u00e9 cette cuisini\u00e8re \u00e0 dessus lisse. D'une largeur de 24 pouces seulement, cet appareil est dot\u00e9 de caract\u00e9ristiques haut de gamme qui permettent d'int\u00e9grer des caract\u00e9ristiques de luxe dans les petits espaces. Des caract\u00e9ristiques telles qu'un four spacieux d'une capacit\u00e9 de 2,5 pi3, avec plus qu'assez d'espace pour une dinde de 20 livres. Cet espace est rendu disponible par les deux grilles du four \u00e0 trois positions r\u00e9glables qui vous donnent la flexibilit\u00e9 n\u00e9cessaire pour tirer le meilleur parti de votre four. Ce four est \u00e9galement dot\u00e9 d'une fen\u00eatre extra-large, vous permettant de v\u00e9rifier vos aliments sans rel\u00e2cher la chaleur et prolonger les temps de cuisson. Le nettoyage de cet appareil est un jeu d'enfant gr\u00e2ce \u00e0 la plaque de cuisson en verre c\u00e9ramique et \u00e0 la sole du four amovible. Mais le meilleur atout de cette cuisini\u00e8re est qu'elle peut remplacer votre friteuse de comptoir gr\u00e2ce \u00e0 sa technologie TruAirFry int\u00e9gr\u00e9e qui vous permet d'obtenir des aliments frits plus croustillants et plus savoureux.","og_url":"https:\/\/www.danby.com\/fr\/products\/cuisinieres\/drca240bssc\/","og_site_name":"Danby - Canada - French","article_publisher":"https:\/\/www.facebook.com\/DanbyAppliances","article_modified_time":"2026-04-05T10:06:40+00:00","og_image":[{"width":1920,"height":2560,"url":"https:\/\/cdnweb.danby.com\/wp-content\/uploads\/sites\/2\/2023\/06\/06192444\/DRCA240BSSC_Front-scaled.jpg","type":"image\/jpeg"}],"twitter_card":"summary_large_image","twitter_site":"@DanbyAppliance","schema":{"@context":"https:\/\/schema.org","@graph":[{"@type":["WebPage","ItemPage"],"url":"https:\/\/www.danby.com\/fr\/products\/cuisinieres\/drca240bssc\/","name":"Cuisini\u00e8re \u00e0 dessus lisse Danby 24 po Air Fry en acier inoxydable - DRCA240BSSC | Danby Canada","isPartOf":[],"primaryImageOfPage":[],"image":[],"thumbnailUrl":"https:\/\/www.danby.com\/fr\/wp-content\/uploads\/sites\/2\/2025\/10\/drca240bssc-thumbnail.jpg","datePublished":"2022-10-17T16:00:00+00:00","dateModified":"2026-04-05T10:06:40+00:00","description":"Celui qui a dit qu'il n'\u00e9tait pas possible d'avoir de petits appareils dot\u00e9s de nombreuses fonctions n'avait pas rencontr\u00e9 cette cuisini\u00e8re \u00e0 dessus lisse. D'une largeur de 24 pouces seulement, cet appareil est dot\u00e9 de caract\u00e9ristiques haut de gamme qui permettent d'int\u00e9grer des caract\u00e9ristiques de luxe dans les petits espaces. Des caract\u00e9ristiques telles qu'un four spacieux d'une capacit\u00e9 de 2,5 pi3, avec plus qu'assez d'espace pour une dinde de 20 livres. Cet espace est rendu disponible par les deux grilles du four \u00e0 trois positions r\u00e9glables qui vous donnent la flexibilit\u00e9 n\u00e9cessaire pour tirer le meilleur parti de votre four. Ce four est \u00e9galement dot\u00e9 d'une fen\u00eatre extra-large, vous permettant de v\u00e9rifier vos aliments sans rel\u00e2cher la chaleur et prolonger les temps de cuisson. Le nettoyage de cet appareil est un jeu d'enfant gr\u00e2ce \u00e0 la plaque de cuisson en verre c\u00e9ramique et \u00e0 la sole du four amovible. Mais le meilleur atout de cette cuisini\u00e8re est qu'elle peut remplacer votre friteuse de comptoir gr\u00e2ce \u00e0 sa technologie TruAirFry int\u00e9gr\u00e9e qui vous permet d'obtenir des aliments frits plus croustillants et plus savoureux.","breadcrumb":[],"inLanguage":"fr-CA","potentialAction":[{"@type":"ReadAction","target":["https:\/\/www.danby.com\/fr\/products\/cuisinieres\/drca240bssc\/"]}]},{"@type":"ImageObject","inLanguage":"fr-CA","url":"https:\/\/www.danby.com\/fr\/wp-content\/uploads\/sites\/2\/2025\/10\/drca240bssc-thumbnail.jpg","contentUrl":"https:\/\/www.danby.com\/fr\/wp-content\/uploads\/sites\/2\/2025\/10\/drca240bssc-thumbnail.jpg","width":768,"height":1024},{"@type":"BreadcrumbList","itemListElement":[{"@type":"ListItem","position":1,"name":"Home","item":"https:\/\/www.danby.com\/fr\/"},{"@type":"ListItem","position":2,"name":"Boutique","item":"https:\/\/www.danby.com\/fr\/boutique\/"},{"@type":"ListItem","position":3,"name":"Cuisini\u00e8re \u00e0 dessus lisse Danby 24 po Air Fry en acier inoxydable"}]},{"@type":"WebSite","url":"https:\/\/www.danby.com\/fr\/","name":"Danby - Canada - French","description":"Leader dans le domaine de la r\u00e9frig\u00e9ration et des appareils sp\u00e9cialis\u00e9s","publisher":[],"potentialAction":[{"@type":"SearchAction","target":{"@type":"EntryPoint","urlTemplate":"https:\/\/www.danby.com\/fr\/?s={search_term_string}"},"query-input":{"@type":"PropertyValueSpecification","valueRequired":true,"valueName":"search_term_string"}}],"inLanguage":"fr-CA"},{"@type":"Organization","name":"Danby Appliances","url":"https:\/\/www.danby.com\/fr\/","logo":{"@type":"ImageObject","inLanguage":"fr-CA","url":"https:\/\/cdnweb.danby.com\/wp-content\/uploads\/sites\/2\/2022\/02\/10141906\/Danby75Ans_Blue.png","contentUrl":"https:\/\/cdnweb.danby.com\/wp-content\/uploads\/sites\/2\/2022\/02\/10141906\/Danby75Ans_Blue.png","width":470,"height":110,"caption":"Danby Appliances"},"image":[],"sameAs":["https:\/\/www.facebook.com\/DanbyAppliances","https:\/\/x.com\/DanbyAppliance","https:\/\/instagram.com\/danbyappliances\/","https:\/\/www.linkedin.com\/company\/danbyappliances","https:\/\/www.pinterest.ca\/danbyappliances\/","https:\/\/www.youtube.com\/user\/DanbyProducts","https:\/\/en.wikipedia.org\/wiki\/Danby_(appliances)"]}]}},"post_mailing_queue_ids":[],"_links":{"self":[{"href":"https:\/\/www.danby.com\/fr\/wp-json\/wp\/v2\/product\/19231","targetHints":{"allow":["GET"]}}],"collection":[{"href":"https:\/\/www.danby.com\/fr\/wp-json\/wp\/v2\/product"}],"about":[{"href":"https:\/\/www.danby.com\/fr\/wp-json\/wp\/v2\/types\/product"}],"replies":[{"embeddable":true,"href":"https:\/\/www.danby.com\/fr\/wp-json\/wp\/v2\/comments?post=19231"}],"wp:featuredmedia":[{"embeddable":true,"href":"https:\/\/www.danby.com\/fr\/wp-json\/wp\/v2\/media\/35369"}],"wp:attachment":[{"href":"https:\/\/www.danby.com\/fr\/wp-json\/wp\/v2\/media?parent=19231"}],"wp:term":[{"taxonomy":"product_brand","embeddable":true,"href":"https:\/\/www.danby.com\/fr\/wp-json\/wp\/v2\/product_brand?post=19231"},{"taxonomy":"product_cat","embeddable":true,"href":"https:\/\/www.danby.com\/fr\/wp-json\/wp\/v2\/product_cat?post=19231"},{"taxonomy":"product_tag","embeddable":true,"href":"https:\/\/www.danby.com\/fr\/wp-json\/wp\/v2\/product_tag?post=19231"}],"curies":[{"name":"wp","href":"https:\/\/api.w.org\/{rel}","templated":true}]}}