{"id":19099,"date":"2022-10-11T18:24:43","date_gmt":"2022-10-11T18:24:43","guid":{"rendered":"https:\/\/www.danby.com\/fr\/?post_type=product&#038;p=19099"},"modified":"2026-04-26T10:02:57","modified_gmt":"2026-04-26T10:02:57","slug":"dbsh02213wd13","status":"publish","type":"product","link":"https:\/\/www.danby.com\/fr\/products\/chauffages\/dbsh02213wd13\/","title":{"rendered":"Danby 1500W chauffage oscillant r\u00e9glable 22&#8243; en Blanc"},"content":{"rendered":"","protected":false},"excerpt":{"rendered":"<ul>\n<li>Chauffe-eau c\u00e9ramique Danby 22&#8243; de haut<\/li>\n<li>Num\u00e9rique, contr\u00f4le tactile avec t\u00e9l\u00e9commande<\/li>\n<li>Puissance de 1500W avec 2 r\u00e9glages de chaleur<\/li>\n<li>Thermostat r\u00e9glable, se met en marche et s&#8217;arr\u00eate pour maintenir la temp\u00e9rature.<\/li>\n<li>Oscillant \u00e0 90\u00b0, augmente la plage de distribution de la chaleur<\/li>\n<li>La minuterie peut \u00eatre r\u00e9gl\u00e9e jusqu&#8217;\u00e0 12 heures, par tranches d&#8217;une heure.<\/li>\n<li>Mode ventilateur seul<\/li>\n<li>Arr\u00eat automatique en cas de surchauffe ou de renversement du ventilateur<\/li>\n<\/ul>\n","protected":false},"featured_media":35399,"comment_status":"closed","ping_status":"closed","template":"","meta":{"_acf_changed":false},"product_brand":[],"product_cat":[231],"product_tag":[],"class_list":{"0":"post-19099","1":"product","2":"type-product","3":"status-publish","4":"has-post-thumbnail","6":"product_cat-chauffages","8":"first","9":"instock","10":"taxable","11":"shipping-taxable","12":"purchasable","13":"product-type-simple"},"acf":[],"yoast_head":"<!-- This site is optimized with the Yoast SEO plugin v27.4 - https:\/\/yoast.com\/product\/yoast-seo-wordpress\/ -->\n<title>Danby 1500W chauffage oscillant r\u00e9glable 22&quot; en Blanc - DBSH02213WD13 | Danby Canada<\/title>\n<meta name=\"description\" content=\"Gardez votre petit espace chaud et confortable avec un chauffage d&#039;appoint Danby pendant les froides journ\u00e9es d&#039;hiver. Personnalisez la temp\u00e9rature \u00e0 l&#039;aide de la t\u00e9l\u00e9commande avec une plage num\u00e9rique r\u00e9glable entre 59 \u00b0F et 86 \u00b0F (15 \u00b0C et 29 \u00b0C) dans votre chambre, votre bureau \u00e0 domicile ou votre salon, pour un confort total. Ce radiateur \u00e9lectrique est compact et l\u00e9ger et s&#039;installe sur un bureau, une table ou sur le sol. Sa poign\u00e9e de transport permet de le transporter facilement d&#039;une pi\u00e8ce \u00e0 l&#039;autre. Con\u00e7u pour \u00eatre utilis\u00e9 toute l&#039;ann\u00e9e, profitez de la fonction de chauffage en hiver et du mode ventilateur oscillant \u00e0 90 degr\u00e9s uniquement pendant les mois plus chauds. Ce mod\u00e8le s&#039;\u00e9teint automatiquement en cas de surchauffe ou de basculement, pour une s\u00e9curit\u00e9 maximale. En outre, vous pouvez programmer les minuteries par intervalles d&#039;une heure \u00e0 12 heures. Enfin, r\u00e9duisez vos factures d&#039;\u00e9nergie en baissant votre thermostat et en ne chauffant que la pi\u00e8ce dans laquelle vous vous trouvez.\" \/>\n<meta name=\"robots\" content=\"index, follow, max-snippet:-1, max-image-preview:large, max-video-preview:-1\" \/>\n<link rel=\"canonical\" href=\"https:\/\/www.danby.com\/fr\/products\/chauffages\/dbsh02213wd13\/\" \/>\n<meta property=\"og:locale\" content=\"fr_CA\" \/>\n<meta property=\"og:type\" content=\"article\" \/>\n<meta property=\"og:title\" content=\"Danby 1500W chauffage oscillant r\u00e9glable 22&quot; en Blanc - DBSH02213WD13 | Danby Canada\" \/>\n<meta property=\"og:description\" content=\"Gardez votre petit espace chaud et confortable avec un chauffage d&#039;appoint Danby pendant les froides journ\u00e9es d&#039;hiver. Personnalisez la temp\u00e9rature \u00e0 l&#039;aide de la t\u00e9l\u00e9commande avec une plage num\u00e9rique r\u00e9glable entre 59 \u00b0F et 86 \u00b0F (15 \u00b0C et 29 \u00b0C) dans votre chambre, votre bureau \u00e0 domicile ou votre salon, pour un confort total. Ce radiateur \u00e9lectrique est compact et l\u00e9ger et s&#039;installe sur un bureau, une table ou sur le sol. Sa poign\u00e9e de transport permet de le transporter facilement d&#039;une pi\u00e8ce \u00e0 l&#039;autre. Con\u00e7u pour \u00eatre utilis\u00e9 toute l&#039;ann\u00e9e, profitez de la fonction de chauffage en hiver et du mode ventilateur oscillant \u00e0 90 degr\u00e9s uniquement pendant les mois plus chauds. Ce mod\u00e8le s&#039;\u00e9teint automatiquement en cas de surchauffe ou de basculement, pour une s\u00e9curit\u00e9 maximale. En outre, vous pouvez programmer les minuteries par intervalles d&#039;une heure \u00e0 12 heures. Enfin, r\u00e9duisez vos factures d&#039;\u00e9nergie en baissant votre thermostat et en ne chauffant que la pi\u00e8ce dans laquelle vous vous trouvez.\" \/>\n<meta property=\"og:url\" content=\"https:\/\/www.danby.com\/fr\/products\/chauffages\/dbsh02213wd13\/\" \/>\n<meta property=\"og:site_name\" content=\"Danby - Canada - French\" \/>\n<meta property=\"article:publisher\" content=\"https:\/\/www.facebook.com\/DanbyAppliances\" \/>\n<meta property=\"article:modified_time\" content=\"2026-04-26T10:02:57+00:00\" \/>\n<meta property=\"og:image\" content=\"https:\/\/www.danby.com\/fr\/wp-content\/uploads\/sites\/2\/2025\/10\/dbsh02213wd13-thumbnail.jpg\" \/>\n\t<meta property=\"og:image:width\" content=\"768\" \/>\n\t<meta property=\"og:image:height\" content=\"1024\" \/>\n\t<meta property=\"og:image:type\" content=\"image\/jpeg\" \/>\n<meta name=\"twitter:card\" content=\"summary_large_image\" \/>\n<meta name=\"twitter:site\" content=\"@DanbyAppliance\" \/>\n<meta name=\"twitter:label1\" content=\"Estimation du temps de lecture\" \/>\n\t<meta name=\"twitter:data1\" content=\"1 minute\" \/>\n<script type=\"application\/ld+json\" class=\"yoast-schema-graph\">{\"@context\":\"https:\\\/\\\/schema.org\",\"@graph\":[{\"@type\":[\"WebPage\",\"ItemPage\"],\"url\":\"https:\\\/\\\/www.danby.com\\\/fr\\\/products\\\/chauffages\\\/dbsh02213wd13\\\/\",\"name\":\"Danby 1500W chauffage oscillant r\u00e9glable 22\\\" en Blanc - DBSH02213WD13 | Danby Canada\",\"isPartOf\":[],\"primaryImageOfPage\":[],\"image\":[],\"thumbnailUrl\":\"https:\\\/\\\/www.danby.com\\\/fr\\\/wp-content\\\/uploads\\\/sites\\\/2\\\/2025\\\/10\\\/dbsh02213wd13-thumbnail.jpg\",\"datePublished\":\"2022-10-11T18:24:43+00:00\",\"dateModified\":\"2026-04-26T10:02:57+00:00\",\"description\":\"Gardez votre petit espace chaud et confortable avec un chauffage d'appoint Danby pendant les froides journ\u00e9es d'hiver. Personnalisez la temp\u00e9rature \u00e0 l'aide de la t\u00e9l\u00e9commande avec une plage num\u00e9rique r\u00e9glable entre 59 \u00b0F et 86 \u00b0F (15 \u00b0C et 29 \u00b0C) dans votre chambre, votre bureau \u00e0 domicile ou votre salon, pour un confort total. Ce radiateur \u00e9lectrique est compact et l\u00e9ger et s'installe sur un bureau, une table ou sur le sol. Sa poign\u00e9e de transport permet de le transporter facilement d'une pi\u00e8ce \u00e0 l'autre. Con\u00e7u pour \u00eatre utilis\u00e9 toute l'ann\u00e9e, profitez de la fonction de chauffage en hiver et du mode ventilateur oscillant \u00e0 90 degr\u00e9s uniquement pendant les mois plus chauds. Ce mod\u00e8le s'\u00e9teint automatiquement en cas de surchauffe ou de basculement, pour une s\u00e9curit\u00e9 maximale. En outre, vous pouvez programmer les minuteries par intervalles d'une heure \u00e0 12 heures. Enfin, r\u00e9duisez vos factures d'\u00e9nergie en baissant votre thermostat et en ne chauffant que la pi\u00e8ce dans laquelle vous vous trouvez.\",\"breadcrumb\":[],\"inLanguage\":\"fr-CA\",\"potentialAction\":[{\"@type\":\"ReadAction\",\"target\":[\"https:\\\/\\\/www.danby.com\\\/fr\\\/products\\\/chauffages\\\/dbsh02213wd13\\\/\"]}]},{\"@type\":\"ImageObject\",\"inLanguage\":\"fr-CA\",\"url\":\"https:\\\/\\\/www.danby.com\\\/fr\\\/wp-content\\\/uploads\\\/sites\\\/2\\\/2025\\\/10\\\/dbsh02213wd13-thumbnail.jpg\",\"contentUrl\":\"https:\\\/\\\/www.danby.com\\\/fr\\\/wp-content\\\/uploads\\\/sites\\\/2\\\/2025\\\/10\\\/dbsh02213wd13-thumbnail.jpg\",\"width\":768,\"height\":1024},{\"@type\":\"BreadcrumbList\",\"itemListElement\":[{\"@type\":\"ListItem\",\"position\":1,\"name\":\"Home\",\"item\":\"https:\\\/\\\/www.danby.com\\\/fr\\\/\"},{\"@type\":\"ListItem\",\"position\":2,\"name\":\"Boutique\",\"item\":\"https:\\\/\\\/www.danby.com\\\/fr\\\/boutique\\\/\"},{\"@type\":\"ListItem\",\"position\":3,\"name\":\"Danby 1500W chauffage oscillant r\u00e9glable 22&#8243; en blanc\"}]},{\"@type\":\"WebSite\",\"url\":\"https:\\\/\\\/www.danby.com\\\/fr\\\/\",\"name\":\"Danby - Canada - French\",\"description\":\"Leader dans le domaine de la r\u00e9frig\u00e9ration et des appareils sp\u00e9cialis\u00e9s\",\"publisher\":[],\"potentialAction\":[{\"@type\":\"SearchAction\",\"target\":{\"@type\":\"EntryPoint\",\"urlTemplate\":\"https:\\\/\\\/www.danby.com\\\/fr\\\/?s={search_term_string}\"},\"query-input\":{\"@type\":\"PropertyValueSpecification\",\"valueRequired\":true,\"valueName\":\"search_term_string\"}}],\"inLanguage\":\"fr-CA\"},{\"@type\":\"Organization\",\"name\":\"Danby Appliances\",\"url\":\"https:\\\/\\\/www.danby.com\\\/fr\\\/\",\"logo\":{\"@type\":\"ImageObject\",\"inLanguage\":\"fr-CA\",\"url\":\"https:\\\/\\\/cdnweb.danby.com\\\/wp-content\\\/uploads\\\/sites\\\/2\\\/2022\\\/02\\\/10141906\\\/Danby75Ans_Blue.png\",\"contentUrl\":\"https:\\\/\\\/cdnweb.danby.com\\\/wp-content\\\/uploads\\\/sites\\\/2\\\/2022\\\/02\\\/10141906\\\/Danby75Ans_Blue.png\",\"width\":470,\"height\":110,\"caption\":\"Danby Appliances\"},\"image\":[],\"sameAs\":[\"https:\\\/\\\/www.facebook.com\\\/DanbyAppliances\",\"https:\\\/\\\/x.com\\\/DanbyAppliance\",\"https:\\\/\\\/instagram.com\\\/danbyappliances\\\/\",\"https:\\\/\\\/www.linkedin.com\\\/company\\\/danbyappliances\",\"https:\\\/\\\/www.pinterest.ca\\\/danbyappliances\\\/\",\"https:\\\/\\\/www.youtube.com\\\/user\\\/DanbyProducts\",\"https:\\\/\\\/en.wikipedia.org\\\/wiki\\\/Danby_(appliances)\"]}]}<\/script>\n<!-- \/ Yoast SEO plugin. -->","yoast_head_json":{"title":"Danby 1500W chauffage oscillant r\u00e9glable 22\" en Blanc - DBSH02213WD13 | Danby Canada","description":"Gardez votre petit espace chaud et confortable avec un chauffage d'appoint Danby pendant les froides journ\u00e9es d'hiver. Personnalisez la temp\u00e9rature \u00e0 l'aide de la t\u00e9l\u00e9commande avec une plage num\u00e9rique r\u00e9glable entre 59 \u00b0F et 86 \u00b0F (15 \u00b0C et 29 \u00b0C) dans votre chambre, votre bureau \u00e0 domicile ou votre salon, pour un confort total. Ce radiateur \u00e9lectrique est compact et l\u00e9ger et s'installe sur un bureau, une table ou sur le sol. Sa poign\u00e9e de transport permet de le transporter facilement d'une pi\u00e8ce \u00e0 l'autre. Con\u00e7u pour \u00eatre utilis\u00e9 toute l'ann\u00e9e, profitez de la fonction de chauffage en hiver et du mode ventilateur oscillant \u00e0 90 degr\u00e9s uniquement pendant les mois plus chauds. Ce mod\u00e8le s'\u00e9teint automatiquement en cas de surchauffe ou de basculement, pour une s\u00e9curit\u00e9 maximale. En outre, vous pouvez programmer les minuteries par intervalles d'une heure \u00e0 12 heures. Enfin, r\u00e9duisez vos factures d'\u00e9nergie en baissant votre thermostat et en ne chauffant que la pi\u00e8ce dans laquelle vous vous trouvez.","robots":{"index":"index","follow":"follow","max-snippet":"max-snippet:-1","max-image-preview":"max-image-preview:large","max-video-preview":"max-video-preview:-1"},"canonical":"https:\/\/www.danby.com\/fr\/products\/chauffages\/dbsh02213wd13\/","og_locale":"fr_CA","og_type":"article","og_title":"Danby 1500W chauffage oscillant r\u00e9glable 22\" en Blanc - DBSH02213WD13 | Danby Canada","og_description":"Gardez votre petit espace chaud et confortable avec un chauffage d'appoint Danby pendant les froides journ\u00e9es d'hiver. Personnalisez la temp\u00e9rature \u00e0 l'aide de la t\u00e9l\u00e9commande avec une plage num\u00e9rique r\u00e9glable entre 59 \u00b0F et 86 \u00b0F (15 \u00b0C et 29 \u00b0C) dans votre chambre, votre bureau \u00e0 domicile ou votre salon, pour un confort total. Ce radiateur \u00e9lectrique est compact et l\u00e9ger et s'installe sur un bureau, une table ou sur le sol. Sa poign\u00e9e de transport permet de le transporter facilement d'une pi\u00e8ce \u00e0 l'autre. Con\u00e7u pour \u00eatre utilis\u00e9 toute l'ann\u00e9e, profitez de la fonction de chauffage en hiver et du mode ventilateur oscillant \u00e0 90 degr\u00e9s uniquement pendant les mois plus chauds. Ce mod\u00e8le s'\u00e9teint automatiquement en cas de surchauffe ou de basculement, pour une s\u00e9curit\u00e9 maximale. En outre, vous pouvez programmer les minuteries par intervalles d'une heure \u00e0 12 heures. Enfin, r\u00e9duisez vos factures d'\u00e9nergie en baissant votre thermostat et en ne chauffant que la pi\u00e8ce dans laquelle vous vous trouvez.","og_url":"https:\/\/www.danby.com\/fr\/products\/chauffages\/dbsh02213wd13\/","og_site_name":"Danby - Canada - French","article_publisher":"https:\/\/www.facebook.com\/DanbyAppliances","article_modified_time":"2026-04-26T10:02:57+00:00","og_image":[{"width":768,"height":1024,"url":"https:\/\/www.danby.com\/fr\/wp-content\/uploads\/sites\/2\/2025\/10\/dbsh02213wd13-thumbnail.jpg","type":"image\/jpeg"}],"twitter_card":"summary_large_image","twitter_site":"@DanbyAppliance","twitter_misc":{"Estimation du temps de lecture":"1 minute"},"schema":{"@context":"https:\/\/schema.org","@graph":[{"@type":["WebPage","ItemPage"],"url":"https:\/\/www.danby.com\/fr\/products\/chauffages\/dbsh02213wd13\/","name":"Danby 1500W chauffage oscillant r\u00e9glable 22\" en Blanc - DBSH02213WD13 | Danby Canada","isPartOf":[],"primaryImageOfPage":[],"image":[],"thumbnailUrl":"https:\/\/www.danby.com\/fr\/wp-content\/uploads\/sites\/2\/2025\/10\/dbsh02213wd13-thumbnail.jpg","datePublished":"2022-10-11T18:24:43+00:00","dateModified":"2026-04-26T10:02:57+00:00","description":"Gardez votre petit espace chaud et confortable avec un chauffage d'appoint Danby pendant les froides journ\u00e9es d'hiver. Personnalisez la temp\u00e9rature \u00e0 l'aide de la t\u00e9l\u00e9commande avec une plage num\u00e9rique r\u00e9glable entre 59 \u00b0F et 86 \u00b0F (15 \u00b0C et 29 \u00b0C) dans votre chambre, votre bureau \u00e0 domicile ou votre salon, pour un confort total. Ce radiateur \u00e9lectrique est compact et l\u00e9ger et s'installe sur un bureau, une table ou sur le sol. Sa poign\u00e9e de transport permet de le transporter facilement d'une pi\u00e8ce \u00e0 l'autre. Con\u00e7u pour \u00eatre utilis\u00e9 toute l'ann\u00e9e, profitez de la fonction de chauffage en hiver et du mode ventilateur oscillant \u00e0 90 degr\u00e9s uniquement pendant les mois plus chauds. Ce mod\u00e8le s'\u00e9teint automatiquement en cas de surchauffe ou de basculement, pour une s\u00e9curit\u00e9 maximale. En outre, vous pouvez programmer les minuteries par intervalles d'une heure \u00e0 12 heures. Enfin, r\u00e9duisez vos factures d'\u00e9nergie en baissant votre thermostat et en ne chauffant que la pi\u00e8ce dans laquelle vous vous trouvez.","breadcrumb":[],"inLanguage":"fr-CA","potentialAction":[{"@type":"ReadAction","target":["https:\/\/www.danby.com\/fr\/products\/chauffages\/dbsh02213wd13\/"]}]},{"@type":"ImageObject","inLanguage":"fr-CA","url":"https:\/\/www.danby.com\/fr\/wp-content\/uploads\/sites\/2\/2025\/10\/dbsh02213wd13-thumbnail.jpg","contentUrl":"https:\/\/www.danby.com\/fr\/wp-content\/uploads\/sites\/2\/2025\/10\/dbsh02213wd13-thumbnail.jpg","width":768,"height":1024},{"@type":"BreadcrumbList","itemListElement":[{"@type":"ListItem","position":1,"name":"Home","item":"https:\/\/www.danby.com\/fr\/"},{"@type":"ListItem","position":2,"name":"Boutique","item":"https:\/\/www.danby.com\/fr\/boutique\/"},{"@type":"ListItem","position":3,"name":"Danby 1500W chauffage oscillant r\u00e9glable 22&#8243; en blanc"}]},{"@type":"WebSite","url":"https:\/\/www.danby.com\/fr\/","name":"Danby - Canada - French","description":"Leader dans le domaine de la r\u00e9frig\u00e9ration et des appareils sp\u00e9cialis\u00e9s","publisher":[],"potentialAction":[{"@type":"SearchAction","target":{"@type":"EntryPoint","urlTemplate":"https:\/\/www.danby.com\/fr\/?s={search_term_string}"},"query-input":{"@type":"PropertyValueSpecification","valueRequired":true,"valueName":"search_term_string"}}],"inLanguage":"fr-CA"},{"@type":"Organization","name":"Danby Appliances","url":"https:\/\/www.danby.com\/fr\/","logo":{"@type":"ImageObject","inLanguage":"fr-CA","url":"https:\/\/cdnweb.danby.com\/wp-content\/uploads\/sites\/2\/2022\/02\/10141906\/Danby75Ans_Blue.png","contentUrl":"https:\/\/cdnweb.danby.com\/wp-content\/uploads\/sites\/2\/2022\/02\/10141906\/Danby75Ans_Blue.png","width":470,"height":110,"caption":"Danby Appliances"},"image":[],"sameAs":["https:\/\/www.facebook.com\/DanbyAppliances","https:\/\/x.com\/DanbyAppliance","https:\/\/instagram.com\/danbyappliances\/","https:\/\/www.linkedin.com\/company\/danbyappliances","https:\/\/www.pinterest.ca\/danbyappliances\/","https:\/\/www.youtube.com\/user\/DanbyProducts","https:\/\/en.wikipedia.org\/wiki\/Danby_(appliances)"]}]}},"post_mailing_queue_ids":[],"_links":{"self":[{"href":"https:\/\/www.danby.com\/fr\/wp-json\/wp\/v2\/product\/19099","targetHints":{"allow":["GET"]}}],"collection":[{"href":"https:\/\/www.danby.com\/fr\/wp-json\/wp\/v2\/product"}],"about":[{"href":"https:\/\/www.danby.com\/fr\/wp-json\/wp\/v2\/types\/product"}],"replies":[{"embeddable":true,"href":"https:\/\/www.danby.com\/fr\/wp-json\/wp\/v2\/comments?post=19099"}],"wp:featuredmedia":[{"embeddable":true,"href":"https:\/\/www.danby.com\/fr\/wp-json\/wp\/v2\/media\/35399"}],"wp:attachment":[{"href":"https:\/\/www.danby.com\/fr\/wp-json\/wp\/v2\/media?parent=19099"}],"wp:term":[{"taxonomy":"product_brand","embeddable":true,"href":"https:\/\/www.danby.com\/fr\/wp-json\/wp\/v2\/product_brand?post=19099"},{"taxonomy":"product_cat","embeddable":true,"href":"https:\/\/www.danby.com\/fr\/wp-json\/wp\/v2\/product_cat?post=19099"},{"taxonomy":"product_tag","embeddable":true,"href":"https:\/\/www.danby.com\/fr\/wp-json\/wp\/v2\/product_tag?post=19099"}],"curies":[{"name":"wp","href":"https:\/\/api.w.org\/{rel}","templated":true}]}}