{"id":19051,"date":"2022-10-11T14:15:41","date_gmt":"2022-10-11T14:15:41","guid":{"rendered":"https:\/\/www.danby.com\/fr\/?post_type=product&#038;p=19051"},"modified":"2026-04-04T10:03:13","modified_gmt":"2026-04-04T10:03:13","slug":"ddef02213bd13","status":"publish","type":"product","link":"https:\/\/www.danby.com\/fr\/products\/chauffages\/ddef02213bd13\/","title":{"rendered":"Danby Foyer \u00e9lectrique mural de 22 po en Noir ()"},"content":{"rendered":"","protected":false},"excerpt":{"rendered":"<ul><\/ul>\n","protected":false},"featured_media":35401,"comment_status":"closed","ping_status":"closed","template":"","meta":{"_acf_changed":false},"product_brand":[],"product_cat":[231],"product_tag":[],"class_list":{"0":"post-19051","1":"product","2":"type-product","3":"status-publish","4":"has-post-thumbnail","6":"product_cat-chauffages","8":"first","9":"outofstock","10":"taxable","11":"shipping-taxable","12":"product-type-simple"},"acf":[],"yoast_head":"<!-- This site is optimized with the Yoast SEO plugin v26.7 - https:\/\/yoast.com\/wordpress\/plugins\/seo\/ -->\n<title>Danby Foyer \u00e9lectrique mural de 22 po en Noir () - DDEF02213BD13 | Danby Canada<\/title>\n<meta name=\"description\" content=\"Apportez la chaleur d&#039;un vrai foyer \u00e0 votre espace de vie avec la chemin\u00e9e \u00e9lectrique murale de Danby. Personnalisez la temp\u00e9rature \u00e0 l&#039;aide de la t\u00e9l\u00e9commande avec une plage num\u00e9rique r\u00e9glable entre 59\u00b0F-95\u00b0F (15\u00b0C -35\u00b0C) et une fonction marche-arr\u00eat du cycle de chaleur pour maintenir la temp\u00e9rature r\u00e9gl\u00e9e. Restez bien au chaud dans votre chambre \u00e0 coucher, votre bureau \u00e0 domicile ou votre salon gr\u00e2ce \u00e0 ce foyer chauffant de 22 pouces de large qui peut facilement \u00eatre mont\u00e9 pour pr\u00e9server l&#039;espace au sol ou utilis\u00e9 comme unit\u00e9 autonome sur le dessus d&#039;une commode ou d&#039;un meuble TV. Changez la couleur de la flamme LED selon vos pr\u00e9f\u00e9rences gr\u00e2ce aux multiples choix de couleurs et profitez d&#039;une lueur chauffante r\u00e9aliste. Les caract\u00e9ristiques comprennent une minuterie de 7,5 heures, 2 r\u00e9glages de chaleur et une vitre avant incurv\u00e9e moderne avec un verre tremp\u00e9 noir brillant. Ce mod\u00e8le s&#039;\u00e9teint automatiquement en cas de surchauffe et offre une option sans chaleur.\" \/>\n<meta name=\"robots\" content=\"index, follow, max-snippet:-1, max-image-preview:large, max-video-preview:-1\" \/>\n<link rel=\"canonical\" href=\"https:\/\/www.danby.com\/fr\/products\/chauffages\/ddef02213bd13\/\" \/>\n<meta property=\"og:locale\" content=\"fr_CA\" \/>\n<meta property=\"og:type\" content=\"article\" \/>\n<meta property=\"og:title\" content=\"Danby Foyer \u00e9lectrique mural de 22 po en Noir () - DDEF02213BD13 | Danby Canada\" \/>\n<meta property=\"og:description\" content=\"Apportez la chaleur d&#039;un vrai foyer \u00e0 votre espace de vie avec la chemin\u00e9e \u00e9lectrique murale de Danby. Personnalisez la temp\u00e9rature \u00e0 l&#039;aide de la t\u00e9l\u00e9commande avec une plage num\u00e9rique r\u00e9glable entre 59\u00b0F-95\u00b0F (15\u00b0C -35\u00b0C) et une fonction marche-arr\u00eat du cycle de chaleur pour maintenir la temp\u00e9rature r\u00e9gl\u00e9e. Restez bien au chaud dans votre chambre \u00e0 coucher, votre bureau \u00e0 domicile ou votre salon gr\u00e2ce \u00e0 ce foyer chauffant de 22 pouces de large qui peut facilement \u00eatre mont\u00e9 pour pr\u00e9server l&#039;espace au sol ou utilis\u00e9 comme unit\u00e9 autonome sur le dessus d&#039;une commode ou d&#039;un meuble TV. Changez la couleur de la flamme LED selon vos pr\u00e9f\u00e9rences gr\u00e2ce aux multiples choix de couleurs et profitez d&#039;une lueur chauffante r\u00e9aliste. Les caract\u00e9ristiques comprennent une minuterie de 7,5 heures, 2 r\u00e9glages de chaleur et une vitre avant incurv\u00e9e moderne avec un verre tremp\u00e9 noir brillant. Ce mod\u00e8le s&#039;\u00e9teint automatiquement en cas de surchauffe et offre une option sans chaleur.\" \/>\n<meta property=\"og:url\" content=\"https:\/\/www.danby.com\/fr\/products\/chauffages\/ddef02213bd13\/\" \/>\n<meta property=\"og:site_name\" content=\"Danby - Canada - French\" \/>\n<meta property=\"article:publisher\" content=\"https:\/\/www.facebook.com\/DanbyAppliances\" \/>\n<meta property=\"article:modified_time\" content=\"2026-04-04T10:03:13+00:00\" \/>\n<meta property=\"og:image\" content=\"https:\/\/www.danby.com\/fr\/wp-content\/uploads\/sites\/2\/2024\/09\/DDEF02213BD13_0006.jpg\" \/>\n\t<meta property=\"og:image:width\" content=\"1500\" \/>\n\t<meta property=\"og:image:height\" content=\"2000\" \/>\n\t<meta property=\"og:image:type\" content=\"image\/jpeg\" \/>\n<meta name=\"twitter:card\" content=\"summary_large_image\" \/>\n<meta name=\"twitter:site\" content=\"@DanbyAppliance\" \/>\n<meta name=\"twitter:label1\" content=\"Estimation du temps de lecture\" \/>\n\t<meta name=\"twitter:data1\" content=\"1 minute\" \/>\n<script type=\"application\/ld+json\" class=\"yoast-schema-graph\">{\"@context\":\"https:\/\/schema.org\",\"@graph\":[{\"@type\":[\"WebPage\",\"ItemPage\"],\"url\":\"https:\/\/www.danby.com\/fr\/products\/chauffages\/ddef02213bd13\/\",\"name\":\"Danby Foyer \u00e9lectrique mural de 22 po en Noir () - DDEF02213BD13 | Danby Canada\",\"isPartOf\":[],\"primaryImageOfPage\":[],\"image\":[],\"thumbnailUrl\":\"https:\/\/www.danby.com\/fr\/wp-content\/uploads\/sites\/2\/2025\/10\/ddef02213bd13-thumbnail.jpg\",\"datePublished\":\"2022-10-11T14:15:41+00:00\",\"dateModified\":\"2026-04-04T10:03:13+00:00\",\"description\":\"Apportez la chaleur d'un vrai foyer \u00e0 votre espace de vie avec la chemin\u00e9e \u00e9lectrique murale de Danby. Personnalisez la temp\u00e9rature \u00e0 l'aide de la t\u00e9l\u00e9commande avec une plage num\u00e9rique r\u00e9glable entre 59\u00b0F-95\u00b0F (15\u00b0C -35\u00b0C) et une fonction marche-arr\u00eat du cycle de chaleur pour maintenir la temp\u00e9rature r\u00e9gl\u00e9e. Restez bien au chaud dans votre chambre \u00e0 coucher, votre bureau \u00e0 domicile ou votre salon gr\u00e2ce \u00e0 ce foyer chauffant de 22 pouces de large qui peut facilement \u00eatre mont\u00e9 pour pr\u00e9server l'espace au sol ou utilis\u00e9 comme unit\u00e9 autonome sur le dessus d'une commode ou d'un meuble TV. Changez la couleur de la flamme LED selon vos pr\u00e9f\u00e9rences gr\u00e2ce aux multiples choix de couleurs et profitez d'une lueur chauffante r\u00e9aliste. Les caract\u00e9ristiques comprennent une minuterie de 7,5 heures, 2 r\u00e9glages de chaleur et une vitre avant incurv\u00e9e moderne avec un verre tremp\u00e9 noir brillant. Ce mod\u00e8le s'\u00e9teint automatiquement en cas de surchauffe et offre une option sans chaleur.\",\"breadcrumb\":[],\"inLanguage\":\"fr-CA\",\"potentialAction\":[{\"@type\":\"ReadAction\",\"target\":[\"https:\/\/www.danby.com\/fr\/products\/chauffages\/ddef02213bd13\/\"]}]},{\"@type\":\"ImageObject\",\"inLanguage\":\"fr-CA\",\"url\":\"https:\/\/www.danby.com\/fr\/wp-content\/uploads\/sites\/2\/2025\/10\/ddef02213bd13-thumbnail.jpg\",\"contentUrl\":\"https:\/\/www.danby.com\/fr\/wp-content\/uploads\/sites\/2\/2025\/10\/ddef02213bd13-thumbnail.jpg\",\"width\":768,\"height\":1024},{\"@type\":\"BreadcrumbList\",\"itemListElement\":[{\"@type\":\"ListItem\",\"position\":1,\"name\":\"Home\",\"item\":\"https:\/\/www.danby.com\/fr\/\"},{\"@type\":\"ListItem\",\"position\":2,\"name\":\"Boutique\",\"item\":\"https:\/\/www.danby.com\/fr\/boutique\/\"},{\"@type\":\"ListItem\",\"position\":3,\"name\":\"Danby Foyer \u00e9lectrique mural de 22 po en Noir ()\"}]},{\"@type\":\"WebSite\",\"url\":\"https:\/\/www.danby.com\/fr\/\",\"name\":\"Danby - Canada - French\",\"description\":\"Leader dans le domaine de la r\u00e9frig\u00e9ration et des appareils sp\u00e9cialis\u00e9s\",\"publisher\":[],\"potentialAction\":[{\"@type\":\"SearchAction\",\"target\":{\"@type\":\"EntryPoint\",\"urlTemplate\":\"https:\/\/www.danby.com\/fr\/?s={search_term_string}\"},\"query-input\":{\"@type\":\"PropertyValueSpecification\",\"valueRequired\":true,\"valueName\":\"search_term_string\"}}],\"inLanguage\":\"fr-CA\"},{\"@type\":\"Organization\",\"name\":\"Danby Appliances\",\"url\":\"https:\/\/www.danby.com\/fr\/\",\"logo\":{\"@type\":\"ImageObject\",\"inLanguage\":\"fr-CA\",\"url\":\"https:\/\/cdnweb.danby.com\/wp-content\/uploads\/sites\/2\/2022\/02\/10141906\/Danby75Ans_Blue.png\",\"contentUrl\":\"https:\/\/cdnweb.danby.com\/wp-content\/uploads\/sites\/2\/2022\/02\/10141906\/Danby75Ans_Blue.png\",\"width\":470,\"height\":110,\"caption\":\"Danby Appliances\"},\"image\":[],\"sameAs\":[\"https:\/\/www.facebook.com\/DanbyAppliances\",\"https:\/\/x.com\/DanbyAppliance\",\"https:\/\/instagram.com\/danbyappliances\/\",\"https:\/\/www.linkedin.com\/company\/danbyappliances\",\"https:\/\/www.pinterest.ca\/danbyappliances\/\",\"https:\/\/www.youtube.com\/user\/DanbyProducts\",\"https:\/\/en.wikipedia.org\/wiki\/Danby_(appliances)\"]}]}<\/script>\n<!-- \/ Yoast SEO plugin. -->","yoast_head_json":{"title":"Danby Foyer \u00e9lectrique mural de 22 po en Noir () - DDEF02213BD13 | Danby Canada","description":"Apportez la chaleur d'un vrai foyer \u00e0 votre espace de vie avec la chemin\u00e9e \u00e9lectrique murale de Danby. Personnalisez la temp\u00e9rature \u00e0 l'aide de la t\u00e9l\u00e9commande avec une plage num\u00e9rique r\u00e9glable entre 59\u00b0F-95\u00b0F (15\u00b0C -35\u00b0C) et une fonction marche-arr\u00eat du cycle de chaleur pour maintenir la temp\u00e9rature r\u00e9gl\u00e9e. Restez bien au chaud dans votre chambre \u00e0 coucher, votre bureau \u00e0 domicile ou votre salon gr\u00e2ce \u00e0 ce foyer chauffant de 22 pouces de large qui peut facilement \u00eatre mont\u00e9 pour pr\u00e9server l'espace au sol ou utilis\u00e9 comme unit\u00e9 autonome sur le dessus d'une commode ou d'un meuble TV. Changez la couleur de la flamme LED selon vos pr\u00e9f\u00e9rences gr\u00e2ce aux multiples choix de couleurs et profitez d'une lueur chauffante r\u00e9aliste. Les caract\u00e9ristiques comprennent une minuterie de 7,5 heures, 2 r\u00e9glages de chaleur et une vitre avant incurv\u00e9e moderne avec un verre tremp\u00e9 noir brillant. Ce mod\u00e8le s'\u00e9teint automatiquement en cas de surchauffe et offre une option sans chaleur.","robots":{"index":"index","follow":"follow","max-snippet":"max-snippet:-1","max-image-preview":"max-image-preview:large","max-video-preview":"max-video-preview:-1"},"canonical":"https:\/\/www.danby.com\/fr\/products\/chauffages\/ddef02213bd13\/","og_locale":"fr_CA","og_type":"article","og_title":"Danby Foyer \u00e9lectrique mural de 22 po en Noir () - DDEF02213BD13 | Danby Canada","og_description":"Apportez la chaleur d'un vrai foyer \u00e0 votre espace de vie avec la chemin\u00e9e \u00e9lectrique murale de Danby. Personnalisez la temp\u00e9rature \u00e0 l'aide de la t\u00e9l\u00e9commande avec une plage num\u00e9rique r\u00e9glable entre 59\u00b0F-95\u00b0F (15\u00b0C -35\u00b0C) et une fonction marche-arr\u00eat du cycle de chaleur pour maintenir la temp\u00e9rature r\u00e9gl\u00e9e. Restez bien au chaud dans votre chambre \u00e0 coucher, votre bureau \u00e0 domicile ou votre salon gr\u00e2ce \u00e0 ce foyer chauffant de 22 pouces de large qui peut facilement \u00eatre mont\u00e9 pour pr\u00e9server l'espace au sol ou utilis\u00e9 comme unit\u00e9 autonome sur le dessus d'une commode ou d'un meuble TV. Changez la couleur de la flamme LED selon vos pr\u00e9f\u00e9rences gr\u00e2ce aux multiples choix de couleurs et profitez d'une lueur chauffante r\u00e9aliste. Les caract\u00e9ristiques comprennent une minuterie de 7,5 heures, 2 r\u00e9glages de chaleur et une vitre avant incurv\u00e9e moderne avec un verre tremp\u00e9 noir brillant. Ce mod\u00e8le s'\u00e9teint automatiquement en cas de surchauffe et offre une option sans chaleur.","og_url":"https:\/\/www.danby.com\/fr\/products\/chauffages\/ddef02213bd13\/","og_site_name":"Danby - Canada - French","article_publisher":"https:\/\/www.facebook.com\/DanbyAppliances","article_modified_time":"2026-04-04T10:03:13+00:00","og_image":[{"width":1500,"height":2000,"url":"https:\/\/www.danby.com\/fr\/wp-content\/uploads\/sites\/2\/2024\/09\/DDEF02213BD13_0006.jpg","type":"image\/jpeg"}],"twitter_card":"summary_large_image","twitter_site":"@DanbyAppliance","twitter_misc":{"Estimation du temps de lecture":"1 minute"},"schema":{"@context":"https:\/\/schema.org","@graph":[{"@type":["WebPage","ItemPage"],"url":"https:\/\/www.danby.com\/fr\/products\/chauffages\/ddef02213bd13\/","name":"Danby Foyer \u00e9lectrique mural de 22 po en Noir () - DDEF02213BD13 | Danby Canada","isPartOf":[],"primaryImageOfPage":[],"image":[],"thumbnailUrl":"https:\/\/www.danby.com\/fr\/wp-content\/uploads\/sites\/2\/2025\/10\/ddef02213bd13-thumbnail.jpg","datePublished":"2022-10-11T14:15:41+00:00","dateModified":"2026-04-04T10:03:13+00:00","description":"Apportez la chaleur d'un vrai foyer \u00e0 votre espace de vie avec la chemin\u00e9e \u00e9lectrique murale de Danby. Personnalisez la temp\u00e9rature \u00e0 l'aide de la t\u00e9l\u00e9commande avec une plage num\u00e9rique r\u00e9glable entre 59\u00b0F-95\u00b0F (15\u00b0C -35\u00b0C) et une fonction marche-arr\u00eat du cycle de chaleur pour maintenir la temp\u00e9rature r\u00e9gl\u00e9e. Restez bien au chaud dans votre chambre \u00e0 coucher, votre bureau \u00e0 domicile ou votre salon gr\u00e2ce \u00e0 ce foyer chauffant de 22 pouces de large qui peut facilement \u00eatre mont\u00e9 pour pr\u00e9server l'espace au sol ou utilis\u00e9 comme unit\u00e9 autonome sur le dessus d'une commode ou d'un meuble TV. Changez la couleur de la flamme LED selon vos pr\u00e9f\u00e9rences gr\u00e2ce aux multiples choix de couleurs et profitez d'une lueur chauffante r\u00e9aliste. Les caract\u00e9ristiques comprennent une minuterie de 7,5 heures, 2 r\u00e9glages de chaleur et une vitre avant incurv\u00e9e moderne avec un verre tremp\u00e9 noir brillant. Ce mod\u00e8le s'\u00e9teint automatiquement en cas de surchauffe et offre une option sans chaleur.","breadcrumb":[],"inLanguage":"fr-CA","potentialAction":[{"@type":"ReadAction","target":["https:\/\/www.danby.com\/fr\/products\/chauffages\/ddef02213bd13\/"]}]},{"@type":"ImageObject","inLanguage":"fr-CA","url":"https:\/\/www.danby.com\/fr\/wp-content\/uploads\/sites\/2\/2025\/10\/ddef02213bd13-thumbnail.jpg","contentUrl":"https:\/\/www.danby.com\/fr\/wp-content\/uploads\/sites\/2\/2025\/10\/ddef02213bd13-thumbnail.jpg","width":768,"height":1024},{"@type":"BreadcrumbList","itemListElement":[{"@type":"ListItem","position":1,"name":"Home","item":"https:\/\/www.danby.com\/fr\/"},{"@type":"ListItem","position":2,"name":"Boutique","item":"https:\/\/www.danby.com\/fr\/boutique\/"},{"@type":"ListItem","position":3,"name":"Danby Foyer \u00e9lectrique mural de 22 po en Noir ()"}]},{"@type":"WebSite","url":"https:\/\/www.danby.com\/fr\/","name":"Danby - Canada - French","description":"Leader dans le domaine de la r\u00e9frig\u00e9ration et des appareils sp\u00e9cialis\u00e9s","publisher":[],"potentialAction":[{"@type":"SearchAction","target":{"@type":"EntryPoint","urlTemplate":"https:\/\/www.danby.com\/fr\/?s={search_term_string}"},"query-input":{"@type":"PropertyValueSpecification","valueRequired":true,"valueName":"search_term_string"}}],"inLanguage":"fr-CA"},{"@type":"Organization","name":"Danby Appliances","url":"https:\/\/www.danby.com\/fr\/","logo":{"@type":"ImageObject","inLanguage":"fr-CA","url":"https:\/\/cdnweb.danby.com\/wp-content\/uploads\/sites\/2\/2022\/02\/10141906\/Danby75Ans_Blue.png","contentUrl":"https:\/\/cdnweb.danby.com\/wp-content\/uploads\/sites\/2\/2022\/02\/10141906\/Danby75Ans_Blue.png","width":470,"height":110,"caption":"Danby Appliances"},"image":[],"sameAs":["https:\/\/www.facebook.com\/DanbyAppliances","https:\/\/x.com\/DanbyAppliance","https:\/\/instagram.com\/danbyappliances\/","https:\/\/www.linkedin.com\/company\/danbyappliances","https:\/\/www.pinterest.ca\/danbyappliances\/","https:\/\/www.youtube.com\/user\/DanbyProducts","https:\/\/en.wikipedia.org\/wiki\/Danby_(appliances)"]}]}},"post_mailing_queue_ids":[],"_links":{"self":[{"href":"https:\/\/www.danby.com\/fr\/wp-json\/wp\/v2\/product\/19051","targetHints":{"allow":["GET"]}}],"collection":[{"href":"https:\/\/www.danby.com\/fr\/wp-json\/wp\/v2\/product"}],"about":[{"href":"https:\/\/www.danby.com\/fr\/wp-json\/wp\/v2\/types\/product"}],"replies":[{"embeddable":true,"href":"https:\/\/www.danby.com\/fr\/wp-json\/wp\/v2\/comments?post=19051"}],"wp:featuredmedia":[{"embeddable":true,"href":"https:\/\/www.danby.com\/fr\/wp-json\/wp\/v2\/media\/35401"}],"wp:attachment":[{"href":"https:\/\/www.danby.com\/fr\/wp-json\/wp\/v2\/media?parent=19051"}],"wp:term":[{"taxonomy":"product_brand","embeddable":true,"href":"https:\/\/www.danby.com\/fr\/wp-json\/wp\/v2\/product_brand?post=19051"},{"taxonomy":"product_cat","embeddable":true,"href":"https:\/\/www.danby.com\/fr\/wp-json\/wp\/v2\/product_cat?post=19051"},{"taxonomy":"product_tag","embeddable":true,"href":"https:\/\/www.danby.com\/fr\/wp-json\/wp\/v2\/product_tag?post=19051"}],"curies":[{"name":"wp","href":"https:\/\/api.w.org\/{rel}","templated":true}]}}