{"id":18742,"date":"2022-08-05T14:25:53","date_gmt":"2022-08-05T14:25:53","guid":{"rendered":"https:\/\/www.danby.com\/fr\/?post_type=product&#038;p=18742"},"modified":"2026-04-14T10:06:09","modified_gmt":"2026-04-14T10:06:09","slug":"dbmr02624wd43","status":"publish","type":"product","link":"https:\/\/www.danby.com\/fr\/products\/frigo-de-maquillage\/dbmr02624wd43\/","title":{"rendered":"Danby Mini R\u00e9frig\u00e9rateur 7.4L avec Miroir et Lumi\u00e8re &#8211; Blanc"},"content":{"rendered":"","protected":false},"excerpt":{"rendered":"<ul>\n<li>Mini-frigo \u00e0 maquillage blanc, parfait pour ranger les produits de soins et de maquillage.<\/li>\n<li>Porte avant en miroir avec lumi\u00e8re LED et affichage num\u00e9rique<\/li>\n<li>Activ\u00e9 par le toucher<\/li>\n<li>Capacit\u00e9 de 7.4L \/ 0.26 cuft<\/li>\n<li>Refroidissement de 2-8\u00baC<\/li>\n<li>Poss\u00e8de un thermostat \u00e9lectronique<\/li>\n<li>Livr\u00e9 avec un c\u00e2ble 12V AC pour le voyage<\/li>\n<li>2 \u00e9tag\u00e8res r\u00e9glables<\/li>\n<li>T\u00e9moin lumineux d&#8217;alimentation<\/li>\n<li>Int\u00e9rieur blanc brillant<\/li>\n<li>Thermo\u00e9lectrique, il peut refroidir jusqu&#8217;\u00e0 18 \u00b0C en dessous de la temp\u00e9rature ambiante de la pi\u00e8ce ou augmenter la temp\u00e9rature jusqu&#8217;\u00e0 20 \u00b0C au-dessus de la temp\u00e9rature ambiante, selon le r\u00e9glage souhait\u00e9 de l&#8217;unit\u00e9 de 2-8 \u00b0C<\/li>\n<\/ul>\n","protected":false},"featured_media":34615,"comment_status":"closed","ping_status":"closed","template":"","meta":{"_acf_changed":false},"product_brand":[],"product_cat":[220,1449],"product_tag":[],"class_list":{"0":"post-18742","1":"product","2":"type-product","3":"status-publish","4":"has-post-thumbnail","6":"product_cat-frigo-de-maquillage","7":"product_cat-sales","9":"first","10":"outofstock","11":"sale","12":"taxable","13":"shipping-taxable","14":"purchasable","15":"product-type-simple"},"acf":[],"yoast_head":"<!-- This site is optimized with the Yoast SEO plugin v26.7 - https:\/\/yoast.com\/wordpress\/plugins\/seo\/ -->\n<title>Danby Mini R\u00e9frig\u00e9rateur 7.4L avec Miroir et Lumi\u00e8re - Blanc - DBMR02624WD43 | Danby Canada<\/title>\n<meta name=\"description\" content=\"Dites adieu au d\u00e9sordre sur votre coiffeuse gr\u00e2ce au mini r\u00e9frig\u00e9rateur avec miroir de Danby! Offrant un espace de rangement de 0,26 pi\u00b3 (7,4 L), il est l\u2019ajout parfait \u00e0 votre chambre \u00e0 coucher. Ses deux tablettes ajustables offrent une grande polyvalence pour ranger vos soins de la peau, maquillage, \u00e9cran solaire ou m\u00eame votre rouleau de jade. Les temp\u00e9ratures de rangement entre 2 et 8\u202f\u00b0C (36 \u00e0 46\u202f\u00b0F) optimisent l\u2019application et la dur\u00e9e de vie de vos produits favoris. Ce nouvel outil dans votre routine beaut\u00e9 fait aussi office de miroir de maquillage lumineux avec commandes tactiles et \u00e9clairage LED p\u00e9riph\u00e9rique pour le jour comme la nuit.\" \/>\n<meta name=\"robots\" content=\"index, follow, max-snippet:-1, max-image-preview:large, max-video-preview:-1\" \/>\n<link rel=\"canonical\" href=\"https:\/\/www.danby.com\/fr\/products\/frigo-de-maquillage\/dbmr02624wd43\/\" \/>\n<meta property=\"og:locale\" content=\"fr_CA\" \/>\n<meta property=\"og:type\" content=\"article\" \/>\n<meta property=\"og:title\" content=\"Danby Mini R\u00e9frig\u00e9rateur 7.4L avec Miroir et Lumi\u00e8re - Blanc - DBMR02624WD43 | Danby Canada\" \/>\n<meta property=\"og:description\" content=\"Dites adieu au d\u00e9sordre sur votre coiffeuse gr\u00e2ce au mini r\u00e9frig\u00e9rateur avec miroir de Danby! Offrant un espace de rangement de 0,26 pi\u00b3 (7,4 L), il est l\u2019ajout parfait \u00e0 votre chambre \u00e0 coucher. Ses deux tablettes ajustables offrent une grande polyvalence pour ranger vos soins de la peau, maquillage, \u00e9cran solaire ou m\u00eame votre rouleau de jade. Les temp\u00e9ratures de rangement entre 2 et 8\u202f\u00b0C (36 \u00e0 46\u202f\u00b0F) optimisent l\u2019application et la dur\u00e9e de vie de vos produits favoris. Ce nouvel outil dans votre routine beaut\u00e9 fait aussi office de miroir de maquillage lumineux avec commandes tactiles et \u00e9clairage LED p\u00e9riph\u00e9rique pour le jour comme la nuit.\" \/>\n<meta property=\"og:url\" content=\"https:\/\/www.danby.com\/fr\/products\/frigo-de-maquillage\/dbmr02624wd43\/\" \/>\n<meta property=\"og:site_name\" content=\"Danby - Canada - French\" \/>\n<meta property=\"article:publisher\" content=\"https:\/\/www.facebook.com\/DanbyAppliances\" \/>\n<meta property=\"article:modified_time\" content=\"2026-04-14T10:06:09+00:00\" \/>\n<meta property=\"og:image\" content=\"https:\/\/cdnweb.danby.com\/wp-content\/uploads\/sites\/2\/2023\/05\/30174850\/DBMR02624WD43%20front-scaled.jpg\" \/>\n\t<meta property=\"og:image:width\" content=\"1920\" \/>\n\t<meta property=\"og:image:height\" content=\"2560\" \/>\n\t<meta property=\"og:image:type\" content=\"image\/jpeg\" \/>\n<meta name=\"twitter:card\" content=\"summary_large_image\" \/>\n<meta name=\"twitter:site\" content=\"@DanbyAppliance\" \/>\n<script type=\"application\/ld+json\" class=\"yoast-schema-graph\">{\"@context\":\"https:\/\/schema.org\",\"@graph\":[{\"@type\":[\"WebPage\",\"ItemPage\"],\"url\":\"https:\/\/www.danby.com\/fr\/products\/frigo-de-maquillage\/dbmr02624wd43\/\",\"name\":\"Danby Mini R\u00e9frig\u00e9rateur 7.4L avec Miroir et Lumi\u00e8re - Blanc - DBMR02624WD43 | Danby Canada\",\"isPartOf\":[],\"primaryImageOfPage\":[],\"image\":[],\"thumbnailUrl\":\"https:\/\/www.danby.com\/fr\/wp-content\/uploads\/sites\/2\/2025\/08\/dbmr02624wd43-front.jpg\",\"datePublished\":\"2022-08-05T14:25:53+00:00\",\"dateModified\":\"2026-04-14T10:06:09+00:00\",\"description\":\"Dites adieu au d\u00e9sordre sur votre coiffeuse gr\u00e2ce au mini r\u00e9frig\u00e9rateur avec miroir de Danby! Offrant un espace de rangement de 0,26 pi\u00b3 (7,4 L), il est l\u2019ajout parfait \u00e0 votre chambre \u00e0 coucher. Ses deux tablettes ajustables offrent une grande polyvalence pour ranger vos soins de la peau, maquillage, \u00e9cran solaire ou m\u00eame votre rouleau de jade. Les temp\u00e9ratures de rangement entre 2 et 8\u202f\u00b0C (36 \u00e0 46\u202f\u00b0F) optimisent l\u2019application et la dur\u00e9e de vie de vos produits favoris. Ce nouvel outil dans votre routine beaut\u00e9 fait aussi office de miroir de maquillage lumineux avec commandes tactiles et \u00e9clairage LED p\u00e9riph\u00e9rique pour le jour comme la nuit.\",\"breadcrumb\":[],\"inLanguage\":\"fr-CA\",\"potentialAction\":[{\"@type\":\"ReadAction\",\"target\":[\"https:\/\/www.danby.com\/fr\/products\/frigo-de-maquillage\/dbmr02624wd43\/\"]}]},{\"@type\":\"ImageObject\",\"inLanguage\":\"fr-CA\",\"url\":\"https:\/\/www.danby.com\/fr\/wp-content\/uploads\/sites\/2\/2025\/08\/dbmr02624wd43-front.jpg\",\"contentUrl\":\"https:\/\/www.danby.com\/fr\/wp-content\/uploads\/sites\/2\/2025\/08\/dbmr02624wd43-front.jpg\",\"width\":810,\"height\":1080},{\"@type\":\"BreadcrumbList\",\"itemListElement\":[{\"@type\":\"ListItem\",\"position\":1,\"name\":\"Home\",\"item\":\"https:\/\/www.danby.com\/fr\/\"},{\"@type\":\"ListItem\",\"position\":2,\"name\":\"Boutique\",\"item\":\"https:\/\/www.danby.com\/fr\/boutique\/\"},{\"@type\":\"ListItem\",\"position\":3,\"name\":\"Danby Mini R\u00e9frig\u00e9rateur 7.4L avec Miroir et Lumi\u00e8re &#8211; Blanc\"}]},{\"@type\":\"WebSite\",\"url\":\"https:\/\/www.danby.com\/fr\/\",\"name\":\"Danby - Canada - French\",\"description\":\"Leader dans le domaine de la r\u00e9frig\u00e9ration et des appareils sp\u00e9cialis\u00e9s\",\"publisher\":[],\"potentialAction\":[{\"@type\":\"SearchAction\",\"target\":{\"@type\":\"EntryPoint\",\"urlTemplate\":\"https:\/\/www.danby.com\/fr\/?s={search_term_string}\"},\"query-input\":{\"@type\":\"PropertyValueSpecification\",\"valueRequired\":true,\"valueName\":\"search_term_string\"}}],\"inLanguage\":\"fr-CA\"},{\"@type\":\"Organization\",\"name\":\"Danby Appliances\",\"url\":\"https:\/\/www.danby.com\/fr\/\",\"logo\":{\"@type\":\"ImageObject\",\"inLanguage\":\"fr-CA\",\"url\":\"https:\/\/cdnweb.danby.com\/wp-content\/uploads\/sites\/2\/2022\/02\/10141906\/Danby75Ans_Blue.png\",\"contentUrl\":\"https:\/\/cdnweb.danby.com\/wp-content\/uploads\/sites\/2\/2022\/02\/10141906\/Danby75Ans_Blue.png\",\"width\":470,\"height\":110,\"caption\":\"Danby Appliances\"},\"image\":[],\"sameAs\":[\"https:\/\/www.facebook.com\/DanbyAppliances\",\"https:\/\/x.com\/DanbyAppliance\",\"https:\/\/instagram.com\/danbyappliances\/\",\"https:\/\/www.linkedin.com\/company\/danbyappliances\",\"https:\/\/www.pinterest.ca\/danbyappliances\/\",\"https:\/\/www.youtube.com\/user\/DanbyProducts\",\"https:\/\/en.wikipedia.org\/wiki\/Danby_(appliances)\"]}]}<\/script>\n<!-- \/ Yoast SEO plugin. -->","yoast_head_json":{"title":"Danby Mini R\u00e9frig\u00e9rateur 7.4L avec Miroir et Lumi\u00e8re - Blanc - DBMR02624WD43 | Danby Canada","description":"Dites adieu au d\u00e9sordre sur votre coiffeuse gr\u00e2ce au mini r\u00e9frig\u00e9rateur avec miroir de Danby! Offrant un espace de rangement de 0,26 pi\u00b3 (7,4 L), il est l\u2019ajout parfait \u00e0 votre chambre \u00e0 coucher. Ses deux tablettes ajustables offrent une grande polyvalence pour ranger vos soins de la peau, maquillage, \u00e9cran solaire ou m\u00eame votre rouleau de jade. Les temp\u00e9ratures de rangement entre 2 et 8\u202f\u00b0C (36 \u00e0 46\u202f\u00b0F) optimisent l\u2019application et la dur\u00e9e de vie de vos produits favoris. Ce nouvel outil dans votre routine beaut\u00e9 fait aussi office de miroir de maquillage lumineux avec commandes tactiles et \u00e9clairage LED p\u00e9riph\u00e9rique pour le jour comme la nuit.","robots":{"index":"index","follow":"follow","max-snippet":"max-snippet:-1","max-image-preview":"max-image-preview:large","max-video-preview":"max-video-preview:-1"},"canonical":"https:\/\/www.danby.com\/fr\/products\/frigo-de-maquillage\/dbmr02624wd43\/","og_locale":"fr_CA","og_type":"article","og_title":"Danby Mini R\u00e9frig\u00e9rateur 7.4L avec Miroir et Lumi\u00e8re - Blanc - DBMR02624WD43 | Danby Canada","og_description":"Dites adieu au d\u00e9sordre sur votre coiffeuse gr\u00e2ce au mini r\u00e9frig\u00e9rateur avec miroir de Danby! Offrant un espace de rangement de 0,26 pi\u00b3 (7,4 L), il est l\u2019ajout parfait \u00e0 votre chambre \u00e0 coucher. Ses deux tablettes ajustables offrent une grande polyvalence pour ranger vos soins de la peau, maquillage, \u00e9cran solaire ou m\u00eame votre rouleau de jade. Les temp\u00e9ratures de rangement entre 2 et 8\u202f\u00b0C (36 \u00e0 46\u202f\u00b0F) optimisent l\u2019application et la dur\u00e9e de vie de vos produits favoris. Ce nouvel outil dans votre routine beaut\u00e9 fait aussi office de miroir de maquillage lumineux avec commandes tactiles et \u00e9clairage LED p\u00e9riph\u00e9rique pour le jour comme la nuit.","og_url":"https:\/\/www.danby.com\/fr\/products\/frigo-de-maquillage\/dbmr02624wd43\/","og_site_name":"Danby - Canada - French","article_publisher":"https:\/\/www.facebook.com\/DanbyAppliances","article_modified_time":"2026-04-14T10:06:09+00:00","og_image":[{"width":1920,"height":2560,"url":"https:\/\/cdnweb.danby.com\/wp-content\/uploads\/sites\/2\/2023\/05\/30174850\/DBMR02624WD43%20front-scaled.jpg","type":"image\/jpeg"}],"twitter_card":"summary_large_image","twitter_site":"@DanbyAppliance","schema":{"@context":"https:\/\/schema.org","@graph":[{"@type":["WebPage","ItemPage"],"url":"https:\/\/www.danby.com\/fr\/products\/frigo-de-maquillage\/dbmr02624wd43\/","name":"Danby Mini R\u00e9frig\u00e9rateur 7.4L avec Miroir et Lumi\u00e8re - Blanc - DBMR02624WD43 | Danby Canada","isPartOf":[],"primaryImageOfPage":[],"image":[],"thumbnailUrl":"https:\/\/www.danby.com\/fr\/wp-content\/uploads\/sites\/2\/2025\/08\/dbmr02624wd43-front.jpg","datePublished":"2022-08-05T14:25:53+00:00","dateModified":"2026-04-14T10:06:09+00:00","description":"Dites adieu au d\u00e9sordre sur votre coiffeuse gr\u00e2ce au mini r\u00e9frig\u00e9rateur avec miroir de Danby! Offrant un espace de rangement de 0,26 pi\u00b3 (7,4 L), il est l\u2019ajout parfait \u00e0 votre chambre \u00e0 coucher. Ses deux tablettes ajustables offrent une grande polyvalence pour ranger vos soins de la peau, maquillage, \u00e9cran solaire ou m\u00eame votre rouleau de jade. Les temp\u00e9ratures de rangement entre 2 et 8\u202f\u00b0C (36 \u00e0 46\u202f\u00b0F) optimisent l\u2019application et la dur\u00e9e de vie de vos produits favoris. Ce nouvel outil dans votre routine beaut\u00e9 fait aussi office de miroir de maquillage lumineux avec commandes tactiles et \u00e9clairage LED p\u00e9riph\u00e9rique pour le jour comme la nuit.","breadcrumb":[],"inLanguage":"fr-CA","potentialAction":[{"@type":"ReadAction","target":["https:\/\/www.danby.com\/fr\/products\/frigo-de-maquillage\/dbmr02624wd43\/"]}]},{"@type":"ImageObject","inLanguage":"fr-CA","url":"https:\/\/www.danby.com\/fr\/wp-content\/uploads\/sites\/2\/2025\/08\/dbmr02624wd43-front.jpg","contentUrl":"https:\/\/www.danby.com\/fr\/wp-content\/uploads\/sites\/2\/2025\/08\/dbmr02624wd43-front.jpg","width":810,"height":1080},{"@type":"BreadcrumbList","itemListElement":[{"@type":"ListItem","position":1,"name":"Home","item":"https:\/\/www.danby.com\/fr\/"},{"@type":"ListItem","position":2,"name":"Boutique","item":"https:\/\/www.danby.com\/fr\/boutique\/"},{"@type":"ListItem","position":3,"name":"Danby Mini R\u00e9frig\u00e9rateur 7.4L avec Miroir et Lumi\u00e8re &#8211; Blanc"}]},{"@type":"WebSite","url":"https:\/\/www.danby.com\/fr\/","name":"Danby - Canada - French","description":"Leader dans le domaine de la r\u00e9frig\u00e9ration et des appareils sp\u00e9cialis\u00e9s","publisher":[],"potentialAction":[{"@type":"SearchAction","target":{"@type":"EntryPoint","urlTemplate":"https:\/\/www.danby.com\/fr\/?s={search_term_string}"},"query-input":{"@type":"PropertyValueSpecification","valueRequired":true,"valueName":"search_term_string"}}],"inLanguage":"fr-CA"},{"@type":"Organization","name":"Danby Appliances","url":"https:\/\/www.danby.com\/fr\/","logo":{"@type":"ImageObject","inLanguage":"fr-CA","url":"https:\/\/cdnweb.danby.com\/wp-content\/uploads\/sites\/2\/2022\/02\/10141906\/Danby75Ans_Blue.png","contentUrl":"https:\/\/cdnweb.danby.com\/wp-content\/uploads\/sites\/2\/2022\/02\/10141906\/Danby75Ans_Blue.png","width":470,"height":110,"caption":"Danby Appliances"},"image":[],"sameAs":["https:\/\/www.facebook.com\/DanbyAppliances","https:\/\/x.com\/DanbyAppliance","https:\/\/instagram.com\/danbyappliances\/","https:\/\/www.linkedin.com\/company\/danbyappliances","https:\/\/www.pinterest.ca\/danbyappliances\/","https:\/\/www.youtube.com\/user\/DanbyProducts","https:\/\/en.wikipedia.org\/wiki\/Danby_(appliances)"]}]}},"post_mailing_queue_ids":[],"_links":{"self":[{"href":"https:\/\/www.danby.com\/fr\/wp-json\/wp\/v2\/product\/18742","targetHints":{"allow":["GET"]}}],"collection":[{"href":"https:\/\/www.danby.com\/fr\/wp-json\/wp\/v2\/product"}],"about":[{"href":"https:\/\/www.danby.com\/fr\/wp-json\/wp\/v2\/types\/product"}],"replies":[{"embeddable":true,"href":"https:\/\/www.danby.com\/fr\/wp-json\/wp\/v2\/comments?post=18742"}],"wp:featuredmedia":[{"embeddable":true,"href":"https:\/\/www.danby.com\/fr\/wp-json\/wp\/v2\/media\/34615"}],"wp:attachment":[{"href":"https:\/\/www.danby.com\/fr\/wp-json\/wp\/v2\/media?parent=18742"}],"wp:term":[{"taxonomy":"product_brand","embeddable":true,"href":"https:\/\/www.danby.com\/fr\/wp-json\/wp\/v2\/product_brand?post=18742"},{"taxonomy":"product_cat","embeddable":true,"href":"https:\/\/www.danby.com\/fr\/wp-json\/wp\/v2\/product_cat?post=18742"},{"taxonomy":"product_tag","embeddable":true,"href":"https:\/\/www.danby.com\/fr\/wp-json\/wp\/v2\/product_tag?post=18742"}],"curies":[{"name":"wp","href":"https:\/\/api.w.org\/{rel}","templated":true}]}}