{"id":18654,"date":"2022-07-19T08:51:43","date_gmt":"2022-07-19T08:51:43","guid":{"rendered":"https:\/\/www.danby.com\/fr\/?post_type=product&#038;p=18654"},"modified":"2026-04-27T10:09:50","modified_gmt":"2026-04-27T10:09:50","slug":"dpf074b2bdb-6","status":"publish","type":"product","link":"https:\/\/www.danby.com\/fr\/products\/refrigerateurs-pour-petites-surfaces\/dpf074b2bdb-6\/","title":{"rendered":"Danby R\u00e9frig\u00e9rateur d&#8217;appartement de 7,4 pi3 \u00e0 montage sur le dessus, noir R\u00e9frig\u00e9rateur d&#8217;appartement \u00e0 montage sup\u00e9rieur en noir"},"content":{"rendered":"","protected":false},"excerpt":{"rendered":"<ul>\n<li>R\u00e9frig\u00e9rateur Top Mount d&#8217;une capacit\u00e9 de 7,4 pi3<\/li>\n<li>2 \u00e9tag\u00e8res en verre r\u00e9glables sur toute la largeur et une autre sur la moiti\u00e9 de la largeur pour une polyvalence de rangement maximale.<\/li>\n<li>\u00c9tag\u00e8res de porte int\u00e9gr\u00e9es avec 3 \u00e9tag\u00e8res de porte compl\u00e8tes<\/li>\n<li>certifi\u00e9 ENERGY STAR\u00ae<\/li>\n<li>R\u00e9frig\u00e9rant R600a <\/li>\n<li>Bac \u00e0 l\u00e9gumes et couvercle<\/li>\n<li>L&#8217;\u00e9clairage int\u00e9rieur illumine l&#8217;int\u00e9rieur<\/li>\n<li>Poign\u00e9e de porte int\u00e9gr\u00e9e<\/li>\n<li>La porte r\u00e9versible peut \u00eatre modifi\u00e9e pour une ouverture \u00e0 gauche ou \u00e0 droite.<\/li>\n<li>Emballage ISTA-6<\/li>\n<\/ul>\n","protected":false},"featured_media":37786,"comment_status":"closed","ping_status":"closed","template":"","meta":{"_acf_changed":false},"product_brand":[],"product_cat":[20],"product_tag":[],"class_list":{"0":"post-18654","1":"product","2":"type-product","3":"status-publish","4":"has-post-thumbnail","6":"product_cat-refrigerateurs-pour-petites-surfaces","8":"first","9":"instock","10":"taxable","11":"shipping-taxable","12":"product-type-simple"},"acf":[],"yoast_head":"<!-- This site is optimized with the Yoast SEO plugin v27.4 - https:\/\/yoast.com\/product\/yoast-seo-wordpress\/ -->\n<title>Danby R\u00e9frig\u00e9rateur d&#039;appartement de 7,4 pi3 \u00e0 montage sur le dessus, noir R\u00e9frig\u00e9rateur d&#039;appartement \u00e0 montage sup\u00e9rieur en noir - DPF074B2BDB-6 | Danby Canada<\/title>\n<meta name=\"description\" content=\"Ce r\u00e9frig\u00e9rateur de taille moyenne de 206 litres (7,4 pi3) de Danby est dot\u00e9 de deux tablettes en verre r\u00e9glables dans le r\u00e9frig\u00e9rateur et d&#039;une section de cong\u00e9lation sur le dessus avec une tablette m\u00e9tallique r\u00e9glable. C&#039;est l&#039;ajout parfait \u00e0 toute maison, chalet, mini-bar ou m\u00eame au bureau ! Ce mod\u00e8le est \u00e9galement \u00e9quip\u00e9 d&#039;un bac \u00e0 l\u00e9gumes transparent pour conserver tous vos l\u00e9gumes et fruits pr\u00e9f\u00e9r\u00e9s au frais. Sa charni\u00e8re de porte r\u00e9versible permet de l&#039;orienter vers la droite ou la gauche, ce qui vous permet de l&#039;installer dans presque tous les espaces, tandis que ses trois \u00e9tag\u00e8res de porte et son rangement pour les grandes bouteilles (2 litres ou 1 gallon) vous permettent de garder votre r\u00e9frig\u00e9rateur bien organis\u00e9. Choisissez le d\u00e9givrage automatique pour le r\u00e9frig\u00e9rateur et le d\u00e9givrage manuel pour le compartiment cong\u00e9lateur pour un entretien facile toute l&#039;ann\u00e9e. Ce mod\u00e8le Danby b\u00e9n\u00e9ficie d&#039;une garantie \u00e0 domicile de 12 mois et est livr\u00e9 dans un emballage standard ISTA-6 pour une protection accrue pendant le transport.\" \/>\n<meta name=\"robots\" content=\"index, follow, max-snippet:-1, max-image-preview:large, max-video-preview:-1\" \/>\n<link rel=\"canonical\" href=\"https:\/\/www.danby.com\/fr\/products\/refrigerateurs-pour-petites-surfaces\/dpf074b2bdb-6\/\" \/>\n<meta property=\"og:locale\" content=\"fr_CA\" \/>\n<meta property=\"og:type\" content=\"article\" \/>\n<meta property=\"og:title\" content=\"Danby R\u00e9frig\u00e9rateur d&#039;appartement de 7,4 pi3 \u00e0 montage sur le dessus, noir R\u00e9frig\u00e9rateur d&#039;appartement \u00e0 montage sup\u00e9rieur en noir - DPF074B2BDB-6 | Danby Canada\" \/>\n<meta property=\"og:description\" content=\"Ce r\u00e9frig\u00e9rateur de taille moyenne de 206 litres (7,4 pi3) de Danby est dot\u00e9 de deux tablettes en verre r\u00e9glables dans le r\u00e9frig\u00e9rateur et d&#039;une section de cong\u00e9lation sur le dessus avec une tablette m\u00e9tallique r\u00e9glable. C&#039;est l&#039;ajout parfait \u00e0 toute maison, chalet, mini-bar ou m\u00eame au bureau ! Ce mod\u00e8le est \u00e9galement \u00e9quip\u00e9 d&#039;un bac \u00e0 l\u00e9gumes transparent pour conserver tous vos l\u00e9gumes et fruits pr\u00e9f\u00e9r\u00e9s au frais. Sa charni\u00e8re de porte r\u00e9versible permet de l&#039;orienter vers la droite ou la gauche, ce qui vous permet de l&#039;installer dans presque tous les espaces, tandis que ses trois \u00e9tag\u00e8res de porte et son rangement pour les grandes bouteilles (2 litres ou 1 gallon) vous permettent de garder votre r\u00e9frig\u00e9rateur bien organis\u00e9. Choisissez le d\u00e9givrage automatique pour le r\u00e9frig\u00e9rateur et le d\u00e9givrage manuel pour le compartiment cong\u00e9lateur pour un entretien facile toute l&#039;ann\u00e9e. Ce mod\u00e8le Danby b\u00e9n\u00e9ficie d&#039;une garantie \u00e0 domicile de 12 mois et est livr\u00e9 dans un emballage standard ISTA-6 pour une protection accrue pendant le transport.\" \/>\n<meta property=\"og:url\" content=\"https:\/\/www.danby.com\/fr\/products\/refrigerateurs-pour-petites-surfaces\/dpf074b2bdb-6\/\" \/>\n<meta property=\"og:site_name\" content=\"Danby - Canada - French\" \/>\n<meta property=\"article:publisher\" content=\"https:\/\/www.facebook.com\/DanbyAppliances\" \/>\n<meta property=\"article:modified_time\" content=\"2026-04-27T10:09:50+00:00\" \/>\n<meta property=\"og:image\" content=\"https:\/\/cdnweb.danby.com\/wp-content\/uploads\/sites\/2\/2023\/04\/28190953\/DPF074B2BDB-6-0005-scaled.jpg\" \/>\n\t<meta property=\"og:image:width\" content=\"1707\" \/>\n\t<meta property=\"og:image:height\" content=\"2560\" \/>\n\t<meta property=\"og:image:type\" content=\"image\/jpeg\" \/>\n<meta name=\"twitter:card\" content=\"summary_large_image\" \/>\n<meta name=\"twitter:site\" content=\"@DanbyAppliance\" \/>\n<script type=\"application\/ld+json\" class=\"yoast-schema-graph\">{\"@context\":\"https:\\\/\\\/schema.org\",\"@graph\":[{\"@type\":[\"WebPage\",\"ItemPage\"],\"url\":\"https:\\\/\\\/www.danby.com\\\/fr\\\/products\\\/refrigerateurs-pour-petites-surfaces\\\/dpf074b2bdb-6\\\/\",\"name\":\"Danby R\u00e9frig\u00e9rateur d'appartement de 7,4 pi3 \u00e0 montage sur le dessus, noir R\u00e9frig\u00e9rateur d'appartement \u00e0 montage sup\u00e9rieur en noir - DPF074B2BDB-6 | Danby Canada\",\"isPartOf\":[],\"primaryImageOfPage\":[],\"image\":[],\"thumbnailUrl\":\"https:\\\/\\\/www.danby.com\\\/fr\\\/wp-content\\\/uploads\\\/sites\\\/2\\\/2025\\\/12\\\/dpf074b2bdb-6-front.jpg\",\"datePublished\":\"2022-07-19T08:51:43+00:00\",\"dateModified\":\"2026-04-27T10:09:50+00:00\",\"description\":\"Ce r\u00e9frig\u00e9rateur de taille moyenne de 206 litres (7,4 pi3) de Danby est dot\u00e9 de deux tablettes en verre r\u00e9glables dans le r\u00e9frig\u00e9rateur et d'une section de cong\u00e9lation sur le dessus avec une tablette m\u00e9tallique r\u00e9glable. C'est l'ajout parfait \u00e0 toute maison, chalet, mini-bar ou m\u00eame au bureau ! Ce mod\u00e8le est \u00e9galement \u00e9quip\u00e9 d'un bac \u00e0 l\u00e9gumes transparent pour conserver tous vos l\u00e9gumes et fruits pr\u00e9f\u00e9r\u00e9s au frais. Sa charni\u00e8re de porte r\u00e9versible permet de l'orienter vers la droite ou la gauche, ce qui vous permet de l'installer dans presque tous les espaces, tandis que ses trois \u00e9tag\u00e8res de porte et son rangement pour les grandes bouteilles (2 litres ou 1 gallon) vous permettent de garder votre r\u00e9frig\u00e9rateur bien organis\u00e9. Choisissez le d\u00e9givrage automatique pour le r\u00e9frig\u00e9rateur et le d\u00e9givrage manuel pour le compartiment cong\u00e9lateur pour un entretien facile toute l'ann\u00e9e. Ce mod\u00e8le Danby b\u00e9n\u00e9ficie d'une garantie \u00e0 domicile de 12 mois et est livr\u00e9 dans un emballage standard ISTA-6 pour une protection accrue pendant le transport.\",\"breadcrumb\":[],\"inLanguage\":\"fr-CA\",\"potentialAction\":[{\"@type\":\"ReadAction\",\"target\":[\"https:\\\/\\\/www.danby.com\\\/fr\\\/products\\\/refrigerateurs-pour-petites-surfaces\\\/dpf074b2bdb-6\\\/\"]}]},{\"@type\":\"ImageObject\",\"inLanguage\":\"fr-CA\",\"url\":\"https:\\\/\\\/www.danby.com\\\/fr\\\/wp-content\\\/uploads\\\/sites\\\/2\\\/2025\\\/12\\\/dpf074b2bdb-6-front.jpg\",\"contentUrl\":\"https:\\\/\\\/www.danby.com\\\/fr\\\/wp-content\\\/uploads\\\/sites\\\/2\\\/2025\\\/12\\\/dpf074b2bdb-6-front.jpg\",\"width\":810,\"height\":1080},{\"@type\":\"BreadcrumbList\",\"itemListElement\":[{\"@type\":\"ListItem\",\"position\":1,\"name\":\"Home\",\"item\":\"https:\\\/\\\/www.danby.com\\\/fr\\\/\"},{\"@type\":\"ListItem\",\"position\":2,\"name\":\"Boutique\",\"item\":\"https:\\\/\\\/www.danby.com\\\/fr\\\/boutique\\\/\"},{\"@type\":\"ListItem\",\"position\":3,\"name\":\"Danby R\u00e9frig\u00e9rateur d&#8217;appartement de 7,4 pi3 \u00e0 montage sur le dessus, noir R\u00e9frig\u00e9rateur d&#8217;appartement \u00e0 montage sup\u00e9rieur en noir\"}]},{\"@type\":\"WebSite\",\"url\":\"https:\\\/\\\/www.danby.com\\\/fr\\\/\",\"name\":\"Danby - Canada - French\",\"description\":\"Leader dans le domaine de la r\u00e9frig\u00e9ration et des appareils sp\u00e9cialis\u00e9s\",\"publisher\":[],\"potentialAction\":[{\"@type\":\"SearchAction\",\"target\":{\"@type\":\"EntryPoint\",\"urlTemplate\":\"https:\\\/\\\/www.danby.com\\\/fr\\\/?s={search_term_string}\"},\"query-input\":{\"@type\":\"PropertyValueSpecification\",\"valueRequired\":true,\"valueName\":\"search_term_string\"}}],\"inLanguage\":\"fr-CA\"},{\"@type\":\"Organization\",\"name\":\"Danby Appliances\",\"url\":\"https:\\\/\\\/www.danby.com\\\/fr\\\/\",\"logo\":{\"@type\":\"ImageObject\",\"inLanguage\":\"fr-CA\",\"url\":\"https:\\\/\\\/cdnweb.danby.com\\\/wp-content\\\/uploads\\\/sites\\\/2\\\/2022\\\/02\\\/10141906\\\/Danby75Ans_Blue.png\",\"contentUrl\":\"https:\\\/\\\/cdnweb.danby.com\\\/wp-content\\\/uploads\\\/sites\\\/2\\\/2022\\\/02\\\/10141906\\\/Danby75Ans_Blue.png\",\"width\":470,\"height\":110,\"caption\":\"Danby Appliances\"},\"image\":[],\"sameAs\":[\"https:\\\/\\\/www.facebook.com\\\/DanbyAppliances\",\"https:\\\/\\\/x.com\\\/DanbyAppliance\",\"https:\\\/\\\/instagram.com\\\/danbyappliances\\\/\",\"https:\\\/\\\/www.linkedin.com\\\/company\\\/danbyappliances\",\"https:\\\/\\\/www.pinterest.ca\\\/danbyappliances\\\/\",\"https:\\\/\\\/www.youtube.com\\\/user\\\/DanbyProducts\",\"https:\\\/\\\/en.wikipedia.org\\\/wiki\\\/Danby_(appliances)\"]}]}<\/script>\n<!-- \/ Yoast SEO plugin. -->","yoast_head_json":{"title":"Danby R\u00e9frig\u00e9rateur d'appartement de 7,4 pi3 \u00e0 montage sur le dessus, noir R\u00e9frig\u00e9rateur d'appartement \u00e0 montage sup\u00e9rieur en noir - DPF074B2BDB-6 | Danby Canada","description":"Ce r\u00e9frig\u00e9rateur de taille moyenne de 206 litres (7,4 pi3) de Danby est dot\u00e9 de deux tablettes en verre r\u00e9glables dans le r\u00e9frig\u00e9rateur et d'une section de cong\u00e9lation sur le dessus avec une tablette m\u00e9tallique r\u00e9glable. C'est l'ajout parfait \u00e0 toute maison, chalet, mini-bar ou m\u00eame au bureau ! Ce mod\u00e8le est \u00e9galement \u00e9quip\u00e9 d'un bac \u00e0 l\u00e9gumes transparent pour conserver tous vos l\u00e9gumes et fruits pr\u00e9f\u00e9r\u00e9s au frais. Sa charni\u00e8re de porte r\u00e9versible permet de l'orienter vers la droite ou la gauche, ce qui vous permet de l'installer dans presque tous les espaces, tandis que ses trois \u00e9tag\u00e8res de porte et son rangement pour les grandes bouteilles (2 litres ou 1 gallon) vous permettent de garder votre r\u00e9frig\u00e9rateur bien organis\u00e9. Choisissez le d\u00e9givrage automatique pour le r\u00e9frig\u00e9rateur et le d\u00e9givrage manuel pour le compartiment cong\u00e9lateur pour un entretien facile toute l'ann\u00e9e. Ce mod\u00e8le Danby b\u00e9n\u00e9ficie d'une garantie \u00e0 domicile de 12 mois et est livr\u00e9 dans un emballage standard ISTA-6 pour une protection accrue pendant le transport.","robots":{"index":"index","follow":"follow","max-snippet":"max-snippet:-1","max-image-preview":"max-image-preview:large","max-video-preview":"max-video-preview:-1"},"canonical":"https:\/\/www.danby.com\/fr\/products\/refrigerateurs-pour-petites-surfaces\/dpf074b2bdb-6\/","og_locale":"fr_CA","og_type":"article","og_title":"Danby R\u00e9frig\u00e9rateur d'appartement de 7,4 pi3 \u00e0 montage sur le dessus, noir R\u00e9frig\u00e9rateur d'appartement \u00e0 montage sup\u00e9rieur en noir - DPF074B2BDB-6 | Danby Canada","og_description":"Ce r\u00e9frig\u00e9rateur de taille moyenne de 206 litres (7,4 pi3) de Danby est dot\u00e9 de deux tablettes en verre r\u00e9glables dans le r\u00e9frig\u00e9rateur et d'une section de cong\u00e9lation sur le dessus avec une tablette m\u00e9tallique r\u00e9glable. C'est l'ajout parfait \u00e0 toute maison, chalet, mini-bar ou m\u00eame au bureau ! Ce mod\u00e8le est \u00e9galement \u00e9quip\u00e9 d'un bac \u00e0 l\u00e9gumes transparent pour conserver tous vos l\u00e9gumes et fruits pr\u00e9f\u00e9r\u00e9s au frais. Sa charni\u00e8re de porte r\u00e9versible permet de l'orienter vers la droite ou la gauche, ce qui vous permet de l'installer dans presque tous les espaces, tandis que ses trois \u00e9tag\u00e8res de porte et son rangement pour les grandes bouteilles (2 litres ou 1 gallon) vous permettent de garder votre r\u00e9frig\u00e9rateur bien organis\u00e9. Choisissez le d\u00e9givrage automatique pour le r\u00e9frig\u00e9rateur et le d\u00e9givrage manuel pour le compartiment cong\u00e9lateur pour un entretien facile toute l'ann\u00e9e. Ce mod\u00e8le Danby b\u00e9n\u00e9ficie d'une garantie \u00e0 domicile de 12 mois et est livr\u00e9 dans un emballage standard ISTA-6 pour une protection accrue pendant le transport.","og_url":"https:\/\/www.danby.com\/fr\/products\/refrigerateurs-pour-petites-surfaces\/dpf074b2bdb-6\/","og_site_name":"Danby - Canada - French","article_publisher":"https:\/\/www.facebook.com\/DanbyAppliances","article_modified_time":"2026-04-27T10:09:50+00:00","og_image":[{"width":1707,"height":2560,"url":"https:\/\/cdnweb.danby.com\/wp-content\/uploads\/sites\/2\/2023\/04\/28190953\/DPF074B2BDB-6-0005-scaled.jpg","type":"image\/jpeg"}],"twitter_card":"summary_large_image","twitter_site":"@DanbyAppliance","schema":{"@context":"https:\/\/schema.org","@graph":[{"@type":["WebPage","ItemPage"],"url":"https:\/\/www.danby.com\/fr\/products\/refrigerateurs-pour-petites-surfaces\/dpf074b2bdb-6\/","name":"Danby R\u00e9frig\u00e9rateur d'appartement de 7,4 pi3 \u00e0 montage sur le dessus, noir R\u00e9frig\u00e9rateur d'appartement \u00e0 montage sup\u00e9rieur en noir - DPF074B2BDB-6 | Danby Canada","isPartOf":[],"primaryImageOfPage":[],"image":[],"thumbnailUrl":"https:\/\/www.danby.com\/fr\/wp-content\/uploads\/sites\/2\/2025\/12\/dpf074b2bdb-6-front.jpg","datePublished":"2022-07-19T08:51:43+00:00","dateModified":"2026-04-27T10:09:50+00:00","description":"Ce r\u00e9frig\u00e9rateur de taille moyenne de 206 litres (7,4 pi3) de Danby est dot\u00e9 de deux tablettes en verre r\u00e9glables dans le r\u00e9frig\u00e9rateur et d'une section de cong\u00e9lation sur le dessus avec une tablette m\u00e9tallique r\u00e9glable. C'est l'ajout parfait \u00e0 toute maison, chalet, mini-bar ou m\u00eame au bureau ! Ce mod\u00e8le est \u00e9galement \u00e9quip\u00e9 d'un bac \u00e0 l\u00e9gumes transparent pour conserver tous vos l\u00e9gumes et fruits pr\u00e9f\u00e9r\u00e9s au frais. Sa charni\u00e8re de porte r\u00e9versible permet de l'orienter vers la droite ou la gauche, ce qui vous permet de l'installer dans presque tous les espaces, tandis que ses trois \u00e9tag\u00e8res de porte et son rangement pour les grandes bouteilles (2 litres ou 1 gallon) vous permettent de garder votre r\u00e9frig\u00e9rateur bien organis\u00e9. Choisissez le d\u00e9givrage automatique pour le r\u00e9frig\u00e9rateur et le d\u00e9givrage manuel pour le compartiment cong\u00e9lateur pour un entretien facile toute l'ann\u00e9e. Ce mod\u00e8le Danby b\u00e9n\u00e9ficie d'une garantie \u00e0 domicile de 12 mois et est livr\u00e9 dans un emballage standard ISTA-6 pour une protection accrue pendant le transport.","breadcrumb":[],"inLanguage":"fr-CA","potentialAction":[{"@type":"ReadAction","target":["https:\/\/www.danby.com\/fr\/products\/refrigerateurs-pour-petites-surfaces\/dpf074b2bdb-6\/"]}]},{"@type":"ImageObject","inLanguage":"fr-CA","url":"https:\/\/www.danby.com\/fr\/wp-content\/uploads\/sites\/2\/2025\/12\/dpf074b2bdb-6-front.jpg","contentUrl":"https:\/\/www.danby.com\/fr\/wp-content\/uploads\/sites\/2\/2025\/12\/dpf074b2bdb-6-front.jpg","width":810,"height":1080},{"@type":"BreadcrumbList","itemListElement":[{"@type":"ListItem","position":1,"name":"Home","item":"https:\/\/www.danby.com\/fr\/"},{"@type":"ListItem","position":2,"name":"Boutique","item":"https:\/\/www.danby.com\/fr\/boutique\/"},{"@type":"ListItem","position":3,"name":"Danby R\u00e9frig\u00e9rateur d&#8217;appartement de 7,4 pi3 \u00e0 montage sur le dessus, noir R\u00e9frig\u00e9rateur d&#8217;appartement \u00e0 montage sup\u00e9rieur en noir"}]},{"@type":"WebSite","url":"https:\/\/www.danby.com\/fr\/","name":"Danby - Canada - French","description":"Leader dans le domaine de la r\u00e9frig\u00e9ration et des appareils sp\u00e9cialis\u00e9s","publisher":[],"potentialAction":[{"@type":"SearchAction","target":{"@type":"EntryPoint","urlTemplate":"https:\/\/www.danby.com\/fr\/?s={search_term_string}"},"query-input":{"@type":"PropertyValueSpecification","valueRequired":true,"valueName":"search_term_string"}}],"inLanguage":"fr-CA"},{"@type":"Organization","name":"Danby Appliances","url":"https:\/\/www.danby.com\/fr\/","logo":{"@type":"ImageObject","inLanguage":"fr-CA","url":"https:\/\/cdnweb.danby.com\/wp-content\/uploads\/sites\/2\/2022\/02\/10141906\/Danby75Ans_Blue.png","contentUrl":"https:\/\/cdnweb.danby.com\/wp-content\/uploads\/sites\/2\/2022\/02\/10141906\/Danby75Ans_Blue.png","width":470,"height":110,"caption":"Danby Appliances"},"image":[],"sameAs":["https:\/\/www.facebook.com\/DanbyAppliances","https:\/\/x.com\/DanbyAppliance","https:\/\/instagram.com\/danbyappliances\/","https:\/\/www.linkedin.com\/company\/danbyappliances","https:\/\/www.pinterest.ca\/danbyappliances\/","https:\/\/www.youtube.com\/user\/DanbyProducts","https:\/\/en.wikipedia.org\/wiki\/Danby_(appliances)"]}]}},"post_mailing_queue_ids":[],"_links":{"self":[{"href":"https:\/\/www.danby.com\/fr\/wp-json\/wp\/v2\/product\/18654","targetHints":{"allow":["GET"]}}],"collection":[{"href":"https:\/\/www.danby.com\/fr\/wp-json\/wp\/v2\/product"}],"about":[{"href":"https:\/\/www.danby.com\/fr\/wp-json\/wp\/v2\/types\/product"}],"replies":[{"embeddable":true,"href":"https:\/\/www.danby.com\/fr\/wp-json\/wp\/v2\/comments?post=18654"}],"wp:featuredmedia":[{"embeddable":true,"href":"https:\/\/www.danby.com\/fr\/wp-json\/wp\/v2\/media\/37786"}],"wp:attachment":[{"href":"https:\/\/www.danby.com\/fr\/wp-json\/wp\/v2\/media?parent=18654"}],"wp:term":[{"taxonomy":"product_brand","embeddable":true,"href":"https:\/\/www.danby.com\/fr\/wp-json\/wp\/v2\/product_brand?post=18654"},{"taxonomy":"product_cat","embeddable":true,"href":"https:\/\/www.danby.com\/fr\/wp-json\/wp\/v2\/product_cat?post=18654"},{"taxonomy":"product_tag","embeddable":true,"href":"https:\/\/www.danby.com\/fr\/wp-json\/wp\/v2\/product_tag?post=18654"}],"curies":[{"name":"wp","href":"https:\/\/api.w.org\/{rel}","templated":true}]}}