{"id":18593,"date":"2022-07-06T19:37:36","date_gmt":"2022-07-06T19:37:36","guid":{"rendered":"https:\/\/www.danby.com\/fr\/?post_type=product&#038;p=18593"},"modified":"2026-04-18T10:06:01","modified_gmt":"2026-04-18T10:06:01","slug":"dbc057a1bss","status":"publish","type":"product","link":"https:\/\/www.danby.com\/fr\/products\/refroidisseurs-de-boissons\/dbc057a1bss\/","title":{"rendered":"Danby Centre de boissons encastr\u00e9 de 5,7 pi\u00b3 en acier inoxydable"},"content":{"rendered":"","protected":false},"excerpt":{"rendered":"<ul>\n<li>Le centre de boissons de 5,7 pi\u00b3 permet de stocker jusqu&#8217;\u00e0 154 (355 ml\/canette)<\/li>\n<li>Con\u00e7u pour \u00eatre install\u00e9 sous le comptoir<\/li>\n<li>Le refroidissement sup\u00e9rieur par ventilateur maintient une temp\u00e9rature interne optimale et constante dans toute la chambre.<\/li>\n<li>Plage de temp\u00e9rature : peut \u00eatre r\u00e9gl\u00e9e entre 37\u00b0F &#8211; 64\u00b0F (3\u00b0C &#8211; 18\u00b0C)<\/li>\n<li>Un \u00e9clairage LED bleu illumine l&#8217;int\u00e9rieur<\/li>\n<li>Le thermostat num\u00e9rique avec affichage LED bleu est visible \u00e0 travers la porte.<\/li>\n<li>La porte r\u00e9versible peut \u00eatre r\u00e9gl\u00e9e pour une ouverture \u00e0 gauche ou \u00e0 droite.<\/li>\n<li>La conception des portes de qualit\u00e9 sup\u00e9rieure comprend un double vitrage \u00e0 faible \u00e9missivit\u00e9.<\/li>\n<li>La m\u00e9moire de temp\u00e9rature revient \u00e0 la derni\u00e8re temp\u00e9rature r\u00e9gl\u00e9e apr\u00e8s une panne de courant.<\/li>\n<li>3 \u00e9tag\u00e8res r\u00e9glables en fil m\u00e9tallique avec garniture d&#8217;\u00e9tag\u00e8re en acier inoxydable<\/li>\n<li>Cadre de porte durable en acier inoxydable de qualit\u00e9 304 avec poign\u00e9e assortie<\/li>\n<li>Garantie de 12 mois avec service \u00e0 domicile<\/li>\n<\/ul>\n","protected":false},"featured_media":34930,"comment_status":"closed","ping_status":"closed","template":"","meta":{"_acf_changed":false},"product_brand":[],"product_cat":[21,1449],"product_tag":[],"class_list":{"0":"post-18593","1":"product","2":"type-product","3":"status-publish","4":"has-post-thumbnail","6":"product_cat-refroidisseurs-de-boissons","7":"product_cat-sales","9":"first","10":"instock","11":"sale","12":"taxable","13":"shipping-taxable","14":"purchasable","15":"product-type-simple"},"acf":[],"yoast_head":"<!-- This site is optimized with the Yoast SEO plugin v26.7 - https:\/\/yoast.com\/wordpress\/plugins\/seo\/ -->\n<title>Danby Centre de boissons encastr\u00e9 de 5,7 pi\u00b3 en acier inoxydable - DBC057A1BSS | Danby Canada<\/title>\n<meta name=\"description\" content=\"Que vous receviez des invit\u00e9s ou que vous ayez besoin d&#039;une r\u00e9frig\u00e9ration plus pratique pour votre famille, ce centre de boissons \u00e9l\u00e9gant offre style et praticit\u00e9. Ce centre de boissons peut \u00eatre encastr\u00e9 dans le comptoir ou l&#039;\u00eelot de cuisine et est parfait pour recevoir dans la cuisine, le bar ou la cave de l&#039;homme. \u00c9conomisez l&#039;espace du r\u00e9frig\u00e9rateur gr\u00e2ce \u00e0 cet appareil spacieux qui offre 5,7 pieds cubes (163 L) d&#039;espace de refroidissement et de stockage. Refroidissez jusqu&#039;\u00e0 154 bo\u00eetes de conserve (355 ml) sur trois \u00e9tag\u00e8res r\u00e9glables en fil noir. Ce petit r\u00e9frig\u00e9rateur est \u00e9quip\u00e9 d&#039;un syst\u00e8me de refroidissement \u00e0 air puls\u00e9, d&#039;un thermostat num\u00e9rique avec affichage LED bleu, d&#039;une fonction de m\u00e9morisation de la temp\u00e9rature et d&#039;un cadre de porte durable en acier inoxydable 304 avec poign\u00e9es assorties. Il a une plage de refroidissement de 37\u00b0F - 64\u00b0F (3\u00b0C - 18\u00b0C) pour les boissons.\" \/>\n<meta name=\"robots\" content=\"index, follow, max-snippet:-1, max-image-preview:large, max-video-preview:-1\" \/>\n<link rel=\"canonical\" href=\"https:\/\/www.danby.com\/fr\/products\/refroidisseurs-de-boissons\/dbc057a1bss\/\" \/>\n<meta property=\"og:locale\" content=\"fr_CA\" \/>\n<meta property=\"og:type\" content=\"article\" \/>\n<meta property=\"og:title\" content=\"Danby Centre de boissons encastr\u00e9 de 5,7 pi\u00b3 en acier inoxydable - DBC057A1BSS | Danby Canada\" \/>\n<meta property=\"og:description\" content=\"Que vous receviez des invit\u00e9s ou que vous ayez besoin d&#039;une r\u00e9frig\u00e9ration plus pratique pour votre famille, ce centre de boissons \u00e9l\u00e9gant offre style et praticit\u00e9. Ce centre de boissons peut \u00eatre encastr\u00e9 dans le comptoir ou l&#039;\u00eelot de cuisine et est parfait pour recevoir dans la cuisine, le bar ou la cave de l&#039;homme. \u00c9conomisez l&#039;espace du r\u00e9frig\u00e9rateur gr\u00e2ce \u00e0 cet appareil spacieux qui offre 5,7 pieds cubes (163 L) d&#039;espace de refroidissement et de stockage. Refroidissez jusqu&#039;\u00e0 154 bo\u00eetes de conserve (355 ml) sur trois \u00e9tag\u00e8res r\u00e9glables en fil noir. Ce petit r\u00e9frig\u00e9rateur est \u00e9quip\u00e9 d&#039;un syst\u00e8me de refroidissement \u00e0 air puls\u00e9, d&#039;un thermostat num\u00e9rique avec affichage LED bleu, d&#039;une fonction de m\u00e9morisation de la temp\u00e9rature et d&#039;un cadre de porte durable en acier inoxydable 304 avec poign\u00e9es assorties. Il a une plage de refroidissement de 37\u00b0F - 64\u00b0F (3\u00b0C - 18\u00b0C) pour les boissons.\" \/>\n<meta property=\"og:url\" content=\"https:\/\/www.danby.com\/fr\/products\/refroidisseurs-de-boissons\/dbc057a1bss\/\" \/>\n<meta property=\"og:site_name\" content=\"Danby - Canada - French\" \/>\n<meta property=\"article:publisher\" content=\"https:\/\/www.facebook.com\/DanbyAppliances\" \/>\n<meta property=\"article:modified_time\" content=\"2026-04-18T10:06:01+00:00\" \/>\n<meta property=\"og:image\" content=\"https:\/\/www.danby.com\/fr\/wp-content\/uploads\/sites\/2\/2024\/11\/DBC057A1BSS_FrontPropped.jpg\" \/>\n\t<meta property=\"og:image:width\" content=\"1146\" \/>\n\t<meta property=\"og:image:height\" content=\"1528\" \/>\n\t<meta property=\"og:image:type\" content=\"image\/jpeg\" \/>\n<meta name=\"twitter:card\" content=\"summary_large_image\" \/>\n<meta name=\"twitter:site\" content=\"@DanbyAppliance\" \/>\n<meta name=\"twitter:label1\" content=\"Estimation du temps de lecture\" \/>\n\t<meta name=\"twitter:data1\" content=\"1 minute\" \/>\n<script type=\"application\/ld+json\" class=\"yoast-schema-graph\">{\"@context\":\"https:\/\/schema.org\",\"@graph\":[{\"@type\":[\"WebPage\",\"ItemPage\"],\"url\":\"https:\/\/www.danby.com\/fr\/products\/refroidisseurs-de-boissons\/dbc057a1bss\/\",\"name\":\"Danby Centre de boissons encastr\u00e9 de 5,7 pi\u00b3 en acier inoxydable - DBC057A1BSS | Danby Canada\",\"isPartOf\":[],\"primaryImageOfPage\":[],\"image\":[],\"thumbnailUrl\":\"https:\/\/www.danby.com\/fr\/wp-content\/uploads\/sites\/2\/2025\/09\/dbc057a1bss-thumbnail.jpg\",\"datePublished\":\"2022-07-06T19:37:36+00:00\",\"dateModified\":\"2026-04-18T10:06:01+00:00\",\"description\":\"Que vous receviez des invit\u00e9s ou que vous ayez besoin d'une r\u00e9frig\u00e9ration plus pratique pour votre famille, ce centre de boissons \u00e9l\u00e9gant offre style et praticit\u00e9. Ce centre de boissons peut \u00eatre encastr\u00e9 dans le comptoir ou l'\u00eelot de cuisine et est parfait pour recevoir dans la cuisine, le bar ou la cave de l'homme. \u00c9conomisez l'espace du r\u00e9frig\u00e9rateur gr\u00e2ce \u00e0 cet appareil spacieux qui offre 5,7 pieds cubes (163 L) d'espace de refroidissement et de stockage. Refroidissez jusqu'\u00e0 154 bo\u00eetes de conserve (355 ml) sur trois \u00e9tag\u00e8res r\u00e9glables en fil noir. Ce petit r\u00e9frig\u00e9rateur est \u00e9quip\u00e9 d'un syst\u00e8me de refroidissement \u00e0 air puls\u00e9, d'un thermostat num\u00e9rique avec affichage LED bleu, d'une fonction de m\u00e9morisation de la temp\u00e9rature et d'un cadre de porte durable en acier inoxydable 304 avec poign\u00e9es assorties. Il a une plage de refroidissement de 37\u00b0F - 64\u00b0F (3\u00b0C - 18\u00b0C) pour les boissons.\",\"breadcrumb\":[],\"inLanguage\":\"fr-CA\",\"potentialAction\":[{\"@type\":\"ReadAction\",\"target\":[\"https:\/\/www.danby.com\/fr\/products\/refroidisseurs-de-boissons\/dbc057a1bss\/\"]}]},{\"@type\":\"ImageObject\",\"inLanguage\":\"fr-CA\",\"url\":\"https:\/\/www.danby.com\/fr\/wp-content\/uploads\/sites\/2\/2025\/09\/dbc057a1bss-thumbnail.jpg\",\"contentUrl\":\"https:\/\/www.danby.com\/fr\/wp-content\/uploads\/sites\/2\/2025\/09\/dbc057a1bss-thumbnail.jpg\",\"width\":768,\"height\":1024},{\"@type\":\"BreadcrumbList\",\"itemListElement\":[{\"@type\":\"ListItem\",\"position\":1,\"name\":\"Home\",\"item\":\"https:\/\/www.danby.com\/fr\/\"},{\"@type\":\"ListItem\",\"position\":2,\"name\":\"Boutique\",\"item\":\"https:\/\/www.danby.com\/fr\/boutique\/\"},{\"@type\":\"ListItem\",\"position\":3,\"name\":\"Danby Centre de boissons encastr\u00e9 de 5,7 pi3 en acier inoxydable\"}]},{\"@type\":\"WebSite\",\"url\":\"https:\/\/www.danby.com\/fr\/\",\"name\":\"Danby - Canada - French\",\"description\":\"Leader dans le domaine de la r\u00e9frig\u00e9ration et des appareils sp\u00e9cialis\u00e9s\",\"publisher\":[],\"potentialAction\":[{\"@type\":\"SearchAction\",\"target\":{\"@type\":\"EntryPoint\",\"urlTemplate\":\"https:\/\/www.danby.com\/fr\/?s={search_term_string}\"},\"query-input\":{\"@type\":\"PropertyValueSpecification\",\"valueRequired\":true,\"valueName\":\"search_term_string\"}}],\"inLanguage\":\"fr-CA\"},{\"@type\":\"Organization\",\"name\":\"Danby Appliances\",\"url\":\"https:\/\/www.danby.com\/fr\/\",\"logo\":{\"@type\":\"ImageObject\",\"inLanguage\":\"fr-CA\",\"url\":\"https:\/\/cdnweb.danby.com\/wp-content\/uploads\/sites\/2\/2022\/02\/10141906\/Danby75Ans_Blue.png\",\"contentUrl\":\"https:\/\/cdnweb.danby.com\/wp-content\/uploads\/sites\/2\/2022\/02\/10141906\/Danby75Ans_Blue.png\",\"width\":470,\"height\":110,\"caption\":\"Danby Appliances\"},\"image\":[],\"sameAs\":[\"https:\/\/www.facebook.com\/DanbyAppliances\",\"https:\/\/x.com\/DanbyAppliance\",\"https:\/\/instagram.com\/danbyappliances\/\",\"https:\/\/www.linkedin.com\/company\/danbyappliances\",\"https:\/\/www.pinterest.ca\/danbyappliances\/\",\"https:\/\/www.youtube.com\/user\/DanbyProducts\",\"https:\/\/en.wikipedia.org\/wiki\/Danby_(appliances)\"]}]}<\/script>\n<!-- \/ Yoast SEO plugin. -->","yoast_head_json":{"title":"Danby Centre de boissons encastr\u00e9 de 5,7 pi\u00b3 en acier inoxydable - DBC057A1BSS | Danby Canada","description":"Que vous receviez des invit\u00e9s ou que vous ayez besoin d'une r\u00e9frig\u00e9ration plus pratique pour votre famille, ce centre de boissons \u00e9l\u00e9gant offre style et praticit\u00e9. Ce centre de boissons peut \u00eatre encastr\u00e9 dans le comptoir ou l'\u00eelot de cuisine et est parfait pour recevoir dans la cuisine, le bar ou la cave de l'homme. \u00c9conomisez l'espace du r\u00e9frig\u00e9rateur gr\u00e2ce \u00e0 cet appareil spacieux qui offre 5,7 pieds cubes (163 L) d'espace de refroidissement et de stockage. Refroidissez jusqu'\u00e0 154 bo\u00eetes de conserve (355 ml) sur trois \u00e9tag\u00e8res r\u00e9glables en fil noir. Ce petit r\u00e9frig\u00e9rateur est \u00e9quip\u00e9 d'un syst\u00e8me de refroidissement \u00e0 air puls\u00e9, d'un thermostat num\u00e9rique avec affichage LED bleu, d'une fonction de m\u00e9morisation de la temp\u00e9rature et d'un cadre de porte durable en acier inoxydable 304 avec poign\u00e9es assorties. Il a une plage de refroidissement de 37\u00b0F - 64\u00b0F (3\u00b0C - 18\u00b0C) pour les boissons.","robots":{"index":"index","follow":"follow","max-snippet":"max-snippet:-1","max-image-preview":"max-image-preview:large","max-video-preview":"max-video-preview:-1"},"canonical":"https:\/\/www.danby.com\/fr\/products\/refroidisseurs-de-boissons\/dbc057a1bss\/","og_locale":"fr_CA","og_type":"article","og_title":"Danby Centre de boissons encastr\u00e9 de 5,7 pi\u00b3 en acier inoxydable - DBC057A1BSS | Danby Canada","og_description":"Que vous receviez des invit\u00e9s ou que vous ayez besoin d'une r\u00e9frig\u00e9ration plus pratique pour votre famille, ce centre de boissons \u00e9l\u00e9gant offre style et praticit\u00e9. Ce centre de boissons peut \u00eatre encastr\u00e9 dans le comptoir ou l'\u00eelot de cuisine et est parfait pour recevoir dans la cuisine, le bar ou la cave de l'homme. \u00c9conomisez l'espace du r\u00e9frig\u00e9rateur gr\u00e2ce \u00e0 cet appareil spacieux qui offre 5,7 pieds cubes (163 L) d'espace de refroidissement et de stockage. Refroidissez jusqu'\u00e0 154 bo\u00eetes de conserve (355 ml) sur trois \u00e9tag\u00e8res r\u00e9glables en fil noir. Ce petit r\u00e9frig\u00e9rateur est \u00e9quip\u00e9 d'un syst\u00e8me de refroidissement \u00e0 air puls\u00e9, d'un thermostat num\u00e9rique avec affichage LED bleu, d'une fonction de m\u00e9morisation de la temp\u00e9rature et d'un cadre de porte durable en acier inoxydable 304 avec poign\u00e9es assorties. Il a une plage de refroidissement de 37\u00b0F - 64\u00b0F (3\u00b0C - 18\u00b0C) pour les boissons.","og_url":"https:\/\/www.danby.com\/fr\/products\/refroidisseurs-de-boissons\/dbc057a1bss\/","og_site_name":"Danby - Canada - French","article_publisher":"https:\/\/www.facebook.com\/DanbyAppliances","article_modified_time":"2026-04-18T10:06:01+00:00","og_image":[{"width":1146,"height":1528,"url":"https:\/\/www.danby.com\/fr\/wp-content\/uploads\/sites\/2\/2024\/11\/DBC057A1BSS_FrontPropped.jpg","type":"image\/jpeg"}],"twitter_card":"summary_large_image","twitter_site":"@DanbyAppliance","twitter_misc":{"Estimation du temps de lecture":"1 minute"},"schema":{"@context":"https:\/\/schema.org","@graph":[{"@type":["WebPage","ItemPage"],"url":"https:\/\/www.danby.com\/fr\/products\/refroidisseurs-de-boissons\/dbc057a1bss\/","name":"Danby Centre de boissons encastr\u00e9 de 5,7 pi\u00b3 en acier inoxydable - DBC057A1BSS | Danby Canada","isPartOf":[],"primaryImageOfPage":[],"image":[],"thumbnailUrl":"https:\/\/www.danby.com\/fr\/wp-content\/uploads\/sites\/2\/2025\/09\/dbc057a1bss-thumbnail.jpg","datePublished":"2022-07-06T19:37:36+00:00","dateModified":"2026-04-18T10:06:01+00:00","description":"Que vous receviez des invit\u00e9s ou que vous ayez besoin d'une r\u00e9frig\u00e9ration plus pratique pour votre famille, ce centre de boissons \u00e9l\u00e9gant offre style et praticit\u00e9. Ce centre de boissons peut \u00eatre encastr\u00e9 dans le comptoir ou l'\u00eelot de cuisine et est parfait pour recevoir dans la cuisine, le bar ou la cave de l'homme. \u00c9conomisez l'espace du r\u00e9frig\u00e9rateur gr\u00e2ce \u00e0 cet appareil spacieux qui offre 5,7 pieds cubes (163 L) d'espace de refroidissement et de stockage. Refroidissez jusqu'\u00e0 154 bo\u00eetes de conserve (355 ml) sur trois \u00e9tag\u00e8res r\u00e9glables en fil noir. Ce petit r\u00e9frig\u00e9rateur est \u00e9quip\u00e9 d'un syst\u00e8me de refroidissement \u00e0 air puls\u00e9, d'un thermostat num\u00e9rique avec affichage LED bleu, d'une fonction de m\u00e9morisation de la temp\u00e9rature et d'un cadre de porte durable en acier inoxydable 304 avec poign\u00e9es assorties. Il a une plage de refroidissement de 37\u00b0F - 64\u00b0F (3\u00b0C - 18\u00b0C) pour les boissons.","breadcrumb":[],"inLanguage":"fr-CA","potentialAction":[{"@type":"ReadAction","target":["https:\/\/www.danby.com\/fr\/products\/refroidisseurs-de-boissons\/dbc057a1bss\/"]}]},{"@type":"ImageObject","inLanguage":"fr-CA","url":"https:\/\/www.danby.com\/fr\/wp-content\/uploads\/sites\/2\/2025\/09\/dbc057a1bss-thumbnail.jpg","contentUrl":"https:\/\/www.danby.com\/fr\/wp-content\/uploads\/sites\/2\/2025\/09\/dbc057a1bss-thumbnail.jpg","width":768,"height":1024},{"@type":"BreadcrumbList","itemListElement":[{"@type":"ListItem","position":1,"name":"Home","item":"https:\/\/www.danby.com\/fr\/"},{"@type":"ListItem","position":2,"name":"Boutique","item":"https:\/\/www.danby.com\/fr\/boutique\/"},{"@type":"ListItem","position":3,"name":"Danby Centre de boissons encastr\u00e9 de 5,7 pi3 en acier inoxydable"}]},{"@type":"WebSite","url":"https:\/\/www.danby.com\/fr\/","name":"Danby - Canada - French","description":"Leader dans le domaine de la r\u00e9frig\u00e9ration et des appareils sp\u00e9cialis\u00e9s","publisher":[],"potentialAction":[{"@type":"SearchAction","target":{"@type":"EntryPoint","urlTemplate":"https:\/\/www.danby.com\/fr\/?s={search_term_string}"},"query-input":{"@type":"PropertyValueSpecification","valueRequired":true,"valueName":"search_term_string"}}],"inLanguage":"fr-CA"},{"@type":"Organization","name":"Danby Appliances","url":"https:\/\/www.danby.com\/fr\/","logo":{"@type":"ImageObject","inLanguage":"fr-CA","url":"https:\/\/cdnweb.danby.com\/wp-content\/uploads\/sites\/2\/2022\/02\/10141906\/Danby75Ans_Blue.png","contentUrl":"https:\/\/cdnweb.danby.com\/wp-content\/uploads\/sites\/2\/2022\/02\/10141906\/Danby75Ans_Blue.png","width":470,"height":110,"caption":"Danby Appliances"},"image":[],"sameAs":["https:\/\/www.facebook.com\/DanbyAppliances","https:\/\/x.com\/DanbyAppliance","https:\/\/instagram.com\/danbyappliances\/","https:\/\/www.linkedin.com\/company\/danbyappliances","https:\/\/www.pinterest.ca\/danbyappliances\/","https:\/\/www.youtube.com\/user\/DanbyProducts","https:\/\/en.wikipedia.org\/wiki\/Danby_(appliances)"]}]}},"post_mailing_queue_ids":[],"_links":{"self":[{"href":"https:\/\/www.danby.com\/fr\/wp-json\/wp\/v2\/product\/18593","targetHints":{"allow":["GET"]}}],"collection":[{"href":"https:\/\/www.danby.com\/fr\/wp-json\/wp\/v2\/product"}],"about":[{"href":"https:\/\/www.danby.com\/fr\/wp-json\/wp\/v2\/types\/product"}],"replies":[{"embeddable":true,"href":"https:\/\/www.danby.com\/fr\/wp-json\/wp\/v2\/comments?post=18593"}],"wp:featuredmedia":[{"embeddable":true,"href":"https:\/\/www.danby.com\/fr\/wp-json\/wp\/v2\/media\/34930"}],"wp:attachment":[{"href":"https:\/\/www.danby.com\/fr\/wp-json\/wp\/v2\/media?parent=18593"}],"wp:term":[{"taxonomy":"product_brand","embeddable":true,"href":"https:\/\/www.danby.com\/fr\/wp-json\/wp\/v2\/product_brand?post=18593"},{"taxonomy":"product_cat","embeddable":true,"href":"https:\/\/www.danby.com\/fr\/wp-json\/wp\/v2\/product_cat?post=18593"},{"taxonomy":"product_tag","embeddable":true,"href":"https:\/\/www.danby.com\/fr\/wp-json\/wp\/v2\/product_tag?post=18593"}],"curies":[{"name":"wp","href":"https:\/\/api.w.org\/{rel}","templated":true}]}}