{"id":18357,"date":"2022-06-06T14:43:51","date_gmt":"2022-06-06T14:43:51","guid":{"rendered":"https:\/\/www.danby.com\/fr\/?post_type=product&#038;p=18357"},"modified":"2026-04-06T10:04:50","modified_gmt":"2026-04-06T10:04:50","slug":"dcr045b1sldb","status":"publish","type":"product","link":"https:\/\/www.danby.com\/fr\/products\/refrigeration-compact\/dcr045b1sldb\/","title":{"rendered":"Danby R\u00e9frig\u00e9rateur compact 2 portes de 4,5 pi\u00b3, au fini acier inoxydable"},"content":{"rendered":"","protected":false},"excerpt":{"rendered":"<ul>\n<li>Certifi\u00e9 ENERGY STAR\u00ae<\/li>\n<li>R\u00e9frig\u00e9rant R600a<\/li>\n<li>2 tablettes de r\u00e9frig\u00e9rateur en verre r\u00e9glables (une pleine et une demi)<\/li>\n<li>6 (2 pleine largeur et 4 demi-largeur) bacs de porte et 1 tablette de cong\u00e9lation<\/li>\n<li>\u00c9tag\u00e8res de porte int\u00e9gr\u00e9es avec rangement pour bouteilles de 2 litres<\/li>\n<li>Syst\u00e8me de distribution de boissons CanStor\u00ae.<\/li>\n<li>Bac \u00e0 l\u00e9gumes et couvercle<\/li>\n<li>Lampe int\u00e9rieure \u00e0 DEL blanche<\/li>\n<li>Porte r\u00e9versible pour une ouverture \u00e0 gauche ou \u00e0 droite<\/li>\n<\/ul>\n","protected":false},"featured_media":34822,"comment_status":"closed","ping_status":"closed","template":"","meta":{"_acf_changed":false},"product_brand":[],"product_cat":[22],"product_tag":[],"class_list":{"0":"post-18357","1":"product","2":"type-product","3":"status-publish","4":"has-post-thumbnail","6":"product_cat-refrigeration-compact","8":"first","9":"instock","10":"taxable","11":"shipping-taxable","12":"product-type-simple"},"acf":[],"yoast_head":"<!-- This site is optimized with the Yoast SEO plugin v26.7 - https:\/\/yoast.com\/wordpress\/plugins\/seo\/ -->\n<title>Danby R\u00e9frig\u00e9rateur compact 2 portes de 4,5 pi\u00b3, au fini acier inoxydable - DCR045B1SLDB | Danby Canada<\/title>\n<meta name=\"description\" content=\"Ajoutez de l&#039;espace de refroidissement et de cong\u00e9lation suppl\u00e9mentaire gr\u00e2ce au r\u00e9frig\u00e9rateur compact \u00e0 2 portes autoportant de Danby, d&#039;aspect acier inoxydable noir, parfait pour les dortoirs, les bars \u00e0 domicile, les bureaux ou les salles de jeux. Profitez d&#039;un g\u00e9n\u00e9reux espace de r\u00e9frig\u00e9ration et de cong\u00e9lation de 127 litres (4,5 pieds cubes) pour les boissons, les collations et les aliments congel\u00e9s, ce qui en fait un r\u00e9frig\u00e9rateur secondaire id\u00e9al. R\u00e9duisez le d\u00e9sordre gr\u00e2ce \u00e0 2 tablettes en verre r\u00e9glables sur toute la largeur, 1 1\/2 largeur, 6 bacs de porte et un tiroir \u00e0 l\u00e9gumes offrant une polyvalence de rangement maximale. Tous vos produits surgel\u00e9s pr\u00e9f\u00e9r\u00e9s peuvent \u00eatre rang\u00e9s dans le cong\u00e9lateur gr\u00e2ce \u00e0 une seule \u00e9tag\u00e8re, ce qui permet de garder votre cong\u00e9lateur accessible et organis\u00e9. Profitez des \u00e9tag\u00e8res de porte int\u00e9gr\u00e9es avec un rangement pour bouteilles de 2 litres et de notre distributeur de boissons CanStor\u00ae, qui peut accueillir 8 canettes de 355 ml sur un angle pour optimiser l&#039;espace du r\u00e9frig\u00e9rateur. Trouvez facilement vos boissons, vos l\u00e9gumes ou vos fruits gr\u00e2ce au syst\u00e8me d&#039;\u00e9clairage int\u00e9rieur lumineux \u00e0 LED. R\u00e9duisez votre facture d&#039;\u00e9lectricit\u00e9 et faites des \u00e9conomies d&#039;\u00e9nergie avec ce mini-frigo avec cong\u00e9lateur class\u00e9 ENERGY STAR\u00ae. Ce petit r\u00e9frig\u00e9rateur dispose \u00e9galement d&#039;une astucieuse charni\u00e8re de porte r\u00e9versible qui vous permet de l&#039;ajuster pour une ouverture \u00e0 gauche ou \u00e0 droite via la poign\u00e9e int\u00e9gr\u00e9e.\" \/>\n<meta name=\"robots\" content=\"index, follow, max-snippet:-1, max-image-preview:large, max-video-preview:-1\" \/>\n<link rel=\"canonical\" href=\"https:\/\/www.danby.com\/fr\/products\/refrigeration-compact\/dcr045b1sldb\/\" \/>\n<meta property=\"og:locale\" content=\"fr_CA\" \/>\n<meta property=\"og:type\" content=\"article\" \/>\n<meta property=\"og:title\" content=\"Danby R\u00e9frig\u00e9rateur compact 2 portes de 4,5 pi\u00b3, au fini acier inoxydable - DCR045B1SLDB | Danby Canada\" \/>\n<meta property=\"og:description\" content=\"Ajoutez de l&#039;espace de refroidissement et de cong\u00e9lation suppl\u00e9mentaire gr\u00e2ce au r\u00e9frig\u00e9rateur compact \u00e0 2 portes autoportant de Danby, d&#039;aspect acier inoxydable noir, parfait pour les dortoirs, les bars \u00e0 domicile, les bureaux ou les salles de jeux. Profitez d&#039;un g\u00e9n\u00e9reux espace de r\u00e9frig\u00e9ration et de cong\u00e9lation de 127 litres (4,5 pieds cubes) pour les boissons, les collations et les aliments congel\u00e9s, ce qui en fait un r\u00e9frig\u00e9rateur secondaire id\u00e9al. R\u00e9duisez le d\u00e9sordre gr\u00e2ce \u00e0 2 tablettes en verre r\u00e9glables sur toute la largeur, 1 1\/2 largeur, 6 bacs de porte et un tiroir \u00e0 l\u00e9gumes offrant une polyvalence de rangement maximale. Tous vos produits surgel\u00e9s pr\u00e9f\u00e9r\u00e9s peuvent \u00eatre rang\u00e9s dans le cong\u00e9lateur gr\u00e2ce \u00e0 une seule \u00e9tag\u00e8re, ce qui permet de garder votre cong\u00e9lateur accessible et organis\u00e9. Profitez des \u00e9tag\u00e8res de porte int\u00e9gr\u00e9es avec un rangement pour bouteilles de 2 litres et de notre distributeur de boissons CanStor\u00ae, qui peut accueillir 8 canettes de 355 ml sur un angle pour optimiser l&#039;espace du r\u00e9frig\u00e9rateur. Trouvez facilement vos boissons, vos l\u00e9gumes ou vos fruits gr\u00e2ce au syst\u00e8me d&#039;\u00e9clairage int\u00e9rieur lumineux \u00e0 LED. R\u00e9duisez votre facture d&#039;\u00e9lectricit\u00e9 et faites des \u00e9conomies d&#039;\u00e9nergie avec ce mini-frigo avec cong\u00e9lateur class\u00e9 ENERGY STAR\u00ae. Ce petit r\u00e9frig\u00e9rateur dispose \u00e9galement d&#039;une astucieuse charni\u00e8re de porte r\u00e9versible qui vous permet de l&#039;ajuster pour une ouverture \u00e0 gauche ou \u00e0 droite via la poign\u00e9e int\u00e9gr\u00e9e.\" \/>\n<meta property=\"og:url\" content=\"https:\/\/www.danby.com\/fr\/products\/refrigeration-compact\/dcr045b1sldb\/\" \/>\n<meta property=\"og:site_name\" content=\"Danby - Canada - French\" \/>\n<meta property=\"article:publisher\" content=\"https:\/\/www.facebook.com\/DanbyAppliances\" \/>\n<meta property=\"article:modified_time\" content=\"2026-04-06T10:04:50+00:00\" \/>\n<meta property=\"og:image\" content=\"https:\/\/cdnweb.danby.com\/wp-content\/uploads\/sites\/2\/2023\/05\/25194439\/DCR045B1SLDB_0001-scaled.jpg\" \/>\n\t<meta property=\"og:image:width\" content=\"1920\" \/>\n\t<meta property=\"og:image:height\" content=\"2560\" \/>\n\t<meta property=\"og:image:type\" content=\"image\/jpeg\" \/>\n<meta name=\"twitter:card\" content=\"summary_large_image\" \/>\n<meta name=\"twitter:site\" content=\"@DanbyAppliance\" \/>\n<meta name=\"twitter:label1\" content=\"Estimation du temps de lecture\" \/>\n\t<meta name=\"twitter:data1\" content=\"1 minute\" \/>\n<script type=\"application\/ld+json\" class=\"yoast-schema-graph\">{\"@context\":\"https:\/\/schema.org\",\"@graph\":[{\"@type\":[\"WebPage\",\"ItemPage\"],\"url\":\"https:\/\/www.danby.com\/fr\/products\/refrigeration-compact\/dcr045b1sldb\/\",\"name\":\"Danby R\u00e9frig\u00e9rateur compact 2 portes de 4,5 pi\u00b3, au fini acier inoxydable - DCR045B1SLDB | Danby Canada\",\"isPartOf\":[],\"primaryImageOfPage\":[],\"image\":[],\"thumbnailUrl\":\"https:\/\/www.danby.com\/fr\/wp-content\/uploads\/sites\/2\/2025\/09\/dcr045b1sldb-thumbnail.jpg\",\"datePublished\":\"2022-06-06T14:43:51+00:00\",\"dateModified\":\"2026-04-06T10:04:50+00:00\",\"description\":\"Ajoutez de l'espace de refroidissement et de cong\u00e9lation suppl\u00e9mentaire gr\u00e2ce au r\u00e9frig\u00e9rateur compact \u00e0 2 portes autoportant de Danby, d'aspect acier inoxydable noir, parfait pour les dortoirs, les bars \u00e0 domicile, les bureaux ou les salles de jeux. Profitez d'un g\u00e9n\u00e9reux espace de r\u00e9frig\u00e9ration et de cong\u00e9lation de 127 litres (4,5 pieds cubes) pour les boissons, les collations et les aliments congel\u00e9s, ce qui en fait un r\u00e9frig\u00e9rateur secondaire id\u00e9al. R\u00e9duisez le d\u00e9sordre gr\u00e2ce \u00e0 2 tablettes en verre r\u00e9glables sur toute la largeur, 1 1\/2 largeur, 6 bacs de porte et un tiroir \u00e0 l\u00e9gumes offrant une polyvalence de rangement maximale. Tous vos produits surgel\u00e9s pr\u00e9f\u00e9r\u00e9s peuvent \u00eatre rang\u00e9s dans le cong\u00e9lateur gr\u00e2ce \u00e0 une seule \u00e9tag\u00e8re, ce qui permet de garder votre cong\u00e9lateur accessible et organis\u00e9. Profitez des \u00e9tag\u00e8res de porte int\u00e9gr\u00e9es avec un rangement pour bouteilles de 2 litres et de notre distributeur de boissons CanStor\u00ae, qui peut accueillir 8 canettes de 355 ml sur un angle pour optimiser l'espace du r\u00e9frig\u00e9rateur. Trouvez facilement vos boissons, vos l\u00e9gumes ou vos fruits gr\u00e2ce au syst\u00e8me d'\u00e9clairage int\u00e9rieur lumineux \u00e0 LED. R\u00e9duisez votre facture d'\u00e9lectricit\u00e9 et faites des \u00e9conomies d'\u00e9nergie avec ce mini-frigo avec cong\u00e9lateur class\u00e9 ENERGY STAR\u00ae. Ce petit r\u00e9frig\u00e9rateur dispose \u00e9galement d'une astucieuse charni\u00e8re de porte r\u00e9versible qui vous permet de l'ajuster pour une ouverture \u00e0 gauche ou \u00e0 droite via la poign\u00e9e int\u00e9gr\u00e9e.\",\"breadcrumb\":[],\"inLanguage\":\"fr-CA\",\"potentialAction\":[{\"@type\":\"ReadAction\",\"target\":[\"https:\/\/www.danby.com\/fr\/products\/refrigeration-compact\/dcr045b1sldb\/\"]}]},{\"@type\":\"ImageObject\",\"inLanguage\":\"fr-CA\",\"url\":\"https:\/\/www.danby.com\/fr\/wp-content\/uploads\/sites\/2\/2025\/09\/dcr045b1sldb-thumbnail.jpg\",\"contentUrl\":\"https:\/\/www.danby.com\/fr\/wp-content\/uploads\/sites\/2\/2025\/09\/dcr045b1sldb-thumbnail.jpg\",\"width\":768,\"height\":1024},{\"@type\":\"BreadcrumbList\",\"itemListElement\":[{\"@type\":\"ListItem\",\"position\":1,\"name\":\"Home\",\"item\":\"https:\/\/www.danby.com\/fr\/\"},{\"@type\":\"ListItem\",\"position\":2,\"name\":\"Boutique\",\"item\":\"https:\/\/www.danby.com\/fr\/boutique\/\"},{\"@type\":\"ListItem\",\"position\":3,\"name\":\"Danby R\u00e9frig\u00e9rateur compact \u00e0 2 portes de 4,5 pi3 en acier inoxydable\"}]},{\"@type\":\"WebSite\",\"url\":\"https:\/\/www.danby.com\/fr\/\",\"name\":\"Danby - Canada - French\",\"description\":\"Leader dans le domaine de la r\u00e9frig\u00e9ration et des appareils sp\u00e9cialis\u00e9s\",\"publisher\":[],\"potentialAction\":[{\"@type\":\"SearchAction\",\"target\":{\"@type\":\"EntryPoint\",\"urlTemplate\":\"https:\/\/www.danby.com\/fr\/?s={search_term_string}\"},\"query-input\":{\"@type\":\"PropertyValueSpecification\",\"valueRequired\":true,\"valueName\":\"search_term_string\"}}],\"inLanguage\":\"fr-CA\"},{\"@type\":\"Organization\",\"name\":\"Danby Appliances\",\"url\":\"https:\/\/www.danby.com\/fr\/\",\"logo\":{\"@type\":\"ImageObject\",\"inLanguage\":\"fr-CA\",\"url\":\"https:\/\/cdnweb.danby.com\/wp-content\/uploads\/sites\/2\/2022\/02\/10141906\/Danby75Ans_Blue.png\",\"contentUrl\":\"https:\/\/cdnweb.danby.com\/wp-content\/uploads\/sites\/2\/2022\/02\/10141906\/Danby75Ans_Blue.png\",\"width\":470,\"height\":110,\"caption\":\"Danby Appliances\"},\"image\":[],\"sameAs\":[\"https:\/\/www.facebook.com\/DanbyAppliances\",\"https:\/\/x.com\/DanbyAppliance\",\"https:\/\/instagram.com\/danbyappliances\/\",\"https:\/\/www.linkedin.com\/company\/danbyappliances\",\"https:\/\/www.pinterest.ca\/danbyappliances\/\",\"https:\/\/www.youtube.com\/user\/DanbyProducts\",\"https:\/\/en.wikipedia.org\/wiki\/Danby_(appliances)\"]}]}<\/script>\n<!-- \/ Yoast SEO plugin. -->","yoast_head_json":{"title":"Danby R\u00e9frig\u00e9rateur compact 2 portes de 4,5 pi\u00b3, au fini acier inoxydable - DCR045B1SLDB | Danby Canada","description":"Ajoutez de l'espace de refroidissement et de cong\u00e9lation suppl\u00e9mentaire gr\u00e2ce au r\u00e9frig\u00e9rateur compact \u00e0 2 portes autoportant de Danby, d'aspect acier inoxydable noir, parfait pour les dortoirs, les bars \u00e0 domicile, les bureaux ou les salles de jeux. Profitez d'un g\u00e9n\u00e9reux espace de r\u00e9frig\u00e9ration et de cong\u00e9lation de 127 litres (4,5 pieds cubes) pour les boissons, les collations et les aliments congel\u00e9s, ce qui en fait un r\u00e9frig\u00e9rateur secondaire id\u00e9al. R\u00e9duisez le d\u00e9sordre gr\u00e2ce \u00e0 2 tablettes en verre r\u00e9glables sur toute la largeur, 1 1\/2 largeur, 6 bacs de porte et un tiroir \u00e0 l\u00e9gumes offrant une polyvalence de rangement maximale. Tous vos produits surgel\u00e9s pr\u00e9f\u00e9r\u00e9s peuvent \u00eatre rang\u00e9s dans le cong\u00e9lateur gr\u00e2ce \u00e0 une seule \u00e9tag\u00e8re, ce qui permet de garder votre cong\u00e9lateur accessible et organis\u00e9. Profitez des \u00e9tag\u00e8res de porte int\u00e9gr\u00e9es avec un rangement pour bouteilles de 2 litres et de notre distributeur de boissons CanStor\u00ae, qui peut accueillir 8 canettes de 355 ml sur un angle pour optimiser l'espace du r\u00e9frig\u00e9rateur. Trouvez facilement vos boissons, vos l\u00e9gumes ou vos fruits gr\u00e2ce au syst\u00e8me d'\u00e9clairage int\u00e9rieur lumineux \u00e0 LED. R\u00e9duisez votre facture d'\u00e9lectricit\u00e9 et faites des \u00e9conomies d'\u00e9nergie avec ce mini-frigo avec cong\u00e9lateur class\u00e9 ENERGY STAR\u00ae. Ce petit r\u00e9frig\u00e9rateur dispose \u00e9galement d'une astucieuse charni\u00e8re de porte r\u00e9versible qui vous permet de l'ajuster pour une ouverture \u00e0 gauche ou \u00e0 droite via la poign\u00e9e int\u00e9gr\u00e9e.","robots":{"index":"index","follow":"follow","max-snippet":"max-snippet:-1","max-image-preview":"max-image-preview:large","max-video-preview":"max-video-preview:-1"},"canonical":"https:\/\/www.danby.com\/fr\/products\/refrigeration-compact\/dcr045b1sldb\/","og_locale":"fr_CA","og_type":"article","og_title":"Danby R\u00e9frig\u00e9rateur compact 2 portes de 4,5 pi\u00b3, au fini acier inoxydable - DCR045B1SLDB | Danby Canada","og_description":"Ajoutez de l'espace de refroidissement et de cong\u00e9lation suppl\u00e9mentaire gr\u00e2ce au r\u00e9frig\u00e9rateur compact \u00e0 2 portes autoportant de Danby, d'aspect acier inoxydable noir, parfait pour les dortoirs, les bars \u00e0 domicile, les bureaux ou les salles de jeux. Profitez d'un g\u00e9n\u00e9reux espace de r\u00e9frig\u00e9ration et de cong\u00e9lation de 127 litres (4,5 pieds cubes) pour les boissons, les collations et les aliments congel\u00e9s, ce qui en fait un r\u00e9frig\u00e9rateur secondaire id\u00e9al. R\u00e9duisez le d\u00e9sordre gr\u00e2ce \u00e0 2 tablettes en verre r\u00e9glables sur toute la largeur, 1 1\/2 largeur, 6 bacs de porte et un tiroir \u00e0 l\u00e9gumes offrant une polyvalence de rangement maximale. Tous vos produits surgel\u00e9s pr\u00e9f\u00e9r\u00e9s peuvent \u00eatre rang\u00e9s dans le cong\u00e9lateur gr\u00e2ce \u00e0 une seule \u00e9tag\u00e8re, ce qui permet de garder votre cong\u00e9lateur accessible et organis\u00e9. Profitez des \u00e9tag\u00e8res de porte int\u00e9gr\u00e9es avec un rangement pour bouteilles de 2 litres et de notre distributeur de boissons CanStor\u00ae, qui peut accueillir 8 canettes de 355 ml sur un angle pour optimiser l'espace du r\u00e9frig\u00e9rateur. Trouvez facilement vos boissons, vos l\u00e9gumes ou vos fruits gr\u00e2ce au syst\u00e8me d'\u00e9clairage int\u00e9rieur lumineux \u00e0 LED. R\u00e9duisez votre facture d'\u00e9lectricit\u00e9 et faites des \u00e9conomies d'\u00e9nergie avec ce mini-frigo avec cong\u00e9lateur class\u00e9 ENERGY STAR\u00ae. Ce petit r\u00e9frig\u00e9rateur dispose \u00e9galement d'une astucieuse charni\u00e8re de porte r\u00e9versible qui vous permet de l'ajuster pour une ouverture \u00e0 gauche ou \u00e0 droite via la poign\u00e9e int\u00e9gr\u00e9e.","og_url":"https:\/\/www.danby.com\/fr\/products\/refrigeration-compact\/dcr045b1sldb\/","og_site_name":"Danby - Canada - French","article_publisher":"https:\/\/www.facebook.com\/DanbyAppliances","article_modified_time":"2026-04-06T10:04:50+00:00","og_image":[{"width":1920,"height":2560,"url":"https:\/\/cdnweb.danby.com\/wp-content\/uploads\/sites\/2\/2023\/05\/25194439\/DCR045B1SLDB_0001-scaled.jpg","type":"image\/jpeg"}],"twitter_card":"summary_large_image","twitter_site":"@DanbyAppliance","twitter_misc":{"Estimation du temps de lecture":"1 minute"},"schema":{"@context":"https:\/\/schema.org","@graph":[{"@type":["WebPage","ItemPage"],"url":"https:\/\/www.danby.com\/fr\/products\/refrigeration-compact\/dcr045b1sldb\/","name":"Danby R\u00e9frig\u00e9rateur compact 2 portes de 4,5 pi\u00b3, au fini acier inoxydable - DCR045B1SLDB | Danby Canada","isPartOf":[],"primaryImageOfPage":[],"image":[],"thumbnailUrl":"https:\/\/www.danby.com\/fr\/wp-content\/uploads\/sites\/2\/2025\/09\/dcr045b1sldb-thumbnail.jpg","datePublished":"2022-06-06T14:43:51+00:00","dateModified":"2026-04-06T10:04:50+00:00","description":"Ajoutez de l'espace de refroidissement et de cong\u00e9lation suppl\u00e9mentaire gr\u00e2ce au r\u00e9frig\u00e9rateur compact \u00e0 2 portes autoportant de Danby, d'aspect acier inoxydable noir, parfait pour les dortoirs, les bars \u00e0 domicile, les bureaux ou les salles de jeux. Profitez d'un g\u00e9n\u00e9reux espace de r\u00e9frig\u00e9ration et de cong\u00e9lation de 127 litres (4,5 pieds cubes) pour les boissons, les collations et les aliments congel\u00e9s, ce qui en fait un r\u00e9frig\u00e9rateur secondaire id\u00e9al. R\u00e9duisez le d\u00e9sordre gr\u00e2ce \u00e0 2 tablettes en verre r\u00e9glables sur toute la largeur, 1 1\/2 largeur, 6 bacs de porte et un tiroir \u00e0 l\u00e9gumes offrant une polyvalence de rangement maximale. Tous vos produits surgel\u00e9s pr\u00e9f\u00e9r\u00e9s peuvent \u00eatre rang\u00e9s dans le cong\u00e9lateur gr\u00e2ce \u00e0 une seule \u00e9tag\u00e8re, ce qui permet de garder votre cong\u00e9lateur accessible et organis\u00e9. Profitez des \u00e9tag\u00e8res de porte int\u00e9gr\u00e9es avec un rangement pour bouteilles de 2 litres et de notre distributeur de boissons CanStor\u00ae, qui peut accueillir 8 canettes de 355 ml sur un angle pour optimiser l'espace du r\u00e9frig\u00e9rateur. Trouvez facilement vos boissons, vos l\u00e9gumes ou vos fruits gr\u00e2ce au syst\u00e8me d'\u00e9clairage int\u00e9rieur lumineux \u00e0 LED. R\u00e9duisez votre facture d'\u00e9lectricit\u00e9 et faites des \u00e9conomies d'\u00e9nergie avec ce mini-frigo avec cong\u00e9lateur class\u00e9 ENERGY STAR\u00ae. Ce petit r\u00e9frig\u00e9rateur dispose \u00e9galement d'une astucieuse charni\u00e8re de porte r\u00e9versible qui vous permet de l'ajuster pour une ouverture \u00e0 gauche ou \u00e0 droite via la poign\u00e9e int\u00e9gr\u00e9e.","breadcrumb":[],"inLanguage":"fr-CA","potentialAction":[{"@type":"ReadAction","target":["https:\/\/www.danby.com\/fr\/products\/refrigeration-compact\/dcr045b1sldb\/"]}]},{"@type":"ImageObject","inLanguage":"fr-CA","url":"https:\/\/www.danby.com\/fr\/wp-content\/uploads\/sites\/2\/2025\/09\/dcr045b1sldb-thumbnail.jpg","contentUrl":"https:\/\/www.danby.com\/fr\/wp-content\/uploads\/sites\/2\/2025\/09\/dcr045b1sldb-thumbnail.jpg","width":768,"height":1024},{"@type":"BreadcrumbList","itemListElement":[{"@type":"ListItem","position":1,"name":"Home","item":"https:\/\/www.danby.com\/fr\/"},{"@type":"ListItem","position":2,"name":"Boutique","item":"https:\/\/www.danby.com\/fr\/boutique\/"},{"@type":"ListItem","position":3,"name":"Danby R\u00e9frig\u00e9rateur compact \u00e0 2 portes de 4,5 pi3 en acier inoxydable"}]},{"@type":"WebSite","url":"https:\/\/www.danby.com\/fr\/","name":"Danby - Canada - French","description":"Leader dans le domaine de la r\u00e9frig\u00e9ration et des appareils sp\u00e9cialis\u00e9s","publisher":[],"potentialAction":[{"@type":"SearchAction","target":{"@type":"EntryPoint","urlTemplate":"https:\/\/www.danby.com\/fr\/?s={search_term_string}"},"query-input":{"@type":"PropertyValueSpecification","valueRequired":true,"valueName":"search_term_string"}}],"inLanguage":"fr-CA"},{"@type":"Organization","name":"Danby Appliances","url":"https:\/\/www.danby.com\/fr\/","logo":{"@type":"ImageObject","inLanguage":"fr-CA","url":"https:\/\/cdnweb.danby.com\/wp-content\/uploads\/sites\/2\/2022\/02\/10141906\/Danby75Ans_Blue.png","contentUrl":"https:\/\/cdnweb.danby.com\/wp-content\/uploads\/sites\/2\/2022\/02\/10141906\/Danby75Ans_Blue.png","width":470,"height":110,"caption":"Danby Appliances"},"image":[],"sameAs":["https:\/\/www.facebook.com\/DanbyAppliances","https:\/\/x.com\/DanbyAppliance","https:\/\/instagram.com\/danbyappliances\/","https:\/\/www.linkedin.com\/company\/danbyappliances","https:\/\/www.pinterest.ca\/danbyappliances\/","https:\/\/www.youtube.com\/user\/DanbyProducts","https:\/\/en.wikipedia.org\/wiki\/Danby_(appliances)"]}]}},"post_mailing_queue_ids":[],"_links":{"self":[{"href":"https:\/\/www.danby.com\/fr\/wp-json\/wp\/v2\/product\/18357","targetHints":{"allow":["GET"]}}],"collection":[{"href":"https:\/\/www.danby.com\/fr\/wp-json\/wp\/v2\/product"}],"about":[{"href":"https:\/\/www.danby.com\/fr\/wp-json\/wp\/v2\/types\/product"}],"replies":[{"embeddable":true,"href":"https:\/\/www.danby.com\/fr\/wp-json\/wp\/v2\/comments?post=18357"}],"wp:featuredmedia":[{"embeddable":true,"href":"https:\/\/www.danby.com\/fr\/wp-json\/wp\/v2\/media\/34822"}],"wp:attachment":[{"href":"https:\/\/www.danby.com\/fr\/wp-json\/wp\/v2\/media?parent=18357"}],"wp:term":[{"taxonomy":"product_brand","embeddable":true,"href":"https:\/\/www.danby.com\/fr\/wp-json\/wp\/v2\/product_brand?post=18357"},{"taxonomy":"product_cat","embeddable":true,"href":"https:\/\/www.danby.com\/fr\/wp-json\/wp\/v2\/product_cat?post=18357"},{"taxonomy":"product_tag","embeddable":true,"href":"https:\/\/www.danby.com\/fr\/wp-json\/wp\/v2\/product_tag?post=18357"}],"curies":[{"name":"wp","href":"https:\/\/api.w.org\/{rel}","templated":true}]}}