{"id":18033,"date":"2022-05-05T14:48:39","date_gmt":"2022-05-05T14:48:39","guid":{"rendered":"https:\/\/www.danby.com\/fr\/?post_type=product&#038;p=18033"},"modified":"2026-04-17T09:56:39","modified_gmt":"2026-04-17T09:56:39","slug":"dbmw009201m1","status":"publish","type":"product","link":"https:\/\/www.danby.com\/fr\/products\/fours-a-micro-ondes\/dbmw009201m1\/","title":{"rendered":"Micro-ondes Danby 0,9 pi\u00b3 avec commandes de cuisson pratiques en acier inoxydable"},"content":{"rendered":"","protected":false},"excerpt":{"rendered":"<ul>\n<li>Capacit\u00e9 \u00e9l\u00e9gante de 0,9 pi\u00b3 (25 L), 900 watts, 10 niveaux de puissance<\/li>\n<li>6 options de cuisson automatique pratiques : pop-corn, pomme de terre, pizza, l\u00e9gumes surgel\u00e9s, boisson, assiette de d\u00eener<\/li>\n<li>Boutons de cuisson rapide : 1 \u00e0 6 minutes<\/li>\n<li>Options de d\u00e9cong\u00e9lation automatique : d\u00e9cong\u00e9lation par temps ou par poids<\/li>\n<li>Cuisson programm\u00e9e : cuire selon le temps de cuisson souhait\u00e9<\/li>\n<li>Mode silencieux : son marche\/arr\u00eat<\/li>\n<li>Option de verrouillage enfant\/contr\u00f4le : verrouillez le panneau de commandes en appuyant sur STOP pendant 3 secondes<\/li>\n<li>Plateau tournant : plateau en verre de 27 cm de diam\u00e8tre<\/li>\n<\/ul>\n","protected":false},"featured_media":35836,"comment_status":"closed","ping_status":"closed","template":"","meta":{"_acf_changed":false},"product_brand":[],"product_cat":[32],"product_tag":[],"class_list":{"0":"post-18033","1":"product","2":"type-product","3":"status-publish","4":"has-post-thumbnail","6":"product_cat-fours-a-micro-ondes","8":"first","9":"instock","10":"taxable","11":"shipping-taxable","12":"product-type-simple"},"acf":[],"yoast_head":"<!-- This site is optimized with the Yoast SEO plugin v26.7 - https:\/\/yoast.com\/wordpress\/plugins\/seo\/ -->\n<title>Micro-ondes Danby 0,9 pi\u00b3 avec commandes de cuisson pratiques en acier inoxydable - DBMW009201M1 | Danby Canada<\/title>\n<meta name=\"description\" content=\"Pr\u00e9parez rapidement et facilement tous vos plats pr\u00e9f\u00e9r\u00e9s avec le micro-ondes Danby 0,9 pi\u00b3 en acier inoxydable, dot\u00e9 de commandes de cuisson pratiques. Les micro-ondes Danby sont id\u00e9aux pour les dortoirs, les bureaux, les chalets ou les cuisines. Avec une puissance de 900 watts, ce micro-ondes de comptoir propose six options de cuisson automatique pratiques : pop-corn, pomme de terre, pizza, l\u00e9gumes surgel\u00e9s, boisson et assiette de d\u00eener. L\u2019option de d\u00e9cong\u00e9lation automatique en une touche simplifie la pr\u00e9paration de vos repas, et les boutons de cuisson rapide offrent un temps de cuisson de 1 \u00e0 6 minutes. De plus, l\u2019option de verrouillage pour enfants garantit un environnement s\u00fbr pour votre enfant ! Vous pouvez \u00e9galement d\u00e9sactiver le bip de fin de cuisson gr\u00e2ce \u00e0 la fonction son marche\/arr\u00eat.\" \/>\n<meta name=\"robots\" content=\"index, follow, max-snippet:-1, max-image-preview:large, max-video-preview:-1\" \/>\n<link rel=\"canonical\" href=\"https:\/\/www.danby.com\/fr\/products\/fours-a-micro-ondes\/dbmw009201m1\/\" \/>\n<meta property=\"og:locale\" content=\"fr_CA\" \/>\n<meta property=\"og:type\" content=\"article\" \/>\n<meta property=\"og:title\" content=\"Micro-ondes Danby 0,9 pi\u00b3 avec commandes de cuisson pratiques en acier inoxydable - DBMW009201M1 | Danby Canada\" \/>\n<meta property=\"og:description\" content=\"Pr\u00e9parez rapidement et facilement tous vos plats pr\u00e9f\u00e9r\u00e9s avec le micro-ondes Danby 0,9 pi\u00b3 en acier inoxydable, dot\u00e9 de commandes de cuisson pratiques. Les micro-ondes Danby sont id\u00e9aux pour les dortoirs, les bureaux, les chalets ou les cuisines. Avec une puissance de 900 watts, ce micro-ondes de comptoir propose six options de cuisson automatique pratiques : pop-corn, pomme de terre, pizza, l\u00e9gumes surgel\u00e9s, boisson et assiette de d\u00eener. L\u2019option de d\u00e9cong\u00e9lation automatique en une touche simplifie la pr\u00e9paration de vos repas, et les boutons de cuisson rapide offrent un temps de cuisson de 1 \u00e0 6 minutes. De plus, l\u2019option de verrouillage pour enfants garantit un environnement s\u00fbr pour votre enfant ! Vous pouvez \u00e9galement d\u00e9sactiver le bip de fin de cuisson gr\u00e2ce \u00e0 la fonction son marche\/arr\u00eat.\" \/>\n<meta property=\"og:url\" content=\"https:\/\/www.danby.com\/fr\/products\/fours-a-micro-ondes\/dbmw009201m1\/\" \/>\n<meta property=\"og:site_name\" content=\"Danby - Canada - French\" \/>\n<meta property=\"article:publisher\" content=\"https:\/\/www.facebook.com\/DanbyAppliances\" \/>\n<meta property=\"article:modified_time\" content=\"2026-04-17T09:56:39+00:00\" \/>\n<meta property=\"og:image\" content=\"https:\/\/www.danby.com\/fr\/wp-content\/uploads\/sites\/2\/2025\/11\/dbmw009201m1-thumbnail.jpg\" \/>\n\t<meta property=\"og:image:width\" content=\"768\" \/>\n\t<meta property=\"og:image:height\" content=\"1024\" \/>\n\t<meta property=\"og:image:type\" content=\"image\/jpeg\" \/>\n<meta name=\"twitter:card\" content=\"summary_large_image\" \/>\n<meta name=\"twitter:site\" content=\"@DanbyAppliance\" \/>\n<meta name=\"twitter:label1\" content=\"Estimation du temps de lecture\" \/>\n\t<meta name=\"twitter:data1\" content=\"1 minute\" \/>\n<script type=\"application\/ld+json\" class=\"yoast-schema-graph\">{\"@context\":\"https:\/\/schema.org\",\"@graph\":[{\"@type\":[\"WebPage\",\"ItemPage\"],\"url\":\"https:\/\/www.danby.com\/fr\/products\/fours-a-micro-ondes\/dbmw009201m1\/\",\"name\":\"Micro-ondes Danby 0,9 pi\u00b3 avec commandes de cuisson pratiques en acier inoxydable - DBMW009201M1 | Danby Canada\",\"isPartOf\":[],\"primaryImageOfPage\":[],\"image\":[],\"thumbnailUrl\":\"https:\/\/www.danby.com\/fr\/wp-content\/uploads\/sites\/2\/2025\/11\/dbmw009201m1-thumbnail.jpg\",\"datePublished\":\"2022-05-05T14:48:39+00:00\",\"dateModified\":\"2026-04-17T09:56:39+00:00\",\"description\":\"Pr\u00e9parez rapidement et facilement tous vos plats pr\u00e9f\u00e9r\u00e9s avec le micro-ondes Danby 0,9 pi\u00b3 en acier inoxydable, dot\u00e9 de commandes de cuisson pratiques. Les micro-ondes Danby sont id\u00e9aux pour les dortoirs, les bureaux, les chalets ou les cuisines. Avec une puissance de 900 watts, ce micro-ondes de comptoir propose six options de cuisson automatique pratiques : pop-corn, pomme de terre, pizza, l\u00e9gumes surgel\u00e9s, boisson et assiette de d\u00eener. L\u2019option de d\u00e9cong\u00e9lation automatique en une touche simplifie la pr\u00e9paration de vos repas, et les boutons de cuisson rapide offrent un temps de cuisson de 1 \u00e0 6 minutes. De plus, l\u2019option de verrouillage pour enfants garantit un environnement s\u00fbr pour votre enfant ! Vous pouvez \u00e9galement d\u00e9sactiver le bip de fin de cuisson gr\u00e2ce \u00e0 la fonction son marche\/arr\u00eat.\",\"breadcrumb\":[],\"inLanguage\":\"fr-CA\",\"potentialAction\":[{\"@type\":\"ReadAction\",\"target\":[\"https:\/\/www.danby.com\/fr\/products\/fours-a-micro-ondes\/dbmw009201m1\/\"]}]},{\"@type\":\"ImageObject\",\"inLanguage\":\"fr-CA\",\"url\":\"https:\/\/www.danby.com\/fr\/wp-content\/uploads\/sites\/2\/2025\/11\/dbmw009201m1-thumbnail.jpg\",\"contentUrl\":\"https:\/\/www.danby.com\/fr\/wp-content\/uploads\/sites\/2\/2025\/11\/dbmw009201m1-thumbnail.jpg\",\"width\":768,\"height\":1024},{\"@type\":\"BreadcrumbList\",\"itemListElement\":[{\"@type\":\"ListItem\",\"position\":1,\"name\":\"Home\",\"item\":\"https:\/\/www.danby.com\/fr\/\"},{\"@type\":\"ListItem\",\"position\":2,\"name\":\"Boutique\",\"item\":\"https:\/\/www.danby.com\/fr\/boutique\/\"},{\"@type\":\"ListItem\",\"position\":3,\"name\":\"Micro-ondes Danby 0,9 pi\u00b3 avec commandes de cuisson pratiques en acier inoxydable\"}]},{\"@type\":\"WebSite\",\"url\":\"https:\/\/www.danby.com\/fr\/\",\"name\":\"Danby - Canada - French\",\"description\":\"Leader dans le domaine de la r\u00e9frig\u00e9ration et des appareils sp\u00e9cialis\u00e9s\",\"publisher\":[],\"potentialAction\":[{\"@type\":\"SearchAction\",\"target\":{\"@type\":\"EntryPoint\",\"urlTemplate\":\"https:\/\/www.danby.com\/fr\/?s={search_term_string}\"},\"query-input\":{\"@type\":\"PropertyValueSpecification\",\"valueRequired\":true,\"valueName\":\"search_term_string\"}}],\"inLanguage\":\"fr-CA\"},{\"@type\":\"Organization\",\"name\":\"Danby Appliances\",\"url\":\"https:\/\/www.danby.com\/fr\/\",\"logo\":{\"@type\":\"ImageObject\",\"inLanguage\":\"fr-CA\",\"url\":\"https:\/\/cdnweb.danby.com\/wp-content\/uploads\/sites\/2\/2022\/02\/10141906\/Danby75Ans_Blue.png\",\"contentUrl\":\"https:\/\/cdnweb.danby.com\/wp-content\/uploads\/sites\/2\/2022\/02\/10141906\/Danby75Ans_Blue.png\",\"width\":470,\"height\":110,\"caption\":\"Danby Appliances\"},\"image\":[],\"sameAs\":[\"https:\/\/www.facebook.com\/DanbyAppliances\",\"https:\/\/x.com\/DanbyAppliance\",\"https:\/\/instagram.com\/danbyappliances\/\",\"https:\/\/www.linkedin.com\/company\/danbyappliances\",\"https:\/\/www.pinterest.ca\/danbyappliances\/\",\"https:\/\/www.youtube.com\/user\/DanbyProducts\",\"https:\/\/en.wikipedia.org\/wiki\/Danby_(appliances)\"]}]}<\/script>\n<!-- \/ Yoast SEO plugin. -->","yoast_head_json":{"title":"Micro-ondes Danby 0,9 pi\u00b3 avec commandes de cuisson pratiques en acier inoxydable - DBMW009201M1 | Danby Canada","description":"Pr\u00e9parez rapidement et facilement tous vos plats pr\u00e9f\u00e9r\u00e9s avec le micro-ondes Danby 0,9 pi\u00b3 en acier inoxydable, dot\u00e9 de commandes de cuisson pratiques. Les micro-ondes Danby sont id\u00e9aux pour les dortoirs, les bureaux, les chalets ou les cuisines. Avec une puissance de 900 watts, ce micro-ondes de comptoir propose six options de cuisson automatique pratiques : pop-corn, pomme de terre, pizza, l\u00e9gumes surgel\u00e9s, boisson et assiette de d\u00eener. L\u2019option de d\u00e9cong\u00e9lation automatique en une touche simplifie la pr\u00e9paration de vos repas, et les boutons de cuisson rapide offrent un temps de cuisson de 1 \u00e0 6 minutes. De plus, l\u2019option de verrouillage pour enfants garantit un environnement s\u00fbr pour votre enfant ! Vous pouvez \u00e9galement d\u00e9sactiver le bip de fin de cuisson gr\u00e2ce \u00e0 la fonction son marche\/arr\u00eat.","robots":{"index":"index","follow":"follow","max-snippet":"max-snippet:-1","max-image-preview":"max-image-preview:large","max-video-preview":"max-video-preview:-1"},"canonical":"https:\/\/www.danby.com\/fr\/products\/fours-a-micro-ondes\/dbmw009201m1\/","og_locale":"fr_CA","og_type":"article","og_title":"Micro-ondes Danby 0,9 pi\u00b3 avec commandes de cuisson pratiques en acier inoxydable - DBMW009201M1 | Danby Canada","og_description":"Pr\u00e9parez rapidement et facilement tous vos plats pr\u00e9f\u00e9r\u00e9s avec le micro-ondes Danby 0,9 pi\u00b3 en acier inoxydable, dot\u00e9 de commandes de cuisson pratiques. Les micro-ondes Danby sont id\u00e9aux pour les dortoirs, les bureaux, les chalets ou les cuisines. Avec une puissance de 900 watts, ce micro-ondes de comptoir propose six options de cuisson automatique pratiques : pop-corn, pomme de terre, pizza, l\u00e9gumes surgel\u00e9s, boisson et assiette de d\u00eener. L\u2019option de d\u00e9cong\u00e9lation automatique en une touche simplifie la pr\u00e9paration de vos repas, et les boutons de cuisson rapide offrent un temps de cuisson de 1 \u00e0 6 minutes. De plus, l\u2019option de verrouillage pour enfants garantit un environnement s\u00fbr pour votre enfant ! Vous pouvez \u00e9galement d\u00e9sactiver le bip de fin de cuisson gr\u00e2ce \u00e0 la fonction son marche\/arr\u00eat.","og_url":"https:\/\/www.danby.com\/fr\/products\/fours-a-micro-ondes\/dbmw009201m1\/","og_site_name":"Danby - Canada - French","article_publisher":"https:\/\/www.facebook.com\/DanbyAppliances","article_modified_time":"2026-04-17T09:56:39+00:00","og_image":[{"width":768,"height":1024,"url":"https:\/\/www.danby.com\/fr\/wp-content\/uploads\/sites\/2\/2025\/11\/dbmw009201m1-thumbnail.jpg","type":"image\/jpeg"}],"twitter_card":"summary_large_image","twitter_site":"@DanbyAppliance","twitter_misc":{"Estimation du temps de lecture":"1 minute"},"schema":{"@context":"https:\/\/schema.org","@graph":[{"@type":["WebPage","ItemPage"],"url":"https:\/\/www.danby.com\/fr\/products\/fours-a-micro-ondes\/dbmw009201m1\/","name":"Micro-ondes Danby 0,9 pi\u00b3 avec commandes de cuisson pratiques en acier inoxydable - DBMW009201M1 | Danby Canada","isPartOf":[],"primaryImageOfPage":[],"image":[],"thumbnailUrl":"https:\/\/www.danby.com\/fr\/wp-content\/uploads\/sites\/2\/2025\/11\/dbmw009201m1-thumbnail.jpg","datePublished":"2022-05-05T14:48:39+00:00","dateModified":"2026-04-17T09:56:39+00:00","description":"Pr\u00e9parez rapidement et facilement tous vos plats pr\u00e9f\u00e9r\u00e9s avec le micro-ondes Danby 0,9 pi\u00b3 en acier inoxydable, dot\u00e9 de commandes de cuisson pratiques. Les micro-ondes Danby sont id\u00e9aux pour les dortoirs, les bureaux, les chalets ou les cuisines. Avec une puissance de 900 watts, ce micro-ondes de comptoir propose six options de cuisson automatique pratiques : pop-corn, pomme de terre, pizza, l\u00e9gumes surgel\u00e9s, boisson et assiette de d\u00eener. L\u2019option de d\u00e9cong\u00e9lation automatique en une touche simplifie la pr\u00e9paration de vos repas, et les boutons de cuisson rapide offrent un temps de cuisson de 1 \u00e0 6 minutes. De plus, l\u2019option de verrouillage pour enfants garantit un environnement s\u00fbr pour votre enfant ! Vous pouvez \u00e9galement d\u00e9sactiver le bip de fin de cuisson gr\u00e2ce \u00e0 la fonction son marche\/arr\u00eat.","breadcrumb":[],"inLanguage":"fr-CA","potentialAction":[{"@type":"ReadAction","target":["https:\/\/www.danby.com\/fr\/products\/fours-a-micro-ondes\/dbmw009201m1\/"]}]},{"@type":"ImageObject","inLanguage":"fr-CA","url":"https:\/\/www.danby.com\/fr\/wp-content\/uploads\/sites\/2\/2025\/11\/dbmw009201m1-thumbnail.jpg","contentUrl":"https:\/\/www.danby.com\/fr\/wp-content\/uploads\/sites\/2\/2025\/11\/dbmw009201m1-thumbnail.jpg","width":768,"height":1024},{"@type":"BreadcrumbList","itemListElement":[{"@type":"ListItem","position":1,"name":"Home","item":"https:\/\/www.danby.com\/fr\/"},{"@type":"ListItem","position":2,"name":"Boutique","item":"https:\/\/www.danby.com\/fr\/boutique\/"},{"@type":"ListItem","position":3,"name":"Micro-ondes Danby 0,9 pi\u00b3 avec commandes de cuisson pratiques en acier inoxydable"}]},{"@type":"WebSite","url":"https:\/\/www.danby.com\/fr\/","name":"Danby - Canada - French","description":"Leader dans le domaine de la r\u00e9frig\u00e9ration et des appareils sp\u00e9cialis\u00e9s","publisher":[],"potentialAction":[{"@type":"SearchAction","target":{"@type":"EntryPoint","urlTemplate":"https:\/\/www.danby.com\/fr\/?s={search_term_string}"},"query-input":{"@type":"PropertyValueSpecification","valueRequired":true,"valueName":"search_term_string"}}],"inLanguage":"fr-CA"},{"@type":"Organization","name":"Danby Appliances","url":"https:\/\/www.danby.com\/fr\/","logo":{"@type":"ImageObject","inLanguage":"fr-CA","url":"https:\/\/cdnweb.danby.com\/wp-content\/uploads\/sites\/2\/2022\/02\/10141906\/Danby75Ans_Blue.png","contentUrl":"https:\/\/cdnweb.danby.com\/wp-content\/uploads\/sites\/2\/2022\/02\/10141906\/Danby75Ans_Blue.png","width":470,"height":110,"caption":"Danby Appliances"},"image":[],"sameAs":["https:\/\/www.facebook.com\/DanbyAppliances","https:\/\/x.com\/DanbyAppliance","https:\/\/instagram.com\/danbyappliances\/","https:\/\/www.linkedin.com\/company\/danbyappliances","https:\/\/www.pinterest.ca\/danbyappliances\/","https:\/\/www.youtube.com\/user\/DanbyProducts","https:\/\/en.wikipedia.org\/wiki\/Danby_(appliances)"]}]}},"post_mailing_queue_ids":[],"_links":{"self":[{"href":"https:\/\/www.danby.com\/fr\/wp-json\/wp\/v2\/product\/18033","targetHints":{"allow":["GET"]}}],"collection":[{"href":"https:\/\/www.danby.com\/fr\/wp-json\/wp\/v2\/product"}],"about":[{"href":"https:\/\/www.danby.com\/fr\/wp-json\/wp\/v2\/types\/product"}],"replies":[{"embeddable":true,"href":"https:\/\/www.danby.com\/fr\/wp-json\/wp\/v2\/comments?post=18033"}],"wp:featuredmedia":[{"embeddable":true,"href":"https:\/\/www.danby.com\/fr\/wp-json\/wp\/v2\/media\/35836"}],"wp:attachment":[{"href":"https:\/\/www.danby.com\/fr\/wp-json\/wp\/v2\/media?parent=18033"}],"wp:term":[{"taxonomy":"product_brand","embeddable":true,"href":"https:\/\/www.danby.com\/fr\/wp-json\/wp\/v2\/product_brand?post=18033"},{"taxonomy":"product_cat","embeddable":true,"href":"https:\/\/www.danby.com\/fr\/wp-json\/wp\/v2\/product_cat?post=18033"},{"taxonomy":"product_tag","embeddable":true,"href":"https:\/\/www.danby.com\/fr\/wp-json\/wp\/v2\/product_tag?post=18033"}],"curies":[{"name":"wp","href":"https:\/\/api.w.org\/{rel}","templated":true}]}}