{"id":16318,"date":"2022-04-12T13:29:47","date_gmt":"2022-04-12T13:29:47","guid":{"rendered":"https:\/\/www.danby.com\/fr\/?post_type=product&#038;p=16318"},"modified":"2026-04-18T10:06:04","modified_gmt":"2026-04-18T10:06:04","slug":"dbhr13211bdd1","status":"publish","type":"product","link":"https:\/\/www.danby.com\/fr\/products\/humidificateurs\/dbhr13211bdd1\/","title":{"rendered":"Danby Humidificateur ultrasonique Top Fill 5L en Noir"},"content":{"rendered":"","protected":false},"excerpt":{"rendered":"<ul>\n<li>Humidificateur Danby Top Fill 5L<\/li>\n<li>Num\u00e9rique, contr\u00f4le tactile, ultrasons<\/li>\n<li>Capacit\u00e9 de 5 L \/ 1,3 Gal<\/li>\n<li>Personnalisez en fonction de votre environnement pr\u00e9f\u00e9r\u00e9 avec plusieurs param\u00e8tres et options<\/li>\n<li>3 r\u00e9glages Cool Mist avec ventilation \u00e0 360\u00b0<\/li>\n<li>Minuterie avec r\u00e9glages de 1, 2, 4 et 8 heures<\/li>\n<li>Le mode veille \u00e9teint les lumi\u00e8res\n<\/li>\n<li>Option veilleuse bleue<\/li>\n<li>Possibilit\u00e9 de r\u00e9gler le niveau d&#8217;humidit\u00e9 sur 40, 45, 50 55 et 60 %<\/li>\n<li>Possibilit\u00e9 d&#8217;inclure des huiles essentielles pour utiliser un diffuseur d&#8217;ar\u00f4mes<\/li>\n<li>Comprend un filtre lavable et r\u00e9utilisable et une pi\u00e8ce de rechange<\/li>\n<li>Arr\u00eat automatique lorsque l&#8217;appareil manque d&#8217;eau ou atteint le niveau d&#8217;humidit\u00e9 d\u00e9fini<\/li>\n<\/ul>\n","protected":false},"featured_media":35393,"comment_status":"closed","ping_status":"closed","template":"","meta":{"_acf_changed":false},"product_brand":[],"product_cat":[158,1449],"product_tag":[],"class_list":{"0":"post-16318","1":"product","2":"type-product","3":"status-publish","4":"has-post-thumbnail","6":"product_cat-humidificateurs","7":"product_cat-sales","9":"first","10":"outofstock","11":"sale","12":"taxable","13":"shipping-taxable","14":"purchasable","15":"product-type-simple"},"acf":[],"yoast_head":"<!-- This site is optimized with the Yoast SEO plugin v26.7 - https:\/\/yoast.com\/wordpress\/plugins\/seo\/ -->\n<title>Danby Humidificateur ultrasonique Top Fill 5L en Noir - DBHR13211BDD1 | Danby Canada<\/title>\n<meta name=\"description\" content=\"Cr\u00e9ez une atmosph\u00e8re apaisante \u00e0 la maison avec l&#039;humidificateur ultrasonique 5L \u00e0 remplissage par le haut de Danby. Le temps sec et la chaleur int\u00e9rieure peuvent \u00e9puiser votre corps et entra\u00eener des ger\u00e7ures, une d\u00e9shydratation et une peau s\u00e8che. La brume fra\u00eeche et apaisante soulage ces d\u00e9sagr\u00e9ments saisonniers en humidifiant vos espaces de vie. Apportez ce soulagement l\u00e0 o\u00f9 vous en avez besoin, dans votre chambre \u00e0 coucher, la grande salle, le bureau ou tout autre espace jusqu&#039;\u00e0 325 pieds carr\u00e9s. Con\u00e7u avec la technologie ultrasonique, ce mod\u00e8le utilise la vibration ultrasonique pour brumiser l&#039;eau en minuscules particules et la diffuser dans l&#039;air en augmentant l&#039;humidit\u00e9 relative de l&#039;espace. Les niveaux d&#039;humidit\u00e9 r\u00e9glables, combin\u00e9s aux trois r\u00e9glages num\u00e9riques de la brume, vous permettent de personnaliser le processus d&#039;humidification, pour un v\u00e9ritable confort domestique. Les autres caract\u00e9ristiques comprennent une veilleuse ou un r\u00e9glage de sommeil, une sortie \u00e0 360 degr\u00e9s et une option de minuterie, ce qui rend cet appareil enti\u00e8rement personnalisable et durable. Profitez des bienfaits des huiles essentielles en utilisant la fonction de diffusion d&#039;ar\u00f4mes et cr\u00e9ez une exp\u00e9rience aromatique th\u00e9rapeutique. L&#039;entretien est facile avec son filtre lavable et r\u00e9utilisable et son r\u00e9servoir facile \u00e0 nettoyer. Un deuxi\u00e8me filtre gratuit est inclus.\" \/>\n<meta name=\"robots\" content=\"index, follow, max-snippet:-1, max-image-preview:large, max-video-preview:-1\" \/>\n<link rel=\"canonical\" href=\"https:\/\/www.danby.com\/fr\/products\/humidificateurs\/dbhr13211bdd1\/\" \/>\n<meta property=\"og:locale\" content=\"fr_CA\" \/>\n<meta property=\"og:type\" content=\"article\" \/>\n<meta property=\"og:title\" content=\"Danby Humidificateur ultrasonique Top Fill 5L en Noir - DBHR13211BDD1 | Danby Canada\" \/>\n<meta property=\"og:description\" content=\"Cr\u00e9ez une atmosph\u00e8re apaisante \u00e0 la maison avec l&#039;humidificateur ultrasonique 5L \u00e0 remplissage par le haut de Danby. Le temps sec et la chaleur int\u00e9rieure peuvent \u00e9puiser votre corps et entra\u00eener des ger\u00e7ures, une d\u00e9shydratation et une peau s\u00e8che. La brume fra\u00eeche et apaisante soulage ces d\u00e9sagr\u00e9ments saisonniers en humidifiant vos espaces de vie. Apportez ce soulagement l\u00e0 o\u00f9 vous en avez besoin, dans votre chambre \u00e0 coucher, la grande salle, le bureau ou tout autre espace jusqu&#039;\u00e0 325 pieds carr\u00e9s. Con\u00e7u avec la technologie ultrasonique, ce mod\u00e8le utilise la vibration ultrasonique pour brumiser l&#039;eau en minuscules particules et la diffuser dans l&#039;air en augmentant l&#039;humidit\u00e9 relative de l&#039;espace. Les niveaux d&#039;humidit\u00e9 r\u00e9glables, combin\u00e9s aux trois r\u00e9glages num\u00e9riques de la brume, vous permettent de personnaliser le processus d&#039;humidification, pour un v\u00e9ritable confort domestique. Les autres caract\u00e9ristiques comprennent une veilleuse ou un r\u00e9glage de sommeil, une sortie \u00e0 360 degr\u00e9s et une option de minuterie, ce qui rend cet appareil enti\u00e8rement personnalisable et durable. Profitez des bienfaits des huiles essentielles en utilisant la fonction de diffusion d&#039;ar\u00f4mes et cr\u00e9ez une exp\u00e9rience aromatique th\u00e9rapeutique. L&#039;entretien est facile avec son filtre lavable et r\u00e9utilisable et son r\u00e9servoir facile \u00e0 nettoyer. Un deuxi\u00e8me filtre gratuit est inclus.\" \/>\n<meta property=\"og:url\" content=\"https:\/\/www.danby.com\/fr\/products\/humidificateurs\/dbhr13211bdd1\/\" \/>\n<meta property=\"og:site_name\" content=\"Danby - Canada - French\" \/>\n<meta property=\"article:publisher\" content=\"https:\/\/www.facebook.com\/DanbyAppliances\" \/>\n<meta property=\"article:modified_time\" content=\"2026-04-18T10:06:04+00:00\" \/>\n<meta property=\"og:image\" content=\"https:\/\/www.danby.com\/fr\/wp-content\/uploads\/sites\/2\/2025\/10\/dbhr13211bdd1-thumbnail.jpg\" \/>\n\t<meta property=\"og:image:width\" content=\"768\" \/>\n\t<meta property=\"og:image:height\" content=\"1024\" \/>\n\t<meta property=\"og:image:type\" content=\"image\/jpeg\" \/>\n<meta name=\"twitter:card\" content=\"summary_large_image\" \/>\n<meta name=\"twitter:site\" content=\"@DanbyAppliance\" \/>\n<meta name=\"twitter:label1\" content=\"Estimation du temps de lecture\" \/>\n\t<meta name=\"twitter:data1\" content=\"1 minute\" \/>\n<script type=\"application\/ld+json\" class=\"yoast-schema-graph\">{\"@context\":\"https:\/\/schema.org\",\"@graph\":[{\"@type\":[\"WebPage\",\"ItemPage\"],\"url\":\"https:\/\/www.danby.com\/fr\/products\/humidificateurs\/dbhr13211bdd1\/\",\"name\":\"Danby Humidificateur ultrasonique Top Fill 5L en Noir - DBHR13211BDD1 | Danby Canada\",\"isPartOf\":[],\"primaryImageOfPage\":[],\"image\":[],\"thumbnailUrl\":\"https:\/\/www.danby.com\/fr\/wp-content\/uploads\/sites\/2\/2025\/10\/dbhr13211bdd1-thumbnail.jpg\",\"datePublished\":\"2022-04-12T13:29:47+00:00\",\"dateModified\":\"2026-04-18T10:06:04+00:00\",\"description\":\"Cr\u00e9ez une atmosph\u00e8re apaisante \u00e0 la maison avec l'humidificateur ultrasonique 5L \u00e0 remplissage par le haut de Danby. Le temps sec et la chaleur int\u00e9rieure peuvent \u00e9puiser votre corps et entra\u00eener des ger\u00e7ures, une d\u00e9shydratation et une peau s\u00e8che. La brume fra\u00eeche et apaisante soulage ces d\u00e9sagr\u00e9ments saisonniers en humidifiant vos espaces de vie. Apportez ce soulagement l\u00e0 o\u00f9 vous en avez besoin, dans votre chambre \u00e0 coucher, la grande salle, le bureau ou tout autre espace jusqu'\u00e0 325 pieds carr\u00e9s. Con\u00e7u avec la technologie ultrasonique, ce mod\u00e8le utilise la vibration ultrasonique pour brumiser l'eau en minuscules particules et la diffuser dans l'air en augmentant l'humidit\u00e9 relative de l'espace. Les niveaux d'humidit\u00e9 r\u00e9glables, combin\u00e9s aux trois r\u00e9glages num\u00e9riques de la brume, vous permettent de personnaliser le processus d'humidification, pour un v\u00e9ritable confort domestique. Les autres caract\u00e9ristiques comprennent une veilleuse ou un r\u00e9glage de sommeil, une sortie \u00e0 360 degr\u00e9s et une option de minuterie, ce qui rend cet appareil enti\u00e8rement personnalisable et durable. Profitez des bienfaits des huiles essentielles en utilisant la fonction de diffusion d'ar\u00f4mes et cr\u00e9ez une exp\u00e9rience aromatique th\u00e9rapeutique. L'entretien est facile avec son filtre lavable et r\u00e9utilisable et son r\u00e9servoir facile \u00e0 nettoyer. Un deuxi\u00e8me filtre gratuit est inclus.\",\"breadcrumb\":[],\"inLanguage\":\"fr-CA\",\"potentialAction\":[{\"@type\":\"ReadAction\",\"target\":[\"https:\/\/www.danby.com\/fr\/products\/humidificateurs\/dbhr13211bdd1\/\"]}]},{\"@type\":\"ImageObject\",\"inLanguage\":\"fr-CA\",\"url\":\"https:\/\/www.danby.com\/fr\/wp-content\/uploads\/sites\/2\/2025\/10\/dbhr13211bdd1-thumbnail.jpg\",\"contentUrl\":\"https:\/\/www.danby.com\/fr\/wp-content\/uploads\/sites\/2\/2025\/10\/dbhr13211bdd1-thumbnail.jpg\",\"width\":768,\"height\":1024},{\"@type\":\"BreadcrumbList\",\"itemListElement\":[{\"@type\":\"ListItem\",\"position\":1,\"name\":\"Home\",\"item\":\"https:\/\/www.danby.com\/fr\/\"},{\"@type\":\"ListItem\",\"position\":2,\"name\":\"Boutique\",\"item\":\"https:\/\/www.danby.com\/fr\/boutique\/\"},{\"@type\":\"ListItem\",\"position\":3,\"name\":\"Danby Humidificateur ultrasonique Top Fill 5L en Noir\"}]},{\"@type\":\"WebSite\",\"url\":\"https:\/\/www.danby.com\/fr\/\",\"name\":\"Danby - Canada - French\",\"description\":\"Leader dans le domaine de la r\u00e9frig\u00e9ration et des appareils sp\u00e9cialis\u00e9s\",\"publisher\":[],\"potentialAction\":[{\"@type\":\"SearchAction\",\"target\":{\"@type\":\"EntryPoint\",\"urlTemplate\":\"https:\/\/www.danby.com\/fr\/?s={search_term_string}\"},\"query-input\":{\"@type\":\"PropertyValueSpecification\",\"valueRequired\":true,\"valueName\":\"search_term_string\"}}],\"inLanguage\":\"fr-CA\"},{\"@type\":\"Organization\",\"name\":\"Danby Appliances\",\"url\":\"https:\/\/www.danby.com\/fr\/\",\"logo\":{\"@type\":\"ImageObject\",\"inLanguage\":\"fr-CA\",\"url\":\"https:\/\/cdnweb.danby.com\/wp-content\/uploads\/sites\/2\/2022\/02\/10141906\/Danby75Ans_Blue.png\",\"contentUrl\":\"https:\/\/cdnweb.danby.com\/wp-content\/uploads\/sites\/2\/2022\/02\/10141906\/Danby75Ans_Blue.png\",\"width\":470,\"height\":110,\"caption\":\"Danby Appliances\"},\"image\":[],\"sameAs\":[\"https:\/\/www.facebook.com\/DanbyAppliances\",\"https:\/\/x.com\/DanbyAppliance\",\"https:\/\/instagram.com\/danbyappliances\/\",\"https:\/\/www.linkedin.com\/company\/danbyappliances\",\"https:\/\/www.pinterest.ca\/danbyappliances\/\",\"https:\/\/www.youtube.com\/user\/DanbyProducts\",\"https:\/\/en.wikipedia.org\/wiki\/Danby_(appliances)\"]}]}<\/script>\n<!-- \/ Yoast SEO plugin. -->","yoast_head_json":{"title":"Danby Humidificateur ultrasonique Top Fill 5L en Noir - DBHR13211BDD1 | Danby Canada","description":"Cr\u00e9ez une atmosph\u00e8re apaisante \u00e0 la maison avec l'humidificateur ultrasonique 5L \u00e0 remplissage par le haut de Danby. Le temps sec et la chaleur int\u00e9rieure peuvent \u00e9puiser votre corps et entra\u00eener des ger\u00e7ures, une d\u00e9shydratation et une peau s\u00e8che. La brume fra\u00eeche et apaisante soulage ces d\u00e9sagr\u00e9ments saisonniers en humidifiant vos espaces de vie. Apportez ce soulagement l\u00e0 o\u00f9 vous en avez besoin, dans votre chambre \u00e0 coucher, la grande salle, le bureau ou tout autre espace jusqu'\u00e0 325 pieds carr\u00e9s. Con\u00e7u avec la technologie ultrasonique, ce mod\u00e8le utilise la vibration ultrasonique pour brumiser l'eau en minuscules particules et la diffuser dans l'air en augmentant l'humidit\u00e9 relative de l'espace. Les niveaux d'humidit\u00e9 r\u00e9glables, combin\u00e9s aux trois r\u00e9glages num\u00e9riques de la brume, vous permettent de personnaliser le processus d'humidification, pour un v\u00e9ritable confort domestique. Les autres caract\u00e9ristiques comprennent une veilleuse ou un r\u00e9glage de sommeil, une sortie \u00e0 360 degr\u00e9s et une option de minuterie, ce qui rend cet appareil enti\u00e8rement personnalisable et durable. Profitez des bienfaits des huiles essentielles en utilisant la fonction de diffusion d'ar\u00f4mes et cr\u00e9ez une exp\u00e9rience aromatique th\u00e9rapeutique. L'entretien est facile avec son filtre lavable et r\u00e9utilisable et son r\u00e9servoir facile \u00e0 nettoyer. Un deuxi\u00e8me filtre gratuit est inclus.","robots":{"index":"index","follow":"follow","max-snippet":"max-snippet:-1","max-image-preview":"max-image-preview:large","max-video-preview":"max-video-preview:-1"},"canonical":"https:\/\/www.danby.com\/fr\/products\/humidificateurs\/dbhr13211bdd1\/","og_locale":"fr_CA","og_type":"article","og_title":"Danby Humidificateur ultrasonique Top Fill 5L en Noir - DBHR13211BDD1 | Danby Canada","og_description":"Cr\u00e9ez une atmosph\u00e8re apaisante \u00e0 la maison avec l'humidificateur ultrasonique 5L \u00e0 remplissage par le haut de Danby. Le temps sec et la chaleur int\u00e9rieure peuvent \u00e9puiser votre corps et entra\u00eener des ger\u00e7ures, une d\u00e9shydratation et une peau s\u00e8che. La brume fra\u00eeche et apaisante soulage ces d\u00e9sagr\u00e9ments saisonniers en humidifiant vos espaces de vie. Apportez ce soulagement l\u00e0 o\u00f9 vous en avez besoin, dans votre chambre \u00e0 coucher, la grande salle, le bureau ou tout autre espace jusqu'\u00e0 325 pieds carr\u00e9s. Con\u00e7u avec la technologie ultrasonique, ce mod\u00e8le utilise la vibration ultrasonique pour brumiser l'eau en minuscules particules et la diffuser dans l'air en augmentant l'humidit\u00e9 relative de l'espace. Les niveaux d'humidit\u00e9 r\u00e9glables, combin\u00e9s aux trois r\u00e9glages num\u00e9riques de la brume, vous permettent de personnaliser le processus d'humidification, pour un v\u00e9ritable confort domestique. Les autres caract\u00e9ristiques comprennent une veilleuse ou un r\u00e9glage de sommeil, une sortie \u00e0 360 degr\u00e9s et une option de minuterie, ce qui rend cet appareil enti\u00e8rement personnalisable et durable. Profitez des bienfaits des huiles essentielles en utilisant la fonction de diffusion d'ar\u00f4mes et cr\u00e9ez une exp\u00e9rience aromatique th\u00e9rapeutique. L'entretien est facile avec son filtre lavable et r\u00e9utilisable et son r\u00e9servoir facile \u00e0 nettoyer. Un deuxi\u00e8me filtre gratuit est inclus.","og_url":"https:\/\/www.danby.com\/fr\/products\/humidificateurs\/dbhr13211bdd1\/","og_site_name":"Danby - Canada - French","article_publisher":"https:\/\/www.facebook.com\/DanbyAppliances","article_modified_time":"2026-04-18T10:06:04+00:00","og_image":[{"width":768,"height":1024,"url":"https:\/\/www.danby.com\/fr\/wp-content\/uploads\/sites\/2\/2025\/10\/dbhr13211bdd1-thumbnail.jpg","type":"image\/jpeg"}],"twitter_card":"summary_large_image","twitter_site":"@DanbyAppliance","twitter_misc":{"Estimation du temps de lecture":"1 minute"},"schema":{"@context":"https:\/\/schema.org","@graph":[{"@type":["WebPage","ItemPage"],"url":"https:\/\/www.danby.com\/fr\/products\/humidificateurs\/dbhr13211bdd1\/","name":"Danby Humidificateur ultrasonique Top Fill 5L en Noir - DBHR13211BDD1 | Danby Canada","isPartOf":[],"primaryImageOfPage":[],"image":[],"thumbnailUrl":"https:\/\/www.danby.com\/fr\/wp-content\/uploads\/sites\/2\/2025\/10\/dbhr13211bdd1-thumbnail.jpg","datePublished":"2022-04-12T13:29:47+00:00","dateModified":"2026-04-18T10:06:04+00:00","description":"Cr\u00e9ez une atmosph\u00e8re apaisante \u00e0 la maison avec l'humidificateur ultrasonique 5L \u00e0 remplissage par le haut de Danby. Le temps sec et la chaleur int\u00e9rieure peuvent \u00e9puiser votre corps et entra\u00eener des ger\u00e7ures, une d\u00e9shydratation et une peau s\u00e8che. La brume fra\u00eeche et apaisante soulage ces d\u00e9sagr\u00e9ments saisonniers en humidifiant vos espaces de vie. Apportez ce soulagement l\u00e0 o\u00f9 vous en avez besoin, dans votre chambre \u00e0 coucher, la grande salle, le bureau ou tout autre espace jusqu'\u00e0 325 pieds carr\u00e9s. Con\u00e7u avec la technologie ultrasonique, ce mod\u00e8le utilise la vibration ultrasonique pour brumiser l'eau en minuscules particules et la diffuser dans l'air en augmentant l'humidit\u00e9 relative de l'espace. Les niveaux d'humidit\u00e9 r\u00e9glables, combin\u00e9s aux trois r\u00e9glages num\u00e9riques de la brume, vous permettent de personnaliser le processus d'humidification, pour un v\u00e9ritable confort domestique. Les autres caract\u00e9ristiques comprennent une veilleuse ou un r\u00e9glage de sommeil, une sortie \u00e0 360 degr\u00e9s et une option de minuterie, ce qui rend cet appareil enti\u00e8rement personnalisable et durable. Profitez des bienfaits des huiles essentielles en utilisant la fonction de diffusion d'ar\u00f4mes et cr\u00e9ez une exp\u00e9rience aromatique th\u00e9rapeutique. L'entretien est facile avec son filtre lavable et r\u00e9utilisable et son r\u00e9servoir facile \u00e0 nettoyer. Un deuxi\u00e8me filtre gratuit est inclus.","breadcrumb":[],"inLanguage":"fr-CA","potentialAction":[{"@type":"ReadAction","target":["https:\/\/www.danby.com\/fr\/products\/humidificateurs\/dbhr13211bdd1\/"]}]},{"@type":"ImageObject","inLanguage":"fr-CA","url":"https:\/\/www.danby.com\/fr\/wp-content\/uploads\/sites\/2\/2025\/10\/dbhr13211bdd1-thumbnail.jpg","contentUrl":"https:\/\/www.danby.com\/fr\/wp-content\/uploads\/sites\/2\/2025\/10\/dbhr13211bdd1-thumbnail.jpg","width":768,"height":1024},{"@type":"BreadcrumbList","itemListElement":[{"@type":"ListItem","position":1,"name":"Home","item":"https:\/\/www.danby.com\/fr\/"},{"@type":"ListItem","position":2,"name":"Boutique","item":"https:\/\/www.danby.com\/fr\/boutique\/"},{"@type":"ListItem","position":3,"name":"Danby Humidificateur ultrasonique Top Fill 5L en Noir"}]},{"@type":"WebSite","url":"https:\/\/www.danby.com\/fr\/","name":"Danby - Canada - French","description":"Leader dans le domaine de la r\u00e9frig\u00e9ration et des appareils sp\u00e9cialis\u00e9s","publisher":[],"potentialAction":[{"@type":"SearchAction","target":{"@type":"EntryPoint","urlTemplate":"https:\/\/www.danby.com\/fr\/?s={search_term_string}"},"query-input":{"@type":"PropertyValueSpecification","valueRequired":true,"valueName":"search_term_string"}}],"inLanguage":"fr-CA"},{"@type":"Organization","name":"Danby Appliances","url":"https:\/\/www.danby.com\/fr\/","logo":{"@type":"ImageObject","inLanguage":"fr-CA","url":"https:\/\/cdnweb.danby.com\/wp-content\/uploads\/sites\/2\/2022\/02\/10141906\/Danby75Ans_Blue.png","contentUrl":"https:\/\/cdnweb.danby.com\/wp-content\/uploads\/sites\/2\/2022\/02\/10141906\/Danby75Ans_Blue.png","width":470,"height":110,"caption":"Danby Appliances"},"image":[],"sameAs":["https:\/\/www.facebook.com\/DanbyAppliances","https:\/\/x.com\/DanbyAppliance","https:\/\/instagram.com\/danbyappliances\/","https:\/\/www.linkedin.com\/company\/danbyappliances","https:\/\/www.pinterest.ca\/danbyappliances\/","https:\/\/www.youtube.com\/user\/DanbyProducts","https:\/\/en.wikipedia.org\/wiki\/Danby_(appliances)"]}]}},"post_mailing_queue_ids":[],"_links":{"self":[{"href":"https:\/\/www.danby.com\/fr\/wp-json\/wp\/v2\/product\/16318","targetHints":{"allow":["GET"]}}],"collection":[{"href":"https:\/\/www.danby.com\/fr\/wp-json\/wp\/v2\/product"}],"about":[{"href":"https:\/\/www.danby.com\/fr\/wp-json\/wp\/v2\/types\/product"}],"replies":[{"embeddable":true,"href":"https:\/\/www.danby.com\/fr\/wp-json\/wp\/v2\/comments?post=16318"}],"wp:featuredmedia":[{"embeddable":true,"href":"https:\/\/www.danby.com\/fr\/wp-json\/wp\/v2\/media\/35393"}],"wp:attachment":[{"href":"https:\/\/www.danby.com\/fr\/wp-json\/wp\/v2\/media?parent=16318"}],"wp:term":[{"taxonomy":"product_brand","embeddable":true,"href":"https:\/\/www.danby.com\/fr\/wp-json\/wp\/v2\/product_brand?post=16318"},{"taxonomy":"product_cat","embeddable":true,"href":"https:\/\/www.danby.com\/fr\/wp-json\/wp\/v2\/product_cat?post=16318"},{"taxonomy":"product_tag","embeddable":true,"href":"https:\/\/www.danby.com\/fr\/wp-json\/wp\/v2\/product_tag?post=16318"}],"curies":[{"name":"wp","href":"https:\/\/api.w.org\/{rel}","templated":true}]}}