{"id":16314,"date":"2022-04-12T12:35:01","date_gmt":"2022-04-12T12:35:01","guid":{"rendered":"https:\/\/www.danby.com\/fr\/?post_type=product&#038;p=16314"},"modified":"2026-04-17T10:02:31","modified_gmt":"2026-04-17T10:02:31","slug":"dbaf03224bd11","status":"publish","type":"product","link":"https:\/\/www.danby.com\/fr\/products\/petits-appareils\/dbaf03224bd11\/","title":{"rendered":"Danby Friteuse \u00e0 air de 3,2 qt. en Noir"},"content":{"rendered":"","protected":false},"excerpt":{"rendered":"<ul>\n<li>La taille de 3,2 pintes ou 3,5L permet de cuisiner facilement des aliments pour 4 personnes.<\/li>\n<li>Parfait pour les petits d\u00eeners en famille.<\/li>\n<li>\u00c9quip\u00e9 d&#8217;une minuterie jusqu&#8217;\u00e0 30 minutes, avec des incr\u00e9ments de 5 minutes, et d&#8217;un cadran de temp\u00e9rature r\u00e9glable pour s&#8217;adapter \u00e0 toutes les recettes.<\/li>\n<li>La gamme de temp\u00e9rature est de 284-400 \u00b0F \/ 140-200 \u00b0C.<\/li>\n<li>Liste de suggestions de cuisson en 6 points pour aider le d\u00e9butant.<\/li>\n<li>Le panier amovible facilite le service et le nettoyage.<\/li>\n<li>Capacit\u00e9 de 3.2Q\/3.5L, 1400 Watts<\/li>\n<li>Le voyant &#8220;Pr\u00eat&#8221; se trouve \u00e0 l&#8217;avant de l&#8217;appareil<\/li>\n<\/ul>\n","protected":false},"featured_media":35392,"comment_status":"closed","ping_status":"closed","template":"","meta":{"_acf_changed":false},"product_brand":[],"product_cat":[157,1449],"product_tag":[],"class_list":{"0":"post-16314","1":"product","2":"type-product","3":"status-publish","4":"has-post-thumbnail","6":"product_cat-petits-appareils","7":"product_cat-sales","9":"first","10":"instock","11":"sale","12":"taxable","13":"shipping-taxable","14":"purchasable","15":"product-type-simple"},"acf":[],"yoast_head":"<!-- This site is optimized with the Yoast SEO plugin v26.7 - https:\/\/yoast.com\/wordpress\/plugins\/seo\/ -->\n<title>Danby Friteuse \u00e0 air de 3,2 qt. en Noir - DBAF03224BD11 | Danby Canada<\/title>\n<meta name=\"description\" content=\"Vous voulez vous faire plaisir avec des ailes de poulet juteuses, des frites croustillantes et des rondelles d&#039;oignon? La friteuse \u00e0 air de Danby vous permet de cr\u00e9er des versions plus saines de tous vos aliments frits pr\u00e9f\u00e9r\u00e9s, croustillants \u00e0 la perfection et d\u00e9licieusement sans culpabilit\u00e9. Con\u00e7ue pour produire le m\u00eame go\u00fbt et la m\u00eame texture croustillants qui rendent les aliments frits si bons, cette technologie r\u00e9duit les graisses et les calories en utilisant peu ou pas d&#039;huile. La taille de 3,5 litres (3,2 pintes) permet de pr\u00e9parer facilement des repas pour 4 personnes. Ce mod\u00e8le est \u00e9quip\u00e9 d&#039;une minuterie pouvant aller jusqu&#039;\u00e0 30 minutes et poss\u00e8de une large plage de temp\u00e9rature r\u00e9glable de 140 \u00e0 200 \u00b0C (284 \u00e0 400 \u00b0F), parfaite pour convenir \u00e0 la plupart des recettes. Le panier amovible lavable au lave-vaisselle facilite le nettoyage et le design compact et \u00e9l\u00e9gant permet de le ranger facilement. Avec un guide de cuisson de 6 articles, y compris le poulet, le poisson et plus encore, cette friteuse \u00e0 air est l&#039;un des gadgets de cuisine les plus polyvalents et devrait \u00eatre un \u00e9l\u00e9ment de base dans la cuisine de chacun.\" \/>\n<meta name=\"robots\" content=\"index, follow, max-snippet:-1, max-image-preview:large, max-video-preview:-1\" \/>\n<link rel=\"canonical\" href=\"https:\/\/www.danby.com\/fr\/products\/petits-appareils\/dbaf03224bd11\/\" \/>\n<meta property=\"og:locale\" content=\"fr_CA\" \/>\n<meta property=\"og:type\" content=\"article\" \/>\n<meta property=\"og:title\" content=\"Danby Friteuse \u00e0 air de 3,2 qt. en Noir - DBAF03224BD11 | Danby Canada\" \/>\n<meta property=\"og:description\" content=\"Vous voulez vous faire plaisir avec des ailes de poulet juteuses, des frites croustillantes et des rondelles d&#039;oignon? La friteuse \u00e0 air de Danby vous permet de cr\u00e9er des versions plus saines de tous vos aliments frits pr\u00e9f\u00e9r\u00e9s, croustillants \u00e0 la perfection et d\u00e9licieusement sans culpabilit\u00e9. Con\u00e7ue pour produire le m\u00eame go\u00fbt et la m\u00eame texture croustillants qui rendent les aliments frits si bons, cette technologie r\u00e9duit les graisses et les calories en utilisant peu ou pas d&#039;huile. La taille de 3,5 litres (3,2 pintes) permet de pr\u00e9parer facilement des repas pour 4 personnes. Ce mod\u00e8le est \u00e9quip\u00e9 d&#039;une minuterie pouvant aller jusqu&#039;\u00e0 30 minutes et poss\u00e8de une large plage de temp\u00e9rature r\u00e9glable de 140 \u00e0 200 \u00b0C (284 \u00e0 400 \u00b0F), parfaite pour convenir \u00e0 la plupart des recettes. Le panier amovible lavable au lave-vaisselle facilite le nettoyage et le design compact et \u00e9l\u00e9gant permet de le ranger facilement. Avec un guide de cuisson de 6 articles, y compris le poulet, le poisson et plus encore, cette friteuse \u00e0 air est l&#039;un des gadgets de cuisine les plus polyvalents et devrait \u00eatre un \u00e9l\u00e9ment de base dans la cuisine de chacun.\" \/>\n<meta property=\"og:url\" content=\"https:\/\/www.danby.com\/fr\/products\/petits-appareils\/dbaf03224bd11\/\" \/>\n<meta property=\"og:site_name\" content=\"Danby - Canada - French\" \/>\n<meta property=\"article:publisher\" content=\"https:\/\/www.facebook.com\/DanbyAppliances\" \/>\n<meta property=\"article:modified_time\" content=\"2026-04-17T10:02:31+00:00\" \/>\n<meta property=\"og:image\" content=\"https:\/\/cdnweb.danby.com\/wp-content\/uploads\/sites\/2\/2023\/05\/11115917\/DBAF03224BD11_Front.jpg\" \/>\n\t<meta property=\"og:image:width\" content=\"1125\" \/>\n\t<meta property=\"og:image:height\" content=\"1500\" \/>\n\t<meta property=\"og:image:type\" content=\"image\/jpeg\" \/>\n<meta name=\"twitter:card\" content=\"summary_large_image\" \/>\n<meta name=\"twitter:site\" content=\"@DanbyAppliance\" \/>\n<script type=\"application\/ld+json\" class=\"yoast-schema-graph\">{\"@context\":\"https:\/\/schema.org\",\"@graph\":[{\"@type\":[\"WebPage\",\"ItemPage\"],\"url\":\"https:\/\/www.danby.com\/fr\/products\/petits-appareils\/dbaf03224bd11\/\",\"name\":\"Danby Friteuse \u00e0 air de 3,2 qt. en Noir - DBAF03224BD11 | Danby Canada\",\"isPartOf\":[],\"primaryImageOfPage\":[],\"image\":[],\"thumbnailUrl\":\"https:\/\/www.danby.com\/fr\/wp-content\/uploads\/sites\/2\/2025\/10\/dbaf03224bd11-thumbnail.jpg\",\"datePublished\":\"2022-04-12T12:35:01+00:00\",\"dateModified\":\"2026-04-17T10:02:31+00:00\",\"description\":\"Vous voulez vous faire plaisir avec des ailes de poulet juteuses, des frites croustillantes et des rondelles d'oignon? La friteuse \u00e0 air de Danby vous permet de cr\u00e9er des versions plus saines de tous vos aliments frits pr\u00e9f\u00e9r\u00e9s, croustillants \u00e0 la perfection et d\u00e9licieusement sans culpabilit\u00e9. Con\u00e7ue pour produire le m\u00eame go\u00fbt et la m\u00eame texture croustillants qui rendent les aliments frits si bons, cette technologie r\u00e9duit les graisses et les calories en utilisant peu ou pas d'huile. La taille de 3,5 litres (3,2 pintes) permet de pr\u00e9parer facilement des repas pour 4 personnes. Ce mod\u00e8le est \u00e9quip\u00e9 d'une minuterie pouvant aller jusqu'\u00e0 30 minutes et poss\u00e8de une large plage de temp\u00e9rature r\u00e9glable de 140 \u00e0 200 \u00b0C (284 \u00e0 400 \u00b0F), parfaite pour convenir \u00e0 la plupart des recettes. Le panier amovible lavable au lave-vaisselle facilite le nettoyage et le design compact et \u00e9l\u00e9gant permet de le ranger facilement. Avec un guide de cuisson de 6 articles, y compris le poulet, le poisson et plus encore, cette friteuse \u00e0 air est l'un des gadgets de cuisine les plus polyvalents et devrait \u00eatre un \u00e9l\u00e9ment de base dans la cuisine de chacun.\",\"breadcrumb\":[],\"inLanguage\":\"fr-CA\",\"potentialAction\":[{\"@type\":\"ReadAction\",\"target\":[\"https:\/\/www.danby.com\/fr\/products\/petits-appareils\/dbaf03224bd11\/\"]}]},{\"@type\":\"ImageObject\",\"inLanguage\":\"fr-CA\",\"url\":\"https:\/\/www.danby.com\/fr\/wp-content\/uploads\/sites\/2\/2025\/10\/dbaf03224bd11-thumbnail.jpg\",\"contentUrl\":\"https:\/\/www.danby.com\/fr\/wp-content\/uploads\/sites\/2\/2025\/10\/dbaf03224bd11-thumbnail.jpg\",\"width\":768,\"height\":1024},{\"@type\":\"BreadcrumbList\",\"itemListElement\":[{\"@type\":\"ListItem\",\"position\":1,\"name\":\"Home\",\"item\":\"https:\/\/www.danby.com\/fr\/\"},{\"@type\":\"ListItem\",\"position\":2,\"name\":\"Boutique\",\"item\":\"https:\/\/www.danby.com\/fr\/boutique\/\"},{\"@type\":\"ListItem\",\"position\":3,\"name\":\"Danby Friteuse \u00e0 air de 3,2 qt. en noir\"}]},{\"@type\":\"WebSite\",\"url\":\"https:\/\/www.danby.com\/fr\/\",\"name\":\"Danby - Canada - French\",\"description\":\"Leader dans le domaine de la r\u00e9frig\u00e9ration et des appareils sp\u00e9cialis\u00e9s\",\"publisher\":[],\"potentialAction\":[{\"@type\":\"SearchAction\",\"target\":{\"@type\":\"EntryPoint\",\"urlTemplate\":\"https:\/\/www.danby.com\/fr\/?s={search_term_string}\"},\"query-input\":{\"@type\":\"PropertyValueSpecification\",\"valueRequired\":true,\"valueName\":\"search_term_string\"}}],\"inLanguage\":\"fr-CA\"},{\"@type\":\"Organization\",\"name\":\"Danby Appliances\",\"url\":\"https:\/\/www.danby.com\/fr\/\",\"logo\":{\"@type\":\"ImageObject\",\"inLanguage\":\"fr-CA\",\"url\":\"https:\/\/cdnweb.danby.com\/wp-content\/uploads\/sites\/2\/2022\/02\/10141906\/Danby75Ans_Blue.png\",\"contentUrl\":\"https:\/\/cdnweb.danby.com\/wp-content\/uploads\/sites\/2\/2022\/02\/10141906\/Danby75Ans_Blue.png\",\"width\":470,\"height\":110,\"caption\":\"Danby Appliances\"},\"image\":[],\"sameAs\":[\"https:\/\/www.facebook.com\/DanbyAppliances\",\"https:\/\/x.com\/DanbyAppliance\",\"https:\/\/instagram.com\/danbyappliances\/\",\"https:\/\/www.linkedin.com\/company\/danbyappliances\",\"https:\/\/www.pinterest.ca\/danbyappliances\/\",\"https:\/\/www.youtube.com\/user\/DanbyProducts\",\"https:\/\/en.wikipedia.org\/wiki\/Danby_(appliances)\"]}]}<\/script>\n<!-- \/ Yoast SEO plugin. -->","yoast_head_json":{"title":"Danby Friteuse \u00e0 air de 3,2 qt. en Noir - DBAF03224BD11 | Danby Canada","description":"Vous voulez vous faire plaisir avec des ailes de poulet juteuses, des frites croustillantes et des rondelles d'oignon? La friteuse \u00e0 air de Danby vous permet de cr\u00e9er des versions plus saines de tous vos aliments frits pr\u00e9f\u00e9r\u00e9s, croustillants \u00e0 la perfection et d\u00e9licieusement sans culpabilit\u00e9. Con\u00e7ue pour produire le m\u00eame go\u00fbt et la m\u00eame texture croustillants qui rendent les aliments frits si bons, cette technologie r\u00e9duit les graisses et les calories en utilisant peu ou pas d'huile. La taille de 3,5 litres (3,2 pintes) permet de pr\u00e9parer facilement des repas pour 4 personnes. Ce mod\u00e8le est \u00e9quip\u00e9 d'une minuterie pouvant aller jusqu'\u00e0 30 minutes et poss\u00e8de une large plage de temp\u00e9rature r\u00e9glable de 140 \u00e0 200 \u00b0C (284 \u00e0 400 \u00b0F), parfaite pour convenir \u00e0 la plupart des recettes. Le panier amovible lavable au lave-vaisselle facilite le nettoyage et le design compact et \u00e9l\u00e9gant permet de le ranger facilement. Avec un guide de cuisson de 6 articles, y compris le poulet, le poisson et plus encore, cette friteuse \u00e0 air est l'un des gadgets de cuisine les plus polyvalents et devrait \u00eatre un \u00e9l\u00e9ment de base dans la cuisine de chacun.","robots":{"index":"index","follow":"follow","max-snippet":"max-snippet:-1","max-image-preview":"max-image-preview:large","max-video-preview":"max-video-preview:-1"},"canonical":"https:\/\/www.danby.com\/fr\/products\/petits-appareils\/dbaf03224bd11\/","og_locale":"fr_CA","og_type":"article","og_title":"Danby Friteuse \u00e0 air de 3,2 qt. en Noir - DBAF03224BD11 | Danby Canada","og_description":"Vous voulez vous faire plaisir avec des ailes de poulet juteuses, des frites croustillantes et des rondelles d'oignon? La friteuse \u00e0 air de Danby vous permet de cr\u00e9er des versions plus saines de tous vos aliments frits pr\u00e9f\u00e9r\u00e9s, croustillants \u00e0 la perfection et d\u00e9licieusement sans culpabilit\u00e9. Con\u00e7ue pour produire le m\u00eame go\u00fbt et la m\u00eame texture croustillants qui rendent les aliments frits si bons, cette technologie r\u00e9duit les graisses et les calories en utilisant peu ou pas d'huile. La taille de 3,5 litres (3,2 pintes) permet de pr\u00e9parer facilement des repas pour 4 personnes. Ce mod\u00e8le est \u00e9quip\u00e9 d'une minuterie pouvant aller jusqu'\u00e0 30 minutes et poss\u00e8de une large plage de temp\u00e9rature r\u00e9glable de 140 \u00e0 200 \u00b0C (284 \u00e0 400 \u00b0F), parfaite pour convenir \u00e0 la plupart des recettes. Le panier amovible lavable au lave-vaisselle facilite le nettoyage et le design compact et \u00e9l\u00e9gant permet de le ranger facilement. Avec un guide de cuisson de 6 articles, y compris le poulet, le poisson et plus encore, cette friteuse \u00e0 air est l'un des gadgets de cuisine les plus polyvalents et devrait \u00eatre un \u00e9l\u00e9ment de base dans la cuisine de chacun.","og_url":"https:\/\/www.danby.com\/fr\/products\/petits-appareils\/dbaf03224bd11\/","og_site_name":"Danby - Canada - French","article_publisher":"https:\/\/www.facebook.com\/DanbyAppliances","article_modified_time":"2026-04-17T10:02:31+00:00","og_image":[{"width":1125,"height":1500,"url":"https:\/\/cdnweb.danby.com\/wp-content\/uploads\/sites\/2\/2023\/05\/11115917\/DBAF03224BD11_Front.jpg","type":"image\/jpeg"}],"twitter_card":"summary_large_image","twitter_site":"@DanbyAppliance","schema":{"@context":"https:\/\/schema.org","@graph":[{"@type":["WebPage","ItemPage"],"url":"https:\/\/www.danby.com\/fr\/products\/petits-appareils\/dbaf03224bd11\/","name":"Danby Friteuse \u00e0 air de 3,2 qt. en Noir - DBAF03224BD11 | Danby Canada","isPartOf":[],"primaryImageOfPage":[],"image":[],"thumbnailUrl":"https:\/\/www.danby.com\/fr\/wp-content\/uploads\/sites\/2\/2025\/10\/dbaf03224bd11-thumbnail.jpg","datePublished":"2022-04-12T12:35:01+00:00","dateModified":"2026-04-17T10:02:31+00:00","description":"Vous voulez vous faire plaisir avec des ailes de poulet juteuses, des frites croustillantes et des rondelles d'oignon? La friteuse \u00e0 air de Danby vous permet de cr\u00e9er des versions plus saines de tous vos aliments frits pr\u00e9f\u00e9r\u00e9s, croustillants \u00e0 la perfection et d\u00e9licieusement sans culpabilit\u00e9. Con\u00e7ue pour produire le m\u00eame go\u00fbt et la m\u00eame texture croustillants qui rendent les aliments frits si bons, cette technologie r\u00e9duit les graisses et les calories en utilisant peu ou pas d'huile. La taille de 3,5 litres (3,2 pintes) permet de pr\u00e9parer facilement des repas pour 4 personnes. Ce mod\u00e8le est \u00e9quip\u00e9 d'une minuterie pouvant aller jusqu'\u00e0 30 minutes et poss\u00e8de une large plage de temp\u00e9rature r\u00e9glable de 140 \u00e0 200 \u00b0C (284 \u00e0 400 \u00b0F), parfaite pour convenir \u00e0 la plupart des recettes. Le panier amovible lavable au lave-vaisselle facilite le nettoyage et le design compact et \u00e9l\u00e9gant permet de le ranger facilement. Avec un guide de cuisson de 6 articles, y compris le poulet, le poisson et plus encore, cette friteuse \u00e0 air est l'un des gadgets de cuisine les plus polyvalents et devrait \u00eatre un \u00e9l\u00e9ment de base dans la cuisine de chacun.","breadcrumb":[],"inLanguage":"fr-CA","potentialAction":[{"@type":"ReadAction","target":["https:\/\/www.danby.com\/fr\/products\/petits-appareils\/dbaf03224bd11\/"]}]},{"@type":"ImageObject","inLanguage":"fr-CA","url":"https:\/\/www.danby.com\/fr\/wp-content\/uploads\/sites\/2\/2025\/10\/dbaf03224bd11-thumbnail.jpg","contentUrl":"https:\/\/www.danby.com\/fr\/wp-content\/uploads\/sites\/2\/2025\/10\/dbaf03224bd11-thumbnail.jpg","width":768,"height":1024},{"@type":"BreadcrumbList","itemListElement":[{"@type":"ListItem","position":1,"name":"Home","item":"https:\/\/www.danby.com\/fr\/"},{"@type":"ListItem","position":2,"name":"Boutique","item":"https:\/\/www.danby.com\/fr\/boutique\/"},{"@type":"ListItem","position":3,"name":"Danby Friteuse \u00e0 air de 3,2 qt. en noir"}]},{"@type":"WebSite","url":"https:\/\/www.danby.com\/fr\/","name":"Danby - Canada - French","description":"Leader dans le domaine de la r\u00e9frig\u00e9ration et des appareils sp\u00e9cialis\u00e9s","publisher":[],"potentialAction":[{"@type":"SearchAction","target":{"@type":"EntryPoint","urlTemplate":"https:\/\/www.danby.com\/fr\/?s={search_term_string}"},"query-input":{"@type":"PropertyValueSpecification","valueRequired":true,"valueName":"search_term_string"}}],"inLanguage":"fr-CA"},{"@type":"Organization","name":"Danby Appliances","url":"https:\/\/www.danby.com\/fr\/","logo":{"@type":"ImageObject","inLanguage":"fr-CA","url":"https:\/\/cdnweb.danby.com\/wp-content\/uploads\/sites\/2\/2022\/02\/10141906\/Danby75Ans_Blue.png","contentUrl":"https:\/\/cdnweb.danby.com\/wp-content\/uploads\/sites\/2\/2022\/02\/10141906\/Danby75Ans_Blue.png","width":470,"height":110,"caption":"Danby Appliances"},"image":[],"sameAs":["https:\/\/www.facebook.com\/DanbyAppliances","https:\/\/x.com\/DanbyAppliance","https:\/\/instagram.com\/danbyappliances\/","https:\/\/www.linkedin.com\/company\/danbyappliances","https:\/\/www.pinterest.ca\/danbyappliances\/","https:\/\/www.youtube.com\/user\/DanbyProducts","https:\/\/en.wikipedia.org\/wiki\/Danby_(appliances)"]}]}},"post_mailing_queue_ids":[],"_links":{"self":[{"href":"https:\/\/www.danby.com\/fr\/wp-json\/wp\/v2\/product\/16314","targetHints":{"allow":["GET"]}}],"collection":[{"href":"https:\/\/www.danby.com\/fr\/wp-json\/wp\/v2\/product"}],"about":[{"href":"https:\/\/www.danby.com\/fr\/wp-json\/wp\/v2\/types\/product"}],"replies":[{"embeddable":true,"href":"https:\/\/www.danby.com\/fr\/wp-json\/wp\/v2\/comments?post=16314"}],"wp:featuredmedia":[{"embeddable":true,"href":"https:\/\/www.danby.com\/fr\/wp-json\/wp\/v2\/media\/35392"}],"wp:attachment":[{"href":"https:\/\/www.danby.com\/fr\/wp-json\/wp\/v2\/media?parent=16314"}],"wp:term":[{"taxonomy":"product_brand","embeddable":true,"href":"https:\/\/www.danby.com\/fr\/wp-json\/wp\/v2\/product_brand?post=16314"},{"taxonomy":"product_cat","embeddable":true,"href":"https:\/\/www.danby.com\/fr\/wp-json\/wp\/v2\/product_cat?post=16314"},{"taxonomy":"product_tag","embeddable":true,"href":"https:\/\/www.danby.com\/fr\/wp-json\/wp\/v2\/product_tag?post=16314"}],"curies":[{"name":"wp","href":"https:\/\/api.w.org\/{rel}","templated":true}]}}