{"id":38376,"date":"2026-02-12T16:33:47","date_gmt":"2026-02-12T16:33:47","guid":{"rendered":"https:\/\/www.danby.com\/fr\/?page_id=38376"},"modified":"2026-02-12T16:36:29","modified_gmt":"2026-02-12T16:36:29","slug":"informations-sur-le-transport-et-la-livraison","status":"publish","type":"page","link":"https:\/\/www.danby.com\/fr\/informations-sur-le-transport-et-la-livraison\/","title":{"rendered":"Informations sur le transport et la livraison"},"content":{"rendered":"\t\t<div data-elementor-type=\"wp-page\" data-elementor-id=\"38376\" class=\"elementor elementor-38376\" data-elementor-post-type=\"page\">\n\t\t\t\t\t\t<section class=\"elementor-section elementor-top-section elementor-element elementor-element-48b89af elementor-section-boxed elementor-section-height-default elementor-section-height-default\" data-id=\"48b89af\" data-element_type=\"section\">\n\t\t\t\t\t\t<div class=\"elementor-container elementor-column-gap-default\">\n\t\t\t\t\t<div class=\"elementor-column elementor-col-100 elementor-top-column elementor-element elementor-element-be08994\" data-id=\"be08994\" data-element_type=\"column\">\n\t\t\t<div class=\"elementor-widget-wrap elementor-element-populated\">\n\t\t\t\t\t\t<div class=\"elementor-element elementor-element-e19b805 elementor-widget elementor-widget-heading\" data-id=\"e19b805\" data-element_type=\"widget\" data-widget_type=\"heading.default\">\n\t\t\t\t<div class=\"elementor-widget-container\">\n\t\t\t\t\t<h1 class=\"elementor-heading-title elementor-size-default\">Informations sur le transport et la livraison<\/h1>\t\t\t\t<\/div>\n\t\t\t\t<\/div>\n\t\t\t\t<div class=\"elementor-element elementor-element-b28a12b elementor-widget elementor-widget-text-editor\" data-id=\"b28a12b\" data-element_type=\"widget\" data-widget_type=\"text-editor.default\">\n\t\t\t\t<div class=\"elementor-widget-container\">\n\t\t\t\t\t\t\t\t\t<p data-start=\"100\" data-end=\"493\">Chez Danby, nous voulons que votre exp\u00e9rience d\u2019achat soit la plus simple et agr\u00e9able possible. Pour simplifier les choses, toutes les commandes en ligne incluent la livraison standard en bordure de trottoir. Cela signifie que votre article sera livr\u00e9 au bout de votre entr\u00e9e ou au point le plus accessible \u00e0 l\u2019ext\u00e9rieur de votre domicile.<\/p><p data-start=\"495\" data-end=\"613\">Bien que nous aimerions offrir des services plus sp\u00e9cialis\u00e9s, nous ne sommes actuellement pas en mesure de fournir :<\/p><ul><li data-start=\"617\" data-end=\"654\">Livraison \u00e0 l\u2019int\u00e9rieur du domicile<\/li><li data-start=\"657\" data-end=\"683\">Service \u00ab gants blancs \u00bb<\/li><li data-start=\"686\" data-end=\"726\">Placement dans la pi\u00e8ce de votre choix<\/li><li data-start=\"729\" data-end=\"757\">Assemblage ou installation<\/li><li data-start=\"760\" data-end=\"809\">Retrait des anciens appareils ou de l\u2019emballage<\/li><\/ul><p data-start=\"811\" data-end=\"1181\">Une fois votre produit livr\u00e9 en bordure de trottoir, vous serez responsable de le d\u00e9placer jusqu\u2019\u00e0 son emplacement final. Si votre domicile pr\u00e9sente des limitations d\u2019acc\u00e8s (comme des routes \u00e9troites, une entr\u00e9e cl\u00f4tur\u00e9e ou des emplacements \u00e9loign\u00e9s), le transporteur pourrait n\u00e9cessiter plus de temps ou vous contacter pour coordonner la meilleure livraison possible.<\/p><p data-start=\"1183\" data-end=\"1464\">Si une livraison est refus\u00e9e en raison d\u2019une mauvaise compr\u00e9hension du type de livraison, ou si le transporteur ne peut pas effectuer la livraison en bordure de trottoir en toute s\u00e9curit\u00e9, des frais suppl\u00e9mentaires pour une nouvelle livraison ou un retour pourraient s\u2019appliquer.<\/p><p data-start=\"1183\" data-end=\"1464\">Nous vous remercions de votre compr\u00e9hension et sommes toujours disponibles pour r\u00e9pondre \u00e0 vos questions \u2013 nous sommes l\u00e0 pour <strong data-start=\"1593\" data-end=\"1616\">faire ce qu\u2019il faut<\/strong>.<\/p>\t\t\t\t\t\t\t\t<\/div>\n\t\t\t\t<\/div>\n\t\t\t\t<div class=\"elementor-element elementor-element-6abaf65 uk-button elementor-widget elementor-widget-button\" data-id=\"6abaf65\" data-element_type=\"widget\" data-widget_type=\"button.default\">\n\t\t\t\t<div class=\"elementor-widget-container\">\n\t\t\t\t\t\t\t\t\t<div class=\"elementor-button-wrapper\">\n\t\t\t\t\t<a class=\"elementor-button elementor-button-link elementor-size-sm\" href=\"https:\/\/www.danby.com\/fr\/soutien\/\">\n\t\t\t\t\t\t<span class=\"elementor-button-content-wrapper\">\n\t\t\t\t\t\t\t\t\t<span class=\"elementor-button-text\">Contacter l\u2019\u00e9quipe de soutien\u202f<\/span>\n\t\t\t\t\t<\/span>\n\t\t\t\t\t<\/a>\n\t\t\t\t<\/div>\n\t\t\t\t\t\t\t\t<\/div>\n\t\t\t\t<\/div>\n\t\t\t\t\t<\/div>\n\t\t<\/div>\n\t\t\t\t\t<\/div>\n\t\t<\/section>\n\t\t\t\t<\/div>\n\t\t","protected":false},"excerpt":{"rendered":"<p>Informations sur le transport et la livraison Chez Danby, nous voulons que votre exp\u00e9rience d\u2019achat soit la plus simple et agr\u00e9able possible. Pour simplifier les choses, toutes les commandes en ligne incluent la livraison standard en bordure de trottoir. Cela signifie que votre article sera livr\u00e9 au bout de votre entr\u00e9e ou au point le [&hellip;]<\/p>\n","protected":false},"author":11022,"featured_media":0,"parent":0,"menu_order":0,"comment_status":"closed","ping_status":"closed","template":"","meta":{"_acf_changed":false,"footnotes":""},"class_list":["post-38376","page","type-page","status-publish","hentry"],"acf":[],"yoast_head":"<!-- This site is optimized with the Yoast SEO plugin v26.7 - https:\/\/yoast.com\/wordpress\/plugins\/seo\/ -->\n<title>Informations sur le transport et la livraison | Danby Canada<\/title>\n<meta name=\"robots\" content=\"index, follow, max-snippet:-1, max-image-preview:large, max-video-preview:-1\" \/>\n<link rel=\"canonical\" href=\"https:\/\/www.danby.com\/fr\/informations-sur-le-transport-et-la-livraison\/\" \/>\n<meta property=\"og:locale\" content=\"fr_CA\" \/>\n<meta property=\"og:type\" content=\"article\" \/>\n<meta property=\"og:title\" content=\"Informations sur le transport et la livraison | Danby Canada\" \/>\n<meta property=\"og:description\" content=\"Informations sur le transport et la livraison Chez Danby, nous voulons que votre exp\u00e9rience d\u2019achat soit la plus simple et agr\u00e9able possible. Pour simplifier les choses, toutes les commandes en ligne incluent la livraison standard en bordure de trottoir. Cela signifie que votre article sera livr\u00e9 au bout de votre entr\u00e9e ou au point le [&hellip;]\" \/>\n<meta property=\"og:url\" content=\"https:\/\/www.danby.com\/fr\/informations-sur-le-transport-et-la-livraison\/\" \/>\n<meta property=\"og:site_name\" content=\"Danby - Canada - French\" \/>\n<meta property=\"article:publisher\" content=\"https:\/\/www.facebook.com\/DanbyAppliances\" \/>\n<meta property=\"article:modified_time\" content=\"2026-02-12T16:36:29+00:00\" \/>\n<meta property=\"og:image\" content=\"https:\/\/cdnweb.danby.com\/wp-content\/uploads\/sites\/2\/2022\/03\/14160239\/Danby75Ans_OG_FB.png\" \/>\n\t<meta property=\"og:image:width\" content=\"1200\" \/>\n\t<meta property=\"og:image:height\" content=\"630\" \/>\n\t<meta property=\"og:image:type\" content=\"image\/png\" \/>\n<meta name=\"twitter:card\" content=\"summary_large_image\" \/>\n<meta name=\"twitter:site\" content=\"@DanbyAppliance\" \/>\n<meta name=\"twitter:label1\" content=\"Estimation du temps de lecture\" \/>\n\t<meta name=\"twitter:data1\" content=\"2 minutes\" \/>\n<script type=\"application\/ld+json\" class=\"yoast-schema-graph\">{\"@context\":\"https:\/\/schema.org\",\"@graph\":[{\"@type\":\"WebPage\",\"url\":\"https:\/\/www.danby.com\/fr\/informations-sur-le-transport-et-la-livraison\/\",\"name\":\"Informations sur le transport et la livraison | Danby Canada\",\"isPartOf\":[],\"datePublished\":\"2026-02-12T16:33:47+00:00\",\"dateModified\":\"2026-02-12T16:36:29+00:00\",\"breadcrumb\":[],\"inLanguage\":\"fr-CA\",\"potentialAction\":[{\"@type\":\"ReadAction\",\"target\":[\"https:\/\/www.danby.com\/fr\/informations-sur-le-transport-et-la-livraison\/\"]}]},{\"@type\":\"BreadcrumbList\",\"itemListElement\":[{\"@type\":\"ListItem\",\"position\":1,\"name\":\"Home\",\"item\":\"https:\/\/www.danby.com\/fr\/\"},{\"@type\":\"ListItem\",\"position\":2,\"name\":\"Informations sur le transport et la livraison\"}]},{\"@type\":\"WebSite\",\"url\":\"https:\/\/www.danby.com\/fr\/\",\"name\":\"Danby - Canada - French\",\"description\":\"Leader dans le domaine de la r\u00e9frig\u00e9ration et des appareils sp\u00e9cialis\u00e9s\",\"publisher\":[],\"potentialAction\":[{\"@type\":\"SearchAction\",\"target\":{\"@type\":\"EntryPoint\",\"urlTemplate\":\"https:\/\/www.danby.com\/fr\/?s={search_term_string}\"},\"query-input\":{\"@type\":\"PropertyValueSpecification\",\"valueRequired\":true,\"valueName\":\"search_term_string\"}}],\"inLanguage\":\"fr-CA\"},{\"@type\":\"Organization\",\"name\":\"Danby Appliances\",\"url\":\"https:\/\/www.danby.com\/fr\/\",\"logo\":{\"@type\":\"ImageObject\",\"inLanguage\":\"fr-CA\",\"url\":\"https:\/\/cdnweb.danby.com\/wp-content\/uploads\/sites\/2\/2022\/02\/10141906\/Danby75Ans_Blue.png\",\"contentUrl\":\"https:\/\/cdnweb.danby.com\/wp-content\/uploads\/sites\/2\/2022\/02\/10141906\/Danby75Ans_Blue.png\",\"width\":470,\"height\":110,\"caption\":\"Danby Appliances\"},\"image\":[],\"sameAs\":[\"https:\/\/www.facebook.com\/DanbyAppliances\",\"https:\/\/x.com\/DanbyAppliance\",\"https:\/\/instagram.com\/danbyappliances\/\",\"https:\/\/www.linkedin.com\/company\/danbyappliances\",\"https:\/\/www.pinterest.ca\/danbyappliances\/\",\"https:\/\/www.youtube.com\/user\/DanbyProducts\",\"https:\/\/en.wikipedia.org\/wiki\/Danby_(appliances)\"]}]}<\/script>\n<!-- \/ Yoast SEO plugin. -->","yoast_head_json":{"title":"Informations sur le transport et la livraison | Danby Canada","robots":{"index":"index","follow":"follow","max-snippet":"max-snippet:-1","max-image-preview":"max-image-preview:large","max-video-preview":"max-video-preview:-1"},"canonical":"https:\/\/www.danby.com\/fr\/informations-sur-le-transport-et-la-livraison\/","og_locale":"fr_CA","og_type":"article","og_title":"Informations sur le transport et la livraison | Danby Canada","og_description":"Informations sur le transport et la livraison Chez Danby, nous voulons que votre exp\u00e9rience d\u2019achat soit la plus simple et agr\u00e9able possible. Pour simplifier les choses, toutes les commandes en ligne incluent la livraison standard en bordure de trottoir. Cela signifie que votre article sera livr\u00e9 au bout de votre entr\u00e9e ou au point le [&hellip;]","og_url":"https:\/\/www.danby.com\/fr\/informations-sur-le-transport-et-la-livraison\/","og_site_name":"Danby - Canada - French","article_publisher":"https:\/\/www.facebook.com\/DanbyAppliances","article_modified_time":"2026-02-12T16:36:29+00:00","og_image":[{"width":1200,"height":630,"url":"https:\/\/cdnweb.danby.com\/wp-content\/uploads\/sites\/2\/2022\/03\/14160239\/Danby75Ans_OG_FB.png","type":"image\/png"}],"twitter_card":"summary_large_image","twitter_site":"@DanbyAppliance","twitter_misc":{"Estimation du temps de lecture":"2 minutes"},"schema":{"@context":"https:\/\/schema.org","@graph":[{"@type":"WebPage","url":"https:\/\/www.danby.com\/fr\/informations-sur-le-transport-et-la-livraison\/","name":"Informations sur le transport et la livraison | Danby Canada","isPartOf":[],"datePublished":"2026-02-12T16:33:47+00:00","dateModified":"2026-02-12T16:36:29+00:00","breadcrumb":[],"inLanguage":"fr-CA","potentialAction":[{"@type":"ReadAction","target":["https:\/\/www.danby.com\/fr\/informations-sur-le-transport-et-la-livraison\/"]}]},{"@type":"BreadcrumbList","itemListElement":[{"@type":"ListItem","position":1,"name":"Home","item":"https:\/\/www.danby.com\/fr\/"},{"@type":"ListItem","position":2,"name":"Informations sur le transport et la livraison"}]},{"@type":"WebSite","url":"https:\/\/www.danby.com\/fr\/","name":"Danby - Canada - French","description":"Leader dans le domaine de la r\u00e9frig\u00e9ration et des appareils sp\u00e9cialis\u00e9s","publisher":[],"potentialAction":[{"@type":"SearchAction","target":{"@type":"EntryPoint","urlTemplate":"https:\/\/www.danby.com\/fr\/?s={search_term_string}"},"query-input":{"@type":"PropertyValueSpecification","valueRequired":true,"valueName":"search_term_string"}}],"inLanguage":"fr-CA"},{"@type":"Organization","name":"Danby Appliances","url":"https:\/\/www.danby.com\/fr\/","logo":{"@type":"ImageObject","inLanguage":"fr-CA","url":"https:\/\/cdnweb.danby.com\/wp-content\/uploads\/sites\/2\/2022\/02\/10141906\/Danby75Ans_Blue.png","contentUrl":"https:\/\/cdnweb.danby.com\/wp-content\/uploads\/sites\/2\/2022\/02\/10141906\/Danby75Ans_Blue.png","width":470,"height":110,"caption":"Danby Appliances"},"image":[],"sameAs":["https:\/\/www.facebook.com\/DanbyAppliances","https:\/\/x.com\/DanbyAppliance","https:\/\/instagram.com\/danbyappliances\/","https:\/\/www.linkedin.com\/company\/danbyappliances","https:\/\/www.pinterest.ca\/danbyappliances\/","https:\/\/www.youtube.com\/user\/DanbyProducts","https:\/\/en.wikipedia.org\/wiki\/Danby_(appliances)"]}]}},"post_mailing_queue_ids":[],"_links":{"self":[{"href":"https:\/\/www.danby.com\/fr\/wp-json\/wp\/v2\/pages\/38376","targetHints":{"allow":["GET"]}}],"collection":[{"href":"https:\/\/www.danby.com\/fr\/wp-json\/wp\/v2\/pages"}],"about":[{"href":"https:\/\/www.danby.com\/fr\/wp-json\/wp\/v2\/types\/page"}],"author":[{"embeddable":true,"href":"https:\/\/www.danby.com\/fr\/wp-json\/wp\/v2\/users\/11022"}],"replies":[{"embeddable":true,"href":"https:\/\/www.danby.com\/fr\/wp-json\/wp\/v2\/comments?post=38376"}],"version-history":[{"count":0,"href":"https:\/\/www.danby.com\/fr\/wp-json\/wp\/v2\/pages\/38376\/revisions"}],"wp:attachment":[{"href":"https:\/\/www.danby.com\/fr\/wp-json\/wp\/v2\/media?parent=38376"}],"curies":[{"name":"wp","href":"https:\/\/api.w.org\/{rel}","templated":true}]}}