{"id":28234,"date":"2024-08-30T15:50:17","date_gmt":"2024-08-30T15:50:17","guid":{"rendered":"https:\/\/www.danby.com\/fr\/?page_id=28234"},"modified":"2024-08-30T15:53:21","modified_gmt":"2024-08-30T15:53:21","slug":"confirmation-de-linscription-au-marketing","status":"publish","type":"page","link":"https:\/\/www.danby.com\/fr\/confirmation-de-linscription-au-marketing\/","title":{"rendered":"Confirmation de l&#8217;inscription au marketing"},"content":{"rendered":"\t\t<div data-elementor-type=\"wp-page\" data-elementor-id=\"28234\" class=\"elementor elementor-28234\" data-elementor-post-type=\"page\">\n\t\t\t\t\t\t<section class=\"elementor-section elementor-top-section elementor-element elementor-element-180a28ee elementor-section-full_width elementor-section-height-min-height elementor-section-stretched elementor-section-height-default elementor-section-items-middle\" data-id=\"180a28ee\" data-element_type=\"section\" data-settings=\"{&quot;stretch_section&quot;:&quot;section-stretched&quot;,&quot;background_background&quot;:&quot;classic&quot;}\">\n\t\t\t\t\t\t<div class=\"elementor-container elementor-column-gap-default\">\n\t\t\t\t\t<div class=\"elementor-column elementor-col-100 elementor-top-column elementor-element elementor-element-6daea4a3\" data-id=\"6daea4a3\" data-element_type=\"column\">\n\t\t\t<div class=\"elementor-widget-wrap elementor-element-populated\">\n\t\t\t\t\t\t<div class=\"elementor-element elementor-element-606eda8b elementor-widget__width-auto elementor-widget elementor-widget-heading\" data-id=\"606eda8b\" data-element_type=\"widget\" data-widget_type=\"heading.default\">\n\t\t\t\t<div class=\"elementor-widget-container\">\n\t\t\t\t\t<h1 class=\"elementor-heading-title elementor-size-default\">Merci de vous inscrire !<\/h1>\t\t\t\t<\/div>\n\t\t\t\t<\/div>\n\t\t\t\t\t<\/div>\n\t\t<\/div>\n\t\t\t\t\t<\/div>\n\t\t<\/section>\n\t\t\t\t<section class=\"elementor-section elementor-top-section elementor-element elementor-element-3b0a5d2 elementor-section-boxed elementor-section-height-default elementor-section-height-default\" data-id=\"3b0a5d2\" data-element_type=\"section\">\n\t\t\t\t\t\t<div class=\"elementor-container elementor-column-gap-default\">\n\t\t\t\t\t<div class=\"elementor-column elementor-col-100 elementor-top-column elementor-element elementor-element-3ad73c52\" data-id=\"3ad73c52\" data-element_type=\"column\">\n\t\t\t<div class=\"elementor-widget-wrap elementor-element-populated\">\n\t\t\t\t\t\t<div class=\"elementor-element elementor-element-1800979e elementor-widget elementor-widget-text-editor\" data-id=\"1800979e\" data-element_type=\"widget\" data-widget_type=\"text-editor.default\">\n\t\t\t\t<div class=\"elementor-widget-container\">\n\t\t\t\t\t\t\t\t\t<p>Bienvenue dans notre communaut\u00e9 de Danby ! Nous sommes ravis de vous compter parmi nous. Here\u2019s what you can expect:<\/p><ol><li><strong>Promotions et cadeaux exclusifs<\/strong>: Soyez le premier \u00e0 \u00eatre inform\u00e9 de nos derni\u00e8res promotions et de nos cadeaux passionnants.<\/li><li><strong>Offres sp\u00e9ciales<\/strong>:Profitez de remises et d&#8217;offres exclusives r\u00e9serv\u00e9es \u00e0 nos clients.<\/li><li><strong>Mises \u00e0 jour et nouvelles : <\/strong>Restez inform\u00e9 de nos nouveaux produits, des \u00e9v\u00e9nements \u00e0 venir, et plus encore.<\/li><\/ol><p><strong>Quelle est la prochaine \u00e9tape ?<br \/><br \/>Suivez-nous sur les m\u00e9dias sociaux :<\/strong> Restez connect\u00e9 et ne manquez jamais une mise \u00e0 jour. Suivez-nous sur Facebook, Instagram et Twitter.<\/p><p>Merci de nous avoir rejoints ! Nous sommes impatients de partager toutes les choses passionnantes que nous avons en r\u00e9serve.<\/p>\t\t\t\t\t\t\t\t<\/div>\n\t\t\t\t<\/div>\n\t\t\t\t\t<\/div>\n\t\t<\/div>\n\t\t\t\t\t<\/div>\n\t\t<\/section>\n\t\t\t\t<\/div>\n\t\t","protected":false},"excerpt":{"rendered":"<p>Merci de vous inscrire ! Bienvenue dans notre communaut\u00e9 de Danby ! Nous sommes ravis de vous compter parmi nous. Here\u2019s what you can expect: Promotions et cadeaux exclusifs: Soyez le premier \u00e0 \u00eatre inform\u00e9 de nos derni\u00e8res promotions et de nos cadeaux passionnants. Offres sp\u00e9ciales:Profitez de remises et d&#8217;offres exclusives r\u00e9serv\u00e9es \u00e0 nos clients. [&hellip;]<\/p>\n","protected":false},"author":1,"featured_media":0,"parent":0,"menu_order":0,"comment_status":"closed","ping_status":"closed","template":"","meta":{"_acf_changed":false,"footnotes":""},"class_list":["post-28234","page","type-page","status-publish","hentry"],"acf":[],"yoast_head":"<!-- This site is optimized with the Yoast SEO plugin v26.7 - https:\/\/yoast.com\/wordpress\/plugins\/seo\/ -->\n<title>Confirmation de l&#039;inscription au marketing | Danby Canada<\/title>\n<meta name=\"robots\" content=\"index, follow, max-snippet:-1, max-image-preview:large, max-video-preview:-1\" \/>\n<link rel=\"canonical\" href=\"https:\/\/www.danby.com\/fr\/confirmation-de-linscription-au-marketing\/\" \/>\n<meta property=\"og:locale\" content=\"fr_CA\" \/>\n<meta property=\"og:type\" content=\"article\" \/>\n<meta property=\"og:title\" content=\"Confirmation de l&#039;inscription au marketing | Danby Canada\" \/>\n<meta property=\"og:description\" content=\"Merci de vous inscrire ! Bienvenue dans notre communaut\u00e9 de Danby ! Nous sommes ravis de vous compter parmi nous. Here\u2019s what you can expect: Promotions et cadeaux exclusifs: Soyez le premier \u00e0 \u00eatre inform\u00e9 de nos derni\u00e8res promotions et de nos cadeaux passionnants. Offres sp\u00e9ciales:Profitez de remises et d&#8217;offres exclusives r\u00e9serv\u00e9es \u00e0 nos clients. [&hellip;]\" \/>\n<meta property=\"og:url\" content=\"https:\/\/www.danby.com\/fr\/confirmation-de-linscription-au-marketing\/\" \/>\n<meta property=\"og:site_name\" content=\"Danby - Canada - French\" \/>\n<meta property=\"article:publisher\" content=\"https:\/\/www.facebook.com\/DanbyAppliances\" \/>\n<meta property=\"article:modified_time\" content=\"2024-08-30T15:53:21+00:00\" \/>\n<meta property=\"og:image\" content=\"https:\/\/cdnweb.danby.com\/wp-content\/uploads\/sites\/2\/2022\/03\/14160239\/Danby75Ans_OG_FB.png\" \/>\n\t<meta property=\"og:image:width\" content=\"1200\" \/>\n\t<meta property=\"og:image:height\" content=\"630\" \/>\n\t<meta property=\"og:image:type\" content=\"image\/png\" \/>\n<meta name=\"twitter:card\" content=\"summary_large_image\" \/>\n<meta name=\"twitter:site\" content=\"@DanbyAppliance\" \/>\n<meta name=\"twitter:label1\" content=\"Estimation du temps de lecture\" \/>\n\t<meta name=\"twitter:data1\" content=\"1 minute\" \/>\n<script type=\"application\/ld+json\" class=\"yoast-schema-graph\">{\"@context\":\"https:\/\/schema.org\",\"@graph\":[{\"@type\":\"WebPage\",\"url\":\"https:\/\/www.danby.com\/fr\/confirmation-de-linscription-au-marketing\/\",\"name\":\"Confirmation de l'inscription au marketing | Danby Canada\",\"isPartOf\":[],\"datePublished\":\"2024-08-30T15:50:17+00:00\",\"dateModified\":\"2024-08-30T15:53:21+00:00\",\"breadcrumb\":[],\"inLanguage\":\"fr-CA\",\"potentialAction\":[{\"@type\":\"ReadAction\",\"target\":[\"https:\/\/www.danby.com\/fr\/confirmation-de-linscription-au-marketing\/\"]}]},{\"@type\":\"BreadcrumbList\",\"itemListElement\":[{\"@type\":\"ListItem\",\"position\":1,\"name\":\"Home\",\"item\":\"https:\/\/www.danby.com\/fr\/\"},{\"@type\":\"ListItem\",\"position\":2,\"name\":\"Confirmation de l&#8217;inscription au marketing\"}]},{\"@type\":\"WebSite\",\"url\":\"https:\/\/www.danby.com\/fr\/\",\"name\":\"Danby - Canada - French\",\"description\":\"Leader dans le domaine de la r\u00e9frig\u00e9ration et des appareils sp\u00e9cialis\u00e9s\",\"publisher\":[],\"potentialAction\":[{\"@type\":\"SearchAction\",\"target\":{\"@type\":\"EntryPoint\",\"urlTemplate\":\"https:\/\/www.danby.com\/fr\/?s={search_term_string}\"},\"query-input\":{\"@type\":\"PropertyValueSpecification\",\"valueRequired\":true,\"valueName\":\"search_term_string\"}}],\"inLanguage\":\"fr-CA\"},{\"@type\":\"Organization\",\"name\":\"Danby Appliances\",\"url\":\"https:\/\/www.danby.com\/fr\/\",\"logo\":{\"@type\":\"ImageObject\",\"inLanguage\":\"fr-CA\",\"url\":\"https:\/\/cdnweb.danby.com\/wp-content\/uploads\/sites\/2\/2022\/02\/10141906\/Danby75Ans_Blue.png\",\"contentUrl\":\"https:\/\/cdnweb.danby.com\/wp-content\/uploads\/sites\/2\/2022\/02\/10141906\/Danby75Ans_Blue.png\",\"width\":470,\"height\":110,\"caption\":\"Danby Appliances\"},\"image\":[],\"sameAs\":[\"https:\/\/www.facebook.com\/DanbyAppliances\",\"https:\/\/x.com\/DanbyAppliance\",\"https:\/\/instagram.com\/danbyappliances\/\",\"https:\/\/www.linkedin.com\/company\/danbyappliances\",\"https:\/\/www.pinterest.ca\/danbyappliances\/\",\"https:\/\/www.youtube.com\/user\/DanbyProducts\",\"https:\/\/en.wikipedia.org\/wiki\/Danby_(appliances)\"]}]}<\/script>\n<!-- \/ Yoast SEO plugin. -->","yoast_head_json":{"title":"Confirmation de l'inscription au marketing | Danby Canada","robots":{"index":"index","follow":"follow","max-snippet":"max-snippet:-1","max-image-preview":"max-image-preview:large","max-video-preview":"max-video-preview:-1"},"canonical":"https:\/\/www.danby.com\/fr\/confirmation-de-linscription-au-marketing\/","og_locale":"fr_CA","og_type":"article","og_title":"Confirmation de l'inscription au marketing | Danby Canada","og_description":"Merci de vous inscrire ! Bienvenue dans notre communaut\u00e9 de Danby ! Nous sommes ravis de vous compter parmi nous. Here\u2019s what you can expect: Promotions et cadeaux exclusifs: Soyez le premier \u00e0 \u00eatre inform\u00e9 de nos derni\u00e8res promotions et de nos cadeaux passionnants. Offres sp\u00e9ciales:Profitez de remises et d&#8217;offres exclusives r\u00e9serv\u00e9es \u00e0 nos clients. [&hellip;]","og_url":"https:\/\/www.danby.com\/fr\/confirmation-de-linscription-au-marketing\/","og_site_name":"Danby - Canada - French","article_publisher":"https:\/\/www.facebook.com\/DanbyAppliances","article_modified_time":"2024-08-30T15:53:21+00:00","og_image":[{"width":1200,"height":630,"url":"https:\/\/cdnweb.danby.com\/wp-content\/uploads\/sites\/2\/2022\/03\/14160239\/Danby75Ans_OG_FB.png","type":"image\/png"}],"twitter_card":"summary_large_image","twitter_site":"@DanbyAppliance","twitter_misc":{"Estimation du temps de lecture":"1 minute"},"schema":{"@context":"https:\/\/schema.org","@graph":[{"@type":"WebPage","url":"https:\/\/www.danby.com\/fr\/confirmation-de-linscription-au-marketing\/","name":"Confirmation de l'inscription au marketing | Danby Canada","isPartOf":[],"datePublished":"2024-08-30T15:50:17+00:00","dateModified":"2024-08-30T15:53:21+00:00","breadcrumb":[],"inLanguage":"fr-CA","potentialAction":[{"@type":"ReadAction","target":["https:\/\/www.danby.com\/fr\/confirmation-de-linscription-au-marketing\/"]}]},{"@type":"BreadcrumbList","itemListElement":[{"@type":"ListItem","position":1,"name":"Home","item":"https:\/\/www.danby.com\/fr\/"},{"@type":"ListItem","position":2,"name":"Confirmation de l&#8217;inscription au marketing"}]},{"@type":"WebSite","url":"https:\/\/www.danby.com\/fr\/","name":"Danby - Canada - French","description":"Leader dans le domaine de la r\u00e9frig\u00e9ration et des appareils sp\u00e9cialis\u00e9s","publisher":[],"potentialAction":[{"@type":"SearchAction","target":{"@type":"EntryPoint","urlTemplate":"https:\/\/www.danby.com\/fr\/?s={search_term_string}"},"query-input":{"@type":"PropertyValueSpecification","valueRequired":true,"valueName":"search_term_string"}}],"inLanguage":"fr-CA"},{"@type":"Organization","name":"Danby Appliances","url":"https:\/\/www.danby.com\/fr\/","logo":{"@type":"ImageObject","inLanguage":"fr-CA","url":"https:\/\/cdnweb.danby.com\/wp-content\/uploads\/sites\/2\/2022\/02\/10141906\/Danby75Ans_Blue.png","contentUrl":"https:\/\/cdnweb.danby.com\/wp-content\/uploads\/sites\/2\/2022\/02\/10141906\/Danby75Ans_Blue.png","width":470,"height":110,"caption":"Danby Appliances"},"image":[],"sameAs":["https:\/\/www.facebook.com\/DanbyAppliances","https:\/\/x.com\/DanbyAppliance","https:\/\/instagram.com\/danbyappliances\/","https:\/\/www.linkedin.com\/company\/danbyappliances","https:\/\/www.pinterest.ca\/danbyappliances\/","https:\/\/www.youtube.com\/user\/DanbyProducts","https:\/\/en.wikipedia.org\/wiki\/Danby_(appliances)"]}]}},"post_mailing_queue_ids":[],"_links":{"self":[{"href":"https:\/\/www.danby.com\/fr\/wp-json\/wp\/v2\/pages\/28234","targetHints":{"allow":["GET"]}}],"collection":[{"href":"https:\/\/www.danby.com\/fr\/wp-json\/wp\/v2\/pages"}],"about":[{"href":"https:\/\/www.danby.com\/fr\/wp-json\/wp\/v2\/types\/page"}],"author":[{"embeddable":true,"href":"https:\/\/www.danby.com\/fr\/wp-json\/wp\/v2\/users\/1"}],"replies":[{"embeddable":true,"href":"https:\/\/www.danby.com\/fr\/wp-json\/wp\/v2\/comments?post=28234"}],"version-history":[{"count":0,"href":"https:\/\/www.danby.com\/fr\/wp-json\/wp\/v2\/pages\/28234\/revisions"}],"wp:attachment":[{"href":"https:\/\/www.danby.com\/fr\/wp-json\/wp\/v2\/media?parent=28234"}],"curies":[{"name":"wp","href":"https:\/\/api.w.org\/{rel}","templated":true}]}}