{"id":151,"date":"2021-10-20T10:50:14","date_gmt":"2021-10-20T10:50:14","guid":{"rendered":"https:\/\/www.danby.com\/fr\/product-resources\/"},"modified":"2022-03-04T17:56:06","modified_gmt":"2022-03-04T17:56:06","slug":"ressources-en-produits","status":"publish","type":"page","link":"https:\/\/www.danby.com\/fr\/ressources-en-produits\/","title":{"rendered":"Ressources en produits"},"content":{"rendered":"\t\t<div data-elementor-type=\"wp-page\" data-elementor-id=\"151\" class=\"elementor elementor-151\" data-elementor-post-type=\"page\">\n\t\t\t\t\t\t<section class=\"elementor-section elementor-top-section elementor-element elementor-element-677e42a9 elementor-section-full_width elementor-section-height-min-height elementor-section-stretched elementor-section-height-default elementor-section-items-middle\" data-id=\"677e42a9\" data-element_type=\"section\" data-settings=\"{&quot;stretch_section&quot;:&quot;section-stretched&quot;,&quot;background_background&quot;:&quot;classic&quot;}\">\n\t\t\t\t\t\t<div class=\"elementor-container elementor-column-gap-default\">\n\t\t\t\t\t<div class=\"elementor-column elementor-col-100 elementor-top-column elementor-element elementor-element-2a9671ef\" data-id=\"2a9671ef\" data-element_type=\"column\">\n\t\t\t<div class=\"elementor-widget-wrap elementor-element-populated\">\n\t\t\t\t\t\t<div class=\"elementor-element elementor-element-24cb49eb elementor-widget__width-auto elementor-widget elementor-widget-heading\" data-id=\"24cb49eb\" data-element_type=\"widget\" data-widget_type=\"heading.default\">\n\t\t\t\t<div class=\"elementor-widget-container\">\n\t\t\t\t\t<h1 class=\"elementor-heading-title elementor-size-default\">Ressources en produits<\/h1>\t\t\t\t<\/div>\n\t\t\t\t<\/div>\n\t\t\t\t\t<\/div>\n\t\t<\/div>\n\t\t\t\t\t<\/div>\n\t\t<\/section>\n\t\t\t\t<section class=\"elementor-section elementor-top-section elementor-element elementor-element-2331808d elementor-section-boxed elementor-section-height-default elementor-section-height-default\" data-id=\"2331808d\" data-element_type=\"section\">\n\t\t\t\t\t\t<div class=\"elementor-container elementor-column-gap-default\">\n\t\t\t\t\t<div class=\"elementor-column elementor-col-100 elementor-top-column elementor-element elementor-element-27a477c9\" data-id=\"27a477c9\" data-element_type=\"column\">\n\t\t\t<div class=\"elementor-widget-wrap elementor-element-populated\">\n\t\t\t\t\t\t<div class=\"elementor-element elementor-element-e61752 resaurces-table elementor-widget elementor-widget-shortcode\" data-id=\"e61752\" data-element_type=\"widget\" data-widget_type=\"shortcode.default\">\n\t\t\t\t<div class=\"elementor-widget-container\">\n\t\t\t\t\t\n\t<div class=\"resources_search\">\t\n\t\t<form role=\"search\" method=\"GET\" class=\"search-form\">\n\t\t\t\t<label>\n\t\t\t\t\t<span class=\"screen-reader-text\">Recherche :<\/span>\n\t\t\t\t\t<input type=\"search\" class=\"search_box\" placeholder=\"Recherche par SKU\" value=\"\" name=\"sku\" title=\"Recherche :\" \/>\n\t\t\t\t<\/label>\n\t\t\t\t<input type=\"submit\" class=\"resource_button\" value=\"Recherche\" \/>\n\t\t\t<\/form>\n\t<\/div>\n\n<table style=\"width:100%\" role=\"presentation\">\n  <tr>\n\t<th>SKU<\/th>\n    <th>Manuel du propri\u00e9taire<\/th>\n\t<th>Guide de l'\u00e9nergie<\/th>\n\t<th>Fiche technique<\/th>\n\t<th>Chemical Information<\/th>\n  <\/tr>\n  \n\n\t\t<tr>\n\t\t\t<td>DAC080EE1WDB<\/td>\n\t\t\t\t\t\t\t<td><a target=\"_blank\" href=\"https:\/\/cdnns.danby.com\/4973611\/DAC080EE1WDB_EFS_20260127.2532078.pdf\" aria-label=\"click here to download Climatiseur de fen\u00eatre Danby 8 000 BTU \u2013 Refroidit jusqu\u2019\u00e0 350 pi\u00b2 DAC080EE1WDB Owner's Manual (New Window)\">Afficher\/t\u00e9l\u00e9charger<\/a><\/td>\t\n\t\t\t\t\n\t\t\t\n\t\t\t<td><\/td> \t\t\t\n\t\t\t<td><a target=\"_blank\" href=\"https:\/\/www.danby.com\/fr\/products\/climatiseurs-de-fenetre\/dac080ee1wdb\/?o=pdf\" aria-label=\"click here to download DAC080EE1WDB Spec Sheet (New Window)\">Afficher\/t\u00e9l\u00e9charger<\/a><\/td> \t\t\t\n\t\t\t<td><\/td> \t\n\t\t\t\n\t\n\t\t<\/tr>\n\t\t\t\t<tr>\n\t\t\t<td>DAR043L1RDB-CDN<\/td>\n\t\t\t\t\t\t\t<td><a target=\"_blank\" href=\"https:\/\/cdnns.danby.com\/4973611\/DAR043L1RDB-CDN_A5_EF_20260401.2612687.pdf\" aria-label=\"click here to download 20\u201d R\u00e9frig\u00e9rateur miniature 4,3 pi\u00b3 avec drapeau canadien DAR043L1RDB-CDN Owner's Manual (New Window)\">Afficher\/t\u00e9l\u00e9charger<\/a><\/td>\t\n\t\t\t\t\n\t\t\t\n\t\t\t\t\t\t\t<td><a target=\"_blank\" href=\"https:\/\/cdnns.danby.com\/4973611\/DAR043L1RDB-CDN%20EnerGuide-clean%20version.2586899.pdf\" aria-label=\"click here to download 20\u201d R\u00e9frig\u00e9rateur miniature 4,3 pi\u00b3 avec drapeau canadien DAR043L1RDB-CDN Energy Guide (New Window)\">Afficher\/t\u00e9l\u00e9charger<\/a><\/td>\t\n\t\t\t\t\t\t\n\t\t\t<td><a target=\"_blank\" href=\"https:\/\/www.danby.com\/fr\/products\/refrigeration-compact\/dar043l1rdb-cdn\/?o=pdf\" aria-label=\"click here to download DAR043L1RDB-CDN Spec Sheet (New Window)\">Afficher\/t\u00e9l\u00e9charger<\/a><\/td> \t\t\t\n\t\t\t<td><\/td> \t\n\t\t\t\n\t\n\t\t<\/tr>\n\t\t\t\t<tr>\n\t\t\t<td>DER240B1WC<\/td>\n\t\t\t\t\t\t\t<td><a target=\"_blank\" href=\"https:\/\/cdnns.danby.com\/4973611\/DER240B1WC_EFS_20260331.2612685.pdf\" aria-label=\"click here to download Cuisini\u00e8re \u00e9lectrique encastrable de 24 po avec commandes arri\u00e8re DER240B1WC Owner's Manual (New Window)\">Afficher\/t\u00e9l\u00e9charger<\/a><\/td>\t\n\t\t\t\t\n\t\t\t\n\t\t\t\t\t\t\t<td><a target=\"_blank\" href=\"https:\/\/cdnns.danby.com\/4973611\/DERM240%20Energuide_20250912.2471637.pdf\" aria-label=\"click here to download Cuisini\u00e8re \u00e9lectrique encastrable de 24 po avec commandes arri\u00e8re DER240B1WC Energy Guide (New Window)\">Afficher\/t\u00e9l\u00e9charger<\/a><\/td>\t\n\t\t\t\t\t\t\n\t\t\t<td><a target=\"_blank\" href=\"https:\/\/www.danby.com\/fr\/products\/cuisinieres\/der240b1wc\/?o=pdf\" aria-label=\"click here to download DER240B1WC Spec Sheet (New Window)\">Afficher\/t\u00e9l\u00e9charger<\/a><\/td> \t\t\t\n\t\t\t<td><\/td> \t\n\t\t\t\n\t\n\t\t<\/tr>\n\t\t\t\t<tr>\n\t\t\t<td>DFF176B1WDBL<\/td>\n\t\t\t\t\t\t\t<td><a target=\"_blank\" href=\"https:\/\/cdnns.danby.com\/4973611\/DFF176B1SLDB_DFF176B1WDB_DFF176B1WDBL_EFS_20260407.2617889.pdf\" aria-label=\"click here to download R\u00e9frig\u00e9rateur 27 po, 18 pi\u00b3, cong\u00e9lateur sup\u00e9rieur, sans givre, porte \u00e0 ouverture gauche DFF176B1WDBL Owner's Manual (New Window)\">Afficher\/t\u00e9l\u00e9charger<\/a><\/td>\t\n\t\t\t\t\n\t\t\t\n\t\t\t\t\t\t\t<td><a target=\"_blank\" href=\"https:\/\/cdnns.danby.com\/4973611\/EnergyGuide%26EnerGuide_DFF176B1_Updated%20202511.2425996.pdf\" aria-label=\"click here to download R\u00e9frig\u00e9rateur 27 po, 18 pi\u00b3, cong\u00e9lateur sup\u00e9rieur, sans givre, porte \u00e0 ouverture gauche DFF176B1WDBL Energy Guide (New Window)\">Afficher\/t\u00e9l\u00e9charger<\/a><\/td>\t\n\t\t\t\t\t\t\n\t\t\t<td><a target=\"_blank\" href=\"https:\/\/www.danby.com\/fr\/products\/refrigerateurs-pour-petites-surfaces\/dff176b1wdbl\/?o=pdf\" aria-label=\"click here to download DFF176B1WDBL Spec Sheet (New Window)\">Afficher\/t\u00e9l\u00e9charger<\/a><\/td> \t\t\t\n\t\t\t<td><\/td> \t\n\t\t\t\n\t\n\t\t<\/tr>\n\t\t\t\t<tr>\n\t\t\t<td>DMW07E1GDB<\/td>\n\t\t\t\t\t\t\t<td><a target=\"_blank\" href=\"https:\/\/cdnns.danby.com\/4973611\/DMW07E1GDB_DMW07E1RDB_EFS_20251118.2427512.pdf\" aria-label=\"click here to download Micro-ondes de comptoir r\u00e9tro vert de 0,7 pi\u00b3 \u2013 700 W DMW07E1GDB Owner's Manual (New Window)\">Afficher\/t\u00e9l\u00e9charger<\/a><\/td>\t\n\t\t\t\t\n\t\t\t\n\t\t\t<td><\/td> \t\t\t\n\t\t\t<td><a target=\"_blank\" href=\"https:\/\/www.danby.com\/fr\/products\/fours-a-micro-ondes\/dmw07e1gdb\/?o=pdf\" aria-label=\"click here to download DMW07E1GDB Spec Sheet (New Window)\">Afficher\/t\u00e9l\u00e9charger<\/a><\/td> \t\t\t\n\t\t\t\t\t\t\t<td><a target=\"_blank\" href=\"https:\/\/cdnns.danby.com\/4973611\/Danby%20MWO%20chem%20info%20Rev%205.2300875.pdf\" aria-label=\"click here to download Micro-ondes de comptoir r\u00e9tro vert de 0,7 pi\u00b3 \u2013 700 W DMW07E1GDB Chemical Info (New Window)\">Afficher\/t\u00e9l\u00e9charger<\/a><\/td>\t\n\t\t\t\t\n\t\t\t\n\t\n\t\t<\/tr>\n\t\t\t\t<tr>\n\t\t\t<td>DMW07E1RDB<\/td>\n\t\t\t\t\t\t\t<td><a target=\"_blank\" href=\"https:\/\/cdnns.danby.com\/4973611\/DMW07E1GDB_DMW07E1RDB_EFS_20251118.2427513.pdf\" aria-label=\"click here to download Micro-ondes de comptoir r\u00e9tro rouge de 0,7 pi\u00b3 \u2013 700 W DMW07E1RDB Owner's Manual (New Window)\">Afficher\/t\u00e9l\u00e9charger<\/a><\/td>\t\n\t\t\t\t\n\t\t\t\n\t\t\t<td><\/td> \t\t\t\n\t\t\t<td><a target=\"_blank\" href=\"https:\/\/www.danby.com\/fr\/products\/fours-a-micro-ondes\/dmw07e1rdb\/?o=pdf\" aria-label=\"click here to download DMW07E1RDB Spec Sheet (New Window)\">Afficher\/t\u00e9l\u00e9charger<\/a><\/td> \t\t\t\n\t\t\t\t\t\t\t<td><a target=\"_blank\" href=\"https:\/\/cdnns.danby.com\/4973611\/Danby%20MWO%20chem%20info%20Rev%205.2300876.pdf\" aria-label=\"click here to download Micro-ondes de comptoir r\u00e9tro rouge de 0,7 pi\u00b3 \u2013 700 W DMW07E1RDB Chemical Info (New Window)\">Afficher\/t\u00e9l\u00e9charger<\/a><\/td>\t\n\t\t\t\t\n\t\t\t\n\t\n\t\t<\/tr>\n\t\t\t\t<tr>\n\t\t\t<td>DBC031L1SS<\/td>\n\t\t\t\t\t\t\t<td><a target=\"_blank\" href=\"https:\/\/cdnns.danby.com\/4973611\/DBC031L1SS_EFS_20251118.2427511.pdf\" aria-label=\"click here to download Centre de boissons autoportant Danby de 3,1 pi\u00b3 en acier inoxydable DBC031L1SS Owner's Manual (New Window)\">Afficher\/t\u00e9l\u00e9charger<\/a><\/td>\t\n\t\t\t\t\n\t\t\t\n\t\t\t\t\t\t\t<td><a target=\"_blank\" href=\"https:\/\/cdnns.danby.com\/4973611\/DBC031L1SS_Energy%20Card.2210141.pdf\" aria-label=\"click here to download Centre de boissons autoportant Danby de 3,1 pi\u00b3 en acier inoxydable DBC031L1SS Energy Guide (New Window)\">Afficher\/t\u00e9l\u00e9charger<\/a><\/td>\t\n\t\t\t\t\t\t\n\t\t\t<td><a target=\"_blank\" href=\"https:\/\/www.danby.com\/fr\/products\/refroidisseurs-de-boissons\/dbc031l1ss\/?o=pdf\" aria-label=\"click here to download DBC031L1SS Spec Sheet (New Window)\">Afficher\/t\u00e9l\u00e9charger<\/a><\/td> \t\t\t\n\t\t\t<td><\/td> \t\n\t\t\t\n\t\n\t\t<\/tr>\n\t\t\t\t<tr>\n\t\t\t<td>DIM3001SSDB<\/td>\n\t\t\t\t\t\t\t<td><a target=\"_blank\" href=\"https:\/\/cdnns.danby.com\/4973611\/DIM3001SSDB_EFS_20250711.2219451.pdf\" aria-label=\"click here to download Machine \u00e0 gla\u00e7ons de comptoir \u2013 12 kg de gla\u00e7ons en forme de balle DIM3001SSDB Owner's Manual (New Window)\">Afficher\/t\u00e9l\u00e9charger<\/a><\/td>\t\n\t\t\t\t\n\t\t\t\n\t\t\t<td><\/td> \t\t\t\n\t\t\t<td><a target=\"_blank\" href=\"https:\/\/www.danby.com\/fr\/products\/machines-a-glacons\/dim3001ssdb\/?o=pdf\" aria-label=\"click here to download DIM3001SSDB Spec Sheet (New Window)\">Afficher\/t\u00e9l\u00e9charger<\/a><\/td> \t\t\t\n\t\t\t<td><\/td> \t\n\t\t\t\n\t\n\t\t<\/tr>\n\t\t\t\t<tr>\n\t\t\t<td>DDR030BL2WDB<\/td>\n\t\t\t\t\t\t\t<td><a target=\"_blank\" href=\"https:\/\/cdnns.danby.com\/4973611\/DDR030BL2WDB_DDR050BL2BDB_EFS_202416.1813287.pdf\" aria-label=\"click here to download Danby D\u00e9shumidificateur de 30 pintes avec Smart Dehumidify en Blanc DDR030BL2WDB Owner's Manual (New Window)\">Afficher\/t\u00e9l\u00e9charger<\/a><\/td>\t\n\t\t\t\t\n\t\t\t\n\t\t\t<td><\/td> \t\t\t\n\t\t\t<td><a target=\"_blank\" href=\"https:\/\/www.danby.com\/fr\/products\/deshumidificateurs\/ddr030bl2wdb\/?o=pdf\" aria-label=\"click here to download DDR030BL2WDB Spec Sheet (New Window)\">Afficher\/t\u00e9l\u00e9charger<\/a><\/td> \t\t\t\n\t\t\t<td><\/td> \t\n\t\t\t\n\t\n\t\t<\/tr>\n\t\t\t\t<tr>\n\t\t\t<td>DBCTANMAN<\/td>\n\t\t\t<td><\/td> \t\n\t\t\t\n\t\t\t<td><\/td> \t\t\t\n\t\t\t<td><a target=\"_blank\" href=\"https:\/\/www.danby.com\/fr\/products\/refroidisseurs-a-vin\/dbctanman\/?o=pdf\" aria-label=\"click here to download DBCTANMAN Spec Sheet (New Window)\">Afficher\/t\u00e9l\u00e9charger<\/a><\/td> \t\t\t\n\t\t\t<td><\/td> \t\n\t\t\t\n\t\n\t\t<\/tr>\n\t\t <\/table>\n\n<div aria-label='Pagination' class='navigation pagination'><ul class='page-numbers'>\n\t<li><span aria-label=\"Page 1\" aria-current=\"page\" class=\"page-numbers current\"><span class=\"screen-reader-text\">Page<\/span> 1<\/span><\/li>\n\t<li><a aria-label=\"Page 2\" class=\"page-numbers\" href=\"https:\/\/www.danby.com\/fr\/wp-json\/wp\/v2\/pages\/151\/page\/2\/\"><span class=\"screen-reader-text\">Page<\/span> 2<\/a><\/li>\n\t<li><a aria-label=\"Page 3\" class=\"page-numbers\" href=\"https:\/\/www.danby.com\/fr\/wp-json\/wp\/v2\/pages\/151\/page\/3\/\"><span class=\"screen-reader-text\">Page<\/span> 3<\/a><\/li>\n\t<li><span class=\"page-numbers dots\">&hellip;<\/span><\/li>\n\t<li><a aria-label=\"Page 122\" class=\"page-numbers\" href=\"https:\/\/www.danby.com\/fr\/wp-json\/wp\/v2\/pages\/151\/page\/122\/\"><span class=\"screen-reader-text\">Page<\/span> 122<\/a><\/li>\n\t<li><a class=\"next page-numbers\" href=\"https:\/\/www.danby.com\/fr\/wp-json\/wp\/v2\/pages\/151\/page\/2\/\"><span class=\"btn-text\">Page suivante<\/span><\/a><\/li>\n<\/ul>\n<\/div>\t\t<div class=\"elementor-shortcode\"><\/div>\n\t\t\t\t\t\t<\/div>\n\t\t\t\t<\/div>\n\t\t\t\t\t<\/div>\n\t\t<\/div>\n\t\t\t\t\t<\/div>\n\t\t<\/section>\n\t\t\t\t<\/div>\n\t\t","protected":false},"excerpt":{"rendered":"<p>Ressources en produits<\/p>\n","protected":false},"author":2,"featured_media":0,"parent":0,"menu_order":0,"comment_status":"closed","ping_status":"closed","template":"elementor_header_footer","meta":{"_acf_changed":false,"footnotes":""},"class_list":["post-151","page","type-page","status-publish","hentry"],"acf":[],"yoast_head":"<!-- This site is optimized with the Yoast SEO plugin v26.7 - https:\/\/yoast.com\/wordpress\/plugins\/seo\/ -->\n<title>Ressources en produits | Danby Canada<\/title>\n<meta name=\"robots\" content=\"index, follow, max-snippet:-1, max-image-preview:large, max-video-preview:-1\" \/>\n<link rel=\"canonical\" href=\"https:\/\/www.danby.com\/fr\/ressources-en-produits\/\" \/>\n<meta property=\"og:locale\" content=\"fr_CA\" \/>\n<meta property=\"og:type\" content=\"article\" \/>\n<meta property=\"og:title\" content=\"Ressources en produits | Danby Canada\" \/>\n<meta property=\"og:description\" content=\"Ressources en produits\" \/>\n<meta property=\"og:url\" content=\"https:\/\/www.danby.com\/fr\/ressources-en-produits\/\" \/>\n<meta property=\"og:site_name\" content=\"Danby - Canada - French\" \/>\n<meta property=\"article:publisher\" content=\"https:\/\/www.facebook.com\/DanbyAppliances\" \/>\n<meta property=\"article:modified_time\" content=\"2022-03-04T17:56:06+00:00\" \/>\n<meta property=\"og:image\" content=\"https:\/\/cdnweb.danby.com\/wp-content\/uploads\/sites\/2\/2022\/03\/14160239\/Danby75Ans_OG_FB.png\" \/>\n\t<meta property=\"og:image:width\" content=\"1200\" \/>\n\t<meta property=\"og:image:height\" content=\"630\" \/>\n\t<meta property=\"og:image:type\" content=\"image\/png\" \/>\n<meta name=\"twitter:card\" content=\"summary_large_image\" \/>\n<meta name=\"twitter:site\" content=\"@DanbyAppliance\" \/>\n<meta name=\"twitter:label1\" content=\"Estimation du temps de lecture\" \/>\n\t<meta name=\"twitter:data1\" content=\"1 minute\" \/>\n<script type=\"application\/ld+json\" class=\"yoast-schema-graph\">{\"@context\":\"https:\/\/schema.org\",\"@graph\":[{\"@type\":\"WebPage\",\"url\":\"https:\/\/www.danby.com\/fr\/ressources-en-produits\/\",\"name\":\"Ressources en produits | Danby Canada\",\"isPartOf\":[],\"datePublished\":\"2021-10-20T10:50:14+00:00\",\"dateModified\":\"2022-03-04T17:56:06+00:00\",\"breadcrumb\":[],\"inLanguage\":\"fr-CA\",\"potentialAction\":[{\"@type\":\"ReadAction\",\"target\":[\"https:\/\/www.danby.com\/fr\/ressources-en-produits\/\"]}]},{\"@type\":\"BreadcrumbList\",\"itemListElement\":[{\"@type\":\"ListItem\",\"position\":1,\"name\":\"Home\",\"item\":\"https:\/\/www.danby.com\/fr\/\"},{\"@type\":\"ListItem\",\"position\":2,\"name\":\"Ressources en produits\"}]},{\"@type\":\"WebSite\",\"url\":\"https:\/\/www.danby.com\/fr\/\",\"name\":\"Danby - Canada - French\",\"description\":\"Leader dans le domaine de la r\u00e9frig\u00e9ration et des appareils sp\u00e9cialis\u00e9s\",\"publisher\":[],\"potentialAction\":[{\"@type\":\"SearchAction\",\"target\":{\"@type\":\"EntryPoint\",\"urlTemplate\":\"https:\/\/www.danby.com\/fr\/?s={search_term_string}\"},\"query-input\":{\"@type\":\"PropertyValueSpecification\",\"valueRequired\":true,\"valueName\":\"search_term_string\"}}],\"inLanguage\":\"fr-CA\"},{\"@type\":\"Organization\",\"name\":\"Danby Appliances\",\"url\":\"https:\/\/www.danby.com\/fr\/\",\"logo\":{\"@type\":\"ImageObject\",\"inLanguage\":\"fr-CA\",\"url\":\"https:\/\/cdnweb.danby.com\/wp-content\/uploads\/sites\/2\/2022\/02\/10141906\/Danby75Ans_Blue.png\",\"contentUrl\":\"https:\/\/cdnweb.danby.com\/wp-content\/uploads\/sites\/2\/2022\/02\/10141906\/Danby75Ans_Blue.png\",\"width\":470,\"height\":110,\"caption\":\"Danby Appliances\"},\"image\":[],\"sameAs\":[\"https:\/\/www.facebook.com\/DanbyAppliances\",\"https:\/\/x.com\/DanbyAppliance\",\"https:\/\/instagram.com\/danbyappliances\/\",\"https:\/\/www.linkedin.com\/company\/danbyappliances\",\"https:\/\/www.pinterest.ca\/danbyappliances\/\",\"https:\/\/www.youtube.com\/user\/DanbyProducts\",\"https:\/\/en.wikipedia.org\/wiki\/Danby_(appliances)\"]}]}<\/script>\n<!-- \/ Yoast SEO plugin. -->","yoast_head_json":{"title":"Ressources en produits | Danby Canada","robots":{"index":"index","follow":"follow","max-snippet":"max-snippet:-1","max-image-preview":"max-image-preview:large","max-video-preview":"max-video-preview:-1"},"canonical":"https:\/\/www.danby.com\/fr\/ressources-en-produits\/","og_locale":"fr_CA","og_type":"article","og_title":"Ressources en produits | Danby Canada","og_description":"Ressources en produits","og_url":"https:\/\/www.danby.com\/fr\/ressources-en-produits\/","og_site_name":"Danby - Canada - French","article_publisher":"https:\/\/www.facebook.com\/DanbyAppliances","article_modified_time":"2022-03-04T17:56:06+00:00","og_image":[{"width":1200,"height":630,"url":"https:\/\/cdnweb.danby.com\/wp-content\/uploads\/sites\/2\/2022\/03\/14160239\/Danby75Ans_OG_FB.png","type":"image\/png"}],"twitter_card":"summary_large_image","twitter_site":"@DanbyAppliance","twitter_misc":{"Estimation du temps de lecture":"1 minute"},"schema":{"@context":"https:\/\/schema.org","@graph":[{"@type":"WebPage","url":"https:\/\/www.danby.com\/fr\/ressources-en-produits\/","name":"Ressources en produits | Danby Canada","isPartOf":[],"datePublished":"2021-10-20T10:50:14+00:00","dateModified":"2022-03-04T17:56:06+00:00","breadcrumb":[],"inLanguage":"fr-CA","potentialAction":[{"@type":"ReadAction","target":["https:\/\/www.danby.com\/fr\/ressources-en-produits\/"]}]},{"@type":"BreadcrumbList","itemListElement":[{"@type":"ListItem","position":1,"name":"Home","item":"https:\/\/www.danby.com\/fr\/"},{"@type":"ListItem","position":2,"name":"Ressources en produits"}]},{"@type":"WebSite","url":"https:\/\/www.danby.com\/fr\/","name":"Danby - Canada - French","description":"Leader dans le domaine de la r\u00e9frig\u00e9ration et des appareils sp\u00e9cialis\u00e9s","publisher":[],"potentialAction":[{"@type":"SearchAction","target":{"@type":"EntryPoint","urlTemplate":"https:\/\/www.danby.com\/fr\/?s={search_term_string}"},"query-input":{"@type":"PropertyValueSpecification","valueRequired":true,"valueName":"search_term_string"}}],"inLanguage":"fr-CA"},{"@type":"Organization","name":"Danby Appliances","url":"https:\/\/www.danby.com\/fr\/","logo":{"@type":"ImageObject","inLanguage":"fr-CA","url":"https:\/\/cdnweb.danby.com\/wp-content\/uploads\/sites\/2\/2022\/02\/10141906\/Danby75Ans_Blue.png","contentUrl":"https:\/\/cdnweb.danby.com\/wp-content\/uploads\/sites\/2\/2022\/02\/10141906\/Danby75Ans_Blue.png","width":470,"height":110,"caption":"Danby Appliances"},"image":[],"sameAs":["https:\/\/www.facebook.com\/DanbyAppliances","https:\/\/x.com\/DanbyAppliance","https:\/\/instagram.com\/danbyappliances\/","https:\/\/www.linkedin.com\/company\/danbyappliances","https:\/\/www.pinterest.ca\/danbyappliances\/","https:\/\/www.youtube.com\/user\/DanbyProducts","https:\/\/en.wikipedia.org\/wiki\/Danby_(appliances)"]}]}},"post_mailing_queue_ids":[],"_links":{"self":[{"href":"https:\/\/www.danby.com\/fr\/wp-json\/wp\/v2\/pages\/151","targetHints":{"allow":["GET"]}}],"collection":[{"href":"https:\/\/www.danby.com\/fr\/wp-json\/wp\/v2\/pages"}],"about":[{"href":"https:\/\/www.danby.com\/fr\/wp-json\/wp\/v2\/types\/page"}],"author":[{"embeddable":true,"href":"https:\/\/www.danby.com\/fr\/wp-json\/wp\/v2\/users\/2"}],"replies":[{"embeddable":true,"href":"https:\/\/www.danby.com\/fr\/wp-json\/wp\/v2\/comments?post=151"}],"version-history":[{"count":0,"href":"https:\/\/www.danby.com\/fr\/wp-json\/wp\/v2\/pages\/151\/revisions"}],"wp:attachment":[{"href":"https:\/\/www.danby.com\/fr\/wp-json\/wp\/v2\/media?parent=151"}],"curies":[{"name":"wp","href":"https:\/\/api.w.org\/{rel}","templated":true}]}}