{"id":13656,"date":"2022-03-04T15:41:26","date_gmt":"2022-03-04T15:41:26","guid":{"rendered":"https:\/\/www.danby.com\/fr\/?page_id=13656"},"modified":"2022-03-29T07:27:21","modified_gmt":"2022-03-29T07:27:21","slug":"avis-de-non-responsabilite-concernant-les-purificateurs-dair","status":"publish","type":"page","link":"https:\/\/www.danby.com\/fr\/avis-de-non-responsabilite-concernant-les-purificateurs-dair\/","title":{"rendered":"Avis de non-responsabilit\u00e9 concernant les purificateurs d&#8217;air"},"content":{"rendered":"\t\t<div data-elementor-type=\"wp-page\" data-elementor-id=\"13656\" class=\"elementor elementor-13656\" data-elementor-post-type=\"page\">\n\t\t\t\t\t\t<section class=\"elementor-section elementor-top-section elementor-element elementor-element-4399500 elementor-section-height-min-height elementor-section-stretched elementor-section-boxed elementor-section-height-default elementor-section-items-middle\" data-id=\"4399500\" data-element_type=\"section\" data-settings=\"{&quot;stretch_section&quot;:&quot;section-stretched&quot;,&quot;background_background&quot;:&quot;classic&quot;}\">\n\t\t\t\t\t\t<div class=\"elementor-container elementor-column-gap-default\">\n\t\t\t\t\t<div class=\"elementor-column elementor-col-100 elementor-top-column elementor-element elementor-element-1a375885\" data-id=\"1a375885\" data-element_type=\"column\">\n\t\t\t<div class=\"elementor-widget-wrap elementor-element-populated\">\n\t\t\t\t\t\t<div class=\"elementor-element elementor-element-60bde858 elementor-widget__width-auto elementor-widget elementor-widget-heading\" data-id=\"60bde858\" data-element_type=\"widget\" data-widget_type=\"heading.default\">\n\t\t\t\t<div class=\"elementor-widget-container\">\n\t\t\t\t\t<h1 class=\"elementor-heading-title elementor-size-default\">Avis de non-responsabilit\u00e9 concernant les purificateurs d'air<\/h1>\t\t\t\t<\/div>\n\t\t\t\t<\/div>\n\t\t\t\t\t<\/div>\n\t\t<\/div>\n\t\t\t\t\t<\/div>\n\t\t<\/section>\n\t\t\t\t<section class=\"elementor-section elementor-top-section elementor-element elementor-element-902a95e elementor-section-boxed elementor-section-height-default elementor-section-height-default\" data-id=\"902a95e\" data-element_type=\"section\">\n\t\t\t\t\t\t<div class=\"elementor-container elementor-column-gap-default\">\n\t\t\t\t\t<div class=\"elementor-column elementor-col-100 elementor-top-column elementor-element elementor-element-4612860\" data-id=\"4612860\" data-element_type=\"column\">\n\t\t\t<div class=\"elementor-widget-wrap elementor-element-populated\">\n\t\t\t\t\t\t<div class=\"elementor-element elementor-element-23305be elementor-widget elementor-widget-text-editor\" data-id=\"23305be\" data-element_type=\"widget\" data-widget_type=\"text-editor.default\">\n\t\t\t\t<div class=\"elementor-widget-container\">\n\t\t\t\t\t\t\t\t\t<p>Danby n&#8217;assume aucune responsabilit\u00e9 pour les cons\u00e9quences d\u00e9coulant de l&#8217;application, de l&#8217;utilisation ou de la mauvaise utilisation de toute information ou de tout produit mentionn\u00e9 sur les sites Web de Danby (les &#8221; sites &#8220;) ou rendu disponible par l&#8217;entremise de ceux-ci, y compris toute blessure ou tout dommage \u00e0 toute personne ou \u00e0 toute propri\u00e9t\u00e9 en mati\u00e8re de responsabilit\u00e9 du fait du produit, de n\u00e9gligence ou autre.<\/p><p>Les renseignements contenus dans ce site Web sont fournis \u00e0 titre d&#8217;information g\u00e9n\u00e9rale seulement. Danby ne fait aucune repr\u00e9sentation ou garantie de quelque nature que ce soit, expresse ou implicite, quant \u00e0 l&#8217;exhaustivit\u00e9, l&#8217;exactitude, la fiabilit\u00e9, la pertinence, l&#8217;efficacit\u00e9 ou la disponibilit\u00e9 en ce qui concerne le site Web ou les informations, produits ou services pour tout usage. Toute confiance que vous accordez \u00e0 ces informations est donc strictement \u00e0 vos propres risques.<\/p><p>Toutes les informations fournies sur ces sites Danby, y compris les articles qu&#8217;ils contiennent, sont destin\u00e9es \u00e0 des fins d&#8217;information g\u00e9n\u00e9rale uniquement. L&#8217;information ne remplace pas les conseils m\u00e9dicaux d&#8217;un professionnel de la sant\u00e9 et n&#8217;est pas destin\u00e9e \u00e0 diagnostiquer, traiter, gu\u00e9rir ou pr\u00e9venir une maladie ou \u00e0 r\u00e9duire les risques ou les sympt\u00f4mes pour la sant\u00e9. Si vous avez des questions concernant un probl\u00e8me de sant\u00e9 nouveau ou existant, consultez votre m\u00e9decin ou un autre professionnel de la sant\u00e9 qualifi\u00e9. Ne n\u00e9gligez pas les conseils m\u00e9dicaux et ne retardez pas la consultation de votre professionnel de la sant\u00e9 en raison des informations trouv\u00e9es sur ces sites. En cas d&#8217;urgence m\u00e9dicale, appelez le 911 ou rendez-vous au service des urgences de l&#8217;h\u00f4pital le plus proche pour une \u00e9valuation et\/ou un traitement.<\/p><p>Les produits de filtration ou de purification de l&#8217;air mentionn\u00e9s sur ces sites Danby sont destin\u00e9s uniquement \u00e0 un usage domestique, et encore, uniquement dans le cadre d&#8217;un plan global de qualit\u00e9 de l&#8217;air.\u00a0 Dans le cadre de votre utilisation \u00e9clair\u00e9e et responsable de ces produits, ces sites peuvent de temps \u00e0 autre faire r\u00e9f\u00e9rence \u00e0 des informations provenant de tiers, y compris par le biais de liens vers des sites Web autres que ceux de Danby. Toutes les informations de tiers et tous ces liens sont fournis uniquement pour votre commodit\u00e9. L&#8217;information et les sites Web li\u00e9s ne sont pas contr\u00f4l\u00e9s par Danby, et Danby n&#8217;est pas responsable de cette information ou du contenu de ces sites Web li\u00e9s. L&#8217;inclusion d&#8217;un lien vers un site Web ne signifie pas que Danby l&#8217;endosse, ni qu&#8217;il repr\u00e9sente l&#8217;int\u00e9gralit\u00e9, l&#8217;actualit\u00e9 ou l&#8217;exactitude de son contenu, et Danby n&#8217;est pas responsable de l&#8217;information r\u00e9f\u00e9renc\u00e9e par les sites de Danby ou li\u00e9e \u00e0 ceux-ci.<\/p><p>Des renseignements g\u00e9n\u00e9raux \u00e0 l&#8217;intention des consommateurs concernant l&#8217;utilisation \u00e9clair\u00e9e, responsable et pr\u00e9vue des produits de filtration et de purification de l&#8217;air sont disponibles sur les sites suivants : https:\/\/www.epa.gov\/sites\/production\/files\/2014-07\/documents\/aircleaners.pdf et\/ou https:\/\/www.epa.gov\/sites\/production\/files\/2018-07\/documents\/guide_to_air_cleaners_in_the_home_2nd_edition.pdf, et\/ou https:\/\/www.epa.gov\/sites\/production\/files\/2019-09\/documents\/harriman_stephens_brennan_-new_guidance_for_residential_air_cleaners-_ashrae_journal_sept-2019._web_version.pdf.<\/p><p>Les informations destin\u00e9es aux consommateurs concernant l&#8217;utilisation des produits de purification et de filtration de l&#8217;air dans le contexte des virus Covid sont disponibles \u00e0 l&#8217;adresse suivante : https:\/\/www.epa.gov\/coronavirus\/air-cleaners-hvac-filters-and-coronavirus-covid-19.<\/p><p>Danby se r\u00e9serve le droit de corriger toute erreur, omission ou inexactitude contenue dans ces sites Danby. Nous n&#8217;acceptons aucune responsabilit\u00e9 quant \u00e0 l&#8217;exactitude, la fiabilit\u00e9, l&#8217;actualit\u00e9 ou l&#8217;exhaustivit\u00e9 de l&#8217;information, du contenu, du mat\u00e9riel ou des produits disponibles sur ces sites ou accessibles par l&#8217;entremise de ceux-ci, y compris la substance, l&#8217;exactitude ou la suffisance de toute information sur les produits \u00e9num\u00e9r\u00e9s. En outre, nous ne garantissons pas que ces sites fonctionneront sans interruption ni erreur, et nous ne fournissons aucune assurance quant \u00e0 la disponibilit\u00e9 ou \u00e0 la facilit\u00e9 d&#8217;utilisation des services qui peuvent \u00eatre mis \u00e0 disposition sur ces sites.\u00a0 De plus, l&#8217;emballage et le mat\u00e9riel des produits r\u00e9els des fabricants peuvent contenir plus d&#8217;informations et\/ou des informations diff\u00e9rentes de celles pr\u00e9sent\u00e9es sur les sites de Danby. Nous vous recommandons de ne pas vous fier uniquement aux informations pr\u00e9sent\u00e9es et de toujours lire et suivre les \u00e9tiquettes, les avertissements et les instructions avant d&#8217;utiliser ou de consommer un produit. Ces produits de purification ou de filtration de l&#8217;air peuvent ne pas vous convenir ou ne pas convenir \u00e0 votre application. Pour toute information compl\u00e9mentaire sur un produit, veuillez contacter le fabricant. Le contenu de ce site est fourni \u00e0 titre de r\u00e9f\u00e9rence et n&#8217;est pas destin\u00e9 \u00e0 remplacer les conseils d&#8217;un m\u00e9decin, d&#8217;un pharmacien ou d&#8217;un autre professionnel de la sant\u00e9 agr\u00e9\u00e9. Vous ne devez pas utiliser ces informations comme auto-diagnostic ou pour traiter un probl\u00e8me de sant\u00e9 ou une maladie. Contactez toujours imm\u00e9diatement votre m\u00e9decin si vous pensez avoir un probl\u00e8me m\u00e9dical ou une pr\u00e9disposition &#8211; et surtout si cela peut avoir un impact sur l&#8217;aptitude des appareils de filtration ou de purification de l&#8217;air Danby \u00e0 remplir leur fonction.<\/p>\t\t\t\t\t\t\t\t<\/div>\n\t\t\t\t<\/div>\n\t\t\t\t\t<\/div>\n\t\t<\/div>\n\t\t\t\t\t<\/div>\n\t\t<\/section>\n\t\t\t\t<\/div>\n\t\t","protected":false},"excerpt":{"rendered":"<p>Avis de non-responsabilit\u00e9 concernant les purificateurs d&#8217;air Danby n&#8217;assume aucune responsabilit\u00e9 pour les cons\u00e9quences d\u00e9coulant de l&#8217;application, de l&#8217;utilisation ou de la mauvaise utilisation de toute information ou de tout produit mentionn\u00e9 sur les sites Web de Danby (les &#8221; sites &#8220;) ou rendu disponible par l&#8217;entremise de ceux-ci, y compris toute blessure ou tout [&hellip;]<\/p>\n","protected":false},"author":1,"featured_media":0,"parent":0,"menu_order":0,"comment_status":"closed","ping_status":"closed","template":"","meta":{"_acf_changed":false,"footnotes":""},"class_list":["post-13656","page","type-page","status-publish","hentry"],"acf":[],"yoast_head":"<!-- This site is optimized with the Yoast SEO plugin v26.7 - https:\/\/yoast.com\/wordpress\/plugins\/seo\/ -->\n<title>Avis de non-responsabilit\u00e9 concernant les purificateurs d&#039;air | Danby Canada<\/title>\n<meta name=\"robots\" content=\"index, follow, max-snippet:-1, max-image-preview:large, max-video-preview:-1\" \/>\n<link rel=\"canonical\" href=\"https:\/\/www.danby.com\/fr\/avis-de-non-responsabilite-concernant-les-purificateurs-dair\/\" \/>\n<meta property=\"og:locale\" content=\"fr_CA\" \/>\n<meta property=\"og:type\" content=\"article\" \/>\n<meta property=\"og:title\" content=\"Avis de non-responsabilit\u00e9 concernant les purificateurs d&#039;air | Danby Canada\" \/>\n<meta property=\"og:description\" content=\"Avis de non-responsabilit\u00e9 concernant les purificateurs d&#8217;air Danby n&#8217;assume aucune responsabilit\u00e9 pour les cons\u00e9quences d\u00e9coulant de l&#8217;application, de l&#8217;utilisation ou de la mauvaise utilisation de toute information ou de tout produit mentionn\u00e9 sur les sites Web de Danby (les &#8221; sites &#8220;) ou rendu disponible par l&#8217;entremise de ceux-ci, y compris toute blessure ou tout [&hellip;]\" \/>\n<meta property=\"og:url\" content=\"https:\/\/www.danby.com\/fr\/avis-de-non-responsabilite-concernant-les-purificateurs-dair\/\" \/>\n<meta property=\"og:site_name\" content=\"Danby - Canada - French\" \/>\n<meta property=\"article:publisher\" content=\"https:\/\/www.facebook.com\/DanbyAppliances\" \/>\n<meta property=\"article:modified_time\" content=\"2022-03-29T07:27:21+00:00\" \/>\n<meta property=\"og:image\" content=\"https:\/\/cdnweb.danby.com\/wp-content\/uploads\/sites\/2\/2022\/03\/14160239\/Danby75Ans_OG_FB.png\" \/>\n\t<meta property=\"og:image:width\" content=\"1200\" \/>\n\t<meta property=\"og:image:height\" content=\"630\" \/>\n\t<meta property=\"og:image:type\" content=\"image\/png\" \/>\n<meta name=\"twitter:card\" content=\"summary_large_image\" \/>\n<meta name=\"twitter:site\" content=\"@DanbyAppliance\" \/>\n<meta name=\"twitter:label1\" content=\"Estimation du temps de lecture\" \/>\n\t<meta name=\"twitter:data1\" content=\"5 minutes\" \/>\n<script type=\"application\/ld+json\" class=\"yoast-schema-graph\">{\"@context\":\"https:\/\/schema.org\",\"@graph\":[{\"@type\":\"WebPage\",\"url\":\"https:\/\/www.danby.com\/fr\/avis-de-non-responsabilite-concernant-les-purificateurs-dair\/\",\"name\":\"Avis de non-responsabilit\u00e9 concernant les purificateurs d'air | Danby Canada\",\"isPartOf\":[],\"datePublished\":\"2022-03-04T15:41:26+00:00\",\"dateModified\":\"2022-03-29T07:27:21+00:00\",\"breadcrumb\":[],\"inLanguage\":\"fr-CA\",\"potentialAction\":[{\"@type\":\"ReadAction\",\"target\":[\"https:\/\/www.danby.com\/fr\/avis-de-non-responsabilite-concernant-les-purificateurs-dair\/\"]}]},{\"@type\":\"BreadcrumbList\",\"itemListElement\":[{\"@type\":\"ListItem\",\"position\":1,\"name\":\"Home\",\"item\":\"https:\/\/www.danby.com\/fr\/\"},{\"@type\":\"ListItem\",\"position\":2,\"name\":\"Avis de non-responsabilit\u00e9 concernant les purificateurs d&#8217;air\"}]},{\"@type\":\"WebSite\",\"url\":\"https:\/\/www.danby.com\/fr\/\",\"name\":\"Danby - Canada - French\",\"description\":\"Leader dans le domaine de la r\u00e9frig\u00e9ration et des appareils sp\u00e9cialis\u00e9s\",\"publisher\":[],\"potentialAction\":[{\"@type\":\"SearchAction\",\"target\":{\"@type\":\"EntryPoint\",\"urlTemplate\":\"https:\/\/www.danby.com\/fr\/?s={search_term_string}\"},\"query-input\":{\"@type\":\"PropertyValueSpecification\",\"valueRequired\":true,\"valueName\":\"search_term_string\"}}],\"inLanguage\":\"fr-CA\"},{\"@type\":\"Organization\",\"name\":\"Danby Appliances\",\"url\":\"https:\/\/www.danby.com\/fr\/\",\"logo\":{\"@type\":\"ImageObject\",\"inLanguage\":\"fr-CA\",\"url\":\"https:\/\/cdnweb.danby.com\/wp-content\/uploads\/sites\/2\/2022\/02\/10141906\/Danby75Ans_Blue.png\",\"contentUrl\":\"https:\/\/cdnweb.danby.com\/wp-content\/uploads\/sites\/2\/2022\/02\/10141906\/Danby75Ans_Blue.png\",\"width\":470,\"height\":110,\"caption\":\"Danby Appliances\"},\"image\":[],\"sameAs\":[\"https:\/\/www.facebook.com\/DanbyAppliances\",\"https:\/\/x.com\/DanbyAppliance\",\"https:\/\/instagram.com\/danbyappliances\/\",\"https:\/\/www.linkedin.com\/company\/danbyappliances\",\"https:\/\/www.pinterest.ca\/danbyappliances\/\",\"https:\/\/www.youtube.com\/user\/DanbyProducts\",\"https:\/\/en.wikipedia.org\/wiki\/Danby_(appliances)\"]}]}<\/script>\n<!-- \/ Yoast SEO plugin. -->","yoast_head_json":{"title":"Avis de non-responsabilit\u00e9 concernant les purificateurs d'air | Danby Canada","robots":{"index":"index","follow":"follow","max-snippet":"max-snippet:-1","max-image-preview":"max-image-preview:large","max-video-preview":"max-video-preview:-1"},"canonical":"https:\/\/www.danby.com\/fr\/avis-de-non-responsabilite-concernant-les-purificateurs-dair\/","og_locale":"fr_CA","og_type":"article","og_title":"Avis de non-responsabilit\u00e9 concernant les purificateurs d'air | Danby Canada","og_description":"Avis de non-responsabilit\u00e9 concernant les purificateurs d&#8217;air Danby n&#8217;assume aucune responsabilit\u00e9 pour les cons\u00e9quences d\u00e9coulant de l&#8217;application, de l&#8217;utilisation ou de la mauvaise utilisation de toute information ou de tout produit mentionn\u00e9 sur les sites Web de Danby (les &#8221; sites &#8220;) ou rendu disponible par l&#8217;entremise de ceux-ci, y compris toute blessure ou tout [&hellip;]","og_url":"https:\/\/www.danby.com\/fr\/avis-de-non-responsabilite-concernant-les-purificateurs-dair\/","og_site_name":"Danby - Canada - French","article_publisher":"https:\/\/www.facebook.com\/DanbyAppliances","article_modified_time":"2022-03-29T07:27:21+00:00","og_image":[{"width":1200,"height":630,"url":"https:\/\/cdnweb.danby.com\/wp-content\/uploads\/sites\/2\/2022\/03\/14160239\/Danby75Ans_OG_FB.png","type":"image\/png"}],"twitter_card":"summary_large_image","twitter_site":"@DanbyAppliance","twitter_misc":{"Estimation du temps de lecture":"5 minutes"},"schema":{"@context":"https:\/\/schema.org","@graph":[{"@type":"WebPage","url":"https:\/\/www.danby.com\/fr\/avis-de-non-responsabilite-concernant-les-purificateurs-dair\/","name":"Avis de non-responsabilit\u00e9 concernant les purificateurs d'air | Danby Canada","isPartOf":[],"datePublished":"2022-03-04T15:41:26+00:00","dateModified":"2022-03-29T07:27:21+00:00","breadcrumb":[],"inLanguage":"fr-CA","potentialAction":[{"@type":"ReadAction","target":["https:\/\/www.danby.com\/fr\/avis-de-non-responsabilite-concernant-les-purificateurs-dair\/"]}]},{"@type":"BreadcrumbList","itemListElement":[{"@type":"ListItem","position":1,"name":"Home","item":"https:\/\/www.danby.com\/fr\/"},{"@type":"ListItem","position":2,"name":"Avis de non-responsabilit\u00e9 concernant les purificateurs d&#8217;air"}]},{"@type":"WebSite","url":"https:\/\/www.danby.com\/fr\/","name":"Danby - Canada - French","description":"Leader dans le domaine de la r\u00e9frig\u00e9ration et des appareils sp\u00e9cialis\u00e9s","publisher":[],"potentialAction":[{"@type":"SearchAction","target":{"@type":"EntryPoint","urlTemplate":"https:\/\/www.danby.com\/fr\/?s={search_term_string}"},"query-input":{"@type":"PropertyValueSpecification","valueRequired":true,"valueName":"search_term_string"}}],"inLanguage":"fr-CA"},{"@type":"Organization","name":"Danby Appliances","url":"https:\/\/www.danby.com\/fr\/","logo":{"@type":"ImageObject","inLanguage":"fr-CA","url":"https:\/\/cdnweb.danby.com\/wp-content\/uploads\/sites\/2\/2022\/02\/10141906\/Danby75Ans_Blue.png","contentUrl":"https:\/\/cdnweb.danby.com\/wp-content\/uploads\/sites\/2\/2022\/02\/10141906\/Danby75Ans_Blue.png","width":470,"height":110,"caption":"Danby Appliances"},"image":[],"sameAs":["https:\/\/www.facebook.com\/DanbyAppliances","https:\/\/x.com\/DanbyAppliance","https:\/\/instagram.com\/danbyappliances\/","https:\/\/www.linkedin.com\/company\/danbyappliances","https:\/\/www.pinterest.ca\/danbyappliances\/","https:\/\/www.youtube.com\/user\/DanbyProducts","https:\/\/en.wikipedia.org\/wiki\/Danby_(appliances)"]}]}},"post_mailing_queue_ids":[],"_links":{"self":[{"href":"https:\/\/www.danby.com\/fr\/wp-json\/wp\/v2\/pages\/13656","targetHints":{"allow":["GET"]}}],"collection":[{"href":"https:\/\/www.danby.com\/fr\/wp-json\/wp\/v2\/pages"}],"about":[{"href":"https:\/\/www.danby.com\/fr\/wp-json\/wp\/v2\/types\/page"}],"author":[{"embeddable":true,"href":"https:\/\/www.danby.com\/fr\/wp-json\/wp\/v2\/users\/1"}],"replies":[{"embeddable":true,"href":"https:\/\/www.danby.com\/fr\/wp-json\/wp\/v2\/comments?post=13656"}],"version-history":[{"count":0,"href":"https:\/\/www.danby.com\/fr\/wp-json\/wp\/v2\/pages\/13656\/revisions"}],"wp:attachment":[{"href":"https:\/\/www.danby.com\/fr\/wp-json\/wp\/v2\/media?parent=13656"}],"curies":[{"name":"wp","href":"https:\/\/api.w.org\/{rel}","templated":true}]}}