{"id":132,"date":"2021-10-20T10:50:13","date_gmt":"2021-10-20T10:50:13","guid":{"rendered":"https:\/\/www.danby.com\/fr\/californias-proposition-65-warning-law\/"},"modified":"2024-09-24T10:38:41","modified_gmt":"2024-09-24T10:38:41","slug":"proposition-65","status":"publish","type":"page","link":"https:\/\/www.danby.com\/fr\/proposition-65\/","title":{"rendered":"La loi californienne sur les avertissements de la Proposition 65"},"content":{"rendered":"\t\t<div data-elementor-type=\"wp-page\" data-elementor-id=\"132\" class=\"elementor elementor-132\" data-elementor-post-type=\"page\">\n\t\t\t\t\t\t<section class=\"elementor-section elementor-top-section elementor-element elementor-element-27836ddf elementor-section-height-min-height elementor-section-stretched elementor-section-boxed elementor-section-height-default elementor-section-items-middle\" data-id=\"27836ddf\" data-element_type=\"section\" data-settings=\"{&quot;stretch_section&quot;:&quot;section-stretched&quot;,&quot;background_background&quot;:&quot;classic&quot;}\">\n\t\t\t\t\t\t<div class=\"elementor-container elementor-column-gap-default\">\n\t\t\t\t\t<div class=\"elementor-column elementor-col-100 elementor-top-column elementor-element elementor-element-5a184206\" data-id=\"5a184206\" data-element_type=\"column\">\n\t\t\t<div class=\"elementor-widget-wrap elementor-element-populated\">\n\t\t\t\t\t\t<div class=\"elementor-element elementor-element-254592ab elementor-widget__width-auto elementor-widget elementor-widget-heading\" data-id=\"254592ab\" data-element_type=\"widget\" data-widget_type=\"heading.default\">\n\t\t\t\t<div class=\"elementor-widget-container\">\n\t\t\t\t\t<h1 class=\"elementor-heading-title elementor-size-default\">A loi sur l'avertissement de la proposition 65 de la californie<\/h1>\t\t\t\t<\/div>\n\t\t\t\t<\/div>\n\t\t\t\t\t<\/div>\n\t\t<\/div>\n\t\t\t\t\t<\/div>\n\t\t<\/section>\n\t\t\t\t<section class=\"elementor-section elementor-top-section elementor-element elementor-element-91575aa elementor-section-boxed elementor-section-height-default elementor-section-height-default\" data-id=\"91575aa\" data-element_type=\"section\">\n\t\t\t\t\t\t<div class=\"elementor-container elementor-column-gap-default\">\n\t\t\t\t\t<div class=\"elementor-column elementor-col-100 elementor-top-column elementor-element elementor-element-3a458835\" data-id=\"3a458835\" data-element_type=\"column\">\n\t\t\t<div class=\"elementor-widget-wrap elementor-element-populated\">\n\t\t\t\t\t\t<div class=\"elementor-element elementor-element-376203c8 elementor-widget elementor-widget-text-editor\" data-id=\"376203c8\" data-element_type=\"widget\" data-widget_type=\"text-editor.default\">\n\t\t\t\t<div class=\"elementor-widget-container\">\n\t\t\t\t\t\t\t\t\t<p>Vous avez peut-\u00eatre trouv\u00e9 l&#8217;avertissement suivant ou un avertissement similaire sur l&#8217;emballage de votre appareil Danby<\/p>\t\t\t\t\t\t\t\t<\/div>\n\t\t\t\t<\/div>\n\t\t\t\t<div class=\"elementor-element elementor-element-3c2bd2ee elementor-icon-list--layout-traditional elementor-list-item-link-full_width elementor-widget elementor-widget-icon-list\" data-id=\"3c2bd2ee\" data-element_type=\"widget\" data-widget_type=\"icon-list.default\">\n\t\t\t\t<div class=\"elementor-widget-container\">\n\t\t\t\t\t\t\t<ul class=\"elementor-icon-list-items\">\n\t\t\t\t\t\t\t<li class=\"elementor-icon-list-item\">\n\t\t\t\t\t\t\t\t\t\t\t<span class=\"elementor-icon-list-icon\">\n\t\t\t\t\t\t\t<i aria-hidden=\"true\" class=\"fas fa-exclamation-triangle\"><\/i>\t\t\t\t\t\t<\/span>\n\t\t\t\t\t\t\t\t\t\t<span class=\"elementor-icon-list-text\"><b>Attention : <\/b> Ce produit peut vous exposer au plomb, qui est connu dans l'\u00c9tat de Californie pour provoquer des cancers et des anomalies cong\u00e9nitales ou d'autres troubles de la reproduction.<\/span>\n\t\t\t\t\t\t\t\t\t<\/li>\n\t\t\t\t\t\t<\/ul>\n\t\t\t\t\t\t<\/div>\n\t\t\t\t<\/div>\n\t\t\t\t<div class=\"elementor-element elementor-element-6971a97a elementor-widget elementor-widget-text-editor\" data-id=\"6971a97a\" data-element_type=\"widget\" data-widget_type=\"text-editor.default\">\n\t\t\t\t<div class=\"elementor-widget-container\">\n\t\t\t\t\t\t\t\t\t<p>Pour plus d&#8217;informations, consultez le site : www.P65Warnings.ca.gov<\/p><p>Cet avertissement fait r\u00e9f\u00e9rence \u00e0 la Proposition 65. La loi californienne sur la s\u00e9curit\u00e9 de l&#8217;eau potable et l&#8217;application des lois sur les produits toxiques, plus connue sous le nom de Proposition 65, a \u00e9t\u00e9 adopt\u00e9e en 1986. La Proposition 65 exige que les consommateurs soient inform\u00e9s de l&#8217;exposition possible \u00e0 des produits chimiques connus pour provoquer des cancers, des anomalies cong\u00e9nitales ou des troubles de la reproduction. La liste des produits chimiques couverts par la Proposition 65 comprend actuellement plus de 900 substances diff\u00e9rentes et continue de s&#8217;allonger.<\/p><p>La loi Proposition 65 exige que les entreprises apposent une \u00e9tiquette d&#8217;avertissement sur leurs produits si ces derniers contiennent l&#8217;une des substances chimiques figurant sur la liste, m\u00eame \u00e0 l&#8217;\u00e9tat de traces. La Proposition 65 est consid\u00e9r\u00e9e comme une loi sur le &#8220;droit de savoir&#8221;, ce qui signifie que les consommateurs doivent \u00eatre inform\u00e9s de la pr\u00e9sence de toute substance chimique, m\u00eame si le risque est tr\u00e8s faible. La pr\u00e9sence de cet avertissement n&#8217;indique pas que le produit viole des normes ou des r\u00e8glements de s\u00e9curit\u00e9.<\/p><p>Vous pouvez voir cet avertissement sur les produits que vous avez achet\u00e9s, m\u00eame si vous ne vous trouvez pas dans l&#8217;\u00c9tat de Californie. La loi Proposition 65 s&#8217;applique \u00e0 toute entreprise qui exploite, fabrique ou vend des produits dans l&#8217;\u00c9tat de Californie. Les produits Danby sont vendus dans le monde entier et il serait difficile, voire impossible, de placer des avertissements uniquement sur les produits entrant dans l&#8217;\u00c9tat de Californie. Nous avons d\u00e9cid\u00e9 de placer cet avertissement sur tous nos produits afin de garantir la conformit\u00e9 \u00e0 la loi Proposition 65, quelle que soit la destination.<\/p><p>Pour plus d&#8217;informations sur la Proposition 65, veuillez consulter : www.P65Warnings.ca.gov<\/p>\t\t\t\t\t\t\t\t<\/div>\n\t\t\t\t<\/div>\n\t\t\t\t\t<\/div>\n\t\t<\/div>\n\t\t\t\t\t<\/div>\n\t\t<\/section>\n\t\t\t\t<\/div>\n\t\t","protected":false},"excerpt":{"rendered":"<p>A loi sur l&#8217;avertissement de la proposition 65 de la californie Vous avez peut-\u00eatre trouv\u00e9 l&#8217;avertissement suivant ou un avertissement similaire sur l&#8217;emballage de votre appareil Danby Attention : Ce produit peut vous exposer au plomb, qui est connu dans l&#8217;\u00c9tat de Californie pour provoquer des cancers et des anomalies cong\u00e9nitales ou d&#8217;autres troubles de [&hellip;]<\/p>\n","protected":false},"author":2,"featured_media":0,"parent":0,"menu_order":0,"comment_status":"closed","ping_status":"closed","template":"elementor_header_footer","meta":{"_acf_changed":false,"footnotes":""},"class_list":["post-132","page","type-page","status-publish","hentry"],"acf":[],"yoast_head":"<!-- This site is optimized with the Yoast SEO plugin v26.7 - https:\/\/yoast.com\/wordpress\/plugins\/seo\/ -->\n<title>La loi californienne sur les avertissements de la Proposition 65 | Danby Canada<\/title>\n<meta name=\"robots\" content=\"index, follow, max-snippet:-1, max-image-preview:large, max-video-preview:-1\" \/>\n<link rel=\"canonical\" href=\"https:\/\/www.danby.com\/fr\/proposition-65\/\" \/>\n<meta property=\"og:locale\" content=\"fr_CA\" \/>\n<meta property=\"og:type\" content=\"article\" \/>\n<meta property=\"og:title\" content=\"La loi californienne sur les avertissements de la Proposition 65 | Danby Canada\" \/>\n<meta property=\"og:description\" content=\"A loi sur l&#8217;avertissement de la proposition 65 de la californie Vous avez peut-\u00eatre trouv\u00e9 l&#8217;avertissement suivant ou un avertissement similaire sur l&#8217;emballage de votre appareil Danby Attention : Ce produit peut vous exposer au plomb, qui est connu dans l&#8217;\u00c9tat de Californie pour provoquer des cancers et des anomalies cong\u00e9nitales ou d&#8217;autres troubles de [&hellip;]\" \/>\n<meta property=\"og:url\" content=\"https:\/\/www.danby.com\/fr\/proposition-65\/\" \/>\n<meta property=\"og:site_name\" content=\"Danby - Canada - French\" \/>\n<meta property=\"article:publisher\" content=\"https:\/\/www.facebook.com\/DanbyAppliances\" \/>\n<meta property=\"article:modified_time\" content=\"2024-09-24T10:38:41+00:00\" \/>\n<meta property=\"og:image\" content=\"https:\/\/cdnweb.danby.com\/wp-content\/uploads\/sites\/2\/2022\/03\/14160239\/Danby75Ans_OG_FB.png\" \/>\n\t<meta property=\"og:image:width\" content=\"1200\" \/>\n\t<meta property=\"og:image:height\" content=\"630\" \/>\n\t<meta property=\"og:image:type\" content=\"image\/png\" \/>\n<meta name=\"twitter:card\" content=\"summary_large_image\" \/>\n<meta name=\"twitter:site\" content=\"@DanbyAppliance\" \/>\n<meta name=\"twitter:label1\" content=\"Estimation du temps de lecture\" \/>\n\t<meta name=\"twitter:data1\" content=\"2 minutes\" \/>\n<script type=\"application\/ld+json\" class=\"yoast-schema-graph\">{\"@context\":\"https:\/\/schema.org\",\"@graph\":[{\"@type\":\"WebPage\",\"url\":\"https:\/\/www.danby.com\/fr\/proposition-65\/\",\"name\":\"La loi californienne sur les avertissements de la Proposition 65 | Danby Canada\",\"isPartOf\":[],\"datePublished\":\"2021-10-20T10:50:13+00:00\",\"dateModified\":\"2024-09-24T10:38:41+00:00\",\"breadcrumb\":[],\"inLanguage\":\"fr-CA\",\"potentialAction\":[{\"@type\":\"ReadAction\",\"target\":[\"https:\/\/www.danby.com\/fr\/proposition-65\/\"]}]},{\"@type\":\"BreadcrumbList\",\"itemListElement\":[{\"@type\":\"ListItem\",\"position\":1,\"name\":\"Home\",\"item\":\"https:\/\/www.danby.com\/fr\/\"},{\"@type\":\"ListItem\",\"position\":2,\"name\":\"La loi californienne sur les avertissements de la Proposition 65\"}]},{\"@type\":\"WebSite\",\"url\":\"https:\/\/www.danby.com\/fr\/\",\"name\":\"Danby - Canada - French\",\"description\":\"Leader dans le domaine de la r\u00e9frig\u00e9ration et des appareils sp\u00e9cialis\u00e9s\",\"publisher\":[],\"potentialAction\":[{\"@type\":\"SearchAction\",\"target\":{\"@type\":\"EntryPoint\",\"urlTemplate\":\"https:\/\/www.danby.com\/fr\/?s={search_term_string}\"},\"query-input\":{\"@type\":\"PropertyValueSpecification\",\"valueRequired\":true,\"valueName\":\"search_term_string\"}}],\"inLanguage\":\"fr-CA\"},{\"@type\":\"Organization\",\"name\":\"Danby Appliances\",\"url\":\"https:\/\/www.danby.com\/fr\/\",\"logo\":{\"@type\":\"ImageObject\",\"inLanguage\":\"fr-CA\",\"url\":\"https:\/\/cdnweb.danby.com\/wp-content\/uploads\/sites\/2\/2022\/02\/10141906\/Danby75Ans_Blue.png\",\"contentUrl\":\"https:\/\/cdnweb.danby.com\/wp-content\/uploads\/sites\/2\/2022\/02\/10141906\/Danby75Ans_Blue.png\",\"width\":470,\"height\":110,\"caption\":\"Danby Appliances\"},\"image\":[],\"sameAs\":[\"https:\/\/www.facebook.com\/DanbyAppliances\",\"https:\/\/x.com\/DanbyAppliance\",\"https:\/\/instagram.com\/danbyappliances\/\",\"https:\/\/www.linkedin.com\/company\/danbyappliances\",\"https:\/\/www.pinterest.ca\/danbyappliances\/\",\"https:\/\/www.youtube.com\/user\/DanbyProducts\",\"https:\/\/en.wikipedia.org\/wiki\/Danby_(appliances)\"]}]}<\/script>\n<!-- \/ Yoast SEO plugin. -->","yoast_head_json":{"title":"La loi californienne sur les avertissements de la Proposition 65 | Danby Canada","robots":{"index":"index","follow":"follow","max-snippet":"max-snippet:-1","max-image-preview":"max-image-preview:large","max-video-preview":"max-video-preview:-1"},"canonical":"https:\/\/www.danby.com\/fr\/proposition-65\/","og_locale":"fr_CA","og_type":"article","og_title":"La loi californienne sur les avertissements de la Proposition 65 | Danby Canada","og_description":"A loi sur l&#8217;avertissement de la proposition 65 de la californie Vous avez peut-\u00eatre trouv\u00e9 l&#8217;avertissement suivant ou un avertissement similaire sur l&#8217;emballage de votre appareil Danby Attention : Ce produit peut vous exposer au plomb, qui est connu dans l&#8217;\u00c9tat de Californie pour provoquer des cancers et des anomalies cong\u00e9nitales ou d&#8217;autres troubles de [&hellip;]","og_url":"https:\/\/www.danby.com\/fr\/proposition-65\/","og_site_name":"Danby - Canada - French","article_publisher":"https:\/\/www.facebook.com\/DanbyAppliances","article_modified_time":"2024-09-24T10:38:41+00:00","og_image":[{"width":1200,"height":630,"url":"https:\/\/cdnweb.danby.com\/wp-content\/uploads\/sites\/2\/2022\/03\/14160239\/Danby75Ans_OG_FB.png","type":"image\/png"}],"twitter_card":"summary_large_image","twitter_site":"@DanbyAppliance","twitter_misc":{"Estimation du temps de lecture":"2 minutes"},"schema":{"@context":"https:\/\/schema.org","@graph":[{"@type":"WebPage","url":"https:\/\/www.danby.com\/fr\/proposition-65\/","name":"La loi californienne sur les avertissements de la Proposition 65 | Danby Canada","isPartOf":[],"datePublished":"2021-10-20T10:50:13+00:00","dateModified":"2024-09-24T10:38:41+00:00","breadcrumb":[],"inLanguage":"fr-CA","potentialAction":[{"@type":"ReadAction","target":["https:\/\/www.danby.com\/fr\/proposition-65\/"]}]},{"@type":"BreadcrumbList","itemListElement":[{"@type":"ListItem","position":1,"name":"Home","item":"https:\/\/www.danby.com\/fr\/"},{"@type":"ListItem","position":2,"name":"La loi californienne sur les avertissements de la Proposition 65"}]},{"@type":"WebSite","url":"https:\/\/www.danby.com\/fr\/","name":"Danby - Canada - French","description":"Leader dans le domaine de la r\u00e9frig\u00e9ration et des appareils sp\u00e9cialis\u00e9s","publisher":[],"potentialAction":[{"@type":"SearchAction","target":{"@type":"EntryPoint","urlTemplate":"https:\/\/www.danby.com\/fr\/?s={search_term_string}"},"query-input":{"@type":"PropertyValueSpecification","valueRequired":true,"valueName":"search_term_string"}}],"inLanguage":"fr-CA"},{"@type":"Organization","name":"Danby Appliances","url":"https:\/\/www.danby.com\/fr\/","logo":{"@type":"ImageObject","inLanguage":"fr-CA","url":"https:\/\/cdnweb.danby.com\/wp-content\/uploads\/sites\/2\/2022\/02\/10141906\/Danby75Ans_Blue.png","contentUrl":"https:\/\/cdnweb.danby.com\/wp-content\/uploads\/sites\/2\/2022\/02\/10141906\/Danby75Ans_Blue.png","width":470,"height":110,"caption":"Danby Appliances"},"image":[],"sameAs":["https:\/\/www.facebook.com\/DanbyAppliances","https:\/\/x.com\/DanbyAppliance","https:\/\/instagram.com\/danbyappliances\/","https:\/\/www.linkedin.com\/company\/danbyappliances","https:\/\/www.pinterest.ca\/danbyappliances\/","https:\/\/www.youtube.com\/user\/DanbyProducts","https:\/\/en.wikipedia.org\/wiki\/Danby_(appliances)"]}]}},"post_mailing_queue_ids":[],"_links":{"self":[{"href":"https:\/\/www.danby.com\/fr\/wp-json\/wp\/v2\/pages\/132","targetHints":{"allow":["GET"]}}],"collection":[{"href":"https:\/\/www.danby.com\/fr\/wp-json\/wp\/v2\/pages"}],"about":[{"href":"https:\/\/www.danby.com\/fr\/wp-json\/wp\/v2\/types\/page"}],"author":[{"embeddable":true,"href":"https:\/\/www.danby.com\/fr\/wp-json\/wp\/v2\/users\/2"}],"replies":[{"embeddable":true,"href":"https:\/\/www.danby.com\/fr\/wp-json\/wp\/v2\/comments?post=132"}],"version-history":[{"count":0,"href":"https:\/\/www.danby.com\/fr\/wp-json\/wp\/v2\/pages\/132\/revisions"}],"wp:attachment":[{"href":"https:\/\/www.danby.com\/fr\/wp-json\/wp\/v2\/media?parent=132"}],"curies":[{"name":"wp","href":"https:\/\/api.w.org\/{rel}","templated":true}]}}